{"id":11215,"date":"2023-07-31T13:58:28","date_gmt":"2023-07-31T13:58:28","guid":{"rendered":"https:\/\/www.ping.fm\/data-recovery-software\/"},"modified":"2023-12-26T14:42:48","modified_gmt":"2023-12-26T14:42:48","slug":"sv","status":"publish","type":"page","link":"https:\/\/datarecovery.ping.fm\/sv\/","title":{"rendered":"\/sv"},"content":{"rendered":"<section class=\"banner\">\n<div class=\"banner--img\">\n<div class=\"banner--inner\">\n<h1>V\u00e4lkommen till Data\u00e5terst\u00e4llning p\u00e5 <a href=\"https:\/\/www.ping.fm\/\" rel=\"dofollow\">Ping.fm<\/a><\/h1>\n<p>H\u00e4r testar vi den b\u00e4sta programvaran f\u00f6r data\u00e5terst\u00e4llning och ger dig optimala scenarion f\u00f6r \u00e5terst\u00e4llning av raderade filer och r\u00e4ddning av f\u00f6rlorad data. Vi granskar olika metoder och tj\u00e4nster f\u00f6r data\u00e5terst\u00e4llning, samt tillhandah\u00e5ller de b\u00e4sta YouTube-videorna f\u00f6r sj\u00e4lvl\u00e4rande.<\/p>\n<p>Dessutom t\u00e4cker vi mer utmanande fall av data\u00e5terst\u00e4llning, s\u00e5som \u00e5terst\u00e4llning av data p\u00e5 Android-enheter och \u00e5terh\u00e4mtning av raderade bilder p\u00e5 iPhones.<\/p>\n<\/div>\n<\/div>\n<\/section>\n","protected":false},"excerpt":{"rendered":"<p>V\u00e4lkommen till Data\u00e5terst\u00e4llning p\u00e5 Ping.fm H\u00e4r testar vi den b\u00e4sta programvaran f\u00f6r data\u00e5terst\u00e4llning och ger dig optimala scenarion f\u00f6r \u00e5terst\u00e4llning av raderade filer och r\u00e4ddning av f\u00f6rlorad data. Vi granskar olika metoder och tj\u00e4nster f\u00f6r data\u00e5terst\u00e4llning, samt tillhandah\u00e5ller de b\u00e4sta YouTube-videorna f\u00f6r sj\u00e4lvl\u00e4rande. Dessutom t\u00e4cker vi mer utmanande fall av data\u00e5terst\u00e4llning, s\u00e5som \u00e5terst\u00e4llning av data [&hellip;]<\/p>\n","protected":false},"author":2,"featured_media":3191,"parent":0,"menu_order":0,"comment_status":"closed","ping_status":"closed","template":"homepage.php","meta":{"_stopmodifiedupdate":false,"_modified_date":"","_lmt_disableupdate":"yes","_lmt_disable":""},"acf":[],"yoast_head":"<!-- This site is optimized with the Yoast SEO plugin v20.9 - https:\/\/yoast.com\/wordpress\/plugins\/seo\/ -->\n<title>B\u00e4sta programvara f\u00f6r data\u00e5terst\u00e4llning, tips, guider. maj 2026<\/title>\n<meta name=\"description\" content=\"Uppt\u00e4ck den ultimata destinationen f\u00f6r alla dina behov av data\u00e5terst\u00e4llning p\u00e5 Data Recovery Hub! V\u00e5r webbplats granskar noggrant de senaste apparna utformade f\u00f6r att \u00e5terst\u00e4lla f\u00f6rlorad och raderad data. \ud83d\udcf1\ud83d\udcbb Oavsett om det handlar om raderade filer fr\u00e5n olika enheter eller komplexa scenarier f\u00f6r datar\u00e4ddning, s\u00e5 har vi l\u00f6sningen f\u00f6r dig.\" \/>\n<meta name=\"robots\" content=\"index, follow, max-snippet:-1, max-image-preview:large, max-video-preview:-1\" \/>\n<link rel=\"canonical\" href=\"https:\/\/datarecovery.ping.fm\/sv\/\" \/>\n<meta property=\"og:locale\" content=\"sv_SE\" \/>\n<meta property=\"og:type\" content=\"article\" \/>\n<meta property=\"og:title\" content=\"B\u00e4sta programvara f\u00f6r data\u00e5terst\u00e4llning, tips, guider. maj 2026\" \/>\n<meta property=\"og:description\" content=\"Uppt\u00e4ck den ultimata destinationen f\u00f6r alla dina behov av data\u00e5terst\u00e4llning p\u00e5 Data Recovery Hub! V\u00e5r webbplats granskar noggrant de senaste apparna utformade f\u00f6r att \u00e5terst\u00e4lla f\u00f6rlorad och raderad data. \ud83d\udcf1\ud83d\udcbb Oavsett om det handlar om raderade filer fr\u00e5n olika enheter eller komplexa scenarier f\u00f6r datar\u00e4ddning, s\u00e5 har vi l\u00f6sningen f\u00f6r dig.\" \/>\n<meta property=\"og:url\" content=\"https:\/\/datarecovery.ping.fm\/sv\/\" \/>\n<meta property=\"og:site_name\" content=\"\u00c5terst\u00e4llningsprogram f\u00f6r Data\" \/>\n<meta property=\"article:modified_time\" content=\"2023-12-26T14:42:48+00:00\" \/>\n<meta property=\"og:image\" content=\"https:\/\/datarecovery.ping.fm\/wp-content\/uploads\/2023\/11\/data-recovery-image.png\" \/>\n\t<meta property=\"og:image:width\" content=\"1024\" \/>\n\t<meta property=\"og:image:height\" content=\"1024\" \/>\n\t<meta property=\"og:image:type\" content=\"image\/png\" \/>\n<meta name=\"twitter:card\" content=\"summary_large_image\" \/>\n<meta name=\"twitter:label1\" content=\"Est. reading time\" \/>\n\t<meta name=\"twitter:data1\" content=\"1 minut\" \/>\n<script type=\"application\/ld+json\" class=\"yoast-schema-graph\">{\"@context\":\"https:\/\/schema.org\",\"@graph\":[{\"@type\":\"WebPage\",\"@id\":\"https:\/\/datarecovery.ping.fm\/sv\/\",\"url\":\"https:\/\/datarecovery.ping.fm\/sv\/\",\"name\":\"B\u00e4sta programvara f\u00f6r data\u00e5terst\u00e4llning, tips, guider. maj 2026\",\"isPartOf\":{\"@id\":\"https:\/\/datarecovery.ping.fm\/sv\/#website\"},\"datePublished\":\"2023-07-31T13:58:28+00:00\",\"dateModified\":\"2023-12-26T14:42:48+00:00\",\"description\":\"Uppt\u00e4ck den ultimata destinationen f\u00f6r alla dina behov av data\u00e5terst\u00e4llning p\u00e5 Data Recovery Hub! V\u00e5r webbplats granskar noggrant de senaste apparna utformade f\u00f6r att \u00e5terst\u00e4lla f\u00f6rlorad och raderad data. \ud83d\udcf1\ud83d\udcbb Oavsett om det handlar om raderade filer fr\u00e5n olika enheter eller komplexa scenarier f\u00f6r datar\u00e4ddning, s\u00e5 har vi l\u00f6sningen f\u00f6r dig.\",\"breadcrumb\":{\"@id\":\"https:\/\/datarecovery.ping.fm\/sv\/#breadcrumb\"},\"inLanguage\":\"sv-SE\",\"potentialAction\":[{\"@type\":\"ReadAction\",\"target\":[\"https:\/\/datarecovery.ping.fm\/sv\/\"]}]},{\"@type\":\"BreadcrumbList\",\"@id\":\"https:\/\/datarecovery.ping.fm\/sv\/#breadcrumb\",\"itemListElement\":[{\"@type\":\"ListItem\",\"position\":1,\"name\":\"Home\",\"item\":\"https:\/\/datarecovery.ping.fm\/sv\/\"},{\"@type\":\"ListItem\",\"position\":2,\"name\":\"\/sv\"}]},{\"@type\":\"WebSite\",\"@id\":\"https:\/\/datarecovery.ping.fm\/sv\/#website\",\"url\":\"https:\/\/datarecovery.ping.fm\/sv\/\",\"name\":\"\u00c5terst\u00e4llningsprogram f\u00f6r Data\",\"description\":\"\",\"potentialAction\":[{\"@type\":\"SearchAction\",\"target\":{\"@type\":\"EntryPoint\",\"urlTemplate\":\"https:\/\/datarecovery.ping.fm\/sv\/?s={search_term_string}\"},\"query-input\":\"required name=search_term_string\"}],\"inLanguage\":\"sv-SE\"}]}<\/script>\n<!-- \/ Yoast SEO plugin. -->","yoast_head_json":{"title":"B\u00e4sta programvara f\u00f6r data\u00e5terst\u00e4llning, tips, guider. maj 2026","description":"Uppt\u00e4ck den ultimata destinationen f\u00f6r alla dina behov av data\u00e5terst\u00e4llning p\u00e5 Data Recovery Hub! V\u00e5r webbplats granskar noggrant de senaste apparna utformade f\u00f6r att \u00e5terst\u00e4lla f\u00f6rlorad och raderad data. \ud83d\udcf1\ud83d\udcbb Oavsett om det handlar om raderade filer fr\u00e5n olika enheter eller komplexa scenarier f\u00f6r datar\u00e4ddning, s\u00e5 har vi l\u00f6sningen f\u00f6r dig.","robots":{"index":"index","follow":"follow","max-snippet":"max-snippet:-1","max-image-preview":"max-image-preview:large","max-video-preview":"max-video-preview:-1"},"canonical":"https:\/\/datarecovery.ping.fm\/sv\/","og_locale":"sv_SE","og_type":"article","og_title":"B\u00e4sta programvara f\u00f6r data\u00e5terst\u00e4llning, tips, guider. maj 2026","og_description":"Uppt\u00e4ck den ultimata destinationen f\u00f6r alla dina behov av data\u00e5terst\u00e4llning p\u00e5 Data Recovery Hub! V\u00e5r webbplats granskar noggrant de senaste apparna utformade f\u00f6r att \u00e5terst\u00e4lla f\u00f6rlorad och raderad data. \ud83d\udcf1\ud83d\udcbb Oavsett om det handlar om raderade filer fr\u00e5n olika enheter eller komplexa scenarier f\u00f6r datar\u00e4ddning, s\u00e5 har vi l\u00f6sningen f\u00f6r dig.","og_url":"https:\/\/datarecovery.ping.fm\/sv\/","og_site_name":"\u00c5terst\u00e4llningsprogram f\u00f6r Data","article_modified_time":"2023-12-26T14:42:48+00:00","og_image":[{"width":1024,"height":1024,"url":"https:\/\/datarecovery.ping.fm\/wp-content\/uploads\/2023\/11\/data-recovery-image.png","type":"image\/png"}],"twitter_card":"summary_large_image","twitter_misc":{"Est. reading time":"1 minut"},"schema":{"@context":"https:\/\/schema.org","@graph":[{"@type":"WebPage","@id":"https:\/\/datarecovery.ping.fm\/sv\/","url":"https:\/\/datarecovery.ping.fm\/sv\/","name":"B\u00e4sta programvara f\u00f6r data\u00e5terst\u00e4llning, tips, guider. maj 2026","isPartOf":{"@id":"https:\/\/datarecovery.ping.fm\/sv\/#website"},"datePublished":"2023-07-31T13:58:28+00:00","dateModified":"2023-12-26T14:42:48+00:00","description":"Uppt\u00e4ck den ultimata destinationen f\u00f6r alla dina behov av data\u00e5terst\u00e4llning p\u00e5 Data Recovery Hub! V\u00e5r webbplats granskar noggrant de senaste apparna utformade f\u00f6r att \u00e5terst\u00e4lla f\u00f6rlorad och raderad data. \ud83d\udcf1\ud83d\udcbb Oavsett om det handlar om raderade filer fr\u00e5n olika enheter eller komplexa scenarier f\u00f6r datar\u00e4ddning, s\u00e5 har vi l\u00f6sningen f\u00f6r dig.","breadcrumb":{"@id":"https:\/\/datarecovery.ping.fm\/sv\/#breadcrumb"},"inLanguage":"sv-SE","potentialAction":[{"@type":"ReadAction","target":["https:\/\/datarecovery.ping.fm\/sv\/"]}]},{"@type":"BreadcrumbList","@id":"https:\/\/datarecovery.ping.fm\/sv\/#breadcrumb","itemListElement":[{"@type":"ListItem","position":1,"name":"Home","item":"https:\/\/datarecovery.ping.fm\/sv\/"},{"@type":"ListItem","position":2,"name":"\/sv"}]},{"@type":"WebSite","@id":"https:\/\/datarecovery.ping.fm\/sv\/#website","url":"https:\/\/datarecovery.ping.fm\/sv\/","name":"\u00c5terst\u00e4llningsprogram f\u00f6r Data","description":"","potentialAction":[{"@type":"SearchAction","target":{"@type":"EntryPoint","urlTemplate":"https:\/\/datarecovery.ping.fm\/sv\/?s={search_term_string}"},"query-input":"required name=search_term_string"}],"inLanguage":"sv-SE"}]}},"_links":{"self":[{"href":"https:\/\/datarecovery.ping.fm\/sv\/wp-json\/wp\/v2\/pages\/11215"}],"collection":[{"href":"https:\/\/datarecovery.ping.fm\/sv\/wp-json\/wp\/v2\/pages"}],"about":[{"href":"https:\/\/datarecovery.ping.fm\/sv\/wp-json\/wp\/v2\/types\/page"}],"author":[{"embeddable":true,"href":"https:\/\/datarecovery.ping.fm\/sv\/wp-json\/wp\/v2\/users\/2"}],"replies":[{"embeddable":true,"href":"https:\/\/datarecovery.ping.fm\/sv\/wp-json\/wp\/v2\/comments?post=11215"}],"version-history":[{"count":2,"href":"https:\/\/datarecovery.ping.fm\/sv\/wp-json\/wp\/v2\/pages\/11215\/revisions"}],"predecessor-version":[{"id":11946,"href":"https:\/\/datarecovery.ping.fm\/sv\/wp-json\/wp\/v2\/pages\/11215\/revisions\/11946"}],"wp:featuredmedia":[{"embeddable":true,"href":"https:\/\/datarecovery.ping.fm\/sv\/wp-json\/wp\/v2\/media\/3191"}],"wp:attachment":[{"href":"https:\/\/datarecovery.ping.fm\/sv\/wp-json\/wp\/v2\/media?parent=11215"}],"curies":[{"name":"wp","href":"https:\/\/api.w.org\/{rel}","templated":true}]}}