{"id":43981,"date":"2024-02-22T06:28:29","date_gmt":"2024-02-22T06:28:29","guid":{"rendered":"https:\/\/www.ping.fm\/data-recovery-software\/hard-drive-repair-software\/"},"modified":"2024-04-23T07:58:31","modified_gmt":"2024-04-23T07:58:31","slug":"hard-drive-repair-software","status":"publish","type":"page","link":"https:\/\/datarecovery.ping.fm\/pt\/hard-drive-repair-software\/","title":{"rendered":"Melhor software para repara\u00e7\u00e3o de discos r\u00edgidos a ser usado em 2024"},"content":{"rendered":"<section>\n<h1>Melhores Softwares de Repara\u00e7\u00e3o de Disco R\u00edgido para Usar em 2024<\/h1>\n<div class=\"inbrief\">\n<div>                     <img src=\"https:\/\/www.ping.fm\/data-recovery-software\/wp-content\/uploads\/ai\/Best-Hard-Drive-Repair-Software-to-Use-in-2024-Portuguese.jpg\" alt=\"Melhores Softwares de Repara\u00e7\u00e3o de Disco R\u00edgido para Usar em 2024\" title=\"Melhores Softwares de Repara\u00e7\u00e3o de Disco R\u00edgido para Usar em 2024\" width=\"1280\" height=\"720\">                     <\/p>\n<p>N\u00e3o h\u00e1 nada t\u00e3o desanimador para os usu\u00e1rios de computador quanto a perspectiva de falha do disco r\u00edgido. Seja o temido &#8216;clique da morte&#8217; ou uma mensagem de erro cr\u00edptica, um disco r\u00edgido com falhas pode parecer um problema intranspon\u00edvel. No entanto, existe uma infinidade de ferramentas de repara\u00e7\u00e3o de discos r\u00edgidos que est\u00e3o dispon\u00edveis e que podem ajudar a recuperar seus dados e potencialmente prolongar a vida \u00fatil de seu disco. Neste artigo, vamos gui\u00e1-lo atrav\u00e9s de algumas das principais ferramentas de repara\u00e7\u00e3o de disco r\u00edgido do mercado. Vamos mergulhar neste kit de ferramentas essencial para qualquer salva-vidas digital.<\/p>\n<\/div>\n<\/div>\n<\/section>\n<section>\n<div class=\"medal\">\n<div>&#129351;<\/div>\n<\/div>\n<h2><a href='https:\/\/www.cleverfiles.com\/' rel=\"nofollow noopener\" target='_blank'>Disk Drill<\/a><\/h2>\n<p><img src=\"https:\/\/www.ping.fm\/data-recovery-software\/wp-content\/uploads\/ai\/https---www-cleverfiles-com-Portuguese.jpg\" alt=\"Captura de tela https:\/\/www.cleverfiles.com\/\" width=\"1280\" height=\"720\"><\/p>\n<p>Tendo pessoalmente navegado pelos mares turbulentos da perda de dados, encontrei um salva-vidas no <b>Disk Drill<\/b>, uma utilidade abrangente projetada para <b>recupera\u00e7\u00e3o de dados<\/b> e an\u00e1lise de disco r\u00edgido. Sua interface amig\u00e1vel simplifica o processo de recupera\u00e7\u00e3o, tornando-o acess\u00edvel tanto para novatos quanto para especialistas. O conjunto de recursos do Disk Drill vai al\u00e9m da recupera\u00e7\u00e3o, com utilit\u00e1rios de <b>prote\u00e7\u00e3o de dados<\/b> como Recovery Vault e backup de Drive.<\/p>\n<p><a href='https:\/\/www.cleverfiles.com\/' rel=\"nofollow noopener\" target='_blank' class='ofWSite'>Site Oficial<\/a><\/p>\n<h3 class='prosTitle'>Pr\u00f3s<\/h3>\n<ul class='listpc pros'>\n<li>Interface de usu\u00e1rio intuitiva<\/li>\n<li>Algoritmos de varredura poderosos<\/li>\n<\/ul>\n<h3 class='consTitle'>Contras<\/h3>\n<ul class='listpc cons'>\n<li>Vers\u00e3o gratuita tem limites de recupera\u00e7\u00e3o de dados<\/li>\n<li>Recursos avan\u00e7ados exigem vers\u00e3o premium<\/li>\n<\/ul>\n<\/section>\n<section>\n<div class=\"medal\">\n<div>&#129352;<\/div>\n<\/div>\n<h2><a href='https:\/\/www.cgsecurity.org\/wiki\/TestDisk' rel=\"nofollow noopener\" target='_blank'>TestDisk<\/a><\/h2>\n<p><img src=\"https:\/\/www.ping.fm\/data-recovery-software\/wp-content\/uploads\/ai\/https---www-cgsecurity-org-wiki-TestDiskPortuguese.jpg\" alt=\"Captura de tela https:\/\/www.cgsecurity.org\/wiki\/TestDisk\" width=\"1280\" height=\"720\"><\/p>\n<p><b>TestDisk<\/b> \u00e9 um gigante quando se trata de recuperar parti\u00e7\u00f5es perdidas e consertar drives inicializ\u00e1veis que se recusam a arrancar. \u00c9 uma ferramenta de c\u00f3digo aberto que entusiastas de tecnologia respeitam por sua profunda funcionalidade. Mesmo operando atrav\u00e9s de uma interface de linha de comando, que pode ser intimidante para alguns, sua efic\u00e1cia na recupera\u00e7\u00e3o de tabelas de parti\u00e7\u00e3o e na corre\u00e7\u00e3o de sistemas de arquivos \u00e9 ineg\u00e1vel.<\/p>\n<p><a href='https:\/\/www.cgsecurity.org\/wiki\/TestDisk' rel=\"nofollow noopener\" target='_blank' class='ofWSite'>Site Oficial<\/a><\/p>\n<h3 class='prosTitle'>Pr\u00f3s<\/h3>\n<ul class='listpc pros'>\n<li>Pode recuperar parti\u00e7\u00f5es perdidas<\/li>\n<li>C\u00f3digo aberto com atualiza\u00e7\u00f5es frequentes<\/li>\n<\/ul>\n<h3 class='consTitle'>Contras<\/h3>\n<ul class='listpc cons'>\n<li>Interface de linha de comando pode ser desafiadora para alguns usu\u00e1rios<\/li>\n<li>Sem interface gr\u00e1fica de usu\u00e1rio<\/li>\n<\/ul>\n<\/section>\n<section>\n<div class=\"medal\">\n<div>&#129353;<\/div>\n<\/div>\n<h2>GParted<\/h2>\n<p>O aplicativo <b>GParted<\/b> \u00e9 um editor de parti\u00e7\u00f5es gr\u00e1tis e de c\u00f3digo aberto que se destaca ao redimensionar, copiar e mover parti\u00e7\u00f5es sem perda de dados. Ele suporta v\u00e1rios sistemas de arquivos e \u00e9 frequentemente usado para gerenciar o espa\u00e7o em disco em um disco r\u00edgido. Com uma interface gr\u00e1fica direta, o GParted pode ser executado a partir de um USB ao vivo, tornando-se uma ferramenta port\u00e1til e flex\u00edvel para gerenciamento de disco.<\/p>\n<h3 class='prosTitle'>Pr\u00f3s<\/h3>\n<ul class='listpc pros'>\n<li>Suporta uma ampla gama de sistemas de arquivos<\/li>\n<li>Interface gr\u00e1fica de usu\u00e1rio<\/li>\n<\/ul>\n<h3 class='consTitle'>Contras<\/h3>\n<ul class='listpc cons'>\n<li>Pode n\u00e3o lidar com cen\u00e1rios complexos de recupera\u00e7\u00e3o<\/li>\n<li>Op\u00e7\u00f5es avassaladoras para iniciantes<\/li>\n<\/ul>\n<\/section>\n<section>\n<div class=\"no-medal\">\n<div>4<\/div>\n<\/div>\n<h2><a href='https:\/\/hddscan.com\/' rel=\"nofollow noopener\" target='_blank'>HDDScan<\/a><\/h2>\n<p><img src=\"https:\/\/www.ping.fm\/data-recovery-software\/wp-content\/uploads\/ai\/https---hddscan-com-Portuguese.jpg\" alt=\"screenshot do https:\/\/hddscan.com\/\" width=\"1280\" height=\"720\"><\/p>\n<p><b>HDDScan<\/b> \u00e9 um software gratuito para diagn\u00f3stico de disco r\u00edgido. Ele oferece uma variedade de testes que podem ser usados para verificar setores danificados, monitorar atributos SMART e realizar benchmarks de baixo n\u00edvel. O que eu achei particularmente \u00fatil \u00e9 sua capacidade de executar esses diagn\u00f3sticos sem a necessidade de remover dados do disco \u2014 cr\u00edtico quando voc\u00ea est\u00e1 tentando evitar perda de dados adicional.<\/p>\n<p><a href='https:\/\/hddscan.com\/' rel=\"nofollow noopener\" target='_blank' class='ofWSite'>Site Oficial<\/a><\/p>\n<h3 class='prosTitle'>Pr\u00f3s<\/h3>\n<ul class='listpc pros'>\n<li>N\u00e3o requer instala\u00e7\u00e3o (port\u00e1til)<\/li>\n<li>Relat\u00f3rio detalhado sobre a sa\u00fade do disco<\/li>\n<\/ul>\n<h3 class='consTitle'>Contras<\/h3>\n<ul class='listpc cons'>\n<li>A interface de usu\u00e1rio pode ser complexa para iniciantes<\/li>\n<li>Capacidades limitadas de reparo<\/li>\n<\/ul>\n<\/section>\n<section>\n<div class=\"no-medal\">\n<div>5<\/div>\n<\/div>\n<h2><a href='https:\/\/www.crystalmark.info\/en\/software\/crystaldiskinfo\/' rel=\"nofollow noopener\" target='_blank'>CrystalDiskInfo<\/a><\/h2>\n<p><img src=\"https:\/\/www.ping.fm\/data-recovery-software\/wp-content\/uploads\/ai\/https---www-crystalmark-info-en-software-crystaldiskinfo-Portuguese.jpg\" alt=\"screenshot do https:\/\/www.crystalmark.info\/en\/software\/crystaldiskinfo\/\" width=\"1280\" height=\"720\"><\/p>\n<p>Ao monitorar a sa\u00fade do disco r\u00edgido, o <b>CrystalDiskInfo<\/b> \u00e9 constante na minha caixa de ferramentas. \u00c9 uma ferramenta utilit\u00e1ria gratuita que mant\u00e9m voc\u00ea informado sobre as informa\u00e7\u00f5es SMART do seu disco r\u00edgido, atuando assim como um sistema de alerta precoce para poss\u00edveis falhas no disco. Com monitoramento em tempo real e alertas, o CrystalDiskInfo permite que os usu\u00e1rios sejam proativos na prote\u00e7\u00e3o de dados.<\/p>\n<p><a href='https:\/\/www.crystalmark.info\/en\/software\/crystaldiskinfo\/' rel=\"nofollow noopener\" target='_blank' class='ofWSite'>Site Oficial<\/a><\/p>\n<h3 class='prosTitle'>Pr\u00f3s<\/h3>\n<ul class='listpc pros'>\n<li>Monitoramento SMART em tempo real<\/li>\n<li>Interface amig\u00e1vel<\/li>\n<\/ul>\n<h3 class='consTitle'>Contras<\/h3>\n<ul class='listpc cons'>\n<li>Limitado ao monitoramento (sem op\u00e7\u00f5es de reparo)<\/li>\n<li>An\u00fancios na vers\u00e3o gratuita<\/li>\n<\/ul>\n<\/section>\n<section>\n<h2>Conclus\u00e3o:<\/h2>\n<div class=\"nonp\">\n<p>Manter a sa\u00fade do seu disco r\u00edgido e garantir a seguran\u00e7a dos seus dados \u00e9 um processo cont\u00ednuo. Al\u00e9m de usar ferramentas de reparo, cultive o h\u00e1bito de uma <b>manuten\u00e7\u00e3o de rotina<\/b>, como verificar periodicamente se h\u00e1 erros no disco por meio de utilit\u00e1rios integrados como o <b>CHKDSK<\/b> no Windows ou o <b>Disk Utility<\/b> no macOS. Embora as medidas preventivas sejam fundamentais, \u00e0s vezes a recupera\u00e7\u00e3o \u00e9 inevit\u00e1vel. Nesses casos, \u00e9 vital entender as capacidades e limita\u00e7\u00f5es das ferramentas de reparo. Opera\u00e7\u00f5es de resgate envolvendo ferramentas de software devem ser tentadas antes de recorrer a servi\u00e7os profissionais, que podem ser caros e nem sempre necess\u00e1rios. Achei artigos de sites como <a href='https:\/\/www.techradar.com\/' rel=\"nofollow noopener\" target='_blank'>TechRadar<\/a> e <a href='https:\/\/www.pcworld.com\/' rel=\"nofollow noopener\" target='_blank'>PCWorld<\/a> \u00fateis para se manter atualizado com as ferramentas e t\u00e9cnicas mais recentes.<\/p>\n<\/div>\n<\/section>\n","protected":false},"excerpt":{"rendered":"<p>Melhores Softwares de Repara\u00e7\u00e3o de Disco R\u00edgido para Usar em 2024 N\u00e3o h\u00e1 nada t\u00e3o desanimador para os usu\u00e1rios de computador quanto a perspectiva de falha do disco r\u00edgido. Seja o temido &#8216;clique da morte&#8217; ou uma mensagem de erro cr\u00edptica, um disco r\u00edgido com falhas pode parecer um problema intranspon\u00edvel. No entanto, existe uma [&hellip;]<\/p>\n","protected":false},"author":0,"featured_media":44909,"parent":0,"menu_order":0,"comment_status":"closed","ping_status":"closed","template":"chromecast.php","meta":{"_stopmodifiedupdate":false,"_modified_date":"","_lmt_disableupdate":"","_lmt_disable":""},"acf":[],"yoast_head":"<!-- This site is optimized with the Yoast SEO plugin v20.9 - https:\/\/yoast.com\/wordpress\/plugins\/seo\/ -->\n<title>Melhor software de reparo de disco 2024 | Avaliado<\/title>\n<meta name=\"robots\" content=\"index, follow, max-snippet:-1, max-image-preview:large, max-video-preview:-1\" \/>\n<link rel=\"canonical\" href=\"https:\/\/datarecovery.ping.fm\/pt\/hard-drive-repair-software\/\" \/>\n<meta property=\"og:locale\" content=\"pt_PT\" \/>\n<meta property=\"og:type\" content=\"article\" \/>\n<meta property=\"og:title\" content=\"Melhor software de reparo de disco 2024 | Avaliado\" \/>\n<meta property=\"og:description\" content=\"Melhores Softwares de Repara\u00e7\u00e3o de Disco R\u00edgido para Usar em 2024 N\u00e3o h\u00e1 nada t\u00e3o desanimador para os usu\u00e1rios de computador quanto a perspectiva de falha do disco r\u00edgido. Seja o temido &#8216;clique da morte&#8217; ou uma mensagem de erro cr\u00edptica, um disco r\u00edgido com falhas pode parecer um problema intranspon\u00edvel. No entanto, existe uma [&hellip;]\" \/>\n<meta property=\"og:url\" content=\"https:\/\/datarecovery.ping.fm\/pt\/hard-drive-repair-software\/\" \/>\n<meta property=\"og:site_name\" content=\"Software de Recupera\u00e7\u00e3o de Dados\" \/>\n<meta property=\"article:modified_time\" content=\"2024-04-23T07:58:31+00:00\" \/>\n<meta property=\"og:image\" content=\"https:\/\/datarecovery.ping.fm\/wp-content\/uploads\/2024\/04\/Best-Hard-Drive-Repair-Software-to-Use-in-2024-Portuguese-1.jpg\" \/>\n\t<meta property=\"og:image:width\" content=\"1280\" \/>\n\t<meta property=\"og:image:height\" content=\"731\" \/>\n\t<meta property=\"og:image:type\" content=\"image\/jpeg\" \/>\n<meta name=\"twitter:card\" content=\"summary_large_image\" \/>\n<meta name=\"twitter:label1\" content=\"Est. reading time\" \/>\n\t<meta name=\"twitter:data1\" content=\"4 minutos\" \/>\n<script type=\"application\/ld+json\" class=\"yoast-schema-graph\">{\"@context\":\"https:\/\/schema.org\",\"@graph\":[{\"@type\":\"WebPage\",\"@id\":\"https:\/\/datarecovery.ping.fm\/pt\/hard-drive-repair-software\/\",\"url\":\"https:\/\/datarecovery.ping.fm\/pt\/hard-drive-repair-software\/\",\"name\":\"Melhor software de reparo de disco 2024 | Avaliado\",\"isPartOf\":{\"@id\":\"https:\/\/datarecovery.ping.fm\/pt\/#website\"},\"datePublished\":\"2024-02-22T06:28:29+00:00\",\"dateModified\":\"2024-04-23T07:58:31+00:00\",\"breadcrumb\":{\"@id\":\"https:\/\/datarecovery.ping.fm\/pt\/hard-drive-repair-software\/#breadcrumb\"},\"inLanguage\":\"pt-PT\",\"potentialAction\":[{\"@type\":\"ReadAction\",\"target\":[\"https:\/\/datarecovery.ping.fm\/pt\/hard-drive-repair-software\/\"]}]},{\"@type\":\"BreadcrumbList\",\"@id\":\"https:\/\/datarecovery.ping.fm\/pt\/hard-drive-repair-software\/#breadcrumb\",\"itemListElement\":[{\"@type\":\"ListItem\",\"position\":1,\"name\":\"Home\",\"item\":\"https:\/\/datarecovery.ping.fm\/pt\/\"},{\"@type\":\"ListItem\",\"position\":2,\"name\":\"Melhor software para repara\u00e7\u00e3o de discos r\u00edgidos a ser usado em 2024\"}]},{\"@type\":\"WebSite\",\"@id\":\"https:\/\/datarecovery.ping.fm\/pt\/#website\",\"url\":\"https:\/\/datarecovery.ping.fm\/pt\/\",\"name\":\"Software de Recupera\u00e7\u00e3o de Dados\",\"description\":\"\",\"potentialAction\":[{\"@type\":\"SearchAction\",\"target\":{\"@type\":\"EntryPoint\",\"urlTemplate\":\"https:\/\/datarecovery.ping.fm\/pt\/?s={search_term_string}\"},\"query-input\":\"required name=search_term_string\"}],\"inLanguage\":\"pt-PT\"}]}<\/script>\n<!-- \/ Yoast SEO plugin. -->","yoast_head_json":{"title":"Melhor software de reparo de disco 2024 | Avaliado","robots":{"index":"index","follow":"follow","max-snippet":"max-snippet:-1","max-image-preview":"max-image-preview:large","max-video-preview":"max-video-preview:-1"},"canonical":"https:\/\/datarecovery.ping.fm\/pt\/hard-drive-repair-software\/","og_locale":"pt_PT","og_type":"article","og_title":"Melhor software de reparo de disco 2024 | Avaliado","og_description":"Melhores Softwares de Repara\u00e7\u00e3o de Disco R\u00edgido para Usar em 2024 N\u00e3o h\u00e1 nada t\u00e3o desanimador para os usu\u00e1rios de computador quanto a perspectiva de falha do disco r\u00edgido. Seja o temido &#8216;clique da morte&#8217; ou uma mensagem de erro cr\u00edptica, um disco r\u00edgido com falhas pode parecer um problema intranspon\u00edvel. No entanto, existe uma [&hellip;]","og_url":"https:\/\/datarecovery.ping.fm\/pt\/hard-drive-repair-software\/","og_site_name":"Software de Recupera\u00e7\u00e3o de Dados","article_modified_time":"2024-04-23T07:58:31+00:00","og_image":[{"width":1280,"height":731,"url":"https:\/\/datarecovery.ping.fm\/wp-content\/uploads\/2024\/04\/Best-Hard-Drive-Repair-Software-to-Use-in-2024-Portuguese-1.jpg","type":"image\/jpeg"}],"twitter_card":"summary_large_image","twitter_misc":{"Est. reading time":"4 minutos"},"schema":{"@context":"https:\/\/schema.org","@graph":[{"@type":"WebPage","@id":"https:\/\/datarecovery.ping.fm\/pt\/hard-drive-repair-software\/","url":"https:\/\/datarecovery.ping.fm\/pt\/hard-drive-repair-software\/","name":"Melhor software de reparo de disco 2024 | Avaliado","isPartOf":{"@id":"https:\/\/datarecovery.ping.fm\/pt\/#website"},"datePublished":"2024-02-22T06:28:29+00:00","dateModified":"2024-04-23T07:58:31+00:00","breadcrumb":{"@id":"https:\/\/datarecovery.ping.fm\/pt\/hard-drive-repair-software\/#breadcrumb"},"inLanguage":"pt-PT","potentialAction":[{"@type":"ReadAction","target":["https:\/\/datarecovery.ping.fm\/pt\/hard-drive-repair-software\/"]}]},{"@type":"BreadcrumbList","@id":"https:\/\/datarecovery.ping.fm\/pt\/hard-drive-repair-software\/#breadcrumb","itemListElement":[{"@type":"ListItem","position":1,"name":"Home","item":"https:\/\/datarecovery.ping.fm\/pt\/"},{"@type":"ListItem","position":2,"name":"Melhor software para repara\u00e7\u00e3o de discos r\u00edgidos a ser usado em 2024"}]},{"@type":"WebSite","@id":"https:\/\/datarecovery.ping.fm\/pt\/#website","url":"https:\/\/datarecovery.ping.fm\/pt\/","name":"Software de Recupera\u00e7\u00e3o de Dados","description":"","potentialAction":[{"@type":"SearchAction","target":{"@type":"EntryPoint","urlTemplate":"https:\/\/datarecovery.ping.fm\/pt\/?s={search_term_string}"},"query-input":"required name=search_term_string"}],"inLanguage":"pt-PT"}]}},"_links":{"self":[{"href":"https:\/\/datarecovery.ping.fm\/pt\/wp-json\/wp\/v2\/pages\/43981"}],"collection":[{"href":"https:\/\/datarecovery.ping.fm\/pt\/wp-json\/wp\/v2\/pages"}],"about":[{"href":"https:\/\/datarecovery.ping.fm\/pt\/wp-json\/wp\/v2\/types\/page"}],"replies":[{"embeddable":true,"href":"https:\/\/datarecovery.ping.fm\/pt\/wp-json\/wp\/v2\/comments?post=43981"}],"version-history":[{"count":0,"href":"https:\/\/datarecovery.ping.fm\/pt\/wp-json\/wp\/v2\/pages\/43981\/revisions"}],"wp:featuredmedia":[{"embeddable":true,"href":"https:\/\/datarecovery.ping.fm\/pt\/wp-json\/wp\/v2\/media\/44909"}],"wp:attachment":[{"href":"https:\/\/datarecovery.ping.fm\/pt\/wp-json\/wp\/v2\/media?parent=43981"}],"curies":[{"name":"wp","href":"https:\/\/api.w.org\/{rel}","templated":true}]}}