{"id":41940,"date":"2024-02-21T05:25:08","date_gmt":"2024-02-21T05:25:08","guid":{"rendered":"https:\/\/www.ping.fm\/data-recovery-software\/partition-recovery-software\/"},"modified":"2024-04-16T12:00:20","modified_gmt":"2024-04-16T12:00:20","slug":"partition-recovery-software","status":"publish","type":"page","link":"https:\/\/datarecovery.ping.fm\/pt\/partition-recovery-software\/","title":{"rendered":"Programa de recupera\u00e7\u00e3o de parti\u00e7\u00f5es mais bem avaliado para Windows em 2024"},"content":{"rendered":"<section>\n<h1>Melhor Software de Recupera\u00e7\u00e3o de Parti\u00e7\u00f5es em 2024 para Windows<\/h1>\n<div class=\"inbrief\">\n<div>             <img src=\"https:\/\/www.ping.fm\/data-recovery-software\/wp-content\/uploads\/ai\/Best-Partition-Recovery-Software-in-2024-for-Windows-Portuguese.jpg\" alt=\"Melhor Software de Recupera\u00e7\u00e3o de Parti\u00e7\u00f5es em 2024 para Windows\" title=\"Melhor Software de Recupera\u00e7\u00e3o de Parti\u00e7\u00f5es em 2024 para Windows\" width=\"1280\" height=\"720\">             <\/p>\n<p>Quando voc\u00ea exclui acidentalmente uma parti\u00e7\u00e3o ou sofre com uma falha no sistema, a sensa\u00e7\u00e3o \u00e9, sem d\u00favida, desoladora, especialmente se a parti\u00e7\u00e3o continha dados valiosos. Felizmente, o software de recupera\u00e7\u00e3o de parti\u00e7\u00f5es pode ser um salva-vidas em momentos t\u00e3o desesperadores. Baseado em minha experi\u00eancia pessoal, eis uma compila\u00e7\u00e3o do melhor software de recupera\u00e7\u00e3o de parti\u00e7\u00f5es para Windows que tive a sorte (ou azar) de usar. Cada ferramenta vem com seu pr\u00f3prio conjunto de caracter\u00edsticas e peculiaridades, ent\u00e3o vou te dar uma ideia do que esperar de cada uma. Aten\u00e7\u00e3o, \u00e9 imprescind\u00edvel parar de usar o disco afetado para evitar a sobreescrita de dados recuper\u00e1veis, e sempre optar pela ferramenta mais confi\u00e1vel em vez da mais barata.<\/p>\n<\/div>\n<\/div>\n<\/section>\n<section>\n<div class=\"medal\">\n<div>&#129351;<\/div>\n<\/div>\n<h2><a href='https:\/\/www.stellarinfo.com\/partition-recovery-software.php' rel=\"nofollow noopener\" target='_blank'>Stellar Data Recovery<\/a><\/h2>\n<p><img src=\"https:\/\/www.ping.fm\/data-recovery-software\/wp-content\/uploads\/ai\/https---www-stellarinfo-com-partition-recovery-software-phpPortuguese.jpg\"><\/p>\n<p>O Stellar Data Recovery \u00e9 uma ferramenta potente que oferece um equil\u00edbrio admir\u00e1vel entre uma interface intuitiva e capacidades poderosas de recupera\u00e7\u00e3o. Este software tem sido a minha escolha para pesadelos ocasionais de perda de dados, lidando com a recupera\u00e7\u00e3o de parti\u00e7\u00f5es com muita compet\u00eancia. \u00c9 bem adequado tanto para iniciantes quanto para usu\u00e1rios avan\u00e7ados, e pessoalmente o usei para recuperar parti\u00e7\u00f5es que pensei estarem al\u00e9m da salva\u00e7\u00e3o.<\/p>\n<p><a href='https:\/\/www.stellarinfo.com\/partition-recovery-software.php' rel=\"nofollow noopener\" target='_blank' class='ofWSite'>Site Oficial<\/a><\/p>\n<h3 class='prosTitle'>Pr\u00f3s<\/h3>\n<ul class='listpc pros'>\n<li>Interface altamente intuitiva<\/li>\n<li>Op\u00e7\u00f5es avan\u00e7adas de varredura<\/li>\n<\/ul>\n<h3 class='consTitle'>Contras<\/h3>\n<ul class='listpc cons'>\n<li>A velocidade de recupera\u00e7\u00e3o pode ser lenta com discos grandes<\/li>\n<li>Os custos da licen\u00e7a s\u00e3o relativamente altos<\/li>\n<\/ul>\n<\/section>\n<section>\n<div class=\"medal\">\n<div>&#129352;<\/div>\n<\/div>\n<h2><a href='https:\/\/www.easeus.com\/partition-recovery\/' rel=\"nofollow noopener\" target='_blank'>EaseUS Partition Recovery<\/a><\/h2>\n<p><img src=\"https:\/\/www.ping.fm\/data-recovery-software\/wp-content\/uploads\/ai\/https---www-easeus-com-partition-recovery-Portuguese.jpg\"><\/p>\n<p>Outra joia no reino da recupera\u00e7\u00e3o de parti\u00e7\u00f5es \u00e9 o EaseUS Partition Recovery. \u00c9 agrad\u00e1vel aos olhos e ao c\u00e9rebro, tornando o que poderia ser um processo altamente t\u00e9cnico em um passeio no parque. O assistente de recupera\u00e7\u00e3o \u00e9 particularmente \u00fatil, guiando-o por cada etapa. Apesar de sua simplicidade, j\u00e1 recuperou dados para mim em v\u00e1rias ocasi\u00f5es sem muito alarde.<\/p>\n<p><a href='https:\/\/www.easeus.com\/partition-recovery\/' rel=\"nofollow noopener\" target='_blank' class='ofWSite'>Site Oficial<\/a><\/p>\n<h3 class='prosTitle'>Pr\u00f3s<\/h3>\n<ul class='listpc pros'>\n<li>Interface de assistente f\u00e1cil de usar<\/li>\n<li>Bom suporte para v\u00e1rios sistemas de arquivos<\/li>\n<\/ul>\n<h3 class='consTitle'>Contras<\/h3>\n<ul class='listpc cons'>\n<li>A vers\u00e3o gratuita tem recursos limitados<\/li>\n<li>A recupera\u00e7\u00e3o completa pode ser demorada<\/li>\n<\/ul>\n<\/section>\n<section>\n<div class=\"medal\">\n<div>&#129353;<\/div>\n<\/div>\n<h2>AOMEI Partition Assistant<\/h2>\n<p>O AOMEI Partition Assistant n\u00e3o \u00e9 apenas sobre recupera\u00e7\u00e3o de parti\u00e7\u00f5es; \u00e9 um pacote completo de gest\u00e3o de parti\u00e7\u00f5es. O software inclui uma variedade de funcionalidades tanto para recupera\u00e7\u00e3o quanto para gest\u00e3o geral de parti\u00e7\u00f5es. Eu usei o AOMEI principalmente para redimensionamento e divis\u00e3o de parti\u00e7\u00f5es, mas ele possui uma fun\u00e7\u00e3o de recupera\u00e7\u00e3o bastante robusta que j\u00e1 me salvou em mais de uma ocasi\u00e3o.<\/p>\n<h3 class='prosTitle'>Pontos Positivos<\/h3>\n<ul class='listpc pros'>\n<li>Ferramentas extensivas de gest\u00e3o de parti\u00e7\u00f5es<\/li>\n<li>Recursos de recupera\u00e7\u00e3o bastante confi\u00e1veis<\/li>\n<\/ul>\n<h3 class='consTitle'>Pontos Negativos<\/h3>\n<ul class='listpc cons'>\n<li>A interface pode ser esmagadora para iniciantes<\/li>\n<li>Certos recursos avan\u00e7ados requerem a vers\u00e3o pro<\/li>\n<\/ul>\n<\/section>\n<section>\n<div class=\"no-medal\">\n<div>4<\/div>\n<\/div>\n<h2><a href='https:\/\/www.cleverfiles.com\/partition-recovery.html' rel=\"nofollow noopener\" target='_blank'>Disk Drill<\/a><\/h2>\n<p><img src=\"https:\/\/www.ping.fm\/data-recovery-software\/wp-content\/uploads\/ai\/https---www-cleverfiles-com-partition-recovery-htmlPortuguese.jpg\"><\/p>\n<p>O Disk Drill se revelou um her\u00f3i inesperado no cen\u00e1rio de recupera\u00e7\u00e3o de parti\u00e7\u00f5es. Com uma infinidade de ferramentas de recupera\u00e7\u00e3o, muitas vezes foi o meu \u00faltimo recurso quando outros falharam. Sua funcionalidade de varredura profunda se mostrou particularmente \u00fatil, permitindo-me recuperar arquivos que eram considerados perdidos h\u00e1 muito tempo. \u00c9 amig\u00e1vel para o usu\u00e1rio, mas n\u00e3o negligencia sua robusta capacidade de recupera\u00e7\u00e3o.<\/p>\n<p><a href='https:\/\/www.cleverfiles.com\/partition-recovery.html' rel=\"nofollow noopener\" target='_blank' class='ofWSite'>Site Oficial<\/a><\/p>\n<h3 class='prosTitle'>Pontos Positivos<\/h3>\n<ul class='listpc pros'>\n<li>Excelente capacidade de varredura profunda<\/li>\n<li>Design simples e centrado no usu\u00e1rio<\/li>\n<\/ul>\n<h3 class='consTitle'>Pontos Negativos<\/h3>\n<ul class='listpc cons'>\n<li>A recupera\u00e7\u00e3o pode ser lenta<\/li>\n<li>Funcionalidade completa requer atualiza\u00e7\u00e3o paga<\/li>\n<\/ul>\n<\/section>\n<section>\n<div class=\"no-medal\">\n<div>5<\/div>\n<\/div>\n<h2><a href='https:\/\/www.minitool.com\/data-recovery-software\/partition-recovery.html' rel=\"nofollow noopener\" target='_blank'>MiniTool Partition Recovery<\/a><\/h2>\n<p><img src=\"https:\/\/www.ping.fm\/data-recovery-software\/wp-content\/uploads\/ai\/https---www-minitool-com-data-recovery-software-partition-recovery-htmlPortuguese.jpg\"><\/p>\n<p>O MiniTool Partition Recovery \u00e9 uma aplica\u00e7\u00e3o focada que se concentra na recupera\u00e7\u00e3o de parti\u00e7\u00f5es sem os recursos adicionais dos programas completos de recupera\u00e7\u00e3o de dados. \u00c9 uma ferramenta especializada que usei quando sabia exatamente o que precisava recuperar. \u00c9 r\u00e1pida, eficiente e livre de qualquer coisa que possa distrair de seu \u00fanico prop\u00f3sito: recuperar suas parti\u00e7\u00f5es.<\/p>\n<p><a href='https:\/\/www.minitool.com\/data-recovery-software\/partition-recovery.html' rel=\"nofollow noopener\" target='_blank' class='ofWSite'>Site Oficial<\/a><\/p>\n<h3 class='prosTitle'>Pontos Positivos<\/h3>\n<ul class='listpc pros'>\n<li>Especializado em recupera\u00e7\u00e3o de parti\u00e7\u00f5es<\/li>\n<li>Opera\u00e7\u00e3o r\u00e1pida e eficiente<\/li>\n<\/ul>\n<h3 class='consTitle'>Pontos Negativos<\/h3>\n<ul class='listpc cons'>\n<li>Funcionalidade limitada al\u00e9m da recupera\u00e7\u00e3o de parti\u00e7\u00f5es<\/li>\n<li>A interface n\u00e3o \u00e9 a mais moderna<\/li>\n<\/ul>\n<\/section>\n<section>\n<h2>Conclus\u00e3o:<\/h2>\n<div class=\"nonp\">\n<p>A perda de dados pode ser uma experi\u00eancia traum\u00e1tica, mas existem medidas que voc\u00ea pode tomar para minimizar os riscos. Utilizar servi\u00e7os de armazenamento na nuvem como o OneDrive ou <a href='https:\/\/www.dropbox.com\/' rel=\"nofollow noopener\" target='_blank'>Dropbox<\/a> para seus arquivos importantes pode adicionar uma camada extra de seguran\u00e7a. Al\u00e9m disso, verifica\u00e7\u00f5es regulares do sistema usando ferramentas como <a href='https:\/\/www.ccleaner.com\/ccleaner' rel=\"nofollow noopener\" target='_blank'>CCleaner<\/a> para se livrar de arquivos desnecess\u00e1rios e <a href='https:\/\/www.malwarebytes.com\/' rel=\"nofollow noopener\" target='_blank'>Malwarebytes<\/a> para varreduras de malware podem ajudar bastante na preven\u00e7\u00e3o de falhas no sistema que levam \u00e0 perda de parti\u00e7\u00f5es. Por \u00faltimo, seja cauteloso ao particionar discos por conta pr\u00f3pria; usar guias de especialistas ou ajuda profissional \u00e9 aconselh\u00e1vel se voc\u00ea n\u00e3o estiver confiante em suas habilidades.<\/p>\n<\/div>\n<\/section>\n","protected":false},"excerpt":{"rendered":"<p>Melhor Software de Recupera\u00e7\u00e3o de Parti\u00e7\u00f5es em 2024 para Windows Quando voc\u00ea exclui acidentalmente uma parti\u00e7\u00e3o ou sofre com uma falha no sistema, a sensa\u00e7\u00e3o \u00e9, sem d\u00favida, desoladora, especialmente se a parti\u00e7\u00e3o continha dados valiosos. Felizmente, o software de recupera\u00e7\u00e3o de parti\u00e7\u00f5es pode ser um salva-vidas em momentos t\u00e3o desesperadores. Baseado em minha experi\u00eancia [&hellip;]<\/p>\n","protected":false},"author":0,"featured_media":41941,"parent":0,"menu_order":0,"comment_status":"closed","ping_status":"closed","template":"chromecast.php","meta":{"_stopmodifiedupdate":false,"_modified_date":"","_lmt_disableupdate":"","_lmt_disable":""},"acf":[],"yoast_head":"<!-- This site is optimized with the Yoast SEO plugin v20.9 - https:\/\/yoast.com\/wordpress\/plugins\/seo\/ -->\n<title>Programa de recupera\u00e7\u00e3o de parti\u00e7\u00f5es mais proeminente para Windows 2024<\/title>\n<meta name=\"robots\" content=\"index, follow, max-snippet:-1, max-image-preview:large, max-video-preview:-1\" \/>\n<link rel=\"canonical\" href=\"https:\/\/datarecovery.ping.fm\/pt\/partition-recovery-software\/\" \/>\n<meta property=\"og:locale\" content=\"pt_PT\" \/>\n<meta property=\"og:type\" content=\"article\" \/>\n<meta property=\"og:title\" content=\"Programa de recupera\u00e7\u00e3o de parti\u00e7\u00f5es mais proeminente para Windows 2024\" \/>\n<meta property=\"og:description\" content=\"Melhor Software de Recupera\u00e7\u00e3o de Parti\u00e7\u00f5es em 2024 para Windows Quando voc\u00ea exclui acidentalmente uma parti\u00e7\u00e3o ou sofre com uma falha no sistema, a sensa\u00e7\u00e3o \u00e9, sem d\u00favida, desoladora, especialmente se a parti\u00e7\u00e3o continha dados valiosos. Felizmente, o software de recupera\u00e7\u00e3o de parti\u00e7\u00f5es pode ser um salva-vidas em momentos t\u00e3o desesperadores. Baseado em minha experi\u00eancia [&hellip;]\" \/>\n<meta property=\"og:url\" content=\"https:\/\/datarecovery.ping.fm\/pt\/partition-recovery-software\/\" \/>\n<meta property=\"og:site_name\" content=\"Software de Recupera\u00e7\u00e3o de Dados\" \/>\n<meta property=\"article:modified_time\" content=\"2024-04-16T12:00:20+00:00\" \/>\n<meta property=\"og:image\" content=\"https:\/\/datarecovery.ping.fm\/wp-content\/uploads\/2024\/04\/Best-Partition-Recovery-Software-in-2024-for-Windows-Portuguese.jpg\" \/>\n\t<meta property=\"og:image:width\" content=\"1280\" \/>\n\t<meta property=\"og:image:height\" content=\"731\" \/>\n\t<meta property=\"og:image:type\" content=\"image\/jpeg\" \/>\n<meta name=\"twitter:card\" content=\"summary_large_image\" \/>\n<meta name=\"twitter:label1\" content=\"Est. reading time\" \/>\n\t<meta name=\"twitter:data1\" content=\"4 minutos\" \/>\n<script type=\"application\/ld+json\" class=\"yoast-schema-graph\">{\"@context\":\"https:\/\/schema.org\",\"@graph\":[{\"@type\":\"WebPage\",\"@id\":\"https:\/\/datarecovery.ping.fm\/pt\/partition-recovery-software\/\",\"url\":\"https:\/\/datarecovery.ping.fm\/pt\/partition-recovery-software\/\",\"name\":\"Programa de recupera\u00e7\u00e3o de parti\u00e7\u00f5es mais proeminente para Windows 2024\",\"isPartOf\":{\"@id\":\"https:\/\/datarecovery.ping.fm\/pt\/#website\"},\"datePublished\":\"2024-02-21T05:25:08+00:00\",\"dateModified\":\"2024-04-16T12:00:20+00:00\",\"breadcrumb\":{\"@id\":\"https:\/\/datarecovery.ping.fm\/pt\/partition-recovery-software\/#breadcrumb\"},\"inLanguage\":\"pt-PT\",\"potentialAction\":[{\"@type\":\"ReadAction\",\"target\":[\"https:\/\/datarecovery.ping.fm\/pt\/partition-recovery-software\/\"]}]},{\"@type\":\"BreadcrumbList\",\"@id\":\"https:\/\/datarecovery.ping.fm\/pt\/partition-recovery-software\/#breadcrumb\",\"itemListElement\":[{\"@type\":\"ListItem\",\"position\":1,\"name\":\"Home\",\"item\":\"https:\/\/datarecovery.ping.fm\/pt\/\"},{\"@type\":\"ListItem\",\"position\":2,\"name\":\"Programa de recupera\u00e7\u00e3o de parti\u00e7\u00f5es mais bem avaliado para Windows em 2024\"}]},{\"@type\":\"WebSite\",\"@id\":\"https:\/\/datarecovery.ping.fm\/pt\/#website\",\"url\":\"https:\/\/datarecovery.ping.fm\/pt\/\",\"name\":\"Software de Recupera\u00e7\u00e3o de Dados\",\"description\":\"\",\"potentialAction\":[{\"@type\":\"SearchAction\",\"target\":{\"@type\":\"EntryPoint\",\"urlTemplate\":\"https:\/\/datarecovery.ping.fm\/pt\/?s={search_term_string}\"},\"query-input\":\"required name=search_term_string\"}],\"inLanguage\":\"pt-PT\"}]}<\/script>\n<!-- \/ Yoast SEO plugin. -->","yoast_head_json":{"title":"Programa de recupera\u00e7\u00e3o de parti\u00e7\u00f5es mais proeminente para Windows 2024","robots":{"index":"index","follow":"follow","max-snippet":"max-snippet:-1","max-image-preview":"max-image-preview:large","max-video-preview":"max-video-preview:-1"},"canonical":"https:\/\/datarecovery.ping.fm\/pt\/partition-recovery-software\/","og_locale":"pt_PT","og_type":"article","og_title":"Programa de recupera\u00e7\u00e3o de parti\u00e7\u00f5es mais proeminente para Windows 2024","og_description":"Melhor Software de Recupera\u00e7\u00e3o de Parti\u00e7\u00f5es em 2024 para Windows Quando voc\u00ea exclui acidentalmente uma parti\u00e7\u00e3o ou sofre com uma falha no sistema, a sensa\u00e7\u00e3o \u00e9, sem d\u00favida, desoladora, especialmente se a parti\u00e7\u00e3o continha dados valiosos. Felizmente, o software de recupera\u00e7\u00e3o de parti\u00e7\u00f5es pode ser um salva-vidas em momentos t\u00e3o desesperadores. Baseado em minha experi\u00eancia [&hellip;]","og_url":"https:\/\/datarecovery.ping.fm\/pt\/partition-recovery-software\/","og_site_name":"Software de Recupera\u00e7\u00e3o de Dados","article_modified_time":"2024-04-16T12:00:20+00:00","og_image":[{"width":1280,"height":731,"url":"https:\/\/datarecovery.ping.fm\/wp-content\/uploads\/2024\/04\/Best-Partition-Recovery-Software-in-2024-for-Windows-Portuguese.jpg","type":"image\/jpeg"}],"twitter_card":"summary_large_image","twitter_misc":{"Est. reading time":"4 minutos"},"schema":{"@context":"https:\/\/schema.org","@graph":[{"@type":"WebPage","@id":"https:\/\/datarecovery.ping.fm\/pt\/partition-recovery-software\/","url":"https:\/\/datarecovery.ping.fm\/pt\/partition-recovery-software\/","name":"Programa de recupera\u00e7\u00e3o de parti\u00e7\u00f5es mais proeminente para Windows 2024","isPartOf":{"@id":"https:\/\/datarecovery.ping.fm\/pt\/#website"},"datePublished":"2024-02-21T05:25:08+00:00","dateModified":"2024-04-16T12:00:20+00:00","breadcrumb":{"@id":"https:\/\/datarecovery.ping.fm\/pt\/partition-recovery-software\/#breadcrumb"},"inLanguage":"pt-PT","potentialAction":[{"@type":"ReadAction","target":["https:\/\/datarecovery.ping.fm\/pt\/partition-recovery-software\/"]}]},{"@type":"BreadcrumbList","@id":"https:\/\/datarecovery.ping.fm\/pt\/partition-recovery-software\/#breadcrumb","itemListElement":[{"@type":"ListItem","position":1,"name":"Home","item":"https:\/\/datarecovery.ping.fm\/pt\/"},{"@type":"ListItem","position":2,"name":"Programa de recupera\u00e7\u00e3o de parti\u00e7\u00f5es mais bem avaliado para Windows em 2024"}]},{"@type":"WebSite","@id":"https:\/\/datarecovery.ping.fm\/pt\/#website","url":"https:\/\/datarecovery.ping.fm\/pt\/","name":"Software de Recupera\u00e7\u00e3o de Dados","description":"","potentialAction":[{"@type":"SearchAction","target":{"@type":"EntryPoint","urlTemplate":"https:\/\/datarecovery.ping.fm\/pt\/?s={search_term_string}"},"query-input":"required name=search_term_string"}],"inLanguage":"pt-PT"}]}},"_links":{"self":[{"href":"https:\/\/datarecovery.ping.fm\/pt\/wp-json\/wp\/v2\/pages\/41940"}],"collection":[{"href":"https:\/\/datarecovery.ping.fm\/pt\/wp-json\/wp\/v2\/pages"}],"about":[{"href":"https:\/\/datarecovery.ping.fm\/pt\/wp-json\/wp\/v2\/types\/page"}],"replies":[{"embeddable":true,"href":"https:\/\/datarecovery.ping.fm\/pt\/wp-json\/wp\/v2\/comments?post=41940"}],"version-history":[{"count":0,"href":"https:\/\/datarecovery.ping.fm\/pt\/wp-json\/wp\/v2\/pages\/41940\/revisions"}],"wp:featuredmedia":[{"embeddable":true,"href":"https:\/\/datarecovery.ping.fm\/pt\/wp-json\/wp\/v2\/media\/41941"}],"wp:attachment":[{"href":"https:\/\/datarecovery.ping.fm\/pt\/wp-json\/wp\/v2\/media?parent=41940"}],"curies":[{"name":"wp","href":"https:\/\/api.w.org\/{rel}","templated":true}]}}