{"id":39684,"date":"2024-01-22T21:14:41","date_gmt":"2024-01-22T21:14:41","guid":{"rendered":"https:\/\/www.ping.fm\/data-recovery-software\/best-android-cleaners\/"},"modified":"2024-04-09T17:43:27","modified_gmt":"2024-04-09T17:43:27","slug":"best-android-cleaners","status":"publish","type":"page","link":"https:\/\/datarecovery.ping.fm\/pt\/best-android-cleaners\/","title":{"rendered":"Aplicativo de limpeza gratuito recomendado para telefones Android"},"content":{"rendered":"<section>\n<h1>Melhores Aplicativos GRATUITOS de Limpeza para Telefones Android<\/h1>\n<div class=\"inbrief\">\n<div>             <img src=\"https:\/\/www.ping.fm\/data-recovery-software\/wp-content\/uploads\/ai\/Best-FREE-Android-Phone-Cleaner-Apps-Portuguese.jpg\" alt=\"Melhores Aplicativos GRATUITOS de Limpeza para Telefones Android\" title=\"Melhores Aplicativos GRATUITOS de Limpeza para Telefones Android\" width=\"1280\" height=\"720\">             <\/p>\n<p>Com in\u00fameros aplicativos dispon\u00edveis para Android, os smartphones podem frequentemente ficar sobrecarregados com arquivos excessivos e processos em segundo plano. \u00c9 aqui que os aplicativos de limpeza se tornam \u00fateis, ajudando voc\u00ea a liberar espa\u00e7o, melhorar o desempenho e estender a vida \u00fatil da bateria. Abaixo, estou compartilhando minha experi\u00eancia com os melhores aplicativos de limpeza gratuitos para <b>telefones Android<\/b> que melhoraram significativamente a funcionalidade do meu aparelho.<\/p>\n<\/div>\n<\/div>\n<\/section>\n<section>\n<div class=\"medal\">\n<div>&#129351;<\/div>\n<\/div>\n<h2><a href=\"https:\/\/www.ccleaner.com\/ccleaner-android\" rel=\"nofollow noopener\" target=\"_blank\">CCleaner<\/a><\/h2>\n<p><img src=\"https:\/\/www.ping.fm\/data-recovery-software\/wp-content\/uploads\/ai\/https---www-ccleaner-com-ccleaner-androidPortuguese.jpg\"><\/p>\n<p><b>CCleaner<\/b> para Android \u00e9 uma ferramenta de limpeza vers\u00e1til que tenho usado frequentemente para limpar cache, deletar arquivos in\u00fateis e apagar hist\u00f3rico de navega\u00e7\u00e3o. A interface do usu\u00e1rio \u00e9 direta, o que torna as verifica\u00e7\u00f5es de manuten\u00e7\u00e3o de rotina uma brisa. Notei que este aplicativo tamb\u00e9m oferece monitoramento do sistema, fornecendo insights sobre o desempenho do meu dispositivo.<\/p>\n<p><a href=\"https:\/\/www.ccleaner.com\/ccleaner-android\" rel=\"nofollow noopener\" target=\"_blank\" class=\"ofWSite\">Site Oficial<\/a><\/p>\n<h3 class=\"prosTitle\">Pr\u00f3s<\/h3>\n<ul class=\"listpc pros\">\n<li>Interface de usu\u00e1rio amig\u00e1vel<\/li>\n<li>Limpeza eficaz de lixo<\/li>\n<li>Recursos de monitoramento de sistema<\/li>\n<\/ul>\n<h3 class=\"consTitle\">Contras<\/h3>\n<ul class=\"listpc cons\">\n<li>An\u00fancios ocasionais na vers\u00e3o gratuita<\/li>\n<li>Alguns recursos avan\u00e7ados s\u00e3o pagos<\/li>\n<\/ul>\n<\/section>\n<section>\n<div class=\"medal\">\n<div>&#129352;<\/div>\n<\/div>\n<h2><a href=\"https:\/\/www.avast.com\/en-us\/cleanup\" rel=\"nofollow noopener\" target=\"_blank\">Avast Cleanup &#038; Boost<\/a><\/h2>\n<p><img src=\"https:\/\/www.ping.fm\/data-recovery-software\/wp-content\/uploads\/ai\/https---www-avast-com-en-us-cleanupPortuguese.jpg\"><\/p>\n<p>Minha experi\u00eancia com <b>Avast Cleanup &#038; Boost<\/b> foi em grande parte positiva no que diz respeito \u00e0 otimiza\u00e7\u00e3o do meu aparelho. Ele analisa cuidadosamente os dados dos aplicativos para sugerir arquivos desnecess\u00e1rios para remo\u00e7\u00e3o. Al\u00e9m disso, ajuda a gerenciar aplicativos de maneira eficiente e at\u00e9 pode melhorar as configura\u00e7\u00f5es de bateria.<\/p>\n<p><a href=\"https:\/\/www.avast.com\/en-us\/cleanup\" rel=\"nofollow noopener\" target=\"_blank\" class=\"ofWSite\">Site Oficial<\/a><\/p>\n<h3 class=\"prosTitle\">Pr\u00f3s<\/h3>\n<ul class=\"listpc pros\">\n<li>Recurso de limpeza autom\u00e1tica<\/li>\n<li>Customiza\u00e7\u00e3o de perfis de bateria<\/li>\n<li>Limpeza segura de arquivos desnecess\u00e1rios<\/li>\n<\/ul>\n<h3 class=\"consTitle\">Contras<\/h3>\n<ul class=\"listpc cons\">\n<li>Cont\u00e9m an\u00fancios<\/li>\n<li>Alguns recursos requerem assinatura<\/li>\n<\/ul>\n<\/section>\n<section>\n<div class=\"medal\">\n<div>&#129353;<\/div>\n<\/div>\n<h2><a href=\"https:\/\/sdmaid.darken.eu\/\" rel=\"nofollow noopener\" target=\"_blank\">SD Maid<\/a><\/h2>\n<p><img src=\"https:\/\/www.ping.fm\/data-recovery-software\/wp-content\/uploads\/ai\/https---sdmaid-darken-eu-Portuguese.jpg\"><\/p>\n<p>O aplicativo <b>SD Maid<\/b> se destaca com sua otimiza\u00e7\u00e3o de banco de dados e a funcionalidade &#8216;Corpse Finder&#8217;, que procura por arquivos \u00f3rf\u00e3os. A simplicidade desta ferramenta, combinada com suas capacidades de limpeza profunda, tornou a limpeza do sistema de arquivos no meu dispositivo Android menos uma tarefa \u00e1rdua e mais uma a\u00e7\u00e3o r\u00e1pida e gratificante.<\/p>\n<p><a href=\"https:\/\/sdmaid.darken.eu\/\" rel=\"nofollow noopener\" target=\"_blank\" class=\"ofWSite\">Site Oficial<\/a><\/p>\n<h3 class=\"prosTitle\">Pr\u00f3s<\/h3>\n<ul class=\"listpc pros\">\n<li>Limpeza detalhada do sistema de arquivos<\/li>\n<li>Funcionalidade \u00fatil &#8216;Corpse Finder&#8217;<\/li>\n<li>Ferramentas de otimiza\u00e7\u00e3o de banco de dados<\/li>\n<\/ul>\n<h3 class=\"consTitle\">Contras<\/h3>\n<ul class=\"listpc cons\">\n<li>A interface pode ser um pouco complexa para novos usu\u00e1rios<\/li>\n<li>Recursos Pro exigem atualiza\u00e7\u00e3o<\/li>\n<\/ul>\n<\/section>\n<section>\n<div class=\"no-medal\">\n<div>4<\/div>\n<\/div>\n<h2>AVG Cleaner<\/h2>\n<p>O <b>AVG Cleaner<\/b> foi \u00fatil quando eu precisei identificar e limpar rapidamente fotos ruins e aplicativos n\u00e3o usados. Seu processo de an\u00e1lise e limpeza com um s\u00f3 toque \u00e9 eficiente em termos de tempo. Al\u00e9m disso, seu &#8216;Desinstalador de Apps&#8217; sugere aplicativos raramente usados para desinstala\u00e7\u00e3o, o que ajuda a manter meu dispositivo enxuto.<\/p>\n<h3 class=\"prosTitle\">Pr\u00f3s<\/h3>\n<ul class=\"listpc pros\">\n<li>Limpeza simples, com um toque<\/li>\n<li>An\u00e1lise inteligente de fotos<\/li>\n<li>Estat\u00edsticas de uso de aplicativos<\/li>\n<\/ul>\n<h3 class=\"consTitle\">Contras<\/h3>\n<ul class=\"listpc cons\">\n<li>An\u00fancios e convites para outros produtos AVG<\/li>\n<li>Algumas funcionalidades est\u00e3o bloqueadas na vers\u00e3o Pro<\/li>\n<\/ul>\n<\/section>\n<section>\n<div class=\"no-medal\">\n<div>5<\/div>\n<\/div>\n<h2><a href=\"https:\/\/www.cleanmasterofficial.com\/\" rel=\"nofollow noopener\" target=\"_blank\">Clean Master<\/a><\/h2>\n<p><img src=\"https:\/\/www.ping.fm\/data-recovery-software\/wp-content\/uploads\/ai\/https---www-cleanmasterofficial-com-Portuguese.jpg\"><\/p>\n<p>Fiquei consistentemente impressionado com a capacidade do <b>Clean Master<\/b> n\u00e3o apenas de limpar arquivos in\u00fateis, mas tamb\u00e9m de fornecer uma varredura antiv\u00edrus que garante que meu dispositivo fique seguro contra malware. A funcionalidade &#8216;AppLock&#8217; tamb\u00e9m oferece uma sensa\u00e7\u00e3o de seguran\u00e7a adicional para meus aplicativos pessoais.<\/p>\n<p><a href=\"https:\/\/www.cleanmasterofficial.com\/\" rel=\"nofollow noopener\" target=\"_blank\" class=\"ofWSite\">Site Oficial<\/a><\/p>\n<h3 class=\"prosTitle\">Pr\u00f3s<\/h3>\n<ul class=\"listpc pros\">\n<li>Varredura antiv\u00edrus integrada<\/li>\n<li>&#8216;AppLock&#8217; para prote\u00e7\u00e3o da privacidade<\/li>\n<li>Interface intuitiva<\/li>\n<\/ul>\n<h3 class=\"consTitle\">Contras<\/h3>\n<ul class=\"listpc cons\">\n<li>Excesso de an\u00fancios<\/li>\n<li>\u00c0s vezes \u00e9 sinalizado por outros aplicativos de seguran\u00e7a<\/li>\n<\/ul>\n<\/section>\n<section>\n<h2>V\u00eddeo do Youtube para assistir<\/h2>\n<div class=\"nonp iframe\"><iframe width=\"420\" height=\"315\" src=\"\/\/www.youtube.com\/embed\/Pwj4ONDi0hk\" frameborder=\"0\" allowfullscreen><\/iframe><\/div>\n<\/section>\n<section>\n<h2>Conclus\u00e3o:<\/h2>\n<div class=\"nonp\">\n<p>Embora aplicativos de limpeza possam melhorar significativamente a funcionalidade do seu telefone Android, existem etapas adicionais que voc\u00ea pode tomar para <b>maximizar o potencial do seu dispositivo<\/b>. Manter o sistema operacional e os aplicativos atualizados pode fornecer n\u00e3o apenas novas funcionalidades, mas tamb\u00e9m patches de seguran\u00e7a importantes. Tamb\u00e9m \u00e9 ben\u00e9fico gerenciar seus aplicativos removendo aqueles que voc\u00ea n\u00e3o usa mais, assim como desativar o bloatware sempre que poss\u00edvel.<\/p>\n<p>Se o seu telefone estiver apresentando constantemente baixo desempenho, considere uma redefini\u00e7\u00e3o de f\u00e1brica como \u00faltimo recurso. Lembre-se de fazer backup dos seus dados antes de tomar essa medida. Para um guia abrangente sobre como proteger e otimizar seu dispositivo Android, voc\u00ea pode achar os recursos do <a href=\"https:\/\/support.google.com\/android\" rel=\"nofollow noopener\" target=\"_blank\">Centro de Ajuda Android do Google<\/a> particularmente \u00fateis. Al\u00e9m disso, f\u00f3runs de discuss\u00e3o como o <a href=\"https:\/\/forum.xda-developers.com\/\" rel=\"nofollow noopener\" target=\"_blank\">XDA Developers<\/a> s\u00e3o um tesouro de informa\u00e7\u00f5es sobre ROMs personalizadas e ajustes avan\u00e7ados para entusiastas.<\/p>\n<\/div>\n<\/section>\n","protected":false},"excerpt":{"rendered":"<p>Melhores Aplicativos GRATUITOS de Limpeza para Telefones Android Com in\u00fameros aplicativos dispon\u00edveis para Android, os smartphones podem frequentemente ficar sobrecarregados com arquivos excessivos e processos em segundo plano. \u00c9 aqui que os aplicativos de limpeza se tornam \u00fateis, ajudando voc\u00ea a liberar espa\u00e7o, melhorar o desempenho e estender a vida \u00fatil da bateria. Abaixo, estou [&hellip;]<\/p>\n","protected":false},"author":0,"featured_media":39685,"parent":0,"menu_order":0,"comment_status":"closed","ping_status":"closed","template":"chromecast.php","meta":{"_stopmodifiedupdate":false,"_modified_date":"","_lmt_disableupdate":"","_lmt_disable":""},"acf":[],"yoast_head":"<!-- This site is optimized with the Yoast SEO plugin v20.9 - https:\/\/yoast.com\/wordpress\/plugins\/seo\/ -->\n<title>As melhores apps gratuitas de limpeza para smartphones Android em 2024. Pr\u00f3s e contras!<\/title>\n<meta name=\"robots\" content=\"index, follow, max-snippet:-1, max-image-preview:large, max-video-preview:-1\" \/>\n<link rel=\"canonical\" href=\"https:\/\/datarecovery.ping.fm\/pt\/best-android-cleaners\/\" \/>\n<meta property=\"og:locale\" content=\"pt_PT\" \/>\n<meta property=\"og:type\" content=\"article\" \/>\n<meta property=\"og:title\" content=\"As melhores apps gratuitas de limpeza para smartphones Android em 2024. Pr\u00f3s e contras!\" \/>\n<meta property=\"og:description\" content=\"Melhores Aplicativos GRATUITOS de Limpeza para Telefones Android Com in\u00fameros aplicativos dispon\u00edveis para Android, os smartphones podem frequentemente ficar sobrecarregados com arquivos excessivos e processos em segundo plano. \u00c9 aqui que os aplicativos de limpeza se tornam \u00fateis, ajudando voc\u00ea a liberar espa\u00e7o, melhorar o desempenho e estender a vida \u00fatil da bateria. Abaixo, estou [&hellip;]\" \/>\n<meta property=\"og:url\" content=\"https:\/\/datarecovery.ping.fm\/pt\/best-android-cleaners\/\" \/>\n<meta property=\"og:site_name\" content=\"Software de Recupera\u00e7\u00e3o de Dados\" \/>\n<meta property=\"article:modified_time\" content=\"2024-04-09T17:43:27+00:00\" \/>\n<meta property=\"og:image\" content=\"https:\/\/datarecovery.ping.fm\/wp-content\/uploads\/2024\/04\/Best-FREE-Android-Phone-Cleaner-Apps-Portuguese.jpg\" \/>\n\t<meta property=\"og:image:width\" content=\"1280\" \/>\n\t<meta property=\"og:image:height\" content=\"731\" \/>\n\t<meta property=\"og:image:type\" content=\"image\/jpeg\" \/>\n<meta name=\"twitter:card\" content=\"summary_large_image\" \/>\n<meta name=\"twitter:label1\" content=\"Est. reading time\" \/>\n\t<meta name=\"twitter:data1\" content=\"3 minutos\" \/>\n<script type=\"application\/ld+json\" class=\"yoast-schema-graph\">{\"@context\":\"https:\/\/schema.org\",\"@graph\":[{\"@type\":\"WebPage\",\"@id\":\"https:\/\/datarecovery.ping.fm\/pt\/best-android-cleaners\/\",\"url\":\"https:\/\/datarecovery.ping.fm\/pt\/best-android-cleaners\/\",\"name\":\"As melhores apps gratuitas de limpeza para smartphones Android em 2024. Pr\u00f3s e contras!\",\"isPartOf\":{\"@id\":\"https:\/\/datarecovery.ping.fm\/pt\/#website\"},\"datePublished\":\"2024-01-22T21:14:41+00:00\",\"dateModified\":\"2024-04-09T17:43:27+00:00\",\"breadcrumb\":{\"@id\":\"https:\/\/datarecovery.ping.fm\/pt\/best-android-cleaners\/#breadcrumb\"},\"inLanguage\":\"pt-PT\",\"potentialAction\":[{\"@type\":\"ReadAction\",\"target\":[\"https:\/\/datarecovery.ping.fm\/pt\/best-android-cleaners\/\"]}]},{\"@type\":\"BreadcrumbList\",\"@id\":\"https:\/\/datarecovery.ping.fm\/pt\/best-android-cleaners\/#breadcrumb\",\"itemListElement\":[{\"@type\":\"ListItem\",\"position\":1,\"name\":\"Home\",\"item\":\"https:\/\/datarecovery.ping.fm\/pt\/\"},{\"@type\":\"ListItem\",\"position\":2,\"name\":\"Aplicativo de limpeza gratuito recomendado para telefones Android\"}]},{\"@type\":\"WebSite\",\"@id\":\"https:\/\/datarecovery.ping.fm\/pt\/#website\",\"url\":\"https:\/\/datarecovery.ping.fm\/pt\/\",\"name\":\"Software de Recupera\u00e7\u00e3o de Dados\",\"description\":\"\",\"potentialAction\":[{\"@type\":\"SearchAction\",\"target\":{\"@type\":\"EntryPoint\",\"urlTemplate\":\"https:\/\/datarecovery.ping.fm\/pt\/?s={search_term_string}\"},\"query-input\":\"required name=search_term_string\"}],\"inLanguage\":\"pt-PT\"}]}<\/script>\n<!-- \/ Yoast SEO plugin. -->","yoast_head_json":{"title":"As melhores apps gratuitas de limpeza para smartphones Android em 2024. Pr\u00f3s e contras!","robots":{"index":"index","follow":"follow","max-snippet":"max-snippet:-1","max-image-preview":"max-image-preview:large","max-video-preview":"max-video-preview:-1"},"canonical":"https:\/\/datarecovery.ping.fm\/pt\/best-android-cleaners\/","og_locale":"pt_PT","og_type":"article","og_title":"As melhores apps gratuitas de limpeza para smartphones Android em 2024. Pr\u00f3s e contras!","og_description":"Melhores Aplicativos GRATUITOS de Limpeza para Telefones Android Com in\u00fameros aplicativos dispon\u00edveis para Android, os smartphones podem frequentemente ficar sobrecarregados com arquivos excessivos e processos em segundo plano. \u00c9 aqui que os aplicativos de limpeza se tornam \u00fateis, ajudando voc\u00ea a liberar espa\u00e7o, melhorar o desempenho e estender a vida \u00fatil da bateria. Abaixo, estou [&hellip;]","og_url":"https:\/\/datarecovery.ping.fm\/pt\/best-android-cleaners\/","og_site_name":"Software de Recupera\u00e7\u00e3o de Dados","article_modified_time":"2024-04-09T17:43:27+00:00","og_image":[{"width":1280,"height":731,"url":"https:\/\/datarecovery.ping.fm\/wp-content\/uploads\/2024\/04\/Best-FREE-Android-Phone-Cleaner-Apps-Portuguese.jpg","type":"image\/jpeg"}],"twitter_card":"summary_large_image","twitter_misc":{"Est. reading time":"3 minutos"},"schema":{"@context":"https:\/\/schema.org","@graph":[{"@type":"WebPage","@id":"https:\/\/datarecovery.ping.fm\/pt\/best-android-cleaners\/","url":"https:\/\/datarecovery.ping.fm\/pt\/best-android-cleaners\/","name":"As melhores apps gratuitas de limpeza para smartphones Android em 2024. Pr\u00f3s e contras!","isPartOf":{"@id":"https:\/\/datarecovery.ping.fm\/pt\/#website"},"datePublished":"2024-01-22T21:14:41+00:00","dateModified":"2024-04-09T17:43:27+00:00","breadcrumb":{"@id":"https:\/\/datarecovery.ping.fm\/pt\/best-android-cleaners\/#breadcrumb"},"inLanguage":"pt-PT","potentialAction":[{"@type":"ReadAction","target":["https:\/\/datarecovery.ping.fm\/pt\/best-android-cleaners\/"]}]},{"@type":"BreadcrumbList","@id":"https:\/\/datarecovery.ping.fm\/pt\/best-android-cleaners\/#breadcrumb","itemListElement":[{"@type":"ListItem","position":1,"name":"Home","item":"https:\/\/datarecovery.ping.fm\/pt\/"},{"@type":"ListItem","position":2,"name":"Aplicativo de limpeza gratuito recomendado para telefones Android"}]},{"@type":"WebSite","@id":"https:\/\/datarecovery.ping.fm\/pt\/#website","url":"https:\/\/datarecovery.ping.fm\/pt\/","name":"Software de Recupera\u00e7\u00e3o de Dados","description":"","potentialAction":[{"@type":"SearchAction","target":{"@type":"EntryPoint","urlTemplate":"https:\/\/datarecovery.ping.fm\/pt\/?s={search_term_string}"},"query-input":"required name=search_term_string"}],"inLanguage":"pt-PT"}]}},"_links":{"self":[{"href":"https:\/\/datarecovery.ping.fm\/pt\/wp-json\/wp\/v2\/pages\/39684"}],"collection":[{"href":"https:\/\/datarecovery.ping.fm\/pt\/wp-json\/wp\/v2\/pages"}],"about":[{"href":"https:\/\/datarecovery.ping.fm\/pt\/wp-json\/wp\/v2\/types\/page"}],"replies":[{"embeddable":true,"href":"https:\/\/datarecovery.ping.fm\/pt\/wp-json\/wp\/v2\/comments?post=39684"}],"version-history":[{"count":0,"href":"https:\/\/datarecovery.ping.fm\/pt\/wp-json\/wp\/v2\/pages\/39684\/revisions"}],"wp:featuredmedia":[{"embeddable":true,"href":"https:\/\/datarecovery.ping.fm\/pt\/wp-json\/wp\/v2\/media\/39685"}],"wp:attachment":[{"href":"https:\/\/datarecovery.ping.fm\/pt\/wp-json\/wp\/v2\/media?parent=39684"}],"curies":[{"name":"wp","href":"https:\/\/api.w.org\/{rel}","templated":true}]}}