{"id":19431,"date":"2024-01-15T20:25:31","date_gmt":"2024-01-15T20:25:31","guid":{"rendered":"https:\/\/www.ping.fm\/data-recovery-software\/easeus-data-recovery\/"},"modified":"2024-02-29T18:51:14","modified_gmt":"2024-02-29T18:51:14","slug":"easeus-data-recovery","status":"publish","type":"page","link":"https:\/\/datarecovery.ping.fm\/pt\/easeus-data-recovery\/","title":{"rendered":"Revis\u00e3o do EaseUS Data Recovery (Pr\u00f3s e Contras)"},"content":{"rendered":"<section>\n<h1>Revis\u00e3o do Easeus Data Recovery (Pr\u00f3s e Contras)<\/h1>\n<div class=\"inbrief\">\n<div>&#13;             <img decoding=\"async\" class=\"lazyload\"  srcset=\"data:image\/png;base64,iVBORw0KGgoAAAANSUhEUgAABLAAAAKkAQMAAAAqeFQ7AAAAA3NCSVQICAjb4U\/gAAAABlBMVEX\/\/\/\/\/\/\/9VfPVsAAAAAnRSTlMA\/1uRIrUAAAAJcEhZcwAACxIAAAsSAdLdfvwAAAAcdEVYdFNvZnR3YXJlAEFkb2JlIEZpcmV3b3JrcyBDUzbovLKMAAAAFnRFWHRDcmVhdGlvbiBUaW1lADAxLzI5LzE536V52wAAAHpJREFUeJztwQENAAAAwqD3T20ON6AAAAAAAAAAAAAAAAAAAAAAAAAAAAAAAAAAAAAAAAAAAAAAAAAAAAAAAAAAAAAAAAAAAAAAAAAAAAAAAAAAAAAAAAAAAAAAAAAAAAAAAAAAAAAAAAAAAAAAAAAAAAAAAAAAAIAHA47LAAHp9LjEAAAAAElFTkSuQmCC\" src=\"https:\/\/www.ping.fm\/data-recovery-software\/wp-content\/uploads\/ai\/Easeus-Data-Recovery-Review-(Pros-Cons)-Portuguese.jpg\" data-srcset=\"https:\/\/www.ping.fm\/data-recovery-software\/wp-content\/uploads\/ai\/Easeus-Data-Recovery-Review-(Pros-Cons)-Portuguese.jpg\" data-lazy-type=\"image\" data-original=\"https:\/\/www.ping.fm\/data-recovery-software\/wp-content\/uploads\/ai\/Easeus-Data-Recovery-Review-(Pros-Cons)-Portuguese.jpg\" alt=\"Revis\u00e3o do Easeus Data Recovery (Pr\u00f3s e Contras)\" title=\"Revis\u00e3o do Easeus Data Recovery (Pr\u00f3s e Contras)\" width=\"1280\" height=\"720\">&#13;             <\/p>\n<p>No mundo digital de hoje, a perda de dados pode ser uma experi\u00eancia angustiante. Seja por exclus\u00e3o acidental, falha do disco r\u00edgido ou ataque de v\u00edrus, o resultado \u00e9 o mesmo: arquivos vitais parecem desaparecer no ar. Mas n\u00e3o tema, pois o software de recupera\u00e7\u00e3o de dados surge prometendo um vislumbre de esperan\u00e7a. Entre eles, o EaseUS Data Recovery surgiu como uma solu\u00e7\u00e3o muito procurada, mas como ele se compara a outras op\u00e7\u00f5es como o Disk Drill? Nesta revis\u00e3o, vamos dar uma olhada abrangente no EaseUS Data Recovery e compar\u00e1-lo com o Disk Drill e outros dois aplicativos de recupera\u00e7\u00e3o de dados.<\/p>\n<\/div>\n<\/div>\n<\/section>\n<p>&#13;             <\/p>\n<section>\n<div class=\"medal\">\n<div>&#129351;<\/div>\n<\/div>\n<h2><a href=\"https:\/\/www.easeus.com\/datarecoverywizard\/free-data-recovery-software.htm\" rel=\"nofollow external noopener noreferrer\" target=\"_blank\" data-wpel-link=\"external\">EaseUS Data Recovery Wizard<\/a><\/h2>\n<p><img src=\"https:\/\/www.ping.fm\/data-recovery-software\/wp-content\/uploads\/ai\/https---www-easeus-com-datarecoverywizard-free-data-recovery-software-htmPortuguese.jpg\"><\/p>\n<p>Com uma interface amig\u00e1vel e robusta capacidade de recupera\u00e7\u00e3o, o <b>EaseUS Data Recovery Wizard<\/b> oferece uma t\u00e1bua de salva\u00e7\u00e3o para dados perdidos. Adequado tanto para iniciantes quanto para profissionais, o EaseUS oferece op\u00e7\u00f5es de varredura r\u00e1pida e profunda para diferentes necessidades de recupera\u00e7\u00e3o.<\/p>\n<p><a href=\"https:\/\/www.easeus.com\/datarecoverywizard\/free-data-recovery-software.htm\" rel=\"nofollow external noopener noreferrer\" target=\"_blank\" class=\"ofWSite\" data-wpel-link=\"external\">Site Oficial<\/a><\/p>\n<h3 class='prosTitle'>Pr\u00f3s<\/h3>\n<ul class='listpc pros'>\n<li>Interface de usu\u00e1rio intuitiva<\/li>\n<li>Oferece uma vers\u00e3o gratuita para recupera\u00e7\u00e3o preliminar de dados<\/li>\n<\/ul>\n<h3 class='consTitle'>Contras<\/h3>\n<ul class='listpc cons'>\n<li>Capacidade de recupera\u00e7\u00e3o limitada na vers\u00e3o gratuita<\/li>\n<li>A recupera\u00e7\u00e3o completa pode ser um pouco cara<\/li>\n<\/ul>\n<\/section>\n<p>&#13;             <\/p>\n<section>\n<div class=\"medal\">\n<div>&#129352;<\/div>\n<\/div>\n<h2><a href=\"https:\/\/www.cleverfiles.com\/\" rel=\"follow noopener\" target=\"_blank\" data-wpel-link=\"internal\">Disk Drill<\/a><\/h2>\n<p><img src=\"https:\/\/www.ping.fm\/data-recovery-software\/wp-content\/uploads\/ai\/https---www-cleverfiles-com-Portuguese.jpg\"><\/p>\n<p><b>Disk Drill<\/b> n\u00e3o \u00e9 apenas uma alternativa ao <b>EaseUS Data Recovery<\/b> \u00e9 uma central que disponibiliza t\u00e9cnicas avan\u00e7adas de recupera\u00e7\u00e3o de arquivos ao alcance. Com v\u00e1rios m\u00e9todos de recupera\u00e7\u00e3o e suporte para diversos sistemas de arquivos, o Disk Drill se destaca com sua alta taxa de sucesso.<\/p>\n<p><a href=\"https:\/\/www.cleverfiles.com\/\" rel=\"follow noopener\" target=\"_blank\" class=\"ofWSite\" data-wpel-link=\"internal\">Site Oficial<\/a><\/p>\n<h3 class='prosTitle'>Pr\u00f3s<\/h3>\n<ul class='listpc pros'>\n<li>Recursos premium como monitoramento SMART<\/li>\n<li>Vault de Recupera\u00e7\u00e3o para prote\u00e7\u00e3o extra de dados<\/li>\n<\/ul>\n<h3 class='consTitle'>Contras<\/h3>\n<ul class='listpc cons'>\n<li>A vers\u00e3o gratuita permite a recupera\u00e7\u00e3o de at\u00e9 500MB<\/li>\n<li>A interface pode ser avassaladora para novos usu\u00e1rios<\/li>\n<\/ul>\n<\/section>\n<p>&#13;             <\/p>\n<section>\n<div class=\"medal\">\n<div>&#129353;<\/div>\n<\/div>\n<h2><a href=\"https:\/\/www.r-studio.com\/\" rel=\"nofollow external noopener noreferrer\" target=\"_blank\" data-wpel-link=\"external\">R-Studio Data Recovery<\/a><\/h2>\n<p><img src=\"https:\/\/www.ping.fm\/data-recovery-software\/wp-content\/uploads\/ai\/https---www-r-studio-com-Portuguese.jpg\"><\/p>\n<p>Desenhado com profissionais em mente, o <b>R-Studio Data Recovery<\/b> \u00e9 conhecido pelo seu conjunto abrangente de ferramentas. Essa central pode lidar com danos a parti\u00e7\u00f5es l\u00f3gicas e corrup\u00e7\u00e3o de arquivos com relativa facilidade, ostentando compatibilidade entre plataformas como um b\u00f4nus.<\/p>\n<p><a href=\"https:\/\/www.r-studio.com\/\" rel=\"nofollow external noopener noreferrer\" target=\"_blank\" class=\"ofWSite\" data-wpel-link=\"external\">Site Oficial<\/a><\/p>\n<h3 class='prosTitle'>Pr\u00f3s<\/h3>\n<ul class='listpc pros'>\n<li>Recursos avan\u00e7ados para uso profissional<\/li>\n<li>Suporte a recupera\u00e7\u00e3o em rede<\/li>\n<\/ul>\n<h3 class='consTitle'>Contras<\/h3>\n<ul class='listpc cons'>\n<li>Curva de aprendizado maior para iniciantes<\/li>\n<li>O layout pode parecer datado<\/li>\n<\/ul>\n<\/section>\n<section>\n<div class=\"no-medal\">\n<div>4<\/div>\n<\/div>\n<h2>Wondershare Recoverit<\/h2>\n<p><b>Wondershare Recoverit<\/b> tem como objetivo proporcionar uma experi\u00eancia de recupera\u00e7\u00e3o simplificada, com \u00eanfase na clareza visual. Sua velocidade de varredura r\u00e1pida e interface amig\u00e1vel facilitam para que os iniciantes comecem a recuperar arquivos sem uma curva de aprendizado acentuada.<\/p>\n<p>Site Oficial<\/p>\n<h3 class='prosTitle'>Pr\u00f3s<\/h3>\n<ul class='listpc pros'>\n<li>Design amig\u00e1vel ao usu\u00e1rio<\/li>\n<li>Velocidades de varredura r\u00e1pidas<\/li>\n<\/ul>\n<h3 class='consTitle'>Contras<\/h3>\n<ul class='listpc cons'>\n<li>Mais caro em compara\u00e7\u00e3o com outros<\/li>\n<li>A vers\u00e3o de teste gratuita tem funcionalidade limitada<\/li>\n<\/ul>\n<\/section>\n<section>\n<h2>V\u00eddeo do Youtube para assistir<\/h2>\n<div class=\"nonp iframe\"><span class=\"lazyload\" data-original_content=\"PGlmcmFtZSB3aWR0aD0iNDIwIiBoZWlnaHQ9IjMxNSIgc3JjPSIvL3d3dy55b3V0dWJlLmNvbS9lbWJlZC9JR0VpenIxV1ozRSIgZnJhbWVib3JkZXI9IjAiIGFsbG93ZnVsbHNjcmVlbj48L2lmcmFtZT4=\"><\/span><\/div>\n<\/section>\n<p>&#13; <\/p>\n<section>\n<h2>Conclus\u00e3o:<\/h2>\n<div class=\"nonp\">\n<p>Quando se trata de software de recupera\u00e7\u00e3o de dados, a considera\u00e7\u00e3o mais importante deve ser a taxa de sucesso na recupera\u00e7\u00e3o. \u00c9 aqui que o <b>Disk Drill<\/b> se destaca, muitas vezes superando as expectativas dos usu\u00e1rios. Sua fun\u00e7\u00e3o Recovery Vault atua como uma camada adicional de prote\u00e7\u00e3o, ajudando a salvaguardar arquivos importantes antes de qualquer poss\u00edvel perda de dados.<\/p>\n<p>A frase &#8220;prevenir \u00e9 melhor do que remediar&#8221; \u00e9 particularmente verdadeira no dom\u00ednio da recupera\u00e7\u00e3o de dados. Aplica\u00e7\u00f5es como <a href=\"https:\/\/www.cleverfiles.com\/Disk-drill-windows.html\" rel=\"follow noopener\" target=\"_blank\" data-wpel-link=\"internal\">Disk Drill<\/a> e outras que discutimos aqui servem em grande parte como um rem\u00e9dio, mas tamb\u00e9m fornecem medidas para a preven\u00e7\u00e3o, como a Recovery Vault do Disk Drill. Implementar tais recursos \u00e9 o equivalente moderno de uma ap\u00f3lice de seguro para a sua vida digital.<\/p>\n<p>Tamb\u00e9m \u00e9 cr\u00edtico procurar por softwares que suportem uma ampla gama de sistemas de arquivos e dispositivos de armazenamento. A compatibilidade com as vers\u00f5es mais recentes do Windows e macOS garante que o software cres\u00e7a conforme suas necessidades. Para aqueles com conhecimento t\u00e9cnico avan\u00e7ado, as capacidades de rede do R-Studio Data Recovery podem fornecer essa camada extra de flexibilidade necess\u00e1ria para tarefas complexas de recupera\u00e7\u00e3o.<\/p>\n<p>Os pre\u00e7os podem ser um impeditivo para muitos, no entanto, \u00e9 essencial ponderar o custo contra o valor dos dados potencialmente recuperados. Enquanto alguns podem se assustar com o pre\u00e7o do <b>Wondershare Recoverit<\/b>, a quest\u00e3o permanece &#8211; pode-se realmente colocar um pre\u00e7o em mem\u00f3rias insubstitu\u00edveis ou arquivos de trabalho cruciais?<\/p>\n<p>No entanto, \u00e9 importante exercitar cautela. Sempre escolha um software de recupera\u00e7\u00e3o seguro e de boa reputa\u00e7\u00e3o como o <b>Disk Drill<\/b> ou o <b>EaseUS Data Recovery Wizard<\/b>, que priorizam a seguran\u00e7a dos dados. Use os testes gratuitos para avaliar o desempenho; uma verifica\u00e7\u00e3o preliminar geralmente dar\u00e1 uma boa indica\u00e7\u00e3o das capacidades do software.<\/p>\n<p>Finalmente, embora o <b>Disk Drill<\/b> seja indubitavelmente um forte concorrente no \u00e2mbito do software de recupera\u00e7\u00e3o de dados, h\u00e1 outro software que se destaca como uma <a href=\"https:\/\/disk-drill.com\" rel=\"dofollow external noopener noreferrer\" target=\"_blank\" data-wpel-link=\"external\">alternativa ao EaseUs para recupera\u00e7\u00e3o de dados<\/a>, combinando funcionalidade robusta com facilidade de uso. \u00c9 essencial considerar a P\u00e1gina Inicial do <b>Disk Drill<\/b> e como ela enfatiza uma abordagem centrada no usu\u00e1rio, oferecendo navega\u00e7\u00e3o intuitiva junto com suas poderosas ferramentas de recupera\u00e7\u00e3o.<\/p>\n<\/div>\n<\/section>\n","protected":false},"excerpt":{"rendered":"<p>Revis\u00e3o do Easeus Data Recovery (Pr\u00f3s e Contras) &#13; &#13; No mundo digital de hoje, a perda de dados pode ser uma experi\u00eancia angustiante. Seja por exclus\u00e3o acidental, falha do disco r\u00edgido ou ataque de v\u00edrus, o resultado \u00e9 o mesmo: arquivos vitais parecem desaparecer no ar. Mas n\u00e3o tema, pois o software de recupera\u00e7\u00e3o [&hellip;]<\/p>\n","protected":false},"author":2,"featured_media":33910,"parent":0,"menu_order":0,"comment_status":"closed","ping_status":"closed","template":"chromecast.php","meta":{"_stopmodifiedupdate":false,"_modified_date":"","_lmt_disableupdate":"yes","_lmt_disable":""},"acf":[],"yoast_head":"<!-- This site is optimized with the Yoast SEO plugin v20.9 - https:\/\/yoast.com\/wordpress\/plugins\/seo\/ -->\n<title>Revis\u00e3o do Easeus Data Recovery &amp; Aplicativos Alternativos em 2024 (Pr\u00f3s e Contras)<\/title>\n<meta name=\"robots\" content=\"index, follow, max-snippet:-1, max-image-preview:large, max-video-preview:-1\" \/>\n<link rel=\"canonical\" href=\"https:\/\/datarecovery.ping.fm\/pt\/easeus-data-recovery\/\" \/>\n<meta property=\"og:locale\" content=\"pt_PT\" \/>\n<meta property=\"og:type\" content=\"article\" \/>\n<meta property=\"og:title\" content=\"Revis\u00e3o do Easeus Data Recovery &amp; Aplicativos Alternativos em 2024 (Pr\u00f3s e Contras)\" \/>\n<meta property=\"og:description\" content=\"Revis\u00e3o do Easeus Data Recovery (Pr\u00f3s e Contras) &#013; &#013; No mundo digital de hoje, a perda de dados pode ser uma experi\u00eancia angustiante. Seja por exclus\u00e3o acidental, falha do disco r\u00edgido ou ataque de v\u00edrus, o resultado \u00e9 o mesmo: arquivos vitais parecem desaparecer no ar. Mas n\u00e3o tema, pois o software de recupera\u00e7\u00e3o [&hellip;]\" \/>\n<meta property=\"og:url\" content=\"https:\/\/datarecovery.ping.fm\/pt\/easeus-data-recovery\/\" \/>\n<meta property=\"og:site_name\" content=\"Software de Recupera\u00e7\u00e3o de Dados\" \/>\n<meta property=\"article:modified_time\" content=\"2024-02-29T18:51:14+00:00\" \/>\n<meta property=\"og:image\" content=\"https:\/\/datarecovery.ping.fm\/wp-content\/uploads\/2024\/03\/Easeus-Data-Recovery-Review-Pros-Cons-Portuguese.jpg\" \/>\n\t<meta property=\"og:image:width\" content=\"1280\" \/>\n\t<meta property=\"og:image:height\" content=\"731\" \/>\n\t<meta property=\"og:image:type\" content=\"image\/jpeg\" \/>\n<meta name=\"twitter:card\" content=\"summary_large_image\" \/>\n<meta name=\"twitter:label1\" content=\"Est. reading time\" \/>\n\t<meta name=\"twitter:data1\" content=\"4 minutos\" \/>\n<script type=\"application\/ld+json\" class=\"yoast-schema-graph\">{\"@context\":\"https:\/\/schema.org\",\"@graph\":[{\"@type\":\"WebPage\",\"@id\":\"https:\/\/datarecovery.ping.fm\/pt\/easeus-data-recovery\/\",\"url\":\"https:\/\/datarecovery.ping.fm\/pt\/easeus-data-recovery\/\",\"name\":\"Revis\u00e3o do Easeus Data Recovery & Aplicativos Alternativos em 2024 (Pr\u00f3s e Contras)\",\"isPartOf\":{\"@id\":\"https:\/\/datarecovery.ping.fm\/pt\/#website\"},\"datePublished\":\"2024-01-15T20:25:31+00:00\",\"dateModified\":\"2024-02-29T18:51:14+00:00\",\"breadcrumb\":{\"@id\":\"https:\/\/datarecovery.ping.fm\/pt\/easeus-data-recovery\/#breadcrumb\"},\"inLanguage\":\"pt-PT\",\"potentialAction\":[{\"@type\":\"ReadAction\",\"target\":[\"https:\/\/datarecovery.ping.fm\/pt\/easeus-data-recovery\/\"]}]},{\"@type\":\"BreadcrumbList\",\"@id\":\"https:\/\/datarecovery.ping.fm\/pt\/easeus-data-recovery\/#breadcrumb\",\"itemListElement\":[{\"@type\":\"ListItem\",\"position\":1,\"name\":\"Home\",\"item\":\"https:\/\/datarecovery.ping.fm\/pt\/\"},{\"@type\":\"ListItem\",\"position\":2,\"name\":\"Revis\u00e3o do EaseUS Data Recovery (Pr\u00f3s e Contras)\"}]},{\"@type\":\"WebSite\",\"@id\":\"https:\/\/datarecovery.ping.fm\/pt\/#website\",\"url\":\"https:\/\/datarecovery.ping.fm\/pt\/\",\"name\":\"Software de Recupera\u00e7\u00e3o de Dados\",\"description\":\"\",\"potentialAction\":[{\"@type\":\"SearchAction\",\"target\":{\"@type\":\"EntryPoint\",\"urlTemplate\":\"https:\/\/datarecovery.ping.fm\/pt\/?s={search_term_string}\"},\"query-input\":\"required name=search_term_string\"}],\"inLanguage\":\"pt-PT\"}]}<\/script>\n<!-- \/ Yoast SEO plugin. -->","yoast_head_json":{"title":"Revis\u00e3o do Easeus Data Recovery & Aplicativos Alternativos em 2024 (Pr\u00f3s e Contras)","robots":{"index":"index","follow":"follow","max-snippet":"max-snippet:-1","max-image-preview":"max-image-preview:large","max-video-preview":"max-video-preview:-1"},"canonical":"https:\/\/datarecovery.ping.fm\/pt\/easeus-data-recovery\/","og_locale":"pt_PT","og_type":"article","og_title":"Revis\u00e3o do Easeus Data Recovery & Aplicativos Alternativos em 2024 (Pr\u00f3s e Contras)","og_description":"Revis\u00e3o do Easeus Data Recovery (Pr\u00f3s e Contras) &#13; &#13; No mundo digital de hoje, a perda de dados pode ser uma experi\u00eancia angustiante. Seja por exclus\u00e3o acidental, falha do disco r\u00edgido ou ataque de v\u00edrus, o resultado \u00e9 o mesmo: arquivos vitais parecem desaparecer no ar. Mas n\u00e3o tema, pois o software de recupera\u00e7\u00e3o [&hellip;]","og_url":"https:\/\/datarecovery.ping.fm\/pt\/easeus-data-recovery\/","og_site_name":"Software de Recupera\u00e7\u00e3o de Dados","article_modified_time":"2024-02-29T18:51:14+00:00","og_image":[{"width":1280,"height":731,"url":"https:\/\/datarecovery.ping.fm\/wp-content\/uploads\/2024\/03\/Easeus-Data-Recovery-Review-Pros-Cons-Portuguese.jpg","type":"image\/jpeg"}],"twitter_card":"summary_large_image","twitter_misc":{"Est. reading time":"4 minutos"},"schema":{"@context":"https:\/\/schema.org","@graph":[{"@type":"WebPage","@id":"https:\/\/datarecovery.ping.fm\/pt\/easeus-data-recovery\/","url":"https:\/\/datarecovery.ping.fm\/pt\/easeus-data-recovery\/","name":"Revis\u00e3o do Easeus Data Recovery & Aplicativos Alternativos em 2024 (Pr\u00f3s e Contras)","isPartOf":{"@id":"https:\/\/datarecovery.ping.fm\/pt\/#website"},"datePublished":"2024-01-15T20:25:31+00:00","dateModified":"2024-02-29T18:51:14+00:00","breadcrumb":{"@id":"https:\/\/datarecovery.ping.fm\/pt\/easeus-data-recovery\/#breadcrumb"},"inLanguage":"pt-PT","potentialAction":[{"@type":"ReadAction","target":["https:\/\/datarecovery.ping.fm\/pt\/easeus-data-recovery\/"]}]},{"@type":"BreadcrumbList","@id":"https:\/\/datarecovery.ping.fm\/pt\/easeus-data-recovery\/#breadcrumb","itemListElement":[{"@type":"ListItem","position":1,"name":"Home","item":"https:\/\/datarecovery.ping.fm\/pt\/"},{"@type":"ListItem","position":2,"name":"Revis\u00e3o do EaseUS Data Recovery (Pr\u00f3s e Contras)"}]},{"@type":"WebSite","@id":"https:\/\/datarecovery.ping.fm\/pt\/#website","url":"https:\/\/datarecovery.ping.fm\/pt\/","name":"Software de Recupera\u00e7\u00e3o de Dados","description":"","potentialAction":[{"@type":"SearchAction","target":{"@type":"EntryPoint","urlTemplate":"https:\/\/datarecovery.ping.fm\/pt\/?s={search_term_string}"},"query-input":"required name=search_term_string"}],"inLanguage":"pt-PT"}]}},"_links":{"self":[{"href":"https:\/\/datarecovery.ping.fm\/pt\/wp-json\/wp\/v2\/pages\/19431"}],"collection":[{"href":"https:\/\/datarecovery.ping.fm\/pt\/wp-json\/wp\/v2\/pages"}],"about":[{"href":"https:\/\/datarecovery.ping.fm\/pt\/wp-json\/wp\/v2\/types\/page"}],"author":[{"embeddable":true,"href":"https:\/\/datarecovery.ping.fm\/pt\/wp-json\/wp\/v2\/users\/2"}],"replies":[{"embeddable":true,"href":"https:\/\/datarecovery.ping.fm\/pt\/wp-json\/wp\/v2\/comments?post=19431"}],"version-history":[{"count":1,"href":"https:\/\/datarecovery.ping.fm\/pt\/wp-json\/wp\/v2\/pages\/19431\/revisions"}],"predecessor-version":[{"id":29092,"href":"https:\/\/datarecovery.ping.fm\/pt\/wp-json\/wp\/v2\/pages\/19431\/revisions\/29092"}],"wp:featuredmedia":[{"embeddable":true,"href":"https:\/\/datarecovery.ping.fm\/pt\/wp-json\/wp\/v2\/media\/33910"}],"wp:attachment":[{"href":"https:\/\/datarecovery.ping.fm\/pt\/wp-json\/wp\/v2\/media?parent=19431"}],"curies":[{"name":"wp","href":"https:\/\/api.w.org\/{rel}","templated":true}]}}