{"id":19178,"date":"2023-12-25T15:46:11","date_gmt":"2023-12-25T15:46:11","guid":{"rendered":"https:\/\/www.ping.fm\/data-recovery-software\/recover-deleted-files\/"},"modified":"2024-02-29T18:51:12","modified_gmt":"2024-02-29T18:51:12","slug":"recover-deleted-files","status":"publish","type":"page","link":"https:\/\/datarecovery.ping.fm\/pt\/recover-deleted-files\/","title":{"rendered":"Melhores Programas para Recuperar Arquivos Exclu\u00eddos no Mac"},"content":{"rendered":"<section>\n<h1>Principais Softwares para Recuperar Arquivos Exclu\u00eddos no Mac<\/h1>\n<div class=\"inbrief\">\n<div>             <img src=\"https:\/\/www.ping.fm\/data-recovery-software\/wp-content\/uploads\/ai\/Top-Software-to-Recover-Deleted-Files-on-Mac-Portuguese.jpg\" alt=\"Principais Softwares para Recuperar Arquivos Exclu\u00eddos no Mac\" title=\"Principais Softwares para Recuperar Arquivos Exclu\u00eddos no Mac\" width=\"1280\" height=\"720\">             <\/p>\n<p>J\u00e1 passou por aquele momento angustiante ao perceber que voc\u00ea excluiu acidentalmente um arquivo no seu Mac que era de fato bastante importante? Talvez fosse uma foto querida, um relat\u00f3rio cr\u00edtico ou apenas algumas anota\u00e7\u00f5es que voc\u00ea ainda n\u00e3o tinha terminado. Bem, sentir como se a informa\u00e7\u00e3o tivesse desaparecido para sempre \u00e9 algo muito comum, mas n\u00e3o se desespere, n\u00e3o \u00e9 o fim do mundo. Na verdade, os arquivos que voc\u00ea acha que perdeu podem muito bem ser recuper\u00e1veis e posso garantir isso pessoalmente. Deixe-me apresentar os melhores 5 aplicativos para recuperar arquivos exclu\u00eddos no Mac, incluindo meu favorito pessoal, o Disk Drill.<\/p>\n<\/div>\n<\/div>\n<\/section>\n<section>\n<div class=\"medal\">\n<div>&#129351;<\/div>\n<\/div>\n<h2><a href='https:\/\/www.cleverfiles.com\/disk-drill-mac.html' rel=\"nofollow noopener\" target='_blank'>Disk Drill<\/a><\/h2>\n<p><img src=\"https:\/\/www.ping.fm\/data-recovery-software\/wp-content\/uploads\/ai\/https---www-cleverfiles-com-disk-drill-mac-htmlPortuguese.jpg\"><\/p>\n<p>Do meu kit de ferramentas de recupera\u00e7\u00e3o de dados, o <b>Disk Drill<\/b> se destaca pela sua facilidade de uso e poderosas capacidades de varredura. Ele possui uma interface amig\u00e1vel que permite vasculhar dados recuper\u00e1veis como um profissional. Os algoritmos \u00fanicos do Disk Drill s\u00e3o projetados para salvar uma grande variedade de formatos de arquivo, tornando-o uma ferramenta vers\u00e1til adequada para quase qualquer cen\u00e1rio de exclus\u00e3o inesperada. Afinal, n\u00e3o \u00e9 reconhecido como um dos <b>melhores aplicativos para recuperar arquivos exclu\u00eddos<\/b> no Mac \u00e0 toa.<\/p>\n<p><a href='https:\/\/www.cleverfiles.com\/disk-drill-mac.html' rel=\"nofollow noopener\" target='_blank' class='ofWSite'>Site Oficial<\/a><\/p>\n<h3 class='prosTitle'>Pr\u00f3s<\/h3>\n<ul class='listpc pros'>\n<li>Interface intuitiva e f\u00e1cil de navegar<\/li>\n<li>Suporta v\u00e1rios sistemas de arquivos<\/li>\n<li>Op\u00e7\u00e3o de pr\u00e9-visualiza\u00e7\u00e3o de arquivos recuper\u00e1veis antes da recupera\u00e7\u00e3o real<\/li>\n<li>Ferramentas adicionais de disco para manuten\u00e7\u00e3o e monitoramento<\/li>\n<\/ul>\n<h3 class='consTitle'>Contras<\/h3>\n<ul class='listpc cons'>\n<li>Vers\u00e3o gratuita tem recursos limitados<\/li>\n<li>Recupera\u00e7\u00e3o completa requer uma atualiza\u00e7\u00e3o paga<\/li>\n<\/ul>\n<\/section>\n<section>\n<div class=\"medal\">\n<div>&#129352;<\/div>\n<\/div>\n<h2>EaseUS Data Recovery Wizard<\/h2>\n<p>O <b>Wizard de Recupera\u00e7\u00e3o de Dados EaseUS<\/b> promete um toque m\u00e1gico e, em muitos casos, est\u00e1 \u00e0 altura do nome. Eu o achei altamente eficaz para recuperar arquivos em v\u00e1rios cen\u00e1rios, como exclus\u00e3o acidental e perda de parti\u00e7\u00e3o. Sua abordagem direta, baseada em assistentes, guia voc\u00ea pelo processo de recupera\u00e7\u00e3o, o que pode ser um grande al\u00edvio durante os momentos estressantes de perda de dados.<\/p>\n<p>Site Oficial<\/p>\n<h3 class='prosTitle'>Pr\u00f3s<\/h3>\n<ul class='listpc pros'>\n<li>Interface amig\u00e1vel adequada para iniciantes<\/li>\n<li>Suporta m\u00eddias inicializ\u00e1veis para uso em emerg\u00eancias<\/li>\n<li>Vai al\u00e9m da simples recupera\u00e7\u00e3o de arquivos<\/li>\n<\/ul>\n<h3 class='consTitle'>Contras<\/h3>\n<ul class='listpc cons'>\n<li>Alguns acham o modelo de assinatura caro<\/li>\n<li>Velocidades de varredura podem ser lentas dependendo do tamanho do disco<\/li>\n<\/ul>\n<\/section>\n<section>\n<div class=\"medal\">\n<div>&#129353;<\/div>\n<\/div>\n<h2><a href='https:\/\/www.stellarinfo.com\/data-recovery-mac.php' rel=\"nofollow noopener\" target='_blank'>Stellar Data Recovery<\/a><\/h2>\n<p><img src=\"https:\/\/www.ping.fm\/data-recovery-software\/wp-content\/uploads\/ai\/https---www-stellarinfo-com-data-recovery-mac-phpPortuguese.jpg\"><\/p>\n<p>Quando se trata de recupera\u00e7\u00e3o de arquivos, o <b>Stellar Data Recovery<\/b> tem sido um salva-vidas mais de uma vez. Este aplicativo poderoso me ajudou a recuperar documentos perdidos ap\u00f3s exclus\u00e3o acidental ou corrup\u00e7\u00e3o. Ele serve tanto a profissionais quanto a usu\u00e1rios casuais, oferecendo diferentes edi\u00e7\u00f5es baseadas nas suas necessidades espec\u00edficas, o que considero extremamente pr\u00e1tico.<\/p>\n<p><a href='https:\/\/www.stellarinfo.com\/data-recovery-mac.php' rel=\"nofollow noopener\" target='_blank' class='ofWSite'>Site Oficial<\/a><\/p>\n<h3 class='prosTitle'>Pr\u00f3s<\/h3>\n<ul class='listpc pros'>\n<li>Interface amig\u00e1vel ao usu\u00e1rio<\/li>\n<li>Pode recuperar dados de unidades criptografadas<\/li>\n<li>Recupera\u00e7\u00e3o orientada ao desempenho<\/li>\n<\/ul>\n<h3 class='consTitle'>Contras<\/h3>\n<ul class='listpc cons'>\n<li>O conjunto completo de recursos pode ser um pouco caro<\/li>\n<li>Varreduras detalhadas podem ser demoradas<\/li>\n<\/ul>\n<\/section>\n<section>\n<div class=\"no-medal\">\n<div>4<\/div>\n<\/div>\n<h2>R-Studio para Mac<\/h2>\n<p>Mais voltado para o p\u00fablico t\u00e9cnico, o <b>R-Studio para Mac<\/b> brilha quando se trata de lidar com casos complexos de recupera\u00e7\u00e3o de dados, como recupera\u00e7\u00e3o de RAID. Embora possa ter uma curva de aprendizado mais \u00edngreme para o usu\u00e1rio m\u00e9dio, ele est\u00e1 repleto de recursos avan\u00e7ados e op\u00e7\u00f5es de personaliza\u00e7\u00e3o que entusiastas da tecnologia podem explorar. Se voc\u00ea est\u00e1 confort\u00e1vel com a tecnologia aprofundada, esta fera pode muito bem ser a melhor op\u00e7\u00e3o.<\/p>\n<p>Site Oficial<\/p>\n<h3 class='prosTitle'>Pr\u00f3s<\/h3>\n<ul class='listpc pros'>\n<li>Recursos avan\u00e7ados de recupera\u00e7\u00e3o de dados<\/li>\n<li>Suporta recupera\u00e7\u00e3o de rede via LAN<\/li>\n<li>Robusto visualizador de arquivos<\/li>\n<\/ul>\n<h3 class='consTitle'>Contras<\/h3>\n<ul class='listpc cons'>\n<li>Interface n\u00e3o t\u00e3o intuitiva para iniciantes<\/li>\n<li>O pre\u00e7o mais alto pode ser uma barreira<\/li>\n<\/ul>\n<\/section>\n<section>\n<div class=\"no-medal\">\n<div>5<\/div>\n<\/div>\n<h2>Data Rescue 5 para Mac<\/h2>\n<p>Oferecendo um equil\u00edbrio entre facilidade de uso e robustez de funcionalidades, o <b>Data Rescue 5 para Mac<\/b> conquistou seu lugar no kit de ferramentas pela sua abordagem direta \u00e0 recupera\u00e7\u00e3o de arquivos. Operando em uma interface clara e concisa, ele apresenta um processo de recupera\u00e7\u00e3o sem complica\u00e7\u00f5es, mantendo ainda assim o poder de n\u00edvel profissional por baixo do cap\u00f4.<\/p>\n<p>Site Oficial<\/p>\n<h3 class='prosTitle'>Pr\u00f3s<\/h3>\n<ul class='listpc pros'>\n<li>Interface simples e limpa<\/li>\n<li>Processo de varredura minucioso<\/li>\n<li>Notifica\u00e7\u00f5es dedicadas por email sobre a conclus\u00e3o da varredura<\/li>\n<\/ul>\n<h3 class='consTitle'>Contras<\/h3>\n<ul class='listpc cons'>\n<li>A funcionalidade de visualiza\u00e7\u00e3o pr\u00e9via pode ser inconsistente<\/li>\n<li>O processo de recupera\u00e7\u00e3o pode ser \u00e0s vezes mais lento que o dos concorrentes<\/li>\n<\/ul>\n<\/section>\n<section>\n<h2>V\u00eddeo do Youtube para assistir<\/h2>\n<div class=\"nonp iframe\"><iframe width=\"420\" height=\"315\" src=\"\/\/www.youtube.com\/embed\/9aVZqFygw8I\" frameborder=\"0\" allowfullscreen><\/iframe><\/div>\n<\/section>\n<section>\n<h2>Conclus\u00e3o:<\/h2>\n<div class=\"nonp\">\n<p>Agora, quero fornecer a voc\u00ea algumas informa\u00e7\u00f5es adicionais sobre a recupera\u00e7\u00e3o de arquivos no Mac. Entender a mec\u00e2nica de como a exclus\u00e3o de arquivos funciona \u00e9 crucial se voc\u00ea tiver alguma chance de recuperar seus dados. Quando os arquivos s\u00e3o deletados, eles n\u00e3o s\u00e3o imediatamente apagados do sistema. Em vez disso, o espa\u00e7o que ocupavam \u00e9 marcado como &#8216;dispon\u00edvel&#8217; para ser sobrescrito por novos dados. Isso significa que os arquivos permanecem recuper\u00e1veis at\u00e9 que esse espa\u00e7o seja utilizado por outra coisa.<\/p>\n<p>\u00c9 tamb\u00e9m prudente considerar a cria\u00e7\u00e3o de um drive de recupera\u00e7\u00e3o inicializ\u00e1vel. Isso pode ser um salva-vidas, especialmente se o seu Mac falhar ao iniciar ap\u00f3s a perda de dados. Com isso preparado com anteced\u00eancia, voc\u00ea est\u00e1 sempre pronto para o pior cen\u00e1rio. H\u00e1 uma ampla gama de recursos para ajud\u00e1-lo com isso, mas n\u00e3o hesite em consultar um profissional se voc\u00ea n\u00e3o tiver certeza sobre o processo.<\/p>\n<p>Al\u00e9m disso, vamos falar sobre armazenamento em nuvem e backups regulares. Sim, isso \u00e9 sempre mencionado, mas por boas raz\u00f5es. Servi\u00e7os como iCloud, Dropbox ou Time Machine podem ser verdadeiros her\u00f3is em situa\u00e7\u00f5es de backup e recupera\u00e7\u00e3o. Eles s\u00e3o a rede de seguran\u00e7a que voc\u00ea n\u00e3o vai valorizar o suficiente at\u00e9 realmente precisar.<\/p>\n<p>Finalmente, fique de olho para encontrar o <a href='https:\/\/www.handyrecovery.com\/best-mac-disk-repair-software\/' rel=\"dofollow noopener\" target='_blank'>melhor aplicativo para recuperar arquivos<\/a>. Uma ferramenta confi\u00e1vel n\u00e3o apenas ajuda na recupera\u00e7\u00e3o; ela tamb\u00e9m pode auxiliar no diagn\u00f3stico de sa\u00fade do disco e prevenir futuros contratempos. Vamos manter o bem-estar do nosso Mac juntos, assim como cuidar\u00edamos da nossa pr\u00f3pria sa\u00fade.<\/p>\n<\/div>\n<\/section>\n","protected":false},"excerpt":{"rendered":"<p>Principais Softwares para Recuperar Arquivos Exclu\u00eddos no Mac J\u00e1 passou por aquele momento angustiante ao perceber que voc\u00ea excluiu acidentalmente um arquivo no seu Mac que era de fato bastante importante? Talvez fosse uma foto querida, um relat\u00f3rio cr\u00edtico ou apenas algumas anota\u00e7\u00f5es que voc\u00ea ainda n\u00e3o tinha terminado. Bem, sentir como se a informa\u00e7\u00e3o [&hellip;]<\/p>\n","protected":false},"author":2,"featured_media":33887,"parent":0,"menu_order":0,"comment_status":"closed","ping_status":"closed","template":"chromecast.php","meta":{"_stopmodifiedupdate":false,"_modified_date":"","_lmt_disableupdate":"yes","_lmt_disable":""},"acf":[],"yoast_head":"<!-- This site is optimized with the Yoast SEO plugin v20.9 - https:\/\/yoast.com\/wordpress\/plugins\/seo\/ -->\n<title>Principais Softwares para Recupera\u00e7\u00e3o de Arquivos Exclu\u00eddos no Mac. Pr\u00f3s e Contras. Nov 2023<\/title>\n<meta name=\"robots\" content=\"index, follow, max-snippet:-1, max-image-preview:large, max-video-preview:-1\" \/>\n<link rel=\"canonical\" href=\"https:\/\/datarecovery.ping.fm\/pt\/recover-deleted-files\/\" \/>\n<meta property=\"og:locale\" content=\"pt_PT\" \/>\n<meta property=\"og:type\" content=\"article\" \/>\n<meta property=\"og:title\" content=\"Principais Softwares para Recupera\u00e7\u00e3o de Arquivos Exclu\u00eddos no Mac. Pr\u00f3s e Contras. Nov 2023\" \/>\n<meta property=\"og:description\" content=\"Principais Softwares para Recuperar Arquivos Exclu\u00eddos no Mac J\u00e1 passou por aquele momento angustiante ao perceber que voc\u00ea excluiu acidentalmente um arquivo no seu Mac que era de fato bastante importante? Talvez fosse uma foto querida, um relat\u00f3rio cr\u00edtico ou apenas algumas anota\u00e7\u00f5es que voc\u00ea ainda n\u00e3o tinha terminado. Bem, sentir como se a informa\u00e7\u00e3o [&hellip;]\" \/>\n<meta property=\"og:url\" content=\"https:\/\/datarecovery.ping.fm\/pt\/recover-deleted-files\/\" \/>\n<meta property=\"og:site_name\" content=\"Software de Recupera\u00e7\u00e3o de Dados\" \/>\n<meta property=\"article:modified_time\" content=\"2024-02-29T18:51:12+00:00\" \/>\n<meta property=\"og:image\" content=\"https:\/\/datarecovery.ping.fm\/wp-content\/uploads\/2024\/03\/Top-Software-to-Recover-Deleted-Files-on-Mac-Portuguese.jpg\" \/>\n\t<meta property=\"og:image:width\" content=\"1280\" \/>\n\t<meta property=\"og:image:height\" content=\"731\" \/>\n\t<meta property=\"og:image:type\" content=\"image\/jpeg\" \/>\n<meta name=\"twitter:card\" content=\"summary_large_image\" \/>\n<meta name=\"twitter:label1\" content=\"Est. reading time\" \/>\n\t<meta name=\"twitter:data1\" content=\"5 minutos\" \/>\n<script type=\"application\/ld+json\" class=\"yoast-schema-graph\">{\"@context\":\"https:\/\/schema.org\",\"@graph\":[{\"@type\":\"WebPage\",\"@id\":\"https:\/\/datarecovery.ping.fm\/pt\/recover-deleted-files\/\",\"url\":\"https:\/\/datarecovery.ping.fm\/pt\/recover-deleted-files\/\",\"name\":\"Principais Softwares para Recupera\u00e7\u00e3o de Arquivos Exclu\u00eddos no Mac. Pr\u00f3s e Contras. Nov 2023\",\"isPartOf\":{\"@id\":\"https:\/\/datarecovery.ping.fm\/pt\/#website\"},\"datePublished\":\"2023-12-25T15:46:11+00:00\",\"dateModified\":\"2024-02-29T18:51:12+00:00\",\"breadcrumb\":{\"@id\":\"https:\/\/datarecovery.ping.fm\/pt\/recover-deleted-files\/#breadcrumb\"},\"inLanguage\":\"pt-PT\",\"potentialAction\":[{\"@type\":\"ReadAction\",\"target\":[\"https:\/\/datarecovery.ping.fm\/pt\/recover-deleted-files\/\"]}]},{\"@type\":\"BreadcrumbList\",\"@id\":\"https:\/\/datarecovery.ping.fm\/pt\/recover-deleted-files\/#breadcrumb\",\"itemListElement\":[{\"@type\":\"ListItem\",\"position\":1,\"name\":\"Home\",\"item\":\"https:\/\/datarecovery.ping.fm\/pt\/\"},{\"@type\":\"ListItem\",\"position\":2,\"name\":\"Melhores Programas para Recuperar Arquivos Exclu\u00eddos no Mac\"}]},{\"@type\":\"WebSite\",\"@id\":\"https:\/\/datarecovery.ping.fm\/pt\/#website\",\"url\":\"https:\/\/datarecovery.ping.fm\/pt\/\",\"name\":\"Software de Recupera\u00e7\u00e3o de Dados\",\"description\":\"\",\"potentialAction\":[{\"@type\":\"SearchAction\",\"target\":{\"@type\":\"EntryPoint\",\"urlTemplate\":\"https:\/\/datarecovery.ping.fm\/pt\/?s={search_term_string}\"},\"query-input\":\"required name=search_term_string\"}],\"inLanguage\":\"pt-PT\"}]}<\/script>\n<!-- \/ Yoast SEO plugin. -->","yoast_head_json":{"title":"Principais Softwares para Recupera\u00e7\u00e3o de Arquivos Exclu\u00eddos no Mac. Pr\u00f3s e Contras. Nov 2023","robots":{"index":"index","follow":"follow","max-snippet":"max-snippet:-1","max-image-preview":"max-image-preview:large","max-video-preview":"max-video-preview:-1"},"canonical":"https:\/\/datarecovery.ping.fm\/pt\/recover-deleted-files\/","og_locale":"pt_PT","og_type":"article","og_title":"Principais Softwares para Recupera\u00e7\u00e3o de Arquivos Exclu\u00eddos no Mac. Pr\u00f3s e Contras. Nov 2023","og_description":"Principais Softwares para Recuperar Arquivos Exclu\u00eddos no Mac J\u00e1 passou por aquele momento angustiante ao perceber que voc\u00ea excluiu acidentalmente um arquivo no seu Mac que era de fato bastante importante? Talvez fosse uma foto querida, um relat\u00f3rio cr\u00edtico ou apenas algumas anota\u00e7\u00f5es que voc\u00ea ainda n\u00e3o tinha terminado. Bem, sentir como se a informa\u00e7\u00e3o [&hellip;]","og_url":"https:\/\/datarecovery.ping.fm\/pt\/recover-deleted-files\/","og_site_name":"Software de Recupera\u00e7\u00e3o de Dados","article_modified_time":"2024-02-29T18:51:12+00:00","og_image":[{"width":1280,"height":731,"url":"https:\/\/datarecovery.ping.fm\/wp-content\/uploads\/2024\/03\/Top-Software-to-Recover-Deleted-Files-on-Mac-Portuguese.jpg","type":"image\/jpeg"}],"twitter_card":"summary_large_image","twitter_misc":{"Est. reading time":"5 minutos"},"schema":{"@context":"https:\/\/schema.org","@graph":[{"@type":"WebPage","@id":"https:\/\/datarecovery.ping.fm\/pt\/recover-deleted-files\/","url":"https:\/\/datarecovery.ping.fm\/pt\/recover-deleted-files\/","name":"Principais Softwares para Recupera\u00e7\u00e3o de Arquivos Exclu\u00eddos no Mac. Pr\u00f3s e Contras. Nov 2023","isPartOf":{"@id":"https:\/\/datarecovery.ping.fm\/pt\/#website"},"datePublished":"2023-12-25T15:46:11+00:00","dateModified":"2024-02-29T18:51:12+00:00","breadcrumb":{"@id":"https:\/\/datarecovery.ping.fm\/pt\/recover-deleted-files\/#breadcrumb"},"inLanguage":"pt-PT","potentialAction":[{"@type":"ReadAction","target":["https:\/\/datarecovery.ping.fm\/pt\/recover-deleted-files\/"]}]},{"@type":"BreadcrumbList","@id":"https:\/\/datarecovery.ping.fm\/pt\/recover-deleted-files\/#breadcrumb","itemListElement":[{"@type":"ListItem","position":1,"name":"Home","item":"https:\/\/datarecovery.ping.fm\/pt\/"},{"@type":"ListItem","position":2,"name":"Melhores Programas para Recuperar Arquivos Exclu\u00eddos no Mac"}]},{"@type":"WebSite","@id":"https:\/\/datarecovery.ping.fm\/pt\/#website","url":"https:\/\/datarecovery.ping.fm\/pt\/","name":"Software de Recupera\u00e7\u00e3o de Dados","description":"","potentialAction":[{"@type":"SearchAction","target":{"@type":"EntryPoint","urlTemplate":"https:\/\/datarecovery.ping.fm\/pt\/?s={search_term_string}"},"query-input":"required name=search_term_string"}],"inLanguage":"pt-PT"}]}},"_links":{"self":[{"href":"https:\/\/datarecovery.ping.fm\/pt\/wp-json\/wp\/v2\/pages\/19178"}],"collection":[{"href":"https:\/\/datarecovery.ping.fm\/pt\/wp-json\/wp\/v2\/pages"}],"about":[{"href":"https:\/\/datarecovery.ping.fm\/pt\/wp-json\/wp\/v2\/types\/page"}],"author":[{"embeddable":true,"href":"https:\/\/datarecovery.ping.fm\/pt\/wp-json\/wp\/v2\/users\/2"}],"replies":[{"embeddable":true,"href":"https:\/\/datarecovery.ping.fm\/pt\/wp-json\/wp\/v2\/comments?post=19178"}],"version-history":[{"count":1,"href":"https:\/\/datarecovery.ping.fm\/pt\/wp-json\/wp\/v2\/pages\/19178\/revisions"}],"predecessor-version":[{"id":29080,"href":"https:\/\/datarecovery.ping.fm\/pt\/wp-json\/wp\/v2\/pages\/19178\/revisions\/29080"}],"wp:featuredmedia":[{"embeddable":true,"href":"https:\/\/datarecovery.ping.fm\/pt\/wp-json\/wp\/v2\/media\/33887"}],"wp:attachment":[{"href":"https:\/\/datarecovery.ping.fm\/pt\/wp-json\/wp\/v2\/media?parent=19178"}],"curies":[{"name":"wp","href":"https:\/\/api.w.org\/{rel}","templated":true}]}}