{"id":18925,"date":"2024-01-08T12:01:16","date_gmt":"2024-01-08T12:01:16","guid":{"rendered":"https:\/\/www.ping.fm\/data-recovery-software\/sdhc-data-recovery\/"},"modified":"2024-02-16T09:01:12","modified_gmt":"2024-02-16T09:01:12","slug":"sdhc-data-recovery","status":"publish","type":"page","link":"https:\/\/datarecovery.ping.fm\/pt\/sdhc-data-recovery\/","title":{"rendered":"Como Recuperar Arquivos Deletados de um Cart\u00e3o SDHC GRATUITAMENTE"},"content":{"rendered":"<section>\n<h1>Como Recuperar Arquivos Deletados de um Cart\u00e3o SDHC GRATUITAMENTE<\/h1>\n<div class=\"inbrief\">\n<div>             <img decoding=\"async\" class=\"lazyload\"  srcset=\"data:image\/png;base64,iVBORw0KGgoAAAANSUhEUgAABLAAAAKkAQMAAAAqeFQ7AAAAA3NCSVQICAjb4U\/gAAAABlBMVEX\/\/\/\/\/\/\/9VfPVsAAAAAnRSTlMA\/1uRIrUAAAAJcEhZcwAACxIAAAsSAdLdfvwAAAAcdEVYdFNvZnR3YXJlAEFkb2JlIEZpcmV3b3JrcyBDUzbovLKMAAAAFnRFWHRDcmVhdGlvbiBUaW1lADAxLzI5LzE536V52wAAAHpJREFUeJztwQENAAAAwqD3T20ON6AAAAAAAAAAAAAAAAAAAAAAAAAAAAAAAAAAAAAAAAAAAAAAAAAAAAAAAAAAAAAAAAAAAAAAAAAAAAAAAAAAAAAAAAAAAAAAAAAAAAAAAAAAAAAAAAAAAAAAAAAAAAAAAAAAAIAHA47LAAHp9LjEAAAAAElFTkSuQmCC\" src=\"https:\/\/www.ping.fm\/data-recovery-software\/wp-content\/uploads\/ai\/How-to-Recover-Deleted-Files-from-an-SDHC-Card-for-FREE-Portuguese.jpg\" data-srcset=\"https:\/\/www.ping.fm\/data-recovery-software\/wp-content\/uploads\/ai\/How-to-Recover-Deleted-Files-from-an-SDHC-Card-for-FREE-Portuguese.jpg\" data-lazy-type=\"image\" data-original=\"https:\/\/www.ping.fm\/data-recovery-software\/wp-content\/uploads\/ai\/How-to-Recover-Deleted-Files-from-an-SDHC-Card-for-FREE-Portuguese.jpg\" alt=\"Como Recuperar Arquivos Deletados de um Cart\u00e3o SDHC GRATUITAMENTE\" title=\"Como Recuperar Arquivos Deletados de um Cart\u00e3o SDHC GRATUITAMENTE\" width=\"1280\" height=\"720\">             <\/p>\n<p>Perder arquivos valiosos de um cart\u00e3o SDHC pode ser uma experi\u00eancia estressante, especialmente quando eles cont\u00eam dados importantes. Felizmente, existem v\u00e1rias maneiras de recuperar arquivos deletados de um cart\u00e3o SDHC gratuitamente. A recupera\u00e7\u00e3o de arquivos deletados envolve o uso de softwares espec\u00edficos que podem restaurar os dados acessando o armazenamento subjacente do cart\u00e3o, mesmo ap\u00f3s os arquivos terem sido exclu\u00eddos. Neste guia pr\u00e1tico, passaremos por v\u00e1rios m\u00e9todos para recuperar seus dados perdidos sem gastar um centavo. Al\u00e9m disso, estar ciente da <a href=\"https:\/\/gamespec.tech\/how-to-check-health-of-an-sd-card-on-windows-and-mac\/\" rel=\"dofollow external noopener noreferrer\" target=\"_blank\" data-wpel-link=\"external\">sa\u00fade do seu cart\u00e3o SD<\/a> \u00e9 crucial, pois pode afetar o sucesso da recupera\u00e7\u00e3o de dados. Agora, vamos explorar os diferentes cen\u00e1rios em que voc\u00ea pode precisar recuperar arquivos, juntamente com guias passo-a-passo detalhados para cada m\u00e9todo de recupera\u00e7\u00e3o.<\/p>\n<\/div>\n<\/div>\n<\/section>\n<section>\n<div>\n<div>1<\/div>\n<h2>Cen\u00e1rios Comuns:<\/h2>\n<\/div>\n<h3>Erros Comuns de Formata\u00e7\u00e3o &#128260;<\/h3>\n<ul>\n<li>Selecionar acidentalmente <b>&#8216;Formatar&#8217;<\/b> ao tentar ejetar seu cart\u00e3o SDHC do computador.<\/li>\n<li>Receber uma mensagem de erro <b>&#8216;O cart\u00e3o n\u00e3o est\u00e1 formatado, deseja format\u00e1-lo agora?&#8217;<\/b> e confirmar o processo de formata\u00e7\u00e3o por engano.<\/li>\n<li>Usar o cart\u00e3o SDHC entre diferentes dispositivos e format\u00e1-lo inadvertidamente devido a uma mensagem em um dispositivo.<\/li>\n<\/ul>\n<h3>Exclus\u00f5es Acidentais &#128465;<\/h3>\n<ul>\n<li>Sele\u00e7\u00e3o acidental da op\u00e7\u00e3o <b>&#8216;Excluir Tudo&#8217;<\/b> em sua c\u00e2mera ou outro dispositivo.<\/li>\n<li>Excluir arquivos enquanto navega pelo cart\u00e3o SDHC no seu computador sem perceber a sua import\u00e2ncia.<\/li>\n<li>Usar o comando <b>&#8216;Shift + Delete&#8217;<\/b> no computador, pulando a lixeira.<\/li>\n<\/ul>\n<h3>Problemas T\u00e9cnicos &#9881;<\/h3>\n<ul>\n<li>Corrup\u00e7\u00e3o do cart\u00e3o SDHC levando \u00e0 perda da estrutura de arquivos e, consequentemente, dos arquivos.<\/li>\n<li>Remover o cart\u00e3o SDHC abruptamente de um dispositivo ou PC, causando perda de dados.<\/li>\n<li>Problemas com particionamento ou erros no sistema de arquivos que resultam em dados inacess\u00edveis.<\/li>\n<\/ul>\n<\/section>\n<section class=\"stepByStep\">\n<div>\n<div>2<\/div>\n<h2>Guia Passo-a-Passo. Recupera\u00e7\u00e3o de Cart\u00e3o SDHC:<\/h2>\n<\/div>\n<h3>M\u00e9todo 1: Utilizar Ferramentas Internas do Windows &#128736;<\/h3>\n<ul>\n<li>Insira o cart\u00e3o SDHC no seu <b>PC<\/b> usando um leitor de cart\u00e3o.<\/li>\n<li>Abra o <b>Explorador de Arquivos<\/b> e navegue at\u00e9 <b>&#8216;Este Computador&#8217;<\/b>.<\/li>\n<li>Clique com o bot\u00e3o direito no seu cart\u00e3o SDHC e selecione <b>&#8216;Propriedades&#8217;<\/b> > <b>&#8216;Vers\u00f5es Anteriores&#8217;<\/b>.<\/li>\n<li>Se dispon\u00edvel, selecione uma <b>vers\u00e3o anterior<\/b> da pasta onde seu arquivo estava armazenado e clique em <b>&#8216;Restaurar&#8217;<\/b>.<\/li>\n<\/ul>\n<p><b>Nota:<\/b> Este m\u00e9todo funciona se voc\u00ea tiver o <b>Ponto de Restaura\u00e7\u00e3o do Sistema<\/b> ativado e o cart\u00e3o SDHC tiver sido inclu\u00eddo em um ponto de restaura\u00e7\u00e3o.<\/p>\n<p><b>Conclus\u00e3o:<\/b> Embora eficaz para quem est\u00e1 preparado, pode n\u00e3o funcionar para todos, j\u00e1 que nem todos mant\u00eam o Ponto de Restaura\u00e7\u00e3o do Sistema ativo.<\/p>\n<h3>M\u00e9todo 2: Usar Software de Recupera\u00e7\u00e3o &#128421;<\/h3>\n<ul>\n<li>Baixe e instale um software de recupera\u00e7\u00e3o de arquivos de confian\u00e7a, como o <b>Recuva<\/b> do <a href=\"https:\/\/www.ccleaner.com\/recuva\" rel=\"nofollow external noopener noreferrer\" target=\"_blank\" data-wpel-link=\"external\">site oficial<\/a>.<\/li>\n<li>Inicie o programa e selecione a op\u00e7\u00e3o para <b>recuperar arquivos de cart\u00f5es de m\u00eddia<\/b>.<\/li>\n<li>Escolha seu cart\u00e3o SDHC no software e inicie a <b>varredura<\/b>.<\/li>\n<li>Ap\u00f3s a varredura ser conclu\u00edda, selecione os arquivos que deseja recuperar e clique em <b>&#8216;Recuperar&#8217;<\/b>.<\/li>\n<\/ul>\n<p><b>Nota:<\/b> A vers\u00e3o gratuita da maioria dos softwares de recupera\u00e7\u00e3o tem limita\u00e7\u00f5es quanto ao tamanho dos arquivos ou ao n\u00famero de arquivos recuper\u00e1veis.<\/p>\n<p><b>Conclus\u00e3o:<\/b> Este \u00e9 geralmente o m\u00e9todo mais robusto se nenhum backup estiver dispon\u00edvel. \u00c9 f\u00e1cil de usar e geralmente confi\u00e1vel.<\/p>\n<h3>M\u00e9todo 3: Recupera\u00e7\u00e3o por Linha de Comando &#128221;<\/h3>\n<ul>\n<li><b>Conecte<\/b> o cart\u00e3o SDHC ao seu PC e anote a letra da unidade no <b>Explorador de Arquivos<\/b>.<\/li>\n<li>Abra o <b>Prompt de Comando<\/b> como administrador, procurando por <b>&#8216;cmd&#8217;<\/b> no menu iniciar.<\/li>\n<li>Digite <b>&#8216;chkdsk X: \/f&#8217;<\/b> (substitua X pela letra da unidade do seu cart\u00e3o SDHC) e pressione <b>Enter<\/b>.<\/li>\n<li>Ap\u00f3s a conclus\u00e3o do processo, verifique no diret\u00f3rio do cart\u00e3o SDHC se h\u00e1 uma nova pasta criada com seus arquivos recuperados.<\/li>\n<\/ul>\n<p><b>Nota:<\/b> Este m\u00e9todo pode n\u00e3o funcionar sempre, especialmente se o dano ao sistema de arquivos for significativo.<\/p>\n<p><b>Conclus\u00e3o:<\/b> Uma ferramenta gratuita \u00fatil para corrup\u00e7\u00f5es menores, mas pode n\u00e3o ser suficiente para cen\u00e1rios mais graves de perda de dados.<\/p>\n<h3>M\u00e9todo 4: Usar Software de Recupera\u00e7\u00e3o de Fotos &#128248;<\/h3>\n<ul>\n<li>Baixe um software de recupera\u00e7\u00e3o de fotos como o <b>ZAR (Zero Assumption Recovery)<\/b> do <a href=\"https:\/\/www.z-a-recovery.com\/\" rel=\"nofollow external noopener noreferrer\" target=\"_blank\" data-wpel-link=\"external\">site oficial<\/a>.<\/li>\n<li>Instale e <b>abra<\/b> o software, depois selecione a op\u00e7\u00e3o <b>&#8216;Recupera\u00e7\u00e3o de Imagens (Gr\u00e1tis)&#8217;<\/b>.<\/li>\n<li>Escolha o seu <b>cart\u00e3o SDHC<\/b> da lista e inicie a varredura.<\/li>\n<li>Selecione as imagens que precisa recuperar assim que a varredura terminar e salve-as em um local diferente.<\/li>\n<\/ul>\n<p><b>Nota:<\/b> Certifique-se de recuperar os arquivos para o seu computador ou outro dispositivo de armazenamento, e n\u00e3o para o cart\u00e3o SDHC.<\/p>\n<p><b>Conclus\u00e3o:<\/b> Este m\u00e9todo \u00e9 ideal para recuperar fotos e \u00e0s vezes oferece visualiza\u00e7\u00f5es antes da recupera\u00e7\u00e3o.<\/p>\n<h3>M\u00e9todo 5: Ferramentas de Recupera\u00e7\u00e3o de Dados do Linux &#128039;<\/h3>\n<ul>\n<li>Inicialize um <b>CD\/USB live do Linux<\/b> no seu PC, certificando-se de que o cart\u00e3o SDHC esteja conectado.<\/li>\n<li>Use ferramentas como o <b>Photorec<\/b>, inclu\u00eddo no pacote <b>TestDisk<\/b>, dispon\u00edvel na maioria das distribui\u00e7\u00f5es Linux.<\/li>\n<li>Inicie o <b>Photorec<\/b> e siga as instru\u00e7\u00f5es na tela para varrer seu cart\u00e3o SDHC e restaurar arquivos.<\/li>\n<\/ul>\n<p><b>Nota:<\/b> O Photorec funciona melhor para tipos comuns de arquivos, como imagens, v\u00eddeos e documentos, mas pode n\u00e3o recuperar todos os tipos de arquivos.<\/p>\n<p><b>Conclus\u00e3o:<\/b> \u00d3timo para usu\u00e1rios confort\u00e1veis com o Linux; os algoritmos poderosos do Photorec podem recuperar uma grande variedade de arquivos.<\/p>\n<\/section>\n<section>\n<div>\n<div>3<\/div>\n<h2>Precau\u00e7\u00f5es e Dicas:<\/h2>\n<\/div>\n<h3>Proteja Seus Dados! &#128274;<\/h3>\n<ul>\n<li>Sempre <b>ejetar<\/b> o cart\u00e3o SDHC com seguran\u00e7a para prevenir corrup\u00e7\u00e3o de dados.<\/li>\n<li>Mantenha consistentemente <b>backups<\/b> dos seus dados importantes em um dispositivo separado ou servi\u00e7o de nuvem.<\/li>\n<li>Verifique regularmente o seu cart\u00e3o SDHC quanto a erros usando softwares dedicados ou ferramentas de utilit\u00e1rios de disco.<\/li>\n<li>N\u00e3o use o cart\u00e3o SDHC ap\u00f3s a perda de dados para evitar sobrescrever os arquivos deletados, o que pode tornar a recupera\u00e7\u00e3o imposs\u00edvel.<\/li>\n<\/ul>\n<h3>Prontid\u00e3o para Recupera\u00e7\u00e3o &#128190;<\/h3>\n<ul>\n<li>Baixe software de recupera\u00e7\u00e3o de dados antecipadamente; estar preparado \u00e9 a chave!<\/li>\n<li>Mantenha-se informado sobre <b>atualiza\u00e7\u00f5es recentes<\/b> e <b>patches<\/b> para o seu software de recupera\u00e7\u00e3o.<\/li>\n<li>Entenda os <b>sistemas de arquivos<\/b> usados pelo seu cart\u00e3o SDHC (por exemplo, FAT32, exFAT) para abordar a recupera\u00e7\u00e3o da melhor forma.<\/li>\n<\/ul>\n<\/section>\n<section>\n<div>\n<div>4<\/div>\n<h2>Cuidados com o Cart\u00e3o SDHC<\/h2>\n<\/div>\n<p>Cuidar do seu cart\u00e3o SDHC \u00e9 crucial para garantir uma longa vida \u00fatil e proteger os dados armazenados nele. Certifique-se de <b>manusear seu cart\u00e3o SDHC com cuidado<\/b>, evitando danos f\u00edsicos de quedas ou ambientes agressivos. <b>Use estojos de armazenamento adequados<\/b> para manter os cart\u00f5es seguros quando n\u00e3o estiverem em uso. Al\u00e9m disso, realize regularmente <b>verifica\u00e7\u00e3o de erros<\/b> e <b>desfragmenta\u00e7\u00e3o<\/b> (para sistemas de arquivos FAT32) para manter o desempenho otimizado.<\/p>\n<p>Quando se trata de recupera\u00e7\u00e3o de dados, lembre-se de que <b>o tempo \u00e9 essencial<\/b>. Assim que perceber que arquivos est\u00e3o faltando, \u00e9 melhor iniciar o processo de recupera\u00e7\u00e3o. O uso cont\u00ednuo do cart\u00e3o pode levar a que novos dados sobrescrevam o espa\u00e7o onde os arquivos exclu\u00eddos residem, tornando-os irrecuper\u00e1veis. Portanto, quanto mais r\u00e1pido voc\u00ea agir, maiores ser\u00e3o suas chances de recupera\u00e7\u00e3o completa.<\/p>\n<\/p>\n<\/section>\n<section>\n<h2>Conclus\u00e3o:<\/h2>\n<div class=\"nonp\">\n<p>Em resumo, recuperar arquivos deletados de um cart\u00e3o SDHC gratuitamente \u00e9 poss\u00edvel atrav\u00e9s de uma variedade de m\u00e9todos, cada um com seu conjunto de vantagens. Desde <b>ferramentas integradas<\/b> dispon\u00edveis no seu sistema operacional at\u00e9 <b>softwares especializados em recupera\u00e7\u00e3o<\/b>, voc\u00ea tem uma boa chance de recuperar seus dados preciosos. \u00c9 importante agir rapidamente e manusear o cart\u00e3o com cuidado para evitar mais perda de dados.<\/p>\n<p>Ser proativo em rela\u00e7\u00e3o \u00e0 <b>sa\u00fade do cart\u00e3o SDHC<\/b> e \u00e0 manuten\u00e7\u00e3o de rotina \u00e9 tamb\u00e9m uma excelente estrat\u00e9gia para evitar a necessidade de recupera\u00e7\u00e3o em primeiro lugar. Agora que voc\u00ea est\u00e1 equipado com o conhecimento e as ferramentas para lidar com a perda de dados no seu cart\u00e3o SDHC, pode se sentir mais seguro ao gerenciar e proteger seus arquivos digitais.<\/p>\n<\/div>\n<\/section>\n","protected":false},"excerpt":{"rendered":"<p>Como Recuperar Arquivos Deletados de um Cart\u00e3o SDHC GRATUITAMENTE Perder arquivos valiosos de um cart\u00e3o SDHC pode ser uma experi\u00eancia estressante, especialmente quando eles cont\u00eam dados importantes. Felizmente, existem v\u00e1rias maneiras de recuperar arquivos deletados de um cart\u00e3o SDHC gratuitamente. A recupera\u00e7\u00e3o de arquivos deletados envolve o uso de softwares espec\u00edficos que podem restaurar os [&hellip;]<\/p>\n","protected":false},"author":2,"featured_media":33864,"parent":0,"menu_order":0,"comment_status":"closed","ping_status":"closed","template":"chromecast.php","meta":{"_stopmodifiedupdate":false,"_modified_date":"","_lmt_disableupdate":"yes","_lmt_disable":""},"acf":[],"yoast_head":"<!-- This site is optimized with the Yoast SEO plugin v20.9 - https:\/\/yoast.com\/wordpress\/plugins\/seo\/ -->\n<title>Como Recuperar Arquivos Exclu\u00eddos de um Cart\u00e3o SDHC Gratuitamente (2024)<\/title>\n<meta name=\"robots\" content=\"index, follow, max-snippet:-1, max-image-preview:large, max-video-preview:-1\" \/>\n<link rel=\"canonical\" href=\"https:\/\/datarecovery.ping.fm\/pt\/sdhc-data-recovery\/\" \/>\n<meta property=\"og:locale\" content=\"pt_PT\" \/>\n<meta property=\"og:type\" content=\"article\" \/>\n<meta property=\"og:title\" content=\"Como Recuperar Arquivos Exclu\u00eddos de um Cart\u00e3o SDHC Gratuitamente (2024)\" \/>\n<meta property=\"og:description\" content=\"Como Recuperar Arquivos Deletados de um Cart\u00e3o SDHC GRATUITAMENTE Perder arquivos valiosos de um cart\u00e3o SDHC pode ser uma experi\u00eancia estressante, especialmente quando eles cont\u00eam dados importantes. Felizmente, existem v\u00e1rias maneiras de recuperar arquivos deletados de um cart\u00e3o SDHC gratuitamente. A recupera\u00e7\u00e3o de arquivos deletados envolve o uso de softwares espec\u00edficos que podem restaurar os [&hellip;]\" \/>\n<meta property=\"og:url\" content=\"https:\/\/datarecovery.ping.fm\/pt\/sdhc-data-recovery\/\" \/>\n<meta property=\"og:site_name\" content=\"Software de Recupera\u00e7\u00e3o de Dados\" \/>\n<meta property=\"article:modified_time\" content=\"2024-02-16T09:01:12+00:00\" \/>\n<meta property=\"og:image\" content=\"https:\/\/datarecovery.ping.fm\/wp-content\/uploads\/2024\/03\/How-to-Recover-Deleted-Files-from-an-SDHC-Card-for-FREE-Portuguese.jpg\" \/>\n\t<meta property=\"og:image:width\" content=\"1280\" \/>\n\t<meta property=\"og:image:height\" content=\"731\" \/>\n\t<meta property=\"og:image:type\" content=\"image\/jpeg\" \/>\n<meta name=\"twitter:card\" content=\"summary_large_image\" \/>\n<meta name=\"twitter:label1\" content=\"Est. reading time\" \/>\n\t<meta name=\"twitter:data1\" content=\"7 minutos\" \/>\n<script type=\"application\/ld+json\" class=\"yoast-schema-graph\">{\"@context\":\"https:\/\/schema.org\",\"@graph\":[{\"@type\":\"WebPage\",\"@id\":\"https:\/\/datarecovery.ping.fm\/pt\/sdhc-data-recovery\/\",\"url\":\"https:\/\/datarecovery.ping.fm\/pt\/sdhc-data-recovery\/\",\"name\":\"Como Recuperar Arquivos Exclu\u00eddos de um Cart\u00e3o SDHC Gratuitamente (2024)\",\"isPartOf\":{\"@id\":\"https:\/\/datarecovery.ping.fm\/pt\/#website\"},\"datePublished\":\"2024-01-08T12:01:16+00:00\",\"dateModified\":\"2024-02-16T09:01:12+00:00\",\"breadcrumb\":{\"@id\":\"https:\/\/datarecovery.ping.fm\/pt\/sdhc-data-recovery\/#breadcrumb\"},\"inLanguage\":\"pt-PT\",\"potentialAction\":[{\"@type\":\"ReadAction\",\"target\":[\"https:\/\/datarecovery.ping.fm\/pt\/sdhc-data-recovery\/\"]}]},{\"@type\":\"BreadcrumbList\",\"@id\":\"https:\/\/datarecovery.ping.fm\/pt\/sdhc-data-recovery\/#breadcrumb\",\"itemListElement\":[{\"@type\":\"ListItem\",\"position\":1,\"name\":\"Home\",\"item\":\"https:\/\/datarecovery.ping.fm\/pt\/\"},{\"@type\":\"ListItem\",\"position\":2,\"name\":\"Como Recuperar Arquivos Deletados de um Cart\u00e3o SDHC GRATUITAMENTE\"}]},{\"@type\":\"WebSite\",\"@id\":\"https:\/\/datarecovery.ping.fm\/pt\/#website\",\"url\":\"https:\/\/datarecovery.ping.fm\/pt\/\",\"name\":\"Software de Recupera\u00e7\u00e3o de Dados\",\"description\":\"\",\"potentialAction\":[{\"@type\":\"SearchAction\",\"target\":{\"@type\":\"EntryPoint\",\"urlTemplate\":\"https:\/\/datarecovery.ping.fm\/pt\/?s={search_term_string}\"},\"query-input\":\"required name=search_term_string\"}],\"inLanguage\":\"pt-PT\"}]}<\/script>\n<!-- \/ Yoast SEO plugin. -->","yoast_head_json":{"title":"Como Recuperar Arquivos Exclu\u00eddos de um Cart\u00e3o SDHC Gratuitamente (2024)","robots":{"index":"index","follow":"follow","max-snippet":"max-snippet:-1","max-image-preview":"max-image-preview:large","max-video-preview":"max-video-preview:-1"},"canonical":"https:\/\/datarecovery.ping.fm\/pt\/sdhc-data-recovery\/","og_locale":"pt_PT","og_type":"article","og_title":"Como Recuperar Arquivos Exclu\u00eddos de um Cart\u00e3o SDHC Gratuitamente (2024)","og_description":"Como Recuperar Arquivos Deletados de um Cart\u00e3o SDHC GRATUITAMENTE Perder arquivos valiosos de um cart\u00e3o SDHC pode ser uma experi\u00eancia estressante, especialmente quando eles cont\u00eam dados importantes. Felizmente, existem v\u00e1rias maneiras de recuperar arquivos deletados de um cart\u00e3o SDHC gratuitamente. A recupera\u00e7\u00e3o de arquivos deletados envolve o uso de softwares espec\u00edficos que podem restaurar os [&hellip;]","og_url":"https:\/\/datarecovery.ping.fm\/pt\/sdhc-data-recovery\/","og_site_name":"Software de Recupera\u00e7\u00e3o de Dados","article_modified_time":"2024-02-16T09:01:12+00:00","og_image":[{"width":1280,"height":731,"url":"https:\/\/datarecovery.ping.fm\/wp-content\/uploads\/2024\/03\/How-to-Recover-Deleted-Files-from-an-SDHC-Card-for-FREE-Portuguese.jpg","type":"image\/jpeg"}],"twitter_card":"summary_large_image","twitter_misc":{"Est. reading time":"7 minutos"},"schema":{"@context":"https:\/\/schema.org","@graph":[{"@type":"WebPage","@id":"https:\/\/datarecovery.ping.fm\/pt\/sdhc-data-recovery\/","url":"https:\/\/datarecovery.ping.fm\/pt\/sdhc-data-recovery\/","name":"Como Recuperar Arquivos Exclu\u00eddos de um Cart\u00e3o SDHC Gratuitamente (2024)","isPartOf":{"@id":"https:\/\/datarecovery.ping.fm\/pt\/#website"},"datePublished":"2024-01-08T12:01:16+00:00","dateModified":"2024-02-16T09:01:12+00:00","breadcrumb":{"@id":"https:\/\/datarecovery.ping.fm\/pt\/sdhc-data-recovery\/#breadcrumb"},"inLanguage":"pt-PT","potentialAction":[{"@type":"ReadAction","target":["https:\/\/datarecovery.ping.fm\/pt\/sdhc-data-recovery\/"]}]},{"@type":"BreadcrumbList","@id":"https:\/\/datarecovery.ping.fm\/pt\/sdhc-data-recovery\/#breadcrumb","itemListElement":[{"@type":"ListItem","position":1,"name":"Home","item":"https:\/\/datarecovery.ping.fm\/pt\/"},{"@type":"ListItem","position":2,"name":"Como Recuperar Arquivos Deletados de um Cart\u00e3o SDHC GRATUITAMENTE"}]},{"@type":"WebSite","@id":"https:\/\/datarecovery.ping.fm\/pt\/#website","url":"https:\/\/datarecovery.ping.fm\/pt\/","name":"Software de Recupera\u00e7\u00e3o de Dados","description":"","potentialAction":[{"@type":"SearchAction","target":{"@type":"EntryPoint","urlTemplate":"https:\/\/datarecovery.ping.fm\/pt\/?s={search_term_string}"},"query-input":"required name=search_term_string"}],"inLanguage":"pt-PT"}]}},"_links":{"self":[{"href":"https:\/\/datarecovery.ping.fm\/pt\/wp-json\/wp\/v2\/pages\/18925"}],"collection":[{"href":"https:\/\/datarecovery.ping.fm\/pt\/wp-json\/wp\/v2\/pages"}],"about":[{"href":"https:\/\/datarecovery.ping.fm\/pt\/wp-json\/wp\/v2\/types\/page"}],"author":[{"embeddable":true,"href":"https:\/\/datarecovery.ping.fm\/pt\/wp-json\/wp\/v2\/users\/2"}],"replies":[{"embeddable":true,"href":"https:\/\/datarecovery.ping.fm\/pt\/wp-json\/wp\/v2\/comments?post=18925"}],"version-history":[{"count":1,"href":"https:\/\/datarecovery.ping.fm\/pt\/wp-json\/wp\/v2\/pages\/18925\/revisions"}],"predecessor-version":[{"id":33863,"href":"https:\/\/datarecovery.ping.fm\/pt\/wp-json\/wp\/v2\/pages\/18925\/revisions\/33863"}],"wp:featuredmedia":[{"embeddable":true,"href":"https:\/\/datarecovery.ping.fm\/pt\/wp-json\/wp\/v2\/media\/33864"}],"wp:attachment":[{"href":"https:\/\/datarecovery.ping.fm\/pt\/wp-json\/wp\/v2\/media?parent=18925"}],"curies":[{"name":"wp","href":"https:\/\/api.w.org\/{rel}","templated":true}]}}