{"id":16238,"date":"2024-01-11T20:27:47","date_gmt":"2024-01-11T20:27:47","guid":{"rendered":"https:\/\/www.ping.fm\/data-recovery-software\/recover-deleted-files-windows-8\/"},"modified":"2024-02-16T09:00:41","modified_gmt":"2024-02-16T09:00:41","slug":"recover-deleted-files-windows-8","status":"publish","type":"page","link":"https:\/\/datarecovery.ping.fm\/pt\/recover-deleted-files-windows-8\/","title":{"rendered":"Como Recuperar Arquivos Deletados no Windows 8"},"content":{"rendered":"<section>\n<h1>Como Recuperar Arquivos Exclu\u00eddos no Windows 8<\/h1>\n<div class=\"inbrief\">\n<div>             <img src=\"https:\/\/www.ping.fm\/data-recovery-software\/wp-content\/uploads\/ai\/How-to-Recover-Deleted-Files-on-Windows-8-Portuguese.jpg\" alt=\"Como Recuperar Arquivos Exclu\u00eddos no Windows 8\" title=\"Como Recuperar Arquivos Exclu\u00eddos no Windows 8\" width=\"1280\" height=\"720\">             <\/p>\n<p>Perder arquivos importantes no seu computador Windows 8 ou 8.1 pode ser uma experi\u00eancia que provoca p\u00e2nico, especialmente se eles foram exclu\u00eddos da lixeira onde j\u00e1 n\u00e3o se encontram facilmente recuper\u00e1veis. Independentemente de como os arquivos tenham sido perdidos, existem maneiras de recuper\u00e1-los, e uma ferramenta eficaz para isso \u00e9 o <b>Disk Drill<\/b>. Este artigo abrangente ir\u00e1 orient\u00e1-lo pelos m\u00e9todos para recuperar esses arquivos preciosos que pareciam perdidos para sempre. Para aqueles que procuram <a href='https:\/\/www.handyrecovery.com\/recover-deleted-files-windows-8\/' rel=\"dofollow noopener\" target='_blank'>mais m\u00e9todos de recupera\u00e7\u00e3o de arquivos no Windows 8<\/a>, por favor, note que este guia inclui tr\u00eas m\u00e9todos universalmente aplic\u00e1veis que ajudar\u00e3o a recuperar arquivos deletados recentemente e permanentemente no Windows 8.<\/p>\n<\/div>\n<\/div>\n<\/section>\n<section>\n<div>\n<div>1<\/div>\n<h2>Cen\u00e1rios Comuns:<\/h2>\n<\/div>\n<h3>Exclus\u00e3o Inadvertida  <\/h3>\n<ul>\n<li>Todos n\u00f3s j\u00e1 passamos por aqueles momentos em que um deslize do dedo leva a deletar o arquivo errado acidentalmente. Seja um documento importante de trabalho ou fotos sentimentais, o choque inicial pode ser avassalador. Mas respire fundo &#8211; h\u00e1 um jeito de recuperar esses arquivos!<\/li>\n<\/ul>\n<h3>Lixeira Esvaziada  <\/h3>\n<ul>\n<li>Outra situa\u00e7\u00e3o comum \u00e9 esvaziar a lixeira sem perceber que havia algo importante l\u00e1 dentro. Pode parecer que esses arquivos est\u00e3o perdidos para sempre, mas com as ferramentas e etapas corretas, voc\u00ea tem uma boa chance de restaur\u00e1-los.<\/li>\n<\/ul>\n<h3>Falhas de Software ou do Sistema  <\/h3>\n<ul>\n<li>\u00c0s vezes, n\u00e3o \u00e9 um erro humano que causa a perda de arquivos &#8211; falhas do sistema ou atualiza\u00e7\u00f5es de software podem deletar dados inadvertidamente. Embora possa parecer um caso perdido, softwares de recupera\u00e7\u00e3o como o <b>Disk Drill<\/b> podem ser salvadores nessas situa\u00e7\u00f5es.<\/li>\n<\/ul>\n<\/section>\n<section class=\"stepByStep\">\n<div>\n<div>2<\/div>\n<h2>Guia Passo a Passo. Recuperar Arquivos Exclu\u00eddos no Windows 8:<\/h2>\n<\/div>\n<h3>M\u00e9todo 1: Recuperar Arquivos com Vers\u00f5es Anteriores  <\/h3>\n<ul>\n<li>Clique com o bot\u00e3o direito sobre a pasta onde os arquivos exclu\u00eddos estavam localizados e selecione <b>&#8216;Propriedades&#8217;<\/b>.<\/li>\n<li>Navegue at\u00e9 a aba de <b>&#8216;Vers\u00f5es Anteriores&#8217;<\/b> e voc\u00ea ver\u00e1 uma lista de vers\u00f5es de arquivos dispon\u00edveis.<\/li>\n<li>Selecione a vers\u00e3o mais relevante e clique em <b>&#8216;Restaurar&#8217;<\/b> para recuperar seus arquivos.<\/li>\n<\/ul>\n<p><b>Nota:<\/b> Este m\u00e9todo depende de a prote\u00e7\u00e3o do sistema estar ativada e de que os arquivos estivessem inclu\u00eddos em um ponto de restaura\u00e7\u00e3o do sistema ou backup.<\/p>\n<p><b>Conclus\u00e3o:<\/b> Restaurar vers\u00f5es anteriores \u00e9 uma corre\u00e7\u00e3o r\u00e1pida se estiver dispon\u00edvel, mas nem sempre \u00e9 confi\u00e1vel pois depende das configura\u00e7\u00f5es do sistema que podem n\u00e3o estar configuradas corretamente.<\/p>\n<h3>M\u00e9todo 2: Usar o Recurso de Hist\u00f3rico de Arquivos  <\/h3>\n<ul>\n<li>Abra o <b>Painel de Controle<\/b> e selecione <b>&#8216;Sistema e Seguran\u00e7a&#8217;<\/b>, depois <b>&#8216;Hist\u00f3rico de Arquivos&#8217;<\/b>.<\/li>\n<li>Dentro do Hist\u00f3rico de Arquivos, navegue at\u00e9 <b>&#8216;Restaurar arquivos pessoais&#8217;<\/b> localizado no menu do lado esquerdo.<\/li>\n<li>Aqui, voc\u00ea pode navegar pelas diferentes vers\u00f5es de arquivos. Quando encontrar o arquivo que deseja restaurar, basta real\u00e7\u00e1-lo e clicar no bot\u00e3o verde de <b>&#8216;Restaurar&#8217;<\/b> para recuperar seu arquivo.<\/li>\n<\/ul>\n<p><b>Nota:<\/b> Isso exige que o Hist\u00f3rico de Arquivos estivesse configurado antes dos arquivos serem exclu\u00eddos.<\/p>\n<p><b>Conclus\u00e3o:<\/b> O Hist\u00f3rico de Arquivos \u00e9 uma excelente ferramenta embutida para recupera\u00e7\u00e3o de dados, mas \u00e9 apenas t\u00e3o boa quanto o seu \u00faltimo backup.<\/p>\n<h3>M\u00e9todo 3: Recuperar com Disk Drill  <\/h3>\n<ul>\n<li>Baixe e instale o <a href='https:\/\/www.cleverfiles.com\/disk-drill-windows.html' rel=\"nofollow noopener\" target='_blank'><b>Disk Drill<\/b> para Windows<\/a>.<\/li>\n<li>Inicie o <b>Disk Drill<\/b> e selecione o drive onde seus arquivos exclu\u00eddos estavam armazenados.<\/li>\n<li>Clique em <b>&#8216;Recuperar&#8217;<\/b> para iniciar o processo de varredura.<\/li>\n<li>Uma vez que a varredura esteja completa, navegue pelos arquivos encontrados e selecione aqueles que deseja recuperar.<\/li>\n<li>Clique em <b>&#8216;Recuperar&#8217;<\/b> novamente, escolha um local seguro para salvar os arquivos restaurados e siga as instru\u00e7\u00f5es para concluir o processo de restaura\u00e7\u00e3o.<\/li>\n<\/ul>\n<p><b>Nota:<\/b> Evite salvar os arquivos recuperados no mesmo drive de onde eles foram exclu\u00eddos para prevenir a sobreposi\u00e7\u00e3o de dados.<\/p>\n<p><b>Conclus\u00e3o:<\/b> Disk Drill \u00e9 uma poderosa ferramenta de recupera\u00e7\u00e3o que pode recuperar uma ampla variedade de tipos de arquivos, at\u00e9 mesmo de lixeiras esvaziadas ou ap\u00f3s a formata\u00e7\u00e3o.<\/p>\n<\/section>\n<section>\n<div>\n<div>3<\/div>\n<h2>Precau\u00e7\u00f5es e Dicas:<\/h2>\n<\/div>\n<h3>Prevenir a Perda Futura de Arquivos  <\/h3>\n<ul>\n<li><b>Fa\u00e7a backup<\/b> regular dos seus arquivos para um drive externo ou servi\u00e7o em nuvem. Essa \u00e9 a forma mais eficaz de prevenir a perda de dados.<\/li>\n<li>Assegure-se de que a <b>prote\u00e7\u00e3o do sistema<\/b> esteja ativada no seu computador para permitir a cria\u00e7\u00e3o de pontos de restaura\u00e7\u00e3o.<\/li>\n<li>Desenvolva o h\u00e1bito de <b>verificar a lixeira<\/b> antes de esvazi\u00e1-la.<\/li>\n<\/ul>\n<\/section>\n<section>\n<div>\n<div>4<\/div>\n<h2>Inspira\u00e7\u00f5es Valiosas para Recupera\u00e7\u00e3o<\/h2>\n<\/div>\n<p> Ao tentar recuperar arquivos deletados do Windows 8 ou 8.1, \u00e9 essencial agir rapidamente. Quanto antes voc\u00ea tentar a recupera\u00e7\u00e3o, melhores ser\u00e3o suas chances de sucesso. Isso ocorre porque, quando um arquivo \u00e9 deletado, ele n\u00e3o \u00e9 imediatamente removido do disco r\u00edgido. Em vez disso, o espa\u00e7o que ele ocupava \u00e9 marcado como dispon\u00edvel para uso por novos dados. Se novos dados n\u00e3o o sobrescreveram, softwares de recupera\u00e7\u00e3o como o <b>Disk Drill<\/b> muitas vezes podem restaurar esses arquivos &#8216;invis\u00edveis&#8217;.<\/p>\n<p> Se voc\u00ea instalou novos programas ou continuou a usar seu computador extensivamente ap\u00f3s a exclus\u00e3o de arquivos, as chances de recupera\u00e7\u00e3o bem-sucedida podem diminuir. \u00c9 crucial parar de usar o computador e executar o software de recupera\u00e7\u00e3o o mais r\u00e1pido poss\u00edvel para evitar a sobrescrita de dados. <\/p>\n<p> Usar um software profissional \u00e9 geralmente a melhor aposta, pois essas ferramentas s\u00e3o projetadas para escanear seus discos minuciosamente e recuperar arquivos perdidos em v\u00e1rios cen\u00e1rios, incluindo falhas de hardware, exclus\u00e3o acidental e at\u00e9 ataques de v\u00edrus. <\/p>\n<p> Al\u00e9m disso, investir em uma solu\u00e7\u00e3o de backup s\u00f3lida, seja um disco r\u00edgido externo f\u00edsico ou um servi\u00e7o em nuvem como o <a href='https:\/\/www.microsoft.com\/en-us\/microsoft-365\/onedrive\/online-cloud-storage' rel=\"nofollow noopener\" target='_blank'>Microsoft OneDrive<\/a>, proteger\u00e1 seus dados contra futuros acidentes ou falhas. <\/p>\n<p> Embora tenhamos enfatizado o uso de solu\u00e7\u00f5es de software, tamb\u00e9m vale a pena notar que certos problemas de hardware podem requerer servi\u00e7os profissionais de recupera\u00e7\u00e3o de dados. Se voc\u00ea suspeita que seu disco r\u00edgido est\u00e1 fisicamente danificado, \u00e9 melhor consultar um profissional para evitar perda de dados adicional. <\/p>\n<\/section>\n<section>\n<h2>Conclus\u00e3o:<\/h2>\n<div class=\"nonp\">\n<p> O medo e a frustra\u00e7\u00e3o que acompanham a perda de arquivos importantes podem ser avassaladores, mas com a abordagem correta e as ferramentas \u00e0 sua disposi\u00e7\u00e3o, como o <b>Disk Drill<\/b>, a recupera\u00e7\u00e3o de arquivos no Windows 8 e 8.1 muitas vezes \u00e9 poss\u00edvel. \u00c9 crucial agir rapidamente e usar m\u00e9todos confi\u00e1veis, seja aproveitando os recursos integrados do Windows ou usando software dedicado. Fazer backup regular dos seus dados e praticar uma boa higiene digital tamb\u00e9m podem ajudar a mitigar crises de perda de arquivos potenciais no futuro. Lembre-se, o reino digital oferece solu\u00e7\u00f5es, ent\u00e3o respire fundo e aborde o problema metodicamente para o melhor resultado. <\/p>\n<\/div>\n<\/section>\n","protected":false},"excerpt":{"rendered":"<p>Como Recuperar Arquivos Exclu\u00eddos no Windows 8 Perder arquivos importantes no seu computador Windows 8 ou 8.1 pode ser uma experi\u00eancia que provoca p\u00e2nico, especialmente se eles foram exclu\u00eddos da lixeira onde j\u00e1 n\u00e3o se encontram facilmente recuper\u00e1veis. Independentemente de como os arquivos tenham sido perdidos, existem maneiras de recuper\u00e1-los, e uma ferramenta eficaz para [&hellip;]<\/p>\n","protected":false},"author":2,"featured_media":33623,"parent":0,"menu_order":0,"comment_status":"closed","ping_status":"closed","template":"chromecast.php","meta":{"_stopmodifiedupdate":false,"_modified_date":"","_lmt_disableupdate":"yes","_lmt_disable":""},"acf":[],"yoast_head":"<!-- This site is optimized with the Yoast SEO plugin v20.9 - https:\/\/yoast.com\/wordpress\/plugins\/seo\/ -->\n<title>Como Recuperar Arquivos Acidentalmente Exclu\u00eddos no Windows 8<\/title>\n<meta name=\"robots\" content=\"index, follow, max-snippet:-1, max-image-preview:large, max-video-preview:-1\" \/>\n<link rel=\"canonical\" href=\"https:\/\/datarecovery.ping.fm\/pt\/recover-deleted-files-windows-8\/\" \/>\n<meta property=\"og:locale\" content=\"pt_PT\" \/>\n<meta property=\"og:type\" content=\"article\" \/>\n<meta property=\"og:title\" content=\"Como Recuperar Arquivos Acidentalmente Exclu\u00eddos no Windows 8\" \/>\n<meta property=\"og:description\" content=\"Como Recuperar Arquivos Exclu\u00eddos no Windows 8 Perder arquivos importantes no seu computador Windows 8 ou 8.1 pode ser uma experi\u00eancia que provoca p\u00e2nico, especialmente se eles foram exclu\u00eddos da lixeira onde j\u00e1 n\u00e3o se encontram facilmente recuper\u00e1veis. Independentemente de como os arquivos tenham sido perdidos, existem maneiras de recuper\u00e1-los, e uma ferramenta eficaz para [&hellip;]\" \/>\n<meta property=\"og:url\" content=\"https:\/\/datarecovery.ping.fm\/pt\/recover-deleted-files-windows-8\/\" \/>\n<meta property=\"og:site_name\" content=\"Software de Recupera\u00e7\u00e3o de Dados\" \/>\n<meta property=\"article:modified_time\" content=\"2024-02-16T09:00:41+00:00\" \/>\n<meta property=\"og:image\" content=\"https:\/\/datarecovery.ping.fm\/wp-content\/uploads\/2024\/03\/How-to-Recover-Deleted-Files-on-Windows-8-Portuguese.jpg\" \/>\n\t<meta property=\"og:image:width\" content=\"1280\" \/>\n\t<meta property=\"og:image:height\" content=\"731\" \/>\n\t<meta property=\"og:image:type\" content=\"image\/jpeg\" \/>\n<meta name=\"twitter:card\" content=\"summary_large_image\" \/>\n<meta name=\"twitter:label1\" content=\"Est. reading time\" \/>\n\t<meta name=\"twitter:data1\" content=\"6 minutos\" \/>\n<script type=\"application\/ld+json\" class=\"yoast-schema-graph\">{\"@context\":\"https:\/\/schema.org\",\"@graph\":[{\"@type\":\"WebPage\",\"@id\":\"https:\/\/datarecovery.ping.fm\/pt\/recover-deleted-files-windows-8\/\",\"url\":\"https:\/\/datarecovery.ping.fm\/pt\/recover-deleted-files-windows-8\/\",\"name\":\"Como Recuperar Arquivos Acidentalmente Exclu\u00eddos no Windows 8\",\"isPartOf\":{\"@id\":\"https:\/\/datarecovery.ping.fm\/pt\/#website\"},\"datePublished\":\"2024-01-11T20:27:47+00:00\",\"dateModified\":\"2024-02-16T09:00:41+00:00\",\"breadcrumb\":{\"@id\":\"https:\/\/datarecovery.ping.fm\/pt\/recover-deleted-files-windows-8\/#breadcrumb\"},\"inLanguage\":\"pt-PT\",\"potentialAction\":[{\"@type\":\"ReadAction\",\"target\":[\"https:\/\/datarecovery.ping.fm\/pt\/recover-deleted-files-windows-8\/\"]}]},{\"@type\":\"BreadcrumbList\",\"@id\":\"https:\/\/datarecovery.ping.fm\/pt\/recover-deleted-files-windows-8\/#breadcrumb\",\"itemListElement\":[{\"@type\":\"ListItem\",\"position\":1,\"name\":\"Home\",\"item\":\"https:\/\/datarecovery.ping.fm\/pt\/\"},{\"@type\":\"ListItem\",\"position\":2,\"name\":\"Como Recuperar Arquivos Deletados no Windows 8\"}]},{\"@type\":\"WebSite\",\"@id\":\"https:\/\/datarecovery.ping.fm\/pt\/#website\",\"url\":\"https:\/\/datarecovery.ping.fm\/pt\/\",\"name\":\"Software de Recupera\u00e7\u00e3o de Dados\",\"description\":\"\",\"potentialAction\":[{\"@type\":\"SearchAction\",\"target\":{\"@type\":\"EntryPoint\",\"urlTemplate\":\"https:\/\/datarecovery.ping.fm\/pt\/?s={search_term_string}\"},\"query-input\":\"required name=search_term_string\"}],\"inLanguage\":\"pt-PT\"}]}<\/script>\n<!-- \/ Yoast SEO plugin. -->","yoast_head_json":{"title":"Como Recuperar Arquivos Acidentalmente Exclu\u00eddos no Windows 8","robots":{"index":"index","follow":"follow","max-snippet":"max-snippet:-1","max-image-preview":"max-image-preview:large","max-video-preview":"max-video-preview:-1"},"canonical":"https:\/\/datarecovery.ping.fm\/pt\/recover-deleted-files-windows-8\/","og_locale":"pt_PT","og_type":"article","og_title":"Como Recuperar Arquivos Acidentalmente Exclu\u00eddos no Windows 8","og_description":"Como Recuperar Arquivos Exclu\u00eddos no Windows 8 Perder arquivos importantes no seu computador Windows 8 ou 8.1 pode ser uma experi\u00eancia que provoca p\u00e2nico, especialmente se eles foram exclu\u00eddos da lixeira onde j\u00e1 n\u00e3o se encontram facilmente recuper\u00e1veis. Independentemente de como os arquivos tenham sido perdidos, existem maneiras de recuper\u00e1-los, e uma ferramenta eficaz para [&hellip;]","og_url":"https:\/\/datarecovery.ping.fm\/pt\/recover-deleted-files-windows-8\/","og_site_name":"Software de Recupera\u00e7\u00e3o de Dados","article_modified_time":"2024-02-16T09:00:41+00:00","og_image":[{"width":1280,"height":731,"url":"https:\/\/datarecovery.ping.fm\/wp-content\/uploads\/2024\/03\/How-to-Recover-Deleted-Files-on-Windows-8-Portuguese.jpg","type":"image\/jpeg"}],"twitter_card":"summary_large_image","twitter_misc":{"Est. reading time":"6 minutos"},"schema":{"@context":"https:\/\/schema.org","@graph":[{"@type":"WebPage","@id":"https:\/\/datarecovery.ping.fm\/pt\/recover-deleted-files-windows-8\/","url":"https:\/\/datarecovery.ping.fm\/pt\/recover-deleted-files-windows-8\/","name":"Como Recuperar Arquivos Acidentalmente Exclu\u00eddos no Windows 8","isPartOf":{"@id":"https:\/\/datarecovery.ping.fm\/pt\/#website"},"datePublished":"2024-01-11T20:27:47+00:00","dateModified":"2024-02-16T09:00:41+00:00","breadcrumb":{"@id":"https:\/\/datarecovery.ping.fm\/pt\/recover-deleted-files-windows-8\/#breadcrumb"},"inLanguage":"pt-PT","potentialAction":[{"@type":"ReadAction","target":["https:\/\/datarecovery.ping.fm\/pt\/recover-deleted-files-windows-8\/"]}]},{"@type":"BreadcrumbList","@id":"https:\/\/datarecovery.ping.fm\/pt\/recover-deleted-files-windows-8\/#breadcrumb","itemListElement":[{"@type":"ListItem","position":1,"name":"Home","item":"https:\/\/datarecovery.ping.fm\/pt\/"},{"@type":"ListItem","position":2,"name":"Como Recuperar Arquivos Deletados no Windows 8"}]},{"@type":"WebSite","@id":"https:\/\/datarecovery.ping.fm\/pt\/#website","url":"https:\/\/datarecovery.ping.fm\/pt\/","name":"Software de Recupera\u00e7\u00e3o de Dados","description":"","potentialAction":[{"@type":"SearchAction","target":{"@type":"EntryPoint","urlTemplate":"https:\/\/datarecovery.ping.fm\/pt\/?s={search_term_string}"},"query-input":"required name=search_term_string"}],"inLanguage":"pt-PT"}]}},"_links":{"self":[{"href":"https:\/\/datarecovery.ping.fm\/pt\/wp-json\/wp\/v2\/pages\/16238"}],"collection":[{"href":"https:\/\/datarecovery.ping.fm\/pt\/wp-json\/wp\/v2\/pages"}],"about":[{"href":"https:\/\/datarecovery.ping.fm\/pt\/wp-json\/wp\/v2\/types\/page"}],"author":[{"embeddable":true,"href":"https:\/\/datarecovery.ping.fm\/pt\/wp-json\/wp\/v2\/users\/2"}],"replies":[{"embeddable":true,"href":"https:\/\/datarecovery.ping.fm\/pt\/wp-json\/wp\/v2\/comments?post=16238"}],"version-history":[{"count":1,"href":"https:\/\/datarecovery.ping.fm\/pt\/wp-json\/wp\/v2\/pages\/16238\/revisions"}],"predecessor-version":[{"id":33622,"href":"https:\/\/datarecovery.ping.fm\/pt\/wp-json\/wp\/v2\/pages\/16238\/revisions\/33622"}],"wp:featuredmedia":[{"embeddable":true,"href":"https:\/\/datarecovery.ping.fm\/pt\/wp-json\/wp\/v2\/media\/33623"}],"wp:attachment":[{"href":"https:\/\/datarecovery.ping.fm\/pt\/wp-json\/wp\/v2\/media?parent=16238"}],"curies":[{"name":"wp","href":"https:\/\/api.w.org\/{rel}","templated":true}]}}