{"id":15878,"date":"2024-01-10T21:08:36","date_gmt":"2024-01-10T21:08:36","guid":{"rendered":"https:\/\/www.ping.fm\/data-recovery-software\/desktop-files-disappeared-mac\/"},"modified":"2024-02-16T09:00:37","modified_gmt":"2024-02-16T09:00:37","slug":"desktop-files-disappeared-mac","status":"publish","type":"page","link":"https:\/\/datarecovery.ping.fm\/pt\/desktop-files-disappeared-mac\/","title":{"rendered":"Arquivos Desapareceram da \u00c1rea de Trabalho do Mac &#8211; Como Recuper\u00e1-los?"},"content":{"rendered":"<section>\n<h1>Arquivos Desapareceram do Desktop do Mac &#8211; Como Recuper\u00e1-los?<\/h1>\n<div class=\"inbrief\">\n<div>             <img src=\"https:\/\/www.ping.fm\/data-recovery-software\/wp-content\/uploads\/ai\/Files-Disappeared-From-Mac-Desktop-How-to-Get-Them-Back--Portuguese.jpg\" alt=\"Arquivos Desapareceram do Desktop do Mac - Como Recuper\u00e1-los?\" title=\"Arquivos Desapareceram do Desktop do Mac - Como Recuper\u00e1-los?\" width=\"1280\" height=\"720\">             <\/p>\n<p>Recentemente, enfrentei um problema onde alguns arquivos do desktop desapareceram no meu Mac, ou melhor, tudo no meu desktop do Mac desapareceu. \u00c9 uma situa\u00e7\u00e3o que pode desencadear um leve p\u00e2nico, pois parece que perdemos uma parte da nossa vida digital. No entanto, aprendi que este problema pode acontecer por v\u00e1rios motivos e h\u00e1 passos que podemos seguir para recuperar seus dados perdidos. Em particular, descobri que usar o <a href='https:\/\/www.cleverfiles.com\/' rel=\"nofollow noopener\" target='_blank'>Disk Drill<\/a> \u00e9 uma solu\u00e7\u00e3o eficaz para recupera\u00e7\u00e3o de dados. Neste artigo, vou explicar por que esse problema ocorre e detalhar os passos para recuperar seus dados desaparecidos usando o Disk Drill e outros m\u00e9todos. Tamb\u00e9m vamos explorar as melhores pr\u00e1ticas para evitar que isso aconte\u00e7a novamente.<\/p>\n<\/div>\n<\/div>\n<\/section>\n<section>\n<div>\n<div>1<\/div>\n<h2>Cen\u00e1rios Comuns:<\/h2>\n<\/div>\n<h3>Exclus\u00e3o Acidental &#128465;<\/h3>\n<ul>\n<li>Arquivos foram arrastados inadvertidamente para a <b>Lixeira<\/b> e exclu\u00eddos.<\/li>\n<li>Exclus\u00e3o pela linha de comando com o comando <b>rm<\/b> sem perceber que afetava os arquivos da \u00e1rea de trabalho.<\/li>\n<li>Uso de uma ferramenta de limpeza que removeu arquivos importantes por engano.<\/li>\n<\/ul>\n<h3>Atualiza\u00e7\u00f5es do Sistema ou Falhas &#128187;<\/h3>\n<ul>\n<li>Uma <b>atualiza\u00e7\u00e3o do SO<\/b> que inadvertidamente reorganizou ou escondeu arquivos.<\/li>\n<li>Uma falha inesperada do sistema <b>levando \u00e0 perda de dados<\/b>.<\/li>\n<li>Corrup\u00e7\u00e3o do sistema de arquivos que tornou os arquivos invis\u00edveis ou inacess\u00edveis.<\/li>\n<\/ul>\n<h3>Infec\u00e7\u00e3o por Malware &#129440;<\/h3>\n<ul>\n<li>Arquivos da \u00e1rea de trabalho criptografados ou ocultados devido a um <b>ataque de malware<\/b>.<\/li>\n<li>Roubo de dados por software malicioso, levando ao desaparecimento de arquivos.<\/li>\n<li>Arquivos deslocados por conta de altera\u00e7\u00f5es realizadas por uma <b>infec\u00e7\u00e3o<\/b>.<\/li>\n<\/ul>\n<\/section>\n<section class=\"stepByStep\">\n<div>\n<div>2<\/div>\n<h2>Guia Passo a Passo. Desktop Files Disappeared Mac:<\/h2>\n<\/div>\n<h3>M\u00e9todo 1: Verifique a Lixeira &#128465;<\/h3>\n<ul>\n<li>Abra a <b>Lixeira<\/b> clicando em seu \u00edcone no dock.<\/li>\n<li>Procure por quaisquer arquivos que deveriam estar na \u00e1rea de trabalho.<\/li>\n<li>Selecione os arquivos e <b>clique com o bot\u00e3o direito<\/b> > escolha &#8216;Colocar de Volta&#8217; para restaur\u00e1-los ao seu local original.<\/li>\n<\/ul>\n<p><b>Nota:<\/b> Os arquivos s\u00f3 poder\u00e3o ser recuperados da Lixeira se n\u00e3o tiverem sido exclu\u00eddos permanentemente.<\/p>\n<p><b>Conclus\u00e3o:<\/b> Recuperar arquivos da Lixeira \u00e9 o m\u00e9todo mais simples se os arquivos foram exclu\u00eddos acidentalmente.<\/p>\n<h3>M\u00e9todo 2: Use o Backup do Time Machine &#9200;<\/h3>\n<ul>\n<li>Conecte o drive de backup onde est\u00e3o armazenados os backups do <b>Time Machine<\/b>.<\/li>\n<li>Abra &#8216;Time Machine&#8217; nas Prefer\u00eancias do Sistema ou clicando no \u00edcone do Time Machine na barra de menus e selecionando &#8216;Entrar no Time Machine&#8217;.<\/li>\n<li>Navegue at\u00e9 a pasta da \u00e1rea de trabalho e encontre o ponto no tempo em que seus arquivos ainda estavam presentes.<\/li>\n<li>Selecione os arquivos que deseja restaurar e clique em &#8216;Restaurar&#8217;.<\/li>\n<\/ul>\n<p><b>Nota:<\/b> Este m\u00e9todo requer que voc\u00ea tenha backups regulares ativados com o Time Machine.<\/p>\n<p><b>Conclus\u00e3o:<\/b> Time Machine \u00e9 um recurso robusto do Mac para reverter seu sistema para um estado anterior.<\/p>\n<h3>M\u00e9todo 3: Verifique a Pasta da \u00c1rea de Trabalho no Finder &#128194;<\/h3>\n<ul>\n<li>Abra o <b>Finder<\/b> e v\u00e1 at\u00e9 sua pasta da \u00e1rea de trabalho (geralmente em &#8216;Favoritos&#8217;).<\/li>\n<li>Verifique se os arquivos est\u00e3o presentes, mas n\u00e3o aparecendo na tela da \u00e1rea de trabalho.<\/li>\n<li>Se os arquivos estiverem l\u00e1, arraste-os de volta para a \u00e1rea de trabalho ou clique com o bot\u00e3o direito > &#8216;Criar Alias&#8217; para criar um atalho na \u00e1rea de trabalho.<\/li>\n<\/ul>\n<p><b>Nota:<\/b> \u00c0s vezes os arquivos n\u00e3o s\u00e3o vis\u00edveis na \u00e1rea de trabalho devido a falhas no sistema, mas permanecem no diret\u00f3rio da \u00e1rea de trabalho.<\/p>\n<p><b>Conclus\u00e3o:<\/b> Esta \u00e9 uma verifica\u00e7\u00e3o r\u00e1pida que \u00e0s vezes pode resolver o problema se for um problema de exibi\u00e7\u00e3o.<\/p>\n<h3>M\u00e9todo 4: Use o Disk Drill para Recuperar Arquivos &#128736;<\/h3>\n<ul>\n<li>Baixe e instale o <a href='https:\/\/www.cleverfiles.com\/' rel=\"nofollow noopener\" target='_blank'><b>Disk Drill<\/b><\/a> para Mac.<\/li>\n<li>Inicie o Disk Drill e selecione o disco onde seus arquivos da \u00e1rea de trabalho estavam armazenados (comumente o Macintosh HD).<\/li>\n<li>Clique no bot\u00e3o &#8216;Recuperar&#8217; ao lado do disco selecionado para iniciar o processo de varredura.<\/li>\n<li>Ap\u00f3s a conclus\u00e3o da varredura, revise os itens encontrados e selecione os arquivos que desapareceram da \u00e1rea de trabalho.<\/li>\n<li>Clique novamente no bot\u00e3o &#8216;Recuperar&#8217; para restaurar seus arquivos selecionados para um local seguro.<\/li>\n<\/ul>\n<p><b>Nota:<\/b> O Disk Drill oferece uma op\u00e7\u00e3o de varredura profunda para recupera\u00e7\u00e3o abrangente se a varredura r\u00e1pida n\u00e3o encontrar os arquivos.<\/p>\n<p><b>Conclus\u00e3o:<\/b> Disk Drill \u00e9 uma ferramenta poderosa que pode ajudar na recupera\u00e7\u00e3o de arquivos mesmo quando outros m\u00e9todos falham.<\/p>\n<h3>M\u00e9todo 5: Redefina o NVRAM &#9881;<\/h3>\n<ul>\n<li>Desligue o seu Mac.<\/li>\n<li>Ligue-o e imediatamente mantenha pressionadas as teclas <b>Option + Command + P + R<\/b>.<\/li>\n<li>Solte as teclas ap\u00f3s cerca de 20 segundos ou ap\u00f3s ouvir o segundo tom de inicializa\u00e7\u00e3o.<\/li>\n<li>Assim que o seu Mac inicializar, verifique se os arquivos da \u00e1rea de trabalho reapareceram.<\/li>\n<\/ul>\n<p><b>Nota:<\/b> Este processo limpa certas configura\u00e7\u00f5es armazenadas no NVRAM, que \u00e0s vezes pode resolver problemas de exibi\u00e7\u00e3o da \u00e1rea de trabalho.<\/p>\n<p><b>Conclus\u00e3o:<\/b> Redefinir o NVRAM \u00e9 um processo f\u00e1cil que pode corrigir v\u00e1rios problemas relacionados ao Mac.<\/p>\n<\/section>\n<section>\n<div>\n<div>3<\/div>\n<h2>Precau\u00e7\u00f5es e Dicas:<\/h2>\n<\/div>\n<h3>Esteja Preparado com Backups &#128190;<\/h3>\n<ul>\n<li>Fa\u00e7a <b>backups<\/b> regulares do seu Mac usando o Time Machine ou outra solu\u00e7\u00e3o de backup.<\/li>\n<li>Considere usar servi\u00e7os de nuvem como <b>iCloud Drive<\/b> ou <b>Dropbox<\/b> para seguran\u00e7a adicional de arquivos.<\/li>\n<li>Siga a regra de backup 3-2-1: Mantenha tr\u00eas c\u00f3pias dos seus dados, em duas m\u00eddias diferentes, com uma fora do local.<\/li>\n<\/ul>\n<\/section>\n<section>\n<div>\n<div>4<\/div>\n<h2>Entendendo a Perda de Dados no Mac<\/h2>\n<\/div>\n<p>Compreender as raz\u00f5es comuns para a perda de dados em um Mac pode ajud\u00e1-lo a prevenir proativamente problemas futuros. O macOS \u00e9 bastante robusto, mas a <b>perda de dados<\/b> ainda pode ocorrer devido a fatores que v\u00e3o desde falhas de hardware at\u00e9 erro humano. Problemas de hardware podem incluir um disco r\u00edgido ou SSD falhando, enquanto o erro humano pode ser algo t\u00e3o simples quanto exclus\u00f5es acidentais.<\/p>\n<p>Al\u00e9m disso, uma organiza\u00e7\u00e3o adequada de arquivos e manuten\u00e7\u00e3o de rotina, como manter seu software atualizado e evitar downloads duvidosos, podem minimizar as chances de perda de dados. Se voc\u00ea costuma lidar com informa\u00e7\u00f5es sens\u00edveis ou cr\u00edticas, considere criptografar seu disco r\u00edgido com <b>FileVault<\/b> ou usar softwares especializados para prote\u00e7\u00e3o de dados em tempo real.<\/p>\n<p>Tamb\u00e9m \u00e9 prudente familiarizar-se com as ferramentas e servi\u00e7os dispon\u00edveis para recupera\u00e7\u00e3o de dados. Al\u00e9m de <a href='https:\/\/www.cleverfiles.com\/' rel=\"nofollow noopener\" target='_blank'>Disk Drill<\/a>, outros programas de recupera\u00e7\u00e3o de dados renomados, como <a href='https:\/\/www.easeus.com\/datarecoverywizardpro\/' rel=\"nofollow noopener\" target='_blank'>EaseUS Data Recovery Wizard<\/a> ou <a href='https:\/\/www.stellarinfo.com\/' rel=\"nofollow noopener\" target='_blank'>Stellar Data Recovery<\/a>, tamb\u00e9m valem a pena ser considerados. Al\u00e9m disso, recursos como o <a href='https:\/\/support.apple.com\/' rel=\"nofollow noopener\" target='_blank'>Suporte da Apple<\/a> podem ser de grande ajuda na resolu\u00e7\u00e3o de problemas.<\/p>\n<\/section>\n<section>\n<h2>Conclus\u00e3o:<\/h2>\n<div class=\"nonp\">\n<p>Em conclus\u00e3o, experimentar o desaparecimento de arquivos da \u00e1rea de trabalho em um Mac pode ser preocupante, mas n\u00e3o precisa ser um desastre. Ao entender as poss\u00edveis causas e ter uma estrat\u00e9gia para recupera\u00e7\u00e3o, incluindo ferramentas como <a href='https:\/\/www.cleverfiles.com\/' rel=\"nofollow noopener\" target='_blank'><b>Disk Drill<\/b><\/a>, voc\u00ea pode restaurar seus dados importantes. Preven\u00e7\u00e3o \u00e9 a chave, ent\u00e3o certifique-se de fazer backup dos seus arquivos regularmente e manter uma boa higiene digital. Caso voc\u00ea enfrente problemas semelhantes no futuro, lembre-se que agora est\u00e1 equipado com o conhecimento para lidar com eles de maneira eficaz.<\/p>\n<\/div>\n<\/section>\n","protected":false},"excerpt":{"rendered":"<p>Arquivos Desapareceram do Desktop do Mac &#8211; Como Recuper\u00e1-los? Recentemente, enfrentei um problema onde alguns arquivos do desktop desapareceram no meu Mac, ou melhor, tudo no meu desktop do Mac desapareceu. \u00c9 uma situa\u00e7\u00e3o que pode desencadear um leve p\u00e2nico, pois parece que perdemos uma parte da nossa vida digital. No entanto, aprendi que este [&hellip;]<\/p>\n","protected":false},"author":2,"featured_media":33587,"parent":0,"menu_order":0,"comment_status":"closed","ping_status":"closed","template":"chromecast.php","meta":{"_stopmodifiedupdate":false,"_modified_date":"","_lmt_disableupdate":"yes","_lmt_disable":""},"acf":[],"yoast_head":"<!-- This site is optimized with the Yoast SEO plugin v20.9 - https:\/\/yoast.com\/wordpress\/plugins\/seo\/ -->\n<title>Como Recuperar Arquivos de Desktop Desaparecidos em um Mac (Resolvido)<\/title>\n<meta name=\"robots\" content=\"index, follow, max-snippet:-1, max-image-preview:large, max-video-preview:-1\" \/>\n<link rel=\"canonical\" href=\"https:\/\/datarecovery.ping.fm\/pt\/desktop-files-disappeared-mac\/\" \/>\n<meta property=\"og:locale\" content=\"pt_PT\" \/>\n<meta property=\"og:type\" content=\"article\" \/>\n<meta property=\"og:title\" content=\"Como Recuperar Arquivos de Desktop Desaparecidos em um Mac (Resolvido)\" \/>\n<meta property=\"og:description\" content=\"Arquivos Desapareceram do Desktop do Mac &#8211; Como Recuper\u00e1-los? Recentemente, enfrentei um problema onde alguns arquivos do desktop desapareceram no meu Mac, ou melhor, tudo no meu desktop do Mac desapareceu. \u00c9 uma situa\u00e7\u00e3o que pode desencadear um leve p\u00e2nico, pois parece que perdemos uma parte da nossa vida digital. No entanto, aprendi que este [&hellip;]\" \/>\n<meta property=\"og:url\" content=\"https:\/\/datarecovery.ping.fm\/pt\/desktop-files-disappeared-mac\/\" \/>\n<meta property=\"og:site_name\" content=\"Software de Recupera\u00e7\u00e3o de Dados\" \/>\n<meta property=\"article:modified_time\" content=\"2024-02-16T09:00:37+00:00\" \/>\n<meta property=\"og:image\" content=\"https:\/\/datarecovery.ping.fm\/wp-content\/uploads\/2024\/03\/Files-Disappeared-From-Mac-Desktop-How-to-Get-Them-Back-Portuguese.jpg\" \/>\n\t<meta property=\"og:image:width\" content=\"1280\" \/>\n\t<meta property=\"og:image:height\" content=\"731\" \/>\n\t<meta property=\"og:image:type\" content=\"image\/jpeg\" \/>\n<meta name=\"twitter:card\" content=\"summary_large_image\" \/>\n<meta name=\"twitter:label1\" content=\"Est. reading time\" \/>\n\t<meta name=\"twitter:data1\" content=\"6 minutos\" \/>\n<script type=\"application\/ld+json\" class=\"yoast-schema-graph\">{\"@context\":\"https:\/\/schema.org\",\"@graph\":[{\"@type\":\"WebPage\",\"@id\":\"https:\/\/datarecovery.ping.fm\/pt\/desktop-files-disappeared-mac\/\",\"url\":\"https:\/\/datarecovery.ping.fm\/pt\/desktop-files-disappeared-mac\/\",\"name\":\"Como Recuperar Arquivos de Desktop Desaparecidos em um Mac (Resolvido)\",\"isPartOf\":{\"@id\":\"https:\/\/datarecovery.ping.fm\/pt\/#website\"},\"datePublished\":\"2024-01-10T21:08:36+00:00\",\"dateModified\":\"2024-02-16T09:00:37+00:00\",\"breadcrumb\":{\"@id\":\"https:\/\/datarecovery.ping.fm\/pt\/desktop-files-disappeared-mac\/#breadcrumb\"},\"inLanguage\":\"pt-PT\",\"potentialAction\":[{\"@type\":\"ReadAction\",\"target\":[\"https:\/\/datarecovery.ping.fm\/pt\/desktop-files-disappeared-mac\/\"]}]},{\"@type\":\"BreadcrumbList\",\"@id\":\"https:\/\/datarecovery.ping.fm\/pt\/desktop-files-disappeared-mac\/#breadcrumb\",\"itemListElement\":[{\"@type\":\"ListItem\",\"position\":1,\"name\":\"Home\",\"item\":\"https:\/\/datarecovery.ping.fm\/pt\/\"},{\"@type\":\"ListItem\",\"position\":2,\"name\":\"Arquivos Desapareceram da \u00c1rea de Trabalho do Mac &#8211; Como Recuper\u00e1-los?\"}]},{\"@type\":\"WebSite\",\"@id\":\"https:\/\/datarecovery.ping.fm\/pt\/#website\",\"url\":\"https:\/\/datarecovery.ping.fm\/pt\/\",\"name\":\"Software de Recupera\u00e7\u00e3o de Dados\",\"description\":\"\",\"potentialAction\":[{\"@type\":\"SearchAction\",\"target\":{\"@type\":\"EntryPoint\",\"urlTemplate\":\"https:\/\/datarecovery.ping.fm\/pt\/?s={search_term_string}\"},\"query-input\":\"required name=search_term_string\"}],\"inLanguage\":\"pt-PT\"}]}<\/script>\n<!-- \/ Yoast SEO plugin. -->","yoast_head_json":{"title":"Como Recuperar Arquivos de Desktop Desaparecidos em um Mac (Resolvido)","robots":{"index":"index","follow":"follow","max-snippet":"max-snippet:-1","max-image-preview":"max-image-preview:large","max-video-preview":"max-video-preview:-1"},"canonical":"https:\/\/datarecovery.ping.fm\/pt\/desktop-files-disappeared-mac\/","og_locale":"pt_PT","og_type":"article","og_title":"Como Recuperar Arquivos de Desktop Desaparecidos em um Mac (Resolvido)","og_description":"Arquivos Desapareceram do Desktop do Mac &#8211; Como Recuper\u00e1-los? Recentemente, enfrentei um problema onde alguns arquivos do desktop desapareceram no meu Mac, ou melhor, tudo no meu desktop do Mac desapareceu. \u00c9 uma situa\u00e7\u00e3o que pode desencadear um leve p\u00e2nico, pois parece que perdemos uma parte da nossa vida digital. No entanto, aprendi que este [&hellip;]","og_url":"https:\/\/datarecovery.ping.fm\/pt\/desktop-files-disappeared-mac\/","og_site_name":"Software de Recupera\u00e7\u00e3o de Dados","article_modified_time":"2024-02-16T09:00:37+00:00","og_image":[{"width":1280,"height":731,"url":"https:\/\/datarecovery.ping.fm\/wp-content\/uploads\/2024\/03\/Files-Disappeared-From-Mac-Desktop-How-to-Get-Them-Back-Portuguese.jpg","type":"image\/jpeg"}],"twitter_card":"summary_large_image","twitter_misc":{"Est. reading time":"6 minutos"},"schema":{"@context":"https:\/\/schema.org","@graph":[{"@type":"WebPage","@id":"https:\/\/datarecovery.ping.fm\/pt\/desktop-files-disappeared-mac\/","url":"https:\/\/datarecovery.ping.fm\/pt\/desktop-files-disappeared-mac\/","name":"Como Recuperar Arquivos de Desktop Desaparecidos em um Mac (Resolvido)","isPartOf":{"@id":"https:\/\/datarecovery.ping.fm\/pt\/#website"},"datePublished":"2024-01-10T21:08:36+00:00","dateModified":"2024-02-16T09:00:37+00:00","breadcrumb":{"@id":"https:\/\/datarecovery.ping.fm\/pt\/desktop-files-disappeared-mac\/#breadcrumb"},"inLanguage":"pt-PT","potentialAction":[{"@type":"ReadAction","target":["https:\/\/datarecovery.ping.fm\/pt\/desktop-files-disappeared-mac\/"]}]},{"@type":"BreadcrumbList","@id":"https:\/\/datarecovery.ping.fm\/pt\/desktop-files-disappeared-mac\/#breadcrumb","itemListElement":[{"@type":"ListItem","position":1,"name":"Home","item":"https:\/\/datarecovery.ping.fm\/pt\/"},{"@type":"ListItem","position":2,"name":"Arquivos Desapareceram da \u00c1rea de Trabalho do Mac &#8211; Como Recuper\u00e1-los?"}]},{"@type":"WebSite","@id":"https:\/\/datarecovery.ping.fm\/pt\/#website","url":"https:\/\/datarecovery.ping.fm\/pt\/","name":"Software de Recupera\u00e7\u00e3o de Dados","description":"","potentialAction":[{"@type":"SearchAction","target":{"@type":"EntryPoint","urlTemplate":"https:\/\/datarecovery.ping.fm\/pt\/?s={search_term_string}"},"query-input":"required name=search_term_string"}],"inLanguage":"pt-PT"}]}},"_links":{"self":[{"href":"https:\/\/datarecovery.ping.fm\/pt\/wp-json\/wp\/v2\/pages\/15878"}],"collection":[{"href":"https:\/\/datarecovery.ping.fm\/pt\/wp-json\/wp\/v2\/pages"}],"about":[{"href":"https:\/\/datarecovery.ping.fm\/pt\/wp-json\/wp\/v2\/types\/page"}],"author":[{"embeddable":true,"href":"https:\/\/datarecovery.ping.fm\/pt\/wp-json\/wp\/v2\/users\/2"}],"replies":[{"embeddable":true,"href":"https:\/\/datarecovery.ping.fm\/pt\/wp-json\/wp\/v2\/comments?post=15878"}],"version-history":[{"count":1,"href":"https:\/\/datarecovery.ping.fm\/pt\/wp-json\/wp\/v2\/pages\/15878\/revisions"}],"predecessor-version":[{"id":33586,"href":"https:\/\/datarecovery.ping.fm\/pt\/wp-json\/wp\/v2\/pages\/15878\/revisions\/33586"}],"wp:featuredmedia":[{"embeddable":true,"href":"https:\/\/datarecovery.ping.fm\/pt\/wp-json\/wp\/v2\/media\/33587"}],"wp:attachment":[{"href":"https:\/\/datarecovery.ping.fm\/pt\/wp-json\/wp\/v2\/media?parent=15878"}],"curies":[{"name":"wp","href":"https:\/\/api.w.org\/{rel}","templated":true}]}}