{"id":15638,"date":"2024-01-03T21:28:31","date_gmt":"2024-01-03T21:28:31","guid":{"rendered":"https:\/\/www.ping.fm\/data-recovery-software\/reddit-data-recovery\/"},"modified":"2024-02-29T18:51:06","modified_gmt":"2024-02-29T18:51:06","slug":"reddit-data-recovery","status":"publish","type":"page","link":"https:\/\/datarecovery.ping.fm\/pt\/reddit-data-recovery\/","title":{"rendered":"Melhor software de recupera\u00e7\u00e3o de dados no Reddit em 2024"},"content":{"rendered":"<section>\n<h1>Melhor software de recupera\u00e7\u00e3o de dados no Reddit em 2024<\/h1>\n<div class=\"inbrief\">\n<div>             <img src=\"https:\/\/www.ping.fm\/data-recovery-software\/wp-content\/uploads\/ai\/Best-data-recovery-software-on-Reddit-in-2024-Portuguese.jpg\" alt=\"Melhor software de recupera\u00e7\u00e3o de dados no Reddit em 2024\" title=\"Melhor software de recupera\u00e7\u00e3o de dados no Reddit em 2024\" width=\"1280\" height=\"720\">             <\/p>\n<p>Em nossas vidas cada vez mais digitais, os dados se tornaram t\u00e3o preciosos quanto qualquer outro ativo. Proteg\u00ea-los \u00e9 essencial, mas \u00e0s vezes, a perda inesperada de dados pode ocorrer, deixando-nos em busca de solu\u00e7\u00f5es. Felizmente, o mercado de software oferece uma multiplicidade de op\u00e7\u00f5es de recupera\u00e7\u00e3o de dados, e discuss\u00f5es de usu\u00e1rios em plataformas como o Reddit t\u00eam sido inestim\u00e1veis na avalia\u00e7\u00e3o de sua efic\u00e1cia. Um desses softwares frequentemente citado em discuss\u00f5es pelos seus recursos robustos \u00e9 o <b>Disk Drill<\/b>. Neste post, mergulharemos no mundo dos softwares de recupera\u00e7\u00e3o de dados, com foco no que os usu\u00e1rios do Reddit t\u00eam a dizer, incluindo percep\u00e7\u00f5es sobre o desempenho do Disk Drill a partir de experi\u00eancias pessoais.<\/p>\n<\/div>\n<\/div>\n<\/section>\n<section>\n<div class=\"medal\">\n<div>&#129351;<\/div>\n<\/div>\n<h2><a href='https:\/\/www.cleverfiles.com\/' rel=\"nofollow noopener\" target='_blank'>Disk Drill<\/a><\/h2>\n<p><img src=\"https:\/\/www.ping.fm\/data-recovery-software\/wp-content\/uploads\/ai\/https---www-cleverfiles-com-Portuguese.jpg\"><\/p>\n<p>O Disk Drill \u00e9 frequentemente destacado no Reddit por sua interface intuitiva e algoritmos poderosos de recupera\u00e7\u00e3o. Ele suporta uma variedade de sistemas de arquivos e pode recuperar dados de quase qualquer dispositivo de armazenamento. Com recursos como Recovery Vault e Guaranteed Recovery, o Disk Drill vai al\u00e9m da restaura\u00e7\u00e3o padr\u00e3o de arquivos, fornecendo aos usu\u00e1rios camadas adicionais de prote\u00e7\u00e3o de dados.<\/p>\n<p><a href='https:\/\/www.cleverfiles.com\/' rel=\"nofollow noopener\" target='_blank' class='ofWSite'>Site Oficial<\/a><\/p>\n<h3 class='prosTitle'>Pr\u00f3s<\/h3>\n<ul class='listpc pros'>\n<li>Amplo suporte a sistemas de arquivos<\/li>\n<li>Recursos extras de prote\u00e7\u00e3o de dados como Recovery Vault<\/li>\n<li>Interface amig\u00e1vel ao usu\u00e1rio<\/li>\n<\/ul>\n<h3 class='consTitle'>Contras<\/h3>\n<ul class='listpc cons'>\n<li>Recursos completos requerem atualiza\u00e7\u00e3o paga<\/li>\n<li>Pode ser lento com discos grandes<\/li>\n<\/ul>\n<\/section>\n<section>\n<div class=\"medal\">\n<div>&#129352;<\/div>\n<\/div>\n<h2><a href='https:\/\/www.easeus.com\/datarecoverywizard\/free-data-recovery-software.htm' rel=\"nofollow noopener\" target='_blank'>EaseUS Data Recovery Wizard<\/a><\/h2>\n<p><img src=\"https:\/\/www.ping.fm\/data-recovery-software\/wp-content\/uploads\/ai\/https---www-easeus-com-datarecoverywizard-free-data-recovery-software-htmPortuguese.jpg\"><\/p>\n<p>O EaseUS Data Recovery Wizard \u00e9 outra escolha popular entre os usu\u00e1rios do Reddit pela sua facilidade de uso e efici\u00eancia. Suportando v\u00e1rios tipos de arquivos e dispositivos de armazenamento, ele muitas vezes aparece como uma ferramenta recomendada para varreduras r\u00e1pidas e completas.<\/p>\n<p><a href='https:\/\/www.easeus.com\/datarecoverywizard\/free-data-recovery-software.htm' rel=\"nofollow noopener\" target='_blank' class='ofWSite'>Site Oficial<\/a><\/p>\n<h3 class='prosTitle'>Pr\u00f3s<\/h3>\n<ul class='listpc pros'>\n<li>Interface de usu\u00e1rio simples<\/li>\n<li>Recurso de visualiza\u00e7\u00e3o para arquivos recuper\u00e1veis<\/li>\n<li>Desempenho de recupera\u00e7\u00e3o confi\u00e1vel<\/li>\n<\/ul>\n<h3 class='consTitle'>Contras<\/h3>\n<ul class='listpc cons'>\n<li>Capacidades da vers\u00e3o gratuita limitadas<\/li>\n<li>Velocidade de recupera\u00e7\u00e3o pode variar<\/li>\n<\/ul>\n<\/section>\n<section>\n<div class=\"medal\">\n<div>&#129353;<\/div>\n<\/div>\n<h2><a href='https:\/\/www.runtime.org\/data-recovery-software.htm' rel=\"nofollow noopener\" target='_blank'>GetDataBack<\/a><\/h2>\n<p><img src=\"https:\/\/www.ping.fm\/data-recovery-software\/wp-content\/uploads\/ai\/https---www-runtime-org-data-recovery-software-htmPortuguese.jpg\"><\/p>\n<p>Entre os usu\u00e1rios tecnicamente experientes no Reddit, o GetDataBack \u00e9 frequentemente citado por suas capacidades avan\u00e7adas e confiabilidade. Desenvolvido pela Runtime Software, \u00e9 ideal para usu\u00e1rios com um entendimento mais profundo de sistemas de arquivos e processos de recupera\u00e7\u00e3o de dados.<\/p>\n<p><a href='https:\/\/www.runtime.org\/data-recovery-software.htm' rel=\"nofollow noopener\" target='_blank' class='ofWSite'>Site Oficial<\/a><\/p>\n<h3 class='prosTitle'>Pr\u00f3s<\/h3>\n<ul class='listpc pros'>\n<li>Op\u00e7\u00f5es avan\u00e7adas para usu\u00e1rios experientes<\/li>\n<li>Recupera\u00e7\u00e3o eficiente de sistemas de arquivos NTFS, FAT, exFAT e EXT<\/li>\n<li>Desempenho confi\u00e1vel<\/li>\n<\/ul>\n<h3 class='consTitle'>Contras<\/h3>\n<ul class='listpc cons'>\n<li>Interface de usu\u00e1rio n\u00e3o \u00e9 amig\u00e1vel para iniciantes<\/li>\n<li>Pre\u00e7o mais elevado<\/li>\n<\/ul>\n<\/section>\n<section>\n<div class=\"no-medal\">\n<div>4<\/div>\n<\/div>\n<h2><a href='https:\/\/www.stellarinfo.com\/free-data-recovery.php' rel=\"nofollow noopener\" target='_blank'>Stellar Data Recovery<\/a><\/h2>\n<p><img src=\"https:\/\/www.ping.fm\/data-recovery-software\/wp-content\/uploads\/ai\/https---www-stellarinfo-com-free-data-recovery-phpPortuguese.jpg\"><\/p>\n<p>O Stellar Data Recovery ganha elogios nos f\u00f3runs do Reddit por seus recursos robustos e taxas fortes de sucesso na recupera\u00e7\u00e3o. \u00c9 particularmente conhecido por recuperar dados de discos danificados ou corrompidos e se orgulha do seu recurso de visualiza\u00e7\u00e3o que permite aos usu\u00e1rios ver os arquivos antes da recupera\u00e7\u00e3o.<\/p>\n<p><a href='https:\/\/www.stellarinfo.com\/free-data-recovery.php' rel=\"nofollow noopener\" target='_blank' class='ofWSite'>Site Oficial<\/a><\/p>\n<h3 class='prosTitle'>Pr\u00f3s<\/h3>\n<ul class='listpc pros'>\n<li>Elevada taxa de sucesso na recupera\u00e7\u00e3o<\/li>\n<li>Recurso de visualiza\u00e7\u00e3o<\/li>\n<li>Recupera de discos corrompidos<\/li>\n<\/ul>\n<h3 class='consTitle'>Contras<\/h3>\n<ul class='listpc cons'>\n<li>Vers\u00e3o gratuita tem limites de recupera\u00e7\u00e3o de dados<\/li>\n<li>Alguns usu\u00e1rios relatam navega\u00e7\u00e3o complexa<\/li>\n<\/ul>\n<\/section>\n<section>\n<div class=\"no-medal\">\n<div>5<\/div>\n<\/div>\n<h2><a href='https:\/\/www.wondershare.com\/data-recovery\/' rel=\"nofollow noopener\" target='_blank'>Wondershare Recoverit<\/a><\/h2>\n<p><img src=\"https:\/\/www.ping.fm\/data-recovery-software\/wp-content\/uploads\/ai\/https---www-wondershare-com-data-recovery-Portuguese.jpg\"><\/p>\n<p>O Wondershare Recoverit recebe coment\u00e1rios variados no Reddit, mas \u00e9 reconhecido pelo seu amplo suporte a tipos de arquivos e dispositivos. Seu design simples e o processo de recupera\u00e7\u00e3o com um clique o tornam uma op\u00e7\u00e3o atrativa para usu\u00e1rios menos t\u00e9cnicos.<\/p>\n<p><a href='https:\/\/www.wondershare.com\/data-recovery\/' rel=\"nofollow noopener\" target='_blank' class='ofWSite'>Site Oficial<\/a><\/p>\n<h3 class='prosTitle'>Pr\u00f3s<\/h3>\n<ul class='listpc pros'>\n<li>Oferece suporte a mais de 1000 tipos de arquivos<\/li>\n<li>Design centrado no usu\u00e1rio<\/li>\n<li>Vers\u00e3o gratuita dispon\u00edvel<\/li>\n<\/ul>\n<h3 class='consTitle'>Contras<\/h3>\n<ul class='listpc cons'>\n<li>Alguns usu\u00e1rios consideram os tempos de varredura longos<\/li>\n<li>Alto uso de recursos durante as varreduras<\/li>\n<\/ul>\n<\/section>\n<section>\n<h2>V\u00eddeo do Youtube para assistir<\/h2>\n<div class=\"nonp iframe\"><iframe width=\"420\" height=\"315\" src=\"\/\/www.youtube.com\/embed\/IGEizr1WZ3E\" frameborder=\"0\" allowfullscreen><\/iframe><\/div>\n<\/section>\n<section>\n<h2>Conclus\u00e3o:<\/h2>\n<div class=\"nonp\">\n<p>Na busca para proteger e, quando necess\u00e1rio, restaurar seus dados valiosos, fica claro em comunidades online vibrantes como o Reddit que as experi\u00eancias de recupera\u00e7\u00e3o de dados podem ser bastante pessoais e variadas. As pessoas geralmente dependem de recomenda\u00e7\u00f5es boca a boca e de experi\u00eancias compartilhadas para navegar no mar avassalador de op\u00e7\u00f5es. Entre essas, o software que consistentemente gera burburinho por sua mistura de poder e simplicidade \u00e9 o <b>Disk Drill<\/b>.<\/p>\n<p>O que faz o software de recupera\u00e7\u00e3o de dados se destacar n\u00e3o \u00e9 apenas a sua capacidade de recuperar arquivos apagados, mas tamb\u00e9m o valor agregado que ele oferece. A tend\u00eancia de integrar ferramentas preventivas, como o Recovery Vault do <b>Disk Drill<\/b>, sugere que os usu\u00e1rios est\u00e3o buscando maneiras proativas de gerenciar os riscos de perda de dados. Al\u00e9m disso, a prova social &#8211; a contribui\u00e7\u00e3o de in\u00fameras pessoas que navegaram nas \u00e1guas tumultuadas da perda de dados &#8211; desempenha um papel fundamental na confian\u00e7a e ado\u00e7\u00e3o dessas ferramentas.<\/p>\n<p>Para mais orienta\u00e7\u00f5es, \u00e9 aconselh\u00e1vel referir-se \u00e0 comunidade de suporte t\u00e9cnico do <a href='https:\/\/www.reddit.com\/r\/techsupport\/' rel=\"nofollow noopener\" target='_blank'>Reddit<\/a> ou consultar fontes autoritativas como a <a href='https:\/\/www.pcworld.com\/' rel=\"nofollow noopener\" target='_blank'>PC World<\/a> para an\u00e1lises e compara\u00e7\u00f5es abrangentes.<\/p>\n<\/div>\n<\/section>\n","protected":false},"excerpt":{"rendered":"<p>Melhor software de recupera\u00e7\u00e3o de dados no Reddit em 2024 Em nossas vidas cada vez mais digitais, os dados se tornaram t\u00e3o preciosos quanto qualquer outro ativo. Proteg\u00ea-los \u00e9 essencial, mas \u00e0s vezes, a perda inesperada de dados pode ocorrer, deixando-nos em busca de solu\u00e7\u00f5es. Felizmente, o mercado de software oferece uma multiplicidade de op\u00e7\u00f5es [&hellip;]<\/p>\n","protected":false},"author":2,"featured_media":33564,"parent":0,"menu_order":0,"comment_status":"closed","ping_status":"closed","template":"chromecast.php","meta":{"_stopmodifiedupdate":false,"_modified_date":"","_lmt_disableupdate":"yes","_lmt_disable":""},"acf":[],"yoast_head":"<!-- This site is optimized with the Yoast SEO plugin v20.9 - https:\/\/yoast.com\/wordpress\/plugins\/seo\/ -->\n<title>Melhor software de recupera\u00e7\u00e3o de dados em 2024 (usu\u00e1rios comentam no Reddit)<\/title>\n<meta name=\"robots\" content=\"index, follow, max-snippet:-1, max-image-preview:large, max-video-preview:-1\" \/>\n<link rel=\"canonical\" href=\"https:\/\/datarecovery.ping.fm\/pt\/reddit-data-recovery\/\" \/>\n<meta property=\"og:locale\" content=\"pt_PT\" \/>\n<meta property=\"og:type\" content=\"article\" \/>\n<meta property=\"og:title\" content=\"Melhor software de recupera\u00e7\u00e3o de dados em 2024 (usu\u00e1rios comentam no Reddit)\" \/>\n<meta property=\"og:description\" content=\"Melhor software de recupera\u00e7\u00e3o de dados no Reddit em 2024 Em nossas vidas cada vez mais digitais, os dados se tornaram t\u00e3o preciosos quanto qualquer outro ativo. Proteg\u00ea-los \u00e9 essencial, mas \u00e0s vezes, a perda inesperada de dados pode ocorrer, deixando-nos em busca de solu\u00e7\u00f5es. Felizmente, o mercado de software oferece uma multiplicidade de op\u00e7\u00f5es [&hellip;]\" \/>\n<meta property=\"og:url\" content=\"https:\/\/datarecovery.ping.fm\/pt\/reddit-data-recovery\/\" \/>\n<meta property=\"og:site_name\" content=\"Software de Recupera\u00e7\u00e3o de Dados\" \/>\n<meta property=\"article:modified_time\" content=\"2024-02-29T18:51:06+00:00\" \/>\n<meta property=\"og:image\" content=\"https:\/\/datarecovery.ping.fm\/wp-content\/uploads\/2024\/03\/Best-data-recovery-software-on-Reddit-in-2024-Portuguese.jpg\" \/>\n\t<meta property=\"og:image:width\" content=\"1280\" \/>\n\t<meta property=\"og:image:height\" content=\"731\" \/>\n\t<meta property=\"og:image:type\" content=\"image\/jpeg\" \/>\n<meta name=\"twitter:card\" content=\"summary_large_image\" \/>\n<meta name=\"twitter:label1\" content=\"Est. reading time\" \/>\n\t<meta name=\"twitter:data1\" content=\"4 minutos\" \/>\n<script type=\"application\/ld+json\" class=\"yoast-schema-graph\">{\"@context\":\"https:\/\/schema.org\",\"@graph\":[{\"@type\":\"WebPage\",\"@id\":\"https:\/\/datarecovery.ping.fm\/pt\/reddit-data-recovery\/\",\"url\":\"https:\/\/datarecovery.ping.fm\/pt\/reddit-data-recovery\/\",\"name\":\"Melhor software de recupera\u00e7\u00e3o de dados em 2024 (usu\u00e1rios comentam no Reddit)\",\"isPartOf\":{\"@id\":\"https:\/\/datarecovery.ping.fm\/pt\/#website\"},\"datePublished\":\"2024-01-03T21:28:31+00:00\",\"dateModified\":\"2024-02-29T18:51:06+00:00\",\"breadcrumb\":{\"@id\":\"https:\/\/datarecovery.ping.fm\/pt\/reddit-data-recovery\/#breadcrumb\"},\"inLanguage\":\"pt-PT\",\"potentialAction\":[{\"@type\":\"ReadAction\",\"target\":[\"https:\/\/datarecovery.ping.fm\/pt\/reddit-data-recovery\/\"]}]},{\"@type\":\"BreadcrumbList\",\"@id\":\"https:\/\/datarecovery.ping.fm\/pt\/reddit-data-recovery\/#breadcrumb\",\"itemListElement\":[{\"@type\":\"ListItem\",\"position\":1,\"name\":\"Home\",\"item\":\"https:\/\/datarecovery.ping.fm\/pt\/\"},{\"@type\":\"ListItem\",\"position\":2,\"name\":\"Melhor software de recupera\u00e7\u00e3o de dados no Reddit em 2024\"}]},{\"@type\":\"WebSite\",\"@id\":\"https:\/\/datarecovery.ping.fm\/pt\/#website\",\"url\":\"https:\/\/datarecovery.ping.fm\/pt\/\",\"name\":\"Software de Recupera\u00e7\u00e3o de Dados\",\"description\":\"\",\"potentialAction\":[{\"@type\":\"SearchAction\",\"target\":{\"@type\":\"EntryPoint\",\"urlTemplate\":\"https:\/\/datarecovery.ping.fm\/pt\/?s={search_term_string}\"},\"query-input\":\"required name=search_term_string\"}],\"inLanguage\":\"pt-PT\"}]}<\/script>\n<!-- \/ Yoast SEO plugin. -->","yoast_head_json":{"title":"Melhor software de recupera\u00e7\u00e3o de dados em 2024 (usu\u00e1rios comentam no Reddit)","robots":{"index":"index","follow":"follow","max-snippet":"max-snippet:-1","max-image-preview":"max-image-preview:large","max-video-preview":"max-video-preview:-1"},"canonical":"https:\/\/datarecovery.ping.fm\/pt\/reddit-data-recovery\/","og_locale":"pt_PT","og_type":"article","og_title":"Melhor software de recupera\u00e7\u00e3o de dados em 2024 (usu\u00e1rios comentam no Reddit)","og_description":"Melhor software de recupera\u00e7\u00e3o de dados no Reddit em 2024 Em nossas vidas cada vez mais digitais, os dados se tornaram t\u00e3o preciosos quanto qualquer outro ativo. Proteg\u00ea-los \u00e9 essencial, mas \u00e0s vezes, a perda inesperada de dados pode ocorrer, deixando-nos em busca de solu\u00e7\u00f5es. Felizmente, o mercado de software oferece uma multiplicidade de op\u00e7\u00f5es [&hellip;]","og_url":"https:\/\/datarecovery.ping.fm\/pt\/reddit-data-recovery\/","og_site_name":"Software de Recupera\u00e7\u00e3o de Dados","article_modified_time":"2024-02-29T18:51:06+00:00","og_image":[{"width":1280,"height":731,"url":"https:\/\/datarecovery.ping.fm\/wp-content\/uploads\/2024\/03\/Best-data-recovery-software-on-Reddit-in-2024-Portuguese.jpg","type":"image\/jpeg"}],"twitter_card":"summary_large_image","twitter_misc":{"Est. reading time":"4 minutos"},"schema":{"@context":"https:\/\/schema.org","@graph":[{"@type":"WebPage","@id":"https:\/\/datarecovery.ping.fm\/pt\/reddit-data-recovery\/","url":"https:\/\/datarecovery.ping.fm\/pt\/reddit-data-recovery\/","name":"Melhor software de recupera\u00e7\u00e3o de dados em 2024 (usu\u00e1rios comentam no Reddit)","isPartOf":{"@id":"https:\/\/datarecovery.ping.fm\/pt\/#website"},"datePublished":"2024-01-03T21:28:31+00:00","dateModified":"2024-02-29T18:51:06+00:00","breadcrumb":{"@id":"https:\/\/datarecovery.ping.fm\/pt\/reddit-data-recovery\/#breadcrumb"},"inLanguage":"pt-PT","potentialAction":[{"@type":"ReadAction","target":["https:\/\/datarecovery.ping.fm\/pt\/reddit-data-recovery\/"]}]},{"@type":"BreadcrumbList","@id":"https:\/\/datarecovery.ping.fm\/pt\/reddit-data-recovery\/#breadcrumb","itemListElement":[{"@type":"ListItem","position":1,"name":"Home","item":"https:\/\/datarecovery.ping.fm\/pt\/"},{"@type":"ListItem","position":2,"name":"Melhor software de recupera\u00e7\u00e3o de dados no Reddit em 2024"}]},{"@type":"WebSite","@id":"https:\/\/datarecovery.ping.fm\/pt\/#website","url":"https:\/\/datarecovery.ping.fm\/pt\/","name":"Software de Recupera\u00e7\u00e3o de Dados","description":"","potentialAction":[{"@type":"SearchAction","target":{"@type":"EntryPoint","urlTemplate":"https:\/\/datarecovery.ping.fm\/pt\/?s={search_term_string}"},"query-input":"required name=search_term_string"}],"inLanguage":"pt-PT"}]}},"_links":{"self":[{"href":"https:\/\/datarecovery.ping.fm\/pt\/wp-json\/wp\/v2\/pages\/15638"}],"collection":[{"href":"https:\/\/datarecovery.ping.fm\/pt\/wp-json\/wp\/v2\/pages"}],"about":[{"href":"https:\/\/datarecovery.ping.fm\/pt\/wp-json\/wp\/v2\/types\/page"}],"author":[{"embeddable":true,"href":"https:\/\/datarecovery.ping.fm\/pt\/wp-json\/wp\/v2\/users\/2"}],"replies":[{"embeddable":true,"href":"https:\/\/datarecovery.ping.fm\/pt\/wp-json\/wp\/v2\/comments?post=15638"}],"version-history":[{"count":1,"href":"https:\/\/datarecovery.ping.fm\/pt\/wp-json\/wp\/v2\/pages\/15638\/revisions"}],"predecessor-version":[{"id":29056,"href":"https:\/\/datarecovery.ping.fm\/pt\/wp-json\/wp\/v2\/pages\/15638\/revisions\/29056"}],"wp:featuredmedia":[{"embeddable":true,"href":"https:\/\/datarecovery.ping.fm\/pt\/wp-json\/wp\/v2\/media\/33564"}],"wp:attachment":[{"href":"https:\/\/datarecovery.ping.fm\/pt\/wp-json\/wp\/v2\/media?parent=15638"}],"curies":[{"name":"wp","href":"https:\/\/api.w.org\/{rel}","templated":true}]}}