{"id":15507,"date":"2024-01-04T14:44:05","date_gmt":"2024-01-04T14:44:05","guid":{"rendered":"https:\/\/www.ping.fm\/data-recovery-software\/recovery-services\/"},"modified":"2024-02-29T12:47:56","modified_gmt":"2024-02-29T12:47:56","slug":"recovery-services","status":"publish","type":"page","link":"https:\/\/datarecovery.ping.fm\/pt\/recovery-services\/","title":{"rendered":"Melhores Empresas de Servi\u00e7o de Recupera\u00e7\u00e3o de Dados nos EUA"},"content":{"rendered":"<section>\n<h1>Melhores Empresas de Servi\u00e7os de Recupera\u00e7\u00e3o de Dados nos EUA<\/h1>\n<div class=\"inbrief\">\n<div>             <img src=\"https:\/\/www.ping.fm\/data-recovery-software\/wp-content\/uploads\/ai\/Best-Data-Recovery-Service-Companies-in-USA-Portuguese.jpg\" alt=\"Melhores Empresas de Servi\u00e7os de Recupera\u00e7\u00e3o de Dados nos EUA\" title=\"Melhores Empresas de Servi\u00e7os de Recupera\u00e7\u00e3o de Dados nos EUA\" width=\"1280\" height=\"720\">             <\/p>\n<p>Navegar pelas \u00e1guas turvas da perda de dados pode ser uma experi\u00eancia angustiante. Seja uma mem\u00f3ria pessoal ou dados cr\u00edticos de um neg\u00f3cio, o significado do que foi perdido pode ser incalcul\u00e1vel. Felizmente, os EUA s\u00e3o o lar de algumas das melhores empresas de servi\u00e7os de recupera\u00e7\u00e3o de dados da ind\u00fastria, e tive a oportunidade de explorar seus servi\u00e7os em primeira m\u00e3o. Este artigo se aprofunda nas op\u00e7\u00f5es mais conceituadas dispon\u00edveis, baseadas em efic\u00e1cia, atendimento ao cliente e destreza t\u00e9cnica.<\/p>\n<\/div>\n<\/div>\n<\/section>\n<section>\n<div class=\"medal\">\n<div>&#129351;<\/div>\n<\/div>\n<h2><a href='https:\/\/www.drivesaversdatarecovery.com' rel=\"nofollow noopener\" target='_blank'>DriveSavers Data Recovery<\/a><\/h2>\n<p><img src=\"https:\/\/www.ping.fm\/data-recovery-software\/wp-content\/uploads\/ai\/https---www-drivesaversdatarecovery-comPortuguese.jpg\"><\/p>\n<p>A DriveSavers \u00e9 uma veterana na ind\u00fastria de recupera\u00e7\u00e3o de dados, ostentando uma alta taxa de sucesso. Suas instala\u00e7\u00f5es de salas limpas e engenheiros certificados garantem a recupera\u00e7\u00e3o ideal de dados de todos os tipos de dispositivos de armazenamento. Seu \u00eanfase em seguran\u00e7a de dados \u00e9 primordial, tornando-os uma escolha confi\u00e1vel para recupera\u00e7\u00e3o de dados sens\u00edveis.<\/p>\n<p><a href='https:\/\/www.drivesaversdatarecovery.com' rel=\"nofollow noopener\" target='_blank' class='ofWSite'>Site Oficial<\/a><\/p>\n<h3 class='prosTitle'>Pr\u00f3s<\/h3>\n<ul class='listpc pros'>\n<li>Instala\u00e7\u00f5es avan\u00e7adas de salas limpas<\/li>\n<li>Expertise variada em dispositivos de armazenamento<\/li>\n<\/ul>\n<h3 class='consTitle'>Contras<\/h3>\n<ul class='listpc cons'>\n<li>Pre\u00e7o premium<\/li>\n<li>Prazo de retorno mais longo para servi\u00e7o padr\u00e3o<\/li>\n<\/ul>\n<\/section>\n<section>\n<div class=\"medal\">\n<div>&#129352;<\/div>\n<\/div>\n<h2><a href='https:\/\/www.securedatarecovery.com' rel=\"nofollow noopener\" target='_blank'>Secure Data Recovery<\/a><\/h2>\n<p><img src=\"https:\/\/www.ping.fm\/data-recovery-software\/wp-content\/uploads\/ai\/https---www-securedatarecovery-comPortuguese.jpg\"><\/p>\n<p>A Secure Data Recovery \u00e9 especializada em fornecer servi\u00e7os de recupera\u00e7\u00e3o de dados transparentes e seguros. Seu portal do cliente permite acompanhar o progresso da recupera\u00e7\u00e3o de dados em tempo real, o que \u00e9 \u00fatil para clientes ansiosos pela devolu\u00e7\u00e3o de seus dados valiosos. Eles tamb\u00e9m s\u00e3o conhecidos por sua tecnologia propriet\u00e1ria que viabiliza a recupera\u00e7\u00e3o de dados em situa\u00e7\u00f5es complexas.<\/p>\n<p><a href='https:\/\/www.securedatarecovery.com' rel=\"nofollow noopener\" target='_blank' class='ofWSite'>Site Oficial<\/a><\/p>\n<h3 class='prosTitle'>Pr\u00f3s<\/h3>\n<ul class='listpc pros'>\n<li>Rastreamento de caso em tempo real<\/li>\n<li>Servi\u00e7os de emerg\u00eancia dispon\u00edveis<\/li>\n<\/ul>\n<h3 class='consTitle'>Contras<\/h3>\n<ul class='listpc cons'>\n<li>Servi\u00e7os podem ser custosos<\/li>\n<li>Algumas avalia\u00e7\u00f5es mistas em sites de consumidores<\/li>\n<\/ul>\n<\/section>\n<section>\n<div class=\"medal\">\n<div>&#129353;<\/div>\n<\/div>\n<h2><a href='https:\/\/www.ontrack.com' rel=\"nofollow noopener\" target='_blank'>Ontrack Data Recovery<\/a><\/h2>\n<p><img src=\"https:\/\/www.ping.fm\/data-recovery-software\/wp-content\/uploads\/ai\/https---www-ontrack-comPortuguese.jpg\"><\/p>\n<p>A Ontrack \u00e9 reconhecida globalmente por sua extensa gama de servi\u00e7os de recupera\u00e7\u00e3o de dados que abrange tudo, desde simples restaura\u00e7\u00f5es de dados at\u00e9 forenses complexas. Eles lidam com todos os tipos de m\u00eddia e t\u00eam reputa\u00e7\u00e3o de lidar bem com recupera\u00e7\u00f5es em grande escala para empresas, al\u00e9m de servi\u00e7os personalizados para indiv\u00edduos.<\/p>\n<p><a href='https:\/\/www.ontrack.com' rel=\"nofollow noopener\" target='_blank' class='ofWSite'>Site Oficial<\/a><\/p>\n<h3 class='prosTitle'>Pr\u00f3s<\/h3>\n<ul class='listpc pros'>\n<li>Recupera\u00e7\u00f5es para todos os tipos de m\u00eddia<\/li>\n<li>Expertise em recupera\u00e7\u00e3o de n\u00edvel empresarial<\/li>\n<\/ul>\n<h3 class='consTitle'>Contras<\/h3>\n<ul class='listpc cons'>\n<li>\u00c0s vezes mais lento para servi\u00e7os individuais<\/li>\n<li>Pode ser op\u00e7\u00f5es esmagadoras para usu\u00e1rios n\u00e3o t\u00e9cnicos<\/li>\n<\/ul>\n<\/section>\n<section>\n<div class=\"no-medal\">\n<div>4<\/div>\n<\/div>\n<h2><a href='https:\/\/www.gillware.com' rel=\"nofollow noopener\" target='_blank'>Gillware Data Recovery<\/a><\/h2>\n<p><img src=\"https:\/\/www.ping.fm\/data-recovery-software\/wp-content\/uploads\/ai\/https---www-gillware-comPortuguese.jpg\"><\/p>\n<p>A Gillware Data Recovery se orgulha de seu atendimento ao cliente e pol\u00edtica de n\u00e3o cobran\u00e7a sem recupera\u00e7\u00e3o de dados. Sua abordagem cient\u00edfica para a recupera\u00e7\u00e3o de dados combina com um foco centrado no cliente, tornando-os um forte concorrente no mercado. Eles tamb\u00e9m oferecem servi\u00e7os de forense digital, atraindo clientes com necessidades complexas de recupera\u00e7\u00e3o de dados.<\/p>\n<p><a href='https:\/\/www.gillware.com' rel=\"nofollow noopener\" target='_blank' class='ofWSite'>Site Oficial<\/a><\/p>\n<h3 class='prosTitle'>Pr\u00f3s<\/h3>\n<ul class='listpc pros'>\n<li>Garantia de n\u00e3o cobran\u00e7a sem recupera\u00e7\u00e3o de dados<\/li>\n<li>Servi\u00e7os abrangentes de forense digital<\/li>\n<\/ul>\n<h3 class='consTitle'>Contras<\/h3>\n<ul class='listpc cons'>\n<li>Taxa inicial de avalia\u00e7\u00e3o<\/li>\n<li>Localiza\u00e7\u00f5es f\u00edsicas limitadas<\/li>\n<\/ul>\n<\/section>\n<section>\n<div class=\"no-medal\">\n<div>5<\/div>\n<\/div>\n<h2><a href='https:\/\/www.salvagedata.com' rel=\"nofollow noopener\" target='_blank'>SALVAGEDATA Recovery<\/a><\/h2>\n<p><img src=\"https:\/\/www.ping.fm\/data-recovery-software\/wp-content\/uploads\/ai\/https---www-salvagedata-comPortuguese.jpg\"><\/p>\n<p>A SALVAGEDATA Recovery possui uma reputa\u00e7\u00e3o renomada por lidar com cen\u00e1rios complexos de perda de dados, incluindo recupera\u00e7\u00f5es de arrays RAID e servidores. Eles oferecem avalia\u00e7\u00f5es gratuitas e seus t\u00e9cnicos especializados dedicam-se a restaurar dados de forma r\u00e1pida e segura, o que \u00e9 crucial em situa\u00e7\u00f5es sens\u00edveis ao tempo ou cr\u00edticas para neg\u00f3cios.<\/p>\n<p><a href='https:\/\/www.salvagedata.com' rel=\"nofollow noopener\" target='_blank' class='ofWSite'>Site Oficial<\/a><\/p>\n<h3 class='prosTitle'>Pr\u00f3s<\/h3>\n<ul class='listpc pros'>\n<li>Expertise em recupera\u00e7\u00f5es de RAID e servidores<\/li>\n<li>Avalia\u00e7\u00e3o gratuita e servi\u00e7o r\u00e1pido<\/li>\n<\/ul>\n<h3 class='consTitle'>Contras<\/h3>\n<ul class='listpc cons'>\n<li>Estrutura de pre\u00e7os complexa<\/li>\n<li>Alguns servi\u00e7os podem ser caros<\/li>\n<\/ul>\n<\/section>\n<section>\n<h2>V\u00eddeo do Youtube para assistir<\/h2>\n<div class=\"nonp iframe\"><iframe width=\"420\" height=\"315\" src=\"\/\/www.youtube.com\/embed\/v0QkafslnrM\" frameborder=\"0\" allowfullscreen><\/iframe><\/div>\n<\/section>\n<section>\n<h2>Conclus\u00e3o:<\/h2>\n<div class=\"nonp\">\n<p>Ao escolher um <b>servi\u00e7o de recupera\u00e7\u00e3o de dados<\/b>, \u00e9 crucial considerar fatores como taxas de sucesso, transpar\u00eancia de pre\u00e7os, feedback de clientes e certifica\u00e7\u00f5es da ind\u00fastria. Tamb\u00e9m \u00e9 recomendado pesquisar se a empresa opera em um ambiente de sala limpa certificada, que \u00e9 essencial para a recupera\u00e7\u00e3o segura de dados de dispositivos de armazenamento danificados.<\/p>\n<p>Considere aprender mais sobre processos de recupera\u00e7\u00e3o de dados e padr\u00f5es da ind\u00fastria visitando o site da <a href='https:\/\/www.iso.org' rel=\"nofollow noopener\" target='_blank'>Organiza\u00e7\u00e3o Internacional para Padroniza\u00e7\u00e3o (ISO)<\/a> ou o <a href='https:\/\/www.nist.gov' rel=\"nofollow noopener\" target='_blank'>Instituto Nacional de Padr\u00f5es e Tecnologia (NIST)<\/a>.<\/p>\n<p>Preven\u00e7\u00e3o \u00e9 a chave no gerenciamento de dados. Confira o <a href='https:\/\/www.us-cert.gov' rel=\"nofollow noopener\" target='_blank'>United States Computer Emergency Readiness Team (US-CERT)<\/a> para dicas sobre como prevenir perda de dados e gerenciar amea\u00e7as \u00e0 seguran\u00e7a cibern\u00e9tica.<\/p>\n<\/div>\n<\/section>\n","protected":false},"excerpt":{"rendered":"<p>Melhores Empresas de Servi\u00e7os de Recupera\u00e7\u00e3o de Dados nos EUA Navegar pelas \u00e1guas turvas da perda de dados pode ser uma experi\u00eancia angustiante. Seja uma mem\u00f3ria pessoal ou dados cr\u00edticos de um neg\u00f3cio, o significado do que foi perdido pode ser incalcul\u00e1vel. Felizmente, os EUA s\u00e3o o lar de algumas das melhores empresas de servi\u00e7os [&hellip;]<\/p>\n","protected":false},"author":2,"featured_media":33553,"parent":0,"menu_order":0,"comment_status":"closed","ping_status":"closed","template":"chromecast.php","meta":{"_stopmodifiedupdate":false,"_modified_date":"","_lmt_disableupdate":"yes","_lmt_disable":""},"acf":[],"yoast_head":"<!-- This site is optimized with the Yoast SEO plugin v20.9 - https:\/\/yoast.com\/wordpress\/plugins\/seo\/ -->\n<title>Melhores Empresas de Servi\u00e7o de Recupera\u00e7\u00e3o de Dados nos EUA (2024)<\/title>\n<meta name=\"robots\" content=\"index, follow, max-snippet:-1, max-image-preview:large, max-video-preview:-1\" \/>\n<link rel=\"canonical\" href=\"https:\/\/datarecovery.ping.fm\/pt\/recovery-services\/\" \/>\n<meta property=\"og:locale\" content=\"pt_PT\" \/>\n<meta property=\"og:type\" content=\"article\" \/>\n<meta property=\"og:title\" content=\"Melhores Empresas de Servi\u00e7o de Recupera\u00e7\u00e3o de Dados nos EUA (2024)\" \/>\n<meta property=\"og:description\" content=\"Melhores Empresas de Servi\u00e7os de Recupera\u00e7\u00e3o de Dados nos EUA Navegar pelas \u00e1guas turvas da perda de dados pode ser uma experi\u00eancia angustiante. Seja uma mem\u00f3ria pessoal ou dados cr\u00edticos de um neg\u00f3cio, o significado do que foi perdido pode ser incalcul\u00e1vel. Felizmente, os EUA s\u00e3o o lar de algumas das melhores empresas de servi\u00e7os [&hellip;]\" \/>\n<meta property=\"og:url\" content=\"https:\/\/datarecovery.ping.fm\/pt\/recovery-services\/\" \/>\n<meta property=\"og:site_name\" content=\"Software de Recupera\u00e7\u00e3o de Dados\" \/>\n<meta property=\"article:modified_time\" content=\"2024-02-29T12:47:56+00:00\" \/>\n<meta property=\"og:image\" content=\"https:\/\/datarecovery.ping.fm\/wp-content\/uploads\/2024\/03\/Best-Data-Recovery-Service-Companies-in-USA-Portuguese.jpg\" \/>\n\t<meta property=\"og:image:width\" content=\"1280\" \/>\n\t<meta property=\"og:image:height\" content=\"731\" \/>\n\t<meta property=\"og:image:type\" content=\"image\/jpeg\" \/>\n<meta name=\"twitter:card\" content=\"summary_large_image\" \/>\n<meta name=\"twitter:label1\" content=\"Est. reading time\" \/>\n\t<meta name=\"twitter:data1\" content=\"4 minutos\" \/>\n<script type=\"application\/ld+json\" class=\"yoast-schema-graph\">{\"@context\":\"https:\/\/schema.org\",\"@graph\":[{\"@type\":\"WebPage\",\"@id\":\"https:\/\/datarecovery.ping.fm\/pt\/recovery-services\/\",\"url\":\"https:\/\/datarecovery.ping.fm\/pt\/recovery-services\/\",\"name\":\"Melhores Empresas de Servi\u00e7o de Recupera\u00e7\u00e3o de Dados nos EUA (2024)\",\"isPartOf\":{\"@id\":\"https:\/\/datarecovery.ping.fm\/pt\/#website\"},\"datePublished\":\"2024-01-04T14:44:05+00:00\",\"dateModified\":\"2024-02-29T12:47:56+00:00\",\"breadcrumb\":{\"@id\":\"https:\/\/datarecovery.ping.fm\/pt\/recovery-services\/#breadcrumb\"},\"inLanguage\":\"pt-PT\",\"potentialAction\":[{\"@type\":\"ReadAction\",\"target\":[\"https:\/\/datarecovery.ping.fm\/pt\/recovery-services\/\"]}]},{\"@type\":\"BreadcrumbList\",\"@id\":\"https:\/\/datarecovery.ping.fm\/pt\/recovery-services\/#breadcrumb\",\"itemListElement\":[{\"@type\":\"ListItem\",\"position\":1,\"name\":\"Home\",\"item\":\"https:\/\/datarecovery.ping.fm\/pt\/\"},{\"@type\":\"ListItem\",\"position\":2,\"name\":\"Melhores Empresas de Servi\u00e7o de Recupera\u00e7\u00e3o de Dados nos EUA\"}]},{\"@type\":\"WebSite\",\"@id\":\"https:\/\/datarecovery.ping.fm\/pt\/#website\",\"url\":\"https:\/\/datarecovery.ping.fm\/pt\/\",\"name\":\"Software de Recupera\u00e7\u00e3o de Dados\",\"description\":\"\",\"potentialAction\":[{\"@type\":\"SearchAction\",\"target\":{\"@type\":\"EntryPoint\",\"urlTemplate\":\"https:\/\/datarecovery.ping.fm\/pt\/?s={search_term_string}\"},\"query-input\":\"required name=search_term_string\"}],\"inLanguage\":\"pt-PT\"}]}<\/script>\n<!-- \/ Yoast SEO plugin. -->","yoast_head_json":{"title":"Melhores Empresas de Servi\u00e7o de Recupera\u00e7\u00e3o de Dados nos EUA (2024)","robots":{"index":"index","follow":"follow","max-snippet":"max-snippet:-1","max-image-preview":"max-image-preview:large","max-video-preview":"max-video-preview:-1"},"canonical":"https:\/\/datarecovery.ping.fm\/pt\/recovery-services\/","og_locale":"pt_PT","og_type":"article","og_title":"Melhores Empresas de Servi\u00e7o de Recupera\u00e7\u00e3o de Dados nos EUA (2024)","og_description":"Melhores Empresas de Servi\u00e7os de Recupera\u00e7\u00e3o de Dados nos EUA Navegar pelas \u00e1guas turvas da perda de dados pode ser uma experi\u00eancia angustiante. Seja uma mem\u00f3ria pessoal ou dados cr\u00edticos de um neg\u00f3cio, o significado do que foi perdido pode ser incalcul\u00e1vel. Felizmente, os EUA s\u00e3o o lar de algumas das melhores empresas de servi\u00e7os [&hellip;]","og_url":"https:\/\/datarecovery.ping.fm\/pt\/recovery-services\/","og_site_name":"Software de Recupera\u00e7\u00e3o de Dados","article_modified_time":"2024-02-29T12:47:56+00:00","og_image":[{"width":1280,"height":731,"url":"https:\/\/datarecovery.ping.fm\/wp-content\/uploads\/2024\/03\/Best-Data-Recovery-Service-Companies-in-USA-Portuguese.jpg","type":"image\/jpeg"}],"twitter_card":"summary_large_image","twitter_misc":{"Est. reading time":"4 minutos"},"schema":{"@context":"https:\/\/schema.org","@graph":[{"@type":"WebPage","@id":"https:\/\/datarecovery.ping.fm\/pt\/recovery-services\/","url":"https:\/\/datarecovery.ping.fm\/pt\/recovery-services\/","name":"Melhores Empresas de Servi\u00e7o de Recupera\u00e7\u00e3o de Dados nos EUA (2024)","isPartOf":{"@id":"https:\/\/datarecovery.ping.fm\/pt\/#website"},"datePublished":"2024-01-04T14:44:05+00:00","dateModified":"2024-02-29T12:47:56+00:00","breadcrumb":{"@id":"https:\/\/datarecovery.ping.fm\/pt\/recovery-services\/#breadcrumb"},"inLanguage":"pt-PT","potentialAction":[{"@type":"ReadAction","target":["https:\/\/datarecovery.ping.fm\/pt\/recovery-services\/"]}]},{"@type":"BreadcrumbList","@id":"https:\/\/datarecovery.ping.fm\/pt\/recovery-services\/#breadcrumb","itemListElement":[{"@type":"ListItem","position":1,"name":"Home","item":"https:\/\/datarecovery.ping.fm\/pt\/"},{"@type":"ListItem","position":2,"name":"Melhores Empresas de Servi\u00e7o de Recupera\u00e7\u00e3o de Dados nos EUA"}]},{"@type":"WebSite","@id":"https:\/\/datarecovery.ping.fm\/pt\/#website","url":"https:\/\/datarecovery.ping.fm\/pt\/","name":"Software de Recupera\u00e7\u00e3o de Dados","description":"","potentialAction":[{"@type":"SearchAction","target":{"@type":"EntryPoint","urlTemplate":"https:\/\/datarecovery.ping.fm\/pt\/?s={search_term_string}"},"query-input":"required name=search_term_string"}],"inLanguage":"pt-PT"}]}},"_links":{"self":[{"href":"https:\/\/datarecovery.ping.fm\/pt\/wp-json\/wp\/v2\/pages\/15507"}],"collection":[{"href":"https:\/\/datarecovery.ping.fm\/pt\/wp-json\/wp\/v2\/pages"}],"about":[{"href":"https:\/\/datarecovery.ping.fm\/pt\/wp-json\/wp\/v2\/types\/page"}],"author":[{"embeddable":true,"href":"https:\/\/datarecovery.ping.fm\/pt\/wp-json\/wp\/v2\/users\/2"}],"replies":[{"embeddable":true,"href":"https:\/\/datarecovery.ping.fm\/pt\/wp-json\/wp\/v2\/comments?post=15507"}],"version-history":[{"count":1,"href":"https:\/\/datarecovery.ping.fm\/pt\/wp-json\/wp\/v2\/pages\/15507\/revisions"}],"predecessor-version":[{"id":28300,"href":"https:\/\/datarecovery.ping.fm\/pt\/wp-json\/wp\/v2\/pages\/15507\/revisions\/28300"}],"wp:featuredmedia":[{"embeddable":true,"href":"https:\/\/datarecovery.ping.fm\/pt\/wp-json\/wp\/v2\/media\/33553"}],"wp:attachment":[{"href":"https:\/\/datarecovery.ping.fm\/pt\/wp-json\/wp\/v2\/media?parent=15507"}],"curies":[{"name":"wp","href":"https:\/\/api.w.org\/{rel}","templated":true}]}}