{"id":15387,"date":"2023-12-25T15:46:11","date_gmt":"2023-12-25T15:46:11","guid":{"rendered":"https:\/\/www.ping.fm\/data-recovery-software\/data-recovery\/"},"modified":"2024-02-16T09:00:31","modified_gmt":"2024-02-16T09:00:31","slug":"data-recovery","status":"publish","type":"page","link":"https:\/\/datarecovery.ping.fm\/pt\/data-recovery\/","title":{"rendered":"Tudo o que voc\u00ea precisa saber sobre Recupera\u00e7\u00e3o de Dados"},"content":{"rendered":"<section>\n<h1>Tudo o que voc\u00ea precisa saber sobre Recupera\u00e7\u00e3o de Dados<\/h1>\n<div class=\"inbrief\">\n<div>  <img src=\"https:\/\/www.ping.fm\/data-recovery-software\/wp-content\/uploads\/ai\/All-you-need-to-know-about-Data-Recovery-Portuguese.jpg\" alt=\"Tudo o que voc\u00ea precisa saber sobre Recupera\u00e7\u00e3o de Dados\" title=\"Tudo o que voc\u00ea precisa saber sobre Recupera\u00e7\u00e3o de Dados\" width=\"1280\" height=\"720\">  <\/p>\n<p>A recupera\u00e7\u00e3o de dados \u00e9 um processo indispens\u00e1vel para recuperar dados inacess\u00edveis, perdidos, corrompidos, danificados ou formatados de diferentes dispositivos de armazenamento. Quando seus arquivos valiosos desaparecem, conhecer as ferramentas certas e os passos para recuper\u00e1-los \u00e9 crucial. Este guia completo o conduzir\u00e1 pelos essenciais da recupera\u00e7\u00e3o de dados e apresentar\u00e1 o Disk Drill, um poderoso software de recupera\u00e7\u00e3o de dados da Cleverfiles que oferece uma experi\u00eancia amig\u00e1vel para recuperar seus dados.<\/p>\n<\/div>\n<\/div>\n<\/section>\n<section>\n<div>\n<div>1<\/div>\n<h2>Cen\u00e1rios Comuns:<\/h2>\n<\/div>\n<h3>A Exclus\u00e3o Acidental &#128465;<\/h3>\n<ul>\n<li>Esvaziar a <b>Lixeira<\/b> sem verificar seu conte\u00fado<\/li>\n<li>Realizar um <b>formato r\u00e1pido<\/b> na parti\u00e7\u00e3o errada do disco<\/li>\n<li>Usar <b>shift+delete<\/b> que ignora a Lixeira<\/li>\n<li>Erros na linha de comando levando \u00e0 exclus\u00e3o de arquivos cr\u00edticos<\/li>\n<\/ul>\n<h3>Malfuncionamento do Hardware &#128736;<\/h3>\n<ul>\n<li>Problemas mec\u00e2nicos com o <b>disco r\u00edgido<\/b>, como o temido clique da morte<\/li>\n<li><b>Surtos de energia<\/b> que tornam dispositivos inutiliz\u00e1veis<\/li>\n<li>Danos <b>f\u00edsicos ou por \u00e1gua<\/b> n\u00e3o intencionais em m\u00eddias de armazenamento<\/li>\n<li>Falhas em <b>SSDs<\/b> devido a c\u00e9lulas de mem\u00f3ria desgastadas<\/li>\n<\/ul>\n<h3>Corrup\u00e7\u00e3o de Software &#128187;<\/h3>\n<ul>\n<li>Arquivos se tornando <b>corrompidos<\/b> devido a atualiza\u00e7\u00f5es de software defeituosas<\/li>\n<li>Invas\u00f5es de <b>malware<\/b> que mexem com seus arquivos<\/li>\n<li>Quedas do <b>sistema operacional<\/b> causando perda de dados<\/li>\n<li>Problemas na <b>tabela de parti\u00e7\u00e3o<\/b> afetando a acessibilidade do disco<\/li>\n<\/ul>\n<\/section>\n<section class=\"stepByStep\">\n<div>\n<div>2<\/div>\n<h2>Guia Passo a Passo. Recupera\u00e7\u00e3o de Dados:<\/h2>\n<\/div>\n<h3>M\u00e9todo 1: Usando Disk Drill para Windows &#129520;<\/h3>\n<ul>\n<li>Baixe e instale o Disk Drill para Windows da Cleverfiles<\/li>\n<li>Inicie o Disk Drill e selecione o disco de onde deseja recuperar arquivos<\/li>\n<li>Clique no bot\u00e3o <b>Recuperar<\/b> para iniciar o processo de escaneamento<\/li>\n<li>Revise os arquivos encontrados, filtre por tipo e selecione aqueles que deseja restaurar<\/li>\n<li>Escolha um destino de recupera\u00e7\u00e3o e complete a recupera\u00e7\u00e3o de dados<\/li>\n<\/ul>\n<p><b>Nota:<\/b> \u00c9 aconselh\u00e1vel recuperar arquivos para um disco diferente a fim de evitar a sobreposi\u00e7\u00e3o de dados perdidos.<\/p>\n<p><b>Conclus\u00e3o:<\/b> O Disk Drill oferece uma solu\u00e7\u00e3o clara para recuperar dados perdidos com efici\u00eancia em sistemas operacionais Windows.<\/p>\n<h3>M\u00e9todo 2: Metodologia do Disk Drill para macOS &#128421;<\/h3>\n<ul>\n<li>Baixe a vers\u00e3o mais recente do Disk Drill para macOS da Cleverfiles<\/li>\n<li>Instale a aplica\u00e7\u00e3o arrastando-a para a pasta Aplica\u00e7\u00f5es<\/li>\n<li>Execute o Disk Drill e conceda as permiss\u00f5es necess\u00e1rias para acesso ao disco<\/li>\n<li>Escolha o volume ou disco para recuperar e clique no bot\u00e3o <b>Scan<\/b><\/li>\n<li>Selecione arquivos para recuperar e prossiga com a restaura\u00e7\u00e3o<\/li>\n<\/ul>\n<p><b>Nota:<\/b> Certifique-se de que seu Mac esteja conectado \u00e0 uma fonte de energia para evitar interrup\u00e7\u00f5es durante a recupera\u00e7\u00e3o de dados.<\/p>\n<p><b>Conclus\u00e3o:<\/b> O Disk Drill para macOS vem com algoritmos especializados para lidar com sistemas de arquivos Mac e recuperar efetivamente dados perdidos.<\/p>\n<h3>M\u00e9todo 3: Recupera\u00e7\u00e3o de Arquivos a partir de Backups &#128452;<\/h3>\n<ul>\n<li>Localize sua <b>solu\u00e7\u00e3o de armazenamento de backup<\/b>, como um disco r\u00edgido externo ou servi\u00e7o de nuvem<\/li>\n<li>Navegue at\u00e9 a pasta ou imagem contendo o <b>backup<\/b> de seus dados<\/li>\n<li>Use a fun\u00e7\u00e3o de restaura\u00e7\u00e3o do software ou copie manualmente os arquivos de volta para seu dispositivo<\/li>\n<li>Verifique a <b>integridade<\/b> dos arquivos recuperados<\/li>\n<\/ul>\n<p><b>Nota:<\/b> Backups regulares s\u00e3o cruciais para uma restaura\u00e7\u00e3o de dados sem complica\u00e7\u00f5es.<\/p>\n<p><b>Conclus\u00e3o:<\/b> Manter backups atualizados pode salvar voc\u00ea de cen\u00e1rios complicados de recupera\u00e7\u00e3o e risco de perda de dados.<\/p>\n<h3>M\u00e9todo 4: A T\u00e9cnica do Linux Live CD\/USB &#128190;<\/h3>\n<ul>\n<li>Crie um <b>USB live do Linux<\/b> ou CD<\/li>\n<li>Inicialize seu sistema usando a m\u00eddia live<\/li>\n<li>Acesse seus discos a partir do ambiente live e recupere arquivos para um local seguro<\/li>\n<li>Reinicie em seu sistema regular e transfira os dados de volta<\/li>\n<\/ul>\n<p><b>Nota:<\/b> Este m\u00e9todo funciona bem para sistemas n\u00e3o inicializ\u00e1veis ou ambientes de SO danificados.<\/p>\n<p><b>Conclus\u00e3o:<\/b> Um ambiente Linux live \u00e9 uma ferramenta vers\u00e1til para cen\u00e1rios de recupera\u00e7\u00e3o de dados, especialmente com sistemas de arquivos n\u00e3o-Windows.<\/p>\n<h3>M\u00e9todo 5: Servi\u00e7o Profissional de Recupera\u00e7\u00e3o de Dados &#9881;<\/h3>\n<ul>\n<li>Identifique um <b>servi\u00e7o de recupera\u00e7\u00e3o de dados<\/b> de boa reputa\u00e7\u00e3o com boas avalia\u00e7\u00f5es<\/li>\n<li>Envie seu dispositivo ou disco danificado para as instala\u00e7\u00f5es deles<\/li>\n<li>Aguarde pela avalia\u00e7\u00e3o e or\u00e7amento do servi\u00e7o de recupera\u00e7\u00e3o<\/li>\n<li>Aprove o servi\u00e7o para permitir que os t\u00e9cnicos prossigam com a recupera\u00e7\u00e3o<\/li>\n<li>Receba os dados recuperados em uma nova m\u00eddia ou atrav\u00e9s de um link de download seguro<\/li>\n<\/ul>\n<p><b>Nota:<\/b> Esta op\u00e7\u00e3o pode ser custosa, guarde-a para casos de dano f\u00edsico complexo.<\/p>\n<p><b>Conclus\u00e3o:<\/b> Servi\u00e7os profissionais s\u00e3o ideais para situa\u00e7\u00f5es extremas de perda de dados que requerem interven\u00e7\u00f5es em sala limpa e equipamento especializado.<\/p>\n<\/section>\n<section>\n<div>\n<div>3<\/div>\n<h2>V\u00eddeo do Youtube para assistir<\/h2>\n<\/div>\n<div class=\"iframe\"><iframe width=\"420\" height=\"315\" src=\"\/\/www.youtube.com\/embed\/IGEizr1WZ3E\" frameborder=\"0\" allowfullscreen><\/iframe><\/div>\n<\/section>\n<section>\n<div>\n<div>4<\/div>\n<h2>Precau\u00e7\u00f5es e Dicas:<\/h2>\n<\/div>\n<h3>Preparando-se para o Sucesso da Recupera\u00e7\u00e3o &#128737;<\/h3>\n<ul>\n<li>Evite usar o dispositivo de armazenamento ap\u00f3s a perda de dados para prevenir a <b>sobrescrita<\/b> de arquivos perdidos<\/li>\n<li>Implemente uma <b>estrat\u00e9gia de backup 3-2-1<\/b>: 3 c\u00f3pias dos seus dados, 2 localmente em dispositivos diferentes e 1 em local externo<\/li>\n<li>Mantenha seu software de <b>anti-spyware<\/b> e <b>antiv\u00edrus<\/b> atualizado para combater malwares<\/li>\n<li>Verifique regularmente seus dispositivos de armazenamento para <b>sinais precoces de falha<\/b>, como ru\u00eddos incomuns ou desempenho lento<\/li>\n<\/ul>\n<h3>Escudo de Atualiza\u00e7\u00e3o de Software &#128737;<\/h3>\n<ul>\n<li><b>Teste novos softwares<\/b> em um ambiente controlado antes do lan\u00e7amento em grande escala<\/li>\n<li>Mantenha seu sistema operacional e aplicativos vitais atualizados para minimizar <b>problemas de compatibilidade<\/b><\/li>\n<li>Configure seu sistema para criar <b>pontos de restaura\u00e7\u00e3o autom\u00e1ticos<\/b> antes de atualiza\u00e7\u00f5es<\/li>\n<li>Verifique a integridade dos seus dados ap\u00f3s grandes atualiza\u00e7\u00f5es ou instala\u00e7\u00f5es<\/li>\n<\/ul>\n<\/section>\n<p>&#13; <\/p>\n<section>\n<div>\n<div>5<\/div>\n<h2>Percep\u00e7\u00f5es sobre Recupera\u00e7\u00e3o de Dados<\/h2>\n<\/div>\n<p>Ao mergulhar no mundo da recupera\u00e7\u00e3o de dados, as nuances e tecnicidades podem ser avassaladoras. Contudo, um planejamento minucioso e a implementa\u00e7\u00e3o de <b>melhores pr\u00e1ticas<\/b> podem virar o jogo a seu favor. Por exemplo, familiarizar-se com o sistema de arquivos usado pelos seus sistemas operacionais, como NTFS para Windows ou APFS para macOS, pode ser vantajoso para entender como os dados s\u00e3o armazenados e potencialmente recuperados.<\/p>\n<p>Al\u00e9m disso, manter-se informado sobre as \u00faltimas tend\u00eancias da ind\u00fastria, como avan\u00e7os na tecnologia <b>TRIM de SSDs<\/b> impactando a recupera\u00e7\u00e3o de arquivos, tamb\u00e9m pode ajudar na prepara\u00e7\u00e3o.<\/p>\n<p>Aprender sobre as funcionalidades do software de recupera\u00e7\u00e3o de dados, como ferramentas de monitoramento <b>SMART<\/b>, pode alert\u00e1-lo para poss\u00edveis falhas de disco r\u00edgido antes que elas aconte\u00e7am. Tamb\u00e9m \u00e9 essencial estar ciente das <b>limita\u00e7\u00f5es da recupera\u00e7\u00e3o de dados<\/b>, como a incapacidade de recuperar dados de SSDs apagados de forma segura devido \u00e0 natureza de seus ciclos de apagamento.<\/p>\n<\/section>\n<p>&#13; <\/p>\n<section>\n<h2>Conclus\u00e3o:<\/h2>\n<div class=\"nonp\">\n<p>Adotar uma abordagem informada \u00e0 recupera\u00e7\u00e3o de dados \u00e9 a pedra angular para a prote\u00e7\u00e3o de seus ativos digitais. Seja optando pelo caminho fa\u00e7a-voc\u00ea-mesmo com ferramentas como o Disk Drill ou buscando a ajuda de profissionais, o conhecimento do processo de recupera\u00e7\u00e3o e das op\u00e7\u00f5es dispon\u00edveis \u00e9 fundamental. Ao entender as causas da perda de dados, conhecer as etapas e m\u00e9todos para recuperar dados e tomar medidas preventivas para minimizar riscos, voc\u00ea pode navegar nas complexidades da recupera\u00e7\u00e3o de dados com confian\u00e7a.<\/p>\n<\/div>\n<\/section>\n","protected":false},"excerpt":{"rendered":"<p>Tudo o que voc\u00ea precisa saber sobre Recupera\u00e7\u00e3o de Dados A recupera\u00e7\u00e3o de dados \u00e9 um processo indispens\u00e1vel para recuperar dados inacess\u00edveis, perdidos, corrompidos, danificados ou formatados de diferentes dispositivos de armazenamento. Quando seus arquivos valiosos desaparecem, conhecer as ferramentas certas e os passos para recuper\u00e1-los \u00e9 crucial. Este guia completo o conduzir\u00e1 pelos essenciais [&hellip;]<\/p>\n","protected":false},"author":2,"featured_media":33542,"parent":0,"menu_order":0,"comment_status":"closed","ping_status":"closed","template":"chromecast.php","meta":{"_stopmodifiedupdate":false,"_modified_date":"","_lmt_disableupdate":"yes","_lmt_disable":""},"acf":[],"yoast_head":"<!-- This site is optimized with the Yoast SEO plugin v20.9 - https:\/\/yoast.com\/wordpress\/plugins\/seo\/ -->\n<title>O que \u00e9 Recupera\u00e7\u00e3o de Dados e Como Faz\u00ea-la? Tudo o que voc\u00ea precisa saber em 2023<\/title>\n<meta name=\"robots\" content=\"index, follow, max-snippet:-1, max-image-preview:large, max-video-preview:-1\" \/>\n<link rel=\"canonical\" href=\"https:\/\/datarecovery.ping.fm\/pt\/data-recovery\/\" \/>\n<meta property=\"og:locale\" content=\"pt_PT\" \/>\n<meta property=\"og:type\" content=\"article\" \/>\n<meta property=\"og:title\" content=\"O que \u00e9 Recupera\u00e7\u00e3o de Dados e Como Faz\u00ea-la? Tudo o que voc\u00ea precisa saber em 2023\" \/>\n<meta property=\"og:description\" content=\"Tudo o que voc\u00ea precisa saber sobre Recupera\u00e7\u00e3o de Dados A recupera\u00e7\u00e3o de dados \u00e9 um processo indispens\u00e1vel para recuperar dados inacess\u00edveis, perdidos, corrompidos, danificados ou formatados de diferentes dispositivos de armazenamento. Quando seus arquivos valiosos desaparecem, conhecer as ferramentas certas e os passos para recuper\u00e1-los \u00e9 crucial. Este guia completo o conduzir\u00e1 pelos essenciais [&hellip;]\" \/>\n<meta property=\"og:url\" content=\"https:\/\/datarecovery.ping.fm\/pt\/data-recovery\/\" \/>\n<meta property=\"og:site_name\" content=\"Software de Recupera\u00e7\u00e3o de Dados\" \/>\n<meta property=\"article:modified_time\" content=\"2024-02-16T09:00:31+00:00\" \/>\n<meta property=\"og:image\" content=\"https:\/\/datarecovery.ping.fm\/wp-content\/uploads\/2024\/03\/All-you-need-to-know-about-Data-Recovery-Portuguese.jpg\" \/>\n\t<meta property=\"og:image:width\" content=\"1280\" \/>\n\t<meta property=\"og:image:height\" content=\"731\" \/>\n\t<meta property=\"og:image:type\" content=\"image\/jpeg\" \/>\n<meta name=\"twitter:card\" content=\"summary_large_image\" \/>\n<meta name=\"twitter:label1\" content=\"Est. reading time\" \/>\n\t<meta name=\"twitter:data1\" content=\"6 minutos\" \/>\n<script type=\"application\/ld+json\" class=\"yoast-schema-graph\">{\"@context\":\"https:\/\/schema.org\",\"@graph\":[{\"@type\":\"WebPage\",\"@id\":\"https:\/\/datarecovery.ping.fm\/pt\/data-recovery\/\",\"url\":\"https:\/\/datarecovery.ping.fm\/pt\/data-recovery\/\",\"name\":\"O que \u00e9 Recupera\u00e7\u00e3o de Dados e Como Faz\u00ea-la? Tudo o que voc\u00ea precisa saber em 2023\",\"isPartOf\":{\"@id\":\"https:\/\/datarecovery.ping.fm\/pt\/#website\"},\"datePublished\":\"2023-12-25T15:46:11+00:00\",\"dateModified\":\"2024-02-16T09:00:31+00:00\",\"breadcrumb\":{\"@id\":\"https:\/\/datarecovery.ping.fm\/pt\/data-recovery\/#breadcrumb\"},\"inLanguage\":\"pt-PT\",\"potentialAction\":[{\"@type\":\"ReadAction\",\"target\":[\"https:\/\/datarecovery.ping.fm\/pt\/data-recovery\/\"]}]},{\"@type\":\"BreadcrumbList\",\"@id\":\"https:\/\/datarecovery.ping.fm\/pt\/data-recovery\/#breadcrumb\",\"itemListElement\":[{\"@type\":\"ListItem\",\"position\":1,\"name\":\"Home\",\"item\":\"https:\/\/datarecovery.ping.fm\/pt\/\"},{\"@type\":\"ListItem\",\"position\":2,\"name\":\"Tudo o que voc\u00ea precisa saber sobre Recupera\u00e7\u00e3o de Dados\"}]},{\"@type\":\"WebSite\",\"@id\":\"https:\/\/datarecovery.ping.fm\/pt\/#website\",\"url\":\"https:\/\/datarecovery.ping.fm\/pt\/\",\"name\":\"Software de Recupera\u00e7\u00e3o de Dados\",\"description\":\"\",\"potentialAction\":[{\"@type\":\"SearchAction\",\"target\":{\"@type\":\"EntryPoint\",\"urlTemplate\":\"https:\/\/datarecovery.ping.fm\/pt\/?s={search_term_string}\"},\"query-input\":\"required name=search_term_string\"}],\"inLanguage\":\"pt-PT\"}]}<\/script>\n<!-- \/ Yoast SEO plugin. -->","yoast_head_json":{"title":"O que \u00e9 Recupera\u00e7\u00e3o de Dados e Como Faz\u00ea-la? Tudo o que voc\u00ea precisa saber em 2023","robots":{"index":"index","follow":"follow","max-snippet":"max-snippet:-1","max-image-preview":"max-image-preview:large","max-video-preview":"max-video-preview:-1"},"canonical":"https:\/\/datarecovery.ping.fm\/pt\/data-recovery\/","og_locale":"pt_PT","og_type":"article","og_title":"O que \u00e9 Recupera\u00e7\u00e3o de Dados e Como Faz\u00ea-la? Tudo o que voc\u00ea precisa saber em 2023","og_description":"Tudo o que voc\u00ea precisa saber sobre Recupera\u00e7\u00e3o de Dados A recupera\u00e7\u00e3o de dados \u00e9 um processo indispens\u00e1vel para recuperar dados inacess\u00edveis, perdidos, corrompidos, danificados ou formatados de diferentes dispositivos de armazenamento. Quando seus arquivos valiosos desaparecem, conhecer as ferramentas certas e os passos para recuper\u00e1-los \u00e9 crucial. Este guia completo o conduzir\u00e1 pelos essenciais [&hellip;]","og_url":"https:\/\/datarecovery.ping.fm\/pt\/data-recovery\/","og_site_name":"Software de Recupera\u00e7\u00e3o de Dados","article_modified_time":"2024-02-16T09:00:31+00:00","og_image":[{"width":1280,"height":731,"url":"https:\/\/datarecovery.ping.fm\/wp-content\/uploads\/2024\/03\/All-you-need-to-know-about-Data-Recovery-Portuguese.jpg","type":"image\/jpeg"}],"twitter_card":"summary_large_image","twitter_misc":{"Est. reading time":"6 minutos"},"schema":{"@context":"https:\/\/schema.org","@graph":[{"@type":"WebPage","@id":"https:\/\/datarecovery.ping.fm\/pt\/data-recovery\/","url":"https:\/\/datarecovery.ping.fm\/pt\/data-recovery\/","name":"O que \u00e9 Recupera\u00e7\u00e3o de Dados e Como Faz\u00ea-la? Tudo o que voc\u00ea precisa saber em 2023","isPartOf":{"@id":"https:\/\/datarecovery.ping.fm\/pt\/#website"},"datePublished":"2023-12-25T15:46:11+00:00","dateModified":"2024-02-16T09:00:31+00:00","breadcrumb":{"@id":"https:\/\/datarecovery.ping.fm\/pt\/data-recovery\/#breadcrumb"},"inLanguage":"pt-PT","potentialAction":[{"@type":"ReadAction","target":["https:\/\/datarecovery.ping.fm\/pt\/data-recovery\/"]}]},{"@type":"BreadcrumbList","@id":"https:\/\/datarecovery.ping.fm\/pt\/data-recovery\/#breadcrumb","itemListElement":[{"@type":"ListItem","position":1,"name":"Home","item":"https:\/\/datarecovery.ping.fm\/pt\/"},{"@type":"ListItem","position":2,"name":"Tudo o que voc\u00ea precisa saber sobre Recupera\u00e7\u00e3o de Dados"}]},{"@type":"WebSite","@id":"https:\/\/datarecovery.ping.fm\/pt\/#website","url":"https:\/\/datarecovery.ping.fm\/pt\/","name":"Software de Recupera\u00e7\u00e3o de Dados","description":"","potentialAction":[{"@type":"SearchAction","target":{"@type":"EntryPoint","urlTemplate":"https:\/\/datarecovery.ping.fm\/pt\/?s={search_term_string}"},"query-input":"required name=search_term_string"}],"inLanguage":"pt-PT"}]}},"_links":{"self":[{"href":"https:\/\/datarecovery.ping.fm\/pt\/wp-json\/wp\/v2\/pages\/15387"}],"collection":[{"href":"https:\/\/datarecovery.ping.fm\/pt\/wp-json\/wp\/v2\/pages"}],"about":[{"href":"https:\/\/datarecovery.ping.fm\/pt\/wp-json\/wp\/v2\/types\/page"}],"author":[{"embeddable":true,"href":"https:\/\/datarecovery.ping.fm\/pt\/wp-json\/wp\/v2\/users\/2"}],"replies":[{"embeddable":true,"href":"https:\/\/datarecovery.ping.fm\/pt\/wp-json\/wp\/v2\/comments?post=15387"}],"version-history":[{"count":1,"href":"https:\/\/datarecovery.ping.fm\/pt\/wp-json\/wp\/v2\/pages\/15387\/revisions"}],"predecessor-version":[{"id":33541,"href":"https:\/\/datarecovery.ping.fm\/pt\/wp-json\/wp\/v2\/pages\/15387\/revisions\/33541"}],"wp:featuredmedia":[{"embeddable":true,"href":"https:\/\/datarecovery.ping.fm\/pt\/wp-json\/wp\/v2\/media\/33542"}],"wp:attachment":[{"href":"https:\/\/datarecovery.ping.fm\/pt\/wp-json\/wp\/v2\/media?parent=15387"}],"curies":[{"name":"wp","href":"https:\/\/api.w.org\/{rel}","templated":true}]}}