{"id":14937,"date":"2024-01-14T12:47:06","date_gmt":"2024-01-14T12:47:06","guid":{"rendered":"https:\/\/www.ping.fm\/data-recovery-software\/recoverit-stellar-easeus\/"},"modified":"2024-02-29T18:51:03","modified_gmt":"2024-02-29T18:51:03","slug":"recoverit-stellar-easeus","status":"publish","type":"page","link":"https:\/\/datarecovery.ping.fm\/pt\/recoverit-stellar-easeus\/","title":{"rendered":"Easeus Data Recovery vs Recoverit vs Stellar"},"content":{"rendered":"<section>\n<h1>Comparativo entre Easeus Data Recovery, Recoverit e Stellar<\/h1>\n<div class=\"inbrief\">\n<div>             <img src=\"https:\/\/www.ping.fm\/data-recovery-software\/wp-content\/uploads\/ai\/Easeus-Data-Recovery-Vs-Recoverit-VS-Stellar--Portuguese.jpg\" alt=\"Easeus Data Recovery Vs Recoverit VS Stellar \" title=\"Easeus Data Recovery Vs Recoverit VS Stellar \" width=\"1280\" height=\"720\">             <\/p>\n<p>Quando se trata de recupera\u00e7\u00e3o de dados, escolher o software certo pode fazer a diferen\u00e7a entre sucesso e frustra\u00e7\u00e3o. Neste artigo, vamos comparar tr\u00eas solu\u00e7\u00f5es populares de recupera\u00e7\u00e3o de dados &#8211; <a href='https:\/\/recoverit.wondershare.com' rel=\"nofollow noopener\" target='_blank'>Recoverit Data Recovery<\/a>, <a href='https:\/\/www.stellarinfo.com' rel=\"nofollow noopener\" target='_blank'>Stellar Data Recovery<\/a> e <a href='https:\/\/www.easeus.com\/datarecoverywizard\/free-data-recovery-software.htm' rel=\"nofollow noopener\" target='_blank'>EaseUS Data Recovery<\/a> &#8211; e discutir outra op\u00e7\u00e3o excelente, <a href='https:\/\/www.cleverfiles.com' rel=\"nofollow noopener\" target='_blank'>Disk Drill<\/a>, que considero ser a melhor solu\u00e7\u00e3o com base nas minhas experi\u00eancias pessoais.<\/p>\n<\/div>\n<\/div>\n<\/section>\n<section>\n<div class=\"medal\">\n<div>&#129351;<\/div>\n<\/div>\n<h2><a href='https:\/\/recoverit.wondershare.com' rel=\"nofollow noopener\" target='_blank'>Recoverit Data Recovery<\/a><\/h2>\n<p><img src=\"https:\/\/www.ping.fm\/data-recovery-software\/wp-content\/uploads\/ai\/https---recoverit-wondershare-comPortuguese.jpg\"><\/p>\n<p>O Recoverit Data Recovery \u00e9 uma ferramenta abrangente que promete restaurar seus preciosos dados com alta taxa de sucesso. Oferecendo algoritmos avan\u00e7ados, ele lida com v\u00e1rios cen\u00e1rios, desde a exclus\u00e3o de arquivos at\u00e9 a recupera\u00e7\u00e3o de parti\u00e7\u00f5es inteiras.<\/p>\n<p><a href='https:\/\/recoverit.wondershare.com' rel=\"nofollow noopener\" target='_blank' class='ofWSite'>Site Oficial<\/a><\/p>\n<h3 class='prosTitle'>Pr\u00f3s<\/h3>\n<ul class='listpc pros'>\n<li>Interface amig\u00e1vel<\/li>\n<li>Tecnologia de varredura profunda<\/li>\n<\/ul>\n<h3 class='consTitle'>Contras<\/h3>\n<ul class='listpc cons'>\n<li>Pre\u00e7o mais alto em compara\u00e7\u00e3o com os concorrentes<\/li>\n<li>Vers\u00e3o gratuita limitada em tamanho de recupera\u00e7\u00e3o<\/li>\n<\/ul>\n<\/section>\n<section>\n<div class=\"medal\">\n<div>&#129352;<\/div>\n<\/div>\n<h2><a href='https:\/\/www.stellarinfo.com' rel=\"nofollow noopener\" target='_blank'>Stellar Data Recovery<\/a><\/h2>\n<p><img src=\"https:\/\/www.ping.fm\/data-recovery-software\/wp-content\/uploads\/ai\/https---www-stellarinfo-comPortuguese.jpg\"><\/p>\n<p>O Stellar Data Recovery se destaca por seu processo robusto de recupera\u00e7\u00e3o e suporte a numerosos tipos de arquivos. Projetado tanto para indiv\u00edduos quanto para empresas, oferece solu\u00e7\u00f5es para praticamente qualquer situa\u00e7\u00e3o de perda de dados.<\/p>\n<p><a href='https:\/\/www.stellarinfo.com' rel=\"nofollow noopener\" target='_blank' class='ofWSite'>Site Oficial<\/a><\/p>\n<h3 class='prosTitle'>Pr\u00f3s<\/h3>\n<ul class='listpc pros'>\n<li>Suporta uma ampla gama de formatos de arquivos<\/li>\n<li>Recupera\u00e7\u00e3o de drives criptografados<\/li>\n<\/ul>\n<h3 class='consTitle'>Contras<\/h3>\n<ul class='listpc cons'>\n<li>Pode ser lento com drives grandes<\/li>\n<li>Alguns arquivos podem n\u00e3o ser recuper\u00e1veis ap\u00f3s a varredura<\/li>\n<\/ul>\n<\/section>\n<section>\n<div class=\"medal\">\n<div>&#129353;<\/div>\n<\/div>\n<h2><a href='https:\/\/www.easeus.com\/datarecoverywizard\/free-data-recovery-software.htm' rel=\"nofollow noopener\" target='_blank'>EaseUS Data Recovery<\/a><\/h2>\n<p><img src=\"https:\/\/www.ping.fm\/data-recovery-software\/wp-content\/uploads\/ai\/https---www-easeus-com-datarecoverywizard-free-data-recovery-software-htmPortuguese.jpg\"><\/p>\n<p>O EaseUS Data Recovery Wizard \u00e9 uma solu\u00e7\u00e3o simples que visa simplificar o processo de recupera\u00e7\u00e3o de dados. Seu design intuitivo e instru\u00e7\u00f5es claras o tornam acess\u00edvel para usu\u00e1rios de todos os n\u00edveis t\u00e9cnicos.<\/p>\n<p><a href='https:\/\/www.easeus.com\/datarecoverywizard\/free-data-recovery-software.htm' rel=\"nofollow noopener\" target='_blank' class='ofWSite'>Site Oficial<\/a><\/p>\n<h3 class='prosTitle'>Pr\u00f3s<\/h3>\n<ul class='listpc pros'>\n<li>F\u00e1cil de usar para iniciantes<\/li>\n<li>Vers\u00e3o gratuita dispon\u00edvel com recupera\u00e7\u00e3o limitada<\/li>\n<\/ul>\n<h3 class='consTitle'>Contras<\/h3>\n<ul class='listpc cons'>\n<li>A vers\u00e3o gratuita tem um limite de recupera\u00e7\u00e3o de 2GB<\/li>\n<li>Recursos completos requerem atualiza\u00e7\u00e3o premium<\/li>\n<\/ul>\n<\/section>\n<section>\n<div class=\"no-medal\">\n<div>4<\/div>\n<\/div>\n<h2><a href='https:\/\/www.cleverfiles.com' rel=\"nofollow noopener\" target='_blank'>Disk Drill<\/a><\/h2>\n<p><img src=\"https:\/\/www.ping.fm\/data-recovery-software\/wp-content\/uploads\/ai\/https---www-cleverfiles-comPortuguese.jpg\"><\/p>\n<p>Com base na minha experi\u00eancia pessoal, o <b>Disk Drill<\/b> se destaca em rela\u00e7\u00e3o aos seus concorrentes com uma combina\u00e7\u00e3o de pot\u00eancia, simplicidade e um conjunto de ferramentas adicionais. Ele n\u00e3o apenas recupera arquivos perdidos; ele tamb\u00e9m oferece prote\u00e7\u00e3o de dados proativa com o Recovery Vault e monitoramento S.M.A.R.T.<\/p>\n<p><a href='https:\/\/www.cleverfiles.com' rel=\"nofollow noopener\" target='_blank' class='ofWSite'>Site Oficial<\/a><\/p>\n<h3 class='prosTitle'>Pr\u00f3s<\/h3>\n<ul class='listpc pros'>\n<li>Interface de usu\u00e1rio intuitiva<\/li>\n<li>Vault de Recupera\u00e7\u00e3o para prote\u00e7\u00e3o de dados<\/li>\n<\/ul>\n<h3 class='consTitle'>Contras<\/h3>\n<ul class='listpc cons'>\n<li>Op\u00e7\u00f5es limitadas de recupera\u00e7\u00e3o na vers\u00e3o gratuita<\/li>\n<li>Vers\u00e3o Pro necess\u00e1ria para recursos avan\u00e7ados<\/li>\n<\/ul>\n<\/section>\n<section>\n<h2>V\u00eddeo do Youtube para assistir<\/h2>\n<div class=\"nonp iframe\"><iframe width=\"420\" height=\"315\" src=\"\/\/www.youtube.com\/embed\/IGEizr1WZ3E\" frameborder=\"0\" allowfullscreen><\/iframe><\/div>\n<\/section>\n<section>\n<h2>Conclus\u00e3o:<\/h2>\n<div class=\"nonp\">Ao selecionar um aplicativo de recupera\u00e7\u00e3o de dados, \u00e9 essencial considerar n\u00e3o apenas a efic\u00e1cia do software, mas tamb\u00e9m sua facilidade de uso, suporte e valor pelo dinheiro investido. No final, n\u00e3o se trata apenas de recuperar dados; trata-se de toda a experi\u00eancia de recupera\u00e7\u00e3o e o que o software pode oferecer al\u00e9m da mera restaura\u00e7\u00e3o de arquivos. Com op\u00e7\u00f5es como <a href='https:\/\/recoverit.wondershare.com' rel=\"nofollow noopener\" target='_blank'>Recoverit Data Recovery<\/a>, <a href='https:\/\/www.stellarinfo.com' rel=\"nofollow noopener\" target='_blank'>Stellar Data Recovery<\/a> e <a href='https:\/\/www.easeus.com\/datarecoverywizard\/free-data-recovery-software.htm' rel=\"nofollow noopener\" target='_blank'>EaseUS Data Recovery<\/a>, os usu\u00e1rios t\u00eam uma variedade de escolhas, cada uma trazendo seus pr\u00f3prios pontos fortes. No entanto, com base na minha experi\u00eancia pessoal, o <b>Disk Drill<\/b> forneceu a experi\u00eancia de recupera\u00e7\u00e3o mais satisfat\u00f3ria e abrangente. Al\u00e9m de oferecer capacidades robustas de recupera\u00e7\u00e3o de dados, recursos como Recovery Vault e monitoramento de disco S.M.A.R.T. adicionam um valor significativo, atuando como uma medida preventiva contra futuras perdas de dados. Esses recursos, combinados com uma interface intuitiva e suporte ao cliente dedicado, distinguem o <b>Disk Drill<\/b> em um mercado saturado. Para aqueles interessados em dar uma olhada mais de perto, recomendo visitar <a href='https:\/\/www.cleverfiles.com' rel=\"dofollow noopener\" target='_blank'>https:\/\/www.cleverfiles.com<\/a>, a p\u00e1gina inicial do Disk Drill, para mais informa\u00e7\u00f5es detalhadas e para experimentar em primeira m\u00e3o as vantagens que ele oferece.<\/p>\n<p>Na \u00e1rea de recupera\u00e7\u00e3o de dados em r\u00e1pida evolu\u00e7\u00e3o, ter uma ferramenta confi\u00e1vel \u00e0 m\u00e3o n\u00e3o \u00e9 um luxo, mas uma necessidade. Seja lidando com exclus\u00f5es acidentais, falhas de disco ou ataques de v\u00edrus, a recupera\u00e7\u00e3o bem-sucedida muitas vezes depende de a\u00e7\u00e3o r\u00e1pida e das capacidades do software escolhido. Al\u00e9m disso, buscar conselhos em f\u00f3runs de tecnologia e se manter atualizado com as \u00faltimas an\u00e1lises de softwares tamb\u00e9m pode guiar seu processo de tomada de decis\u00e3o. Por exemplo, a an\u00e1lise de <a href='https:\/\/www.techradar.com\/news\/the-best-free-data-recovery-software' rel=\"nofollow noopener\" target='_blank'>melhores softwares gratuitos de recupera\u00e7\u00e3o de dados da TechRadar<\/a> pode fornecer algumas percep\u00e7\u00f5es sobre as atuais melhores escolhas da ind\u00fastria.<\/p>\n<\/div>\n<\/section>\n","protected":false},"excerpt":{"rendered":"<p>Comparativo entre Easeus Data Recovery, Recoverit e Stellar Quando se trata de recupera\u00e7\u00e3o de dados, escolher o software certo pode fazer a diferen\u00e7a entre sucesso e frustra\u00e7\u00e3o. Neste artigo, vamos comparar tr\u00eas solu\u00e7\u00f5es populares de recupera\u00e7\u00e3o de dados &#8211; Recoverit Data Recovery, Stellar Data Recovery e EaseUS Data Recovery &#8211; e discutir outra op\u00e7\u00e3o excelente, [&hellip;]<\/p>\n","protected":false},"author":2,"featured_media":33518,"parent":0,"menu_order":0,"comment_status":"closed","ping_status":"closed","template":"chromecast.php","meta":{"_stopmodifiedupdate":false,"_modified_date":"","_lmt_disableupdate":"yes","_lmt_disable":""},"acf":[],"yoast_head":"<!-- This site is optimized with the Yoast SEO plugin v20.9 - https:\/\/yoast.com\/wordpress\/plugins\/seo\/ -->\n<title>Melhores Aplicativos de Recupera\u00e7\u00e3o de Dados: Easeus Data Recovery VS Recoverit VS Stellar. Pr\u00f3s &amp; Contras em 2024<\/title>\n<meta name=\"robots\" content=\"index, follow, max-snippet:-1, max-image-preview:large, max-video-preview:-1\" \/>\n<link rel=\"canonical\" href=\"https:\/\/datarecovery.ping.fm\/pt\/recoverit-stellar-easeus\/\" \/>\n<meta property=\"og:locale\" content=\"pt_PT\" \/>\n<meta property=\"og:type\" content=\"article\" \/>\n<meta property=\"og:title\" content=\"Melhores Aplicativos de Recupera\u00e7\u00e3o de Dados: Easeus Data Recovery VS Recoverit VS Stellar. Pr\u00f3s &amp; Contras em 2024\" \/>\n<meta property=\"og:description\" content=\"Comparativo entre Easeus Data Recovery, Recoverit e Stellar Quando se trata de recupera\u00e7\u00e3o de dados, escolher o software certo pode fazer a diferen\u00e7a entre sucesso e frustra\u00e7\u00e3o. Neste artigo, vamos comparar tr\u00eas solu\u00e7\u00f5es populares de recupera\u00e7\u00e3o de dados &#8211; Recoverit Data Recovery, Stellar Data Recovery e EaseUS Data Recovery &#8211; e discutir outra op\u00e7\u00e3o excelente, [&hellip;]\" \/>\n<meta property=\"og:url\" content=\"https:\/\/datarecovery.ping.fm\/pt\/recoverit-stellar-easeus\/\" \/>\n<meta property=\"og:site_name\" content=\"Software de Recupera\u00e7\u00e3o de Dados\" \/>\n<meta property=\"article:modified_time\" content=\"2024-02-29T18:51:03+00:00\" \/>\n<meta property=\"og:image\" content=\"https:\/\/datarecovery.ping.fm\/wp-content\/uploads\/2024\/03\/Easeus-Data-Recovery-Vs-Recoverit-VS-Stellar-Portuguese.jpg\" \/>\n\t<meta property=\"og:image:width\" content=\"1280\" \/>\n\t<meta property=\"og:image:height\" content=\"731\" \/>\n\t<meta property=\"og:image:type\" content=\"image\/jpeg\" \/>\n<meta name=\"twitter:card\" content=\"summary_large_image\" \/>\n<meta name=\"twitter:label1\" content=\"Est. reading time\" \/>\n\t<meta name=\"twitter:data1\" content=\"4 minutos\" \/>\n<script type=\"application\/ld+json\" class=\"yoast-schema-graph\">{\"@context\":\"https:\/\/schema.org\",\"@graph\":[{\"@type\":\"WebPage\",\"@id\":\"https:\/\/datarecovery.ping.fm\/pt\/recoverit-stellar-easeus\/\",\"url\":\"https:\/\/datarecovery.ping.fm\/pt\/recoverit-stellar-easeus\/\",\"name\":\"Melhores Aplicativos de Recupera\u00e7\u00e3o de Dados: Easeus Data Recovery VS Recoverit VS Stellar. Pr\u00f3s & Contras em 2024\",\"isPartOf\":{\"@id\":\"https:\/\/datarecovery.ping.fm\/pt\/#website\"},\"datePublished\":\"2024-01-14T12:47:06+00:00\",\"dateModified\":\"2024-02-29T18:51:03+00:00\",\"breadcrumb\":{\"@id\":\"https:\/\/datarecovery.ping.fm\/pt\/recoverit-stellar-easeus\/#breadcrumb\"},\"inLanguage\":\"pt-PT\",\"potentialAction\":[{\"@type\":\"ReadAction\",\"target\":[\"https:\/\/datarecovery.ping.fm\/pt\/recoverit-stellar-easeus\/\"]}]},{\"@type\":\"BreadcrumbList\",\"@id\":\"https:\/\/datarecovery.ping.fm\/pt\/recoverit-stellar-easeus\/#breadcrumb\",\"itemListElement\":[{\"@type\":\"ListItem\",\"position\":1,\"name\":\"Home\",\"item\":\"https:\/\/datarecovery.ping.fm\/pt\/\"},{\"@type\":\"ListItem\",\"position\":2,\"name\":\"Easeus Data Recovery vs Recoverit vs Stellar\"}]},{\"@type\":\"WebSite\",\"@id\":\"https:\/\/datarecovery.ping.fm\/pt\/#website\",\"url\":\"https:\/\/datarecovery.ping.fm\/pt\/\",\"name\":\"Software de Recupera\u00e7\u00e3o de Dados\",\"description\":\"\",\"potentialAction\":[{\"@type\":\"SearchAction\",\"target\":{\"@type\":\"EntryPoint\",\"urlTemplate\":\"https:\/\/datarecovery.ping.fm\/pt\/?s={search_term_string}\"},\"query-input\":\"required name=search_term_string\"}],\"inLanguage\":\"pt-PT\"}]}<\/script>\n<!-- \/ Yoast SEO plugin. -->","yoast_head_json":{"title":"Melhores Aplicativos de Recupera\u00e7\u00e3o de Dados: Easeus Data Recovery VS Recoverit VS Stellar. Pr\u00f3s & Contras em 2024","robots":{"index":"index","follow":"follow","max-snippet":"max-snippet:-1","max-image-preview":"max-image-preview:large","max-video-preview":"max-video-preview:-1"},"canonical":"https:\/\/datarecovery.ping.fm\/pt\/recoverit-stellar-easeus\/","og_locale":"pt_PT","og_type":"article","og_title":"Melhores Aplicativos de Recupera\u00e7\u00e3o de Dados: Easeus Data Recovery VS Recoverit VS Stellar. Pr\u00f3s & Contras em 2024","og_description":"Comparativo entre Easeus Data Recovery, Recoverit e Stellar Quando se trata de recupera\u00e7\u00e3o de dados, escolher o software certo pode fazer a diferen\u00e7a entre sucesso e frustra\u00e7\u00e3o. Neste artigo, vamos comparar tr\u00eas solu\u00e7\u00f5es populares de recupera\u00e7\u00e3o de dados &#8211; Recoverit Data Recovery, Stellar Data Recovery e EaseUS Data Recovery &#8211; e discutir outra op\u00e7\u00e3o excelente, [&hellip;]","og_url":"https:\/\/datarecovery.ping.fm\/pt\/recoverit-stellar-easeus\/","og_site_name":"Software de Recupera\u00e7\u00e3o de Dados","article_modified_time":"2024-02-29T18:51:03+00:00","og_image":[{"width":1280,"height":731,"url":"https:\/\/datarecovery.ping.fm\/wp-content\/uploads\/2024\/03\/Easeus-Data-Recovery-Vs-Recoverit-VS-Stellar-Portuguese.jpg","type":"image\/jpeg"}],"twitter_card":"summary_large_image","twitter_misc":{"Est. reading time":"4 minutos"},"schema":{"@context":"https:\/\/schema.org","@graph":[{"@type":"WebPage","@id":"https:\/\/datarecovery.ping.fm\/pt\/recoverit-stellar-easeus\/","url":"https:\/\/datarecovery.ping.fm\/pt\/recoverit-stellar-easeus\/","name":"Melhores Aplicativos de Recupera\u00e7\u00e3o de Dados: Easeus Data Recovery VS Recoverit VS Stellar. Pr\u00f3s & Contras em 2024","isPartOf":{"@id":"https:\/\/datarecovery.ping.fm\/pt\/#website"},"datePublished":"2024-01-14T12:47:06+00:00","dateModified":"2024-02-29T18:51:03+00:00","breadcrumb":{"@id":"https:\/\/datarecovery.ping.fm\/pt\/recoverit-stellar-easeus\/#breadcrumb"},"inLanguage":"pt-PT","potentialAction":[{"@type":"ReadAction","target":["https:\/\/datarecovery.ping.fm\/pt\/recoverit-stellar-easeus\/"]}]},{"@type":"BreadcrumbList","@id":"https:\/\/datarecovery.ping.fm\/pt\/recoverit-stellar-easeus\/#breadcrumb","itemListElement":[{"@type":"ListItem","position":1,"name":"Home","item":"https:\/\/datarecovery.ping.fm\/pt\/"},{"@type":"ListItem","position":2,"name":"Easeus Data Recovery vs Recoverit vs Stellar"}]},{"@type":"WebSite","@id":"https:\/\/datarecovery.ping.fm\/pt\/#website","url":"https:\/\/datarecovery.ping.fm\/pt\/","name":"Software de Recupera\u00e7\u00e3o de Dados","description":"","potentialAction":[{"@type":"SearchAction","target":{"@type":"EntryPoint","urlTemplate":"https:\/\/datarecovery.ping.fm\/pt\/?s={search_term_string}"},"query-input":"required name=search_term_string"}],"inLanguage":"pt-PT"}]}},"_links":{"self":[{"href":"https:\/\/datarecovery.ping.fm\/pt\/wp-json\/wp\/v2\/pages\/14937"}],"collection":[{"href":"https:\/\/datarecovery.ping.fm\/pt\/wp-json\/wp\/v2\/pages"}],"about":[{"href":"https:\/\/datarecovery.ping.fm\/pt\/wp-json\/wp\/v2\/types\/page"}],"author":[{"embeddable":true,"href":"https:\/\/datarecovery.ping.fm\/pt\/wp-json\/wp\/v2\/users\/2"}],"replies":[{"embeddable":true,"href":"https:\/\/datarecovery.ping.fm\/pt\/wp-json\/wp\/v2\/comments?post=14937"}],"version-history":[{"count":1,"href":"https:\/\/datarecovery.ping.fm\/pt\/wp-json\/wp\/v2\/pages\/14937\/revisions"}],"predecessor-version":[{"id":29044,"href":"https:\/\/datarecovery.ping.fm\/pt\/wp-json\/wp\/v2\/pages\/14937\/revisions\/29044"}],"wp:featuredmedia":[{"embeddable":true,"href":"https:\/\/datarecovery.ping.fm\/pt\/wp-json\/wp\/v2\/media\/33518"}],"wp:attachment":[{"href":"https:\/\/datarecovery.ping.fm\/pt\/wp-json\/wp\/v2\/media?parent=14937"}],"curies":[{"name":"wp","href":"https:\/\/api.w.org\/{rel}","templated":true}]}}