{"id":12418,"date":"2023-12-25T15:46:11","date_gmt":"2023-12-25T15:46:11","guid":{"rendered":"https:\/\/www.ping.fm\/data-recovery-software\/recover-files-disappeared-from-desktop\/"},"modified":"2024-02-16T09:00:04","modified_gmt":"2024-02-16T09:00:04","slug":"recover-files-disappeared-from-desktop","status":"publish","type":"page","link":"https:\/\/datarecovery.ping.fm\/pt\/recover-files-disappeared-from-desktop\/","title":{"rendered":"Como Encontrar e Restaurar Arquivos que Desapareceram da sua \u00c1rea de Trabalho"},"content":{"rendered":"<section>\n<h1>Como Encontrar e Restaurar Arquivos que Desapareceram da sua \u00c1rea de Trabalho<\/h1>\n<div class=\"inbrief\">\n<div>             <img src=\"https:\/\/www.ping.fm\/data-recovery-software\/wp-content\/uploads\/ai\/How-to-Find-and-Restore-Files-That-Disappeared-from-Your-Desktop-Portuguese.jpg\" alt=\"Como Encontrar e Restaurar Arquivos que Desapareceram da sua \u00c1rea de Trabalho\" title=\"Como Encontrar e Restaurar Arquivos que Desapareceram da sua \u00c1rea de Trabalho\" width=\"1280\" height=\"720\">             <\/p>\n<p>Encontrar-se com o desaparecimento repentino de arquivos da sua \u00e1rea de trabalho em um PC Windows pode ser um pesadelo para qualquer pessoa que depende muito do computador para o trabalho ou assuntos pessoais. Felizmente, existem m\u00e9todos para recuperar esses arquivos perdidos e aliviar o p\u00e2nico que voc\u00ea pode estar sentindo. Neste artigo, exploraremos v\u00e1rios m\u00e9todos para recuperar arquivos que aparentemente desapareceram da sua \u00e1rea de trabalho, com foco no uso do renomado software de recupera\u00e7\u00e3o, Disk Drill. Para uma <a href='https:\/\/www.handyrecovery.com\/disk-drill-review\/' rel=\"dofollow noopener\" target='_blank'>avalia\u00e7\u00e3o detalhada do Disk Drill<\/a>, que abrange v\u00e1rios cen\u00e1rios de perda de dados, esta p\u00e1gina cont\u00e9m uma revis\u00e3o muito detalhada sobre o Disk Drill.<\/p>\n<\/div>\n<\/div>\n<\/section>\n<section>\n<div>\n<div>1<\/div>\n<h2>Cen\u00e1rios Comuns:<\/h2>\n<\/div>\n<h3>Exclus\u00e3o Acidental &#128465;<\/h3>\n<ul>\n<li>Muitas vezes, os arquivos podem desaparecer devido a <b>exclus\u00e3o acidental<\/b>, que pode ocorrer quando voc\u00ea pressiona inadvertidamente a tecla delete ou executa uma exclus\u00e3o em massa sem perceber que arquivos importantes est\u00e3o selecionados.<\/li>\n<li>Arquivos exclu\u00eddos dessa maneira normalmente acabam na <b>Lixeira<\/b>, de onde geralmente podem ser restaurados com facilidade.<\/li>\n<\/ul>\n<h3>Erros de Sistema &#128295;<\/h3>\n<ul>\n<li>Problemas relacionados ao sistema, como <b>arquivos de sistema corrompidos<\/b>, desligamentos inadequados ou conflitos de software, podem levar ao desaparecimento de arquivos da \u00e1rea de trabalho.<\/li>\n<li>Nesses casos, a recupera\u00e7\u00e3o pode envolver o reparo de arquivos de sistema ou o uso de softwares como o Disk Drill para reclamar os dados perdidos.<\/li>\n<\/ul>\n<h3>Ataques de Malware &#129440;<\/h3>\n<ul>\n<li><b>V\u00edrus e malware<\/b> podem fazer com que arquivos desapare\u00e7am movendo-os para locais desconhecidos ou criptografando-os, tornando-os inacess\u00edveis.<\/li>\n<li>Embora uma solu\u00e7\u00e3o antiv\u00edrus possa remover o malware, a recupera\u00e7\u00e3o dos arquivos muitas vezes requer ferramentas especializadas de recupera\u00e7\u00e3o de arquivos.<\/li>\n<\/ul>\n<\/section>\n<section class=\"stepByStep\">\n<div>\n<div>2<\/div>\n<h2>Guia Passo a Passo. Arquivos Desapareceram da \u00c1rea de Trabalho do Windows:<\/h2>\n<\/div>\n<h3>M\u00e9todo 1: Verifique a Lixeira &#128465;<\/h3>\n<ul>\n<li>Abra a <b>Lixeira<\/b> clicando duas vezes em seu \u00edcone na \u00e1rea de trabalho.<\/li>\n<li>Procure pelos seus arquivos desaparecidos na lista. Se estiverem l\u00e1, clique com o bot\u00e3o direito neles e selecione <b>&#8216;Restaurar&#8217;<\/b>.<\/li>\n<li>Os arquivos devem reaparecer na sua \u00e1rea de trabalho ap\u00f3s o processo de restaura\u00e7\u00e3o.<\/li>\n<\/ul>\n<p><b>Nota:<\/b> Este m\u00e9todo s\u00f3 funciona para arquivos que n\u00e3o foram permanentemente exclu\u00eddos da Lixeira.<\/p>\n<p><b>Conclus\u00e3o:<\/b> Verificar a Lixeira deve ser o primeiro passo na recupera\u00e7\u00e3o de arquivos, pois \u00e9 simples e muitas vezes bem-sucedido.<\/p>\n<h3>M\u00e9todo 2: Usar o Hist\u00f3rico de Arquivos &#128338;<\/h3>\n<ul>\n<li>V\u00e1 para <b>Configura\u00e7\u00f5es<\/b> > <b>Atualiza\u00e7\u00e3o &#038; Seguran\u00e7a<\/b> > <b>Backup<\/b> e certifique-se de que o &#8216;Hist\u00f3rico de Arquivos&#8217; esteja ativado.<\/li>\n<li>Selecione <b>&#8216;Mais op\u00e7\u00f5es&#8217;<\/b> > <b>&#8216;Restaurar arquivos de um backup atual&#8217;<\/b>.<\/li>\n<li>Procure pelas pastas e selecione os arquivos para recuperar, depois clique no bot\u00e3o <b>&#8216;Restaurar&#8217;<\/b> para recuper\u00e1-los.<\/li>\n<\/ul>\n<p><b>Nota:<\/b> O Hist\u00f3rico de Arquivos deve estar habilitado antes da perda de dados para que este m\u00e9todo funcione.<\/p>\n<p><b>Conclus\u00e3o:<\/b> O Hist\u00f3rico de Arquivos \u00e9 uma maneira eficaz de recuperar vers\u00f5es anteriores de arquivos, desde que tenha sido configurado antes dos arquivos desaparecerem.<\/p>\n<h3>M\u00e9todo 3: Recuperar Arquivos com o Disk Drill &#128189;<\/h3>\n<ul>\n<li>Baixe e instale o <b>Disk Drill<\/b> a partir do seu <a href='https:\/\/www.cleverfiles.com\/' rel=\"nofollow noopener\" target='_blank'>site oficial<\/a>.<\/li>\n<li>Execute o software e selecione o drive onde os arquivos da sua \u00e1rea de trabalho estavam originalmente armazenados.<\/li>\n<li>Clique no bot\u00e3o <b>&#8216;Procurar dados perdidos&#8217;<\/b> para iniciar a verifica\u00e7\u00e3o.<\/li>\n<li>Ap\u00f3s a conclus\u00e3o da verifica\u00e7\u00e3o, navegue pelos arquivos encontrados, selecione aqueles que deseja recuperar e clique no bot\u00e3o <b>&#8216;Recuperar&#8217;<\/b>.<\/li>\n<\/ul>\n<p><b>Nota:<\/b> \u00c9 recomendado recuperar arquivos em um drive diferente daquele onde eles foram perdidos para evitar sobrescrev\u00ea-los.<\/p>\n<p><b>Conclus\u00e3o:<\/b> O Disk Drill \u00e9 uma ferramenta robusta para recuperar arquivos perdidos, com recursos avan\u00e7ados de recupera\u00e7\u00e3o de arquivos que podem salvar o dia em situa\u00e7\u00f5es cr\u00edticas.<\/p>\n<h3>M\u00e9todo 4: Restaurar Vers\u00e3o Anterior &#128116;<\/h3>\n<ul>\n<li>Clique com o bot\u00e3o direito na pasta da \u00e1rea de trabalho ou no local onde o seu arquivo estava e selecione <b>&#8216;Restaurar Vers\u00f5es Anteriores&#8217;<\/b>.<\/li>\n<li>Escolha uma vers\u00e3o da pasta de antes do desaparecimento dos arquivos e clique em <b>&#8216;Restaurar&#8217;<\/b>.<\/li>\n<li>Confirme a restaura\u00e7\u00e3o para trazer de volta seus arquivos perdidos.<\/li>\n<\/ul>\n<p><b>Nota:<\/b> Este m\u00e9todo depende da ativa\u00e7\u00e3o do Restaura\u00e7\u00e3o do Sistema e da cria\u00e7\u00e3o de pontos de restaura\u00e7\u00e3o antes da perda dos arquivos.<\/p>\n<p><b>Conclus\u00e3o:<\/b> Restaurar vers\u00f5es anteriores pode ajud\u00e1-lo a recuperar arquivos rapidamente sem usar softwares de terceiros.<\/p>\n<h3>M\u00e9todo 5: Mostrar Arquivos Ocultos &#128584;<\/h3>\n<ul>\n<li>No Explorador de Arquivos, v\u00e1 para a aba <b>&#8216;Exibir&#8217;<\/b> e clique em <b>&#8216;Op\u00e7\u00f5es&#8217;<\/b> para abrir Op\u00e7\u00f5es de Pasta.<\/li>\n<li>Selecione a aba <b>&#8216;Exibir&#8217;<\/b> e, em Configura\u00e7\u00f5es avan\u00e7adas, escolha &#8216;Mostrar arquivos, pastas e unidades ocultos&#8217;.<\/li>\n<li>Clique em <b>&#8216;OK&#8217;<\/b> e verifique sua \u00e1rea de trabalho para os arquivos antes ocultos.<\/li>\n<\/ul>\n<p><b>Nota:<\/b> Alguns arquivos podem estar ocultos por configura\u00e7\u00f5es do sistema ou a\u00e7\u00f5es do usu\u00e1rio, este m\u00e9todo os revela novamente.<\/p>\n<p><b>Conclus\u00e3o:<\/b> Arquivos ocultos frequentemente podem ser a causa do &#8216;desaparecimento&#8217;, e ajustar as configura\u00e7\u00f5es de exibi\u00e7\u00e3o \u00e9 uma corre\u00e7\u00e3o r\u00e1pida.<\/p>\n<h3>M\u00e9todo 6: Escanear para Malware &#128269;<\/h3>\n<ul>\n<li>Use um programa antiv\u00edrus confi\u00e1vel para realizar uma verifica\u00e7\u00e3o completa do seu computador.<\/li>\n<li>Se o malware for detectado, permita que o software antiv\u00edrus prossiga com as a\u00e7\u00f5es recomendadas para coloc\u00e1-lo em quarentena ou remov\u00ea-lo.<\/li>\n<li>Ap\u00f3s a remo\u00e7\u00e3o do malware, use softwares de recupera\u00e7\u00e3o de arquivos, como o Disk Drill, para tentar a recupera\u00e7\u00e3o de quaisquer arquivos afetados.<\/li>\n<\/ul>\n<p><b>Nota:<\/b> Sempre garanta que seu software antiv\u00edrus esteja atualizado para prote\u00e7\u00e3o e recupera\u00e7\u00e3o efetivas.<\/p>\n<p><b>Conclus\u00e3o:<\/b> Ataque de malware frequentemente leva ao desaparecimento de arquivos, e remov\u00ea-lo \u00e9 o primeiro passo em dire\u00e7\u00e3o \u00e0 recupera\u00e7\u00e3o.<\/p>\n<\/section>\n<section>\n<div>\n<div>3<\/div>\n<h2>V\u00eddeo do Youtube para assistir<\/h2>\n<\/div>\n<div class=\"iframe\"><iframe width=\"420\" height=\"315\" src=\"\/\/www.youtube.com\/embed\/QIOq9bFZTZA\" frameborder=\"0\" allowfullscreen><\/iframe><\/div>\n<\/section>\n<section>\n<div>\n<div>4<\/div>\n<h2>Cuidados e Dicas:<\/h2>\n<\/div>\n<h3>Mantenha-se Preparado &#128737;<\/h3>\n<ul>\n<li>Fa\u00e7a regularmente c\u00f3pias de seguran\u00e7a dos seus arquivos em discos externos ou solu\u00e7\u00f5es de armazenamento na nuvem.<\/li>\n<li>Ative o <b>&#8216;Hist\u00f3rico de Arquivos&#8217;<\/b> no Windows para fazer o backup autom\u00e1tico dos seus documentos.<\/li>\n<\/ul>\n<h3>A\u00e7\u00f5es Imediatas &#128161;<\/h3>\n<ul>\n<li>Evite escrever novos dados no disco onde os arquivos desapareceram para prevenir a sobreescrita.<\/li>\n<li>Pare de usar o PC afetado at\u00e9 que o processo de recupera\u00e7\u00e3o de arquivos seja conclu\u00eddo, para minimizar a perda de dados.<\/li>\n<\/ul>\n<\/section>\n<section>\n<div>\n<div>5<\/div>\n<h2>Medidas Proativas<\/h2>\n<\/div>\n<p>Uma das formas mais <b>eficazes<\/b> de prevenir a perda de arquivos importantes \u00e9 tomar medidas proativas. Al\u00e9m de backups programados regularmente, considere utilizar a funcionalidade <a href='https:\/\/support.microsoft.com\/pt-br\/windows\/back-up-and-restore-your-pc-acbdbb1e-a5f8-b3b6-c5b3-2ebfaf8a9a82' rel=\"nofollow noopener\" target='_blank'>Backup e Restaura\u00e7\u00e3o do Windows<\/a>. Este recurso permite criar imagens do sistema e backups de arquivos, que podem ser restaurados se necess\u00e1rio.<\/p>\n<p>Outro aspecto cr\u00edtico da seguran\u00e7a de arquivos vem do entendimento do risco de <b>danos f\u00edsicos ao disco r\u00edgido<\/b>. Discos externos est\u00e3o sujeitos a falhas devido a mau manuseio, fatores ambientais ou simplesmente devido a sua natureza mec\u00e2nica. Leia sobre os sinais de falhas iminentes de discos no <a href='https:\/\/www.backblaze.com\/blog\/what-hard-drive-should-i-buy\/' rel=\"nofollow noopener\" target='_blank'>blog da Backblaze<\/a> para que voc\u00ea possa substituir ou clonar discos antes de uma perda de dados catastr\u00f3fica ocorrer.<\/p>\n<p>A organiza\u00e7\u00e3o de arquivos tamb\u00e9m pode desempenhar um papel na recupera\u00e7\u00e3o de dados. Pastas claramente rotuladas e um sistema de organiza\u00e7\u00e3o de arquivos estruturado ajudam a identificar rapidamente arquivos perdidos e a avaliar a extens\u00e3o de qualquer perda. Desenvolver o h\u00e1bito de categorizar e armazenar arquivos corretamente n\u00e3o apenas reduz o risco de exclus\u00e3o acidental, mas tamb\u00e9m torna os esfor\u00e7os de recupera\u00e7\u00e3o mais diretos em caso de perda de dados.<\/p>\n<\/section>\n<section>\n<h2>Conclus\u00e3o:<\/h2>\n<div class=\"nonp\">\n<p>T\u00e3o frustrante quanto pode ser ter arquivos que desaparecem da sua \u00e1rea de trabalho, existem v\u00e1rios <b>m\u00e9todos de recupera\u00e7\u00e3o<\/b> dispon\u00edveis que atendem a diferentes cen\u00e1rios de perda de dados. Ao usar ferramentas como o Disk Drill e implementar a sabedoria compartilhada nas <b>dicas<\/b> e <b>medidas proativas<\/b>, suas chances de recuperar seus dados valiosos aumentam significativamente. Lembre-se, a chave para uma recupera\u00e7\u00e3o de dados bem-sucedida muitas vezes reside na imediatez da sua resposta e na efic\u00e1cia da sua estrat\u00e9gia de prepara\u00e7\u00e3o.<\/p>\n<\/div>\n<\/section>\n","protected":false},"excerpt":{"rendered":"<p>Como Encontrar e Restaurar Arquivos que Desapareceram da sua \u00c1rea de Trabalho Encontrar-se com o desaparecimento repentino de arquivos da sua \u00e1rea de trabalho em um PC Windows pode ser um pesadelo para qualquer pessoa que depende muito do computador para o trabalho ou assuntos pessoais. Felizmente, existem m\u00e9todos para recuperar esses arquivos perdidos e [&hellip;]<\/p>\n","protected":false},"author":2,"featured_media":33317,"parent":0,"menu_order":0,"comment_status":"closed","ping_status":"closed","template":"chromecast.php","meta":{"_stopmodifiedupdate":false,"_modified_date":"","_lmt_disableupdate":"yes","_lmt_disable":""},"acf":[],"yoast_head":"<!-- This site is optimized with the Yoast SEO plugin v20.9 - https:\/\/yoast.com\/wordpress\/plugins\/seo\/ -->\n<title>Como Recuperar Arquivos Que Desapareceram da Sua \u00c1rea de Trabalho<\/title>\n<meta name=\"robots\" content=\"index, follow, max-snippet:-1, max-image-preview:large, max-video-preview:-1\" \/>\n<link rel=\"canonical\" href=\"https:\/\/datarecovery.ping.fm\/pt\/recover-files-disappeared-from-desktop\/\" \/>\n<meta property=\"og:locale\" content=\"pt_PT\" \/>\n<meta property=\"og:type\" content=\"article\" \/>\n<meta property=\"og:title\" content=\"Como Recuperar Arquivos Que Desapareceram da Sua \u00c1rea de Trabalho\" \/>\n<meta property=\"og:description\" content=\"Como Encontrar e Restaurar Arquivos que Desapareceram da sua \u00c1rea de Trabalho Encontrar-se com o desaparecimento repentino de arquivos da sua \u00e1rea de trabalho em um PC Windows pode ser um pesadelo para qualquer pessoa que depende muito do computador para o trabalho ou assuntos pessoais. Felizmente, existem m\u00e9todos para recuperar esses arquivos perdidos e [&hellip;]\" \/>\n<meta property=\"og:url\" content=\"https:\/\/datarecovery.ping.fm\/pt\/recover-files-disappeared-from-desktop\/\" \/>\n<meta property=\"og:site_name\" content=\"Software de Recupera\u00e7\u00e3o de Dados\" \/>\n<meta property=\"article:modified_time\" content=\"2024-02-16T09:00:04+00:00\" \/>\n<meta property=\"og:image\" content=\"https:\/\/datarecovery.ping.fm\/wp-content\/uploads\/2024\/03\/How-to-Find-and-Restore-Files-That-Disappeared-from-Your-Desktop-Portuguese.jpg\" \/>\n\t<meta property=\"og:image:width\" content=\"1280\" \/>\n\t<meta property=\"og:image:height\" content=\"731\" \/>\n\t<meta property=\"og:image:type\" content=\"image\/jpeg\" \/>\n<meta name=\"twitter:card\" content=\"summary_large_image\" \/>\n<meta name=\"twitter:label1\" content=\"Est. reading time\" \/>\n\t<meta name=\"twitter:data1\" content=\"7 minutos\" \/>\n<script type=\"application\/ld+json\" class=\"yoast-schema-graph\">{\"@context\":\"https:\/\/schema.org\",\"@graph\":[{\"@type\":\"WebPage\",\"@id\":\"https:\/\/datarecovery.ping.fm\/pt\/recover-files-disappeared-from-desktop\/\",\"url\":\"https:\/\/datarecovery.ping.fm\/pt\/recover-files-disappeared-from-desktop\/\",\"name\":\"Como Recuperar Arquivos Que Desapareceram da Sua \u00c1rea de Trabalho\",\"isPartOf\":{\"@id\":\"https:\/\/datarecovery.ping.fm\/pt\/#website\"},\"datePublished\":\"2023-12-25T15:46:11+00:00\",\"dateModified\":\"2024-02-16T09:00:04+00:00\",\"breadcrumb\":{\"@id\":\"https:\/\/datarecovery.ping.fm\/pt\/recover-files-disappeared-from-desktop\/#breadcrumb\"},\"inLanguage\":\"pt-PT\",\"potentialAction\":[{\"@type\":\"ReadAction\",\"target\":[\"https:\/\/datarecovery.ping.fm\/pt\/recover-files-disappeared-from-desktop\/\"]}]},{\"@type\":\"BreadcrumbList\",\"@id\":\"https:\/\/datarecovery.ping.fm\/pt\/recover-files-disappeared-from-desktop\/#breadcrumb\",\"itemListElement\":[{\"@type\":\"ListItem\",\"position\":1,\"name\":\"Home\",\"item\":\"https:\/\/datarecovery.ping.fm\/pt\/\"},{\"@type\":\"ListItem\",\"position\":2,\"name\":\"Como Encontrar e Restaurar Arquivos que Desapareceram da sua \u00c1rea de Trabalho\"}]},{\"@type\":\"WebSite\",\"@id\":\"https:\/\/datarecovery.ping.fm\/pt\/#website\",\"url\":\"https:\/\/datarecovery.ping.fm\/pt\/\",\"name\":\"Software de Recupera\u00e7\u00e3o de Dados\",\"description\":\"\",\"potentialAction\":[{\"@type\":\"SearchAction\",\"target\":{\"@type\":\"EntryPoint\",\"urlTemplate\":\"https:\/\/datarecovery.ping.fm\/pt\/?s={search_term_string}\"},\"query-input\":\"required name=search_term_string\"}],\"inLanguage\":\"pt-PT\"}]}<\/script>\n<!-- \/ Yoast SEO plugin. -->","yoast_head_json":{"title":"Como Recuperar Arquivos Que Desapareceram da Sua \u00c1rea de Trabalho","robots":{"index":"index","follow":"follow","max-snippet":"max-snippet:-1","max-image-preview":"max-image-preview:large","max-video-preview":"max-video-preview:-1"},"canonical":"https:\/\/datarecovery.ping.fm\/pt\/recover-files-disappeared-from-desktop\/","og_locale":"pt_PT","og_type":"article","og_title":"Como Recuperar Arquivos Que Desapareceram da Sua \u00c1rea de Trabalho","og_description":"Como Encontrar e Restaurar Arquivos que Desapareceram da sua \u00c1rea de Trabalho Encontrar-se com o desaparecimento repentino de arquivos da sua \u00e1rea de trabalho em um PC Windows pode ser um pesadelo para qualquer pessoa que depende muito do computador para o trabalho ou assuntos pessoais. Felizmente, existem m\u00e9todos para recuperar esses arquivos perdidos e [&hellip;]","og_url":"https:\/\/datarecovery.ping.fm\/pt\/recover-files-disappeared-from-desktop\/","og_site_name":"Software de Recupera\u00e7\u00e3o de Dados","article_modified_time":"2024-02-16T09:00:04+00:00","og_image":[{"width":1280,"height":731,"url":"https:\/\/datarecovery.ping.fm\/wp-content\/uploads\/2024\/03\/How-to-Find-and-Restore-Files-That-Disappeared-from-Your-Desktop-Portuguese.jpg","type":"image\/jpeg"}],"twitter_card":"summary_large_image","twitter_misc":{"Est. reading time":"7 minutos"},"schema":{"@context":"https:\/\/schema.org","@graph":[{"@type":"WebPage","@id":"https:\/\/datarecovery.ping.fm\/pt\/recover-files-disappeared-from-desktop\/","url":"https:\/\/datarecovery.ping.fm\/pt\/recover-files-disappeared-from-desktop\/","name":"Como Recuperar Arquivos Que Desapareceram da Sua \u00c1rea de Trabalho","isPartOf":{"@id":"https:\/\/datarecovery.ping.fm\/pt\/#website"},"datePublished":"2023-12-25T15:46:11+00:00","dateModified":"2024-02-16T09:00:04+00:00","breadcrumb":{"@id":"https:\/\/datarecovery.ping.fm\/pt\/recover-files-disappeared-from-desktop\/#breadcrumb"},"inLanguage":"pt-PT","potentialAction":[{"@type":"ReadAction","target":["https:\/\/datarecovery.ping.fm\/pt\/recover-files-disappeared-from-desktop\/"]}]},{"@type":"BreadcrumbList","@id":"https:\/\/datarecovery.ping.fm\/pt\/recover-files-disappeared-from-desktop\/#breadcrumb","itemListElement":[{"@type":"ListItem","position":1,"name":"Home","item":"https:\/\/datarecovery.ping.fm\/pt\/"},{"@type":"ListItem","position":2,"name":"Como Encontrar e Restaurar Arquivos que Desapareceram da sua \u00c1rea de Trabalho"}]},{"@type":"WebSite","@id":"https:\/\/datarecovery.ping.fm\/pt\/#website","url":"https:\/\/datarecovery.ping.fm\/pt\/","name":"Software de Recupera\u00e7\u00e3o de Dados","description":"","potentialAction":[{"@type":"SearchAction","target":{"@type":"EntryPoint","urlTemplate":"https:\/\/datarecovery.ping.fm\/pt\/?s={search_term_string}"},"query-input":"required name=search_term_string"}],"inLanguage":"pt-PT"}]}},"_links":{"self":[{"href":"https:\/\/datarecovery.ping.fm\/pt\/wp-json\/wp\/v2\/pages\/12418"}],"collection":[{"href":"https:\/\/datarecovery.ping.fm\/pt\/wp-json\/wp\/v2\/pages"}],"about":[{"href":"https:\/\/datarecovery.ping.fm\/pt\/wp-json\/wp\/v2\/types\/page"}],"author":[{"embeddable":true,"href":"https:\/\/datarecovery.ping.fm\/pt\/wp-json\/wp\/v2\/users\/2"}],"replies":[{"embeddable":true,"href":"https:\/\/datarecovery.ping.fm\/pt\/wp-json\/wp\/v2\/comments?post=12418"}],"version-history":[{"count":1,"href":"https:\/\/datarecovery.ping.fm\/pt\/wp-json\/wp\/v2\/pages\/12418\/revisions"}],"predecessor-version":[{"id":33316,"href":"https:\/\/datarecovery.ping.fm\/pt\/wp-json\/wp\/v2\/pages\/12418\/revisions\/33316"}],"wp:featuredmedia":[{"embeddable":true,"href":"https:\/\/datarecovery.ping.fm\/pt\/wp-json\/wp\/v2\/media\/33317"}],"wp:attachment":[{"href":"https:\/\/datarecovery.ping.fm\/pt\/wp-json\/wp\/v2\/media?parent=12418"}],"curies":[{"name":"wp","href":"https:\/\/api.w.org\/{rel}","templated":true}]}}