{"id":11647,"date":"2023-12-25T15:46:11","date_gmt":"2023-12-25T15:46:11","guid":{"rendered":"https:\/\/www.ping.fm\/data-recovery-software\/sd-card-recovery-software\/"},"modified":"2024-02-29T18:50:58","modified_gmt":"2024-02-29T18:50:58","slug":"sd-card-recovery-software","status":"publish","type":"page","link":"https:\/\/datarecovery.ping.fm\/pt\/sd-card-recovery-software\/","title":{"rendered":"Melhor Software Gratuito de Recupera\u00e7\u00e3o de Cart\u00e3o SD para Usar"},"content":{"rendered":"<section>\n<h1>Melhor Software Gratuito de Recupera\u00e7\u00e3o de Cart\u00e3o SD para Usar<\/h1>\n<div class=\"inbrief\">\n<div>             <img src=\"https:\/\/www.ping.fm\/data-recovery-software\/wp-content\/uploads\/ai\/Best-Free-SD-Card-Recovery-Software-to-Use-Portuguese.jpg\" alt=\"Melhor Software Gratuito de Recupera\u00e7\u00e3o de Cart\u00e3o SD para Usar\" title=\"Melhor Software Gratuito de Recupera\u00e7\u00e3o de Cart\u00e3o SD para Usar\" width=\"1280\" height=\"720\">             <\/p>\n<p>Quando v\u00eddeos desaparecem do seu PC ou Mac, o p\u00e2nico pode instalar-se rapidamente. Mas antes de se resignar \u00e0 perda, saiba que essas mem\u00f3rias preciosas e arquivos importantes podem n\u00e3o ter desaparecido para sempre. De fato, com as ferramentas certas, <b>recuperar v\u00eddeos exclu\u00eddos<\/b> pode ser frequentemente surpreendentemente simples. \u00c9 algo que j\u00e1 tive que fazer mais de uma vez, e estou aqui para compartilhar minhas experi\u00eancias pessoais e recomenda\u00e7\u00f5es para as melhores ferramentas para recuperar v\u00eddeos exclu\u00eddos do seu computador.<\/p>\n<\/div>\n<\/div>\n<\/section>\n<section>\n<div class=\"medal\">\n<div>&#129351;<\/div>\n<\/div>\n<h2>Recuva<\/h2>\n<p><b>Recuva<\/b> \u00e9 um <b>software de recupera\u00e7\u00e3o de dados<\/b> f\u00e1cil de usar, projetado para Windows. Com uma interface simples, oferece capacidades de varredura profunda para encontrar v\u00eddeos que foram exclu\u00eddos. Achei particularmente eficaz para recupera\u00e7\u00f5es r\u00e1pidas no meu PC.<\/p>\n<p>Site Oficial<\/p>\n<h3 class='prosTitle'>Pr\u00f3s<\/h3>\n<ul class='listpc pros'>\n<li>Vers\u00e3o gratuita dispon\u00edvel<\/li>\n<li>Interface intuitiva<\/li>\n<\/ul>\n<h3 class='consTitle'>Contras<\/h3>\n<ul class='listpc cons'>\n<li>Principalmente para Windows<\/li>\n<li>Pode n\u00e3o encontrar todos os arquivos<\/li>\n<\/ul>\n<\/section>\n<section>\n<div class=\"medal\">\n<div>&#129352;<\/div>\n<\/div>\n<h2><a href='https:\/\/www.easeus.com\/datarecoverywizard\/free-data-recovery-software.htm' rel=\"nofollow noopener\" target='_blank'>EaseUS Data Recovery Wizard<\/a><\/h2>\n<p><img src=\"https:\/\/www.ping.fm\/data-recovery-software\/wp-content\/uploads\/ai\/https---www-easeus-com-datarecoverywizard-free-data-recovery-software-htmPortuguese.jpg\"><\/p>\n<p>O <b>EaseUS Data Recovery Wizard<\/b> funciona tanto em plataformas PC quanto Mac. Se destaca por seu layout limpo e op\u00e7\u00f5es robustas de varredura. \u00c9 um dos meus recorridos para recupera\u00e7\u00f5es mais desafiadoras.<\/p>\n<p><a href='https:\/\/www.easeus.com\/datarecoverywizard\/free-data-recovery-software.htm' rel=\"nofollow noopener\" target='_blank' class='ofWSite'>Site Oficial<\/a><\/p>\n<h3 class='prosTitle'>Pr\u00f3s<\/h3>\n<ul class='listpc pros'>\n<li>Compat\u00edvel com v\u00e1rios tipos de arquivos<\/li>\n<li>Op\u00e7\u00e3o de visualiza\u00e7\u00e3o antes da recupera\u00e7\u00e3o<\/li>\n<\/ul>\n<h3 class='consTitle'>Contras<\/h3>\n<ul class='listpc cons'>\n<li>Limite de recupera\u00e7\u00e3o gratuita reduzido<\/li>\n<li>Pode ser caro<\/li>\n<\/ul>\n<\/section>\n<section>\n<div class=\"medal\">\n<div>&#129353;<\/div>\n<\/div>\n<h2><a href='https:\/\/www.cleverfiles.com\/' rel=\"nofollow noopener\" target='_blank'>Disk Drill<\/a><\/h2>\n<p><img src=\"https:\/\/www.ping.fm\/data-recovery-software\/wp-content\/uploads\/ai\/https---www-cleverfiles-com-Portuguese.jpg\"><\/p>\n<p><b>Disk Drill<\/b> me impressionou com seu design elegante e processo eficiente de varredura. O software inclui tutoriais \u00fateis, tornando-o uma escolha s\u00f3lida para aqueles com menos experi\u00eancia em recupera\u00e7\u00e3o de dados, tanto no Windows quanto no Mac.<\/p>\n<p><a href='https:\/\/www.cleverfiles.com\/' rel=\"nofollow noopener\" target='_blank' class='ofWSite'>Site Oficial<\/a><\/p>\n<h3 class='prosTitle'>Pr\u00f3s<\/h3>\n<ul class='listpc pros'>\n<li>F\u00e1cil para iniciantes<\/li>\n<li>Recursos de prote\u00e7\u00e3o para prevenir futuras perdas de dados<\/li>\n<\/ul>\n<h3 class='consTitle'>Contras<\/h3>\n<ul class='listpc cons'>\n<li>Vers\u00e3o gratuita com recursos limitados<\/li>\n<li>Velocidade de recupera\u00e7\u00e3o pode variar<\/li>\n<\/ul>\n<\/section>\n<section>\n<div class=\"no-medal\">\n<div>4<\/div>\n<\/div>\n<h2><a href='https:\/\/www.stellarinfo.com\/data-recovery-mac.php' rel=\"nofollow noopener\" target='_blank'>Stellar Data Recovery<\/a><\/h2>\n<p><img src=\"https:\/\/www.ping.fm\/data-recovery-software\/wp-content\/uploads\/ai\/https---www-stellarinfo-com-data-recovery-mac-phpPortuguese.jpg\"><\/p>\n<p><b>Stellar Data Recovery<\/b> \u00e9 uma pot\u00eancia quando se trata de salvar arquivos. Oferece uma op\u00e7\u00e3o avan\u00e7ada para <b>usu\u00e1rios de Mac<\/b> e j\u00e1 me salvou de perder v\u00eddeos essenciais em v\u00e1rias ocasi\u00f5es. A vers\u00e3o para PC \u00e9 igualmente prol\u00edfica.<\/p>\n<p><a href='https:\/\/www.stellarinfo.com\/data-recovery-mac.php' rel=\"nofollow noopener\" target='_blank' class='ofWSite'>Site Oficial<\/a><\/p>\n<h3 class='prosTitle'>Pr\u00f3s<\/h3>\n<ul class='listpc pros'>\n<li>Alta taxa de sucesso<\/li>\n<li>Compat\u00edvel com uma ampla gama de formatos de arquivo<\/li>\n<\/ul>\n<h3 class='consTitle'>Contras<\/h3>\n<ul class='listpc cons'>\n<li>Ponto de pre\u00e7o mais alto<\/li>\n<li>Pode ser complexo para iniciantes<\/li>\n<\/ul>\n<\/section>\n<section>\n<div class=\"no-medal\">\n<div>5<\/div>\n<\/div>\n<h2><a href='https:\/\/www.wondershare.com\/data-recovery-mac\/' rel=\"nofollow noopener\" target='_blank'>Wondershare Recoverit<\/a><\/h2>\n<p><img src=\"https:\/\/www.ping.fm\/data-recovery-software\/wp-content\/uploads\/ai\/https---www-wondershare-com-data-recovery-mac-Portuguese.jpg\"><\/p>\n<p>A ferramenta <b>Wondershare Recoverit<\/b> possui uma experi\u00eancia de usu\u00e1rio atualizada com suporte para uma multiplicidade de tipos de arquivos. Ao us\u00e1-la no meu Mac, notei que sua fun\u00e7\u00e3o de varredura profunda \u00e9 bastante minuciosa, embora demore algum tempo para ser conclu\u00edda.<\/p>\n<p><a href='https:\/\/www.wondershare.com\/data-recovery-mac\/' rel=\"nofollow noopener\" target='_blank' class='ofWSite'>Site Oficial<\/a><\/p>\n<h3 class='prosTitle'>Pr\u00f3s<\/h3>\n<ul class='listpc pros'>\n<li>F\u00e1cil de navegar<\/li>\n<li>Bom desempenho em varreduras profundas<\/li>\n<\/ul>\n<h3 class='consTitle'>Contras<\/h3>\n<ul class='listpc cons'>\n<li>Tempos de varredura mais lentos<\/li>\n<li>Limita\u00e7\u00f5es da vers\u00e3o de teste gratuita<\/li>\n<\/ul>\n<\/section>\n<section>\n<h2>V\u00eddeo do Youtube para assistir<\/h2>\n<div class=\"nonp iframe\"><iframe width=\"420\" height=\"315\" src=\"\/\/www.youtube.com\/embed\/lJZTb0buKeY\" frameborder=\"0\" allowfullscreen><\/iframe><\/div>\n<\/section>\n<section>\n<h2>Conclus\u00e3o:<\/h2>\n<div class=\"nonp\">\n<p>Navegar pelo processo de <b>recupera\u00e7\u00e3o de v\u00eddeo<\/b> pode ser intimidador, mas com uma abordagem estrat\u00e9gica e as ferramentas certas, muitas vezes \u00e9 poss\u00edvel recuperar o que foi perdido. Sempre comece pelo m\u00e9todo menos invasivo, como verificar a Lixeira ou o Trash, antes de recorrer a solu\u00e7\u00f5es de software.<\/p>\n<p>Entender os sistemas de arquivos e sua estrutura pode auxiliar no processo de recupera\u00e7\u00e3o de v\u00eddeo. Por exemplo, saber se seu disco est\u00e1 formatado como NTFS, FAT ou HFS+ pode influenciar qual ferramenta de recupera\u00e7\u00e3o funcionar\u00e1 melhor para a sua situa\u00e7\u00e3o.<\/p>\n<p>Para evitar perdas futuras, considere buscar a ajuda de servi\u00e7os de <a href='https:\/\/www.backblaze.com' rel=\"nofollow noopener\" target='_blank'>backup em nuvem<\/a> como Backblaze ou Carbonite, que podem salvar automaticamente c\u00f3pias de seus arquivos e reduzir a necessidade de recupera\u00e7\u00e3o de dados emergencial.<\/p>\n<\/div>\n<\/section>\n","protected":false},"excerpt":{"rendered":"<p>Melhor Software Gratuito de Recupera\u00e7\u00e3o de Cart\u00e3o SD para Usar Quando v\u00eddeos desaparecem do seu PC ou Mac, o p\u00e2nico pode instalar-se rapidamente. Mas antes de se resignar \u00e0 perda, saiba que essas mem\u00f3rias preciosas e arquivos importantes podem n\u00e3o ter desaparecido para sempre. De fato, com as ferramentas certas, recuperar v\u00eddeos exclu\u00eddos pode ser [&hellip;]<\/p>\n","protected":false},"author":2,"featured_media":33352,"parent":0,"menu_order":0,"comment_status":"closed","ping_status":"closed","template":"chromecast.php","meta":{"_stopmodifiedupdate":false,"_modified_date":"","_lmt_disableupdate":"yes","_lmt_disable":""},"acf":[],"yoast_head":"<!-- This site is optimized with the Yoast SEO plugin v20.9 - https:\/\/yoast.com\/wordpress\/plugins\/seo\/ -->\n<title>[TOP] Melhores Programas Gratuitos para Recupera\u00e7\u00e3o de Cart\u00e3o SD para Usar em 2024<\/title>\n<meta name=\"robots\" content=\"index, follow, max-snippet:-1, max-image-preview:large, max-video-preview:-1\" \/>\n<link rel=\"canonical\" href=\"https:\/\/datarecovery.ping.fm\/pt\/sd-card-recovery-software\/\" \/>\n<meta property=\"og:locale\" content=\"pt_PT\" \/>\n<meta property=\"og:type\" content=\"article\" \/>\n<meta property=\"og:title\" content=\"[TOP] Melhores Programas Gratuitos para Recupera\u00e7\u00e3o de Cart\u00e3o SD para Usar em 2024\" \/>\n<meta property=\"og:description\" content=\"Melhor Software Gratuito de Recupera\u00e7\u00e3o de Cart\u00e3o SD para Usar Quando v\u00eddeos desaparecem do seu PC ou Mac, o p\u00e2nico pode instalar-se rapidamente. Mas antes de se resignar \u00e0 perda, saiba que essas mem\u00f3rias preciosas e arquivos importantes podem n\u00e3o ter desaparecido para sempre. De fato, com as ferramentas certas, recuperar v\u00eddeos exclu\u00eddos pode ser [&hellip;]\" \/>\n<meta property=\"og:url\" content=\"https:\/\/datarecovery.ping.fm\/pt\/sd-card-recovery-software\/\" \/>\n<meta property=\"og:site_name\" content=\"Software de Recupera\u00e7\u00e3o de Dados\" \/>\n<meta property=\"article:modified_time\" content=\"2024-02-29T18:50:58+00:00\" \/>\n<meta property=\"og:image\" content=\"https:\/\/datarecovery.ping.fm\/wp-content\/uploads\/2024\/03\/Best-Free-SD-Card-Recovery-Software-to-Use-Portuguese.jpg\" \/>\n\t<meta property=\"og:image:width\" content=\"1280\" \/>\n\t<meta property=\"og:image:height\" content=\"731\" \/>\n\t<meta property=\"og:image:type\" content=\"image\/jpeg\" \/>\n<meta name=\"twitter:card\" content=\"summary_large_image\" \/>\n<meta name=\"twitter:label1\" content=\"Est. reading time\" \/>\n\t<meta name=\"twitter:data1\" content=\"3 minutos\" \/>\n<script type=\"application\/ld+json\" class=\"yoast-schema-graph\">{\"@context\":\"https:\/\/schema.org\",\"@graph\":[{\"@type\":\"WebPage\",\"@id\":\"https:\/\/datarecovery.ping.fm\/pt\/sd-card-recovery-software\/\",\"url\":\"https:\/\/datarecovery.ping.fm\/pt\/sd-card-recovery-software\/\",\"name\":\"[TOP] Melhores Programas Gratuitos para Recupera\u00e7\u00e3o de Cart\u00e3o SD para Usar em 2024\",\"isPartOf\":{\"@id\":\"https:\/\/datarecovery.ping.fm\/pt\/#website\"},\"datePublished\":\"2023-12-25T15:46:11+00:00\",\"dateModified\":\"2024-02-29T18:50:58+00:00\",\"breadcrumb\":{\"@id\":\"https:\/\/datarecovery.ping.fm\/pt\/sd-card-recovery-software\/#breadcrumb\"},\"inLanguage\":\"pt-PT\",\"potentialAction\":[{\"@type\":\"ReadAction\",\"target\":[\"https:\/\/datarecovery.ping.fm\/pt\/sd-card-recovery-software\/\"]}]},{\"@type\":\"BreadcrumbList\",\"@id\":\"https:\/\/datarecovery.ping.fm\/pt\/sd-card-recovery-software\/#breadcrumb\",\"itemListElement\":[{\"@type\":\"ListItem\",\"position\":1,\"name\":\"Home\",\"item\":\"https:\/\/datarecovery.ping.fm\/pt\/\"},{\"@type\":\"ListItem\",\"position\":2,\"name\":\"Melhor Software Gratuito de Recupera\u00e7\u00e3o de Cart\u00e3o SD para Usar\"}]},{\"@type\":\"WebSite\",\"@id\":\"https:\/\/datarecovery.ping.fm\/pt\/#website\",\"url\":\"https:\/\/datarecovery.ping.fm\/pt\/\",\"name\":\"Software de Recupera\u00e7\u00e3o de Dados\",\"description\":\"\",\"potentialAction\":[{\"@type\":\"SearchAction\",\"target\":{\"@type\":\"EntryPoint\",\"urlTemplate\":\"https:\/\/datarecovery.ping.fm\/pt\/?s={search_term_string}\"},\"query-input\":\"required name=search_term_string\"}],\"inLanguage\":\"pt-PT\"}]}<\/script>\n<!-- \/ Yoast SEO plugin. -->","yoast_head_json":{"title":"[TOP] Melhores Programas Gratuitos para Recupera\u00e7\u00e3o de Cart\u00e3o SD para Usar em 2024","robots":{"index":"index","follow":"follow","max-snippet":"max-snippet:-1","max-image-preview":"max-image-preview:large","max-video-preview":"max-video-preview:-1"},"canonical":"https:\/\/datarecovery.ping.fm\/pt\/sd-card-recovery-software\/","og_locale":"pt_PT","og_type":"article","og_title":"[TOP] Melhores Programas Gratuitos para Recupera\u00e7\u00e3o de Cart\u00e3o SD para Usar em 2024","og_description":"Melhor Software Gratuito de Recupera\u00e7\u00e3o de Cart\u00e3o SD para Usar Quando v\u00eddeos desaparecem do seu PC ou Mac, o p\u00e2nico pode instalar-se rapidamente. Mas antes de se resignar \u00e0 perda, saiba que essas mem\u00f3rias preciosas e arquivos importantes podem n\u00e3o ter desaparecido para sempre. De fato, com as ferramentas certas, recuperar v\u00eddeos exclu\u00eddos pode ser [&hellip;]","og_url":"https:\/\/datarecovery.ping.fm\/pt\/sd-card-recovery-software\/","og_site_name":"Software de Recupera\u00e7\u00e3o de Dados","article_modified_time":"2024-02-29T18:50:58+00:00","og_image":[{"width":1280,"height":731,"url":"https:\/\/datarecovery.ping.fm\/wp-content\/uploads\/2024\/03\/Best-Free-SD-Card-Recovery-Software-to-Use-Portuguese.jpg","type":"image\/jpeg"}],"twitter_card":"summary_large_image","twitter_misc":{"Est. reading time":"3 minutos"},"schema":{"@context":"https:\/\/schema.org","@graph":[{"@type":"WebPage","@id":"https:\/\/datarecovery.ping.fm\/pt\/sd-card-recovery-software\/","url":"https:\/\/datarecovery.ping.fm\/pt\/sd-card-recovery-software\/","name":"[TOP] Melhores Programas Gratuitos para Recupera\u00e7\u00e3o de Cart\u00e3o SD para Usar em 2024","isPartOf":{"@id":"https:\/\/datarecovery.ping.fm\/pt\/#website"},"datePublished":"2023-12-25T15:46:11+00:00","dateModified":"2024-02-29T18:50:58+00:00","breadcrumb":{"@id":"https:\/\/datarecovery.ping.fm\/pt\/sd-card-recovery-software\/#breadcrumb"},"inLanguage":"pt-PT","potentialAction":[{"@type":"ReadAction","target":["https:\/\/datarecovery.ping.fm\/pt\/sd-card-recovery-software\/"]}]},{"@type":"BreadcrumbList","@id":"https:\/\/datarecovery.ping.fm\/pt\/sd-card-recovery-software\/#breadcrumb","itemListElement":[{"@type":"ListItem","position":1,"name":"Home","item":"https:\/\/datarecovery.ping.fm\/pt\/"},{"@type":"ListItem","position":2,"name":"Melhor Software Gratuito de Recupera\u00e7\u00e3o de Cart\u00e3o SD para Usar"}]},{"@type":"WebSite","@id":"https:\/\/datarecovery.ping.fm\/pt\/#website","url":"https:\/\/datarecovery.ping.fm\/pt\/","name":"Software de Recupera\u00e7\u00e3o de Dados","description":"","potentialAction":[{"@type":"SearchAction","target":{"@type":"EntryPoint","urlTemplate":"https:\/\/datarecovery.ping.fm\/pt\/?s={search_term_string}"},"query-input":"required name=search_term_string"}],"inLanguage":"pt-PT"}]}},"_links":{"self":[{"href":"https:\/\/datarecovery.ping.fm\/pt\/wp-json\/wp\/v2\/pages\/11647"}],"collection":[{"href":"https:\/\/datarecovery.ping.fm\/pt\/wp-json\/wp\/v2\/pages"}],"about":[{"href":"https:\/\/datarecovery.ping.fm\/pt\/wp-json\/wp\/v2\/types\/page"}],"author":[{"embeddable":true,"href":"https:\/\/datarecovery.ping.fm\/pt\/wp-json\/wp\/v2\/users\/2"}],"replies":[{"embeddable":true,"href":"https:\/\/datarecovery.ping.fm\/pt\/wp-json\/wp\/v2\/comments?post=11647"}],"version-history":[{"count":1,"href":"https:\/\/datarecovery.ping.fm\/pt\/wp-json\/wp\/v2\/pages\/11647\/revisions"}],"predecessor-version":[{"id":29020,"href":"https:\/\/datarecovery.ping.fm\/pt\/wp-json\/wp\/v2\/pages\/11647\/revisions\/29020"}],"wp:featuredmedia":[{"embeddable":true,"href":"https:\/\/datarecovery.ping.fm\/pt\/wp-json\/wp\/v2\/media\/33352"}],"wp:attachment":[{"href":"https:\/\/datarecovery.ping.fm\/pt\/wp-json\/wp\/v2\/media?parent=11647"}],"curies":[{"name":"wp","href":"https:\/\/api.w.org\/{rel}","templated":true}]}}