{"id":11614,"date":"2023-07-31T13:58:28","date_gmt":"2023-07-31T13:58:28","guid":{"rendered":"https:\/\/www.ping.fm\/data-recovery-software\/?page_id=11614"},"modified":"2023-12-26T14:58:26","modified_gmt":"2023-12-26T14:58:26","slug":"pt","status":"publish","type":"page","link":"https:\/\/datarecovery.ping.fm\/pt\/","title":{"rendered":"\/pt"},"content":{"rendered":"<section class=\"banner\">\n<div class=\"banner--img\">\n<div class=\"banner--inner\">\n<h1>Bem-vindo \u00e0 Recupera\u00e7\u00e3o de Dados em <a href=\"https:\/\/www.ping.fm\/\" rel=\"dofollow\">Ping.fm<\/a><\/h1>\n<p>Aqui, testamos os melhores softwares de recupera\u00e7\u00e3o de dados e fornecemos a voc\u00ea cen\u00e1rios \u00f3timos para recuperar arquivos exclu\u00eddos e resgatar dados perdidos. Revisamos v\u00e1rios m\u00e9todos e servi\u00e7os de recupera\u00e7\u00e3o de dados, al\u00e9m de fornecer os melhores v\u00eddeos no YouTube para autoaprendizado.<\/p>\n<p>Al\u00e9m disso, cobrimos casos mais desafiadores de recupera\u00e7\u00e3o de dados, como a recupera\u00e7\u00e3o de dados em dispositivos Android e a recupera\u00e7\u00e3o de fotos exclu\u00eddas em iPhones.<\/p>\n<\/div>\n<\/div>\n<\/section>\n","protected":false},"excerpt":{"rendered":"<p>Bem-vindo \u00e0 Recupera\u00e7\u00e3o de Dados em Ping.fm Aqui, testamos os melhores softwares de recupera\u00e7\u00e3o de dados e fornecemos a voc\u00ea cen\u00e1rios \u00f3timos para recuperar arquivos exclu\u00eddos e resgatar dados perdidos. Revisamos v\u00e1rios m\u00e9todos e servi\u00e7os de recupera\u00e7\u00e3o de dados, al\u00e9m de fornecer os melhores v\u00eddeos no YouTube para autoaprendizado. Al\u00e9m disso, cobrimos casos mais desafiadores [&hellip;]<\/p>\n","protected":false},"author":2,"featured_media":11615,"parent":0,"menu_order":0,"comment_status":"closed","ping_status":"closed","template":"homepage.php","meta":{"_stopmodifiedupdate":false,"_modified_date":"","_lmt_disableupdate":"yes","_lmt_disable":""},"acf":[],"yoast_head":"<!-- This site is optimized with the Yoast SEO plugin v20.9 - https:\/\/yoast.com\/wordpress\/plugins\/seo\/ -->\n<title>Melhor Software de Recupera\u00e7\u00e3o de Dados, Dicas, Tutoriais. Abril 2026<\/title>\n<meta name=\"description\" content=\"Descubra o destino definitivo para todas as suas necessidades de recupera\u00e7\u00e3o de dados na Data Recovery Hub! Nosso site analisa meticulosamente os \u00faltimos aplicativos projetados para recuperar dados perdidos e exclu\u00eddos. \ud83d\udcf1\ud83d\udcbb Seja a recupera\u00e7\u00e3o de arquivos apagados de diversos dispositivos ou cen\u00e1rios complexos de recupera\u00e7\u00e3o de dados, estamos preparados para ajudar.\" \/>\n<meta name=\"robots\" content=\"index, follow, max-snippet:-1, max-image-preview:large, max-video-preview:-1\" \/>\n<link rel=\"canonical\" href=\"https:\/\/datarecovery.ping.fm\/pt\/\" \/>\n<meta property=\"og:locale\" content=\"pt_PT\" \/>\n<meta property=\"og:type\" content=\"article\" \/>\n<meta property=\"og:title\" content=\"Melhor Software de Recupera\u00e7\u00e3o de Dados, Dicas, Tutoriais. Abril 2026\" \/>\n<meta property=\"og:description\" content=\"Descubra o destino definitivo para todas as suas necessidades de recupera\u00e7\u00e3o de dados na Data Recovery Hub! Nosso site analisa meticulosamente os \u00faltimos aplicativos projetados para recuperar dados perdidos e exclu\u00eddos. \ud83d\udcf1\ud83d\udcbb Seja a recupera\u00e7\u00e3o de arquivos apagados de diversos dispositivos ou cen\u00e1rios complexos de recupera\u00e7\u00e3o de dados, estamos preparados para ajudar.\" \/>\n<meta property=\"og:url\" content=\"https:\/\/datarecovery.ping.fm\/pt\/\" \/>\n<meta property=\"og:site_name\" content=\"Software de Recupera\u00e7\u00e3o de Dados\" \/>\n<meta property=\"article:modified_time\" content=\"2023-12-26T14:58:26+00:00\" \/>\n<meta property=\"og:image\" content=\"https:\/\/datarecovery.ping.fm\/wp-content\/uploads\/2023\/11\/data-recovery-image.png\" \/>\n\t<meta property=\"og:image:width\" content=\"1024\" \/>\n\t<meta property=\"og:image:height\" content=\"1024\" \/>\n\t<meta property=\"og:image:type\" content=\"image\/png\" \/>\n<meta name=\"twitter:card\" content=\"summary_large_image\" \/>\n<meta name=\"twitter:label1\" content=\"Est. reading time\" \/>\n\t<meta name=\"twitter:data1\" content=\"1 minuto\" \/>\n<script type=\"application\/ld+json\" class=\"yoast-schema-graph\">{\"@context\":\"https:\/\/schema.org\",\"@graph\":[{\"@type\":\"WebPage\",\"@id\":\"https:\/\/datarecovery.ping.fm\/pt\/\",\"url\":\"https:\/\/datarecovery.ping.fm\/pt\/\",\"name\":\"Melhor Software de Recupera\u00e7\u00e3o de Dados, Dicas, Tutoriais. Abril 2026\",\"isPartOf\":{\"@id\":\"https:\/\/datarecovery.ping.fm\/pt\/#website\"},\"datePublished\":\"2023-07-31T13:58:28+00:00\",\"dateModified\":\"2023-12-26T14:58:26+00:00\",\"description\":\"Descubra o destino definitivo para todas as suas necessidades de recupera\u00e7\u00e3o de dados na Data Recovery Hub! Nosso site analisa meticulosamente os \u00faltimos aplicativos projetados para recuperar dados perdidos e exclu\u00eddos. \ud83d\udcf1\ud83d\udcbb Seja a recupera\u00e7\u00e3o de arquivos apagados de diversos dispositivos ou cen\u00e1rios complexos de recupera\u00e7\u00e3o de dados, estamos preparados para ajudar.\",\"breadcrumb\":{\"@id\":\"https:\/\/datarecovery.ping.fm\/pt\/#breadcrumb\"},\"inLanguage\":\"pt-PT\",\"potentialAction\":[{\"@type\":\"ReadAction\",\"target\":[\"https:\/\/datarecovery.ping.fm\/pt\/\"]}]},{\"@type\":\"BreadcrumbList\",\"@id\":\"https:\/\/datarecovery.ping.fm\/pt\/#breadcrumb\",\"itemListElement\":[{\"@type\":\"ListItem\",\"position\":1,\"name\":\"Home\",\"item\":\"https:\/\/datarecovery.ping.fm\/pt\/\"},{\"@type\":\"ListItem\",\"position\":2,\"name\":\"\/pt\"}]},{\"@type\":\"WebSite\",\"@id\":\"https:\/\/datarecovery.ping.fm\/pt\/#website\",\"url\":\"https:\/\/datarecovery.ping.fm\/pt\/\",\"name\":\"Software de Recupera\u00e7\u00e3o de Dados\",\"description\":\"\",\"potentialAction\":[{\"@type\":\"SearchAction\",\"target\":{\"@type\":\"EntryPoint\",\"urlTemplate\":\"https:\/\/datarecovery.ping.fm\/pt\/?s={search_term_string}\"},\"query-input\":\"required name=search_term_string\"}],\"inLanguage\":\"pt-PT\"}]}<\/script>\n<!-- \/ Yoast SEO plugin. -->","yoast_head_json":{"title":"Melhor Software de Recupera\u00e7\u00e3o de Dados, Dicas, Tutoriais. Abril 2026","description":"Descubra o destino definitivo para todas as suas necessidades de recupera\u00e7\u00e3o de dados na Data Recovery Hub! Nosso site analisa meticulosamente os \u00faltimos aplicativos projetados para recuperar dados perdidos e exclu\u00eddos. \ud83d\udcf1\ud83d\udcbb Seja a recupera\u00e7\u00e3o de arquivos apagados de diversos dispositivos ou cen\u00e1rios complexos de recupera\u00e7\u00e3o de dados, estamos preparados para ajudar.","robots":{"index":"index","follow":"follow","max-snippet":"max-snippet:-1","max-image-preview":"max-image-preview:large","max-video-preview":"max-video-preview:-1"},"canonical":"https:\/\/datarecovery.ping.fm\/pt\/","og_locale":"pt_PT","og_type":"article","og_title":"Melhor Software de Recupera\u00e7\u00e3o de Dados, Dicas, Tutoriais. Abril 2026","og_description":"Descubra o destino definitivo para todas as suas necessidades de recupera\u00e7\u00e3o de dados na Data Recovery Hub! Nosso site analisa meticulosamente os \u00faltimos aplicativos projetados para recuperar dados perdidos e exclu\u00eddos. \ud83d\udcf1\ud83d\udcbb Seja a recupera\u00e7\u00e3o de arquivos apagados de diversos dispositivos ou cen\u00e1rios complexos de recupera\u00e7\u00e3o de dados, estamos preparados para ajudar.","og_url":"https:\/\/datarecovery.ping.fm\/pt\/","og_site_name":"Software de Recupera\u00e7\u00e3o de Dados","article_modified_time":"2023-12-26T14:58:26+00:00","og_image":[{"width":1024,"height":1024,"url":"https:\/\/datarecovery.ping.fm\/wp-content\/uploads\/2023\/11\/data-recovery-image.png","type":"image\/png"}],"twitter_card":"summary_large_image","twitter_misc":{"Est. reading time":"1 minuto"},"schema":{"@context":"https:\/\/schema.org","@graph":[{"@type":"WebPage","@id":"https:\/\/datarecovery.ping.fm\/pt\/","url":"https:\/\/datarecovery.ping.fm\/pt\/","name":"Melhor Software de Recupera\u00e7\u00e3o de Dados, Dicas, Tutoriais. Abril 2026","isPartOf":{"@id":"https:\/\/datarecovery.ping.fm\/pt\/#website"},"datePublished":"2023-07-31T13:58:28+00:00","dateModified":"2023-12-26T14:58:26+00:00","description":"Descubra o destino definitivo para todas as suas necessidades de recupera\u00e7\u00e3o de dados na Data Recovery Hub! Nosso site analisa meticulosamente os \u00faltimos aplicativos projetados para recuperar dados perdidos e exclu\u00eddos. \ud83d\udcf1\ud83d\udcbb Seja a recupera\u00e7\u00e3o de arquivos apagados de diversos dispositivos ou cen\u00e1rios complexos de recupera\u00e7\u00e3o de dados, estamos preparados para ajudar.","breadcrumb":{"@id":"https:\/\/datarecovery.ping.fm\/pt\/#breadcrumb"},"inLanguage":"pt-PT","potentialAction":[{"@type":"ReadAction","target":["https:\/\/datarecovery.ping.fm\/pt\/"]}]},{"@type":"BreadcrumbList","@id":"https:\/\/datarecovery.ping.fm\/pt\/#breadcrumb","itemListElement":[{"@type":"ListItem","position":1,"name":"Home","item":"https:\/\/datarecovery.ping.fm\/pt\/"},{"@type":"ListItem","position":2,"name":"\/pt"}]},{"@type":"WebSite","@id":"https:\/\/datarecovery.ping.fm\/pt\/#website","url":"https:\/\/datarecovery.ping.fm\/pt\/","name":"Software de Recupera\u00e7\u00e3o de Dados","description":"","potentialAction":[{"@type":"SearchAction","target":{"@type":"EntryPoint","urlTemplate":"https:\/\/datarecovery.ping.fm\/pt\/?s={search_term_string}"},"query-input":"required name=search_term_string"}],"inLanguage":"pt-PT"}]}},"_links":{"self":[{"href":"https:\/\/datarecovery.ping.fm\/pt\/wp-json\/wp\/v2\/pages\/11614"}],"collection":[{"href":"https:\/\/datarecovery.ping.fm\/pt\/wp-json\/wp\/v2\/pages"}],"about":[{"href":"https:\/\/datarecovery.ping.fm\/pt\/wp-json\/wp\/v2\/types\/page"}],"author":[{"embeddable":true,"href":"https:\/\/datarecovery.ping.fm\/pt\/wp-json\/wp\/v2\/users\/2"}],"replies":[{"embeddable":true,"href":"https:\/\/datarecovery.ping.fm\/pt\/wp-json\/wp\/v2\/comments?post=11614"}],"version-history":[{"count":2,"href":"https:\/\/datarecovery.ping.fm\/pt\/wp-json\/wp\/v2\/pages\/11614\/revisions"}],"predecessor-version":[{"id":11954,"href":"https:\/\/datarecovery.ping.fm\/pt\/wp-json\/wp\/v2\/pages\/11614\/revisions\/11954"}],"wp:featuredmedia":[{"embeddable":true,"href":"https:\/\/datarecovery.ping.fm\/pt\/wp-json\/wp\/v2\/media\/11615"}],"wp:attachment":[{"href":"https:\/\/datarecovery.ping.fm\/pt\/wp-json\/wp\/v2\/media?parent=11614"}],"curies":[{"name":"wp","href":"https:\/\/api.w.org\/{rel}","templated":true}]}}