{"id":45376,"date":"2023-12-25T15:46:11","date_gmt":"2023-12-25T15:46:11","guid":{"rendered":"https:\/\/www.ping.fm\/data-recovery-software\/wiped-hard-drive-recovery\/"},"modified":"2024-04-23T10:22:42","modified_gmt":"2024-04-23T10:22:42","slug":"wiped-hard-drive-recovery","status":"publish","type":"page","link":"https:\/\/datarecovery.ping.fm\/pl\/wiped-hard-drive-recovery\/","title":{"rendered":"Metoda odzyskiwania usuni\u0119tych plik\u00f3w z sformatowanego dysku twardego"},"content":{"rendered":"<section>\n<h1>Jak odzyska\u0107 skasowane pliki z sformatowanego dysku twardego<\/h1>\n<div class=\"inbrief\">\n<div>                     <img src=\"https:\/\/www.ping.fm\/data-recovery-software\/wp-content\/uploads\/ai\/How-to-Recover-Deleted-Files-from-Wiped-Hard-Drive-Polish.jpg\" alt=\"Jak odzyska\u0107 skasowane pliki z sformatowanego dysku twardego\" title=\"Jak odzyska\u0107 skasowane pliki z sformatowanego dysku twardego\" width=\"1280\" height=\"720\">                     <\/p>\n<p>Utrata wa\u017cnych plik\u00f3w mo\u017ce by\u0107 ogromnym \u017ar\u00f3d\u0142em stresu, ale to nie zawsze oznacza koniec historii. Nawet je\u015bli wyczy\u015bci\u0142e\u015b sw\u00f3j dysk twardy, nadal istnieje nadzieja na odzyskanie tych cennych plik\u00f3w. Osobi\u015bcie stan\u0105\u0142em w obliczu tego zniech\u0119caj\u0105cego problemu i znalaz\u0142em sposoby na odzyskanie danych, o kt\u00f3rych my\u015bla\u0142em, \u017ce na zawsze przepad\u0142y. W tym szczeg\u00f3\u0142owym poradniku podziel\u0119 si\u0119 moim do\u015bwiadczeniem dotycz\u0105cym odzyskiwania skasowanych plik\u00f3w z sformatowanego dysku twardego, zwracaj\u0105c uwag\u0119 na Disk Drill jako jedno z najskuteczniejszych rozwi\u0105za\u0144.<\/p>\n<\/div>\n<\/div>\n<\/section>\n<section>\n<div>\n<div>1<\/div>\n<h2>Cz\u0119ste scenariusze:<\/h2>\n<\/div>\n<h3>Przypadkowe Formatowanie &#x1F4A5;<\/h3>\n<ul>\n<li><b>Formatowanie ca\u0142ego dysku<\/b> podczas instalacji systemu operacyjnego zamiast wybrania konkretnej partycji.<\/li>\n<li>Przypadkowy <b>szybki format<\/b> podczas pr\u00f3by naprawienia b\u0142\u0119d\u00f3w dysku.<\/li>\n<\/ul>\n<h3>Przesadne Sprz\u0105tanie &#x1F9EA;<\/h3>\n<ul>\n<li>U\u017cywanie <b>oprogramowania do oczyszczania dysku<\/b> w celu zwolnienia miejsca, nie zdaj\u0105c sobie sprawy, \u017ce wa\u017cne pliki nie zosta\u0142y zarchiwizowane.<\/li>\n<li>Usuwanie partycji podczas <b>czyszczenia systemu<\/b> lub przygotowywania do sprzeda\u017cy komputera.<\/li>\n<\/ul>\n<h3>Zamieszanie z Malware &#x2620;<\/h3>\n<ul>\n<li>Infekcja wirusem lub malware prowadz\u0105ca do <b>skompromitowania systemu<\/b>, co wymaga pe\u0142nego wyczyszczenia.<\/li>\n<li>Hakerzy kasuj\u0105cy dyski w celu <b>zatarcia \u015blad\u00f3w<\/b> po kradzie\u017cy danych.<\/li>\n<\/ul>\n<\/section>\n<section class=\"stepByStep\">\n<div>\n<div>2<\/div>\n<h2>Proces krok po kroku. Odzyskiwanie sformatowanego dysku twardego:<\/h2>\n<\/div>\n<h3>Metoda 1: U\u017cycie Disk Drill &#x1F527;<\/h3>\n<ul>\n<li>Pobierz i zainstaluj <b>Disk Drill<\/b> ze strony oficjalnej: <a href='https:\/\/www.cleverfiles.com\/' rel=\"nofollow noopener\" target='_blank'>https:\/\/www.cleverfiles.com\/<\/a>.<\/li>\n<li>Uruchom Disk Drill i wybierz sformatowany dysk twardy do <b>odzyskania<\/b>.<\/li>\n<li>Wybierz odpowiedni typ skanowania. Dla sformatowanych dysk\u00f3w cz\u0119sto najbardziej efektywny jest <b>G\u0142\u0119boki Skan<\/b>.<\/li>\n<li>Przejrzyj <b>znalezione pliki<\/b> i wybierz te, kt\u00f3re chcesz odzyska\u0107.<\/li>\n<li>Wybierz now\u0105 <b>lokalizacj\u0119 zapisu<\/b>, kt\u00f3ra jest inna ni\u017c dysk \u017ar\u00f3d\u0142owy i odzyskaj pliki.<\/li>\n<\/ul>\n<p><b>Uwaga:<\/b> Disk Drill mo\u017ce odzyska\u0107 pliki nawet po sformatowaniu, ale skuteczno\u015b\u0107 zale\u017cy od tego, czy nowe dane nadpisa\u0142y stare dane.<\/p>\n<p><b>Podsumowanie:<\/b> Disk Drill oferuje intuicyjn\u0105 i pot\u0119\u017cn\u0105 platform\u0119 do odzyskiwania danych z sformatowanego dysku twardego.<\/p>\n<h3>Metoda 2: Recuva &#x1F50D;<\/h3>\n<ul>\n<li>Pobierz i zainstaluj <b>Recuva<\/b> ze strony oficjalnej: <a href='https:\/\/www.ccleaner.com\/recuva' rel=\"nofollow noopener\" target='_blank'>https:\/\/www.ccleaner.com\/recuva<\/a>.<\/li>\n<li>Otw\u00f3rz Recuva i uruchom <b>Kreatora<\/b>, aby rozpocz\u0105\u0107 proces odzyskiwania.<\/li>\n<li>Wybierz rodzaj plik\u00f3w, kt\u00f3re chcesz odzyska\u0107, oraz ich pierwotn\u0105 lokalizacj\u0119.<\/li>\n<li>Aktywuj tryb <b>G\u0142\u0119bokiego Skanu<\/b> dla bardziej szczeg\u00f3\u0142owego przeszukiwania.<\/li>\n<li>Po skanowaniu wybierz pliki do odzyskania i wybierz nowe miejsce do ich <b>zapisu<\/b>.<\/li>\n<\/ul>\n<p><b>Uwaga:<\/b> Recuva jest pomocnym narz\u0119dziem, szczeg\u00f3lnie dla tych, kt\u00f3rzy szukaj\u0105 darmowego rozwi\u0105zania, ale mo\u017ce nie by\u0107 tak gruntowne jak oprogramowanie premium takie jak Disk Drill.<\/p>\n<p><b>Podsumowanie:<\/b> Recuva to kosztowo efektywna alternatywa, kt\u00f3ra mo\u017ce skutecznie zarz\u0105dza\u0107 prostymi zadaniami odzyskiwania.<\/p>\n<h3>Metoda 3: PhotoRec &#x1F4F7;<\/h3>\n<ul>\n<li>Pobierz PhotoRec ze strony oficjalnej: <a href='https:\/\/www.cgsecurity.org\/wiki\/PhotoRec' rel=\"nofollow noopener\" target='_blank'>https:\/\/www.cgsecurity.org\/wiki\/PhotoRec<\/a>.<\/li>\n<li>Wypakuj i uruchom PhotoRec; pojawi si\u0119 <b>interfejs wiersza polece\u0144<\/b>.<\/li>\n<li>Wybierz sformatowany dysk i wybierz <b>typ tabeli partycji<\/b>, a nast\u0119pnie przyst\u0105p do skanowania.<\/li>\n<li>Nawiguj po systemie plik\u00f3w i wybierz, gdzie chcesz zapisa\u0107 odzyskane dane.<\/li>\n<li>Pozw\u00f3l PhotoRec na wykonanie swojej magii, odzyskuj\u0105c jak najwi\u0119cej plik\u00f3w.<\/li>\n<\/ul>\n<p><b>Uwaga:<\/b> PhotoRec jest pot\u0119\u017cny, ale wi\u0105\u017ce si\u0119 ze strom\u0105 krzyw\u0105 uczenia si\u0119 ze wzgl\u0119du na swoj\u0105 natur\u0119 opart\u0105 na wierszu polece\u0144.<\/p>\n<p><b>Podsumowanie:<\/b> PhotoRec to solidne rozwi\u0105zanie open-source dla os\u00f3b komfortowo operuj\u0105cych liniami polece\u0144.<\/p>\n<h3>Metoda 4: U\u017cycie Narz\u0119dzia do Odzyskiwania Plik\u00f3w Windows &#x1F5A5;<\/h3>\n<ul>\n<li>Upewnij si\u0119, \u017ce u\u017cywasz <b>Windows 10<\/b>, wersji 2004 lub nowszej. Pobierz <b>Narz\u0119dzie do Odzyskiwania Plik\u00f3w Windows<\/b> z Microsoft Store.<\/li>\n<li>Otw\u00f3rz Wiersz Polecenia jako administrator i wpisz <i>&#8217;winfr&#8217;<\/i>.<\/li>\n<li>Wybierz dyski \u017ar\u00f3d\u0142owy i docelowy oraz okre\u015bl <b>tryb<\/b>: normalny lub rozszerzony.<\/li>\n<li>Post\u0119puj zgodnie z instrukcjami na ekranie, aby zako\u0144czy\u0107 proces odzyskiwania.<\/li>\n<li>Sprawd\u017a folder docelowy na odzyskane pliki.<\/li>\n<\/ul>\n<p><b>Uwaga:<\/b> Ta metoda jest dost\u0119pna tylko w nowszych wersjach systemu Windows, a powodzenie zale\u017cy od tego, ile nowych danych zosta\u0142o zapisanych na dysku.<\/p>\n<p><b>Podsumowanie:<\/b> Narz\u0119dzie do Odzyskiwania Plik\u00f3w Windows jest przydatn\u0105, bezkosztow\u0105 opcj\u0105 dla u\u017cytkownik\u00f3w z w\u0142a\u015bciw\u0105 wersj\u0105 systemu Windows.<\/p>\n<h3>Metoda 5: Skorzystanie z Profesjonalnych Us\u0142ug Odzyskiwania Danych &#x1F50E;<\/h3>\n<ul>\n<li>Poszukaj <b>renomowanych us\u0142ug odzyskiwania danych<\/b> takich jak DriveSavers lub Secure Data Recovery.<\/li>\n<li>Skontaktuj si\u0119 z us\u0142ug\u0105 i podaj szczeg\u00f3\u0142y dotycz\u0105ce dysku twardego i sytuacji z utrat\u0105 danych.<\/li>\n<li>Post\u0119puj zgodnie z ich instrukcjami, aby wys\u0142a\u0107 sw\u00f3j dysk twardy.<\/li>\n<li>Czekaj na raport diagnostyczny i zdecyduj, czy post\u0119powa\u0107 z odzyskiwaniem, na podstawie ich szacowanej skuteczno\u015bci i koszt\u00f3w.<\/li>\n<li>Po odzyskaniu dane zostan\u0105 zwr\u00f3cone na nowym urz\u0105dzeniu do przechowywania danych.<\/li>\n<\/ul>\n<p><b>Uwaga:<\/b> Profesjonalne us\u0142ugi mog\u0105 by\u0107 drogie, ale oferuj\u0105 najwi\u0119ksz\u0105 szans\u0119 na odzyskanie danych z powa\u017cnie uszkodzonych dysk\u00f3w.<\/p>\n<p><b>Podsumowanie:<\/b> W przypadku nieocenionych lub wysoce poufnych danych profesjonalna us\u0142uga odzyskiwania danych mo\u017ce by\u0107 warta dodatkowych koszt\u00f3w.<\/p>\n<\/section>\n<section>\n<div>\n<div>3<\/div>\n<h2>Film na Youtube do obejrzenia<\/h2>\n<\/div>\n<div class=\"iframe\"><iframe width=\"420\" height=\"315\" src=\"\/\/www.youtube.com\/embed\/4ZlvHsjvQT4\" frameborder=\"0\" allowfullscreen><\/iframe><\/div>\n<\/section>\n<section>\n<div>\n<div>4<\/div>\n<h2>Zapobieganie i wskaz\u00f3wki:<\/h2>\n<\/div>\n<h3>Ochrona przed utrat\u0105 danych &#x1F6E1;<\/h3>\n<ul>\n<li><b>Regularne kopie zapasowe<\/b> na dysk zewn\u0119trzny lub do us\u0142ugi chmurowej mog\u0105 zapobiec konieczno\u015bci odzyskiwania danych.<\/li>\n<li>U\u017cywaj <b>narz\u0119dzi zarz\u0105dzania dyskiem<\/b> ostro\u017cnie i zawsze dwukrotnie sprawdzaj przed formatowaniem lub czyszczeniem dysku.<\/li>\n<li>Ochrona przed <b>z\u0142o\u015bliwym oprogramowaniem<\/b> poprzez aktualizacj\u0119 oprogramowania antywirusowego i unikanie podejrzanych plik\u00f3w do pobrania lub stron internetowych.<\/li>\n<\/ul>\n<h3>Natychmiastowe odzyskiwanie &#x23F3;<\/h3>\n<ul>\n<li>Im wcze\u015bniej spr\u00f3bujesz odzyska\u0107 dane po ich usuni\u0119ciu, tym wi\u0119ksze szanse na sukces.<\/li>\n<li>Unikaj korzystania z dotkni\u0119tego twardego dysku, aby zapobiec nadpisaniu nowymi danymi utraconych plik\u00f3w.<\/li>\n<li>Spr\u00f3buj korzysta\u0107 z r\u00f3\u017cnych <b>narz\u0119dzi do odzyskiwania danych<\/b>, je\u015bli jedno nie przyniesie oczekiwanych rezultat\u00f3w.<\/li>\n<\/ul>\n<\/section>\n<section>\n<div>\n<div>5<\/div>\n<h2>Dodatkowe wgl\u0105dy<\/h2>\n<\/div>\n<p>Technologia odzyskiwania danych opiera si\u0119 na fakcie, \u017ce kiedy pliki s\u0105 usuni\u0119te, nie s\u0105 one natychmiastowo usuwane z no\u015bnika danych. Zamiast tego, przestrze\u0144 kt\u00f3r\u0105 zajmuj\u0105 jest oznaczana jako 'wolna&#8217; dla nowych danych. Dop\u00f3ki nie zostan\u0105 nadpisane przez nowe dane, istnieje okno mo\u017cliwo\u015bci dla odzyskania danych. Dlatego tak wa\u017cne jest, aby nie u\u017cywa\u0107 dysku twardego po wyst\u0105pieniu utraty danych; ka\u017cda akcja na dysku mo\u017ce potencjalnie nadpisa\u0107 dok\u0142adnie te dane, kt\u00f3re pr\u00f3bujesz zachowa\u0107.<\/p>\n<p>Rodzaj systemu plik\u00f3w tak\u017ce odgrywa kluczow\u0105 rol\u0119 w odzyskiwaniu danych. Systemy plik\u00f3w takie jak FAT, exFAT, lub NTFS zarz\u0105dzaj\u0105 danymi inaczej, co mo\u017ce wp\u0142yn\u0105\u0107 na wyniki odzyskiwania. Zrozumienie tego mo\u017ce pom\u00f3c ci w wyborze odpowiedniego narz\u0119dzia i metody odzyskiwania.<\/p>\n<p>Je\u015bli chodzi o dyski, kt\u00f3re zosta\u0142y sformatowane, opcja <b>Szybkiego formatowania<\/b> jedynie usuwa tabel\u0119 plik\u00f3w, ale <b>Pe\u0142ne formatowanie<\/b> (dost\u0119pne w Windows) mo\u017ce nadpisa\u0107 wszystkie dane, co znacznie utrudnia odzyskanie danych. Istotne jest zrozumienie r\u00f3\u017cnicy i odpowiednie dzia\u0142anie podczas pr\u00f3by przywr\u00f3cenia plik\u00f3w.<\/p>\n<p>Kiedy korzystasz z narz\u0119dzi takich jak Disk Drill czy Recuva, pami\u0119taj, \u017ce cz\u0119sto oferuj\u0105 one r\u00f3\u017cne tryby skanowania. Szybkie skanowanie mo\u017ce wystarczy\u0107 dla niedawno usuni\u0119tych plik\u00f3w, ale dla wyczyszczonego dysku, wskazane jest u\u017cycie G\u0142\u0119bokiego skanowania lub podobnych kompleksowych tryb\u00f3w.<\/p>\n<p>Dla u\u017cytkownik\u00f3w, kt\u00f3rzy nie czuj\u0105 si\u0119 komfortowo korzystaj\u0105c z oprogramowania do odzyskiwania danych, konsultacja z profesjonalnym serwisem mo\u017ce by\u0107 bardziej odpowiednia. Te serwisy u\u017cywaj\u0105 specjalistycznego sprz\u0119tu i kontrolowanych \u015brodowisk, aby maksymalizowa\u0107 szanse na odzyskanie danych. Firmy takie jak <a href='https:\/\/www.drivesaversdatarecovery.com\/' rel=\"nofollow noopener\" target='_blank'>DriveSavers<\/a> i <a href='https:\/\/www.securedatarecovery.com\/' rel=\"nofollow noopener\" target='_blank'>Secure Data Recovery<\/a> s\u0105 znane z ich ekspertyzy i \u015brodk\u00f3w bezpiecze\u0144stwa w obs\u0142udze wra\u017cliwych danych.<\/p>\n<\/section>\n<section>\n<h2>Podsumowanie:<\/h2>\n<div class=\"nonp\">Do\u015bwiadczenie utraty danych z sformatowanego dysku twardego to trudne do\u015bwiadczenie, ale dzi\u0119ki odpowiednim narz\u0119dziom i metodom mo\u017cliwe jest odzyskanie tych zaginionych bajt\u00f3w. Od pot\u0119\u017cnych opcji oprogramowania, takich jak <b>Disk Drill<\/b> i <b>Recuva<\/b>, po bardziej zaawansowane rozwi\u0105zania, jak wynaj\u0119cie profesjonalnych us\u0142ug odzyskiwania danych, cz\u0119sto istnieje spos\u00f3b, aby odzyska\u0107 pliki. Pami\u0119taj, \u017ce im szybciej podejmiesz dzia\u0142anie i tym mniej u\u017cywasz dysku po skasowaniu danych, tym lepsze masz szanse na pomy\u015blne odzyskanie danych. Zawsze utrzymuj regularne kopie zapasowe, zachowaj ostro\u017cno\u015b\u0107 podczas zarz\u0105dzania dyskiem i b\u0105d\u017a na bie\u017c\u0105co, aby zminimalizowa\u0107 przysz\u0142e straty danych. Przestrzegaj\u0105c tych praktyk i korzystaj\u0105c z dost\u0119pnych zasob\u00f3w, jeste\u015b dobrze przygotowany do stawienia czo\u0142a ka\u017cdemu wyzwaniu zwi\u0105zanemu z odzyskiwaniem danych.<\/div>\n<\/section>\n","protected":false},"excerpt":{"rendered":"<p>Jak odzyska\u0107 skasowane pliki z sformatowanego dysku twardego Utrata wa\u017cnych plik\u00f3w mo\u017ce by\u0107 ogromnym \u017ar\u00f3d\u0142em stresu, ale to nie zawsze oznacza koniec historii. Nawet je\u015bli wyczy\u015bci\u0142e\u015b sw\u00f3j dysk twardy, nadal istnieje nadzieja na odzyskanie tych cennych plik\u00f3w. Osobi\u015bcie stan\u0105\u0142em w obliczu tego zniech\u0119caj\u0105cego problemu i znalaz\u0142em sposoby na odzyskanie danych, o kt\u00f3rych my\u015bla\u0142em, \u017ce na [&hellip;]<\/p>\n","protected":false},"author":0,"featured_media":45377,"parent":0,"menu_order":0,"comment_status":"closed","ping_status":"closed","template":"chromecast.php","meta":{"_stopmodifiedupdate":false,"_modified_date":"","_lmt_disableupdate":"","_lmt_disable":""},"acf":[],"yoast_head":"<!-- This site is optimized with the Yoast SEO plugin v20.9 - https:\/\/yoast.com\/wordpress\/plugins\/seo\/ -->\n<title>Oto jak mo\u017cna odzyska\u0107 usuni\u0119te pliki z ju\u017c sformatowanego dysku twardego: najlepsza metoda odzyskiwania<\/title>\n<meta name=\"robots\" content=\"index, follow, max-snippet:-1, max-image-preview:large, max-video-preview:-1\" \/>\n<link rel=\"canonical\" href=\"https:\/\/datarecovery.ping.fm\/pl\/wiped-hard-drive-recovery\/\" \/>\n<meta property=\"og:locale\" content=\"pl_PL\" \/>\n<meta property=\"og:type\" content=\"article\" \/>\n<meta property=\"og:title\" content=\"Oto jak mo\u017cna odzyska\u0107 usuni\u0119te pliki z ju\u017c sformatowanego dysku twardego: najlepsza metoda odzyskiwania\" \/>\n<meta property=\"og:description\" content=\"Jak odzyska\u0107 skasowane pliki z sformatowanego dysku twardego Utrata wa\u017cnych plik\u00f3w mo\u017ce by\u0107 ogromnym \u017ar\u00f3d\u0142em stresu, ale to nie zawsze oznacza koniec historii. Nawet je\u015bli wyczy\u015bci\u0142e\u015b sw\u00f3j dysk twardy, nadal istnieje nadzieja na odzyskanie tych cennych plik\u00f3w. Osobi\u015bcie stan\u0105\u0142em w obliczu tego zniech\u0119caj\u0105cego problemu i znalaz\u0142em sposoby na odzyskanie danych, o kt\u00f3rych my\u015bla\u0142em, \u017ce na [&hellip;]\" \/>\n<meta property=\"og:url\" content=\"https:\/\/datarecovery.ping.fm\/pl\/wiped-hard-drive-recovery\/\" \/>\n<meta property=\"og:site_name\" content=\"Data Recovery Software\" \/>\n<meta property=\"article:modified_time\" content=\"2024-04-23T10:22:42+00:00\" \/>\n<meta property=\"og:image\" content=\"https:\/\/datarecovery.ping.fm\/wp-content\/uploads\/2024\/04\/How-to-Recover-Deleted-Files-from-Wiped-Hard-Drive-Polish.jpg\" \/>\n\t<meta property=\"og:image:width\" content=\"1280\" \/>\n\t<meta property=\"og:image:height\" content=\"731\" \/>\n\t<meta property=\"og:image:type\" content=\"image\/jpeg\" \/>\n<meta name=\"twitter:card\" content=\"summary_large_image\" \/>\n<meta name=\"twitter:label1\" content=\"Est. reading time\" \/>\n\t<meta name=\"twitter:data1\" content=\"7 minut\" \/>\n<script type=\"application\/ld+json\" class=\"yoast-schema-graph\">{\"@context\":\"https:\/\/schema.org\",\"@graph\":[{\"@type\":\"WebPage\",\"@id\":\"https:\/\/datarecovery.ping.fm\/pl\/wiped-hard-drive-recovery\/\",\"url\":\"https:\/\/datarecovery.ping.fm\/pl\/wiped-hard-drive-recovery\/\",\"name\":\"Oto jak mo\u017cna odzyska\u0107 usuni\u0119te pliki z ju\u017c sformatowanego dysku twardego: najlepsza metoda odzyskiwania\",\"isPartOf\":{\"@id\":\"https:\/\/datarecovery.ping.fm\/pl\/#website\"},\"datePublished\":\"2023-12-25T15:46:11+00:00\",\"dateModified\":\"2024-04-23T10:22:42+00:00\",\"breadcrumb\":{\"@id\":\"https:\/\/datarecovery.ping.fm\/pl\/wiped-hard-drive-recovery\/#breadcrumb\"},\"inLanguage\":\"pl-PL\",\"potentialAction\":[{\"@type\":\"ReadAction\",\"target\":[\"https:\/\/datarecovery.ping.fm\/pl\/wiped-hard-drive-recovery\/\"]}]},{\"@type\":\"BreadcrumbList\",\"@id\":\"https:\/\/datarecovery.ping.fm\/pl\/wiped-hard-drive-recovery\/#breadcrumb\",\"itemListElement\":[{\"@type\":\"ListItem\",\"position\":1,\"name\":\"Home\",\"item\":\"https:\/\/datarecovery.ping.fm\/pl\/\"},{\"@type\":\"ListItem\",\"position\":2,\"name\":\"Metoda odzyskiwania usuni\u0119tych plik\u00f3w z sformatowanego dysku twardego\"}]},{\"@type\":\"WebSite\",\"@id\":\"https:\/\/datarecovery.ping.fm\/pl\/#website\",\"url\":\"https:\/\/datarecovery.ping.fm\/pl\/\",\"name\":\"Data Recovery Software\",\"description\":\"\",\"potentialAction\":[{\"@type\":\"SearchAction\",\"target\":{\"@type\":\"EntryPoint\",\"urlTemplate\":\"https:\/\/datarecovery.ping.fm\/pl\/?s={search_term_string}\"},\"query-input\":\"required name=search_term_string\"}],\"inLanguage\":\"pl-PL\"}]}<\/script>\n<!-- \/ Yoast SEO plugin. -->","yoast_head_json":{"title":"Oto jak mo\u017cna odzyska\u0107 usuni\u0119te pliki z ju\u017c sformatowanego dysku twardego: najlepsza metoda odzyskiwania","robots":{"index":"index","follow":"follow","max-snippet":"max-snippet:-1","max-image-preview":"max-image-preview:large","max-video-preview":"max-video-preview:-1"},"canonical":"https:\/\/datarecovery.ping.fm\/pl\/wiped-hard-drive-recovery\/","og_locale":"pl_PL","og_type":"article","og_title":"Oto jak mo\u017cna odzyska\u0107 usuni\u0119te pliki z ju\u017c sformatowanego dysku twardego: najlepsza metoda odzyskiwania","og_description":"Jak odzyska\u0107 skasowane pliki z sformatowanego dysku twardego Utrata wa\u017cnych plik\u00f3w mo\u017ce by\u0107 ogromnym \u017ar\u00f3d\u0142em stresu, ale to nie zawsze oznacza koniec historii. Nawet je\u015bli wyczy\u015bci\u0142e\u015b sw\u00f3j dysk twardy, nadal istnieje nadzieja na odzyskanie tych cennych plik\u00f3w. Osobi\u015bcie stan\u0105\u0142em w obliczu tego zniech\u0119caj\u0105cego problemu i znalaz\u0142em sposoby na odzyskanie danych, o kt\u00f3rych my\u015bla\u0142em, \u017ce na [&hellip;]","og_url":"https:\/\/datarecovery.ping.fm\/pl\/wiped-hard-drive-recovery\/","og_site_name":"Data Recovery Software","article_modified_time":"2024-04-23T10:22:42+00:00","og_image":[{"width":1280,"height":731,"url":"https:\/\/datarecovery.ping.fm\/wp-content\/uploads\/2024\/04\/How-to-Recover-Deleted-Files-from-Wiped-Hard-Drive-Polish.jpg","type":"image\/jpeg"}],"twitter_card":"summary_large_image","twitter_misc":{"Est. reading time":"7 minut"},"schema":{"@context":"https:\/\/schema.org","@graph":[{"@type":"WebPage","@id":"https:\/\/datarecovery.ping.fm\/pl\/wiped-hard-drive-recovery\/","url":"https:\/\/datarecovery.ping.fm\/pl\/wiped-hard-drive-recovery\/","name":"Oto jak mo\u017cna odzyska\u0107 usuni\u0119te pliki z ju\u017c sformatowanego dysku twardego: najlepsza metoda odzyskiwania","isPartOf":{"@id":"https:\/\/datarecovery.ping.fm\/pl\/#website"},"datePublished":"2023-12-25T15:46:11+00:00","dateModified":"2024-04-23T10:22:42+00:00","breadcrumb":{"@id":"https:\/\/datarecovery.ping.fm\/pl\/wiped-hard-drive-recovery\/#breadcrumb"},"inLanguage":"pl-PL","potentialAction":[{"@type":"ReadAction","target":["https:\/\/datarecovery.ping.fm\/pl\/wiped-hard-drive-recovery\/"]}]},{"@type":"BreadcrumbList","@id":"https:\/\/datarecovery.ping.fm\/pl\/wiped-hard-drive-recovery\/#breadcrumb","itemListElement":[{"@type":"ListItem","position":1,"name":"Home","item":"https:\/\/datarecovery.ping.fm\/pl\/"},{"@type":"ListItem","position":2,"name":"Metoda odzyskiwania usuni\u0119tych plik\u00f3w z sformatowanego dysku twardego"}]},{"@type":"WebSite","@id":"https:\/\/datarecovery.ping.fm\/pl\/#website","url":"https:\/\/datarecovery.ping.fm\/pl\/","name":"Data Recovery Software","description":"","potentialAction":[{"@type":"SearchAction","target":{"@type":"EntryPoint","urlTemplate":"https:\/\/datarecovery.ping.fm\/pl\/?s={search_term_string}"},"query-input":"required name=search_term_string"}],"inLanguage":"pl-PL"}]}},"_links":{"self":[{"href":"https:\/\/datarecovery.ping.fm\/pl\/wp-json\/wp\/v2\/pages\/45376"}],"collection":[{"href":"https:\/\/datarecovery.ping.fm\/pl\/wp-json\/wp\/v2\/pages"}],"about":[{"href":"https:\/\/datarecovery.ping.fm\/pl\/wp-json\/wp\/v2\/types\/page"}],"replies":[{"embeddable":true,"href":"https:\/\/datarecovery.ping.fm\/pl\/wp-json\/wp\/v2\/comments?post=45376"}],"version-history":[{"count":0,"href":"https:\/\/datarecovery.ping.fm\/pl\/wp-json\/wp\/v2\/pages\/45376\/revisions"}],"wp:featuredmedia":[{"embeddable":true,"href":"https:\/\/datarecovery.ping.fm\/pl\/wp-json\/wp\/v2\/media\/45377"}],"wp:attachment":[{"href":"https:\/\/datarecovery.ping.fm\/pl\/wp-json\/wp\/v2\/media?parent=45376"}],"curies":[{"name":"wp","href":"https:\/\/api.w.org\/{rel}","templated":true}]}}