{"id":44410,"date":"2024-01-26T10:53:03","date_gmt":"2024-01-26T10:53:03","guid":{"rendered":"https:\/\/www.ping.fm\/data-recovery-software\/windows-7-recovery-software\/"},"modified":"2024-04-19T06:38:18","modified_gmt":"2024-04-19T06:38:18","slug":"windows-7-recovery-software","status":"publish","type":"page","link":"https:\/\/datarecovery.ping.fm\/pl\/windows-7-recovery-software\/","title":{"rendered":"Najlepsze programy do odzyskiwania danych dla systemu Windows 7"},"content":{"rendered":"<section>\n<h1>Najlepsze oprogramowanie do odzyskiwania danych dla Windows 7<\/h1>\n<div class=\"inbrief\">\n<div>             <img src=\"https:\/\/www.ping.fm\/data-recovery-software\/wp-content\/uploads\/ai\/Best-Data-Recovery-Software-for-Windows-7-Polish.jpg\" alt=\"Najlepsze oprogramowanie do odzyskiwania danych dla Windows 7\" title=\"Najlepsze oprogramowanie do odzyskiwania danych dla Windows 7\" width=\"1280\" height=\"720\">             <\/p>\n<p>Czy zdarzy\u0142o Ci si\u0119 kiedy\u015b odczu\u0107 to przygn\u0119biaj\u0105ce uczucie, gdy zda\u0142e\u015b sobie spraw\u0119, \u017ce przypadkowo usun\u0105\u0142e\u015b wa\u017cny plik, albo co gorsza, do\u015bwiadczy\u0142e\u015b utraty danych z powodu awarii systemu? Jako u\u017cytkownik Windows 7, prze\u017cy\u0142em to i wierz mi, to nie jest przyjemne. Ale bez obaw, jest nadzieja \u2013 oprogramowanie do odzyskiwania danych. W tym wszechstronnym przewodniku przyjrzymy si\u0119 najlepszemu oprogramowaniu do odzyskiwania danych dla Windows 7, w tym ich mo\u017cliwo\u015bciom i ograniczeniom, dopasowanym zar\u00f3wno dla pocz\u0105tkuj\u0105cych, jak i zaawansowanych u\u017cytkownik\u00f3w. Wyruszmy w podr\u00f3\u017c po odzyskanie tego, co kiedy\u015b uznano za stracone.<\/p>\n<\/div>\n<\/div>\n<\/section>\n<section>\n<div class=\"medal\">\n<div>&#129351;<\/div>\n<\/div>\n<h2><a href='https:\/\/www.cleverfiles.com\/disk-drill-windows.html' rel=\"nofollow noopener\" target='_blank'>Disk Drill (wersja 4.5)<\/a><\/h2>\n<p><img src=\"https:\/\/www.ping.fm\/data-recovery-software\/wp-content\/uploads\/ai\/https---www-cleverfiles-com-disk-drill-windows-htmlPolish.jpg\"><\/p>\n<p>Moim osobistym faworytem i, moim do\u015bwiadczeniu, najbardziej niezawodn\u0105 opcj\u0105 jest <b>Disk Drill<\/b> (wersja 4.5). Jego przyjazny dla u\u017cytkownika interfejs w po\u0142\u0105czeniu z pot\u0119\u017cnymi algorytmami skanowania sprawia, \u017ce jest doskona\u0142ym wyborem zar\u00f3wno dla pocz\u0105tkuj\u0105cych, jak i ekspert\u00f3w. U\u017cywa\u0142em Disk Drill do odzyskiwania r\u00f3\u017cnych typ\u00f3w plik\u00f3w z du\u017cym powodzeniem, co wiele m\u00f3wi o jego skuteczno\u015bci.<\/p>\n<p><a href='https:\/\/www.cleverfiles.com\/disk-drill-windows.html' rel=\"nofollow noopener\" target='_blank' class='ofWSite'>Oficjalna strona internetowa<\/a><\/p>\n<h3 class='prosTitle'>Zalety<\/h3>\n<ul class='listpc pros'>\n<li>Intuicyjny interfejs u\u017cytkownika<\/li>\n<li>Zaawansowane funkcje ochrony danych<\/li>\n<\/ul>\n<h3 class='consTitle'>Wady<\/h3>\n<ul class='listpc cons'>\n<li>Darmowa wersja ma limit odzyskiwanych danych<\/li>\n<li>Niekt\u00f3re pliki mog\u0105 by\u0107 nieodwracalnie utracone z powodu nadpisania<\/li>\n<\/ul>\n<\/section>\n<section>\n<div class=\"medal\">\n<div>&#129352;<\/div>\n<\/div>\n<h2><a href='https:\/\/www.easeus.com\/datarecoverywizard\/free-data-recovery-software.htm' rel=\"nofollow noopener\" target='_blank'>EaseUS Data Recovery Wizard<\/a><\/h2>\n<p><img src=\"https:\/\/www.ping.fm\/data-recovery-software\/wp-content\/uploads\/ai\/https---www-easeus-com-datarecoverywizard-free-data-recovery-software-htmPolish.jpg\"><\/p>\n<p>Kolejnym godnym uwagi jest <b>EaseUS Data Recovery Wizard<\/b>. Ten mocarz jest wyposa\u017cony w funkcje, kt\u00f3re skutecznie radz\u0105 sobie z r\u00f3\u017cnymi scenariuszami utraty danych. Jego wydajno\u015b\u0107 w odzyskiwaniu danych z utraconych partycji oraz przywracaniu sformatowanych dysk\u00f3w by\u0142a godna uwagi, kiedy najbardziej tego potrzebowa\u0142em.<\/p>\n<p><a href='https:\/\/www.easeus.com\/datarecoverywizard\/free-data-recovery-software.htm' rel=\"nofollow noopener\" target='_blank' class='ofWSite'>Oficjalna strona internetowa<\/a><\/p>\n<h3 class='prosTitle'>Zalety<\/h3>\n<ul class='listpc pros'>\n<li>Obs\u0142uguje szeroki zakres typ\u00f3w plik\u00f3w<\/li>\n<li>Funkcja podgl\u0105du przed odzyskiem<\/li>\n<\/ul>\n<h3 class='consTitle'>Wady<\/h3>\n<ul class='listpc cons'>\n<li>Darmowa wersja ma ograniczone mo\u017cliwo\u015bci odzyskiwania<\/li>\n<li>Pe\u0142ne odzyskiwanie mo\u017ce by\u0107 czasoch\u0142onne<\/li>\n<\/ul>\n<\/section>\n<section>\n<div class=\"medal\">\n<div>&#129353;<\/div>\n<\/div>\n<h2><a href='https:\/\/www.stellarinfo.com\/free-data-recovery.php' rel=\"nofollow noopener\" target='_blank'>Stellar Data Recovery<\/a><\/h2>\n<p><img src=\"https:\/\/www.ping.fm\/data-recovery-software\/wp-content\/uploads\/ai\/https---www-stellarinfo-com-free-data-recovery-phpPolish.jpg\"><\/p>\n<p>Program <b>Stellar Data Recovery<\/b> zrobi\u0142 na mnie du\u017ce wra\u017cenie przy odzyskiwaniu utraconych danych z mocno uszkodzonego dysku twardego. Jego zaawansowane funkcje i efektywna technologia g\u0142\u0119bokiego skanowania pozwoli\u0142y mi odzyska\u0107 prawie wszystkie moje dokumenty, o kt\u00f3rych my\u015bla\u0142em, \u017ce przepad\u0142y na zawsze.<\/p>\n<p><a href='https:\/\/www.stellarinfo.com\/free-data-recovery.php' rel=\"nofollow noopener\" target='_blank' class='ofWSite'>Oficjalna strona internetowa<\/a><\/p>\n<h3 class='prosTitle'>Zalety<\/h3>\n<ul class='listpc pros'>\n<li>Intuicyjny interfejs<\/li>\n<li>Wysoka skuteczno\u015b\u0107 odzyskiwania danych<\/li>\n<\/ul>\n<h3 class='consTitle'>Wady<\/h3>\n<ul class='listpc cons'>\n<li>Szybko\u015b\u0107 odzyskiwania mo\u017ce r\u00f3\u017cni\u0107 si\u0119 w zale\u017cno\u015bci od rozmiaru i stanu danych<\/li>\n<li>Wy\u017cszy koszt za funkce premium<\/li>\n<\/ul>\n<\/section>\n<section>\n<div class=\"no-medal\">\n<div>4<\/div>\n<\/div>\n<h2><a href='https:\/\/www.wondershare.com\/data-recovery\/' rel=\"nofollow noopener\" target='_blank'>Wondershare Recoverit<\/a><\/h2>\n<p><img src=\"https:\/\/www.ping.fm\/data-recovery-software\/wp-content\/uploads\/ai\/https---www-wondershare-com-data-recovery-Polish.jpg\"><\/p>\n<p>Z mojego do\u015bwiadczenia z <b>Wondershare Recoverit<\/b> wynika, \u017ce jest on szczeg\u00f3lnie skuteczny w odzyskiwaniu plik\u00f3w multimedialnych. Narz\u0119dzie do naprawy wideo to ratunek podczas naprawiania uszkodzonych plik\u00f3w wideo razem z procesem odzyskiwania.<\/p>\n<p><a href='https:\/\/www.wondershare.com\/data-recovery\/' rel=\"nofollow noopener\" target='_blank' class='ofWSite'>Oficjalna strona internetowa<\/a><\/p>\n<h3 class='prosTitle'>Zalety<\/h3>\n<ul class='listpc pros'>\n<li>Specjalizacja w odzyskiwaniu plik\u00f3w multimedialnych<\/li>\n<li>Zawiera narz\u0119dzie do naprawy wideo<\/li>\n<\/ul>\n<h3 class='consTitle'>Wady<\/h3>\n<ul class='listpc cons'>\n<li>Darmowa wersja jest do\u015b\u0107 ograniczona<\/li>\n<li>Z\u0142o\u017cony interfejs dla nowych u\u017cytkownik\u00f3w<\/li>\n<\/ul>\n<\/section>\n<section>\n<div class=\"no-medal\">\n<div>5<\/div>\n<\/div>\n<h2>Recuva<\/h2>\n<p><b>Recuva<\/b> to niedrogie a r\u00f3wnocze\u015bnie solidne narz\u0119dzie do odzyskiwania danych. Oferuje proste odzyskiwanie plik\u00f3w i z mojego do\u015bwiadczenia, sprawdza si\u0119 dobrze przy szybkich skanach oraz przywracaniu plik\u00f3w z kart pami\u0119ci cyfrowych aparat\u00f3w fotograficznych.<\/p>\n<h3 class='prosTitle'>Zalety<\/h3>\n<ul class='listpc pros'>\n<li>Lekki i \u0142atwy w obs\u0142udze<\/li>\n<li>Koszt-efektywny z dost\u0119pn\u0105 wersj\u0105 darmow\u0105<\/li>\n<\/ul>\n<h3 class='consTitle'>Wady<\/h3>\n<ul class='listpc cons'>\n<li>Ograniczone funkcjonalno\u015bci w por\u00f3wnaniu do bardziej zaawansowanych narz\u0119dzi<\/li>\n<li>Nie zawsze odzyskuje pliki w nienaruszonym stanie<\/li>\n<\/ul>\n<\/section>\n<section>\n<h2>Podsumowanie:<\/h2>\n<div class=\"nonp\">\n<p>Przy wyborze <b>oprogramowania do odzyskiwania danych<\/b> kluczowe jest zrozumienie technicznych aspekt\u00f3w oraz funkcjonalno\u015bci narz\u0119dzia. Niekt\u00f3re aplikacje oferuj\u0105 g\u0142\u0119bokie skanowanie i mog\u0105 odzyskiwa\u0107 pliki z ponownie sformatowanych dysk\u00f3w, podczas gdy inne lepiej sprawdzaj\u0105 si\u0119 w prostszych zadaniach, takich jak odzyskiwanie niedawno usuni\u0119tych plik\u00f3w.<\/p>\n<p>R\u00f3\u017cne rozwi\u0105zania oprogramowania wchodz\u0105 z r\u00f3\u017cnymi cenami i zestawami funkcji. Zrozumienie warto\u015bci, jak\u0105 ka\u017cde z nich wnosi w stosunku do ich kosztu, jest wa\u017cne podczas podejmowania decyzji.<\/p>\n<p>Ponadto, <b>system operacyjny Windows 7<\/b> ma specyficzne wymagania, a kompatybilno\u015b\u0107 jest kluczowym czynnikiem. Zawsze upewnij si\u0119, \u017ce wybrane oprogramowanie wspiera Windows 7. Nadchodz\u0105ce aktualizacje systemu Windows mog\u0105 wp\u0142yn\u0105\u0107 na funkcjonalno\u015b\u0107 tych rozwi\u0105za\u0144 oprogramowania, dlatego pozostanie na bie\u017c\u0105co jest niezb\u0119dne.<\/p>\n<p>Na koniec dobr\u0105 praktyk\u0105 jest zapoznanie si\u0119 z recenzjami i do\u015bwiadczeniami u\u017cytkownik\u00f3w przed wyborem narz\u0119dzia do odzyskiwania danych. Wizyta na stronie <a href='https:\/\/www.handyrecovery.com\/best-data-recovery-software-for-windows-7\/' rel=\"dofollow noopener\" target='_blank'>wi\u0119cej opcji dla Windows 7<\/a> mo\u017ce dostarczy\u0107 dodatkowych wgl\u0105d\u00f3w, Artyku\u0142 recenzuje najlepsze opcje <b>oprogramowania do odzyskiwania danych<\/b> dla <b>Windows 7<\/b>, oceniaj\u0105c ich funkcje, efektywno\u015b\u0107 i przyjazno\u015b\u0107 dla u\u017cytkownika.<\/p>\n<\/div>\n<\/section>\n","protected":false},"excerpt":{"rendered":"<p>Najlepsze oprogramowanie do odzyskiwania danych dla Windows 7 Czy zdarzy\u0142o Ci si\u0119 kiedy\u015b odczu\u0107 to przygn\u0119biaj\u0105ce uczucie, gdy zda\u0142e\u015b sobie spraw\u0119, \u017ce przypadkowo usun\u0105\u0142e\u015b wa\u017cny plik, albo co gorsza, do\u015bwiadczy\u0142e\u015b utraty danych z powodu awarii systemu? Jako u\u017cytkownik Windows 7, prze\u017cy\u0142em to i wierz mi, to nie jest przyjemne. Ale bez obaw, jest nadzieja \u2013 [&hellip;]<\/p>\n","protected":false},"author":0,"featured_media":44411,"parent":0,"menu_order":0,"comment_status":"closed","ping_status":"closed","template":"chromecast.php","meta":{"_stopmodifiedupdate":false,"_modified_date":"","_lmt_disableupdate":"","_lmt_disable":""},"acf":[],"yoast_head":"<!-- This site is optimized with the Yoast SEO plugin v20.9 - https:\/\/yoast.com\/wordpress\/plugins\/seo\/ -->\n<title>Wiod\u0105cy system odtwarzania danych dla u\u017cytkownik\u00f3w Windows 7<\/title>\n<meta name=\"robots\" content=\"index, follow, max-snippet:-1, max-image-preview:large, max-video-preview:-1\" \/>\n<link rel=\"canonical\" href=\"https:\/\/datarecovery.ping.fm\/pl\/windows-7-recovery-software\/\" \/>\n<meta property=\"og:locale\" content=\"pl_PL\" \/>\n<meta property=\"og:type\" content=\"article\" \/>\n<meta property=\"og:title\" content=\"Wiod\u0105cy system odtwarzania danych dla u\u017cytkownik\u00f3w Windows 7\" \/>\n<meta property=\"og:description\" content=\"Najlepsze oprogramowanie do odzyskiwania danych dla Windows 7 Czy zdarzy\u0142o Ci si\u0119 kiedy\u015b odczu\u0107 to przygn\u0119biaj\u0105ce uczucie, gdy zda\u0142e\u015b sobie spraw\u0119, \u017ce przypadkowo usun\u0105\u0142e\u015b wa\u017cny plik, albo co gorsza, do\u015bwiadczy\u0142e\u015b utraty danych z powodu awarii systemu? Jako u\u017cytkownik Windows 7, prze\u017cy\u0142em to i wierz mi, to nie jest przyjemne. Ale bez obaw, jest nadzieja \u2013 [&hellip;]\" \/>\n<meta property=\"og:url\" content=\"https:\/\/datarecovery.ping.fm\/pl\/windows-7-recovery-software\/\" \/>\n<meta property=\"og:site_name\" content=\"Data Recovery Software\" \/>\n<meta property=\"article:modified_time\" content=\"2024-04-19T06:38:18+00:00\" \/>\n<meta property=\"og:image\" content=\"https:\/\/datarecovery.ping.fm\/wp-content\/uploads\/2024\/04\/Best-Data-Recovery-Software-for-Windows-7-Polish.jpg\" \/>\n\t<meta property=\"og:image:width\" content=\"1280\" \/>\n\t<meta property=\"og:image:height\" content=\"731\" \/>\n\t<meta property=\"og:image:type\" content=\"image\/jpeg\" \/>\n<meta name=\"twitter:card\" content=\"summary_large_image\" \/>\n<meta name=\"twitter:label1\" content=\"Est. reading time\" \/>\n\t<meta name=\"twitter:data1\" content=\"3 minuty\" \/>\n<script type=\"application\/ld+json\" class=\"yoast-schema-graph\">{\"@context\":\"https:\/\/schema.org\",\"@graph\":[{\"@type\":\"WebPage\",\"@id\":\"https:\/\/datarecovery.ping.fm\/pl\/windows-7-recovery-software\/\",\"url\":\"https:\/\/datarecovery.ping.fm\/pl\/windows-7-recovery-software\/\",\"name\":\"Wiod\u0105cy system odtwarzania danych dla u\u017cytkownik\u00f3w Windows 7\",\"isPartOf\":{\"@id\":\"https:\/\/datarecovery.ping.fm\/pl\/#website\"},\"datePublished\":\"2024-01-26T10:53:03+00:00\",\"dateModified\":\"2024-04-19T06:38:18+00:00\",\"breadcrumb\":{\"@id\":\"https:\/\/datarecovery.ping.fm\/pl\/windows-7-recovery-software\/#breadcrumb\"},\"inLanguage\":\"pl-PL\",\"potentialAction\":[{\"@type\":\"ReadAction\",\"target\":[\"https:\/\/datarecovery.ping.fm\/pl\/windows-7-recovery-software\/\"]}]},{\"@type\":\"BreadcrumbList\",\"@id\":\"https:\/\/datarecovery.ping.fm\/pl\/windows-7-recovery-software\/#breadcrumb\",\"itemListElement\":[{\"@type\":\"ListItem\",\"position\":1,\"name\":\"Home\",\"item\":\"https:\/\/datarecovery.ping.fm\/pl\/\"},{\"@type\":\"ListItem\",\"position\":2,\"name\":\"Najlepsze programy do odzyskiwania danych dla systemu Windows 7\"}]},{\"@type\":\"WebSite\",\"@id\":\"https:\/\/datarecovery.ping.fm\/pl\/#website\",\"url\":\"https:\/\/datarecovery.ping.fm\/pl\/\",\"name\":\"Data Recovery Software\",\"description\":\"\",\"potentialAction\":[{\"@type\":\"SearchAction\",\"target\":{\"@type\":\"EntryPoint\",\"urlTemplate\":\"https:\/\/datarecovery.ping.fm\/pl\/?s={search_term_string}\"},\"query-input\":\"required name=search_term_string\"}],\"inLanguage\":\"pl-PL\"}]}<\/script>\n<!-- \/ Yoast SEO plugin. -->","yoast_head_json":{"title":"Wiod\u0105cy system odtwarzania danych dla u\u017cytkownik\u00f3w Windows 7","robots":{"index":"index","follow":"follow","max-snippet":"max-snippet:-1","max-image-preview":"max-image-preview:large","max-video-preview":"max-video-preview:-1"},"canonical":"https:\/\/datarecovery.ping.fm\/pl\/windows-7-recovery-software\/","og_locale":"pl_PL","og_type":"article","og_title":"Wiod\u0105cy system odtwarzania danych dla u\u017cytkownik\u00f3w Windows 7","og_description":"Najlepsze oprogramowanie do odzyskiwania danych dla Windows 7 Czy zdarzy\u0142o Ci si\u0119 kiedy\u015b odczu\u0107 to przygn\u0119biaj\u0105ce uczucie, gdy zda\u0142e\u015b sobie spraw\u0119, \u017ce przypadkowo usun\u0105\u0142e\u015b wa\u017cny plik, albo co gorsza, do\u015bwiadczy\u0142e\u015b utraty danych z powodu awarii systemu? Jako u\u017cytkownik Windows 7, prze\u017cy\u0142em to i wierz mi, to nie jest przyjemne. Ale bez obaw, jest nadzieja \u2013 [&hellip;]","og_url":"https:\/\/datarecovery.ping.fm\/pl\/windows-7-recovery-software\/","og_site_name":"Data Recovery Software","article_modified_time":"2024-04-19T06:38:18+00:00","og_image":[{"width":1280,"height":731,"url":"https:\/\/datarecovery.ping.fm\/wp-content\/uploads\/2024\/04\/Best-Data-Recovery-Software-for-Windows-7-Polish.jpg","type":"image\/jpeg"}],"twitter_card":"summary_large_image","twitter_misc":{"Est. reading time":"3 minuty"},"schema":{"@context":"https:\/\/schema.org","@graph":[{"@type":"WebPage","@id":"https:\/\/datarecovery.ping.fm\/pl\/windows-7-recovery-software\/","url":"https:\/\/datarecovery.ping.fm\/pl\/windows-7-recovery-software\/","name":"Wiod\u0105cy system odtwarzania danych dla u\u017cytkownik\u00f3w Windows 7","isPartOf":{"@id":"https:\/\/datarecovery.ping.fm\/pl\/#website"},"datePublished":"2024-01-26T10:53:03+00:00","dateModified":"2024-04-19T06:38:18+00:00","breadcrumb":{"@id":"https:\/\/datarecovery.ping.fm\/pl\/windows-7-recovery-software\/#breadcrumb"},"inLanguage":"pl-PL","potentialAction":[{"@type":"ReadAction","target":["https:\/\/datarecovery.ping.fm\/pl\/windows-7-recovery-software\/"]}]},{"@type":"BreadcrumbList","@id":"https:\/\/datarecovery.ping.fm\/pl\/windows-7-recovery-software\/#breadcrumb","itemListElement":[{"@type":"ListItem","position":1,"name":"Home","item":"https:\/\/datarecovery.ping.fm\/pl\/"},{"@type":"ListItem","position":2,"name":"Najlepsze programy do odzyskiwania danych dla systemu Windows 7"}]},{"@type":"WebSite","@id":"https:\/\/datarecovery.ping.fm\/pl\/#website","url":"https:\/\/datarecovery.ping.fm\/pl\/","name":"Data Recovery Software","description":"","potentialAction":[{"@type":"SearchAction","target":{"@type":"EntryPoint","urlTemplate":"https:\/\/datarecovery.ping.fm\/pl\/?s={search_term_string}"},"query-input":"required name=search_term_string"}],"inLanguage":"pl-PL"}]}},"_links":{"self":[{"href":"https:\/\/datarecovery.ping.fm\/pl\/wp-json\/wp\/v2\/pages\/44410"}],"collection":[{"href":"https:\/\/datarecovery.ping.fm\/pl\/wp-json\/wp\/v2\/pages"}],"about":[{"href":"https:\/\/datarecovery.ping.fm\/pl\/wp-json\/wp\/v2\/types\/page"}],"replies":[{"embeddable":true,"href":"https:\/\/datarecovery.ping.fm\/pl\/wp-json\/wp\/v2\/comments?post=44410"}],"version-history":[{"count":0,"href":"https:\/\/datarecovery.ping.fm\/pl\/wp-json\/wp\/v2\/pages\/44410\/revisions"}],"wp:featuredmedia":[{"embeddable":true,"href":"https:\/\/datarecovery.ping.fm\/pl\/wp-json\/wp\/v2\/media\/44411"}],"wp:attachment":[{"href":"https:\/\/datarecovery.ping.fm\/pl\/wp-json\/wp\/v2\/media?parent=44410"}],"curies":[{"name":"wp","href":"https:\/\/api.w.org\/{rel}","templated":true}]}}