{"id":44002,"date":"2024-02-22T06:28:29","date_gmt":"2024-02-22T06:28:29","guid":{"rendered":"https:\/\/www.ping.fm\/data-recovery-software\/hard-drive-repair-software\/"},"modified":"2024-04-23T08:01:52","modified_gmt":"2024-04-23T08:01:52","slug":"hard-drive-repair-software","status":"publish","type":"page","link":"https:\/\/datarecovery.ping.fm\/pl\/hard-drive-repair-software\/","title":{"rendered":"Oprogramowanie lidera w dziedzinie odzyskiwania danych z dysku twardego w 2024 roku"},"content":{"rendered":"<section>\n<h1>Najlepsze oprogramowanie do naprawy dysk\u00f3w twardych w 2024 roku<\/h1>\n<div class=\"inbrief\">\n<div>                     <img src=\"https:\/\/www.ping.fm\/data-recovery-software\/wp-content\/uploads\/ai\/Best-Hard-Drive-Repair-Software-to-Use-in-2024-Polish.jpg\" alt=\"Najlepsze oprogramowanie do naprawy dysk\u00f3w twardych w 2024 roku\" title=\"Najlepsze oprogramowanie do naprawy dysk\u00f3w twardych w 2024 roku\" width=\"1280\" height=\"720\">                     <\/p>\n<p>Niewiele jest tak zniech\u0119caj\u0105cych rzeczy dla u\u017cytkownik\u00f3w komputer\u00f3w jak perspektywa awarii dysku twardego. Czy to przera\u017caj\u0105ce &#8222;klikni\u0119cie \u015bmierci&#8221;, czy tajemniczy komunikat o b\u0142\u0119dzie, uszkodzony dysk twardy mo\u017ce wydawa\u0107 si\u0119 problemem nie do pokonania. Na szcz\u0119\u015bcie dost\u0119pna jest ca\u0142a masa narz\u0119dzi do naprawy dysk\u00f3w twardych, kt\u00f3re mog\u0105 pom\u00f3c uratowa\u0107 Twoje dane i potencjalnie przed\u0142u\u017cy\u0107 \u017cycie dysku. W tym artykule przeprowadzimy Ci\u0119 przez niekt\u00f3re z najlepszych narz\u0119dzi do naprawy dysk\u00f3w twardych dost\u0119pnych na rynku. Zag\u0142\u0119bmy si\u0119 w ten niezb\u0119dny zestaw narz\u0119dzi dla ka\u017cdego cyfrowego \u015brodku ratunkowego.<\/p>\n<\/div>\n<\/div>\n<\/section>\n<section>\n<div class=\"medal\">\n<div>&#129351;<\/div>\n<\/div>\n<h2><a href='https:\/\/www.cleverfiles.com\/' rel=\"nofollow noopener\" target='_blank'>Disk Drill<\/a><\/h2>\n<p><img src=\"https:\/\/www.ping.fm\/data-recovery-software\/wp-content\/uploads\/ai\/https---www-cleverfiles-com-Polish.jpg\" alt=\"Zrzut ekranu https:\/\/www.cleverfiles.com\/\" width=\"1280\" height=\"720\"><\/p>\n<p>Osobi\u015bcie nawiguj\u0105c po burzliwych wodach utraty danych, znalaz\u0142em ratunek w <b>Disk Drill<\/b>, wszechstronnym narz\u0119dziu zaprojektowanym do <b>odzyskiwania danych<\/b> i analizy dysk\u00f3w twardych. Jego przyjazny dla u\u017cytkownika interfejs upraszcza proces odzyskiwania, czyni\u0105c go dost\u0119pnym zar\u00f3wno dla pocz\u0105tkuj\u0105cych, jak i ekspert\u00f3w. Pakiet funkcji Disk Drill wykracza poza odzyskiwanie danych i oferuje narz\u0119dzia do <b>ochrony danych<\/b> takie jak Recovery Vault i kopie zapasowe dysku.<\/p>\n<p><a href='https:\/\/www.cleverfiles.com\/' rel=\"nofollow noopener\" target='_blank' class='ofWSite'>Oficjalna strona internetowa<\/a><\/p>\n<h3 class='prosTitle'>Zalety<\/h3>\n<ul class='listpc pros'>\n<li>Intuicyjny interfejs u\u017cytkownika<\/li>\n<li>Mocne algorytmy skanowania<\/li>\n<\/ul>\n<h3 class='consTitle'>Wady<\/h3>\n<ul class='listpc cons'>\n<li>Darmowa wersja ma ograniczenia co do odzyskiwania danych<\/li>\n<li>Zaawansowane funkcje dost\u0119pne s\u0105 w wersji premium<\/li>\n<\/ul>\n<\/section>\n<section>\n<div class=\"medal\">\n<div>&#129352;<\/div>\n<\/div>\n<h2><a href='https:\/\/www.cgsecurity.org\/wiki\/TestDisk' rel=\"nofollow noopener\" target='_blank'>TestDisk<\/a><\/h2>\n<p><img src=\"https:\/\/www.ping.fm\/data-recovery-software\/wp-content\/uploads\/ai\/https---www-cgsecurity-org-wiki-TestDiskPolish.jpg\" alt=\"Zrzut ekranu https:\/\/www.cgsecurity.org\/wiki\/TestDisk\" width=\"1280\" height=\"720\"><\/p>\n<p><b>TestDisk<\/b> to pot\u0119ga, je\u015bli chodzi o odzyskiwanie utraconych partycji i naprawianie dysk\u00f3w rozruchowych, kt\u00f3re odmawiaj\u0105 uruchomienia. To narz\u0119dzie open-source cieszy si\u0119 szacunkiem w\u015br\u00f3d zagorza\u0142ych entuzjast\u00f3w technologii za swoje g\u0142\u0119bokie funkcje. Mimo \u017ce dzia\u0142a za po\u015brednictwem interfejsu wiersza polece\u0144, co mo\u017ce by\u0107 zniech\u0119caj\u0105ce dla niekt\u00f3rych, jego skuteczno\u015b\u0107 w odzyskiwaniu tabel partycji i naprawie system\u00f3w plik\u00f3w jest niezaprzeczalna.<\/p>\n<p><a href='https:\/\/www.cgsecurity.org\/wiki\/TestDisk' rel=\"nofollow noopener\" target='_blank' class='ofWSite'>Oficjalna strona internetowa<\/a><\/p>\n<h3 class='prosTitle'>Zalety<\/h3>\n<ul class='listpc pros'>\n<li>Mo\u017cliwo\u015b\u0107 odzyskania utraconych partycji<\/li>\n<li>Open-source z cz\u0119stymi aktualizacjami<\/li>\n<\/ul>\n<h3 class='consTitle'>Wady<\/h3>\n<ul class='listpc cons'>\n<li>Interfejs wiersza polece\u0144 mo\u017ce stanowi\u0107 wyzwanie dla niekt\u00f3rych u\u017cytkownik\u00f3w<\/li>\n<li>Brak graficznego interfejsu u\u017cytkownika<\/li>\n<\/ul>\n<\/section>\n<section>\n<div class=\"medal\">\n<div>&#129353;<\/div>\n<\/div>\n<h2>GParted<\/h2>\n<p>Aplikacja <b>GParted<\/b> to darmowy, otwarto\u017ar\u00f3d\u0142owy edytor partycji, kt\u00f3ry doskonale sprawdza si\u0119 w zmianie rozmiar\u00f3w, kopiowaniu i przenoszeniu partycji bez utraty danych. Obs\u0142uguje r\u00f3\u017cne systemy plik\u00f3w i cz\u0119sto jest u\u017cywany do zarz\u0105dzania przestrzeni\u0105 dyskow\u0105 na dysku twardym. Dzi\u0119ki prostemu graficznemu interfejsowi u\u017cytkownika, GParted mo\u017ce by\u0107 uruchamiany z no\u015bnika USB typu live, co czyni go przeno\u015bnym i elastycznym narz\u0119dziem do zarz\u0105dzania dyskiem.<\/p>\n<h3 class='prosTitle'>Zalety<\/h3>\n<ul class='listpc pros'>\n<li>Obs\u0142uga szerokiej gamy system\u00f3w plik\u00f3w<\/li>\n<li>Graficzny interfejs u\u017cytkownika<\/li>\n<\/ul>\n<h3 class='consTitle'>Wady<\/h3>\n<ul class='listpc cons'>\n<li>Mo\u017ce nie radzi\u0107 sobie ze skomplikowanymi scenariuszami odzyskiwania danych<\/li>\n<li>Skomplikowane opcje dla pocz\u0105tkuj\u0105cych u\u017cytkownik\u00f3w<\/li>\n<\/ul>\n<\/section>\n<section>\n<div class=\"no-medal\">\n<div>4<\/div>\n<\/div>\n<h2><a href='https:\/\/hddscan.com\/' rel=\"nofollow noopener\" target='_blank'>HDDScan<\/a><\/h2>\n<p><img src=\"https:\/\/www.ping.fm\/data-recovery-software\/wp-content\/uploads\/ai\/https---hddscan.com-.jpg\" alt=\"https:\/\/hddscan.com\/ screenshot\" width=\"1280\" height=\"720\"><\/p>\n<p><b>HDDScan<\/b> to darmowe oprogramowanie do diagnostyki dysku twardego. Oferuje szereg test\u00f3w, kt\u00f3re mog\u0105 by\u0107 wykorzystane do sprawdzania z\u0142ych sektor\u00f3w, monitorowania atrybut\u00f3w SMART oraz przeprowadzania nisko-poziomowego benchmarkingu. Szczeg\u00f3lnie przydatna jest mo\u017cliwo\u015b\u0107 wykonywania tych diagnostyk bez konieczno\u015bci usuwania danych z dysku \u2013 co jest krytyczne, gdy staramy si\u0119 unikn\u0105\u0107 dalszej utraty danych.<\/p>\n<p><a href='https:\/\/hddscan.com\/' rel=\"nofollow noopener\" target='_blank' class='ofWSite'>Oficjalna strona<\/a><\/p>\n<h3 class='prosTitle'>Zalety<\/h3>\n<ul class='listpc pros'>\n<li>Brak potrzeby instalacji (przeno\u015bne)<\/li>\n<li>Szczeg\u00f3\u0142owe raporty stanu dysku<\/li>\n<\/ul>\n<h3 class='consTitle'>Wady<\/h3>\n<ul class='listpc cons'>\n<li>Interfejs u\u017cytkownika mo\u017ce by\u0107 skomplikowany dla pocz\u0105tkuj\u0105cych<\/li>\n<li>Ograniczone mo\u017cliwo\u015bci naprawy<\/li>\n<\/ul>\n<\/section>\n<section>\n<div class=\"no-medal\">\n<div>5<\/div>\n<\/div>\n<h2><a href='https:\/\/www.crystalmark.info\/en\/software\/crystaldiskinfo\/' rel=\"nofollow noopener\" target='_blank'>CrystalDiskInfo<\/a><\/h2>\n<p><img src=\"https:\/\/www.ping.fm\/data-recovery-software\/wp-content\/uploads\/ai\/https---www-crystalmark-info-en-software-crystaldiskinfo-Polish.jpg\" alt=\"https:\/\/www.crystalmark.info\/en\/software\/crystaldiskinfo\/ screenshot\" width=\"1280\" height=\"720\"><\/p>\n<p>Monitoruj\u0105c stan dysku twardego, <b>CrystalDiskInfo<\/b> jest sta\u0142ym elementem mojego zestawu narz\u0119dzi. Jest to darmowe narz\u0119dzie, kt\u00f3re umo\u017cliwia \u015bledzenie informacji SMART dysku twardego, stanowi\u0105c wczesny system ostrzegawczy przed potencjalnymi awariami dysku. Dzi\u0119ki monitorowaniu w czasie rzeczywistym i alertom, CrystalDiskInfo pozwala u\u017cytkownikom na proaktywne zabezpieczanie danych.<\/p>\n<p><a href='https:\/\/www.crystalmark.info\/en\/software\/crystaldiskinfo\/' rel=\"nofollow noopener\" target='_blank' class='ofWSite'>Oficjalna strona<\/a><\/p>\n<h3 class='prosTitle'>Zalety<\/h3>\n<ul class='listpc pros'>\n<li>Monitorowanie SMART w czasie rzeczywistym<\/li>\n<li>Przyjazny interfejs u\u017cytkownika<\/li>\n<\/ul>\n<h3 class='consTitle'>Wady<\/h3>\n<ul class='listpc cons'>\n<li>Ograniczone do monitorowania (brak opcji naprawy)<\/li>\n<li>Reklamy w darmowej wersji<\/li>\n<\/ul>\n<\/section>\n<section>\n<h2>Wnioski:<\/h2>\n<div class=\"nonp\">\n<p>Utrzymanie dysku twardego w dobrym zdrowiu i zapewnienie bezpiecze\u0144stwa danych to proces ci\u0105g\u0142y. Opr\u00f3cz u\u017cywania narz\u0119dzi naprawczych, wypracuj nawyk <b>regularnej konserwacji<\/b>, na przyk\u0142ad poprzez okresowe sprawdzanie b\u0142\u0119d\u00f3w dysku przy u\u017cyciu narz\u0119dzi wbudowanych takich jak <b>CHKDSK<\/b> w systemie Windows czy <b>Disk Utility<\/b> w macOS. Chocia\u017c \u015brodki zapobiegawcze s\u0105 podstawowe, czasami nieuniknione jest odzyskiwanie danych. W takich przypadkach istotne jest zrozumienie mo\u017cliwo\u015bci i ogranicze\u0144 narz\u0119dzi naprawczych. Dzia\u0142ania ratunkowe z u\u017cyciem oprogramowania nale\u017cy podj\u0105\u0107 przed zwr\u00f3ceniem si\u0119 o pomoc do profesjonalnych us\u0142ug, kt\u00f3re mog\u0105 by\u0107 drogie i nie zawsze niezb\u0119dne. Artyku\u0142y z serwis\u00f3w takich jak <a href='https:\/\/www.techradar.com\/' rel=\"nofollow noopener\" target='_blank'>TechRadar<\/a> oraz <a href='https:\/\/www.pcworld.com\/' rel=\"nofollow noopener\" target='_blank'>PCWorld<\/a> okaza\u0142y si\u0119 pomocne w \u015bledzeniu najnowszych narz\u0119dzi i technik.<\/p>\n<\/div>\n<\/section>\n","protected":false},"excerpt":{"rendered":"<p>Najlepsze oprogramowanie do naprawy dysk\u00f3w twardych w 2024 roku Niewiele jest tak zniech\u0119caj\u0105cych rzeczy dla u\u017cytkownik\u00f3w komputer\u00f3w jak perspektywa awarii dysku twardego. Czy to przera\u017caj\u0105ce &#8222;klikni\u0119cie \u015bmierci&#8221;, czy tajemniczy komunikat o b\u0142\u0119dzie, uszkodzony dysk twardy mo\u017ce wydawa\u0107 si\u0119 problemem nie do pokonania. Na szcz\u0119\u015bcie dost\u0119pna jest ca\u0142a masa narz\u0119dzi do naprawy dysk\u00f3w twardych, kt\u00f3re mog\u0105 [&hellip;]<\/p>\n","protected":false},"author":0,"featured_media":44929,"parent":0,"menu_order":0,"comment_status":"closed","ping_status":"closed","template":"chromecast.php","meta":{"_stopmodifiedupdate":false,"_modified_date":"","_lmt_disableupdate":"","_lmt_disable":""},"acf":[],"yoast_head":"<!-- This site is optimized with the Yoast SEO plugin v20.9 - https:\/\/yoast.com\/wordpress\/plugins\/seo\/ -->\n<title>Oprogramowanie do naprawy przeno\u015bnych dysk\u00f3w twardych 2024 | Ocena<\/title>\n<meta name=\"robots\" content=\"index, follow, max-snippet:-1, max-image-preview:large, max-video-preview:-1\" \/>\n<link rel=\"canonical\" href=\"https:\/\/datarecovery.ping.fm\/pl\/hard-drive-repair-software\/\" \/>\n<meta property=\"og:locale\" content=\"pl_PL\" \/>\n<meta property=\"og:type\" content=\"article\" \/>\n<meta property=\"og:title\" content=\"Oprogramowanie do naprawy przeno\u015bnych dysk\u00f3w twardych 2024 | Ocena\" \/>\n<meta property=\"og:description\" content=\"Najlepsze oprogramowanie do naprawy dysk\u00f3w twardych w 2024 roku Niewiele jest tak zniech\u0119caj\u0105cych rzeczy dla u\u017cytkownik\u00f3w komputer\u00f3w jak perspektywa awarii dysku twardego. Czy to przera\u017caj\u0105ce &#8222;klikni\u0119cie \u015bmierci&#8221;, czy tajemniczy komunikat o b\u0142\u0119dzie, uszkodzony dysk twardy mo\u017ce wydawa\u0107 si\u0119 problemem nie do pokonania. Na szcz\u0119\u015bcie dost\u0119pna jest ca\u0142a masa narz\u0119dzi do naprawy dysk\u00f3w twardych, kt\u00f3re mog\u0105 [&hellip;]\" \/>\n<meta property=\"og:url\" content=\"https:\/\/datarecovery.ping.fm\/pl\/hard-drive-repair-software\/\" \/>\n<meta property=\"og:site_name\" content=\"Data Recovery Software\" \/>\n<meta property=\"article:modified_time\" content=\"2024-04-23T08:01:52+00:00\" \/>\n<meta property=\"og:image\" content=\"https:\/\/datarecovery.ping.fm\/wp-content\/uploads\/2024\/04\/Best-Hard-Drive-Repair-Software-to-Use-in-2024-Polish-1.jpg\" \/>\n\t<meta property=\"og:image:width\" content=\"1280\" \/>\n\t<meta property=\"og:image:height\" content=\"731\" \/>\n\t<meta property=\"og:image:type\" content=\"image\/jpeg\" \/>\n<meta name=\"twitter:card\" content=\"summary_large_image\" \/>\n<meta name=\"twitter:label1\" content=\"Est. reading time\" \/>\n\t<meta name=\"twitter:data1\" content=\"4 minuty\" \/>\n<script type=\"application\/ld+json\" class=\"yoast-schema-graph\">{\"@context\":\"https:\/\/schema.org\",\"@graph\":[{\"@type\":\"WebPage\",\"@id\":\"https:\/\/datarecovery.ping.fm\/pl\/hard-drive-repair-software\/\",\"url\":\"https:\/\/datarecovery.ping.fm\/pl\/hard-drive-repair-software\/\",\"name\":\"Oprogramowanie do naprawy przeno\u015bnych dysk\u00f3w twardych 2024 | Ocena\",\"isPartOf\":{\"@id\":\"https:\/\/datarecovery.ping.fm\/pl\/#website\"},\"datePublished\":\"2024-02-22T06:28:29+00:00\",\"dateModified\":\"2024-04-23T08:01:52+00:00\",\"breadcrumb\":{\"@id\":\"https:\/\/datarecovery.ping.fm\/pl\/hard-drive-repair-software\/#breadcrumb\"},\"inLanguage\":\"pl-PL\",\"potentialAction\":[{\"@type\":\"ReadAction\",\"target\":[\"https:\/\/datarecovery.ping.fm\/pl\/hard-drive-repair-software\/\"]}]},{\"@type\":\"BreadcrumbList\",\"@id\":\"https:\/\/datarecovery.ping.fm\/pl\/hard-drive-repair-software\/#breadcrumb\",\"itemListElement\":[{\"@type\":\"ListItem\",\"position\":1,\"name\":\"Home\",\"item\":\"https:\/\/datarecovery.ping.fm\/pl\/\"},{\"@type\":\"ListItem\",\"position\":2,\"name\":\"Oprogramowanie lidera w dziedzinie odzyskiwania danych z dysku twardego w 2024 roku\"}]},{\"@type\":\"WebSite\",\"@id\":\"https:\/\/datarecovery.ping.fm\/pl\/#website\",\"url\":\"https:\/\/datarecovery.ping.fm\/pl\/\",\"name\":\"Data Recovery Software\",\"description\":\"\",\"potentialAction\":[{\"@type\":\"SearchAction\",\"target\":{\"@type\":\"EntryPoint\",\"urlTemplate\":\"https:\/\/datarecovery.ping.fm\/pl\/?s={search_term_string}\"},\"query-input\":\"required name=search_term_string\"}],\"inLanguage\":\"pl-PL\"}]}<\/script>\n<!-- \/ Yoast SEO plugin. -->","yoast_head_json":{"title":"Oprogramowanie do naprawy przeno\u015bnych dysk\u00f3w twardych 2024 | Ocena","robots":{"index":"index","follow":"follow","max-snippet":"max-snippet:-1","max-image-preview":"max-image-preview:large","max-video-preview":"max-video-preview:-1"},"canonical":"https:\/\/datarecovery.ping.fm\/pl\/hard-drive-repair-software\/","og_locale":"pl_PL","og_type":"article","og_title":"Oprogramowanie do naprawy przeno\u015bnych dysk\u00f3w twardych 2024 | Ocena","og_description":"Najlepsze oprogramowanie do naprawy dysk\u00f3w twardych w 2024 roku Niewiele jest tak zniech\u0119caj\u0105cych rzeczy dla u\u017cytkownik\u00f3w komputer\u00f3w jak perspektywa awarii dysku twardego. Czy to przera\u017caj\u0105ce &#8222;klikni\u0119cie \u015bmierci&#8221;, czy tajemniczy komunikat o b\u0142\u0119dzie, uszkodzony dysk twardy mo\u017ce wydawa\u0107 si\u0119 problemem nie do pokonania. Na szcz\u0119\u015bcie dost\u0119pna jest ca\u0142a masa narz\u0119dzi do naprawy dysk\u00f3w twardych, kt\u00f3re mog\u0105 [&hellip;]","og_url":"https:\/\/datarecovery.ping.fm\/pl\/hard-drive-repair-software\/","og_site_name":"Data Recovery Software","article_modified_time":"2024-04-23T08:01:52+00:00","og_image":[{"width":1280,"height":731,"url":"https:\/\/datarecovery.ping.fm\/wp-content\/uploads\/2024\/04\/Best-Hard-Drive-Repair-Software-to-Use-in-2024-Polish-1.jpg","type":"image\/jpeg"}],"twitter_card":"summary_large_image","twitter_misc":{"Est. reading time":"4 minuty"},"schema":{"@context":"https:\/\/schema.org","@graph":[{"@type":"WebPage","@id":"https:\/\/datarecovery.ping.fm\/pl\/hard-drive-repair-software\/","url":"https:\/\/datarecovery.ping.fm\/pl\/hard-drive-repair-software\/","name":"Oprogramowanie do naprawy przeno\u015bnych dysk\u00f3w twardych 2024 | Ocena","isPartOf":{"@id":"https:\/\/datarecovery.ping.fm\/pl\/#website"},"datePublished":"2024-02-22T06:28:29+00:00","dateModified":"2024-04-23T08:01:52+00:00","breadcrumb":{"@id":"https:\/\/datarecovery.ping.fm\/pl\/hard-drive-repair-software\/#breadcrumb"},"inLanguage":"pl-PL","potentialAction":[{"@type":"ReadAction","target":["https:\/\/datarecovery.ping.fm\/pl\/hard-drive-repair-software\/"]}]},{"@type":"BreadcrumbList","@id":"https:\/\/datarecovery.ping.fm\/pl\/hard-drive-repair-software\/#breadcrumb","itemListElement":[{"@type":"ListItem","position":1,"name":"Home","item":"https:\/\/datarecovery.ping.fm\/pl\/"},{"@type":"ListItem","position":2,"name":"Oprogramowanie lidera w dziedzinie odzyskiwania danych z dysku twardego w 2024 roku"}]},{"@type":"WebSite","@id":"https:\/\/datarecovery.ping.fm\/pl\/#website","url":"https:\/\/datarecovery.ping.fm\/pl\/","name":"Data Recovery Software","description":"","potentialAction":[{"@type":"SearchAction","target":{"@type":"EntryPoint","urlTemplate":"https:\/\/datarecovery.ping.fm\/pl\/?s={search_term_string}"},"query-input":"required name=search_term_string"}],"inLanguage":"pl-PL"}]}},"_links":{"self":[{"href":"https:\/\/datarecovery.ping.fm\/pl\/wp-json\/wp\/v2\/pages\/44002"}],"collection":[{"href":"https:\/\/datarecovery.ping.fm\/pl\/wp-json\/wp\/v2\/pages"}],"about":[{"href":"https:\/\/datarecovery.ping.fm\/pl\/wp-json\/wp\/v2\/types\/page"}],"replies":[{"embeddable":true,"href":"https:\/\/datarecovery.ping.fm\/pl\/wp-json\/wp\/v2\/comments?post=44002"}],"version-history":[{"count":0,"href":"https:\/\/datarecovery.ping.fm\/pl\/wp-json\/wp\/v2\/pages\/44002\/revisions"}],"wp:featuredmedia":[{"embeddable":true,"href":"https:\/\/datarecovery.ping.fm\/pl\/wp-json\/wp\/v2\/media\/44929"}],"wp:attachment":[{"href":"https:\/\/datarecovery.ping.fm\/pl\/wp-json\/wp\/v2\/media?parent=44002"}],"curies":[{"name":"wp","href":"https:\/\/api.w.org\/{rel}","templated":true}]}}