{"id":43186,"date":"2024-01-25T06:37:32","date_gmt":"2024-01-25T06:37:32","guid":{"rendered":"https:\/\/www.ping.fm\/data-recovery-software\/unallocated-hard-drive\/"},"modified":"2024-04-17T08:27:02","modified_gmt":"2024-04-17T08:27:02","slug":"unallocated-hard-drive","status":"publish","type":"page","link":"https:\/\/datarecovery.ping.fm\/pl\/unallocated-hard-drive\/","title":{"rendered":"Co to jest nieprzydzielone miejsce na dysku twardym i jak mo\u017cna to naprawi\u0107?"},"content":{"rendered":"<section>\n<h1>Co to jest nieprzydzielony dysk twardy i jak to naprawi\u0107<\/h1>\n<div class=\"inbrief\">\n<div>             <img src=\"https:\/\/www.ping.fm\/data-recovery-software\/wp-content\/uploads\/ai\/What-is-an-Unallocated-Hard-Drive-and-How-to-Fix-It-Polish.jpg\" alt=\"Co to jest nieprzydzielony dysk twardy i jak to naprawi\u0107\" title=\"Co to jest nieprzydzielony dysk twardy i jak to naprawi\u0107\" width=\"1280\" height=\"720\">             <\/p>\n<p>Poruszanie si\u0119 po \u015bwiecie zarz\u0105dzania dyskiem twardym mo\u017ce by\u0107 jak p\u0142yni\u0119cie przez m\u0119tne wody dla os\u00f3b nieobeznanych. Ostatnio napotka\u0142em sytuacj\u0119, w kt\u00f3rej cz\u0119\u015b\u0107 mojego dysku twardego pojawi\u0142a si\u0119 jako nieprzydzielona w Zarz\u0105dzaniu Dyskami. Wszystko to zgubi\u0142o w przestrzeni by\u0142o zagadkowe, delikatnie m\u00f3wi\u0105c. To sk\u0142oni\u0142o mnie do zbadania r\u00f3\u017cnych taktyk w celu rozwi\u0105zania problemu. Gdy urz\u0105dzenie pami\u0119ci masowej pokazuje nieprzydzielone miejsce, zazwyczaj oznacza to, \u017ce miejsce nie zosta\u0142o sformatowane ani nie zosta\u0142o podzielone na partycje i w zwi\u0105zku z tym nie jest gotowe na przechowywanie danych. Tutaj pokieruj\u0119 Ci\u0119, jak <b>odzyska\u0107<\/b> lub <a href='https:\/\/7datarecovery.com\/blog\/unallocated-hard-drive\/' rel=\"dofollow noopener\" target='_blank'>naprawi\u0107 nieprzydzielony dysk twardy<\/a> na Windows i wykorzysta\u0107 w pe\u0142ni sw\u00f3j HDD lub SSD.<\/p>\n<\/div>\n<\/div>\n<\/section>\n<section>\n<div>\n<div>1<\/div>\n<h2>Typowe scenariusze:<\/h2>\n<\/div>\n<h3>Przypadkowe usuni\u0119cie partycji &#128465;<\/h3>\n<ul>\n<li>Podczas pr\u00f3by <b>zmiany rozmiaru<\/b> lub repartycjonowania dysku, czasami mo\u017cesz przypadkowo <b>usun\u0105\u0107<\/b> istniej\u0105ce partycje.<\/li>\n<li><b>B\u0142\u0119dy oprogramowania<\/b> lub przerwy w dzia\u0142aniu podczas operacji z partycjami mog\u0105 spowodowa\u0107 utrat\u0119 informacji o partycji.<\/li>\n<li>Korzystanie z narz\u0119dzi do zarz\u0105dzania partycjami innych firm, kt\u00f3re wykonuj\u0105 niew\u0142a\u015bciwe operacje, mo\u017ce prowadzi\u0107 do <b>nieprzydzielonej przestrzeni na dysku twardym<\/b>.<\/li>\n<\/ul>\n<h3>Pomy\u0142ki podczas aktualizacji i klonowania dysku &#9877;<\/h3>\n<ul>\n<li>Je\u015bli aktualizujesz dysk na wi\u0119kszy i u\u017cywasz oprogramowania do klonowania niepoprawnie, mo\u017cesz sko\u0144czy\u0107 z <b>nieprzydzielon\u0105 przestrzeni\u0105<\/b>.<\/li>\n<li>Wybranie nieprawid\u0142owych opcji podczas procesu klonowania mo\u017ce skutkowa\u0107 tym, \u017ce nowy dysk nie wykorzysta ca\u0142ej dost\u0119pnej przestrzeni, prowadz\u0105c do <b>nieprzydzielonych sektor\u00f3w<\/b>.<\/li>\n<\/ul>\n<h3>Zamieszanie przy pocz\u0105tkowym ustawianiu dysku twardego &#129300;<\/h3>\n<ul>\n<li>Pocz\u0105tkowe inicjowanie nowego dysku twardego mo\u017ce prowadzi\u0107 do <b>nieprzydzielonej<\/b> przestrzeni, je\u015bli partycjonowanie nie jest wykonane poprawnie.<\/li>\n<li>Opuszczenie wa\u017cnych krok\u00f3w podczas procesu <b>konfiguracji<\/b> mo\u017ce sprawi\u0107, \u017ce dysk nie b\u0119dzie wy\u015bwietlany ani dzia\u0142a\u0142 zgodnie z oczekiwaniami.<\/li>\n<\/ul>\n<\/section>\n<section class=\"stepByStep\">\n<div>\n<div>2<\/div>\n<h2>Przewodnik krok po kroku. Nieprzydzielony dysk twardy:<\/h2>\n<\/div>\n<h3>Metoda 1: Korzystanie z narz\u0119dzia Zarz\u0105dzanie Dyskami &#9881;<\/h3>\n<ul>\n<li>Naci\u015bnij <b>Windows + X<\/b> i wybierz Zarz\u0105dzanie Dyskami z menu szybkiego dost\u0119pu.<\/li>\n<li>Znajd\u017a <b>nieprzydzielon\u0105<\/b> przestrze\u0144, kliknij na ni\u0105 prawym przyciskiem myszy i wybierz 'Nowy prosty tom&#8217;. Post\u0119puj zgodnie z kreatorem Prostego Tomu, aby <b>utworzy\u0107<\/b> i <b>sformatowa\u0107<\/b> now\u0105 partycj\u0119.<\/li>\n<li>Przypisz <b>liter\u0119 dysku<\/b>, wybierz <b>system plik\u00f3w<\/b> i rozmiar jednostki alokacji, a nast\u0119pnie przyst\u0105p do formatowania woluminu.<\/li>\n<\/ul>\n<p><b>Notatka:<\/b> Upewnij si\u0119, \u017ce w nieprzydzielonej przestrzeni nie ma wa\u017cnych danych przed utworzeniem nowego woluminu, poniewa\u017c ten proces <b>usunie<\/b> jakiekolwiek dane mo\u017cliwe do odzyskania.<\/p>\n<p><b>Wniosek:<\/b> Jest to najprostsza metoda wykorzystania nieprzydzielonej przestrzeni dla pocz\u0105tkuj\u0105cych.<\/p>\n<h3>Metoda 2: Korzystanie z wiersza polece\u0144 &#128421;<\/h3>\n<ul>\n<li>Otw\u00f3rz wiersz polece\u0144 jako <b>administrator<\/b>.<\/li>\n<li>Wpisz 'diskpart&#8217;, aby uruchomi\u0107 narz\u0119dzie do partycjonowania dysk\u00f3w.<\/li>\n<li>Wpisz 'list disk&#8217; i zidentyfikuj dysk z <b>nieprzydzielon\u0105<\/b> przestrzeni\u0105.<\/li>\n<li>Po wybraniu dysku, utw\u00f3rz nowy tom u\u017cywaj\u0105c komendy 'create partition primary&#8217;.<\/li>\n<li>U\u017cyj 'format fs=ntfs&#8217; (lub wybranego systemu plik\u00f3w) po czym 'assign letter=E&#8217; (lub wybranej litery).<\/li>\n<\/ul>\n<p><b>Notatka:<\/b> Ta metoda jest bardziej zaawansowana i daje wi\u0119ksz\u0105 kontrol\u0119, ale niesie za sob\u0105 wy\u017csze ryzyko. Znajomo\u015b\u0107 <a href='https:\/\/www.microsoft.com\/resources\/documentation\/windows\/xp\/all\/proddocs\/en-us\/diskpart.mspx?mfr=true' rel=\"nofollow noopener\" target='_blank'>wiersza polece\u0144<\/a> jest rekomendowana, aby unikn\u0105\u0107 b\u0142\u0119d\u00f3w.<\/p>\n<p><b>Wniosek:<\/b> Najlepsza dla os\u00f3b, kt\u00f3re s\u0105 komfortowe z interfejsem wiersza polece\u0144.<\/p>\n<h3>Metoda 3: Oprogramowanie do odzyskiwania partycji &#128736;<\/h3>\n<ul>\n<li>Pobierz i zainstaluj renomowane oprogramowanie do <b>odzyskiwania partycji<\/b>.<\/li>\n<li>Uruchom oprogramowanie i wybierz opcj\u0119 do <b>odzyskiwania partycji<\/b>.<\/li>\n<li>Wybierz <b>docelowy<\/b> dysk i pozw\u00f3l oprogramowaniu przeskanowa\u0107 struktury utraconych partycji.<\/li>\n<li><a href='https:\/\/www.partitionwizard.com\/free-partition-manager.html' rel=\"nofollow noopener\" target='_blank'>Podgl\u0105d<\/a> i przywr\u00f3\u0107 znalezione partycje, post\u0119puj\u0105c zgodnie z instrukcjami na ekranie.<\/li>\n<\/ul>\n<p><b>Notatka:<\/b> Ta metoda mo\u017ce pom\u00f3c przywr\u00f3ci\u0107 partycje z nienaruszonymi danymi, ale sukces nie jest gwarantowany; w du\u017cej mierze zale\u017cy od tego, czy dane partycji zosta\u0142y nadpisane.<\/p>\n<p><b>Wniosek:<\/b> Szczeg\u00f3lnie pomocne, je\u015bli dane w nieprzydzielonej przestrzeni s\u0105 wa\u017cne i jeszcze nie zosta\u0142y nadpisane.<\/p>\n<h3>Metoda 4: Oprogramowanie do klonowania dysk\u00f3w twardych &#128260;<\/h3>\n<ul>\n<li>U\u017cyj oprogramowania do <b>klonowania<\/b>, kt\u00f3re jest zdolne do automatycznego dostosowywania rozmiar\u00f3w partycji podczas procesu klonowania.<\/li>\n<li>Uwa\u017cnie wybierz dyski \u017ar\u00f3d\u0142owy i docelowy, upewniaj\u0105c si\u0119, \u017ce wszystkie \u017c\u0105dane partycje s\u0105 wybrane do klonowania.<\/li>\n<li>Dostosuj rozmiary partycji r\u0119cznie, je\u015bli oprogramowanie na to pozwala, aby wykorzysta\u0107 pe\u0142n\u0105 pojemno\u015b\u0107 nowego dysku.<\/li>\n<li>Kontynuuj klonowanie i sprawd\u017a wyniki w Zarz\u0105dzaniu Dyskami po zako\u0144czeniu.<\/li>\n<\/ul>\n<p><b>Notatka:<\/b> Upewnij si\u0119, \u017ce wybrane oprogramowanie wspiera zmian\u0119 rozmiaru partycji podczas klonowania. Niekt\u00f3re nie, co skutkuje nieprzydzielon\u0105 przestrzeni\u0105.<\/p>\n<p><b>Wniosek:<\/b> To podej\u015bcie jest najlepsze, gdy uaktualniasz dysk twardy do wi\u0119kszego rozmiaru i chcesz unikn\u0105\u0107 r\u0119cznego partycjonowania.<\/p>\n<h3>Metoda 5: Narz\u0119dzia producenta &#9881;<\/h3>\n<ul>\n<li>Odwied\u017a <b>stron\u0119 internetow\u0105 producenta dysku twardego<\/b>, aby sprawdzi\u0107 dost\u0119pne narz\u0119dzia specyficzne dla modelu twojego dysku.<\/li>\n<li>Pobierz i zainstaluj te narz\u0119dzia, kt\u00f3re cz\u0119sto s\u0105 zaprojektowane do skutecznego <b>optymalizowania<\/b> i zarz\u0105dzania <b>struktur\u0105 partycji<\/b>.<\/li>\n<li>Szukaj opcji w narz\u0119dziu do przej\u0119cia, <b>naprawy<\/b> lub <b>formatowania<\/b> nieprzydzielonej przestrzeni.<\/li>\n<li>Post\u0119puj zgodnie z instrukcjami dostarczonymi przez narz\u0119dzie, aby bezpiecznie przydzieli\u0107 przestrze\u0144 bez utraty danych.<\/li>\n<\/ul>\n<p><b>Notatka:<\/b> Narz\u0119dzia producenta mog\u0105 by\u0107 bardzo pot\u0119\u017cne i zaprojektowane specjalnie dla ich sprz\u0119tu, ale niew\u0142a\u015bciwe ich u\u017cycie mo\u017ce prowadzi\u0107 do utraty danych.<\/p>\n<p><b>Wniosek:<\/b> Je\u015bli s\u0105 u\u017cywane poprawnie, te narz\u0119dzia mog\u0105 by\u0107 prostym i solidnym rozwi\u0105zaniem do efektywnego zarz\u0105dzania przestrzeni\u0105 na dysku twardym.<\/p>\n<\/section>\n<section>\n<div>\n<div>3<\/div>\n<h2>\u015arodki ostro\u017cno\u015bci i wskaz\u00f3wki:<\/h2>\n<\/div>\n<h3>Maksymalizuj efektywno\u015b\u0107 przechowywania &#9889;<\/h3>\n<ul>\n<li>Zawsze wykonuj kopi\u0119 zapasow\u0105 swoich danych przed dokonywaniem zmian w partycjach dysku.<\/li>\n<li>Tworz\u0105c partycje, rozwa\u017c swoje potrzeby zwi\u0105zane z przechowywaniem i organizuj pliki na podstawie cz\u0119stotliwo\u015bci dost\u0119pu.<\/li>\n<li>Zachowaj <b>zdefragmentowany<\/b> dysk twardy w celu poprawy wydajno\u015bci, szczeg\u00f3lnie przy u\u017cyciu dysku HDD.<\/li>\n<li>U\u017cywaj <a href='https:\/\/support.microsoft.com\/en-us\/help\/4026616\/windows-10-disk-cleanup' rel=\"nofollow noopener\" target='_blank'>Oczyszczania dysku<\/a> oraz innych wbudowanych narz\u0119dzi systemu Windows do utrzymania zdrowia twojego dysku.<\/li>\n<\/ul>\n<\/section>\n<section>\n<div>\n<div>4<\/div>\n<h2>Zoptymalizowane rozwi\u0105zania przechowywania<\/h2>\n<\/div>\n<p>Eksploracja cyfrowych bezkres\u00f3w morza mo\u017ce doprowadzi\u0107 do napotkania r\u00f3\u017cnych wyzwa\u0144 zwi\u0105zanych z przechowywaniem danych, takich jak efektywne wykorzystanie nieprzydzielonego miejsca na dysku twardym. Nieprzydzielone miejsce na dysku twardym jest jak pusty plac w zat\u0142oczonym mie\u015bcie \u2013 posiada potencja\u0142, ale potrzebuje w\u0142a\u015bciwych narz\u0119dzi i proces\u00f3w, aby by\u0142o u\u017cyteczne. Aby zwi\u0119kszy\u0107 wydajno\u015b\u0107 pracy dysku twardego, nale\u017cy zrozumie\u0107 r\u00f3wnowag\u0119 mi\u0119dzy wielko\u015bci\u0105 przechowywania, szybko\u015bci\u0105 a bezpiecze\u0144stwem danych.<\/p>\n<p>Nowoczesny post\u0119p w technologii przechowywania doprowadzi\u0142 do powstania dysk\u00f3w p\u00f3\u0142przewodnikowych (SSD), kt\u00f3re s\u0105 preferowane ze wzgl\u0119du na swoj\u0105 szybko\u015b\u0107 i niezawodno\u015b\u0107 w por\u00f3wnaniu do tradycyjnych dysk\u00f3w twardych (HDD). Jednak\u017ce, kiedy chodzi o du\u017ce ilo\u015bci danych za ni\u017csz\u0105 cen\u0119, HDD nadal maj\u0105 swoje miejsce na rynku. R\u00f3wnie wa\u017cne jest zrozumienie, kt\u00f3rego <b>systemu plik\u00f3w<\/b> nale\u017cy u\u017cy\u0107, np. NTFS, exFAT czy FAT32, w zale\u017cno\u015bci od systemu operacyjnego i potrzeb zwi\u0105zanych z przechowywaniem danych.<\/p>\n<p>W \u015brodowiskach profesjonalnych, wdro\u017cenie konfiguracji RAID mo\u017ce oferowa\u0107 zar\u00f3wno optymalizacj\u0119 przechowywania, jak i redundancj\u0119. RAID, co oznacza Redundant Array of Independent Disks, mo\u017ce pom\u00f3c zminimalizowa\u0107 ryzyko utraty danych z powodu awarii dysku. Wyb\u00f3r poziomu RAID &#8211; od RAID 0 dla wydajno\u015bci po RAID 6 dla tolerancji na b\u0142\u0119dy &#8211; zale\u017ce\u0107 b\u0119dzie od indywidualnych lub biznesowych potrzeb.<\/p>\n<p>Wdro\u017cenie regularnej strategii tworzenia kopii zapasowych jest obowi\u0105zkowe dla os\u00f3b ceni\u0105cych swoje dane. Korzystanie z us\u0142ug chmurowych, takich jak <a href='https:\/\/onedrive.live.com\/about\/en-us\/' rel=\"nofollow noopener\" target='_blank'>OneDrive<\/a> czy <a href='https:\/\/www.google.com\/drive\/' rel=\"nofollow noopener\" target='_blank'>Google Drive<\/a>, lub wyb\u00f3r zewn\u0119trznego dysku twardego do utrzymania lokalnej kopii zapasowej, gwarantuje bezpiecze\u0144stwo danych w przypadku awarii sprz\u0119tu lub przypadkowego usuni\u0119cia danych.<\/p>\n<p>Na koniec, aktualizowanie oprogramowania, regularne sprawdzanie dysku oraz ostro\u017cno\u015b\u0107 wobec cyberzagro\u017ce\u0144 utrzyma og\u00f3ln\u0105 kondycj\u0119 twojego dysku twardego. Zastosowanie oprogramowania antywirusowego i ostro\u017cno\u015b\u0107 przed pr\u00f3bami phishingu to niezb\u0119dne kroki w celu ochrony nie tylko danych, ale r\u00f3wnie\u017c integralno\u015bci urz\u0105dzenia przechowuj\u0105cego.<\/p>\n<\/section>\n<section>\n<h2>Podsumowanie:<\/h2>\n<div class=\"nonp\">\n<p>Jako zwie\u0144czenie naszej podr\u00f3\u017cy, pami\u0119taj, \u017ce radzenie sobie z nieprzydzielonym miejscem na dysku twardym nie musi by\u0107 prac\u0105 syzyfow\u0105. Jak przedstawi\u0142em, istnieje wiele metod &#8211; od wbudowanych narz\u0119dzi zarz\u0105dzania systemu Windows po oprogramowanie stron trzecich &#8211; kt\u00f3re mog\u0105 <b>odzyska\u0107<\/b> lub <b>przeznaczy\u0107<\/b> to miejsce w spos\u00f3b efektywny, pod warunkiem zachowania nale\u017cytej staranno\u015bci i uwagi. Niezale\u017cnie od tego, czy jeste\u015b zwyk\u0142ym u\u017cytkownikiem, czy profesjonalist\u0105 IT, om\u00f3wione tutaj narz\u0119dzia i wskaz\u00f3wki oferuj\u0105 cenne spostrze\u017cenia na temat zarz\u0105dzania przestrzeni\u0105 dysku twardego i maksymalizacji jego u\u017cyteczno\u015bci przechowywania. B\u0105d\u017a proaktywny w swoich strategiach zarz\u0105dzania danymi, a zobaczysz, \u017ce ka\u017cdy bajt twojego cyfrowego przestrzeni magazynowej mo\u017ce by\u0107 wykorzystany do pe\u0142ni jego mo\u017cliwo\u015bci.<\/p>\n<\/div>\n<\/section>\n<p>Przepraszamy, to tylko ci\u0105g t\u0142umaczenia, nie zadanie! T\u0142umaczenie string\u00f3w wy\u0142\u0105cznie. Wa\u017cne, aby nie usuwa\u0107 i dodawa\u0107 tag\u00f3w html, nie dodawa\u0107 nic od siebie. Wa\u017cne, by nie dodawa\u0107 nazwy j\u0119zyka. T\u0142umaczenie ci\u0105gu:<\/p>\n","protected":false},"excerpt":{"rendered":"<p>Co to jest nieprzydzielony dysk twardy i jak to naprawi\u0107 Poruszanie si\u0119 po \u015bwiecie zarz\u0105dzania dyskiem twardym mo\u017ce by\u0107 jak p\u0142yni\u0119cie przez m\u0119tne wody dla os\u00f3b nieobeznanych. Ostatnio napotka\u0142em sytuacj\u0119, w kt\u00f3rej cz\u0119\u015b\u0107 mojego dysku twardego pojawi\u0142a si\u0119 jako nieprzydzielona w Zarz\u0105dzaniu Dyskami. Wszystko to zgubi\u0142o w przestrzeni by\u0142o zagadkowe, delikatnie m\u00f3wi\u0105c. To sk\u0142oni\u0142o mnie [&hellip;]<\/p>\n","protected":false},"author":0,"featured_media":43187,"parent":0,"menu_order":0,"comment_status":"closed","ping_status":"closed","template":"chromecast.php","meta":{"_stopmodifiedupdate":false,"_modified_date":"","_lmt_disableupdate":"","_lmt_disable":""},"acf":[],"yoast_head":"<!-- This site is optimized with the Yoast SEO plugin v20.9 - https:\/\/yoast.com\/wordpress\/plugins\/seo\/ -->\n<title>Co to jest nieprzydzielony dysk twardy i jak go naprawi\u0107\u3010Poradnik\u3011<\/title>\n<meta name=\"robots\" content=\"index, follow, max-snippet:-1, max-image-preview:large, max-video-preview:-1\" \/>\n<link rel=\"canonical\" href=\"https:\/\/datarecovery.ping.fm\/pl\/unallocated-hard-drive\/\" \/>\n<meta property=\"og:locale\" content=\"pl_PL\" \/>\n<meta property=\"og:type\" content=\"article\" \/>\n<meta property=\"og:title\" content=\"Co to jest nieprzydzielony dysk twardy i jak go naprawi\u0107\u3010Poradnik\u3011\" \/>\n<meta property=\"og:description\" content=\"Co to jest nieprzydzielony dysk twardy i jak to naprawi\u0107 Poruszanie si\u0119 po \u015bwiecie zarz\u0105dzania dyskiem twardym mo\u017ce by\u0107 jak p\u0142yni\u0119cie przez m\u0119tne wody dla os\u00f3b nieobeznanych. Ostatnio napotka\u0142em sytuacj\u0119, w kt\u00f3rej cz\u0119\u015b\u0107 mojego dysku twardego pojawi\u0142a si\u0119 jako nieprzydzielona w Zarz\u0105dzaniu Dyskami. Wszystko to zgubi\u0142o w przestrzeni by\u0142o zagadkowe, delikatnie m\u00f3wi\u0105c. To sk\u0142oni\u0142o mnie [&hellip;]\" \/>\n<meta property=\"og:url\" content=\"https:\/\/datarecovery.ping.fm\/pl\/unallocated-hard-drive\/\" \/>\n<meta property=\"og:site_name\" content=\"Data Recovery Software\" \/>\n<meta property=\"article:modified_time\" content=\"2024-04-17T08:27:02+00:00\" \/>\n<meta property=\"og:image\" content=\"https:\/\/datarecovery.ping.fm\/wp-content\/uploads\/2024\/04\/What-is-an-Unallocated-Hard-Drive-and-How-to-Fix-It-Polish.jpg\" \/>\n\t<meta property=\"og:image:width\" content=\"1280\" \/>\n\t<meta property=\"og:image:height\" content=\"731\" \/>\n\t<meta property=\"og:image:type\" content=\"image\/jpeg\" \/>\n<meta name=\"twitter:card\" content=\"summary_large_image\" \/>\n<meta name=\"twitter:label1\" content=\"Est. reading time\" \/>\n\t<meta name=\"twitter:data1\" content=\"7 minut\" \/>\n<script type=\"application\/ld+json\" class=\"yoast-schema-graph\">{\"@context\":\"https:\/\/schema.org\",\"@graph\":[{\"@type\":\"WebPage\",\"@id\":\"https:\/\/datarecovery.ping.fm\/pl\/unallocated-hard-drive\/\",\"url\":\"https:\/\/datarecovery.ping.fm\/pl\/unallocated-hard-drive\/\",\"name\":\"Co to jest nieprzydzielony dysk twardy i jak go naprawi\u0107\u3010Poradnik\u3011\",\"isPartOf\":{\"@id\":\"https:\/\/datarecovery.ping.fm\/pl\/#website\"},\"datePublished\":\"2024-01-25T06:37:32+00:00\",\"dateModified\":\"2024-04-17T08:27:02+00:00\",\"breadcrumb\":{\"@id\":\"https:\/\/datarecovery.ping.fm\/pl\/unallocated-hard-drive\/#breadcrumb\"},\"inLanguage\":\"pl-PL\",\"potentialAction\":[{\"@type\":\"ReadAction\",\"target\":[\"https:\/\/datarecovery.ping.fm\/pl\/unallocated-hard-drive\/\"]}]},{\"@type\":\"BreadcrumbList\",\"@id\":\"https:\/\/datarecovery.ping.fm\/pl\/unallocated-hard-drive\/#breadcrumb\",\"itemListElement\":[{\"@type\":\"ListItem\",\"position\":1,\"name\":\"Home\",\"item\":\"https:\/\/datarecovery.ping.fm\/pl\/\"},{\"@type\":\"ListItem\",\"position\":2,\"name\":\"Co to jest nieprzydzielone miejsce na dysku twardym i jak mo\u017cna to naprawi\u0107?\"}]},{\"@type\":\"WebSite\",\"@id\":\"https:\/\/datarecovery.ping.fm\/pl\/#website\",\"url\":\"https:\/\/datarecovery.ping.fm\/pl\/\",\"name\":\"Data Recovery Software\",\"description\":\"\",\"potentialAction\":[{\"@type\":\"SearchAction\",\"target\":{\"@type\":\"EntryPoint\",\"urlTemplate\":\"https:\/\/datarecovery.ping.fm\/pl\/?s={search_term_string}\"},\"query-input\":\"required name=search_term_string\"}],\"inLanguage\":\"pl-PL\"}]}<\/script>\n<!-- \/ Yoast SEO plugin. -->","yoast_head_json":{"title":"Co to jest nieprzydzielony dysk twardy i jak go naprawi\u0107\u3010Poradnik\u3011","robots":{"index":"index","follow":"follow","max-snippet":"max-snippet:-1","max-image-preview":"max-image-preview:large","max-video-preview":"max-video-preview:-1"},"canonical":"https:\/\/datarecovery.ping.fm\/pl\/unallocated-hard-drive\/","og_locale":"pl_PL","og_type":"article","og_title":"Co to jest nieprzydzielony dysk twardy i jak go naprawi\u0107\u3010Poradnik\u3011","og_description":"Co to jest nieprzydzielony dysk twardy i jak to naprawi\u0107 Poruszanie si\u0119 po \u015bwiecie zarz\u0105dzania dyskiem twardym mo\u017ce by\u0107 jak p\u0142yni\u0119cie przez m\u0119tne wody dla os\u00f3b nieobeznanych. Ostatnio napotka\u0142em sytuacj\u0119, w kt\u00f3rej cz\u0119\u015b\u0107 mojego dysku twardego pojawi\u0142a si\u0119 jako nieprzydzielona w Zarz\u0105dzaniu Dyskami. Wszystko to zgubi\u0142o w przestrzeni by\u0142o zagadkowe, delikatnie m\u00f3wi\u0105c. To sk\u0142oni\u0142o mnie [&hellip;]","og_url":"https:\/\/datarecovery.ping.fm\/pl\/unallocated-hard-drive\/","og_site_name":"Data Recovery Software","article_modified_time":"2024-04-17T08:27:02+00:00","og_image":[{"width":1280,"height":731,"url":"https:\/\/datarecovery.ping.fm\/wp-content\/uploads\/2024\/04\/What-is-an-Unallocated-Hard-Drive-and-How-to-Fix-It-Polish.jpg","type":"image\/jpeg"}],"twitter_card":"summary_large_image","twitter_misc":{"Est. reading time":"7 minut"},"schema":{"@context":"https:\/\/schema.org","@graph":[{"@type":"WebPage","@id":"https:\/\/datarecovery.ping.fm\/pl\/unallocated-hard-drive\/","url":"https:\/\/datarecovery.ping.fm\/pl\/unallocated-hard-drive\/","name":"Co to jest nieprzydzielony dysk twardy i jak go naprawi\u0107\u3010Poradnik\u3011","isPartOf":{"@id":"https:\/\/datarecovery.ping.fm\/pl\/#website"},"datePublished":"2024-01-25T06:37:32+00:00","dateModified":"2024-04-17T08:27:02+00:00","breadcrumb":{"@id":"https:\/\/datarecovery.ping.fm\/pl\/unallocated-hard-drive\/#breadcrumb"},"inLanguage":"pl-PL","potentialAction":[{"@type":"ReadAction","target":["https:\/\/datarecovery.ping.fm\/pl\/unallocated-hard-drive\/"]}]},{"@type":"BreadcrumbList","@id":"https:\/\/datarecovery.ping.fm\/pl\/unallocated-hard-drive\/#breadcrumb","itemListElement":[{"@type":"ListItem","position":1,"name":"Home","item":"https:\/\/datarecovery.ping.fm\/pl\/"},{"@type":"ListItem","position":2,"name":"Co to jest nieprzydzielone miejsce na dysku twardym i jak mo\u017cna to naprawi\u0107?"}]},{"@type":"WebSite","@id":"https:\/\/datarecovery.ping.fm\/pl\/#website","url":"https:\/\/datarecovery.ping.fm\/pl\/","name":"Data Recovery Software","description":"","potentialAction":[{"@type":"SearchAction","target":{"@type":"EntryPoint","urlTemplate":"https:\/\/datarecovery.ping.fm\/pl\/?s={search_term_string}"},"query-input":"required name=search_term_string"}],"inLanguage":"pl-PL"}]}},"_links":{"self":[{"href":"https:\/\/datarecovery.ping.fm\/pl\/wp-json\/wp\/v2\/pages\/43186"}],"collection":[{"href":"https:\/\/datarecovery.ping.fm\/pl\/wp-json\/wp\/v2\/pages"}],"about":[{"href":"https:\/\/datarecovery.ping.fm\/pl\/wp-json\/wp\/v2\/types\/page"}],"replies":[{"embeddable":true,"href":"https:\/\/datarecovery.ping.fm\/pl\/wp-json\/wp\/v2\/comments?post=43186"}],"version-history":[{"count":0,"href":"https:\/\/datarecovery.ping.fm\/pl\/wp-json\/wp\/v2\/pages\/43186\/revisions"}],"wp:featuredmedia":[{"embeddable":true,"href":"https:\/\/datarecovery.ping.fm\/pl\/wp-json\/wp\/v2\/media\/43187"}],"wp:attachment":[{"href":"https:\/\/datarecovery.ping.fm\/pl\/wp-json\/wp\/v2\/media?parent=43186"}],"curies":[{"name":"wp","href":"https:\/\/api.w.org\/{rel}","templated":true}]}}