{"id":42778,"date":"2024-02-08T10:50:51","date_gmt":"2024-02-08T10:50:51","guid":{"rendered":"https:\/\/www.ping.fm\/data-recovery-software\/recover-deleted-messages-on-tiktok\/"},"modified":"2024-04-17T07:20:36","modified_gmt":"2024-04-17T07:20:36","slug":"recover-deleted-messages-on-tiktok","status":"publish","type":"page","link":"https:\/\/datarecovery.ping.fm\/pl\/recover-deleted-messages-on-tiktok\/","title":{"rendered":"Tak mo\u017cesz przywr\u00f3ci\u0107 usuni\u0119te wiadomo\u015bci na TikToku na swoim telefonie."},"content":{"rendered":"<section>\n<h1>Jak odzyska\u0107 usuni\u0119te wiadomo\u015bci na TikToku na telefonie<\/h1>\n<div class=\"inbrief\">\n<div>             <img src=\"https:\/\/www.ping.fm\/data-recovery-software\/wp-content\/uploads\/ai\/How-to-Recover-Deleted-Messages-on-TikTok-on-Your-Phone-Polish.jpg\" alt=\"Jak odzyska\u0107 usuni\u0119te wiadomo\u015bci na TikToku na telefonie\" title=\"Jak odzyska\u0107 usuni\u0119te wiadomo\u015bci na TikToku na telefonie\" width=\"1280\" height=\"720\">             <\/p>\n<p>Czy kiedykolwiek zdarzy\u0142o Ci si\u0119 gor\u0105czkowo szuka\u0107 <b>usuni\u0119tych wiadomo\u015bci<\/b> na <b>TikToku<\/b>? Czy to wa\u017cna informacja, czy te\u017c cenna interakcja, kt\u00f3ra znikn\u0119\u0142a, utrata wiadomo\u015bci mo\u017ce by\u0107 bardzo frustruj\u0105ca. Na szcz\u0119\u015bcie, w moim wysi\u0142ku, by <a href='https:\/\/www.socinvestigation.com\/how-to-recover-deleted-text-messages-on-iphone-14\/' rel=\"dofollow noopener\" target='_blank'>odzyska\u0107 usuni\u0119te wiadomo\u015bci<\/a> z r\u00f3\u017cnych platform, w tym TikToka, odkry\u0142em niezawodne metody, aby przywr\u00f3ci\u0107 to, co mo\u017ce wydawa\u0107 si\u0119 na zawsze utracone. W tym poradniku znajdziesz dok\u0142adny opis tych metod, kt\u00f3re pomog\u0142y mi i mog\u0105 r\u00f3wnie\u017c zadzia\u0142a\u0107 dla Ciebie. Przejd\u017amy razem przez sztuk\u0119 odzyskiwania wiadomo\u015bci na TikToku.<\/p>\n<\/div>\n<\/div>\n<\/section>\n<section>\n<div>\n<div>1<\/div>\n<h2>Typowe scenariusze:<\/h2>\n<\/div>\n<h3>Gdy przypadkowo naci\u015bniesz &#8222;Usu\u0144&#8221; &#128465;<\/h3>\n<ul>\n<li>To cz\u0119sty b\u0142\u0105d \u2014 chcia\u0142e\u015b nacisn\u0105\u0107 co\u015b innego, a zanim si\u0119 zorientujesz, wa\u017cna rozmowa znika. A na <b>TikToku<\/b> nie ma ostrze\u017cenia potwierdzaj\u0105cego.<\/li>\n<li>Cenne informacje w postaci wiadomo\u015bci mog\u0105 znikn\u0105\u0107 w mgnieniu oka, zostawiaj\u0105c Ci\u0119 w po\u015bpiechu, aby znale\u017a\u0107 spos\u00f3b na ich odzyskanie.<\/li>\n<\/ul>\n<h3>\u017bal po przeczyszczeniu danych &#128556;<\/h3>\n<ul>\n<li>Cz\u0119sto robimy cyfrowe czyszczenie, opr\u00f3\u017cniaj\u0105c nasze skrzynki odbiorcze i <b>histori\u0119 rozm\u00f3w<\/b>, aby si\u0119 uporz\u0105dkowa\u0107. Wydaje si\u0119 to od\u015bwie\u017caj\u0105ce, dop\u00f3ki nie zdajesz sobie sprawy, \u017ce niekt\u00f3re wiadomo\u015bci nie powinny zosta\u0107 usuni\u0119te.<\/li>\n<li>Znalezienie sposobu na <b>przywr\u00f3cenie<\/b> tych wiadomo\u015bci staje si\u0119 niezb\u0119dne, zw\u0142aszcza je\u015bli zawieraj\u0105 one informacje kontaktowe lub za\u0142\u0105czniki, bez kt\u00f3rych nie mo\u017cesz si\u0119 oby\u0107.<\/li>\n<\/ul>\n<h3>B\u0142\u0119dy i awarie &#128565;<\/h3>\n<ul>\n<li>Czasami problem nie jest spowodowany b\u0142\u0119dem ludzkim, ale technicznymi b\u0142\u0119dami lub nieoczekiwanymi awariami aplikacji, kt\u00f3re prowadz\u0105 do utraty danych, w tym <b>wiadomo\u015bci na TikToku<\/b>.<\/li>\n<li>Jest kluczowe, aby zna\u0107 opcje odzyskiwania, gdy technologia nie dzia\u0142a tak, jak powinna.<\/li>\n<\/ul>\n<\/section>\n<section class=\"stepByStep\">\n<div>\n<div>2<\/div>\n<h2>Krok po kroku. Jak odzyska\u0107 usuni\u0119te wiadomo\u015bci na TikToku:<\/h2>\n<\/div>\n<h3>Metoda 1: Sprawd\u017a archiwum wiadomo\u015bci &#128194;<\/h3>\n<ul>\n<li>Zanim zag\u0142\u0119bisz si\u0119 w bardziej skomplikowane metody, upewnij si\u0119, \u017ce sprawdzi\u0142e\u015b swoje <b>zarchiwizowane wiadomo\u015bci<\/b> na TikToku. Platforma mo\u017ce nie mie\u0107 tradycyjnej sekcji archiwum, ale Twoje wiadomo\u015bci mog\u0142y nadal by\u0107 obecne w skrzynce odbiorczej, je\u015bli usuni\u0119cie nie zosta\u0142o poprawnie zsynchronizowane.<\/li>\n<li>Po prostu zaloguj si\u0119 ponownie na swoje konto TikTok, aby od\u015bwie\u017cy\u0107 skrzynk\u0119 odbiorcz\u0105.<\/li>\n<li>Je\u015bli korzystasz z <b>wielu urz\u0105dze\u0144<\/b>, spr\u00f3buj uzyska\u0107 dost\u0119p do TikToka z innego urz\u0105dzenia, gdzie synchronizacja mog\u0142a nie wyst\u0105pi\u0107, co ujawni Twoje &#8222;usuni\u0119te&#8221; wiadomo\u015bci.<\/li>\n<\/ul>\n<p><b>Uwaga:<\/b> Ta metoda polega na b\u0142\u0119dach synchronizacji, kt\u00f3re s\u0105 niezwyk\u0142e, ale mo\u017cliwe.<\/p>\n<p><b>Wniosek:<\/b> Zawsze sprawd\u017a ponownie swoj\u0105 skrzynk\u0119 odbiorcz\u0105 i r\u00f3\u017cne urz\u0105dzenia, zanim za\u0142o\u017cysz, \u017ce wiadomo\u015bci zosta\u0142y trwale usuni\u0119te.<\/p>\n<h3>Metoda 2: Skontaktuj si\u0119 z nadawc\u0105 &#129309;<\/h3>\n<ul>\n<li>Je\u015bli <b>wiadomo\u015bci<\/b> by\u0142y cz\u0119\u015bci\u0105 konwersacji, rozwa\u017c skontaktowanie si\u0119 z drug\u0105 stron\u0105 i popro\u015b o przes\u0142anie ponownie jakichkolwiek wa\u017cnych informacji.<\/li>\n<li>Metoda ta zak\u0142ada, \u017ce inna osoba nie usun\u0119\u0142a rozmowy z ich strony.<\/li>\n<li>Chocia\u017c to mo\u017ce nie <b>odzyska\u0107<\/b> dok\u0142adnie tego, co zosta\u0142o usuni\u0119te, mo\u017ce pom\u00f3c w odtworzeniu historii konwersacji.<\/li>\n<\/ul>\n<p><b>Uwaga:<\/b> B\u0105d\u017a \u015bwiadomy, \u017ce ta metoda polega na wsp\u00f3\u0142pracy i dost\u0119pno\u015bci partnera do rozmowy.<\/p>\n<p><b>Wniosek:<\/b> To cz\u0119sto najprostsze rozwi\u0105zanie, wi\u0119c nie wahaj si\u0119 poprosi\u0107 o pomoc, gdy jest potrzebna.<\/p>\n<h3>Metoda 3: U\u017cyj narz\u0119dzi do odzyskiwania danych &#128736;<\/h3>\n<ul>\n<li>Dla tych, kt\u00f3rzy s\u0105 gotowi do\u0142o\u017cy\u0107 dodatkowych stara\u0144, narz\u0119dzia do odzyskiwania danych czasami mog\u0105 <b>odzyska\u0107 usuni\u0119te dane<\/b>, w tym wiadomo\u015bci na TikToku.<\/li>\n<li>Te narz\u0119dzia skanuj\u0105 pami\u0119\u0107 Twojego urz\u0105dzenia (gdzie zainstalowana jest aplikacja TikTok) w poszukiwaniu \u015blad\u00f3w usuni\u0119tych danych i pr\u00f3buj\u0105 je przywr\u00f3ci\u0107.<\/li>\n<li>Zanim rozpoczniesz proces odzyskiwania, wa\u017cne jest, aby natychmiast przesta\u0107 korzysta\u0107 z aplikacji, aby zapobiec nadpisaniu danych.<\/li>\n<\/ul>\n<p><b>Uwaga:<\/b> Takie narz\u0119dzia nie maj\u0105 gwarancji dzia\u0142ania i mog\u0105 by\u0107 skomplikowane w obs\u0142udze dla przeci\u0119tnego u\u017cytkownika.<\/p>\n<p><b>Wniosek:<\/b> Ta opcja powinna by\u0107 stosowana, gdy wiadomo\u015bci s\u0105 bardzo wa\u017cne i wszystkie inne metody zawiod\u0142y.<\/p>\n<h3>Metoda 4: Oprogramowanie do odzyskiwania plik\u00f3w &#128269;<\/h3>\n<ul>\n<li>Je\u015bli przes\u0142a\u0142e\u015b wiadomo\u015bci lub <b>za\u0142\u0105czniki z TikToka<\/b> na komputer, a nast\u0119pnie je usun\u0105\u0142e\u015b, oprogramowanie do odzyskiwania plik\u00f3w mo\u017ce pom\u00f3c.<\/li>\n<li>Te programy dzia\u0142aj\u0105 podobnie do narz\u0119dzi do odzyskiwania danych na urz\u0105dzenia mobilne, ale s\u0105 przeznaczone do pami\u0119ci komputerowej.<\/li>\n<li>Pami\u0119taj, aby dzia\u0142a\u0107 szybko, poniewa\u017c szanse na pomy\u015blne odzyskanie malej\u0105 w miar\u0119 zapisywania nowych danych na miejsce usuni\u0119tych plik\u00f3w.<\/li>\n<\/ul>\n<p><b>Uwaga:<\/b> Ta metoda ma zastosowanie tylko wtedy, gdy wcze\u015bniej zabezpieczy\u0142e\u015b swoje dane TikToka na innym urz\u0105dzeniu.<\/p>\n<p><b>Wniosek:<\/b> Trzymaj oprogramowanie do odzyskiwania plik\u00f3w pod r\u0119k\u0105 na pilne sytuacje, gdy musisz odzyska\u0107 utracone dane z urz\u0105dzenia zast\u0119pczego.<\/p>\n<h3>Metoda 5: Popro\u015b TikToka o udost\u0119pnienie Twoich danych &#128203;<\/h3>\n<ul>\n<li>TikTok pozwala poprosi\u0107 o pobranie <b>danych, kt\u00f3re o Tobie posiadaj\u0105<\/b>, co czasami mo\u017ce zawiera\u0107 wiadomo\u015bci, nawet usuni\u0119te, w zale\u017cno\u015bci od tego, kiedy zosta\u0142y usuni\u0119te.<\/li>\n<li>Aby poprosi\u0107 o swoje dane, przejd\u017a do swojego <b>profilu TikToka<\/b>, wejd\u017a w ustawienia &#8222;Prywatno\u015b\u0107 i bezpiecze\u0144stwo&#8221; i wybierz &#8222;Personalizacja i dane&#8221;, a nast\u0119pnie &#8222;Pobierz swoje dane&#8221;.<\/li>\n<li>Proces mo\u017ce trwa\u0107 do kilku dni, a dane przychodz\u0105 w pliku do pobrania.<\/li>\n<\/ul>\n<p><b>Uwaga:<\/b> Nie ma gwarancji, \u017ce usuni\u0119te wiadomo\u015bci b\u0119d\u0105 w raporcie, ale warto spr\u00f3bowa\u0107 jako ostateczno\u015b\u0107.<\/p>\n<p><b>Wniosek:<\/b> Pro\u015bba o swoje dane to prosty spos\u00f3b i wzmacnia Twoje prawo dost\u0119pu do informacji zbieranych przez platformy na Tw\u00f3j temat.<\/p>\n<h3>Metoda 6: Skontaktuj si\u0119 z pomoc\u0105 techniczn\u0105 TikToka &#127384;<\/h3>\n<ul>\n<li>Je\u015bli wypr\u00f3bowa\u0142e\u015b wszystkie inne metody, kontakt z <b>zespo\u0142em wsparcia TikToka<\/b> mo\u017ce by\u0107 Twoim ostatnim rozwi\u0105zaniem.<\/li>\n<li>Chocia\u017c to d\u0142ugi strza\u0142, istnieje cienka szansa, \u017ce mog\u0105 pom\u00f3c Ci w odzyskaniu usuni\u0119tych wiadomo\u015bci.<\/li>\n<li>Upewnij si\u0119, \u017ce podasz szczeg\u00f3\u0142owe informacje dotycz\u0105ce Twojego przypadku, aby zwi\u0119kszy\u0107 szanse na pomy\u015blny wynik.<\/li>\n<\/ul>\n<p><b>Uwaga:<\/b> Pomoc TikToka mo\u017ce nie przywi\u0105zywa\u0107 priorytetu do \u017c\u0105da\u0144 odzyskiwania wiadomo\u015bci, wi\u0119c cierpliwo\u015b\u0107 jest kluczowa.<\/p>\n<p><b>Wniosek:<\/b> Zawsze warto spr\u00f3bowa\u0107 skorzysta\u0107 z pomocy obs\u0142ugi klienta aplikacji, ale miej realne oczekiwania.<\/p>\n<\/section>\n<section>\n<div>\n<div>3<\/div>\n<h2>\u015arodki ostro\u017cno\u015bci i wskaz\u00f3wki:<\/h2>\n<\/div>\n<h3>Zr\u00f3b kopi\u0119 zapasow\u0105, a nie po\u017ca\u0142ujesz &#128161;<\/h3>\n<ul>\n<li>Zachowaj <b>kopi\u0119 zapasow\u0105<\/b> wszystkich wa\u017cnych konwersacji. Okresowo mo\u017cesz <b>zapisywa\u0107 zrzuty ekranu<\/b> kluczowych dialog\u00f3w i przechowywa\u0107 je w bezpiecznym miejscu, takim jak pami\u0119\u0107 w chmurze lub zewn\u0119trzne dyski.<\/li>\n<li>U\u017cywaj <b>aplikacji do robienia notatek<\/b>, takich jak Evernote czy OneNote, aby kopiowa\u0107 i zachowa\u0107 wszelkie warto\u015bciowe informacje, kt\u00f3re mo\u017cesz otrzyma\u0107 w wiadomo\u015bciach.<\/li>\n<\/ul>\n<h3>\u015arodki zapobiegawcze s\u0105 kluczowe &#128273;<\/h3>\n<ul>\n<li>Zawsze dwa razy pomy\u015bl, zanim <b>usuniesz<\/b>. Je\u015bli nie jeste\u015b pewien, czy chcesz usun\u0105\u0107 wiadomo\u015b\u0107 lub konwersacj\u0119, zostaw j\u0105 w takim stanie, a\u017c podejmiesz ostateczn\u0105 decyzj\u0119.<\/li>\n<li>W\u0142\u0105cz automatyczne tworzenie kopii zapasowych na swoim smartfonie, aby regularnie tworzy\u0107 kopie danych aplikacji, w tym TikTok. W ten spos\u00f3b mo\u017cesz by\u0107 w stanie <b>odzyska\u0107<\/b> wiadomo\u015bci z kopii zapasowej, je\u015bli zostan\u0105 usuni\u0119te.<\/li>\n<\/ul>\n<\/section>\n<section>\n<div>\n<div>4<\/div>\n<h2>Dodatkowe spostrze\u017cenia<\/h2>\n<\/div>\n<p>Chocia\u017c niekt\u00f3rzy mog\u0105 uwa\u017ca\u0107 utrat\u0119 wiadomo\u015bci za nieunikniony ryzyko zwi\u0105zane z komunikacj\u0105 cyfrow\u0105, podejmowanie proaktywnych \u015brodk\u00f3w mo\u017ce zaoszcz\u0119dzi\u0107 wiele problem\u00f3w na d\u0142u\u017csz\u0105 met\u0119. Opr\u00f3cz opisanych powy\u017cej metod warto rozwa\u017cy\u0107 u\u017cycie aplikacji innych firm przeznaczonych do tworzenia kopii zapasowych czat\u00f3w, jak iMazing czy Dr. Fone. Te aplikacje cz\u0119sto oferuj\u0105 bezproblemowe rozwi\u0105zania do tworzenia kopii zapasowych dla wi\u0119kszo\u015bci platform spo\u0142eczno\u015bciowych, w tym TikTok.<\/p>\n<p>Ponadto, edukowanie si\u0119 na temat funkcjonowania danych cyfrowych mo\u017ce by\u0107 pouczaj\u0105ce. Odwiedzanie for\u00f3w technologicznych, takich jak <a href='https:\/\/www.reddit.com\/r\/techsupport\/' rel=\"nofollow noopener\" target='_blank'>Wsparcie Techniczne Reddit<\/a> czy strony internetowe takie jak <a href='https:\/\/www.techspot.com\/' rel=\"nofollow noopener\" target='_blank'>TechSpot<\/a>, mo\u017ce dostarczy\u0107 mn\u00f3stwa informacji, kt\u00f3re s\u0105 korzystne nie tylko do odzyskiwania wiadomo\u015bci, ale i do ca\u0142o\u015bciowego zarz\u0105dzania danymi cyfrowymi.<\/p>\n<p>Zrozumienie <b>digital forensics<\/b> r\u00f3wnie\u017c mo\u017ce by\u0107 korzystne. Zasoby takie jak <a href='https:\/\/www.sans.org\/' rel=\"nofollow noopener\" target='_blank'>Instytut SANS<\/a> oferuj\u0105 bogate informacje na temat odzyskiwania i zarz\u0105dzania danymi, kt\u00f3re mog\u0105 pom\u00f3c w odzyskiwaniu zagubionych informacji w r\u00f3\u017cnych scenariuszach, nie tylko z wiadomo\u015bci TikTok.<\/p>\n<\/section>\n<section>\n<h2>Podsumowanie:<\/h2>\n<div class=\"nonp\">\n<p>Przyst\u0119puj\u0105c do odzyskiwania <b>usuni\u0119tych wiadomo\u015bci<\/b> na TikTok, pocz\u0105tkowo mo\u017ce to wydawa\u0107 si\u0119 zniech\u0119caj\u0105ce. Jednak po\u0142\u0105czenie sprawdzania archiw\u00f3w, kontaktowania si\u0119 z nadawcami, stosowania r\u00f3\u017cnych technik odzyskiwania danych i wykorzystania zasob\u00f3w TikTok mo\u017ce pom\u00f3c w odnalezieniu utraconych danych. Zawsze pami\u0119taj o \u015brodkach zapobiegawczych, aby zminimalizowa\u0107 przysz\u0142e straty. Pami\u0119taj, \u017ce kluczem jest szybkie dzia\u0142anie i wykorzystywanie wszystkich dost\u0119pnych narz\u0119dzi i metod, zachowuj\u0105c przy tym spokojne podej\u015bcie do skutecznego odzyskania danych. A w razie w\u0105tpliwo\u015bci nie wahaj si\u0119 szuka\u0107 pomocy u profesjonalist\u00f3w lub do\u015bwiadczonych spo\u0142eczno\u015bci w internecie. Poprzez ten przewodnik, mam nadziej\u0119, \u017ce zaoferowa\u0142em praktyczne rozwi\u0105zania i zaszczepi\u0142em przygotowanie na wszelkie przysz\u0142e nieszcz\u0119\u015bliwe wypadki.<\/p>\n<\/div>\n<\/section>\n<p>To jest tylko ci\u0105g do przet\u0142umaczenia, nie zadanie! T\u0142umaczenie ci\u0105gu tekstowego tylko. Wa\u017cne, aby nie usuwa\u0107 i dodawa\u0107 tag\u00f3w html, nie dodawa\u0107 nic od siebie. Wa\u017cne, aby nie dodawa\u0107 nazwy j\u0119zyka. T\u0142umaczenie ci\u0105gu:<\/p>\n","protected":false},"excerpt":{"rendered":"<p>Jak odzyska\u0107 usuni\u0119te wiadomo\u015bci na TikToku na telefonie Czy kiedykolwiek zdarzy\u0142o Ci si\u0119 gor\u0105czkowo szuka\u0107 usuni\u0119tych wiadomo\u015bci na TikToku? Czy to wa\u017cna informacja, czy te\u017c cenna interakcja, kt\u00f3ra znikn\u0119\u0142a, utrata wiadomo\u015bci mo\u017ce by\u0107 bardzo frustruj\u0105ca. Na szcz\u0119\u015bcie, w moim wysi\u0142ku, by odzyska\u0107 usuni\u0119te wiadomo\u015bci z r\u00f3\u017cnych platform, w tym TikToka, odkry\u0142em niezawodne metody, aby przywr\u00f3ci\u0107 [&hellip;]<\/p>\n","protected":false},"author":0,"featured_media":42779,"parent":0,"menu_order":0,"comment_status":"closed","ping_status":"closed","template":"chromecast.php","meta":{"_stopmodifiedupdate":false,"_modified_date":"","_lmt_disableupdate":"","_lmt_disable":""},"acf":[],"yoast_head":"<!-- This site is optimized with the Yoast SEO plugin v20.9 - https:\/\/yoast.com\/wordpress\/plugins\/seo\/ -->\n<title>Tak przywr\u00f3cisz wiadomo\u015bci usuni\u0119te z TikToka na swoim telefonie[2024]<\/title>\n<meta name=\"robots\" content=\"index, follow, max-snippet:-1, max-image-preview:large, max-video-preview:-1\" \/>\n<link rel=\"canonical\" href=\"https:\/\/datarecovery.ping.fm\/pl\/recover-deleted-messages-on-tiktok\/\" \/>\n<meta property=\"og:locale\" content=\"pl_PL\" \/>\n<meta property=\"og:type\" content=\"article\" \/>\n<meta property=\"og:title\" content=\"Tak przywr\u00f3cisz wiadomo\u015bci usuni\u0119te z TikToka na swoim telefonie[2024]\" \/>\n<meta property=\"og:description\" content=\"Jak odzyska\u0107 usuni\u0119te wiadomo\u015bci na TikToku na telefonie Czy kiedykolwiek zdarzy\u0142o Ci si\u0119 gor\u0105czkowo szuka\u0107 usuni\u0119tych wiadomo\u015bci na TikToku? Czy to wa\u017cna informacja, czy te\u017c cenna interakcja, kt\u00f3ra znikn\u0119\u0142a, utrata wiadomo\u015bci mo\u017ce by\u0107 bardzo frustruj\u0105ca. Na szcz\u0119\u015bcie, w moim wysi\u0142ku, by odzyska\u0107 usuni\u0119te wiadomo\u015bci z r\u00f3\u017cnych platform, w tym TikToka, odkry\u0142em niezawodne metody, aby przywr\u00f3ci\u0107 [&hellip;]\" \/>\n<meta property=\"og:url\" content=\"https:\/\/datarecovery.ping.fm\/pl\/recover-deleted-messages-on-tiktok\/\" \/>\n<meta property=\"og:site_name\" content=\"Data Recovery Software\" \/>\n<meta property=\"article:modified_time\" content=\"2024-04-17T07:20:36+00:00\" \/>\n<meta property=\"og:image\" content=\"https:\/\/datarecovery.ping.fm\/wp-content\/uploads\/2024\/04\/How-to-Recover-Deleted-Messages-on-TikTok-on-Your-Phone-Polish.jpg\" \/>\n\t<meta property=\"og:image:width\" content=\"1280\" \/>\n\t<meta property=\"og:image:height\" content=\"731\" \/>\n\t<meta property=\"og:image:type\" content=\"image\/jpeg\" \/>\n<meta name=\"twitter:card\" content=\"summary_large_image\" \/>\n<meta name=\"twitter:label1\" content=\"Est. reading time\" \/>\n\t<meta name=\"twitter:data1\" content=\"8 minut\" \/>\n<script type=\"application\/ld+json\" class=\"yoast-schema-graph\">{\"@context\":\"https:\/\/schema.org\",\"@graph\":[{\"@type\":\"WebPage\",\"@id\":\"https:\/\/datarecovery.ping.fm\/pl\/recover-deleted-messages-on-tiktok\/\",\"url\":\"https:\/\/datarecovery.ping.fm\/pl\/recover-deleted-messages-on-tiktok\/\",\"name\":\"Tak przywr\u00f3cisz wiadomo\u015bci usuni\u0119te z TikToka na swoim telefonie[2024]\",\"isPartOf\":{\"@id\":\"https:\/\/datarecovery.ping.fm\/pl\/#website\"},\"datePublished\":\"2024-02-08T10:50:51+00:00\",\"dateModified\":\"2024-04-17T07:20:36+00:00\",\"breadcrumb\":{\"@id\":\"https:\/\/datarecovery.ping.fm\/pl\/recover-deleted-messages-on-tiktok\/#breadcrumb\"},\"inLanguage\":\"pl-PL\",\"potentialAction\":[{\"@type\":\"ReadAction\",\"target\":[\"https:\/\/datarecovery.ping.fm\/pl\/recover-deleted-messages-on-tiktok\/\"]}]},{\"@type\":\"BreadcrumbList\",\"@id\":\"https:\/\/datarecovery.ping.fm\/pl\/recover-deleted-messages-on-tiktok\/#breadcrumb\",\"itemListElement\":[{\"@type\":\"ListItem\",\"position\":1,\"name\":\"Home\",\"item\":\"https:\/\/datarecovery.ping.fm\/pl\/\"},{\"@type\":\"ListItem\",\"position\":2,\"name\":\"Tak mo\u017cesz przywr\u00f3ci\u0107 usuni\u0119te wiadomo\u015bci na TikToku na swoim telefonie.\"}]},{\"@type\":\"WebSite\",\"@id\":\"https:\/\/datarecovery.ping.fm\/pl\/#website\",\"url\":\"https:\/\/datarecovery.ping.fm\/pl\/\",\"name\":\"Data Recovery Software\",\"description\":\"\",\"potentialAction\":[{\"@type\":\"SearchAction\",\"target\":{\"@type\":\"EntryPoint\",\"urlTemplate\":\"https:\/\/datarecovery.ping.fm\/pl\/?s={search_term_string}\"},\"query-input\":\"required name=search_term_string\"}],\"inLanguage\":\"pl-PL\"}]}<\/script>\n<!-- \/ Yoast SEO plugin. -->","yoast_head_json":{"title":"Tak przywr\u00f3cisz wiadomo\u015bci usuni\u0119te z TikToka na swoim telefonie[2024]","robots":{"index":"index","follow":"follow","max-snippet":"max-snippet:-1","max-image-preview":"max-image-preview:large","max-video-preview":"max-video-preview:-1"},"canonical":"https:\/\/datarecovery.ping.fm\/pl\/recover-deleted-messages-on-tiktok\/","og_locale":"pl_PL","og_type":"article","og_title":"Tak przywr\u00f3cisz wiadomo\u015bci usuni\u0119te z TikToka na swoim telefonie[2024]","og_description":"Jak odzyska\u0107 usuni\u0119te wiadomo\u015bci na TikToku na telefonie Czy kiedykolwiek zdarzy\u0142o Ci si\u0119 gor\u0105czkowo szuka\u0107 usuni\u0119tych wiadomo\u015bci na TikToku? Czy to wa\u017cna informacja, czy te\u017c cenna interakcja, kt\u00f3ra znikn\u0119\u0142a, utrata wiadomo\u015bci mo\u017ce by\u0107 bardzo frustruj\u0105ca. Na szcz\u0119\u015bcie, w moim wysi\u0142ku, by odzyska\u0107 usuni\u0119te wiadomo\u015bci z r\u00f3\u017cnych platform, w tym TikToka, odkry\u0142em niezawodne metody, aby przywr\u00f3ci\u0107 [&hellip;]","og_url":"https:\/\/datarecovery.ping.fm\/pl\/recover-deleted-messages-on-tiktok\/","og_site_name":"Data Recovery Software","article_modified_time":"2024-04-17T07:20:36+00:00","og_image":[{"width":1280,"height":731,"url":"https:\/\/datarecovery.ping.fm\/wp-content\/uploads\/2024\/04\/How-to-Recover-Deleted-Messages-on-TikTok-on-Your-Phone-Polish.jpg","type":"image\/jpeg"}],"twitter_card":"summary_large_image","twitter_misc":{"Est. reading time":"8 minut"},"schema":{"@context":"https:\/\/schema.org","@graph":[{"@type":"WebPage","@id":"https:\/\/datarecovery.ping.fm\/pl\/recover-deleted-messages-on-tiktok\/","url":"https:\/\/datarecovery.ping.fm\/pl\/recover-deleted-messages-on-tiktok\/","name":"Tak przywr\u00f3cisz wiadomo\u015bci usuni\u0119te z TikToka na swoim telefonie[2024]","isPartOf":{"@id":"https:\/\/datarecovery.ping.fm\/pl\/#website"},"datePublished":"2024-02-08T10:50:51+00:00","dateModified":"2024-04-17T07:20:36+00:00","breadcrumb":{"@id":"https:\/\/datarecovery.ping.fm\/pl\/recover-deleted-messages-on-tiktok\/#breadcrumb"},"inLanguage":"pl-PL","potentialAction":[{"@type":"ReadAction","target":["https:\/\/datarecovery.ping.fm\/pl\/recover-deleted-messages-on-tiktok\/"]}]},{"@type":"BreadcrumbList","@id":"https:\/\/datarecovery.ping.fm\/pl\/recover-deleted-messages-on-tiktok\/#breadcrumb","itemListElement":[{"@type":"ListItem","position":1,"name":"Home","item":"https:\/\/datarecovery.ping.fm\/pl\/"},{"@type":"ListItem","position":2,"name":"Tak mo\u017cesz przywr\u00f3ci\u0107 usuni\u0119te wiadomo\u015bci na TikToku na swoim telefonie."}]},{"@type":"WebSite","@id":"https:\/\/datarecovery.ping.fm\/pl\/#website","url":"https:\/\/datarecovery.ping.fm\/pl\/","name":"Data Recovery Software","description":"","potentialAction":[{"@type":"SearchAction","target":{"@type":"EntryPoint","urlTemplate":"https:\/\/datarecovery.ping.fm\/pl\/?s={search_term_string}"},"query-input":"required name=search_term_string"}],"inLanguage":"pl-PL"}]}},"_links":{"self":[{"href":"https:\/\/datarecovery.ping.fm\/pl\/wp-json\/wp\/v2\/pages\/42778"}],"collection":[{"href":"https:\/\/datarecovery.ping.fm\/pl\/wp-json\/wp\/v2\/pages"}],"about":[{"href":"https:\/\/datarecovery.ping.fm\/pl\/wp-json\/wp\/v2\/types\/page"}],"replies":[{"embeddable":true,"href":"https:\/\/datarecovery.ping.fm\/pl\/wp-json\/wp\/v2\/comments?post=42778"}],"version-history":[{"count":0,"href":"https:\/\/datarecovery.ping.fm\/pl\/wp-json\/wp\/v2\/pages\/42778\/revisions"}],"wp:featuredmedia":[{"embeddable":true,"href":"https:\/\/datarecovery.ping.fm\/pl\/wp-json\/wp\/v2\/media\/42779"}],"wp:attachment":[{"href":"https:\/\/datarecovery.ping.fm\/pl\/wp-json\/wp\/v2\/media?parent=42778"}],"curies":[{"name":"wp","href":"https:\/\/api.w.org\/{rel}","templated":true}]}}