{"id":41961,"date":"2024-02-21T05:25:08","date_gmt":"2024-02-21T05:25:08","guid":{"rendered":"https:\/\/www.ping.fm\/data-recovery-software\/partition-recovery-software\/"},"modified":"2024-04-16T12:04:37","modified_gmt":"2024-04-16T12:04:37","slug":"partition-recovery-software","status":"publish","type":"page","link":"https:\/\/datarecovery.ping.fm\/pl\/partition-recovery-software\/","title":{"rendered":"2024 Prime Return Software Ophoid Character Restoration dla Windows"},"content":{"rendered":"<section>\n<h1>Najlepsze oprogramowanie do odzyskiwania partycji w 2024 roku dla systemu Windows<\/h1>\n<div class=\"inbrief\">\n<div>             <img src=\"https:\/\/www.ping.fm\/data-recovery-software\/wp-content\/uploads\/ai\/Best-Partition-Recovery-Software-in-2024-for-Windows-Polish.jpg\" alt=\"Najlepsze oprogramowanie do odzyskiwania partycji w 2024 dla Windows\" title=\"Najlepsze oprogramowanie do odzyskiwania partycji w 2024 dla Windows\" width=\"1280\" height=\"720\">             <\/p>\n<p>Kiedy przypadkowo usuniesz partycj\u0119 lub b\u0119dziesz mia\u0142 do czynienia z awari\u0105 systemu, uczucie jest niczym innym ni\u017c przera\u017caj\u0105ce, szczeg\u00f3lnie je\u015bli partycja zawiera\u0142a cenne dane. Na szcz\u0119\u015bcie, oprogramowanie do odzyskiwania partycji mo\u017ce by\u0107 ratunkiem w tak desperackich czasach. Bazuj\u0105c na moich osobistych do\u015bwiadczeniach, oto przegl\u0105d najlepszego oprogramowania do odzyskiwania partycji dla systemu Windows, kt\u00f3rego mia\u0142em szcz\u0119\u015bcie (lub pecha) u\u017cywa\u0107. Ka\u017cde narz\u0119dzie ma sw\u00f3j w\u0142asny zestaw funkcji i specyfik\u0119, wi\u0119c opisz\u0119, czego mo\u017cna si\u0119 spodziewa\u0107 po ka\u017cdym z nich. Uwaga, wa\u017cne jest, aby przesta\u0107 u\u017cywa\u0107 dotkni\u0119tego dysku, aby unikn\u0105\u0107 nadpisania odzyskiwalnych danych i zawsze wybiera\u0107 najbardziej niezawodne narz\u0119dzie, a nie najta\u0144sze.<\/p>\n<\/div>\n<\/div>\n<\/section>\n<section>\n<div class=\"medal\">\n<div>&#129351;<\/div>\n<\/div>\n<h2><a href='https:\/\/www.stellarinfo.com\/partition-recovery-software.php' rel=\"nofollow noopener\" target='_blank'>Stellar Data Recovery<\/a><\/h2>\n<p><img src=\"https:\/\/www.ping.fm\/data-recovery-software\/wp-content\/uploads\/ai\/https---www-stellarinfo-com-partition-recovery-software-phpPolish.jpg\"><\/p>\n<p>Stellar Data Recovery to pot\u0119\u017cne narz\u0119dzie oferuj\u0105ce godny podziwu balans mi\u0119dzy intuicyjnym interfejsem a pot\u0119\u017cnymi mo\u017cliwo\u015bciami odzyskiwania. To oprogramowanie jest moim pierwszym wyborem w przypadku sporadycznych koszmar\u00f3w z utrat\u0105 danych, radz\u0105c sobie z odzyskiwaniem partycji z wpraw\u0105. Jest odpowiednie zar\u00f3wno dla pocz\u0105tkuj\u0105cych, jak i zaawansowanych u\u017cytkownik\u00f3w, a osobi\u015bcie u\u017cy\u0142em go do odzyskiwania partycji, o kt\u00f3rych my\u015bla\u0142em, \u017ce s\u0105 nie do odzyskania.<\/p>\n<p><a href='https:\/\/www.stellarinfo.com\/partition-recovery-software.php' rel=\"nofollow noopener\" target='_blank' class='ofWSite'>Oficjalna strona<\/a><\/p>\n<h3 class='prosTitle'>Zalety<\/h3>\n<ul class='listpc pros'>\n<li>Wysoce intuicyjny interfejs<\/li>\n<li>Zaawansowane opcje skanowania<\/li>\n<\/ul>\n<h3 class='consTitle'>Wady<\/h3>\n<ul class='listpc cons'>\n<li>Pr\u0119dko\u015b\u0107 odzyskiwania mo\u017ce by\u0107 wolna przy du\u017cych dyskach<\/li>\n<li>Koszty licencji s\u0105 stosunkowo wysokie<\/li>\n<\/ul>\n<\/section>\n<section>\n<div class=\"medal\">\n<div>&#129352;<\/div>\n<\/div>\n<h2><a href='https:\/\/www.easeus.com\/partition-recovery\/' rel=\"nofollow noopener\" target='_blank'>EaseUS Partition Recovery<\/a><\/h2>\n<p><img src=\"https:\/\/www.ping.fm\/data-recovery-software\/wp-content\/uploads\/ai\/https---www-easeus-com-partition-recovery-Polish.jpg\"><\/p>\n<p>Kolejna pere\u0142ka w \u015bwiecie odzyskiwania partycji to EaseUS Partition Recovery. Jest przyjemny dla oka i dla m\u00f3zgu, sprawiaj\u0105c, \u017ce co\u015b, co mog\u0142oby by\u0107 wysoko technicznym procesem, wydaje si\u0119 by\u0107 bu\u0142k\u0105 z mas\u0142em. Kreatorem odzyskiwania, kt\u00f3ry jest szczeg\u00f3lnie pomocny, prowadzi Ci\u0119 przez ka\u017cdy krok. Pomimo swej prostoty, wielokrotnie skutecznie odzyskiwa\u0142 dla mnie dane bez wi\u0119kszych problem\u00f3w.<\/p>\n<p><a href='https:\/\/www.easeus.com\/partition-recovery\/' rel=\"nofollow noopener\" target='_blank' class='ofWSite'>Oficjalna strona<\/a><\/p>\n<h3 class='prosTitle'>Zalety<\/h3>\n<ul class='listpc pros'>\n<li>Przyjazny dla u\u017cytkownika interfejs kreatora<\/li>\n<li>Dobre wsparcie dla r\u00f3\u017cnych system\u00f3w plik\u00f3w<\/li>\n<\/ul>\n<h3 class='consTitle'>Wady<\/h3>\n<ul class='listpc cons'>\n<li>Bezp\u0142atna wersja ma ograniczone funkcje<\/li>\n<li>Pe\u0142ne odzyskiwanie mo\u017ce by\u0107 czasoch\u0142onne<\/li>\n<\/ul>\n<\/section>\n<section>\n<div class=\"medal\">\n<div>&#129353;<\/div>\n<\/div>\n<h2>AOMEI Partition Assistant<\/h2>\n<p>AOMEI Partition Assistant to nie tylko odzyskiwanie partycji; to pe\u0142ny pakiet zarz\u0105dzania partycjami. Oprogramowanie oferuje szereg funkcji zar\u00f3wno do odzyskiwania, jak i og\u00f3lnego zarz\u0105dzania partycjami. G\u0142\u00f3wnie u\u017cywa\u0142em AOMEI do zmiany rozmiaru i dzielenia partycji, ale posiada ono do\u015b\u0107 solidn\u0105 funkcj\u0119 odzyskiwania, kt\u00f3ra wi\u0119cej ni\u017c raz uratowa\u0142a mi sk\u00f3r\u0119.<\/p>\n<h3 class='prosTitle'>Zalety<\/h3>\n<ul class='listpc pros'>\n<li>Obszerne narz\u0119dzia do zarz\u0105dzania partycjami<\/li>\n<li>Funkcje odzyskiwania s\u0105 ca\u0142kiem niezawodne<\/li>\n<\/ul>\n<h3 class='consTitle'>Wady<\/h3>\n<ul class='listpc cons'>\n<li>Interfejs mo\u017ce by\u0107 przyt\u0142aczaj\u0105cy dla pocz\u0105tkuj\u0105cych<\/li>\n<li>Niekt\u00f3re zaawansowane funkcje wymagaj\u0105 wersji pro<\/li>\n<\/ul>\n<\/section>\n<section>\n<div class=\"no-medal\">\n<div>4<\/div>\n<\/div>\n<h2><a href='https:\/\/www.cleverfiles.com\/partition-recovery.html' rel=\"nofollow noopener\" target='_blank'>Disk Drill<\/a><\/h2>\n<p><img src=\"https:\/\/www.ping.fm\/data-recovery-software\/wp-content\/uploads\/ai\/https---www-cleverfiles-com-partition-recovery-htmlPolish.jpg\"><\/p>\n<p>Disk Drill okaza\u0142 si\u0119 nieoczekiwanym bohaterem w \u015bwiecie odzyskiwania partycji. Posiadaj\u0105c szerok\u0105 gam\u0119 narz\u0119dzi do odzyskiwania, cz\u0119sto by\u0142 moim ostatnim ratunkiem, gdy inne metody zawodzi\u0142y. Jego funkcja g\u0142\u0119bokiego skanowania okaza\u0142a si\u0119 szczeg\u00f3lnie przydatna, pozwalaj\u0105c mi odzyska\u0107 pliki, kt\u00f3re by\u0142y uznawane za dawno stracone. Jest przyjazny dla u\u017cytkownika, ale nie ust\u0119puje na polu swoich solidnych mo\u017cliwo\u015bci odzyskiwania.<\/p>\n<p><a href='https:\/\/www.cleverfiles.com\/partition-recovery.html' rel=\"nofollow noopener\" target='_blank' class='ofWSite'>Oficjalna strona<\/a><\/p>\n<h3 class='prosTitle'>Zalety<\/h3>\n<ul class='listpc pros'>\n<li>Wy\u015bmienite mo\u017cliwo\u015bci g\u0142\u0119bokiego skanowania<\/li>\n<li>Prosty, zorientowany na u\u017cytkownika design<\/li>\n<\/ul>\n<h3 class='consTitle'>Wady<\/h3>\n<ul class='listpc cons'>\n<li>Odzyskiwanie mo\u017ce by\u0107 wolne<\/li>\n<li>Pe\u0142na funkcjonalno\u015b\u0107 wymaga p\u0142atnej aktualizacji<\/li>\n<\/ul>\n<\/section>\n<section>\n<div class=\"no-medal\">\n<div>5<\/div>\n<\/div>\n<h2><a href='https:\/\/www.minitool.com\/data-recovery-software\/partition-recovery.html' rel=\"nofollow noopener\" target='_blank'>MiniTool Partition Recovery<\/a><\/h2>\n<p><img src=\"https:\/\/www.ping.fm\/data-recovery-software\/wp-content\/uploads\/ai\/https---www-minitool-com-data-recovery-software-partition-recovery-htmlPolish.jpg\"><\/p>\n<p>MiniTool Partition Recovery to skoncentrowana aplikacja, kt\u00f3ra koncentruje si\u0119 na odzyskiwaniu partycji bez dodatkowych funkcji pe\u0142nego pakietu oprogramowania do odzyskiwania danych. Jest to specjalistyczne narz\u0119dzie, kt\u00f3rego u\u017cywa\u0142em, kiedy dok\u0142adnie wiedzia\u0142em, co potrzebuj\u0119 odzyska\u0107. Jest szybkie, wydajne i pozbawione wszelkich element\u00f3w, kt\u00f3re mog\u0142yby odci\u0105gn\u0105\u0107 uwag\u0119 od jego g\u0142\u00f3wnego celu: odzyskania partycji.<\/p>\n<p><a href='https:\/\/www.minitool.com\/data-recovery-software\/partition-recovery.html' rel=\"nofollow noopener\" target='_blank' class='ofWSite'>Oficjalna strona<\/a><\/p>\n<h3 class='prosTitle'>Zalety<\/h3>\n<ul class='listpc pros'>\n<li>Specjalizacja w odzyskiwaniu partycji<\/li>\n<li>Szybka i wydajna praca<\/li>\n<\/ul>\n<h3 class='consTitle'>Wady<\/h3>\n<ul class='listpc cons'>\n<li>Ograniczona funkcjonalno\u015b\u0107 poza odzyskiwaniem partycji<\/li>\n<li>Interfejs nie jest najnowocze\u015bniejszy<\/li>\n<\/ul>\n<\/section>\n<section>\n<h2>Podsumowanie:<\/h2>\n<div class=\"nonp\">\n<p>Utrata danych mo\u017ce by\u0107 traumatycznym do\u015bwiadczeniem, ale istniej\u0105 kroki, kt\u00f3re mo\u017cesz podj\u0105\u0107, aby zminimalizowa\u0107 ryzyko. Wykorzystanie us\u0142ug przechowywania w chmurze, takich jak OneDrive lub <a href='https:\/\/www.dropbox.com\/' rel=\"nofollow noopener\" target='_blank'>Dropbox<\/a>, dla wa\u017cnych plik\u00f3w mo\u017ce doda\u0107 dodatkow\u0105 warstw\u0119 bezpiecze\u0144stwa. Ponadto, regularne przegl\u0105dy systemu przy u\u017cyciu narz\u0119dzi takich jak <a href='https:\/\/www.ccleaner.com\/ccleaner' rel=\"nofollow noopener\" target='_blank'>CCleaner<\/a> w celu usuni\u0119cia niepotrzebnych plik\u00f3w i <a href='https:\/\/www.malwarebytes.com\/' rel=\"nofollow noopener\" target='_blank'>Malwarebytes<\/a> do skanowania w poszukiwaniu szkodliwego oprogramowania, mog\u0105 w znacznym stopniu zapobiega\u0107 awariom systemu prowadz\u0105cym do utraty partycji. Na koniec, b\u0105d\u017a ostro\u017cny przy samodzielnym partycjonowaniu dysk\u00f3w; korzystanie z poradnik\u00f3w ekspert\u00f3w lub profesjonalnej pomocy jest wskazane, je\u015bli nie masz pewno\u015bci co do swoich umiej\u0119tno\u015bci.<\/p>\n<\/div>\n<\/section>\n","protected":false},"excerpt":{"rendered":"<p>Najlepsze oprogramowanie do odzyskiwania partycji w 2024 roku dla systemu Windows Kiedy przypadkowo usuniesz partycj\u0119 lub b\u0119dziesz mia\u0142 do czynienia z awari\u0105 systemu, uczucie jest niczym innym ni\u017c przera\u017caj\u0105ce, szczeg\u00f3lnie je\u015bli partycja zawiera\u0142a cenne dane. Na szcz\u0119\u015bcie, oprogramowanie do odzyskiwania partycji mo\u017ce by\u0107 ratunkiem w tak desperackich czasach. Bazuj\u0105c na moich osobistych do\u015bwiadczeniach, oto przegl\u0105d [&hellip;]<\/p>\n","protected":false},"author":0,"featured_media":41962,"parent":0,"menu_order":0,"comment_status":"closed","ping_status":"closed","template":"chromecast.php","meta":{"_stopmodifiedupdate":false,"_modified_date":"","_lmt_disableupdate":"","_lmt_disable":""},"acf":[],"yoast_head":"<!-- This site is optimized with the Yoast SEO plugin v20.9 - https:\/\/yoast.com\/wordpress\/plugins\/seo\/ -->\n<title>Najlepsze oprogramowanie do odzyskiwania partycji Windows w 2024 roku<\/title>\n<meta name=\"robots\" content=\"index, follow, max-snippet:-1, max-image-preview:large, max-video-preview:-1\" \/>\n<link rel=\"canonical\" href=\"https:\/\/datarecovery.ping.fm\/pl\/partition-recovery-software\/\" \/>\n<meta property=\"og:locale\" content=\"pl_PL\" \/>\n<meta property=\"og:type\" content=\"article\" \/>\n<meta property=\"og:title\" content=\"Najlepsze oprogramowanie do odzyskiwania partycji Windows w 2024 roku\" \/>\n<meta property=\"og:description\" content=\"Najlepsze oprogramowanie do odzyskiwania partycji w 2024 roku dla systemu Windows Kiedy przypadkowo usuniesz partycj\u0119 lub b\u0119dziesz mia\u0142 do czynienia z awari\u0105 systemu, uczucie jest niczym innym ni\u017c przera\u017caj\u0105ce, szczeg\u00f3lnie je\u015bli partycja zawiera\u0142a cenne dane. Na szcz\u0119\u015bcie, oprogramowanie do odzyskiwania partycji mo\u017ce by\u0107 ratunkiem w tak desperackich czasach. Bazuj\u0105c na moich osobistych do\u015bwiadczeniach, oto przegl\u0105d [&hellip;]\" \/>\n<meta property=\"og:url\" content=\"https:\/\/datarecovery.ping.fm\/pl\/partition-recovery-software\/\" \/>\n<meta property=\"og:site_name\" content=\"Data Recovery Software\" \/>\n<meta property=\"article:modified_time\" content=\"2024-04-16T12:04:37+00:00\" \/>\n<meta property=\"og:image\" content=\"https:\/\/datarecovery.ping.fm\/wp-content\/uploads\/2024\/04\/Best-Partition-Recovery-Software-in-2024-for-Windows-Polish.jpg\" \/>\n\t<meta property=\"og:image:width\" content=\"1280\" \/>\n\t<meta property=\"og:image:height\" content=\"731\" \/>\n\t<meta property=\"og:image:type\" content=\"image\/jpeg\" \/>\n<meta name=\"twitter:card\" content=\"summary_large_image\" \/>\n<meta name=\"twitter:label1\" content=\"Est. reading time\" \/>\n\t<meta name=\"twitter:data1\" content=\"4 minuty\" \/>\n<script type=\"application\/ld+json\" class=\"yoast-schema-graph\">{\"@context\":\"https:\/\/schema.org\",\"@graph\":[{\"@type\":\"WebPage\",\"@id\":\"https:\/\/datarecovery.ping.fm\/pl\/partition-recovery-software\/\",\"url\":\"https:\/\/datarecovery.ping.fm\/pl\/partition-recovery-software\/\",\"name\":\"Najlepsze oprogramowanie do odzyskiwania partycji Windows w 2024 roku\",\"isPartOf\":{\"@id\":\"https:\/\/datarecovery.ping.fm\/pl\/#website\"},\"datePublished\":\"2024-02-21T05:25:08+00:00\",\"dateModified\":\"2024-04-16T12:04:37+00:00\",\"breadcrumb\":{\"@id\":\"https:\/\/datarecovery.ping.fm\/pl\/partition-recovery-software\/#breadcrumb\"},\"inLanguage\":\"pl-PL\",\"potentialAction\":[{\"@type\":\"ReadAction\",\"target\":[\"https:\/\/datarecovery.ping.fm\/pl\/partition-recovery-software\/\"]}]},{\"@type\":\"BreadcrumbList\",\"@id\":\"https:\/\/datarecovery.ping.fm\/pl\/partition-recovery-software\/#breadcrumb\",\"itemListElement\":[{\"@type\":\"ListItem\",\"position\":1,\"name\":\"Home\",\"item\":\"https:\/\/datarecovery.ping.fm\/pl\/\"},{\"@type\":\"ListItem\",\"position\":2,\"name\":\"2024 Prime Return Software Ophoid Character Restoration dla Windows\"}]},{\"@type\":\"WebSite\",\"@id\":\"https:\/\/datarecovery.ping.fm\/pl\/#website\",\"url\":\"https:\/\/datarecovery.ping.fm\/pl\/\",\"name\":\"Data Recovery Software\",\"description\":\"\",\"potentialAction\":[{\"@type\":\"SearchAction\",\"target\":{\"@type\":\"EntryPoint\",\"urlTemplate\":\"https:\/\/datarecovery.ping.fm\/pl\/?s={search_term_string}\"},\"query-input\":\"required name=search_term_string\"}],\"inLanguage\":\"pl-PL\"}]}<\/script>\n<!-- \/ Yoast SEO plugin. -->","yoast_head_json":{"title":"Najlepsze oprogramowanie do odzyskiwania partycji Windows w 2024 roku","robots":{"index":"index","follow":"follow","max-snippet":"max-snippet:-1","max-image-preview":"max-image-preview:large","max-video-preview":"max-video-preview:-1"},"canonical":"https:\/\/datarecovery.ping.fm\/pl\/partition-recovery-software\/","og_locale":"pl_PL","og_type":"article","og_title":"Najlepsze oprogramowanie do odzyskiwania partycji Windows w 2024 roku","og_description":"Najlepsze oprogramowanie do odzyskiwania partycji w 2024 roku dla systemu Windows Kiedy przypadkowo usuniesz partycj\u0119 lub b\u0119dziesz mia\u0142 do czynienia z awari\u0105 systemu, uczucie jest niczym innym ni\u017c przera\u017caj\u0105ce, szczeg\u00f3lnie je\u015bli partycja zawiera\u0142a cenne dane. Na szcz\u0119\u015bcie, oprogramowanie do odzyskiwania partycji mo\u017ce by\u0107 ratunkiem w tak desperackich czasach. Bazuj\u0105c na moich osobistych do\u015bwiadczeniach, oto przegl\u0105d [&hellip;]","og_url":"https:\/\/datarecovery.ping.fm\/pl\/partition-recovery-software\/","og_site_name":"Data Recovery Software","article_modified_time":"2024-04-16T12:04:37+00:00","og_image":[{"width":1280,"height":731,"url":"https:\/\/datarecovery.ping.fm\/wp-content\/uploads\/2024\/04\/Best-Partition-Recovery-Software-in-2024-for-Windows-Polish.jpg","type":"image\/jpeg"}],"twitter_card":"summary_large_image","twitter_misc":{"Est. reading time":"4 minuty"},"schema":{"@context":"https:\/\/schema.org","@graph":[{"@type":"WebPage","@id":"https:\/\/datarecovery.ping.fm\/pl\/partition-recovery-software\/","url":"https:\/\/datarecovery.ping.fm\/pl\/partition-recovery-software\/","name":"Najlepsze oprogramowanie do odzyskiwania partycji Windows w 2024 roku","isPartOf":{"@id":"https:\/\/datarecovery.ping.fm\/pl\/#website"},"datePublished":"2024-02-21T05:25:08+00:00","dateModified":"2024-04-16T12:04:37+00:00","breadcrumb":{"@id":"https:\/\/datarecovery.ping.fm\/pl\/partition-recovery-software\/#breadcrumb"},"inLanguage":"pl-PL","potentialAction":[{"@type":"ReadAction","target":["https:\/\/datarecovery.ping.fm\/pl\/partition-recovery-software\/"]}]},{"@type":"BreadcrumbList","@id":"https:\/\/datarecovery.ping.fm\/pl\/partition-recovery-software\/#breadcrumb","itemListElement":[{"@type":"ListItem","position":1,"name":"Home","item":"https:\/\/datarecovery.ping.fm\/pl\/"},{"@type":"ListItem","position":2,"name":"2024 Prime Return Software Ophoid Character Restoration dla Windows"}]},{"@type":"WebSite","@id":"https:\/\/datarecovery.ping.fm\/pl\/#website","url":"https:\/\/datarecovery.ping.fm\/pl\/","name":"Data Recovery Software","description":"","potentialAction":[{"@type":"SearchAction","target":{"@type":"EntryPoint","urlTemplate":"https:\/\/datarecovery.ping.fm\/pl\/?s={search_term_string}"},"query-input":"required name=search_term_string"}],"inLanguage":"pl-PL"}]}},"_links":{"self":[{"href":"https:\/\/datarecovery.ping.fm\/pl\/wp-json\/wp\/v2\/pages\/41961"}],"collection":[{"href":"https:\/\/datarecovery.ping.fm\/pl\/wp-json\/wp\/v2\/pages"}],"about":[{"href":"https:\/\/datarecovery.ping.fm\/pl\/wp-json\/wp\/v2\/types\/page"}],"replies":[{"embeddable":true,"href":"https:\/\/datarecovery.ping.fm\/pl\/wp-json\/wp\/v2\/comments?post=41961"}],"version-history":[{"count":0,"href":"https:\/\/datarecovery.ping.fm\/pl\/wp-json\/wp\/v2\/pages\/41961\/revisions"}],"wp:featuredmedia":[{"embeddable":true,"href":"https:\/\/datarecovery.ping.fm\/pl\/wp-json\/wp\/v2\/media\/41962"}],"wp:attachment":[{"href":"https:\/\/datarecovery.ping.fm\/pl\/wp-json\/wp\/v2\/media?parent=41961"}],"curies":[{"name":"wp","href":"https:\/\/api.w.org\/{rel}","templated":true}]}}