{"id":41553,"date":"2024-01-30T08:57:53","date_gmt":"2024-01-30T08:57:53","guid":{"rendered":"https:\/\/www.ping.fm\/data-recovery-software\/deleted-partition-recovery\/"},"modified":"2024-04-16T11:11:53","modified_gmt":"2024-04-16T11:11:53","slug":"deleted-partition-recovery","status":"publish","type":"page","link":"https:\/\/datarecovery.ping.fm\/pl\/deleted-partition-recovery\/","title":{"rendered":"Tak mo\u017cesz odzyska\u0107 usuni\u0119te lub utracone partycje w Windows."},"content":{"rendered":"<section>\n<h1>Jak odzyska\u0107 usuni\u0119t\u0105 lub utracon\u0105 partycj\u0119 w systemie Windows<\/h1>\n<div class=\"inbrief\">\n<div>                           <img decoding=\"async\" class=\"lazyload\" srcset=\"data:image\/png;base64,iVBORw0KGgoAAAANSUhEUgAABLAAAAKkAQMAAAAqeFQ7AAAAA3NCSVQICAjb4U\/gAAAABlBMVEX\/\/\/\/\/\/\/9VfPVsAAAAAnRSTlMA\/1uRIrUAAAAJcEhZcwAACxIAAAsSAdLdfvwAAAAcdEVYdFNvZnR3YXJlAEFkb2JlIEZpcmV3b3JrcyBDUzbovLKMAAAAFnRFWHRDcmVhdGlvbiBUaW1lADAxLzI5LzE536V52wAAAHpJREFUeJztwQENAAAAwqD3T20ON6AAAAAAAAAAAAAAAAAAAAAAAAAAAAAAAAAAAAAAAAAAAAAAAAAAAAAAAAAAAAAAAAAAAAAAAAAAAAAAAAAAAAAAAAAAAAAAAAAAAAAAAAAAAAAAAAAAAAAAAAAAAAAAAAAAAIAHA47LAAHp9LjEAAAAAElFTkSuQmCC\" src=\"https:\/\/www.ping.fm\/data-recovery-software\/wp-content\/uploads\/ai\/How-to-Recover-Deleted-or-Lost-Partition-on-Windows-Polish.jpg\" data-srcset=\"https:\/\/www.ping.fm\/data-recovery-software\/wp-content\/uploads\/ai\/How-to-Recover-Deleted-or-Lost-Partition-on-Windows-Polish.jpg\" data-lazy-type=\"image\" data-original=\"https:\/\/www.ping.fm\/data-recovery-software\/wp-content\/uploads\/ai\/How-to-Recover-Deleted-or-Lost-Partition-on-Windows-Polish.jpg\" alt=\"Jak odzyska\u0107 usuni\u0119t\u0105 lub utracon\u0105 partycj\u0119 w systemie Windows\" title=\"Jak odzyska\u0107 usuni\u0119t\u0105 lub utracon\u0105 partycj\u0119 w systemie Windows\" width=\"1280\" height=\"720\">                           <\/p>\n<p>Utrata partycji w systemie Windows mo\u017ce wydawa\u0107 si\u0119 koszmarem dla ka\u017cdego u\u017cytkownika. Czy to przez nieprawid\u0142ow\u0105 operacj\u0119, z\u0142o\u015bliwe oprogramowanie, czy zwyk\u0142y ludzki b\u0142\u0105d, utracona partycja cz\u0119sto zawiera wa\u017cne dane, kt\u00f3re wydaj\u0105 si\u0119 nie do odzyskania. Jednak istnieje kilka metod na odzyskanie usuni\u0119tej partycji w systemie Windows. W moim osobistym do\u015bwiadczeniu cierpliwo\u015b\u0107 oraz odpowiednie narz\u0119dzia mog\u0105 przekszta\u0142ci\u0107 to, co wygl\u0105da na katastrof\u0119, w sytuacj\u0119 mo\u017cliw\u0105 do odzyskania. Ten artyku\u0142 przeprowadzi Ci\u0119 przez r\u00f3\u017cne metody, kt\u00f3rych u\u017cy\u0142em do skutecznego przywr\u00f3cenia usuni\u0119tych partycji i zabezpieczenia kluczowych danych.<\/p>\n<\/div>\n<\/div>\n<\/section>\n<section>\n<div>\n<div>1<\/div>\n<h2>Typowe Scenariusze:<\/h2>\n<\/div>\n<h3>Przypadkowe Usuni\u0119cie &#128465;<\/h3>\n<ul>\n<li><b>B\u0142\u0105d Ludzki:<\/b> Prawdopodobnie najcz\u0119stsza przyczyna; przypadkowe sformatowanie lub usuni\u0119cie partycji podczas zabawy z zarz\u0105dzaniem dyskami.<\/li>\n<li><b>Konflikt Oprogramowania:<\/b> Czasami instalacja lub odinstalowanie oprogramowania mo\u017ce nieumy\u015blnie wp\u0142yn\u0105\u0107 na tabel\u0119 partycji.<\/li>\n<\/ul>\n<h3>Uszkodzenie Tabeli Partycji &#128165;<\/h3>\n<ul>\n<li><b>Z\u0142o\u015bliwe Oprogramowanie lub Wirus:<\/b> Zainfekowanie systemu przez szkodliwe oprogramowanie mo\u017ce prowadzi\u0107 do uszkodzenia tabeli partycji.<\/li>\n<li><b>Awaria Zasilania:<\/b> Nag\u0142a utrata zasilania podczas operacji dyskowych mo\u017ce uszkodzi\u0107 informacje o partycjach.<\/li>\n<\/ul>\n<h3>B\u0142\u0119dy Zarz\u0105dzania Dyskami &#128736;<\/h3>\n<ul>\n<li><b>B\u0142\u0119dy Zarz\u0105dzania Dyskami:<\/b> Nieprawid\u0142owe u\u017cycie wbudowanego narz\u0119dzia Zarz\u0105dzanie Dyskami w systemie Windows mo\u017ce skutkowa\u0107 utrat\u0105 partycji.<\/li>\n<li><b>Narz\u0119dzia Stron Trzecich:<\/b> Niew\u0142a\u015bciwe u\u017cycie oprogramowania do zarz\u0105dzania partycjami stron trzecich czasem mo\u017ce doprowadzi\u0107 do usuni\u0119cia partycji.<\/li>\n<\/ul>\n<\/section>\n<section class=\"stepByStep\">\n<div>\n<div>2<\/div>\n<h2>Krok po kroku. Odzyskiwanie Usuni\u0119tej Partycji:<\/h2>\n<\/div>\n<h3>Metoda 1: U\u017cyj Zarz\u0105dzania Dyskami Windows &#129520;<\/h3>\n<ul>\n<li>Otw\u00f3rz <b>Zarz\u0105dzanie Dyskami<\/b> naciskaj\u0105c <b>Win + R<\/b>, wpisuj\u0105c <b>diskmgmt.msc<\/b> i naciskaj\u0105c Enter.<\/li>\n<li>Poszukaj nieprzydzielonego obszaru tam, gdzie kiedy\u015b by\u0142a twoja partycja.<\/li>\n<li>Kliknij prawym przyciskiem myszy na nieprzydzielonym obszarze i wybierz <b>Nowy prosty wolumin&#8230;<\/b><\/li>\n<li>Przejd\u017a przez kreatora, aby odtworzy\u0107 partycj\u0119. Upewnij si\u0119, \u017ce jej nie formatujesz, je\u015bli masz nadziej\u0119 na p\u00f3\u017aniejsze odzyskanie danych.<\/li>\n<\/ul>\n<p><b>Uwaga:<\/b> Ta metoda nie odzyska danych, ale mo\u017ce przygotowa\u0107 dysk do pracy oprogramowania do odzyskiwania danych.<\/p>\n<p><b>Podsumowanie:<\/b> Cho\u0107 prosta, ta metoda jest przydatna w przypadku niesformatowanych usuni\u0119tych partycji.<\/p>\n<h3>Metoda 2: Uruchom Narz\u0119dzie CHKDSK &#128736;<\/h3>\n<ul>\n<li>Otw\u00f3rz <b>Wiersz Polece\u0144<\/b> jako administrator.<\/li>\n<li>Wpisz <b>chkdsk \/f X:<\/b>, gdzie X to litera utraconej partycji i naci\u015bnij Enter.<\/li>\n<li>Zaczekaj, a\u017c proces si\u0119 zako\u0144czy. To mo\u017ce zaj\u0105\u0107 troch\u0119 czasu w zale\u017cno\u015bci od wielko\u015bci dysku.<\/li>\n<\/ul>\n<p><b>Uwaga:<\/b> Ta metoda pr\u00f3buje naprawi\u0107 b\u0142\u0119dy systemu plik\u00f3w, kt\u00f3re mog\u0105 sprawi\u0107, \u017ce partycja b\u0119dzie ponownie widoczna.<\/p>\n<p><b>Podsumowanie:<\/b> Narz\u0119dzie CHKDSK to pot\u0119\u017cne narz\u0119dzie do naprawy b\u0142\u0119d\u00f3w systemu plik\u00f3w, kt\u00f3re mog\u0105 uniemo\u017cliwia\u0107 dost\u0119p do partycji.<\/p>\n<h3>Metoda 3: Przywr\u00f3\u0107 z punktu przywracania systemu &#128260;<\/h3>\n<ul>\n<li>Przejdz do <b>Panel Sterowania<\/b> > <b>System<\/b> > <b>Ochrona Systemu<\/b>.<\/li>\n<li>Kliknij na <b>Przywracanie Systemu&#8230;<\/b> i post\u0119puj zgodnie z instrukcjami, aby wybra\u0107 punkt przywracania przed utrat\u0105 partycji.<\/li>\n<li>Zako\u0144cz proces przywracania systemu.<\/li>\n<\/ul>\n<p><b>Uwaga:<\/b> Upewnij si\u0119, \u017ce ochrona systemu jest w\u0142\u0105czona i masz utworzone punkty przywracania.<\/p>\n<p><b>Podsumowanie:<\/b> Ta metoda mo\u017ce potencjalnie przywr\u00f3ci\u0107 konfiguracj\u0119 partycji do wcze\u015bniejszego stanu.<\/p>\n<h3>Metoda 4: U\u017cyj narz\u0119dzia do odzyskiwania partycji &#129522;<\/h3>\n<ul>\n<li>Pobierz i zainstaluj wiarygodne narz\u0119dzie do odzyskiwania partycji.<\/li>\n<li>Otw\u00f3rz narz\u0119dzie i wybierz dysk, na kt\u00f3rym partycja zosta\u0142a usuni\u0119ta.<\/li>\n<li>Post\u0119puj zgodnie z instrukcjami oprogramowania, aby przeskanowa\u0107 i przywr\u00f3ci\u0107 usuni\u0119t\u0105 partycj\u0119.<\/li>\n<\/ul>\n<p><b>Uwaga:<\/b> Takie oprogramowanie cz\u0119sto mo\u017ce odzyska\u0107 partycje wraz z danymi.<\/p>\n<p><b>Podsumowanie:<\/b> U\u017cycie narz\u0119dzia do odzyskiwania partycji jest jedn\u0105 z najbardziej skutecznych metod na odzyskanie utraconej partycji oraz jej danych.<\/p>\n<h3>Metoda 5: Odbuduj Record Rozruchowy G\u0142\u00f3wny (MBR) &#9881;<\/h3>\n<ul>\n<li>Uruchom system z no\u015bnika instalacyjnego systemu Windows.<\/li>\n<li>Na ekranie instalacji kliknij <b>&#8217;Napraw komputer&#8217;<\/b>.<\/li>\n<li>Wybierz <b>Rozwi\u0105zywanie problem\u00f3w<\/b> > <b>Zaawansowane opcje<\/b> > <b>Wiersz Polece\u0144<\/b>.<\/li>\n<li>W wierszu polece\u0144 wpisz <b>bootrec \/fixmbr<\/b> a nast\u0119pnie <b>bootrec \/fixboot<\/b>.<\/li>\n<li>Uruchom ponownie system, aby sprawdzi\u0107, czy partycja si\u0119 pojawi\u0142a.<\/li>\n<\/ul>\n<p><b>Uwaga:<\/b> Ta metoda jest przydatna, gdy przyczyn\u0105 braku partycji jest uszkodzony MBR.<\/p>\n<p><b>Podsumowanie:<\/b> Odbudowanie MBR mo\u017ce przywr\u00f3ci\u0107 dost\u0119p do partycji, je\u015bli problem le\u017cy w procesie rozruchu.<\/p>\n<\/section>\n<section>\n<div>\n<div>3<\/div>\n<h2>Film na YouTube do obejrzenia<\/h2>\n<\/div>\n<div class=\"iframe\"><span class=\"lazyload\" data-original_content=\"PGlmcmFtZSB3aWR0aD0iNDIwIiBoZWlnaHQ9IjMxNSIgc3JjPSIvL3d3dy55b3V0dWJlLmNvbS9lbWJlZC9XWTNLWjd2Q2JuZyIgZnJhbWVib3JkZXI9IjAiIGFsbG93ZnVsbHNjcmVlbj48L2lmcmFtZT4=\"><\/span><\/div>\n<\/section>\n<p>&#13;                          <\/p>\n<section>\n<div>\n<div>4<\/div>\n<h2>\u015arodki ostro\u017cno\u015bci i porady:<\/h2>\n<\/div>\n<h3>Chro\u0144 swoje dane &#128737;<\/h3>\n<ul>\n<li>Regularne tworzenie <b>kopii zapasowych<\/b> danych jest kluczowe, aby unikn\u0105\u0107 utraty wa\u017cnych plik\u00f3w.<\/li>\n<li>W\u0142\u0105cz <b>Przywracanie systemu<\/b> w Windows, aby tworzy\u0107 punkty przywracania przed dokonaniem znacz\u0105cych zmian w systemie.<\/li>\n<li>Zawsze dwukrotnie sprawdzaj przed wykonaniem operacji na partycjach dysku.<\/li>\n<\/ul>\n<h3>Przygotowanie to klucz &#128273;<\/h3>\n<ul>\n<li>Utw\u00f3rz <b>dysk ratunkowy Windows<\/b> na wypadek awarii.<\/li>\n<li>Zainstaluj na swoim systemie niezawodne narz\u0119dzie do odzyskiwania partycji innych firm.<\/li>\n<li>B\u0105d\u017a ostro\u017cny przy instalowaniu nowego oprogramowania, kt\u00f3re mo\u017ce wp\u0142ywa\u0107 na partycje dysku.<\/li>\n<\/ul>\n<\/section>\n<p>&#13;                          <\/p>\n<section>\n<div>\n<div>5<\/div>\n<h2>Dalsze spostrze\u017cenia<\/h2>\n<\/div>\n<p>Je\u015bli chodzi o odzyskiwanie danych, <b>czas<\/b> ma zasadnicze znaczenie. Im d\u0142u\u017cej czekasz po usuni\u0119ciu partycji, tym wi\u0119ksza szansa, \u017ce nowe dane nadpisz\u0105 utracone dane, co znacznie utrudnia odzyskanie. Je\u015bli zauwa\u017cysz, \u017ce brakuje partycji, natychmiast przesta\u0144 u\u017cywa\u0107 dysku, aby unikn\u0105\u0107 nadpisania usuni\u0119tych danych.<\/p>\n<p><b>Us\u0142ugi odzyskiwania danych<\/b> s\u0105 r\u00f3wnie\u017c opcj\u0105, je\u015bli nie czujesz si\u0119 komfortowo wykonuj\u0105c te kroki samodzielnie, lub je\u015bli dane s\u0105 szczeg\u00f3lnie cenne. Profesjonalne us\u0142ugi takie jak <a href=\"https:\/\/www.drivesaversdatarecovery.com\/\" rel=\"nofollow external noopener noreferrer\" target=\"_blank\" data-wpel-link=\"external\">DriveSavers<\/a> cz\u0119sto mog\u0105 odzyska\u0107 partycje i dane, kt\u00f3rych nie mo\u017ce odzyska\u0107 oprogramowanie.<\/p>\n<p>Rozwa\u017c r\u00f3wnie\u017c narz\u0119dzie <a href=\"https:\/\/www.microsoft.com\/en-us\/download\/details.aspx?id=10042\" rel=\"nofollow external noopener noreferrer\" target=\"_blank\" data-wpel-link=\"external\">Windows File Recovery<\/a>, kt\u00f3re jest narz\u0119dziem wiersza polece\u0144 od Microsoftu, mog\u0105cym pom\u00f3c w odzyskiwaniu plik\u00f3w. Chocia\u017c nie s\u0142u\u017cy specyficznie do odzyskiwania partycji, mo\u017ce by\u0107 przydatne do odzyskiwania plik\u00f3w po ponownym ustanowieniu partycji.<\/p>\n<p>Pami\u0119taj, \u017ce podczas gdy rozwi\u0105zania DIY dzia\u0142aj\u0105 w wielu scenariuszach, nie s\u0105 niezawodne. Cenne lub wra\u017cliwe dane mog\u0105 by\u0107 najlepiej powierzone profesjonalistom.<\/p>\n<\/section>\n<section>\n<h2>Wniosek:<\/h2>\n<div class=\"nonp\">\n<p>Podsumowuj\u0105c, odzyskanie usuni\u0119tej partycji w systemie Windows jest zdecydowanie mo\u017cliwe i co\u015b, co uda\u0142o mi si\u0119 osi\u0105gn\u0105\u0107 przy wielu okazjach. Wymaga to pewnego poziomu wiedzy technicznej, a czasem odrobiny szcz\u0119\u015bcia, ale z odpowiednimi narz\u0119dziami i technikami, takimi jak <b>Zarz\u0105dzanie dyskami<\/b>, <b>CHKDSK<\/b>, <b>przywracanie systemu<\/b>, <b>oprogramowanie do odzyskiwania partycji<\/b> oraz odbudowy MBR, szanse s\u0105 po twojej stronie. Tylko pami\u0119taj, aby podj\u0105\u0107 \u015brodki ostro\u017cno\u015bci, takie jak regularne kopie zapasowe i tworzenie dysku odzyskiwania, aby chroni\u0107 si\u0119 przed utrat\u0105 danych w przysz\u0142o\u015bci. Przede wszystkim, nie panikuj \u2013 pomoc jest zazwyczaj tylko kilka klikni\u0119\u0107 st\u0105d.<\/p>\n<\/div>\n<\/section>\n","protected":false},"excerpt":{"rendered":"<p>Jak odzyska\u0107 usuni\u0119t\u0105 lub utracon\u0105 partycj\u0119 w systemie Windows Utrata partycji w systemie Windows mo\u017ce wydawa\u0107 si\u0119 koszmarem dla ka\u017cdego u\u017cytkownika. Czy to przez nieprawid\u0142ow\u0105 operacj\u0119, z\u0142o\u015bliwe oprogramowanie, czy zwyk\u0142y ludzki b\u0142\u0105d, utracona partycja cz\u0119sto zawiera wa\u017cne dane, kt\u00f3re wydaj\u0105 si\u0119 nie do odzyskania. Jednak istnieje kilka metod na odzyskanie usuni\u0119tej partycji w systemie Windows. [&hellip;]<\/p>\n","protected":false},"author":0,"featured_media":41554,"parent":0,"menu_order":0,"comment_status":"closed","ping_status":"closed","template":"chromecast.php","meta":{"_stopmodifiedupdate":false,"_modified_date":"","_lmt_disableupdate":"","_lmt_disable":""},"acf":[],"yoast_head":"<!-- This site is optimized with the Yoast SEO plugin v20.9 - https:\/\/yoast.com\/wordpress\/plugins\/seo\/ -->\n<title>Tak mo\u017cesz odzyska\u0107 usuni\u0119te lub utracone pliki w Windows (Przewodnik)<\/title>\n<meta name=\"robots\" content=\"index, follow, max-snippet:-1, max-image-preview:large, max-video-preview:-1\" \/>\n<link rel=\"canonical\" href=\"https:\/\/datarecovery.ping.fm\/pl\/deleted-partition-recovery\/\" \/>\n<meta property=\"og:locale\" content=\"pl_PL\" \/>\n<meta property=\"og:type\" content=\"article\" \/>\n<meta property=\"og:title\" content=\"Tak mo\u017cesz odzyska\u0107 usuni\u0119te lub utracone pliki w Windows (Przewodnik)\" \/>\n<meta property=\"og:description\" content=\"Jak odzyska\u0107 usuni\u0119t\u0105 lub utracon\u0105 partycj\u0119 w systemie Windows Utrata partycji w systemie Windows mo\u017ce wydawa\u0107 si\u0119 koszmarem dla ka\u017cdego u\u017cytkownika. Czy to przez nieprawid\u0142ow\u0105 operacj\u0119, z\u0142o\u015bliwe oprogramowanie, czy zwyk\u0142y ludzki b\u0142\u0105d, utracona partycja cz\u0119sto zawiera wa\u017cne dane, kt\u00f3re wydaj\u0105 si\u0119 nie do odzyskania. Jednak istnieje kilka metod na odzyskanie usuni\u0119tej partycji w systemie Windows. [&hellip;]\" \/>\n<meta property=\"og:url\" content=\"https:\/\/datarecovery.ping.fm\/pl\/deleted-partition-recovery\/\" \/>\n<meta property=\"og:site_name\" content=\"Data Recovery Software\" \/>\n<meta property=\"article:modified_time\" content=\"2024-04-16T11:11:53+00:00\" \/>\n<meta property=\"og:image\" content=\"https:\/\/datarecovery.ping.fm\/wp-content\/uploads\/2024\/04\/How-to-Recover-Deleted-or-Lost-Partition-on-Windows-Polish.jpg\" \/>\n\t<meta property=\"og:image:width\" content=\"1280\" \/>\n\t<meta property=\"og:image:height\" content=\"731\" \/>\n\t<meta property=\"og:image:type\" content=\"image\/jpeg\" \/>\n<meta name=\"twitter:card\" content=\"summary_large_image\" \/>\n<meta name=\"twitter:label1\" content=\"Est. reading time\" \/>\n\t<meta name=\"twitter:data1\" content=\"5 minut\" \/>\n<script type=\"application\/ld+json\" class=\"yoast-schema-graph\">{\"@context\":\"https:\/\/schema.org\",\"@graph\":[{\"@type\":\"WebPage\",\"@id\":\"https:\/\/datarecovery.ping.fm\/pl\/deleted-partition-recovery\/\",\"url\":\"https:\/\/datarecovery.ping.fm\/pl\/deleted-partition-recovery\/\",\"name\":\"Tak mo\u017cesz odzyska\u0107 usuni\u0119te lub utracone pliki w Windows (Przewodnik)\",\"isPartOf\":{\"@id\":\"https:\/\/datarecovery.ping.fm\/pl\/#website\"},\"datePublished\":\"2024-01-30T08:57:53+00:00\",\"dateModified\":\"2024-04-16T11:11:53+00:00\",\"breadcrumb\":{\"@id\":\"https:\/\/datarecovery.ping.fm\/pl\/deleted-partition-recovery\/#breadcrumb\"},\"inLanguage\":\"pl-PL\",\"potentialAction\":[{\"@type\":\"ReadAction\",\"target\":[\"https:\/\/datarecovery.ping.fm\/pl\/deleted-partition-recovery\/\"]}]},{\"@type\":\"BreadcrumbList\",\"@id\":\"https:\/\/datarecovery.ping.fm\/pl\/deleted-partition-recovery\/#breadcrumb\",\"itemListElement\":[{\"@type\":\"ListItem\",\"position\":1,\"name\":\"Home\",\"item\":\"https:\/\/datarecovery.ping.fm\/pl\/\"},{\"@type\":\"ListItem\",\"position\":2,\"name\":\"Tak mo\u017cesz odzyska\u0107 usuni\u0119te lub utracone partycje w Windows.\"}]},{\"@type\":\"WebSite\",\"@id\":\"https:\/\/datarecovery.ping.fm\/pl\/#website\",\"url\":\"https:\/\/datarecovery.ping.fm\/pl\/\",\"name\":\"Data Recovery Software\",\"description\":\"\",\"potentialAction\":[{\"@type\":\"SearchAction\",\"target\":{\"@type\":\"EntryPoint\",\"urlTemplate\":\"https:\/\/datarecovery.ping.fm\/pl\/?s={search_term_string}\"},\"query-input\":\"required name=search_term_string\"}],\"inLanguage\":\"pl-PL\"}]}<\/script>\n<!-- \/ Yoast SEO plugin. -->","yoast_head_json":{"title":"Tak mo\u017cesz odzyska\u0107 usuni\u0119te lub utracone pliki w Windows (Przewodnik)","robots":{"index":"index","follow":"follow","max-snippet":"max-snippet:-1","max-image-preview":"max-image-preview:large","max-video-preview":"max-video-preview:-1"},"canonical":"https:\/\/datarecovery.ping.fm\/pl\/deleted-partition-recovery\/","og_locale":"pl_PL","og_type":"article","og_title":"Tak mo\u017cesz odzyska\u0107 usuni\u0119te lub utracone pliki w Windows (Przewodnik)","og_description":"Jak odzyska\u0107 usuni\u0119t\u0105 lub utracon\u0105 partycj\u0119 w systemie Windows Utrata partycji w systemie Windows mo\u017ce wydawa\u0107 si\u0119 koszmarem dla ka\u017cdego u\u017cytkownika. Czy to przez nieprawid\u0142ow\u0105 operacj\u0119, z\u0142o\u015bliwe oprogramowanie, czy zwyk\u0142y ludzki b\u0142\u0105d, utracona partycja cz\u0119sto zawiera wa\u017cne dane, kt\u00f3re wydaj\u0105 si\u0119 nie do odzyskania. Jednak istnieje kilka metod na odzyskanie usuni\u0119tej partycji w systemie Windows. [&hellip;]","og_url":"https:\/\/datarecovery.ping.fm\/pl\/deleted-partition-recovery\/","og_site_name":"Data Recovery Software","article_modified_time":"2024-04-16T11:11:53+00:00","og_image":[{"width":1280,"height":731,"url":"https:\/\/datarecovery.ping.fm\/wp-content\/uploads\/2024\/04\/How-to-Recover-Deleted-or-Lost-Partition-on-Windows-Polish.jpg","type":"image\/jpeg"}],"twitter_card":"summary_large_image","twitter_misc":{"Est. reading time":"5 minut"},"schema":{"@context":"https:\/\/schema.org","@graph":[{"@type":"WebPage","@id":"https:\/\/datarecovery.ping.fm\/pl\/deleted-partition-recovery\/","url":"https:\/\/datarecovery.ping.fm\/pl\/deleted-partition-recovery\/","name":"Tak mo\u017cesz odzyska\u0107 usuni\u0119te lub utracone pliki w Windows (Przewodnik)","isPartOf":{"@id":"https:\/\/datarecovery.ping.fm\/pl\/#website"},"datePublished":"2024-01-30T08:57:53+00:00","dateModified":"2024-04-16T11:11:53+00:00","breadcrumb":{"@id":"https:\/\/datarecovery.ping.fm\/pl\/deleted-partition-recovery\/#breadcrumb"},"inLanguage":"pl-PL","potentialAction":[{"@type":"ReadAction","target":["https:\/\/datarecovery.ping.fm\/pl\/deleted-partition-recovery\/"]}]},{"@type":"BreadcrumbList","@id":"https:\/\/datarecovery.ping.fm\/pl\/deleted-partition-recovery\/#breadcrumb","itemListElement":[{"@type":"ListItem","position":1,"name":"Home","item":"https:\/\/datarecovery.ping.fm\/pl\/"},{"@type":"ListItem","position":2,"name":"Tak mo\u017cesz odzyska\u0107 usuni\u0119te lub utracone partycje w Windows."}]},{"@type":"WebSite","@id":"https:\/\/datarecovery.ping.fm\/pl\/#website","url":"https:\/\/datarecovery.ping.fm\/pl\/","name":"Data Recovery Software","description":"","potentialAction":[{"@type":"SearchAction","target":{"@type":"EntryPoint","urlTemplate":"https:\/\/datarecovery.ping.fm\/pl\/?s={search_term_string}"},"query-input":"required name=search_term_string"}],"inLanguage":"pl-PL"}]}},"_links":{"self":[{"href":"https:\/\/datarecovery.ping.fm\/pl\/wp-json\/wp\/v2\/pages\/41553"}],"collection":[{"href":"https:\/\/datarecovery.ping.fm\/pl\/wp-json\/wp\/v2\/pages"}],"about":[{"href":"https:\/\/datarecovery.ping.fm\/pl\/wp-json\/wp\/v2\/types\/page"}],"replies":[{"embeddable":true,"href":"https:\/\/datarecovery.ping.fm\/pl\/wp-json\/wp\/v2\/comments?post=41553"}],"version-history":[{"count":0,"href":"https:\/\/datarecovery.ping.fm\/pl\/wp-json\/wp\/v2\/pages\/41553\/revisions"}],"wp:featuredmedia":[{"embeddable":true,"href":"https:\/\/datarecovery.ping.fm\/pl\/wp-json\/wp\/v2\/media\/41554"}],"wp:attachment":[{"href":"https:\/\/datarecovery.ping.fm\/pl\/wp-json\/wp\/v2\/media?parent=41553"}],"curies":[{"name":"wp","href":"https:\/\/api.w.org\/{rel}","templated":true}]}}