{"id":41124,"date":"2024-01-22T08:55:46","date_gmt":"2024-01-22T08:55:46","guid":{"rendered":"https:\/\/www.ping.fm\/data-recovery-software\/recover-deleted-photos-iphone\/"},"modified":"2024-04-15T19:08:48","modified_gmt":"2024-04-15T19:08:48","slug":"recover-deleted-photos-iphone","status":"publish","type":"page","link":"https:\/\/datarecovery.ping.fm\/pl\/recover-deleted-photos-iphone\/","title":{"rendered":"Tak mo\u017cesz przywr\u00f3ci\u0107 zdj\u0119cia, kt\u00f3re zosta\u0142y trwale usuni\u0119te z iPhone&#8217;a."},"content":{"rendered":"<section>\n<h1>Jak odzyska\u0107 trwale usuni\u0119te zdj\u0119cia z iPhone&#8217;a<\/h1>\n<div class=\"inbrief\">\n<div>              <img decoding=\"async\" class=\"lazyload\"  srcset=\"data:image\/png;base64,iVBORw0KGgoAAAANSUhEUgAABLAAAAKkAQMAAAAqeFQ7AAAAA3NCSVQICAjb4U\/gAAAABlBMVEX\/\/\/\/\/\/\/9VfPVsAAAAAnRSTlMA\/1uRIrUAAAAJcEhZcwAACxIAAAsSAdLdfvwAAAAcdEVYdFNvZnR3YXJlAEFkb2JlIEZpcmV3b3JrcyBDUzbovLKMAAAAFnRFWHRDcmVhdGlvbiBUaW1lADAxLzI5LzE536V52wAAAHpJREFUeJztwQENAAAAwqD3T20ON6AAAAAAAAAAAAAAAAAAAAAAAAAAAAAAAAAAAAAAAAAAAAAAAAAAAAAAAAAAAAAAAAAAAAAAAAAAAAAAAAAAAAAAAAAAAAAAAAAAAAAAAAAAAAAAAAAAAAAAAAAAAAAAAAAAAIAHA47LAAHp9LjEAAAAAElFTkSuQmCC\" src=\"https:\/\/www.ping.fm\/data-recovery-software\/wp-content\/uploads\/ai\/How-to-Recover-Permanently-Deleted-Photos-from-an-iPhone-Polish.jpg\" data-srcset=\"https:\/\/www.ping.fm\/data-recovery-software\/wp-content\/uploads\/ai\/How-to-Recover-Permanently-Deleted-Photos-from-an-iPhone-Polish.jpg\" data-lazy-type=\"image\" data-original=\"https:\/\/www.ping.fm\/data-recovery-software\/wp-content\/uploads\/ai\/How-to-Recover-Permanently-Deleted-Photos-from-an-iPhone-Polish.jpg\" alt=\"Jak odzyska\u0107 trwale usuni\u0119te zdj\u0119cia z iPhone'a\" title=\"Jak odzyska\u0107 trwale usuni\u0119te zdj\u0119cia z iPhone'a\" width=\"1280\" height=\"720\">              <\/p>\n<p>W erze cyfrowej nasze iPhone&#8217;y s\u0142u\u017c\u0105 jako skarbnice niezliczonych wspomnie\u0144 w formie zdj\u0119\u0107. Co jednak, gdy te cenne migawki zdaj\u0105 si\u0119 by\u0107 stracone na zawsze? Je\u015bli przypadkowo usun\u0105\u0142e\u015b swoje cenne obrazy, nie rozpaczaj. Istnieje kilka metod na odzyskanie utraconych zdj\u0119\u0107, nawet po ich trwa\u0142ym usuni\u0119ciu z iPhone&#8217;a. W tym przewodniku oprowadz\u0119 Ci\u0119 przez moj\u0105 osobist\u0105 podr\u00f3\u017c w celu odzyskania trwale usuni\u0119tych zdj\u0119\u0107, dziel\u0105c si\u0119 strategiami, kt\u00f3re pomog\u0142y mi osi\u0105gn\u0105\u0107 sukces. Aby jeszcze bardziej Ci pom\u00f3c, polecam przeczyta\u0107 o tym, jak poradzi\u0107 sobie z podobn\u0105 sytuacj\u0105, kiedy <a href=\"https:\/\/applesn.info\/2023\/11\/03\/how-to-fix-photos-disappeared-from-an-iphone-camera-roll\/\" rel=\"dofollow external noopener noreferrer\" target=\"_blank\" data-wpel-link=\"external\">zdj\u0119cia znikn\u0119\u0142y z roli aparatu iPhone&#8217;a<\/a>, co opisuje kilka poprawek, kt\u00f3re mo\u017cesz wypr\u00f3bowa\u0107, je\u015bli obrazy znikn\u0105 z roli aparatu.<\/p>\n<\/div>\n<\/div>\n<\/section>\n<section>\n<div>\n<div>1<\/div>\n<h2>Typowe scenariusze:<\/h2>\n<\/div>\n<h3>Przypadkowe usuni\u0119cie &#128465;<\/h3>\n<ul>\n<li>Pr\u00f3buj\u0105c zwolni\u0107 miejsce na moim iPhone&#8217;ie, przez przypadek wybra\u0142em i usun\u0105\u0142em kilka wa\u017cnych zdj\u0119\u0107 z albumu &#8222;Ostatnio usuni\u0119te&#8221;, czyni\u0105c usuni\u0119cie trwa\u0142ym.<\/li>\n<li>Podczas rutynowego sprz\u0105tania przypadkiem potwierdzi\u0142em usuni\u0119cie ca\u0142ego albumu, kt\u00f3ry zawiera\u0142 obrazy, kt\u00f3re chcia\u0142em zachowa\u0107.<\/li>\n<li>Moje dziecko uzyska\u0142o dost\u0119p do mojego iPhone&#8217;a i nieumy\u015blnie usun\u0119\u0142o kilka rodzinnych zdj\u0119\u0107, kt\u00f3re nie by\u0142y zarchiwizowane nigdzie indziej.<\/li>\n<\/ul>\n<h3>Aktualizacja oprogramowania nie powiod\u0142a si\u0119 &#128295;<\/h3>\n<ul>\n<li>Zaktualizowa\u0142em m\u00f3j iPhone do najnowszej wersji iOS, tylko po to, aby dowiedzie\u0107 si\u0119, \u017ce po zako\u0144czeniu aktualizacji brakuje niekt\u00f3rych moich zdj\u0119\u0107.<\/li>\n<li>W trakcie jailbreakowania mojego iPhone&#8217;a co\u015b posz\u0142o nie tak, co spowodowa\u0142o utrat\u0119 kilku album\u00f3w ze zdj\u0119ciami.<\/li>\n<\/ul>\n<h3>Awaria techniczna &#128736;<\/h3>\n<ul>\n<li>M\u00f3j iPhone uleg\u0142 powa\u017cnej awarii i po ponownym uruchomieniu zauwa\u017cy\u0142em, \u017ce cz\u0119\u015b\u0107 moich zdj\u0119\u0107 nie ma ju\u017c w bibliotece zdj\u0119\u0107.<\/li>\n<li>Do\u015bwiadczy\u0142em problem\u00f3w z synchronizacj\u0105 mi\u0119dzy moim iPhone&#8217;em a iCloud, co prowadzi\u0142o do niesp\u00f3jno\u015bci w moich albumach ze zdj\u0119ciami, w tym do znikni\u0119cia niekt\u00f3rych obraz\u00f3w.<\/li>\n<li>Uszkodzenie sprz\u0119tu, takie jak uszkodzony chip pami\u0119ci, spowodowa\u0142o uszkodzenie i kolejn\u0105 utrat\u0119 moich cennych zdj\u0119\u0107.<\/li>\n<\/ul>\n<\/section>\n<section class=\"stepByStep\">\n<div>\n<div>2<\/div>\n<h2>Przewodnik krok po kroku. Odzyskiwanie trwale usuni\u0119tych zdj\u0119\u0107 z iPhone&#8217;a:<\/h2>\n<\/div>\n<h3>Metoda 1: Odzyskaj z Ostatnio Usuni\u0119tych &#128338;<\/h3>\n<ul>\n<li>Otw\u00f3rz aplikacj\u0119 <b>Zdj\u0119cia<\/b> na swoim iPhone&#8217;ie.<\/li>\n<li>Przewi\u0144 w d\u00f3\u0142 i naci\u015bnij na zak\u0142adk\u0119 <b>Albumy<\/b>.<\/li>\n<li>Znajd\u017a album <b>Ostatnio Usuni\u0119te<\/b> i otw\u00f3rz go.<\/li>\n<li>Wybierz <b>zdj\u0119cia<\/b>, kt\u00f3re chcesz odzyska\u0107, a nast\u0119pnie naci\u015bnij <b>Odzyskaj<\/b>.<\/li>\n<li>Potwierd\u017a, \u017ce chcesz odzyska\u0107 wybrane zdj\u0119cia.<\/li>\n<\/ul>\n<p><b>Uwaga:<\/b> Ta metoda jest skuteczna tylko wtedy, gdy zdj\u0119cia zosta\u0142y usuni\u0119te w ci\u0105gu ostatnich 30 dni i nie zosta\u0142y usuni\u0119te z albumu Ostatnio Usuni\u0119te.<\/p>\n<p><b>Wniosek:<\/b> Odzyskiwanie zdj\u0119\u0107 z albumu Ostatnio Usuni\u0119te jest pierwszym dzia\u0142aniem i jest zdumiewaj\u0105co proste, je\u015bli zdj\u0119cia zosta\u0142y niedawno usuni\u0119te.<\/p>\n<h3>Metoda 2: Przywr\u00f3\u0107 z kopii zapasowej iCloud &#128190;<\/h3>\n<ul>\n<li>Przed przyst\u0105pieniem upewnij si\u0119, \u017ce masz <b>kopi\u0119 zapasow\u0105 iCloud<\/b>, kt\u00f3ra zosta\u0142a utworzona przed usuni\u0119ciem zdj\u0119\u0107.<\/li>\n<li>Odwied\u017a <a href=\"https:\/\/www.icloud.com\/\" rel=\"nofollow external noopener noreferrer\" target=\"_blank\" data-wpel-link=\"external\">iCloud.com<\/a> na komputerze i zaloguj si\u0119 za pomoc\u0105 swoich danych logowania Apple ID.<\/li>\n<li>Przejd\u017a do zak\u0142adki <b>Zdj\u0119cia<\/b> i sprawd\u017a, czy usuni\u0119te zdj\u0119cia s\u0105 dost\u0119pne online.<\/li>\n<li>Je\u015bli zdj\u0119\u0107 nie ma na iCloud.com, by\u0107 mo\u017ce b\u0119dzie trzeba wykona\u0107 pe\u0142ne przywr\u00f3cenie. Na swoim iPhone&#8217;ie przejd\u017a do <b>Ustawienia<\/b> > Og\u00f3lne > Resetuj > <b>Wyma\u017c zawarto\u015b\u0107 i ustawienia<\/b>.<\/li>\n<li>Po ponownym uruchomieniu iPhone&#8217;a post\u0119puj zgodnie z instrukcjami na ekranie, aby <b>Przywr\u00f3ci\u0107 z kopii zapasowej iCloud<\/b> w trakcie procesu konfiguracji. Wybierz kopi\u0119 zapasow\u0105 zawieraj\u0105c\u0105 utracone zdj\u0119cia.<\/li>\n<\/ul>\n<p><b>Uwaga:<\/b> Przywracanie z kopii zapasowej iCloud spowoduje zast\u0105pienie wszystkich aktualnych danych na iPhone&#8217;ie danymi z kopii zapasowej, dlatego post\u0119puj ostro\u017cnie.<\/p>\n<p><b>Wniosek:<\/b> Je\u015bli zdj\u0119cia, kt\u00f3rych szukasz do odzyskania, s\u0105 zawarte w wcze\u015bniej wykonanej kopii zapasowej iCloud, ta metoda mo\u017ce by\u0107 bardzo skuteczna, cho\u0107 wi\u0105\u017ce si\u0119 z ryzykiem zast\u0105pienia danych.<\/p>\n<h3>Metoda 3: Odzyskaj z kopii zapasowej iTunes\/Finder &#128421;<\/h3>\n<ul>\n<li>Pod\u0142\u0105cz swojego iPhone&#8217;a do komputera, na kt\u00f3rym wcze\u015bniej wykona\u0142e\u015b kopi\u0119 zapasow\u0105 za pomoc\u0105 <b>iTunes<\/b> (na systemie macOS Mojave lub starszym\/Windows) lub <b>Finder<\/b> (na macOS Catalina lub nowszych).<\/li>\n<li>Otw\u00f3rz iTunes lub Finder, w zale\u017cno\u015bci od systemu operacyjnego.<\/li>\n<li>Wybierz swoje urz\u0105dzenie, kiedy pojawi si\u0119 w oprogramowaniu.<\/li>\n<li>Wybierz <b>Przywr\u00f3\u0107 kopi\u0119 zapasow\u0105<\/b> i wybierz najbardziej odpowiedni\u0105 kopi\u0119 zapasow\u0105 zawieraj\u0105c\u0105 utracone zdj\u0119cia.<\/li>\n<li>Kliknij <b>Przywr\u00f3\u0107<\/b> i poczekaj na zako\u0144czenie procesu.<\/li>\n<\/ul>\n<p><b>Uwaga:<\/b> Podobnie jak przy metodzie odzyskiwania z iCloud, to zast\u0105pi dane na Twoim iPhone&#8217;ie zawarto\u015bci\u0105 wybranej kopii zapasowej.<\/p>\n<p><b>Wniosek:<\/b> Je\u015bli regularnie wykonujesz kopi\u0119 zapasow\u0105 za pomoc\u0105 iTunes lub Finder, ta metoda mo\u017ce by\u0107 zbawienna, ca\u0142kowicie przywracaj\u0105c Tw\u00f3j iPhone, w tym przypadkowo usuni\u0119te zdj\u0119cia.<\/p>\n<h3>Metoda 4: U\u017cyj oprogramowania do odzyskiwania danych firm trzecich &#128736;<\/h3>\n<ul>\n<li>Pobierz i zainstaluj renomowane oprogramowanie do odzyskiwania danych firm trzecich na swoim komputerze.<\/li>\n<li>Pod\u0142\u0105cz swojego iPhone&#8217;a do komputera i uruchom oprogramowanie do odzyskiwania.<\/li>\n<li>Post\u0119puj zgodnie z instrukcjami na ekranie, aby przeskanowa\u0107 iPhone&#8217;a pod k\u0105tem mo\u017cliwo\u015bci odzyskania zdj\u0119\u0107.<\/li>\n<li>Podgl\u0105daj znalezione zdj\u0119cia, wybierz te, kt\u00f3re chcesz odzyska\u0107, i kontynuuj proces odzyskiwania.<\/li>\n<li>Zapisz przywr\u00f3cone zdj\u0119cia na komputerze.<\/li>\n<\/ul>\n<p><b>Uwaga:<\/b> Nie wszystkie oprogramowania firm trzecich mog\u0105 gwarantowa\u0107 odzyskanie, a niekt\u00f3re mog\u0105 wymaga\u0107 zakupu pe\u0142nej funkcjonalno\u015bci.<\/p>\n<p><b>Wniosek:<\/b> Oprogramowanie do odzyskiwania danych firm trzecich mo\u017ce by\u0107 pot\u0119\u017cn\u0105 opcj\u0105, zdoln\u0105 do odzyskiwania zdj\u0119\u0107, kt\u00f3rych inne metody nie s\u0105 w stanie, cho\u0107 cz\u0119sto wi\u0105\u017ce si\u0119 to z kosztami.<\/p>\n<h3>Metoda 5: Sprawd\u017a inne urz\u0105dzenia zsynchronizowane z iCloud &#128260;<\/h3>\n<ul>\n<li>Je\u015bli masz inne urz\u0105dzenia (takie jak iPad lub Mac) zsynchronizowane z tym samym kontem iCloud, otw\u00f3rz aplikacj\u0119 <b>Zdj\u0119cia<\/b> na tych urz\u0105dzeniach.<\/li>\n<li>Szukaj usuni\u0119tych zdj\u0119\u0107 w albumie <b>Ostatnio Usuni\u0119te<\/b> lub g\u0142\u00f3wnej bibliotece zdj\u0119\u0107.<\/li>\n<li>Je\u015bli zostan\u0105 znalezione, mo\u017cesz przes\u0142a\u0107 je z powrotem na sw\u00f3j iPhone za pomoc\u0105 <b>AirDrop<\/b>, e-maila lub przez udost\u0119pnianie zdj\u0119\u0107 iCloud.<\/li>\n<\/ul>\n<p><b>Uwaga:<\/b> Ta metoda dzia\u0142a tylko wtedy, gdy zdj\u0119cia nie zosta\u0142y usuni\u0119te z zsynchronizowanych urz\u0105dze\u0144 lub iClouda.<\/p>\n<p><b>Wniosek:<\/b> Wykorzystanie innych urz\u0105dze\u0144 zsynchronizowanych z Twoim kontem iCloud mo\u017ce niespodziewanie uratowa\u0107 sytuacj\u0119, oferuj\u0105c prosty spos\u00f3b na przywr\u00f3cenie utraconych wspomnie\u0144.<\/p>\n<\/section>\n<section>\n<div>\n<div>3<\/div>\n<h2>Wideo z Youtube do obejrzenia<\/h2>\n<\/div>\n<div class=\"iframe\"><span class=\"lazyload\" data-original_content=\"PGlmcmFtZSB3aWR0aD0iNDIwIiBoZWlnaHQ9IjMxNSIgc3JjPSIvL3d3dy55b3V0dWJlLmNvbS9lbWJlZC84WF80bHdPMUZjMCIgZnJhbWVib3JkZXI9IjAiIGFsbG93ZnVsbHNjcmVlbj48L2lmcmFtZT4=\"><\/span><\/div>\n<\/section>\n<p>&#13; <\/p>\n<section>\n<div>\n<div>4<\/div>\n<h2>\u015arodki ostro\u017cno\u015bci i wskaz\u00f3wki:<\/h2>\n<\/div>\n<h3>Strategie kopii zapasowych zapobiegaj\u0105ce utracie danych &#128737;<\/h3>\n<ul>\n<li>Regularnie tw\u00f3rz kopie zapasowe swojego iPhone&#8217;a w iCloud lub na komputerze, aby chroni\u0107 si\u0119 przed przypadkowym usuni\u0119ciem.<\/li>\n<li>Rozwa\u017c wykorzystanie dodatkowych us\u0142ug w chmurze, jak Google Photos czy Dropbox, dla zwi\u0119kszenia redundancji.<\/li>\n<li>Aktywuj <b>Zdj\u0119cia iCloud<\/b>, aby ca\u0142a twoja biblioteka zdj\u0119\u0107 by\u0142a bezpiecznie zapisana i aktualizowana we wszystkich twoich urz\u0105dzeniach.<\/li>\n<li>B\u0105d\u017a czujny, kiedy dajesz sw\u00f3j iPhone dzieciom lub innym osobom, kt\u00f3re mog\u0105 nieumy\u015blnie usun\u0105\u0107 zawarto\u015b\u0107.<\/li>\n<\/ul>\n<\/section>\n<p>&#13; <\/p>\n<section>\n<div>\n<div>5<\/div>\n<h2>Wgl\u0105d w odzyskiwanie danych<\/h2>\n<\/div>\n<p>Utrata zdj\u0119\u0107 na iPhone&#8217;ie mo\u017ce by\u0107 niezwykle stresuj\u0105cym wydarzeniem, zw\u0142aszcza je\u015bli usuni\u0119te zdj\u0119cia maj\u0105 dla ciebie warto\u015b\u0107 sentymentaln\u0105. Poza metodami, kt\u00f3re przedstawi\u0142em, wa\u017cne jest zrozumienie technicznego aspektu odzyskiwania danych. Kiedy usuniesz zdj\u0119cie z iPhone&#8217;a, nie jest ono natychmiastowo usuwane z pami\u0119ci urz\u0105dzenia. Zamiast tego przestrze\u0144, kt\u00f3r\u0105 zajmuje, jest oznaczana jako dost\u0119pna do zast\u0105pienia przez nowe dane. To oznacza, \u017ce szybkie dzia\u0142anie jest kluczowe dla odzyskania danych, najlepiej przed robieniem nowych zdj\u0119\u0107 lub pobieraniem aplikacji, kt\u00f3re mog\u0105 nadpisa\u0107 &#8222;usuni\u0119te&#8221; obrazy.<\/p>\n<p>Ponadto, legalne oprogramowanie takie jak Digital Forensics Framework lub narz\u0119dzia open-source, na przyk\u0142ad Photorec, czasem mo\u017cna wykorzysta\u0107 do odzyskiwania zdj\u0119\u0107, chocia\u017c techniki te zazwyczaj wymagaj\u0105 wy\u017cszego poziomu umiej\u0119tno\u015bci technicznych i wi\u0105\u017c\u0105 si\u0119 ze swoim zestawem ryzyk. Najlepiej korzysta\u0107 z profesjonalnych us\u0142ug, je\u015bli rozwa\u017ca si\u0119 t\u0119 \u015bcie\u017ck\u0119.<\/p>\n<p>Na koniec pami\u0119taj, \u017ce zapobieganie utracie danych jest zawsze \u0142atwiejsze ni\u017c ich odzyskiwanie. Dobre praktyki higieny cyfrowej, regularne tworzenie kopii zapasowych danych oraz dba\u0142o\u015b\u0107 o fizyczne zabezpieczenie urz\u0105dzenia to najlepsze strategie na bezpiecze\u0144stwo twoich danych.<\/p>\n<\/section>\n<section>\n<h2>Podsumowanie:<\/h2>\n<div class=\"nonp\">\n<p>Podsumowuj\u0105c m\u00f3j szczeg\u00f3\u0142owy przewodnik dotycz\u0105cy odzyskiwania trwale usuni\u0119tych zdj\u0119\u0107 z iPhone&#8217;a, jest oczywiste, \u017ce istnieje wiele mo\u017cliwo\u015bci do rozwa\u017cenia. Niezale\u017cnie od tego, czy zostan\u0105 wykorzystane wbudowane opcje przywracania, poleganie na kopii zapasowych, czy te\u017c u\u017cycie oprogramowania firm trzecich, istnieje du\u017ca szansa na odzyskanie cennych zdj\u0119\u0107. Jednak zapobieganie jest zawsze lepsze ni\u017c leczenie. Regularne tworzenie kopii zapasowych i ostro\u017cne obchodzenie si\u0119 z iPhone&#8217;em mo\u017ce pom\u00f3c unikn\u0105\u0107 scenariuszy utraty zdj\u0119\u0107. Pami\u0119taj, \u017ce gdy dojdzie do nieoczekiwanego usuni\u0119cia, szybkie i \u015bwiadome dzia\u0142anie mo\u017ce oznacza\u0107 r\u00f3\u017cnic\u0119 mi\u0119dzy rozpacz\u0105 a ulg\u0105.<\/p>\n<\/div>\n<\/section>\n","protected":false},"excerpt":{"rendered":"<p>Jak odzyska\u0107 trwale usuni\u0119te zdj\u0119cia z iPhone&#8217;a W erze cyfrowej nasze iPhone&#8217;y s\u0142u\u017c\u0105 jako skarbnice niezliczonych wspomnie\u0144 w formie zdj\u0119\u0107. Co jednak, gdy te cenne migawki zdaj\u0105 si\u0119 by\u0107 stracone na zawsze? Je\u015bli przypadkowo usun\u0105\u0142e\u015b swoje cenne obrazy, nie rozpaczaj. Istnieje kilka metod na odzyskanie utraconych zdj\u0119\u0107, nawet po ich trwa\u0142ym usuni\u0119ciu z iPhone&#8217;a. W [&hellip;]<\/p>\n","protected":false},"author":0,"featured_media":41125,"parent":0,"menu_order":0,"comment_status":"closed","ping_status":"closed","template":"chromecast.php","meta":{"_stopmodifiedupdate":false,"_modified_date":"","_lmt_disableupdate":"","_lmt_disable":""},"acf":[],"yoast_head":"<!-- This site is optimized with the Yoast SEO plugin v20.9 - https:\/\/yoast.com\/wordpress\/plugins\/seo\/ -->\n<title>Tak mo\u017cesz zawsze odzyska\u0107 zdj\u0119cia, kt\u00f3re zosta\u0142y trwale usuni\u0119te z iPhone&#039;a | 2024<\/title>\n<meta name=\"robots\" content=\"index, follow, max-snippet:-1, max-image-preview:large, max-video-preview:-1\" \/>\n<link rel=\"canonical\" href=\"https:\/\/datarecovery.ping.fm\/pl\/recover-deleted-photos-iphone\/\" \/>\n<meta property=\"og:locale\" content=\"pl_PL\" \/>\n<meta property=\"og:type\" content=\"article\" \/>\n<meta property=\"og:title\" content=\"Tak mo\u017cesz zawsze odzyska\u0107 zdj\u0119cia, kt\u00f3re zosta\u0142y trwale usuni\u0119te z iPhone&#039;a | 2024\" \/>\n<meta property=\"og:description\" content=\"Jak odzyska\u0107 trwale usuni\u0119te zdj\u0119cia z iPhone&#8217;a W erze cyfrowej nasze iPhone&#8217;y s\u0142u\u017c\u0105 jako skarbnice niezliczonych wspomnie\u0144 w formie zdj\u0119\u0107. Co jednak, gdy te cenne migawki zdaj\u0105 si\u0119 by\u0107 stracone na zawsze? Je\u015bli przypadkowo usun\u0105\u0142e\u015b swoje cenne obrazy, nie rozpaczaj. Istnieje kilka metod na odzyskanie utraconych zdj\u0119\u0107, nawet po ich trwa\u0142ym usuni\u0119ciu z iPhone&#8217;a. W [&hellip;]\" \/>\n<meta property=\"og:url\" content=\"https:\/\/datarecovery.ping.fm\/pl\/recover-deleted-photos-iphone\/\" \/>\n<meta property=\"og:site_name\" content=\"Data Recovery Software\" \/>\n<meta property=\"article:modified_time\" content=\"2024-04-15T19:08:48+00:00\" \/>\n<meta property=\"og:image\" content=\"https:\/\/datarecovery.ping.fm\/wp-content\/uploads\/2024\/04\/How-to-Recover-Permanently-Deleted-Photos-from-an-iPhone-Polish.jpg\" \/>\n\t<meta property=\"og:image:width\" content=\"1280\" \/>\n\t<meta property=\"og:image:height\" content=\"731\" \/>\n\t<meta property=\"og:image:type\" content=\"image\/jpeg\" \/>\n<meta name=\"twitter:card\" content=\"summary_large_image\" \/>\n<meta name=\"twitter:label1\" content=\"Est. reading time\" \/>\n\t<meta name=\"twitter:data1\" content=\"7 minut\" \/>\n<script type=\"application\/ld+json\" class=\"yoast-schema-graph\">{\"@context\":\"https:\/\/schema.org\",\"@graph\":[{\"@type\":\"WebPage\",\"@id\":\"https:\/\/datarecovery.ping.fm\/pl\/recover-deleted-photos-iphone\/\",\"url\":\"https:\/\/datarecovery.ping.fm\/pl\/recover-deleted-photos-iphone\/\",\"name\":\"Tak mo\u017cesz zawsze odzyska\u0107 zdj\u0119cia, kt\u00f3re zosta\u0142y trwale usuni\u0119te z iPhone'a | 2024\",\"isPartOf\":{\"@id\":\"https:\/\/datarecovery.ping.fm\/pl\/#website\"},\"datePublished\":\"2024-01-22T08:55:46+00:00\",\"dateModified\":\"2024-04-15T19:08:48+00:00\",\"breadcrumb\":{\"@id\":\"https:\/\/datarecovery.ping.fm\/pl\/recover-deleted-photos-iphone\/#breadcrumb\"},\"inLanguage\":\"pl-PL\",\"potentialAction\":[{\"@type\":\"ReadAction\",\"target\":[\"https:\/\/datarecovery.ping.fm\/pl\/recover-deleted-photos-iphone\/\"]}]},{\"@type\":\"BreadcrumbList\",\"@id\":\"https:\/\/datarecovery.ping.fm\/pl\/recover-deleted-photos-iphone\/#breadcrumb\",\"itemListElement\":[{\"@type\":\"ListItem\",\"position\":1,\"name\":\"Home\",\"item\":\"https:\/\/datarecovery.ping.fm\/pl\/\"},{\"@type\":\"ListItem\",\"position\":2,\"name\":\"Tak mo\u017cesz przywr\u00f3ci\u0107 zdj\u0119cia, kt\u00f3re zosta\u0142y trwale usuni\u0119te z iPhone&#8217;a.\"}]},{\"@type\":\"WebSite\",\"@id\":\"https:\/\/datarecovery.ping.fm\/pl\/#website\",\"url\":\"https:\/\/datarecovery.ping.fm\/pl\/\",\"name\":\"Data Recovery Software\",\"description\":\"\",\"potentialAction\":[{\"@type\":\"SearchAction\",\"target\":{\"@type\":\"EntryPoint\",\"urlTemplate\":\"https:\/\/datarecovery.ping.fm\/pl\/?s={search_term_string}\"},\"query-input\":\"required name=search_term_string\"}],\"inLanguage\":\"pl-PL\"}]}<\/script>\n<!-- \/ Yoast SEO plugin. -->","yoast_head_json":{"title":"Tak mo\u017cesz zawsze odzyska\u0107 zdj\u0119cia, kt\u00f3re zosta\u0142y trwale usuni\u0119te z iPhone'a | 2024","robots":{"index":"index","follow":"follow","max-snippet":"max-snippet:-1","max-image-preview":"max-image-preview:large","max-video-preview":"max-video-preview:-1"},"canonical":"https:\/\/datarecovery.ping.fm\/pl\/recover-deleted-photos-iphone\/","og_locale":"pl_PL","og_type":"article","og_title":"Tak mo\u017cesz zawsze odzyska\u0107 zdj\u0119cia, kt\u00f3re zosta\u0142y trwale usuni\u0119te z iPhone'a | 2024","og_description":"Jak odzyska\u0107 trwale usuni\u0119te zdj\u0119cia z iPhone&#8217;a W erze cyfrowej nasze iPhone&#8217;y s\u0142u\u017c\u0105 jako skarbnice niezliczonych wspomnie\u0144 w formie zdj\u0119\u0107. Co jednak, gdy te cenne migawki zdaj\u0105 si\u0119 by\u0107 stracone na zawsze? Je\u015bli przypadkowo usun\u0105\u0142e\u015b swoje cenne obrazy, nie rozpaczaj. Istnieje kilka metod na odzyskanie utraconych zdj\u0119\u0107, nawet po ich trwa\u0142ym usuni\u0119ciu z iPhone&#8217;a. W [&hellip;]","og_url":"https:\/\/datarecovery.ping.fm\/pl\/recover-deleted-photos-iphone\/","og_site_name":"Data Recovery Software","article_modified_time":"2024-04-15T19:08:48+00:00","og_image":[{"width":1280,"height":731,"url":"https:\/\/datarecovery.ping.fm\/wp-content\/uploads\/2024\/04\/How-to-Recover-Permanently-Deleted-Photos-from-an-iPhone-Polish.jpg","type":"image\/jpeg"}],"twitter_card":"summary_large_image","twitter_misc":{"Est. reading time":"7 minut"},"schema":{"@context":"https:\/\/schema.org","@graph":[{"@type":"WebPage","@id":"https:\/\/datarecovery.ping.fm\/pl\/recover-deleted-photos-iphone\/","url":"https:\/\/datarecovery.ping.fm\/pl\/recover-deleted-photos-iphone\/","name":"Tak mo\u017cesz zawsze odzyska\u0107 zdj\u0119cia, kt\u00f3re zosta\u0142y trwale usuni\u0119te z iPhone'a | 2024","isPartOf":{"@id":"https:\/\/datarecovery.ping.fm\/pl\/#website"},"datePublished":"2024-01-22T08:55:46+00:00","dateModified":"2024-04-15T19:08:48+00:00","breadcrumb":{"@id":"https:\/\/datarecovery.ping.fm\/pl\/recover-deleted-photos-iphone\/#breadcrumb"},"inLanguage":"pl-PL","potentialAction":[{"@type":"ReadAction","target":["https:\/\/datarecovery.ping.fm\/pl\/recover-deleted-photos-iphone\/"]}]},{"@type":"BreadcrumbList","@id":"https:\/\/datarecovery.ping.fm\/pl\/recover-deleted-photos-iphone\/#breadcrumb","itemListElement":[{"@type":"ListItem","position":1,"name":"Home","item":"https:\/\/datarecovery.ping.fm\/pl\/"},{"@type":"ListItem","position":2,"name":"Tak mo\u017cesz przywr\u00f3ci\u0107 zdj\u0119cia, kt\u00f3re zosta\u0142y trwale usuni\u0119te z iPhone&#8217;a."}]},{"@type":"WebSite","@id":"https:\/\/datarecovery.ping.fm\/pl\/#website","url":"https:\/\/datarecovery.ping.fm\/pl\/","name":"Data Recovery Software","description":"","potentialAction":[{"@type":"SearchAction","target":{"@type":"EntryPoint","urlTemplate":"https:\/\/datarecovery.ping.fm\/pl\/?s={search_term_string}"},"query-input":"required name=search_term_string"}],"inLanguage":"pl-PL"}]}},"_links":{"self":[{"href":"https:\/\/datarecovery.ping.fm\/pl\/wp-json\/wp\/v2\/pages\/41124"}],"collection":[{"href":"https:\/\/datarecovery.ping.fm\/pl\/wp-json\/wp\/v2\/pages"}],"about":[{"href":"https:\/\/datarecovery.ping.fm\/pl\/wp-json\/wp\/v2\/types\/page"}],"replies":[{"embeddable":true,"href":"https:\/\/datarecovery.ping.fm\/pl\/wp-json\/wp\/v2\/comments?post=41124"}],"version-history":[{"count":0,"href":"https:\/\/datarecovery.ping.fm\/pl\/wp-json\/wp\/v2\/pages\/41124\/revisions"}],"wp:featuredmedia":[{"embeddable":true,"href":"https:\/\/datarecovery.ping.fm\/pl\/wp-json\/wp\/v2\/media\/41125"}],"wp:attachment":[{"href":"https:\/\/datarecovery.ping.fm\/pl\/wp-json\/wp\/v2\/media?parent=41124"}],"curies":[{"name":"wp","href":"https:\/\/api.w.org\/{rel}","templated":true}]}}