{"id":40528,"date":"2024-01-09T20:38:49","date_gmt":"2024-01-09T20:38:49","guid":{"rendered":"https:\/\/www.ping.fm\/data-recovery-software\/recover-deleted-minecraft-worlds\/"},"modified":"2024-04-15T17:32:36","modified_gmt":"2024-04-15T17:32:36","slug":"recover-deleted-minecraft-worlds","status":"publish","type":"page","link":"https:\/\/datarecovery.ping.fm\/pl\/recover-deleted-minecraft-worlds\/","title":{"rendered":"Jak odzyska\u0107 usuni\u0119te \u015bwiaty Minecraft"},"content":{"rendered":"<section>\n<h1>Jak odzyska\u0107 usuni\u0119te \u015bwiaty w Minecraft<\/h1>\n<div class=\"inbrief\">\n<div>             <img src=\"https:\/\/www.ping.fm\/data-recovery-software\/wp-content\/uploads\/ai\/How-to-Recover-Deleted-Minecraft-Worlds-Polish.jpg\" alt=\"Jak odzyska\u0107 usuni\u0119te \u015bwiaty w Minecraft\" title=\"Jak odzyska\u0107 usuni\u0119te \u015bwiaty w Minecraft\" width=\"1280\" height=\"720\">             <\/p>\n<p>Minecraft, niezwykle popularna gra typu sandbox, podbija serca graczy dzi\u0119ki niesko\u0144czonym mo\u017cliwo\u015bciom eksploracji, budowania i przygody. Jednym z najbardziej przygn\u0119biaj\u0105cych do\u015bwiadcze\u0144 mo\u017ce by\u0107 przypadkowe usuni\u0119cie starannie wykonanego \u015bwiata w Minecraft. Niezale\u017cnie od tego, czy jest to spowodowane awari\u0105 gry, niezamierzonym klikni\u0119ciem lub innymi nieprzewidzianymi okoliczno\u015bciami, utrata twojego cyfrowego dzie\u0142a mo\u017ce by\u0107 druzgoc\u0105ca. Nie l\u0119kaj si\u0119, wsp\u00f3\u0142tw\u00f3rco! W tym artykule przeprowadz\u0119 ci\u0119 przez proces odzyskiwania usuni\u0119tych \u015bwiat\u00f3w Minecraft zar\u00f3wno na komputerach PC, jak i urz\u0105dzeniach mobilnych. Podziel\u0119 si\u0119 r\u00f3wnie\u017c moim osobistym do\u015bwiadczeniem z u\u017cyciem <b>Disk Drill<\/b>, w\u015br\u00f3d innych metod, aby odzyska\u0107 te cenne klocki z otch\u0142ani cyfrowej zapomnienia.<\/p>\n<\/div>\n<\/div>\n<\/section>\n<section>\n<div>\n<div>1<\/div>\n<h2>Cz\u0119ste scenariusze:<\/h2>\n<\/div>\n<h3>Przypadkowe usuni\u0119cie \u015bwiata &#128465;<\/h3>\n<ul>\n<li>Przypadkowe naci\u015bni\u0119cie 'Usu\u0144&#8217; przy pr\u00f3bie wczytania \u015bwiata.<\/li>\n<li>Oczyszczanie niepotrzebnych plik\u00f3w i przez pomy\u0142k\u0119 do\u0142\u0105czanie zapis\u00f3w Minecraft.<\/li>\n<li>Awaria gry, kt\u00f3ra skutkuje uszkodzeniem lub brakiem plik\u00f3w \u015bwiata.<\/li>\n<\/ul>\n<h3>Nieudane aktualizacje i mody &#128736;<\/h3>\n<ul>\n<li>Instalacja nowego moda lub aktualizacji gry, kt\u00f3ra uszkadza istniej\u0105ce zapisy \u015bwiata.<\/li>\n<li>Aktualizacja si\u0119 nie powiod\u0142a, powoduj\u0105c utrat\u0119 dost\u0119pu do twoich \u015bwiat\u00f3w w Minecraft.<\/li>\n<li>Konflikty mod\u00f3w prowadz\u0105ce do usuni\u0119cia lub uszkodzenia plik\u00f3w gry.<\/li>\n<\/ul>\n<h3>Techniczne usterki i b\u0142\u0119dy &#128187;<\/h3>\n<ul>\n<li>Awarie systemu skutkuj\u0105ce utrat\u0105 lub brakiem dost\u0119pu do plik\u00f3w.<\/li>\n<li>B\u0142\u0119dy programu Minecraft powoduj\u0105ce znikni\u0119cie \u015bwiat\u00f3w.<\/li>\n<li>Niespodziewane przerwy w dostawie pr\u0105du lub restarty systemu podczas grania.<\/li>\n<\/ul>\n<\/section>\n<section class=\"stepByStep\">\n<div>\n<div>2<\/div>\n<h2>Przewodnik krok po kroku. Odzyskaj usuni\u0119te \u015bwiaty Minecraft:<\/h2>\n<\/div>\n<h3>Metoda 1: Sprawd\u017a Kosz &#128465;<\/h3>\n<ul>\n<li>Otw\u00f3rz sw\u00f3j <b>Kosz<\/b> klikaj\u0105c dwukrotnie jego ikon\u0119 na pulpicie.<\/li>\n<li>Szukaj usuni\u0119tego <b>folderu \u015bwiata Minecraft<\/b> lub plik\u00f3w, kt\u00f3re zosta\u0142y przypadkowo usuni\u0119te. Ich nazwy zwykle odpowiadaj\u0105 nazwie twojego usuni\u0119tego \u015bwiata.<\/li>\n<li>Kliknij prawym przyciskiem myszy na folderze\/plikach i wybierz &#8217;<b>Przywr\u00f3\u0107<\/b>&#8217;, aby odzyska\u0107 je z powrotem w oryginalnej lokalizacji.<\/li>\n<\/ul>\n<p><b>Uwaga:<\/b> Ta metoda dzia\u0142a tylko w przypadku, gdy usuni\u0119te pliki nie zosta\u0142y trwale usuni\u0119te z Kosza.<\/p>\n<p><b>Wniosek:<\/b> Odzyskiwanie plik\u00f3w z Kosza jest prostym i skutecznym sposobem, je\u015bli usuni\u0119cie by\u0142o niedawne i pliki nie zosta\u0142y trwale usuni\u0119te.<\/p>\n<h3>Metoda 2: U\u017cywanie przywracania systemu na PC &#128338;<\/h3>\n<ul>\n<li>Wejd\u017a do <b>Przywracania systemu<\/b> wpisuj\u0105c 'Utw\u00f3rz punkt przywracania&#8217; w pasku wyszukiwania Windows i otwieraj\u0105c okno dialogowe W\u0142a\u015bciwo\u015bci systemu.<\/li>\n<li>Kliknij na &#8217;<b>Przywracanie systemu&#8230;<\/b>&#8217; i post\u0119puj zgodnie z instrukcjami, aby wybra\u0107 punkt przywracania sprzed usuni\u0119cia.<\/li>\n<li>Przeprowad\u017a proces przywracania, pami\u0119taj\u0105c, \u017ce mo\u017ce to wp\u0142yn\u0105\u0107 na niedawno zainstalowane oprogramowanie i aktualizacje.<\/li>\n<\/ul>\n<p><b>Uwaga:<\/b> Ta metoda zadzia\u0142a tylko je\u015bli ochrona systemu jest w\u0142\u0105czona i masz dost\u0119pny odpowiedni punkt przywracania.<\/p>\n<p><b>Wniosek:<\/b> Przywracanie systemu to pot\u0119\u017cne narz\u0119dzie do cofania systemu do wcze\u015bniejszego stanu, kt\u00f3re mo\u017ce odzyska\u0107 usuni\u0119te \u015bwiaty Minecraft, je\u015bli niedawne zmiany w systemie s\u0105 przyczyn\u0105 problemu.<\/p>\n<h3>Metoda 3: Odzyskaj z folderu 'saves&#8217; Minecraft na PC &#128190;<\/h3>\n<ul>\n<li>Nawiguj do folderu 'saves&#8217; Minecraft na swoim PC. Domy\u015blna \u015bcie\u017cka to zwykle &#8217;<b>C:Users[Tw\u00f3j U\u017cytkownik]AppDataRoaming.minecraftsaves<\/b>&#8217;.<\/li>\n<li>Sprawd\u017a, czy folder usuni\u0119tego \u015bwiata nadal tam jest. Czasami gra mo\u017ce nie usun\u0105\u0107 poprawnie plik\u00f3w, pozostawiaj\u0105c je w folderze saves.<\/li>\n<li>Je\u015bli znajdziesz, skopiuj folder w inne miejsce i spr\u00f3buj wczyta\u0107 go w grze, aby upewni\u0107 si\u0119, \u017ce to odpowiedni \u015bwiat i dzia\u0142a.<\/li>\n<\/ul>\n<p><b>Uwaga:<\/b> Ta metoda opiera si\u0119 na mo\u017cliwo\u015bci, \u017ce pliki mog\u0142y nie zosta\u0107 trwale usuni\u0119te przez gr\u0119.<\/p>\n<p><b>Wniosek:<\/b> Bezpo\u015brednie sprawdzenie folderu saves jest szybkim sprawdzeniem, kt\u00f3re mo\u017ce potencjalnie uratowa\u0107 tw\u00f3j \u015bwiat bez potrzeby u\u017cycia dodatkowych narz\u0119dzi do odzyskiwania.<\/p>\n<h3>Metoda 4: U\u017cycie <b>Disk Drill<\/b> do odzyskiwania danych &#9881;<\/h3>\n<ul>\n<li>Pobierz i zainstaluj <b>Disk Drill<\/b> ze <a href='https:\/\/www.cleverfiles.com\/' rel=\"nofollow noopener\" target='_blank'>strony oficjalnej<\/a>.<\/li>\n<li>Uruchom <b>Disk Drill<\/b> i wybierz dysk, na kt\u00f3rym s\u0105 (lub by\u0142y) przechowywane twoje \u015bwiaty Minecraft.<\/li>\n<li>Kliknij &#8217;<b>Odzyskaj<\/b>&#8217; i pozw\u00f3l Disk Drill przeskanowa\u0107 dysk w poszukiwaniu usuni\u0119tych plik\u00f3w. B\u0105d\u017a cierpliwy, gdy\u017c proces mo\u017ce potrwa\u0107 chwil\u0119.<\/li>\n<li>Po zako\u0144czeniu skanowania szukaj folder\u00f3w nazwanych po twoich \u015bwiatach Minecraft, wybierz je i kliknij ponownie &#8217;<b>Odzyskaj<\/b>&#8217;.<\/li>\n<\/ul>\n<p><b>Uwaga:<\/b> Szanse na sukces mog\u0105 si\u0119 r\u00f3\u017cni\u0107, a odzyskanie danych jest zwykle bardziej efektywne, gdy podejmowane jest jak najszybciej po usuni\u0119ciu.<\/p>\n<p><b>Wniosek:<\/b> <b>Disk Drill<\/b> to pot\u0119\u017cne narz\u0119dzie do odzyskiwania danych, kt\u00f3re mo\u017ce potencjalnie przywr\u00f3ci\u0107 twoje \u015bwiaty Minecraft nawet po ich usuni\u0119ciu.<\/p>\n<h3>Metoda 5: Przywr\u00f3\u0107 kopie zapasowe \u015bwiat\u00f3w na PC &#128281;<\/h3>\n<ul>\n<li>Sprawd\u017a, czy ty lub gra Minecraft utworzyli\u015bcie kopie zapasowe twoich \u015bwiat\u00f3w, odwiedzaj\u0105c folder &#8217;<b>backups<\/b>&#8217;, kt\u00f3ry znajduje si\u0119 zazwyczaj w katalogu Minecraft.<\/li>\n<li>Je\u015bli znajdziesz niedawn\u0105 kopi\u0119 zapasow\u0105, wypakuj pliki przy u\u017cyciu narz\u0119dzia takiego jak WinRAR lub 7-Zip.<\/li>\n<li>Przenie\u015b wypakowane dane \u015bwiata do folderu &#8217;<b>saves<\/b>&#8217; i uruchom ponownie Minecraft, aby sprawdzi\u0107, czy \u015bwiat si\u0119 pojawi.<\/li>\n<\/ul>\n<p><b>Uwaga:<\/b> Ta metoda opiera si\u0119 na istnieniu kopii zapasowych wykonanych przed usuni\u0119ciem \u015bwiata.<\/p>\n<p><b>Wniosek:<\/b> Przywracanie ze kopii zapasowych to skuteczny spos\u00f3b na odzyskanie \u015bwiat\u00f3w, co podkre\u015bla znaczenie regularnego wykonywania kopii zapasowych zapis\u00f3w Minecraft.<\/p>\n<h3>Metoda 6: Aplikacje do odzyskiwania plik\u00f3w na urz\u0105dzenia mobilne &#128241;<\/h3>\n<ul>\n<li>Pobierz na swoje urz\u0105dzenie aplikacj\u0119 do odzyskiwania plik\u00f3w, tak\u0105 jak <b>Dr.Fone<\/b> lub <b>EaseUS MobiSaver<\/b>, lub pod\u0142\u0105cz swoje urz\u0105dzenie do komputera PC i u\u017cyj narz\u0119dzia do odzyskiwania danych na PC.<\/li>\n<li>Uruchom aplikacj\u0119 i post\u0119puj zgodnie z instrukcjami, aby pozwoli\u0107 jej na skanowanie usuni\u0119tych plik\u00f3w na twoim urz\u0105dzeniu mobilnym.<\/li>\n<li>Szukaj plik\u00f3w z rozszerzeniem &#8217;.minecraftworld&#8217; lub folder\u00f3w odpowiadaj\u0105cych twoim usuni\u0119tym \u015bwiatom.<\/li>\n<li>Przywr\u00f3\u0107 wybrane pliki do pami\u0119ci twojego urz\u0105dzenia.<\/li>\n<\/ul>\n<p><b>Uwaga:<\/b> Szanse na odzyskanie danych b\u0119d\u0105 wy\u017csze, je\u015bli od usuni\u0119cia nie zosta\u0142y zapisane nowe dane na urz\u0105dzeniu.<\/p>\n<p><b>Wniosek:<\/b> Chocia\u017c odzyskiwanie danych na urz\u0105dzeniach mobilnych mo\u017ce by\u0107 bardziej skomplikowane, u\u017cywanie niezawodnej aplikacji daje dobre szanse na odzyskanie utraconych \u015bwiat\u00f3w Minecraft na urz\u0105dzeniach mobilnych.<\/p>\n<\/section>\n<section>\n<div>\n<div>3<\/div>\n<h2>\u015arodki ostro\u017cno\u015bci i wskaz\u00f3wki:<\/h2>\n<\/div>\n<h3>Regularne kopie zapasowe danych &#128737;<\/h3>\n<ul>\n<li>Regularnie wykonuj kopie zapasowe swoich <b>\u015bwiat\u00f3w Minecraft<\/b>, r\u0119cznie poprzez kopiowanie folderu <b>saves<\/b> lub korzystaj\u0105c z opcji gry do automatycznych kopii zapasowych.<\/li>\n<li>U\u017cyj rozwi\u0105za\u0144 przechowywania w chmurze, takich jak Google Drive, Dropbox czy OneDrive, aby przechowywa\u0107 zdalne kopie danych z gry.<\/li>\n<li>Zaplanuj automatyczne kopie zapasowe przy u\u017cyciu narz\u0119dzi systemowych lub oprogramowania firm trzecich, aby zapewni\u0107 sp\u00f3jne zapisy Twoich \u015bwiat\u00f3w.<\/li>\n<\/ul>\n<h3>Bezpieczne praktyki podczas gry &#128274;<\/h3>\n<ul>\n<li>Unikaj uruchamiania swojego PC lub urz\u0105dzenia mobilnego z podwy\u017cszonymi uprawnieniami (admin lub root) podczas grania w Minecraft, aby zmniejszy\u0107 ryzyko niezamierzonych modyfikacji danych gry.<\/li>\n<li>Instaluj\u0105c mody lub aktualizacje, upewnij si\u0119, \u017ce s\u0105 one kompatybilne z Twoj\u0105 wersj\u0105 Minecraft, aby zapobiec uszkodzeniom.<\/li>\n<li>Regularnie aktualizuj swoj\u0105 gr\u0119 i urz\u0105dzenie, aby chroni\u0107 przed b\u0142\u0119dami, kt\u00f3re mog\u0105 prowadzi\u0107 do utraty danych.<\/li>\n<\/ul>\n<\/section>\n<section>\n<div>\n<div>4<\/div>\n<h2>Zrozumienie zarz\u0105dzania \u015bwiatami w Minecraft<\/h2>\n<\/div>\n<p>Zrozumienie sposobu, w jaki Minecraft zarz\u0105dza danymi \u015bwiat\u00f3w, odgrywa kluczow\u0105 rol\u0119 w zapobieganiu i odzyskiwaniu straconych danych. W Minecraft wszystkie dane \u015bwiata s\u0105 przechowywane w folderze <b>saves<\/b> w katalogu instalacyjnym gry. Ka\u017cdy \u015bwiat jest przechowywany w swoim w\u0142asnym folderze, nazwanym po \u015bwiecie. Obejmuje to wszystko od zbudowanych struktur, przez inwentarze graczy, po teren.<\/p>\n<p><p>Warto r\u00f3wnie\u017c zaznaczy\u0107, \u017ce Minecraft ma wbudowane systemy kopii zapasowych, zw\u0142aszcza z Realms, gdzie gra okresowo tworzy kopie zapasowe twoich \u015bwiat\u00f3w. Kopie zapasowe z Realms mo\u017cna uzyska\u0107 i pobra\u0107, co jest zabezpieczeniem przed utrat\u0105 danych.<\/p>\n<p><p>Mody i narz\u0119dzia stron trzecich mog\u0105 zar\u00f3wno ulepsza\u0107 gr\u0119, jak i stanowi\u0107 zagro\u017cenie dla twoich zapis\u00f3w. Zawsze pobieraj mody z <a href='https:\/\/www.curseforge.com\/minecraft\/mc-mods' rel=\"nofollow noopener\" target='_blank'>zaufanych \u017ar\u00f3de\u0142<\/a>, i rozwa\u017c u\u017cycie mened\u017cera mod\u00f3w do \u015bledzenia zainstalowanych tre\u015bci.<\/p>\n<\/section>\n<section>\n<h2>Podsumowanie:<\/h2>\n<div class=\"nonp\">\n<p>Podsumowuj\u0105c, utrata \u015bwiata w Minecraft mo\u017ce waha\u0107 si\u0119 od drobnej niedogodno\u015bci do powa\u017cnego problemu, szczeg\u00f3lnie je\u015bli zainwestowa\u0142o si\u0119 znacz\u0105c\u0105 ilo\u015b\u0107 czasu. Stosuj\u0105c metody om\u00f3wione w tym artykule, wyposa\u017cysz si\u0119 w wiedz\u0119 i narz\u0119dzia niezb\u0119dne do pr\u00f3by odzyskania utraconych \u015bwiat\u00f3w zar\u00f3wno na platformach PC, jak i mobilnych. Pami\u0119taj, \u017ce zapobieganie jest lepsze ni\u017c leczenie; wi\u0119c regularne kopie zapasowe s\u0105 najlepsz\u0105 ochron\u0105 przed utrat\u0105 danych. Niezale\u017cnie od tego, czy u\u017cyjesz <b>Disk Drill<\/b>, sprawdzisz folder saves, czy poszukasz wbudowanych kopii zapasowych w grze, pozostaje promyk nadziei dla graczy, kt\u00f3rzy przypadkowo usun\u0119li swoje wirtualne kr\u00f3lestwa. Weso\u0142ego craftingu i niech odzyskane \u015bwiaty rozkwitaj\u0105 na nowo!<\/p>\n<\/div>\n<\/section>\n","protected":false},"excerpt":{"rendered":"<p>Jak odzyska\u0107 usuni\u0119te \u015bwiaty w Minecraft Minecraft, niezwykle popularna gra typu sandbox, podbija serca graczy dzi\u0119ki niesko\u0144czonym mo\u017cliwo\u015bciom eksploracji, budowania i przygody. Jednym z najbardziej przygn\u0119biaj\u0105cych do\u015bwiadcze\u0144 mo\u017ce by\u0107 przypadkowe usuni\u0119cie starannie wykonanego \u015bwiata w Minecraft. Niezale\u017cnie od tego, czy jest to spowodowane awari\u0105 gry, niezamierzonym klikni\u0119ciem lub innymi nieprzewidzianymi okoliczno\u015bciami, utrata twojego cyfrowego dzie\u0142a [&hellip;]<\/p>\n","protected":false},"author":1,"featured_media":40529,"parent":0,"menu_order":0,"comment_status":"closed","ping_status":"closed","template":"chromecast.php","meta":{"_stopmodifiedupdate":false,"_modified_date":"","_lmt_disableupdate":"no","_lmt_disable":""},"acf":[],"yoast_head":"<!-- This site is optimized with the Yoast SEO plugin v20.9 - https:\/\/yoast.com\/wordpress\/plugins\/seo\/ -->\n<title>Jak przywr\u00f3ci\u0107 przypadkowo usuni\u0119te \u015bwiaty w Minecraftcie<\/title>\n<meta name=\"robots\" content=\"index, follow, max-snippet:-1, max-image-preview:large, max-video-preview:-1\" \/>\n<link rel=\"canonical\" href=\"https:\/\/datarecovery.ping.fm\/pl\/recover-deleted-minecraft-worlds\/\" \/>\n<meta property=\"og:locale\" content=\"pl_PL\" \/>\n<meta property=\"og:type\" content=\"article\" \/>\n<meta property=\"og:title\" content=\"Jak przywr\u00f3ci\u0107 przypadkowo usuni\u0119te \u015bwiaty w Minecraftcie\" \/>\n<meta property=\"og:description\" content=\"Jak odzyska\u0107 usuni\u0119te \u015bwiaty w Minecraft Minecraft, niezwykle popularna gra typu sandbox, podbija serca graczy dzi\u0119ki niesko\u0144czonym mo\u017cliwo\u015bciom eksploracji, budowania i przygody. Jednym z najbardziej przygn\u0119biaj\u0105cych do\u015bwiadcze\u0144 mo\u017ce by\u0107 przypadkowe usuni\u0119cie starannie wykonanego \u015bwiata w Minecraft. Niezale\u017cnie od tego, czy jest to spowodowane awari\u0105 gry, niezamierzonym klikni\u0119ciem lub innymi nieprzewidzianymi okoliczno\u015bciami, utrata twojego cyfrowego dzie\u0142a [&hellip;]\" \/>\n<meta property=\"og:url\" content=\"https:\/\/datarecovery.ping.fm\/pl\/recover-deleted-minecraft-worlds\/\" \/>\n<meta property=\"og:site_name\" content=\"Data Recovery Software\" \/>\n<meta property=\"article:modified_time\" content=\"2024-04-15T17:32:36+00:00\" \/>\n<meta property=\"og:image\" content=\"https:\/\/datarecovery.ping.fm\/wp-content\/uploads\/2024\/04\/How-to-Recover-Deleted-Minecraft-Worlds-Polish.jpg\" \/>\n\t<meta property=\"og:image:width\" content=\"1280\" \/>\n\t<meta property=\"og:image:height\" content=\"731\" \/>\n\t<meta property=\"og:image:type\" content=\"image\/jpeg\" \/>\n<meta name=\"twitter:card\" content=\"summary_large_image\" \/>\n<meta name=\"twitter:label1\" content=\"Est. reading time\" \/>\n\t<meta name=\"twitter:data1\" content=\"6 minut\" \/>\n<script type=\"application\/ld+json\" class=\"yoast-schema-graph\">{\"@context\":\"https:\/\/schema.org\",\"@graph\":[{\"@type\":\"WebPage\",\"@id\":\"https:\/\/datarecovery.ping.fm\/pl\/recover-deleted-minecraft-worlds\/\",\"url\":\"https:\/\/datarecovery.ping.fm\/pl\/recover-deleted-minecraft-worlds\/\",\"name\":\"Jak przywr\u00f3ci\u0107 przypadkowo usuni\u0119te \u015bwiaty w Minecraftcie\",\"isPartOf\":{\"@id\":\"https:\/\/datarecovery.ping.fm\/pl\/#website\"},\"datePublished\":\"2024-01-09T20:38:49+00:00\",\"dateModified\":\"2024-04-15T17:32:36+00:00\",\"breadcrumb\":{\"@id\":\"https:\/\/datarecovery.ping.fm\/pl\/recover-deleted-minecraft-worlds\/#breadcrumb\"},\"inLanguage\":\"pl-PL\",\"potentialAction\":[{\"@type\":\"ReadAction\",\"target\":[\"https:\/\/datarecovery.ping.fm\/pl\/recover-deleted-minecraft-worlds\/\"]}]},{\"@type\":\"BreadcrumbList\",\"@id\":\"https:\/\/datarecovery.ping.fm\/pl\/recover-deleted-minecraft-worlds\/#breadcrumb\",\"itemListElement\":[{\"@type\":\"ListItem\",\"position\":1,\"name\":\"Home\",\"item\":\"https:\/\/datarecovery.ping.fm\/pl\/\"},{\"@type\":\"ListItem\",\"position\":2,\"name\":\"Jak odzyska\u0107 usuni\u0119te \u015bwiaty Minecraft\"}]},{\"@type\":\"WebSite\",\"@id\":\"https:\/\/datarecovery.ping.fm\/pl\/#website\",\"url\":\"https:\/\/datarecovery.ping.fm\/pl\/\",\"name\":\"Data Recovery Software\",\"description\":\"\",\"potentialAction\":[{\"@type\":\"SearchAction\",\"target\":{\"@type\":\"EntryPoint\",\"urlTemplate\":\"https:\/\/datarecovery.ping.fm\/pl\/?s={search_term_string}\"},\"query-input\":\"required name=search_term_string\"}],\"inLanguage\":\"pl-PL\"}]}<\/script>\n<!-- \/ Yoast SEO plugin. -->","yoast_head_json":{"title":"Jak przywr\u00f3ci\u0107 przypadkowo usuni\u0119te \u015bwiaty w Minecraftcie","robots":{"index":"index","follow":"follow","max-snippet":"max-snippet:-1","max-image-preview":"max-image-preview:large","max-video-preview":"max-video-preview:-1"},"canonical":"https:\/\/datarecovery.ping.fm\/pl\/recover-deleted-minecraft-worlds\/","og_locale":"pl_PL","og_type":"article","og_title":"Jak przywr\u00f3ci\u0107 przypadkowo usuni\u0119te \u015bwiaty w Minecraftcie","og_description":"Jak odzyska\u0107 usuni\u0119te \u015bwiaty w Minecraft Minecraft, niezwykle popularna gra typu sandbox, podbija serca graczy dzi\u0119ki niesko\u0144czonym mo\u017cliwo\u015bciom eksploracji, budowania i przygody. Jednym z najbardziej przygn\u0119biaj\u0105cych do\u015bwiadcze\u0144 mo\u017ce by\u0107 przypadkowe usuni\u0119cie starannie wykonanego \u015bwiata w Minecraft. Niezale\u017cnie od tego, czy jest to spowodowane awari\u0105 gry, niezamierzonym klikni\u0119ciem lub innymi nieprzewidzianymi okoliczno\u015bciami, utrata twojego cyfrowego dzie\u0142a [&hellip;]","og_url":"https:\/\/datarecovery.ping.fm\/pl\/recover-deleted-minecraft-worlds\/","og_site_name":"Data Recovery Software","article_modified_time":"2024-04-15T17:32:36+00:00","og_image":[{"width":1280,"height":731,"url":"https:\/\/datarecovery.ping.fm\/wp-content\/uploads\/2024\/04\/How-to-Recover-Deleted-Minecraft-Worlds-Polish.jpg","type":"image\/jpeg"}],"twitter_card":"summary_large_image","twitter_misc":{"Est. reading time":"6 minut"},"schema":{"@context":"https:\/\/schema.org","@graph":[{"@type":"WebPage","@id":"https:\/\/datarecovery.ping.fm\/pl\/recover-deleted-minecraft-worlds\/","url":"https:\/\/datarecovery.ping.fm\/pl\/recover-deleted-minecraft-worlds\/","name":"Jak przywr\u00f3ci\u0107 przypadkowo usuni\u0119te \u015bwiaty w Minecraftcie","isPartOf":{"@id":"https:\/\/datarecovery.ping.fm\/pl\/#website"},"datePublished":"2024-01-09T20:38:49+00:00","dateModified":"2024-04-15T17:32:36+00:00","breadcrumb":{"@id":"https:\/\/datarecovery.ping.fm\/pl\/recover-deleted-minecraft-worlds\/#breadcrumb"},"inLanguage":"pl-PL","potentialAction":[{"@type":"ReadAction","target":["https:\/\/datarecovery.ping.fm\/pl\/recover-deleted-minecraft-worlds\/"]}]},{"@type":"BreadcrumbList","@id":"https:\/\/datarecovery.ping.fm\/pl\/recover-deleted-minecraft-worlds\/#breadcrumb","itemListElement":[{"@type":"ListItem","position":1,"name":"Home","item":"https:\/\/datarecovery.ping.fm\/pl\/"},{"@type":"ListItem","position":2,"name":"Jak odzyska\u0107 usuni\u0119te \u015bwiaty Minecraft"}]},{"@type":"WebSite","@id":"https:\/\/datarecovery.ping.fm\/pl\/#website","url":"https:\/\/datarecovery.ping.fm\/pl\/","name":"Data Recovery Software","description":"","potentialAction":[{"@type":"SearchAction","target":{"@type":"EntryPoint","urlTemplate":"https:\/\/datarecovery.ping.fm\/pl\/?s={search_term_string}"},"query-input":"required name=search_term_string"}],"inLanguage":"pl-PL"}]}},"_links":{"self":[{"href":"https:\/\/datarecovery.ping.fm\/pl\/wp-json\/wp\/v2\/pages\/40528"}],"collection":[{"href":"https:\/\/datarecovery.ping.fm\/pl\/wp-json\/wp\/v2\/pages"}],"about":[{"href":"https:\/\/datarecovery.ping.fm\/pl\/wp-json\/wp\/v2\/types\/page"}],"author":[{"embeddable":true,"href":"https:\/\/datarecovery.ping.fm\/pl\/wp-json\/wp\/v2\/users\/1"}],"replies":[{"embeddable":true,"href":"https:\/\/datarecovery.ping.fm\/pl\/wp-json\/wp\/v2\/comments?post=40528"}],"version-history":[{"count":2,"href":"https:\/\/datarecovery.ping.fm\/pl\/wp-json\/wp\/v2\/pages\/40528\/revisions"}],"predecessor-version":[{"id":40564,"href":"https:\/\/datarecovery.ping.fm\/pl\/wp-json\/wp\/v2\/pages\/40528\/revisions\/40564"}],"wp:featuredmedia":[{"embeddable":true,"href":"https:\/\/datarecovery.ping.fm\/pl\/wp-json\/wp\/v2\/media\/40529"}],"wp:attachment":[{"href":"https:\/\/datarecovery.ping.fm\/pl\/wp-json\/wp\/v2\/media?parent=40528"}],"curies":[{"name":"wp","href":"https:\/\/api.w.org\/{rel}","templated":true}]}}