{"id":40367,"date":"2024-01-04T19:41:08","date_gmt":"2024-01-04T19:41:08","guid":{"rendered":"https:\/\/www.ping.fm\/data-recovery-software\/recover-messages-instagram\/"},"modified":"2024-04-15T17:00:05","modified_gmt":"2024-04-15T17:00:05","slug":"recover-messages-instagram","status":"publish","type":"page","link":"https:\/\/datarecovery.ping.fm\/pl\/recover-messages-instagram\/","title":{"rendered":"Jak odzyska\u0107 usuni\u0119te wiadomo\u015bci na Instagramie w 2024 roku"},"content":{"rendered":"<section>\n<h1>Jak odzyska\u0107 usuni\u0119te wiadomo\u015bci na Instagramie w 2024 roku<\/h1>\n<div class=\"inbrief\">\n<div>             <img src=\"https:\/\/www.ping.fm\/data-recovery-software\/wp-content\/uploads\/ai\/How-to-recover-deleted-messages-on-Instagram-in-2024-Polish.jpg\" alt=\"Jak odzyska\u0107 usuni\u0119te wiadomo\u015bci na Instagramie w 2024 roku\" title=\"Jak odzyska\u0107 usuni\u0119te wiadomo\u015bci na Instagramie w 2024 roku\" width=\"1280\" height=\"720\">             <\/p>\n<p>Czy kiedykolwiek przez przypadek usun\u0105\u0142e\u015b wa\u017cn\u0105 wiadomo\u015b\u0107 na Instagramie i gor\u0105czkowo szuka\u0142e\u015b sposob\u00f3w, by j\u0105 odzyska\u0107? Nie jeste\u015b sam. Poniewa\u017c Instagram staje si\u0119 niezb\u0119dnym narz\u0119dziem komunikacyjnym dla wielu os\u00f3b, utrata wiadomo\u015bci mo\u017ce by\u0107 przygn\u0119biaj\u0105ca. Na szcz\u0119\u015bcie istnieje kilka metod, kt\u00f3rych mo\u017cna u\u017cy\u0107, by odzyska\u0107 te zaginione wiadomo\u015bci. Artyku\u0142 przedstawia praktyczne kroki, kt\u00f3re osobi\u015bcie przetestowa\u0142em i kt\u00f3re pomog\u0105 Ci odzyska\u0107 usuni\u0119te wiadomo\u015bci na Instagramie.<\/p>\n<\/div>\n<\/div>\n<\/section>\n<section>\n<div>\n<div>1<\/div>\n<h2>Zwyczajne scenariusze:<\/h2>\n<\/div>\n<h3>Przypadkowe usuni\u0119cie <span role='img' aria-label='Oops'>&#128556;<\/span><\/h3>\n<ul>\n<li>Mog\u0142e\u015b nieumy\u015blnie usun\u0105\u0107 konwersacj\u0119, a p\u00f3\u017aniej zda\u0107 sobie spraw\u0119, \u017ce zawiera\u0142a wa\u017cne informacje.<\/li>\n<li>Interfejs u\u017cytkownika bywa czasem skomplikowany, co prowadzi do <b>przypadkowego usuwania<\/b> wiadomo\u015bci.<\/li>\n<\/ul>\n<h3>Wyczyszczenie konwersacji <span role='img' aria-label='Szufelka'>&#129529;<\/span><\/h3>\n<ul>\n<li>W ramach porz\u0105dkowania skrzynki odbiorczej mog\u0142e\u015b wyczy\u015bci\u0107 niekt\u00f3re konwersacje, nie zdaj\u0105c sobie sprawy, \u017ce mo\u017ce tam by\u0107 wiadomo\u015b\u0107, do kt\u00f3rej chcia\u0142by\u015b wr\u00f3ci\u0107 p\u00f3\u017aniej.<\/li>\n<li>Dzia\u0142aj\u0105c na autopilocie, mog\u0142e\u015b przez przypadek nacisn\u0105\u0107 przycisk &#8222;Usu\u0144&#8221; podczas sprz\u0105tania starych wiadomo\u015bci.<\/li>\n<\/ul>\n<h3>Umy\u015blne usuni\u0119cie, a potem \u017cal <span role='img' aria-label='Facepalm'>&#129318;<\/span><\/h3>\n<ul>\n<li>By\u0107 mo\u017ce celowo usun\u0105\u0142e\u015b wiadomo\u015b\u0107 w momencie frustracji lub z\u0142o\u015bci, ale p\u00f3\u017aniej \u017ca\u0142owa\u0142e\u015b, \u017ce tego dokona\u0142e\u015b.<\/li>\n<li>U\u015bwiadomienie sobie, \u017ce usuni\u0119ta wiadomo\u015b\u0107 mia\u0142a warto\u015b\u0107 sentymentaln\u0105, mo\u017ce wywo\u0142a\u0107 ch\u0119\u0107 jej odzyskania.<\/li>\n<\/ul>\n<\/section>\n<section class=\"stepByStep\">\n<div>\n<div>2<\/div>\n<h2>Krok po kroku. Odzyskiwanie usuni\u0119tych wiadomo\u015bci na Instagramie:<\/h2>\n<\/div>\n<h3>Metoda 1: Popro\u015b o kopi\u0119 swoich danych <span role='img' aria-label='Paczka'>&#128230;<\/span><\/h3>\n<ul>\n<li>Otw\u00f3rz aplikacj\u0119 Instagram i przejd\u017a do swojego profilu.<\/li>\n<li>Stuknij w <b>ikon\u0119 hamburgera<\/b> (trzy poziome linie) i nast\u0119pnie kliknij w <b>&#8217;Ustawienia&#8217;<\/b>.<\/li>\n<li>Przejd\u017a do <b>&#8217;Bezpiecze\u0144stwo&#8217;<\/b> i wybierz <b>&#8217;Pobierz dane&#8217;<\/b>.<\/li>\n<li>Wpisz adres e-mail, na kt\u00f3ry chcesz otrzyma\u0107 swoje dane z Instagrama i naci\u015bnij <b>&#8217;Za\u017c\u0105daj pobrania&#8217;<\/b>.<\/li>\n<li>Po otrzymaniu danych (mo\u017ce to potrwa\u0107 do 48 godzin), pobierz je i rozpakuj plik, aby zobaczy\u0107 swoje usuni\u0119te wiadomo\u015bci.<\/li>\n<\/ul>\n<p><b>Uwaga:<\/b> Metoda ta umo\u017cliwi odzyskanie wiadomo\u015bci, kt\u00f3re zosta\u0142y usuni\u0119te po ostatnim backupie danych wykonanym przez Instagram.<\/p>\n<p><b>Wnioski:<\/b> Jest to przydatna metoda na kompleksowe odzyskiwanie danych, w tym wiadomo\u015bci, ale wymaga nieco cierpliwo\u015bci.<\/p>\n<h3>Metoda 2: Sprawd\u017a swojego e-maila <span role='img' aria-label='Skrzynka pocztowa'>&#128235;<\/span><\/h3>\n<ul>\n<li>Przeszukaj konto e-mail powi\u0105zane z Twoim profilem na Instagramie.<\/li>\n<li>Poszukaj <b>powiadomie\u0144<\/b> od Instagrama o wiadomo\u015bciach. To dzia\u0142a, je\u015bli nie wy\u0142\u0105czy\u0142e\u015b powiadomie\u0144 e-mail o prywatnych wiadomo\u015bciach na Instagramie.<\/li>\n<li>Je\u015bli znajdziesz e-maile od Instagrama informuj\u0105ce o prywatnych wiadomo\u015bciach, mo\u017cesz przeczyta\u0107 ich tre\u015b\u0107 w tych e-mailach.<\/li>\n<\/ul>\n<p><b>Uwaga:<\/b> Jakiekolwiek usuni\u0119te wiadomo\u015bci z aplikacji Instagram mog\u0105 pozosta\u0107 nietkni\u0119te w twoim e-mailu, je\u015bli mia\u0142e\u015b w\u0142\u0105czone ustawienia powiadomie\u0144.<\/p>\n<p><b>Wnioski:<\/b> Jest to szybka metoda na odzyskanie tre\u015bci wiadomo\u015bci, ale nie na ich faktyczne przywr\u00f3cenie w aplikacji Instagram.<\/p>\n<h3>Metoda 3: Przywr\u00f3\u0107 z kopii zapasowej urz\u0105dzenia <span role='img' aria-label='Wehiku\u0142 czasu'>&#9202;<\/span><\/h3>\n<ul>\n<li>Je\u015bli przed usuni\u0119ciem wiadomo\u015bci zrobi\u0142e\u015b kopi\u0119 zapasow\u0105 na iCloud dla iPhone&#8217;a lub Google Drive dla Androida, mo\u017cesz spr\u00f3bowa\u0107 j\u0105 przywr\u00f3ci\u0107.<\/li>\n<li>Wykonaj <b>reset fabryczny<\/b> urz\u0105dzenia, a nast\u0119pnie przywr\u00f3\u0107 kopi\u0119 zapasow\u0105 podczas procesu konfiguracji.<\/li>\n<li>Po przywr\u00f3ceniu urz\u0105dzenia, zaloguj si\u0119 do Instagrama, aby sprawdzi\u0107, czy wiadomo\u015bci powr\u00f3ci\u0142y.<\/li>\n<\/ul>\n<p><b>Uwaga:<\/b> Jest to do\u015b\u0107 drastyczna akcja i nale\u017cy si\u0119 upewni\u0107, \u017ce wszystkie inne dane s\u0105 zabezpieczone przed jej przeprowadzeniem.<\/p>\n<p><b>Wnioski:<\/b> Cho\u0107 metoda mo\u017ce by\u0107 skuteczna dla niekt\u00f3rych, niesie ryzyko utraty innych danych i powinna by\u0107 stosowana jako ostateczno\u015b\u0107.<\/p>\n<h3>Metoda 4: Skorzystaj z funkcji Instagrama &#8222;Ostatnio usuni\u0119te&#8221; <span role='img' aria-label='Kosz'>&#128465;<\/span><\/h3>\n<ul>\n<li>Otw\u00f3rz aplikacj\u0119 Instagram i przejd\u017a do <b>&#8217;Ustawie\u0144&#8217;<\/b> przez stron\u0119 swojego profilu.<\/li>\n<li>Stuknij w <b>&#8217;Konto&#8217;<\/b> i wybierz <b>&#8217;Ostatnio usuni\u0119te&#8217;<\/b>.<\/li>\n<li>Sprawd\u017a, czy twoje usuni\u0119te wiadomo\u015bci s\u0105 tam wymienione i wybierz <b>&#8217;Przywr\u00f3\u0107&#8217;<\/b>, je\u015bli s\u0105 dost\u0119pne.<\/li>\n<\/ul>\n<p><b>Uwaga:<\/b> Funkcja &#8222;Ostatnio usuni\u0119te&#8221; Instagrama skupia si\u0119 g\u0142\u00f3wnie na zdj\u0119ciach i filmach i mo\u017ce nie dzia\u0142a\u0107 dla wiadomo\u015bci.<\/p>\n<p><b>Wnioski:<\/b> Ta metoda to \u015bwietna, przyjazna dla u\u017cytkownika opcja na odzyskanie zawarto\u015bci, ale jej stosowanie w przypadku wiadomo\u015bci mo\u017ce by\u0107 ograniczone.<\/p>\n<h3>Metoda 5: Skontaktuj si\u0119 z pomoc\u0105 techniczn\u0105 Instagrama <span role='img' aria-label='S\u0142uchawki'>&#127911;<\/span><\/h3>\n<ul>\n<li>Spr\u00f3buj skontaktowa\u0107 si\u0119 z <a href='https:\/\/help.instagram.com\/' rel=\"nofollow noopener\" target='_blank'>Centrum pomocy Instagrama<\/a> w celu uzyskania pomocy.<\/li>\n<li>Opisz szczeg\u00f3\u0142owo sw\u00f3j problem za pomoc\u0105 dost\u0119pnego formularza wsparcia i poczekaj na odpowied\u017a zespo\u0142u.<\/li>\n<\/ul>\n<p><b>Uwaga:<\/b> Chocia\u017c nie ma gwarancji odzyskania danych przez pomoc techniczn\u0105, warto spr\u00f3bowa\u0107, gdy inne metody zawodz\u0105.<\/p>\n<p><b>Wnioski:<\/b> Zwracanie si\u0119 o pomoc do wsparcia technicznego powinno by\u0107 rozwa\u017cane, kiedy wszystkie inne metody nie przynosz\u0105 oczekiwanych rezultat\u00f3w.<\/p>\n<\/section>\n<section>\n<div>\n<div>3<\/div>\n<h2>Do obejrzenia wideo na Youtube<\/h2>\n<\/div>\n<div class=\"iframe\"><iframe width=\"420\" height=\"315\" src=\"\/\/www.youtube.com\/embed\/5OQ7YlTI3Sk\" frameborder=\"0\" allowfullscreen><\/iframe><\/div>\n<\/section>\n<section>\n<div>\n<div>4<\/div>\n<h2>\u015arodki ostro\u017cno\u015bci i wskaz\u00f3wki:<\/h2>\n<\/div>\n<h3>Zachowaj bezpiecze\u0144stwo danych <span role='img' aria-label='Zamek'>&#128274;<\/span><\/h3>\n<ul>\n<li><b>Regularnie tw\u00f3rz kopie zapasowe<\/b> swoich danych z Instagrama, aby mie\u0107 zawsze zapisan\u0105 najnowsz\u0105 kopi\u0119.<\/li>\n<li>B\u0105d\u017a ostro\u017cny podczas czy\u015bczenia rozm\u00f3w i sprawdzaj dwukrotnie, zanim usuniesz jakiekolwiek wiadomo\u015bci.<\/li>\n<li>Zmie\u0144 ustawienia powiadomie\u0144, aby otrzymywa\u0107 maile dotycz\u0105ce wiadomo\u015bci na Instagramie, tworz\u0105c automatyczn\u0105 kopi\u0119 zapasow\u0105 otrzymywanych wiadomo\u015bci.<\/li>\n<\/ul>\n<\/section>\n<section>\n<div>\n<div>5<\/div>\n<h2>Zachowanie bezpiecze\u0144stwa wiadomo\u015bci<\/h2>\n<\/div>\n<p>Instagram sta\u0142 si\u0119 integraln\u0105 cz\u0119\u015bci\u0105 naszego \u017cycia spo\u0142ecznego i biznesowego. Zapewnienie bezpiecze\u0144stwa i mo\u017cliwo\u015bci odzyskania naszych wiadomo\u015bci jest niezwykle wa\u017cne. Nie chodzi tu tylko o prywatne konwersacje; czasem wiadomo\u015bci na Instagramie zawieraj\u0105 umowy biznesowe, wa\u017cne kontakty czy kreatywne pomys\u0142y, kt\u00f3rych strata by\u0142aby nie do przyj\u0119cia.<\/p>\n<p>Aby zminimalizowa\u0107 ryzyko utraty danych na platformach takich jak Instagram, warto rozwa\u017cy\u0107 u\u017cycie dodatkowych <b>aplikacji stron trzecich<\/b> zaprojektowanych do automatycznego zapisywania lub tworzenia kopii zapasowych wiadomo\u015bci. Jednak pami\u0119taj o konsekwencjach dla prywatno\u015bci i wybieraj us\u0142ugi o wiarygodnej reputacji w zakresie bezpiecze\u0144stwa danych.<\/p>\n<p>Aby dowiedzie\u0107 si\u0119 wi\u0119cej o polityce danych Instagrama i sposobie ich obs\u0142ugi danych u\u017cytkownik\u00f3w, mo\u017cesz odwiedzi\u0107 <a href='https:\/\/help.instagram.com\/' rel=\"nofollow noopener\" target='_blank'>Centrum Pomocy Instagram<\/a>. Aby uzyska\u0107 g\u0142\u0119bsz\u0105 wiedz\u0119 na temat bezpiecze\u0144stwa danych i praktyk w mediach spo\u0142eczno\u015bciowych, \u017ar\u00f3d\u0142a takie jak Electronic Frontier Foundation na <a href='https:\/\/www.eff.org\/' rel=\"nofollow noopener\" target='_blank'>eff.org<\/a> mog\u0105 dostarczy\u0107 cennych informacji.<\/p>\n<\/section>\n<section>\n<h2>Podsumowanie:<\/h2>\n<div class=\"nonp\">\n<p>Podsumowuj\u0105c, odzyskiwanie usuni\u0119tych wiadomo\u015bci na Instagramie mo\u017ce by\u0107 wyzwaniem, ale stosuj\u0105c si\u0119 do metod przedstawionych w tym artykule, masz kilka mo\u017cliwo\u015bci pr\u00f3by ich odzyskania. Ka\u017cda metoda ma swoje zalety i wady, wi\u0119c kluczowe jest wybranie tej, kt\u00f3ra jest najbardziej odpowiednia dla Twoich potrzeb i konkretnej sytuacji. Pami\u0119taj, \u017ce zapobieganie utracie danych jest zawsze \u0142atwiejsze ni\u017c ich odzyskiwanie, wi\u0119c podejmuj niezb\u0119dne \u015brodki ostro\u017cno\u015bci, aby chroni\u0107 swoje wiadomo\u015bci. Regularnie wykonuj kopie zapasowe danych, b\u0105d\u017a ostro\u017cny podczas usuwania i m\u0105drze zarz\u0105dzaj ustawieniami powiadomie\u0144. Je\u015bli potrzebujesz wi\u0119cej pomocy, nie wahaj si\u0119 poszuka\u0107 dalszych informacji i wsparcia w <a href='https:\/\/help.instagram.com\/' rel=\"nofollow noopener\" target='_blank'>Centrum Pomocy Instagrama<\/a>.<\/p>\n<\/div>\n<\/section>\n","protected":false},"excerpt":{"rendered":"<p>Jak odzyska\u0107 usuni\u0119te wiadomo\u015bci na Instagramie w 2024 roku Czy kiedykolwiek przez przypadek usun\u0105\u0142e\u015b wa\u017cn\u0105 wiadomo\u015b\u0107 na Instagramie i gor\u0105czkowo szuka\u0142e\u015b sposob\u00f3w, by j\u0105 odzyska\u0107? Nie jeste\u015b sam. Poniewa\u017c Instagram staje si\u0119 niezb\u0119dnym narz\u0119dziem komunikacyjnym dla wielu os\u00f3b, utrata wiadomo\u015bci mo\u017ce by\u0107 przygn\u0119biaj\u0105ca. Na szcz\u0119\u015bcie istnieje kilka metod, kt\u00f3rych mo\u017cna u\u017cy\u0107, by odzyska\u0107 te zaginione [&hellip;]<\/p>\n","protected":false},"author":0,"featured_media":40368,"parent":0,"menu_order":0,"comment_status":"closed","ping_status":"closed","template":"chromecast.php","meta":{"_stopmodifiedupdate":false,"_modified_date":"","_lmt_disableupdate":"","_lmt_disable":""},"acf":[],"yoast_head":"<!-- This site is optimized with the Yoast SEO plugin v20.9 - https:\/\/yoast.com\/wordpress\/plugins\/seo\/ -->\n<title>Jak odzyska\u0107 usuni\u0119te wiadomo\u015bci na Instagramie w 2024 roku<\/title>\n<meta name=\"robots\" content=\"index, follow, max-snippet:-1, max-image-preview:large, max-video-preview:-1\" \/>\n<link rel=\"canonical\" href=\"https:\/\/datarecovery.ping.fm\/pl\/recover-messages-instagram\/\" \/>\n<meta property=\"og:locale\" content=\"pl_PL\" \/>\n<meta property=\"og:type\" content=\"article\" \/>\n<meta property=\"og:title\" content=\"Jak odzyska\u0107 usuni\u0119te wiadomo\u015bci na Instagramie w 2024 roku\" \/>\n<meta property=\"og:description\" content=\"Jak odzyska\u0107 usuni\u0119te wiadomo\u015bci na Instagramie w 2024 roku Czy kiedykolwiek przez przypadek usun\u0105\u0142e\u015b wa\u017cn\u0105 wiadomo\u015b\u0107 na Instagramie i gor\u0105czkowo szuka\u0142e\u015b sposob\u00f3w, by j\u0105 odzyska\u0107? Nie jeste\u015b sam. Poniewa\u017c Instagram staje si\u0119 niezb\u0119dnym narz\u0119dziem komunikacyjnym dla wielu os\u00f3b, utrata wiadomo\u015bci mo\u017ce by\u0107 przygn\u0119biaj\u0105ca. Na szcz\u0119\u015bcie istnieje kilka metod, kt\u00f3rych mo\u017cna u\u017cy\u0107, by odzyska\u0107 te zaginione [&hellip;]\" \/>\n<meta property=\"og:url\" content=\"https:\/\/datarecovery.ping.fm\/pl\/recover-messages-instagram\/\" \/>\n<meta property=\"og:site_name\" content=\"Data Recovery Software\" \/>\n<meta property=\"article:modified_time\" content=\"2024-04-15T17:00:05+00:00\" \/>\n<meta property=\"og:image\" content=\"https:\/\/datarecovery.ping.fm\/wp-content\/uploads\/2024\/04\/How-to-recover-deleted-messages-on-Instagram-in-2024-Polish.jpg\" \/>\n\t<meta property=\"og:image:width\" content=\"1280\" \/>\n\t<meta property=\"og:image:height\" content=\"731\" \/>\n\t<meta property=\"og:image:type\" content=\"image\/jpeg\" \/>\n<meta name=\"twitter:card\" content=\"summary_large_image\" \/>\n<meta name=\"twitter:label1\" content=\"Est. reading time\" \/>\n\t<meta name=\"twitter:data1\" content=\"5 minut\" \/>\n<script type=\"application\/ld+json\" class=\"yoast-schema-graph\">{\"@context\":\"https:\/\/schema.org\",\"@graph\":[{\"@type\":\"WebPage\",\"@id\":\"https:\/\/datarecovery.ping.fm\/pl\/recover-messages-instagram\/\",\"url\":\"https:\/\/datarecovery.ping.fm\/pl\/recover-messages-instagram\/\",\"name\":\"Jak odzyska\u0107 usuni\u0119te wiadomo\u015bci na Instagramie w 2024 roku\",\"isPartOf\":{\"@id\":\"https:\/\/datarecovery.ping.fm\/pl\/#website\"},\"datePublished\":\"2024-01-04T19:41:08+00:00\",\"dateModified\":\"2024-04-15T17:00:05+00:00\",\"breadcrumb\":{\"@id\":\"https:\/\/datarecovery.ping.fm\/pl\/recover-messages-instagram\/#breadcrumb\"},\"inLanguage\":\"pl-PL\",\"potentialAction\":[{\"@type\":\"ReadAction\",\"target\":[\"https:\/\/datarecovery.ping.fm\/pl\/recover-messages-instagram\/\"]}]},{\"@type\":\"BreadcrumbList\",\"@id\":\"https:\/\/datarecovery.ping.fm\/pl\/recover-messages-instagram\/#breadcrumb\",\"itemListElement\":[{\"@type\":\"ListItem\",\"position\":1,\"name\":\"Home\",\"item\":\"https:\/\/datarecovery.ping.fm\/pl\/\"},{\"@type\":\"ListItem\",\"position\":2,\"name\":\"Jak odzyska\u0107 usuni\u0119te wiadomo\u015bci na Instagramie w 2024 roku\"}]},{\"@type\":\"WebSite\",\"@id\":\"https:\/\/datarecovery.ping.fm\/pl\/#website\",\"url\":\"https:\/\/datarecovery.ping.fm\/pl\/\",\"name\":\"Data Recovery Software\",\"description\":\"\",\"potentialAction\":[{\"@type\":\"SearchAction\",\"target\":{\"@type\":\"EntryPoint\",\"urlTemplate\":\"https:\/\/datarecovery.ping.fm\/pl\/?s={search_term_string}\"},\"query-input\":\"required name=search_term_string\"}],\"inLanguage\":\"pl-PL\"}]}<\/script>\n<!-- \/ Yoast SEO plugin. -->","yoast_head_json":{"title":"Jak odzyska\u0107 usuni\u0119te wiadomo\u015bci na Instagramie w 2024 roku","robots":{"index":"index","follow":"follow","max-snippet":"max-snippet:-1","max-image-preview":"max-image-preview:large","max-video-preview":"max-video-preview:-1"},"canonical":"https:\/\/datarecovery.ping.fm\/pl\/recover-messages-instagram\/","og_locale":"pl_PL","og_type":"article","og_title":"Jak odzyska\u0107 usuni\u0119te wiadomo\u015bci na Instagramie w 2024 roku","og_description":"Jak odzyska\u0107 usuni\u0119te wiadomo\u015bci na Instagramie w 2024 roku Czy kiedykolwiek przez przypadek usun\u0105\u0142e\u015b wa\u017cn\u0105 wiadomo\u015b\u0107 na Instagramie i gor\u0105czkowo szuka\u0142e\u015b sposob\u00f3w, by j\u0105 odzyska\u0107? Nie jeste\u015b sam. Poniewa\u017c Instagram staje si\u0119 niezb\u0119dnym narz\u0119dziem komunikacyjnym dla wielu os\u00f3b, utrata wiadomo\u015bci mo\u017ce by\u0107 przygn\u0119biaj\u0105ca. Na szcz\u0119\u015bcie istnieje kilka metod, kt\u00f3rych mo\u017cna u\u017cy\u0107, by odzyska\u0107 te zaginione [&hellip;]","og_url":"https:\/\/datarecovery.ping.fm\/pl\/recover-messages-instagram\/","og_site_name":"Data Recovery Software","article_modified_time":"2024-04-15T17:00:05+00:00","og_image":[{"width":1280,"height":731,"url":"https:\/\/datarecovery.ping.fm\/wp-content\/uploads\/2024\/04\/How-to-recover-deleted-messages-on-Instagram-in-2024-Polish.jpg","type":"image\/jpeg"}],"twitter_card":"summary_large_image","twitter_misc":{"Est. reading time":"5 minut"},"schema":{"@context":"https:\/\/schema.org","@graph":[{"@type":"WebPage","@id":"https:\/\/datarecovery.ping.fm\/pl\/recover-messages-instagram\/","url":"https:\/\/datarecovery.ping.fm\/pl\/recover-messages-instagram\/","name":"Jak odzyska\u0107 usuni\u0119te wiadomo\u015bci na Instagramie w 2024 roku","isPartOf":{"@id":"https:\/\/datarecovery.ping.fm\/pl\/#website"},"datePublished":"2024-01-04T19:41:08+00:00","dateModified":"2024-04-15T17:00:05+00:00","breadcrumb":{"@id":"https:\/\/datarecovery.ping.fm\/pl\/recover-messages-instagram\/#breadcrumb"},"inLanguage":"pl-PL","potentialAction":[{"@type":"ReadAction","target":["https:\/\/datarecovery.ping.fm\/pl\/recover-messages-instagram\/"]}]},{"@type":"BreadcrumbList","@id":"https:\/\/datarecovery.ping.fm\/pl\/recover-messages-instagram\/#breadcrumb","itemListElement":[{"@type":"ListItem","position":1,"name":"Home","item":"https:\/\/datarecovery.ping.fm\/pl\/"},{"@type":"ListItem","position":2,"name":"Jak odzyska\u0107 usuni\u0119te wiadomo\u015bci na Instagramie w 2024 roku"}]},{"@type":"WebSite","@id":"https:\/\/datarecovery.ping.fm\/pl\/#website","url":"https:\/\/datarecovery.ping.fm\/pl\/","name":"Data Recovery Software","description":"","potentialAction":[{"@type":"SearchAction","target":{"@type":"EntryPoint","urlTemplate":"https:\/\/datarecovery.ping.fm\/pl\/?s={search_term_string}"},"query-input":"required name=search_term_string"}],"inLanguage":"pl-PL"}]}},"_links":{"self":[{"href":"https:\/\/datarecovery.ping.fm\/pl\/wp-json\/wp\/v2\/pages\/40367"}],"collection":[{"href":"https:\/\/datarecovery.ping.fm\/pl\/wp-json\/wp\/v2\/pages"}],"about":[{"href":"https:\/\/datarecovery.ping.fm\/pl\/wp-json\/wp\/v2\/types\/page"}],"replies":[{"embeddable":true,"href":"https:\/\/datarecovery.ping.fm\/pl\/wp-json\/wp\/v2\/comments?post=40367"}],"version-history":[{"count":0,"href":"https:\/\/datarecovery.ping.fm\/pl\/wp-json\/wp\/v2\/pages\/40367\/revisions"}],"wp:featuredmedia":[{"embeddable":true,"href":"https:\/\/datarecovery.ping.fm\/pl\/wp-json\/wp\/v2\/media\/40368"}],"wp:attachment":[{"href":"https:\/\/datarecovery.ping.fm\/pl\/wp-json\/wp\/v2\/media?parent=40367"}],"curies":[{"name":"wp","href":"https:\/\/api.w.org\/{rel}","templated":true}]}}