{"id":40201,"date":"2024-03-01T09:30:59","date_gmt":"2024-03-01T09:30:59","guid":{"rendered":"https:\/\/www.ping.fm\/data-recovery-software\/recover-emptied-trash-mac\/"},"modified":"2024-04-15T14:02:40","modified_gmt":"2024-04-15T14:02:40","slug":"recover-emptied-trash-mac","status":"publish","type":"page","link":"https:\/\/datarecovery.ping.fm\/pl\/recover-emptied-trash-mac\/","title":{"rendered":"Oto jak odzyska\u0107 usuni\u0119te pliki z pustego kosza na Macu."},"content":{"rendered":"<section>\n<h1>Jak odzyska\u0107 usuni\u0119te pliki z opr\u00f3\u017cnionego Kosza na Macu <\/h1>\n<div class=\"inbrief\">\n<div>             <img src=\"https:\/\/www.ping.fm\/data-recovery-software\/wp-content\/uploads\/ai\/How-to-Recover-Deleted-Files-from-Emptied-Trash-on-Mac-Polish-.jpg\" alt=\"Jak odzyska\u0107 usuni\u0119te pliki z opr\u00f3\u017cnionego Kosza na Macu \" title=\"Jak odzyska\u0107 usuni\u0119te pliki z opr\u00f3\u017cnionego Kosza na Macu \" width=\"1280\" height=\"720\">             <\/p>\n<p>Je\u015bli wydaje Ci si\u0119, \u017ce misja <b>odzyskania usuni\u0119tych plik\u00f3w z kosza<\/b> na Twoim Macu jest nie do wykonania, nie obawiaj si\u0119, istniej\u0105 sposoby, aby odzyska\u0107 Twoje zaginione dane. Czy to dokument, kt\u00f3ry przypadkowo usun\u0105\u0142e\u015b, czy zestaw plik\u00f3w, o kt\u00f3rych my\u015bla\u0142e\u015b, \u017ce nigdy nie b\u0119d\u0105 Ci potrzebne &#8211; ka\u017cdemu z nas to si\u0119 przytrafi\u0142o. Jako kto\u015b, kto przeszuka\u0142 zakamarki systemu plik\u00f3w Maca w poszukiwaniu skasowanych przedmiot\u00f3w, pozw\u00f3l, \u017ce zostan\u0119 Twoim przewodnikiem przez t\u0119 podr\u00f3\u017c. W tym artykule zaprezentuj\u0119 kilka technik, kt\u00f3re skutecznie wykorzysta\u0142em do odzyskiwania plik\u00f3w z <b>Kosza<\/b> po ich usuni\u0119ciu. A je\u015bli chcesz zg\u0142\u0119bi\u0107 wiedz\u0119 na temat metod odzyskiwania, artyku\u0142 Jak odzyska\u0107 usuni\u0119te pliki z Kosza na Macu bez du\u017cego wysi\u0142ku jest cennym \u017ar\u00f3d\u0142em do odkrycia.<\/p>\n<\/div>\n<\/div>\n<\/section>\n<section>\n<div>\n<div>1<\/div>\n<h2>Typowe scenariusze:<\/h2>\n<\/div>\n<h3>Przypadkowe usuni\u0119cie &#128465;<\/h3>\n<ul>\n<li>W codziennym po\u015bpiechu \u0142atwo jest wybra\u0107 i usun\u0105\u0107 niew\u0142a\u015bciwy plik na <b>Macu<\/b>.<\/li>\n<li>Mo\u017ce zda\u0142e\u015b sobie spraw\u0119 za p\u00f3\u017ano, \u017ce w\u015br\u00f3d odrzuconych plik\u00f3w by\u0142 wa\u017cny dokument, po tym jak opr\u00f3\u017cni\u0142e\u015b <b>Kosz<\/b>.<\/li>\n<li>Kiedy ogarnia Ci\u0119 panika, mo\u017cesz odetchn\u0105\u0107 z ulg\u0105 wiedz\u0105c, \u017ce istniej\u0105 <b>opcje odzyskiwania<\/b>, kt\u00f3re mog\u0105 uratowa\u0107 Tw\u00f3j dzie\u0144 i dane.<\/li>\n<\/ul>\n<h3>\u017bal po czyszczeniu systemu &#128560;<\/h3>\n<ul>\n<li>Po dok\u0142adnym czyszczeniu systemu i opr\u00f3\u017cnieniu kosza mo\u017cesz odkry\u0107, \u017ce przez pomy\u0142k\u0119 wyrzuci\u0142e\u015b wa\u017cny folder i <b>trwale go usun\u0105\u0142e\u015b<\/b>.<\/li>\n<li>To przyt\u0142aczaj\u0105ce uczucie potencjalnej straty cennych zdj\u0119\u0107 lub dokument\u00f3w z pracy znam a\u017c za dobrze.<\/li>\n<li>Jednak od tamtej pory nauczy\u0142em si\u0119, \u017ce istnieje kilka metod, kt\u00f3re mog\u0105 odnale\u017a\u0107 te pliki uznane za zawsze zaginione w <b>systemie plik\u00f3w Twojego Maca<\/b>.<\/li>\n<\/ul>\n<h3>Niechciane zbiorowe usuni\u0119cia &#128562;<\/h3>\n<ul>\n<li>Zbiorowe usuwanie plik\u00f3w dla wydajno\u015bci mo\u017ce si\u0119 nie uda\u0107, je\u015bli wcze\u015bniej nie zweryfikujesz wybranych element\u00f3w.<\/li>\n<li>To masowe podej\u015bcie do odchudzania mo\u017ce czasem prowadzi\u0107 do niezamierzonego usuni\u0119cia wa\u017cnych plik\u00f3w lub folder\u00f3w.<\/li>\n<li>Na szcz\u0119\u015bcie odkry\u0142em, \u017ce szybkie dzia\u0142ania i odpowiednie narz\u0119dzia do odzyskiwania mog\u0105 <b>przywr\u00f3ci\u0107 zbiorczo usuni\u0119te elementy<\/b>, nawet po tym, jak znikn\u0119\u0142y z <b>Kosza<\/b>.<\/li>\n<\/ul>\n<\/section>\n<section class=\"stepByStep\">\n<div>\n<div>2<\/div>\n<h2>Przewodnik krok po kroku. Jak odzyska\u0107 opr\u00f3\u017cniony Kosz na Macu:<\/h2>\n<\/div>\n<h3>Metoda 1: Kopie zapasowe Time Machine &#128338;<\/h3>\n<ul>\n<li>Po pierwsze, pod\u0142\u0105cz zewn\u0119trzny dysk, kt\u00f3ry zawiera Twoje kopie zapasowe programu <b>Time Machine<\/b>.<\/li>\n<li>Otw\u00f3rz 'Time Machine&#8217; w Preferencjach Systemowych lub przez pasek menu i przejd\u017a do daty przed usuni\u0119ciem plik\u00f3w.<\/li>\n<li>Przegl\u0105daj swoj\u0105 kopi\u0119 zapasow\u0105 i znajd\u017a <b>Kosz<\/b> lub folder, w kt\u00f3rym znajdowa\u0142y si\u0119 Twoje pliki. Wybierz pliki i kliknij <b>&#8217;Przywr\u00f3\u0107&#8217;<\/b>, aby je odzyska\u0107.<\/li>\n<\/ul>\n<p><b>Uwaga:<\/b> Ta metoda zale\u017cy od posiadania wcze\u015bniejszej kopii zapasowej Time Machine przed usuni\u0119ciem.<\/p>\n<p><b>Wniosek:<\/b> Time Machine to wybawienie, kt\u00f3re pozwala cofn\u0105\u0107 usuni\u0119cia plik\u00f3w, ale wymaga przewidywania i regularnego tworzenia kopii zapasowych.<\/p>\n<h3>Metoda 2: Opcja cofni\u0119cia &#8984;<\/h3>\n<ul>\n<li>Je\u015bli w\u0142a\u015bnie usun\u0105\u0142e\u015b plik i natychmiast zorientowa\u0142e\u015b si\u0119 w b\u0142\u0119dzie, przejd\u017a do menu <b>&#8217;Finder&#8217;<\/b> na g\u00f3rze ekranu.<\/li>\n<li>Wybierz <b>&#8217;Edycja&#8217;<\/b> i kliknij na <b>&#8217;Cofnij przeniesienie [nazwa pliku]&#8217;<\/b> lub naci\u015bnij <b>Cmd + Z<\/b>, aby cofn\u0105\u0107 ostatni\u0105 akcj\u0119.<\/li>\n<li>Sprawd\u017a sw\u00f3j folder lub pulpit, a plik powinien si\u0119 pojawi\u0107, je\u015bli nie zosta\u0142 nadpisany przez kolejne dzia\u0142ania.<\/li>\n<\/ul>\n<p><b>Uwaga:<\/b> Ten szybki spos\u00f3b dzia\u0142a tylko, je\u015bli usuni\u0119cie zostanie natychmiast zauwa\u017cone i po usuni\u0119ciu nie zosta\u0142y podj\u0119te \u017cadne inne dzia\u0142ania.<\/p>\n<p><b>Wniosek:<\/b> Funkcja 'Cofnij&#8217; to natychmiastowa metoda, ale ograniczona do sytuacji, gdy usuni\u0119cie od razu si\u0119 zauwa\u017cy.<\/p>\n<h3>Metoda 3: Polecenie w Terminalu &#128269;<\/h3>\n<ul>\n<li>Otw\u00f3rz <b>&#8217;Terminal&#8217;<\/b> ze swojego folderu Aplikacje > Narz\u0119dzia.<\/li>\n<li>Wpisz <b>&#8217;cd .Trash&#8217;<\/b> i naci\u015bnij Enter, aby przej\u015b\u0107 do katalogu Kosza.<\/li>\n<li>Nast\u0119pnie mo\u017cesz przeszuka\u0107 usuni\u0119te pliki, u\u017cywaj\u0105c polece\u0144 typu <b>&#8217;ls&#8217;<\/b> aby wylistowa\u0107 elementy lub <b>&#8217;mv&#8217;<\/b> [nazwa pliku] [miejsce docelowe], aby je odzyska\u0107.<\/li>\n<\/ul>\n<p><b>Uwaga:<\/b> Ta metoda wymaga podstawowej znajomo\u015bci interfejsu wiersza polece\u0144 i zak\u0142ada, \u017ce pliki nie zosta\u0142y trwale usuni\u0119te.<\/p>\n<p><b>Wniosek:<\/b> Odzyskiwanie przez Terminal to bardziej zaawansowane podej\u015bcie, kt\u00f3re mo\u017ce by\u0107 skuteczne, je\u015bli jeste\u015b komfortowo zaznajomiony z zadaniami wiersza polece\u0144.<\/p>\n<h3>Metoda 4: Oprogramowanie do odzyskiwania &#128736;<\/h3>\n<ul>\n<li>Pobierz i zainstaluj renomowane oprogramowanie do odzyskiwania danych dla Maca, takie jak Disk Drill czy Stellar Data Recovery.<\/li>\n<li>Uruchom aplikacj\u0119 i wybierz dysk, na kt\u00f3rym znajdowa\u0142 si\u0119 Tw\u00f3j <b>Kosz<\/b>.<\/li>\n<li>Post\u0119puj zgodnie z instrukcjami oprogramowania, aby przeskanowa\u0107 pliki mo\u017cliwe do odzyskania i wybra\u0107 te, kt\u00f3re chcesz przywr\u00f3ci\u0107.<\/li>\n<\/ul>\n<p><b>Uwaga:<\/b> Niekt\u00f3re programy do odzyskiwania danych mog\u0105 oferowa\u0107 darmowe wersje pr\u00f3bne, ale pe\u0142ne funkcje odzyskiwania mog\u0105 wymaga\u0107 zakupu.<\/p>\n<p><b>Wniosek:<\/b> Narz\u0119dzia do odzyskiwania danych zazwyczaj s\u0105 najpot\u0119\u017cniejszym rozwi\u0105zaniem, cz\u0119sto pozwalaj\u0105cym na odzyskanie plik\u00f3w nawet po opr\u00f3\u017cnieniu Kosza.<\/p>\n<h3>Metoda 5: Sprawd\u017a iCloud Drive &#127760;<\/h3>\n<ul>\n<li>Je\u015bli korzystasz z <b>iCloud Drive<\/b>, przejd\u017a do <a href='https:\/\/www.icloud.com\/' rel=\"nofollow noopener\" target='_blank'>www.icloud.com<\/a> i zaloguj si\u0119 za pomoc\u0105 swojego identyfikatora Apple.<\/li>\n<li>Wejd\u017a w sekcj\u0119 <b>iCloud Drive<\/b> i sprawd\u017a folder &#8222;Ostatnio Usuni\u0119te&#8221;.<\/li>\n<li>Wybierz pliki, kt\u00f3re chcesz odzyska\u0107 i kliknij <b>&#8217;Przywr\u00f3\u0107&#8217;<\/b>, aby cofn\u0105\u0107 usuni\u0119cie.<\/li>\n<\/ul>\n<p><b>Uwaga:<\/b> Pliki s\u0105 przechowywane w folderze &#8222;Ostatnio Usuni\u0119te&#8221; przez 30 dni przed ich trwa\u0142ym usuni\u0119ciem.<\/p>\n<p><b>Wniosek:<\/b> iCloud oferuje przyzwoity okres na odzyskanie plik\u00f3w, je\u015bli zosta\u0142y zsynchronizowane przed usuni\u0119ciem.<\/p>\n<\/section>\n<section>\n<div>\n<div>3<\/div>\n<h2>Film na Youtube do obejrzenia<\/h2>\n<\/div>\n<div class=\"iframe\"><iframe width=\"420\" height=\"315\" src=\"\/\/www.youtube.com\/embed\/DDxTYm56DII\" frameborder=\"0\" allowfullscreen><\/iframe><\/div>\n<\/section>\n<section>\n<div>\n<div>4<\/div>\n<h2>\u015arodki ostro\u017cno\u015bci i wskaz\u00f3wki:<\/h2>\n<\/div>\n<h3>Zabezpiecz swoje dane &#128737;<\/h3>\n<ul>\n<li>Regularnie wykonuj kopie zapasowe za pomoc\u0105 <b>Time Machine<\/b> lub us\u0142ugi w chmurze, aby unikn\u0105\u0107 paniki zwi\u0105zanej z przypadkowymi usuni\u0119ciami.<\/li>\n<li>U\u017cyj <b>&#8217;Command + Z&#8217;<\/b> natychmiast, je\u015bli przez pomy\u0142k\u0119 usuniesz co\u015b i zauwa\u017cysz to od razu.<\/li>\n<li>Zawsze dok\u0142adnie sprawdzaj zawarto\u015b\u0107 <b>Kosza<\/b> przed jego opr\u00f3\u017cnieniem, aby nie straci\u0107 po\u017c\u0105danych plik\u00f3w.<\/li>\n<\/ul>\n<\/section>\n<section>\n<div>\n<div>5<\/div>\n<h2>Zwi\u0119kszenie szans na odzyskanie danych<\/h2>\n<\/div>\n<p>Do\u015bwiadczaj\u0105c goryczy utraty danych, mog\u0119 potwierdzi\u0107 krytyczne znaczenie zwi\u0119kszenia szans na odzyskanie danych dzi\u0119ki odpowiednim praktykom i narz\u0119dziom. Poza wcze\u015bniej wspomnianymi metodami, zrozumienie mechanizm\u00f3w dzia\u0142ania <b>systemu plik\u00f3w Mac<\/b> mo\u017ce by\u0107 niezwykle pouczaj\u0105ce. Kiedy plik zostanie usuni\u0119ty, nie jest natychmiastowo zniszczony, a raczej oznaczony jako dost\u0119pne miejsce na nowe dane; st\u0105d czas ma istotne znaczenie, je\u015bli chodzi o odzyskanie.<\/p>\n<p>Badanie narz\u0119dzi odzyskiwania danych stron trzecich, takich jak <a href='https:\/\/www.cleverfiles.com\/' rel=\"nofollow noopener\" target='_blank'>Disk Drill<\/a> czy <a href='https:\/\/www.stellarinfo.com\/' rel=\"nofollow noopener\" target='_blank'>Stellar Data Recovery<\/a>, mo\u017ce znacznie poprawi\u0107 szanse. Te narz\u0119dzia oferuj\u0105 g\u0142\u0119bokie skanowanie, kt\u00f3re mo\u017ce zlokalizowa\u0107 fragmenty plik\u00f3w niewidoczne dla u\u017cytkownika. Jednak nale\u017cy zachowa\u0107 ostro\u017cno\u015b\u0107 i instalowa\u0107 te programy na innym dysku ni\u017c ten, z kt\u00f3rego pr\u00f3bujesz odzyska\u0107 dane, aby nie nadpisywa\u0107 utraconych plik\u00f3w.<\/p>\n<p>Ponadto, regularnie czy\u015b\u0107 sw\u00f3j Mac przy u\u017cyciu narz\u0119dzi takich jak <a href='https:\/\/www.ccleaner.com\/' rel=\"nofollow noopener\" target='_blank'>CCleaner<\/a>, ale zawsze sprawdzaj, co jest oznaczone do usuni\u0119cia. Je\u015bli co\u015b p\u00f3jdzie nie tak, wiedza, jak nawigowa\u0107 opcje odzyskiwania, pos\u0142u\u017cy jako Twoja sie\u0107 bezpiecze\u0144stwa. Rozwa\u017c tak\u017ce w\u0142\u0105czenie funkcji 'Pulpit i dokumenty&#8217; w <a href='https:\/\/support.apple.com\/guide\/mac-help\/what-is-icloud-drive-mchle1d0e1fe\/mac' rel=\"nofollow noopener\" target='_blank'>Dysku iCloud<\/a>, kt\u00f3ra automatycznie synchronizuje i tworzy kopi\u0119 do odzyskania twoich plik\u00f3w.<\/p>\n<p>Dla os\u00f3b pracuj\u0105cych w \u015brodowiskach podatnych na utrat\u0119 danych, warto jest zainwestowa\u0107 w profesjonalne us\u0142ugi odzyskiwania danych. Firmy takie jak <a href='https:\/\/www.drivesaversdatarecovery.com\/' rel=\"nofollow noopener\" target='_blank'>DriveSavers<\/a> mog\u0105 przeprowadza\u0107 zaawansowane odzyskiwanie danych z dysk\u00f3w, kt\u00f3re do\u015bwiadczy\u0142y skomplikowanych problem\u00f3w.<\/p>\n<\/section>\n<section>\n<h2>Podsumowanie:<\/h2>\n<div class=\"nonp\">\n<p>Podsumowuj\u0105c, mimo \u017ce moment, w kt\u00f3rym trzeba <b>odzyska\u0107 usuni\u0119te elementy z Kosza<\/b> na Macu mo\u017ce wywo\u0142a\u0107 przera\u017cenie, to posiadanie wiedzy oraz narz\u0119dzi do poradzenia sobie w tej sytuacji daje moc. Od wykorzystania wbudowanych aplikacji takich jak <b>Time Machine<\/b> i <b>iCloud Drive<\/b> po u\u017cycie zaawansowanego oprogramowania firm trzecich \u2013 istnieje wiele rozwi\u0105za\u0144, do kt\u00f3rych mo\u017cna si\u0119 zwr\u00f3ci\u0107. Pami\u0119taj, \u017ce kluczem do skutecznego odzyskiwania danych jest szybkie dzia\u0142anie i zrozumienie mo\u017cliwo\u015bci oraz ogranicze\u0144 ka\u017cdej metody. Je\u015bli kiedykolwiek znajdziesz si\u0119 w pilnej potrzebie odzyskania utraconych plik\u00f3w, wr\u00f3\u0107 do porad tutaj przedstawionych i podejmij wyzwanie z pewno\u015bci\u0105 siebie. Zawsze wykonuj kopie zapasowe swoich danych, zachowaj spok\u00f3j i kontynuuj odzyskiwanie.<\/p>\n<\/div>\n<\/section>\n","protected":false},"excerpt":{"rendered":"<p>Jak odzyska\u0107 usuni\u0119te pliki z opr\u00f3\u017cnionego Kosza na Macu Je\u015bli wydaje Ci si\u0119, \u017ce misja odzyskania usuni\u0119tych plik\u00f3w z kosza na Twoim Macu jest nie do wykonania, nie obawiaj si\u0119, istniej\u0105 sposoby, aby odzyska\u0107 Twoje zaginione dane. Czy to dokument, kt\u00f3ry przypadkowo usun\u0105\u0142e\u015b, czy zestaw plik\u00f3w, o kt\u00f3rych my\u015bla\u0142e\u015b, \u017ce nigdy nie b\u0119d\u0105 Ci potrzebne [&hellip;]<\/p>\n","protected":false},"author":0,"featured_media":40202,"parent":0,"menu_order":0,"comment_status":"closed","ping_status":"closed","template":"chromecast.php","meta":{"_stopmodifiedupdate":false,"_modified_date":"","_lmt_disableupdate":"","_lmt_disable":""},"acf":[],"yoast_head":"<!-- This site is optimized with the Yoast SEO plugin v20.9 - https:\/\/yoast.com\/wordpress\/plugins\/seo\/ -->\n<title>Nast\u0119puj\u0105ca jest metoda na odzyskanie plik\u00f3w, kt\u00f3re zosta\u0142y usuni\u0119te z kosza na Macu [2024]<\/title>\n<meta name=\"robots\" content=\"index, follow, max-snippet:-1, max-image-preview:large, max-video-preview:-1\" \/>\n<link rel=\"canonical\" href=\"https:\/\/datarecovery.ping.fm\/pl\/recover-emptied-trash-mac\/\" \/>\n<meta property=\"og:locale\" content=\"pl_PL\" \/>\n<meta property=\"og:type\" content=\"article\" \/>\n<meta property=\"og:title\" content=\"Nast\u0119puj\u0105ca jest metoda na odzyskanie plik\u00f3w, kt\u00f3re zosta\u0142y usuni\u0119te z kosza na Macu [2024]\" \/>\n<meta property=\"og:description\" content=\"Jak odzyska\u0107 usuni\u0119te pliki z opr\u00f3\u017cnionego Kosza na Macu Je\u015bli wydaje Ci si\u0119, \u017ce misja odzyskania usuni\u0119tych plik\u00f3w z kosza na Twoim Macu jest nie do wykonania, nie obawiaj si\u0119, istniej\u0105 sposoby, aby odzyska\u0107 Twoje zaginione dane. Czy to dokument, kt\u00f3ry przypadkowo usun\u0105\u0142e\u015b, czy zestaw plik\u00f3w, o kt\u00f3rych my\u015bla\u0142e\u015b, \u017ce nigdy nie b\u0119d\u0105 Ci potrzebne [&hellip;]\" \/>\n<meta property=\"og:url\" content=\"https:\/\/datarecovery.ping.fm\/pl\/recover-emptied-trash-mac\/\" \/>\n<meta property=\"og:site_name\" content=\"Data Recovery Software\" \/>\n<meta property=\"article:modified_time\" content=\"2024-04-15T14:02:40+00:00\" \/>\n<meta property=\"og:image\" content=\"https:\/\/datarecovery.ping.fm\/wp-content\/uploads\/2024\/03\/How-to-Recover-Deleted-Files-from-Emptied-Trash-on-Mac-1.jpg\" \/>\n\t<meta property=\"og:image:width\" content=\"1280\" \/>\n\t<meta property=\"og:image:height\" content=\"731\" \/>\n\t<meta property=\"og:image:type\" content=\"image\/jpeg\" \/>\n<meta name=\"twitter:card\" content=\"summary_large_image\" \/>\n<meta name=\"twitter:label1\" content=\"Est. reading time\" \/>\n\t<meta name=\"twitter:data1\" content=\"7 minut\" \/>\n<script type=\"application\/ld+json\" class=\"yoast-schema-graph\">{\"@context\":\"https:\/\/schema.org\",\"@graph\":[{\"@type\":\"WebPage\",\"@id\":\"https:\/\/datarecovery.ping.fm\/pl\/recover-emptied-trash-mac\/\",\"url\":\"https:\/\/datarecovery.ping.fm\/pl\/recover-emptied-trash-mac\/\",\"name\":\"Nast\u0119puj\u0105ca jest metoda na odzyskanie plik\u00f3w, kt\u00f3re zosta\u0142y usuni\u0119te z kosza na Macu [2024]\",\"isPartOf\":{\"@id\":\"https:\/\/datarecovery.ping.fm\/pl\/#website\"},\"datePublished\":\"2024-03-01T09:30:59+00:00\",\"dateModified\":\"2024-04-15T14:02:40+00:00\",\"breadcrumb\":{\"@id\":\"https:\/\/datarecovery.ping.fm\/pl\/recover-emptied-trash-mac\/#breadcrumb\"},\"inLanguage\":\"pl-PL\",\"potentialAction\":[{\"@type\":\"ReadAction\",\"target\":[\"https:\/\/datarecovery.ping.fm\/pl\/recover-emptied-trash-mac\/\"]}]},{\"@type\":\"BreadcrumbList\",\"@id\":\"https:\/\/datarecovery.ping.fm\/pl\/recover-emptied-trash-mac\/#breadcrumb\",\"itemListElement\":[{\"@type\":\"ListItem\",\"position\":1,\"name\":\"Home\",\"item\":\"https:\/\/datarecovery.ping.fm\/pl\/\"},{\"@type\":\"ListItem\",\"position\":2,\"name\":\"Oto jak odzyska\u0107 usuni\u0119te pliki z pustego kosza na Macu.\"}]},{\"@type\":\"WebSite\",\"@id\":\"https:\/\/datarecovery.ping.fm\/pl\/#website\",\"url\":\"https:\/\/datarecovery.ping.fm\/pl\/\",\"name\":\"Data Recovery Software\",\"description\":\"\",\"potentialAction\":[{\"@type\":\"SearchAction\",\"target\":{\"@type\":\"EntryPoint\",\"urlTemplate\":\"https:\/\/datarecovery.ping.fm\/pl\/?s={search_term_string}\"},\"query-input\":\"required name=search_term_string\"}],\"inLanguage\":\"pl-PL\"}]}<\/script>\n<!-- \/ Yoast SEO plugin. -->","yoast_head_json":{"title":"Nast\u0119puj\u0105ca jest metoda na odzyskanie plik\u00f3w, kt\u00f3re zosta\u0142y usuni\u0119te z kosza na Macu [2024]","robots":{"index":"index","follow":"follow","max-snippet":"max-snippet:-1","max-image-preview":"max-image-preview:large","max-video-preview":"max-video-preview:-1"},"canonical":"https:\/\/datarecovery.ping.fm\/pl\/recover-emptied-trash-mac\/","og_locale":"pl_PL","og_type":"article","og_title":"Nast\u0119puj\u0105ca jest metoda na odzyskanie plik\u00f3w, kt\u00f3re zosta\u0142y usuni\u0119te z kosza na Macu [2024]","og_description":"Jak odzyska\u0107 usuni\u0119te pliki z opr\u00f3\u017cnionego Kosza na Macu Je\u015bli wydaje Ci si\u0119, \u017ce misja odzyskania usuni\u0119tych plik\u00f3w z kosza na Twoim Macu jest nie do wykonania, nie obawiaj si\u0119, istniej\u0105 sposoby, aby odzyska\u0107 Twoje zaginione dane. Czy to dokument, kt\u00f3ry przypadkowo usun\u0105\u0142e\u015b, czy zestaw plik\u00f3w, o kt\u00f3rych my\u015bla\u0142e\u015b, \u017ce nigdy nie b\u0119d\u0105 Ci potrzebne [&hellip;]","og_url":"https:\/\/datarecovery.ping.fm\/pl\/recover-emptied-trash-mac\/","og_site_name":"Data Recovery Software","article_modified_time":"2024-04-15T14:02:40+00:00","og_image":[{"width":1280,"height":731,"url":"https:\/\/datarecovery.ping.fm\/wp-content\/uploads\/2024\/03\/How-to-Recover-Deleted-Files-from-Emptied-Trash-on-Mac-1.jpg","type":"image\/jpeg"}],"twitter_card":"summary_large_image","twitter_misc":{"Est. reading time":"7 minut"},"schema":{"@context":"https:\/\/schema.org","@graph":[{"@type":"WebPage","@id":"https:\/\/datarecovery.ping.fm\/pl\/recover-emptied-trash-mac\/","url":"https:\/\/datarecovery.ping.fm\/pl\/recover-emptied-trash-mac\/","name":"Nast\u0119puj\u0105ca jest metoda na odzyskanie plik\u00f3w, kt\u00f3re zosta\u0142y usuni\u0119te z kosza na Macu [2024]","isPartOf":{"@id":"https:\/\/datarecovery.ping.fm\/pl\/#website"},"datePublished":"2024-03-01T09:30:59+00:00","dateModified":"2024-04-15T14:02:40+00:00","breadcrumb":{"@id":"https:\/\/datarecovery.ping.fm\/pl\/recover-emptied-trash-mac\/#breadcrumb"},"inLanguage":"pl-PL","potentialAction":[{"@type":"ReadAction","target":["https:\/\/datarecovery.ping.fm\/pl\/recover-emptied-trash-mac\/"]}]},{"@type":"BreadcrumbList","@id":"https:\/\/datarecovery.ping.fm\/pl\/recover-emptied-trash-mac\/#breadcrumb","itemListElement":[{"@type":"ListItem","position":1,"name":"Home","item":"https:\/\/datarecovery.ping.fm\/pl\/"},{"@type":"ListItem","position":2,"name":"Oto jak odzyska\u0107 usuni\u0119te pliki z pustego kosza na Macu."}]},{"@type":"WebSite","@id":"https:\/\/datarecovery.ping.fm\/pl\/#website","url":"https:\/\/datarecovery.ping.fm\/pl\/","name":"Data Recovery Software","description":"","potentialAction":[{"@type":"SearchAction","target":{"@type":"EntryPoint","urlTemplate":"https:\/\/datarecovery.ping.fm\/pl\/?s={search_term_string}"},"query-input":"required name=search_term_string"}],"inLanguage":"pl-PL"}]}},"_links":{"self":[{"href":"https:\/\/datarecovery.ping.fm\/pl\/wp-json\/wp\/v2\/pages\/40201"}],"collection":[{"href":"https:\/\/datarecovery.ping.fm\/pl\/wp-json\/wp\/v2\/pages"}],"about":[{"href":"https:\/\/datarecovery.ping.fm\/pl\/wp-json\/wp\/v2\/types\/page"}],"replies":[{"embeddable":true,"href":"https:\/\/datarecovery.ping.fm\/pl\/wp-json\/wp\/v2\/comments?post=40201"}],"version-history":[{"count":0,"href":"https:\/\/datarecovery.ping.fm\/pl\/wp-json\/wp\/v2\/pages\/40201\/revisions"}],"wp:featuredmedia":[{"embeddable":true,"href":"https:\/\/datarecovery.ping.fm\/pl\/wp-json\/wp\/v2\/media\/40202"}],"wp:attachment":[{"href":"https:\/\/datarecovery.ping.fm\/pl\/wp-json\/wp\/v2\/media?parent=40201"}],"curies":[{"name":"wp","href":"https:\/\/api.w.org\/{rel}","templated":true}]}}