{"id":40113,"date":"2024-03-07T05:04:08","date_gmt":"2024-03-07T05:04:08","guid":{"rendered":"https:\/\/www.ping.fm\/data-recovery-software\/recover-deleted-files-windows-11\/"},"modified":"2024-04-15T12:55:14","modified_gmt":"2024-04-15T12:55:14","slug":"recover-deleted-files-windows-11","status":"publish","type":"page","link":"https:\/\/datarecovery.ping.fm\/pl\/recover-deleted-files-windows-11\/","title":{"rendered":"Tak przywr\u00f3cisz usuni\u0119te pliki w Windows 11"},"content":{"rendered":"<section>\n<h1>Jak odzyska\u0107 usuni\u0119te pliki w systemie Windows 11<\/h1>\n<div class=\"inbrief\">\n<div>              <img decoding=\"async\" class=\"lazyload\"  srcset=\"data:image\/png;base64,iVBORw0KGgoAAAANSUhEUgAABLAAAAKkAQMAAAAqeFQ7AAAAA3NCSVQICAjb4U\/gAAAABlBMVEX\/\/\/\/\/\/\/9VfPVsAAAAAnRSTlMA\/1uRIrUAAAAJcEhZcwAACxIAAAsSAdLdfvwAAAAcdEVYdFNvZnR3YXJlAEFkb2JlIEZpcmV3b3JrcyBDUzbovLKMAAAAFnRFWHRDcmVhdGlvbiBUaW1lADAxLzI5LzE536V52wAAAHpJREFUeJztwQENAAAAwqD3T20ON6AAAAAAAAAAAAAAAAAAAAAAAAAAAAAAAAAAAAAAAAAAAAAAAAAAAAAAAAAAAAAAAAAAAAAAAAAAAAAAAAAAAAAAAAAAAAAAAAAAAAAAAAAAAAAAAAAAAAAAAAAAAAAAAAAAAIAHA47LAAHp9LjEAAAAAElFTkSuQmCC\" src=\"https:\/\/www.ping.fm\/data-recovery-software\/wp-content\/uploads\/ai\/How-to-Recover-Deleted-Files-on-Windows-11-Polish.jpg\" data-srcset=\"https:\/\/www.ping.fm\/data-recovery-software\/wp-content\/uploads\/ai\/How-to-Recover-Deleted-Files-on-Windows-11-Polish.jpg\" data-lazy-type=\"image\" data-original=\"https:\/\/www.ping.fm\/data-recovery-software\/wp-content\/uploads\/ai\/How-to-Recover-Deleted-Files-on-Windows-11-Polish.jpg\" alt=\"Jak odzyska\u0107 usuni\u0119te pliki w systemie Windows 11\" title=\"Jak odzyska\u0107 usuni\u0119te pliki w systemie Windows 11\" width=\"1280\" height=\"720\">              <\/p>\n<p>Przypadkowe usuni\u0119cie wa\u017cnych plik\u00f3w to powszechny problem, z kt\u00f3rym boryka si\u0119 wielu u\u017cytkownik\u00f3w. Na szcz\u0119\u015bcie, Windows 11 oferuje szereg funkcji i narz\u0119dzi, kt\u00f3re pomagaj\u0105 odzyska\u0107 te kluczowe dane. Ten artyku\u0142 przeprowadzi ci\u0119 przez niuanse odzyskiwania plik\u00f3w w Windows 11, opieraj\u0105c si\u0119 zar\u00f3wno na wbudowanych metodach, jak i zewn\u0119trznych rozwi\u0105zaniach. Celem jest zapewnienie kompleksowego podej\u015bcia do przywracania plik\u00f3w, kt\u00f3re osobi\u015bcie wypraktykowa\u0142em, borykaj\u0105c si\u0119 z podobnymi problemami.<\/p>\n<\/div>\n<\/div>\n<\/section>\n<section>\n<div>\n<div>1<\/div>\n<h2>Najcz\u0119stsze scenariusze:<\/h2>\n<\/div>\n<h3>Przypadkowe usuni\u0119cie &#128465;<\/h3>\n<ul>\n<li><b>Opr\u00f3\u017cnienie Kosza<\/b> nie zdaj\u0105c sobie sprawy, \u017ce znajduj\u0105 si\u0119 w nim kluczowe pliki.<\/li>\n<li>U\u017cycie komendy <b>Shift + Delete<\/b>, kt\u00f3ra omija Kosz.<\/li>\n<li><b>Masowe usuwanie<\/b> plik\u00f3w, po kt\u00f3rym nast\u0119puje natychmiastowe zorientowanie si\u0119 na b\u0142\u0105d.<\/li>\n<\/ul>\n<h3>Aktualizacje systemu lub awarie &#128165;<\/h3>\n<ul>\n<li><b>Aktualizacje Windows 11<\/b> prowadz\u0105ce do niezamierzonych usuni\u0119\u0107 plik\u00f3w.<\/li>\n<li>Niespodziewane <b>zaburzenia zasilania<\/b> lub <b>awarie systemu<\/b> powoduj\u0105ce strat\u0119 niezapisanych danych.<\/li>\n<li>B\u0142\u0119dy <b>dysku twardego<\/b> wynikaj\u0105ce z awarii systemu.<\/li>\n<\/ul>\n<h3>Ataki wirus\u00f3w lub malware &#129440;<\/h3>\n<ul>\n<li>Usuni\u0119te automatycznie pliki zainfekowane przez oprogramowanie antywirusowe.<\/li>\n<li><b>Z\u0142o\u015bliwe oprogramowanie<\/b> powoduj\u0105ce uszkodzenie lub usuni\u0119cie plik\u00f3w.<\/li>\n<li><b>Problemy z dost\u0119pem do plik\u00f3w<\/b> po rozwi\u0105zaniu ataku malware.<\/li>\n<\/ul>\n<\/section>\n<section class=\"stepByStep\">\n<div>\n<div>2<\/div>\n<h2>Krok po kroku. Jak odzyska\u0107 usuni\u0119te pliki w systemie Windows 11:<\/h2>\n<\/div>\n<h3>Metoda 1: U\u017cycie Kosza &#128465;<\/h3>\n<ul>\n<li>Otw\u00f3rz <b>Kosz<\/b> poprzez dwukrotne klikni\u0119cie jego ikony na pulpicie.<\/li>\n<li>Znajd\u017a <b>usuni\u0119te pliki<\/b>, kt\u00f3re chcesz odzyska\u0107.<\/li>\n<li>Kliknij prawym przyciskiem myszy na plikach i wybierz <b>Przywr\u00f3\u0107<\/b>, aby przenie\u015b\u0107 je z powrotem do pierwotnej lokalizacji.<\/li>\n<\/ul>\n<p><b>Uwaga:<\/b> Pliki mo\u017cna odzyska\u0107 z Kosza tylko, je\u017celi nie zosta\u0142y trwale usuni\u0119te lub Kosz nie zosta\u0142 opr\u00f3\u017cniony.<\/p>\n<p><b>Wniosek:<\/b> Kosz jest najprostsz\u0105 i najszybsz\u0105 metod\u0105 odzyskiwania niedawno usuni\u0119tych plik\u00f3w, kt\u00f3re nie zosta\u0142y bezpowrotnie utracone.<\/p>\n<h3>Metoda 2: U\u017cycie historii plik\u00f3w &#128338;<\/h3>\n<ul>\n<li>Otw\u00f3rz <b>Ustawienia<\/b> i przejd\u017a do <b>&#8217;Aktualizacje i zabezpieczenia&#8217;<\/b> > <b>&#8217;Kopia zapasowa&#8217;<\/b>.<\/li>\n<li>Upewnij si\u0119, \u017ce funkcja <b>Historia plik\u00f3w<\/b> zosta\u0142a skonfigurowana i wybierz <b>&#8217;Wi\u0119cej opcji&#8217;<\/b> w sekcji 'Wykonaj kopi\u0119 zapasow\u0105 przy u\u017cyciu historii plik\u00f3w&#8217;.<\/li>\n<li>Kliknij na <b>&#8217;Przywr\u00f3\u0107 pliki z bie\u017c\u0105cej kopii zapasowej&#8217;<\/b> i przegl\u0105daj pliki, aby zlokalizowa\u0107 te potrzebne.<\/li>\n<li>Wybierz pliki i kliknij zielony przycisk <b>Przywr\u00f3\u0107<\/b>, aby je odzyska\u0107.<\/li>\n<\/ul>\n<p><b>Uwaga:<\/b> Ta metoda wymaga, aby wcze\u015bniej aktywowa\u0107 Histori\u0119 plik\u00f3w na zewn\u0119trznym dysku lub lokalizacji sieciowej.<\/p>\n<p><b>Wniosek:<\/b> Historia plik\u00f3w jest cennym narz\u0119dziem do ci\u0105g\u0142ego tworzenia kopii zapasowych, umo\u017cliwiaj\u0105cym \u0142atwe odzyskanie, je\u015bli zosta\u0142a skonfigurowana przed usuni\u0119ciem plik\u00f3w.<\/p>\n<h3>Metoda 3: U\u017cycie narz\u0119dzia Windows File Recovery &#129520;<\/h3>\n<ul>\n<li>Pobierz i zainstaluj narz\u0119dzie <b>Windows File Recovery<\/b> ze <a href=\"https:\/\/www.microsoft.com\/en-us\/p\/windows-file-recovery\/9n26s50ln705\" rel=\"nofollow external noopener noreferrer\" target=\"_blank\" data-wpel-link=\"external\">Sklepu Microsoft<\/a>.<\/li>\n<li>Uruchom narz\u0119dzie za pomoc\u0105 <b>Wiersza polece\u0144<\/b> jako administrator.<\/li>\n<li>Wprowad\u017a odpowiedni\u0105 sk\u0142adni\u0119 komendy dla typu wykonywanego odzyskiwania (tryb Regularny lub Rozszerzony).<\/li>\n<li>Post\u0119puj zgodnie z instrukcjami na ekranie, aby zako\u0144czy\u0107 proces odzyskiwania plik\u00f3w.<\/li>\n<\/ul>\n<p><b>Uwaga:<\/b> Windows File Recovery dzia\u0142a przez wiersz polece\u0144 i mo\u017ce by\u0107 bardziej odpowiedni dla zaawansowanych u\u017cytkownik\u00f3w.<\/p>\n<p><b>Wniosek:<\/b> Windows File Recovery mo\u017ce by\u0107 pot\u0119\u017cnym narz\u0119dziem do odzyskiwania plik\u00f3w, szczeg\u00f3lnie z sformatowanych lub uszkodzonych no\u015bnik\u00f3w danych.<\/p>\n<h3>Metoda 4: U\u017cycie oprogramowania do odzyskiwania plik\u00f3w firm trzecich &#128189;<\/h3>\n<ul>\n<li>Wybierz renomowane <b>oprogramowanie firm trzecich do odzyskiwania plik\u00f3w<\/b> takie jak Recuva.<\/li>\n<li>Pobierz i zainstaluj oprogramowanie zgodnie z instrukcjami dostawcy.<\/li>\n<li>Uruchom program i wybierz dysk, na kt\u00f3rym znajdowa\u0142y si\u0119 usuni\u0119te pliki.<\/li>\n<li>Post\u0119puj zgodnie z krokami na ekranie, aby przeskanowa\u0107 mo\u017cliwe do odzyskania pliki i wybierz te, kt\u00f3re chcesz przywr\u00f3ci\u0107.<\/li>\n<li>Wybierz lokalizacj\u0119 do odzyskiwania, kt\u00f3ra jest inna ni\u017c oryginalna \u015bcie\u017cka, aby unikn\u0105\u0107 potencjalnego nadpisania danych.<\/li>\n<\/ul>\n<p><b>Uwaga:<\/b> Upewnij si\u0119, \u017ce wybierasz oprogramowanie z udowodnion\u0105 histori\u0105 i czytasz recenzje dotycz\u0105ce niezawodno\u015bci.<\/p>\n<p><b>Wniosek:<\/b> Oprogramowanie firm trzecich mo\u017ce oferowa\u0107 bardziej przyjazny interfejs i dodatkowe funkcje w por\u00f3wnaniu do natywnych narz\u0119dzi Windows.<\/p>\n<h3>Metoda 5: U\u017cycie punktu przywracania systemu &#128260;<\/h3>\n<ul>\n<li>Wyszukaj 'Utw\u00f3rz punkt przywracania&#8217; w pasku wyszukiwania Windows i naci\u015bnij <b>Enter<\/b>.<\/li>\n<li>Przejd\u017a do zak\u0142adki <b>Ochrona systemu<\/b> i wybierz <b>Przywracanie systemu&#8230;<\/b><\/li>\n<li>Post\u0119puj zgodnie z kreatorem, aby wybra\u0107 punkt przywracania utworzony przed usuni\u0119ciem plik\u00f3w.<\/li>\n<li>Zako\u0144cz proces przywracania, aby cofn\u0105\u0107 system do wcze\u015bniejszego stanu.<\/li>\n<\/ul>\n<p><b>Uwaga:<\/b> U\u017cycie Przywracania systemu mo\u017ce zmieni\u0107 pliki systemowe, ustawienia i zainstalowane programy, ale zazwyczaj nie wp\u0142ywa na osobiste pliki.<\/p>\n<p><b>Wniosek:<\/b> Ta metoda mo\u017ce nie s\u0142u\u017cy\u0107 bezpo\u015brednio do odzyskiwania osobistych plik\u00f3w, ale mo\u017ce by\u0107 u\u017cyta, je\u015bli usuni\u0119cie pliku by\u0142o wynikiem zmiany systemu lub aktualizacji.<\/p>\n<\/section>\n<section>\n<div>\n<div>3<\/div>\n<h2>\u015arodki ostro\u017cno\u015bci i wskaz\u00f3wki:<\/h2>\n<\/div>\n<h3>Ochrona Twoich Danych &#128737;<\/h3>\n<ul>\n<li>Regularnie wykonuj kopi\u0119 zapasow\u0105 wa\u017cnych plik\u00f3w na zewn\u0119trzny dysk lub do us\u0142ugi w chmurze takiej jak <b>OneDrive<\/b> lub <b>Google Drive<\/b>.<\/li>\n<li>W\u0142\u0105cz <b>Histori\u0119 plik\u00f3w<\/b> w systemie Windows 11, aby zachowa\u0107 ci\u0105g\u0142e kopie zapasowe plik\u00f3w.<\/li>\n<li>Przed usuni\u0119ciem, dok\u0142adnie sprawd\u017a i potwierd\u017a wybrane pliki, aby unikn\u0105\u0107 przypadkowego usuni\u0119cia.<\/li>\n<\/ul>\n<h3>Zachowanie integralno\u015bci systemu &#10024;<\/h3>\n<ul>\n<li>Regularnie przeprowadzaj skany antywirusowe, aby zapobiec usuwaniu plik\u00f3w zwi\u0105zanych z malware.<\/li>\n<li>Zaktualizuj <b>Windows 11<\/b> oraz wszystkie oprogramowania do najnowszych \u0142atek bezpiecze\u0144stwa.<\/li>\n<li>U\u017cyj <b>Ochrony przed Przepi\u0119ciami<\/b>, aby zabezpieczy\u0107 dane przed utrat\u0105 spowodowan\u0105 nag\u0142ym zanikiem zasilania.<\/li>\n<\/ul>\n<\/section>\n<p>&#13;                         <\/p>\n<section>\n<div>\n<div>4<\/div>\n<h2>Poza Odzyskiwaniem: Ochrona Twoich Danych<\/h2>\n<\/div>\n<p>Zajmowanie si\u0119 usuni\u0119tymi plikami w systemie Windows 11 mo\u017ce by\u0107 stresuj\u0105cym do\u015bwiadczeniem; jednak jest to r\u00f3wnie\u017c okazja do przemy\u015blenia sposobu zarz\u0105dzania i ochrony naszych danych. Poza metodami dyskutowanymi dla odzyskania plik\u00f3w, istnieje kilka praktyk, kt\u00f3re mog\u0105 zwi\u0119kszy\u0107 ochron\u0119 danych i zmniejszy\u0107 szans\u0119 na utrat\u0119 danych.<\/p>\n<p>Jednym z podej\u015b\u0107 jest wykorzystanie us\u0142ug przechowywania w chmurze, takich jak <b>Microsoft OneDrive<\/b> lub <b>Dropbox<\/b>, kt\u00f3re nie tylko bezpiecznie archiwizuj\u0105 Twoje dane, ale r\u00f3wnie\u017c oferuj\u0105 funkcje takie jak wersjonowanie, kt\u00f3re pozwala na odzyskanie poprzednich wersji edytowanych plik\u00f3w. Ponadto, utrzymanie rygorystycznych rutyn tworzenia kopii zapasowych mo\u017ce by\u0107 usprawnione za pomoc\u0105 oprogramowania do automatyzacji takiego jak <b>Acronis True Image<\/b> czy <b>Macrium Reflect<\/b>.<\/p>\n<p>Wa\u017cne jest te\u017c zauwa\u017cenie, \u017ce Dyski Stanu Sta\u0142ego (SSD) radz\u0105 sobie z usuwaniem i nadpisywaniem danych inaczej ni\u017c tradycyjne Dyski Twarde (HDD). Po usuni\u0119ciu lub nadpisaniu danych na SSD, odzyskanie ich mo\u017ce by\u0107 znacznie trudniejsze z powodu sposobu, w jaki SSD zarz\u0105dza usuwaniem danych przy u\u017cyciu polecenia TRIM. Dlatego kluczowe jest u\u017cywanie szyfrowania plik\u00f3w i bezpieczne kasowanie wra\u017cliwych danych, gdy jest to konieczne.<\/p>\n<p>Na koniec, praktykuj dobr\u0105 cyber higien\u0119. B\u0105d\u017a ostro\u017cny, otwieraj\u0105c za\u0142\u0105czniki e-mailowe, klikaj\u0105c w nieznane linki oraz pobieraj\u0105c oprogramowanie ze \u017ar\u00f3de\u0142 niewiarygodnych. Regularnie aktualizuj sw\u00f3j system operacyjny i aplikacje, aby z\u0142agodzi\u0107 podatno\u015bci, kt\u00f3re mog\u0142yby prowadzi\u0107 do utraty danych lub wyciek\u00f3w danych.<\/p>\n<\/section>\n<p>&#13;                         <\/p>\n<section>\n<h2>Podsumowanie:<\/h2>\n<div class=\"nonp\">\n<p>Podsumowuj\u0105c, odzyskiwanie usuni\u0119tych plik\u00f3w w systemie Windows 11 wymaga wieloaspektowego podej\u015bcia, kt\u00f3re obejmuje korzystanie z wbudowanych funkcji, takich jak Kosz i Historia plik\u00f3w, narz\u0119dzia takie jak Windows File Recovery, lub oprogramowanie firm trzecich do odzysku danych. Ka\u017cda metoda posiada sw\u00f3j unikalny zestaw krok\u00f3w, i nale\u017cy wybra\u0107 t\u0119, kt\u00f3ra najlepiej pasuje do sytuacji utraty danych.<\/p>\n<p>Pami\u0119taj, \u017ce zapobieganie jest najlepsz\u0105 strategi\u0105. Regularne kopie zapasowe i dbanie o stan twojego systemu mog\u0105 ochroni\u0107 ci\u0119 przed k\u0142opotami zwi\u0105zanymi z odzyskiem danych. Dodatkowo, upewnij si\u0119, \u017ce twoje strategie ochrony danych s\u0105 na bie\u017c\u0105co, aby zapewni\u0107 bezpieczne \u015brodowisko dla twoich cyfrowych zasob\u00f3w.<\/p>\n<\/div>\n<\/section>\n<p>To properly assist you, I would need the specific string text that you want to have translated into Polish. Please provide the string, and I&#8217;ll gladly translate it.<\/p>\n","protected":false},"excerpt":{"rendered":"<p>Jak odzyska\u0107 usuni\u0119te pliki w systemie Windows 11 Przypadkowe usuni\u0119cie wa\u017cnych plik\u00f3w to powszechny problem, z kt\u00f3rym boryka si\u0119 wielu u\u017cytkownik\u00f3w. Na szcz\u0119\u015bcie, Windows 11 oferuje szereg funkcji i narz\u0119dzi, kt\u00f3re pomagaj\u0105 odzyska\u0107 te kluczowe dane. Ten artyku\u0142 przeprowadzi ci\u0119 przez niuanse odzyskiwania plik\u00f3w w Windows 11, opieraj\u0105c si\u0119 zar\u00f3wno na wbudowanych metodach, jak i [&hellip;]<\/p>\n","protected":false},"author":0,"featured_media":40114,"parent":0,"menu_order":0,"comment_status":"closed","ping_status":"closed","template":"chromecast.php","meta":{"_stopmodifiedupdate":false,"_modified_date":"","_lmt_disableupdate":"","_lmt_disable":""},"acf":[],"yoast_head":"<!-- This site is optimized with the Yoast SEO plugin v20.9 - https:\/\/yoast.com\/wordpress\/plugins\/seo\/ -->\n<title>Oto jak odzyska\u0107 usuni\u0119te pliki w Windows 11\u3010Najlepsza metoda\u3011<\/title>\n<meta name=\"robots\" content=\"index, follow, max-snippet:-1, max-image-preview:large, max-video-preview:-1\" \/>\n<link rel=\"canonical\" href=\"https:\/\/datarecovery.ping.fm\/pl\/recover-deleted-files-windows-11\/\" \/>\n<meta property=\"og:locale\" content=\"pl_PL\" \/>\n<meta property=\"og:type\" content=\"article\" \/>\n<meta property=\"og:title\" content=\"Oto jak odzyska\u0107 usuni\u0119te pliki w Windows 11\u3010Najlepsza metoda\u3011\" \/>\n<meta property=\"og:description\" content=\"Jak odzyska\u0107 usuni\u0119te pliki w systemie Windows 11 Przypadkowe usuni\u0119cie wa\u017cnych plik\u00f3w to powszechny problem, z kt\u00f3rym boryka si\u0119 wielu u\u017cytkownik\u00f3w. Na szcz\u0119\u015bcie, Windows 11 oferuje szereg funkcji i narz\u0119dzi, kt\u00f3re pomagaj\u0105 odzyska\u0107 te kluczowe dane. Ten artyku\u0142 przeprowadzi ci\u0119 przez niuanse odzyskiwania plik\u00f3w w Windows 11, opieraj\u0105c si\u0119 zar\u00f3wno na wbudowanych metodach, jak i [&hellip;]\" \/>\n<meta property=\"og:url\" content=\"https:\/\/datarecovery.ping.fm\/pl\/recover-deleted-files-windows-11\/\" \/>\n<meta property=\"og:site_name\" content=\"Data Recovery Software\" \/>\n<meta property=\"article:modified_time\" content=\"2024-04-15T12:55:14+00:00\" \/>\n<meta property=\"og:image\" content=\"https:\/\/datarecovery.ping.fm\/wp-content\/uploads\/2024\/04\/How-to-Recover-Deleted-Files-on-Windows-11-Polish.jpg\" \/>\n\t<meta property=\"og:image:width\" content=\"1280\" \/>\n\t<meta property=\"og:image:height\" content=\"731\" \/>\n\t<meta property=\"og:image:type\" content=\"image\/jpeg\" \/>\n<meta name=\"twitter:card\" content=\"summary_large_image\" \/>\n<meta name=\"twitter:label1\" content=\"Est. reading time\" \/>\n\t<meta name=\"twitter:data1\" content=\"6 minut\" \/>\n<script type=\"application\/ld+json\" class=\"yoast-schema-graph\">{\"@context\":\"https:\/\/schema.org\",\"@graph\":[{\"@type\":\"WebPage\",\"@id\":\"https:\/\/datarecovery.ping.fm\/pl\/recover-deleted-files-windows-11\/\",\"url\":\"https:\/\/datarecovery.ping.fm\/pl\/recover-deleted-files-windows-11\/\",\"name\":\"Oto jak odzyska\u0107 usuni\u0119te pliki w Windows 11\u3010Najlepsza metoda\u3011\",\"isPartOf\":{\"@id\":\"https:\/\/datarecovery.ping.fm\/pl\/#website\"},\"datePublished\":\"2024-03-07T05:04:08+00:00\",\"dateModified\":\"2024-04-15T12:55:14+00:00\",\"breadcrumb\":{\"@id\":\"https:\/\/datarecovery.ping.fm\/pl\/recover-deleted-files-windows-11\/#breadcrumb\"},\"inLanguage\":\"pl-PL\",\"potentialAction\":[{\"@type\":\"ReadAction\",\"target\":[\"https:\/\/datarecovery.ping.fm\/pl\/recover-deleted-files-windows-11\/\"]}]},{\"@type\":\"BreadcrumbList\",\"@id\":\"https:\/\/datarecovery.ping.fm\/pl\/recover-deleted-files-windows-11\/#breadcrumb\",\"itemListElement\":[{\"@type\":\"ListItem\",\"position\":1,\"name\":\"Home\",\"item\":\"https:\/\/datarecovery.ping.fm\/pl\/\"},{\"@type\":\"ListItem\",\"position\":2,\"name\":\"Tak przywr\u00f3cisz usuni\u0119te pliki w Windows 11\"}]},{\"@type\":\"WebSite\",\"@id\":\"https:\/\/datarecovery.ping.fm\/pl\/#website\",\"url\":\"https:\/\/datarecovery.ping.fm\/pl\/\",\"name\":\"Data Recovery Software\",\"description\":\"\",\"potentialAction\":[{\"@type\":\"SearchAction\",\"target\":{\"@type\":\"EntryPoint\",\"urlTemplate\":\"https:\/\/datarecovery.ping.fm\/pl\/?s={search_term_string}\"},\"query-input\":\"required name=search_term_string\"}],\"inLanguage\":\"pl-PL\"}]}<\/script>\n<!-- \/ Yoast SEO plugin. -->","yoast_head_json":{"title":"Oto jak odzyska\u0107 usuni\u0119te pliki w Windows 11\u3010Najlepsza metoda\u3011","robots":{"index":"index","follow":"follow","max-snippet":"max-snippet:-1","max-image-preview":"max-image-preview:large","max-video-preview":"max-video-preview:-1"},"canonical":"https:\/\/datarecovery.ping.fm\/pl\/recover-deleted-files-windows-11\/","og_locale":"pl_PL","og_type":"article","og_title":"Oto jak odzyska\u0107 usuni\u0119te pliki w Windows 11\u3010Najlepsza metoda\u3011","og_description":"Jak odzyska\u0107 usuni\u0119te pliki w systemie Windows 11 Przypadkowe usuni\u0119cie wa\u017cnych plik\u00f3w to powszechny problem, z kt\u00f3rym boryka si\u0119 wielu u\u017cytkownik\u00f3w. Na szcz\u0119\u015bcie, Windows 11 oferuje szereg funkcji i narz\u0119dzi, kt\u00f3re pomagaj\u0105 odzyska\u0107 te kluczowe dane. Ten artyku\u0142 przeprowadzi ci\u0119 przez niuanse odzyskiwania plik\u00f3w w Windows 11, opieraj\u0105c si\u0119 zar\u00f3wno na wbudowanych metodach, jak i [&hellip;]","og_url":"https:\/\/datarecovery.ping.fm\/pl\/recover-deleted-files-windows-11\/","og_site_name":"Data Recovery Software","article_modified_time":"2024-04-15T12:55:14+00:00","og_image":[{"width":1280,"height":731,"url":"https:\/\/datarecovery.ping.fm\/wp-content\/uploads\/2024\/04\/How-to-Recover-Deleted-Files-on-Windows-11-Polish.jpg","type":"image\/jpeg"}],"twitter_card":"summary_large_image","twitter_misc":{"Est. reading time":"6 minut"},"schema":{"@context":"https:\/\/schema.org","@graph":[{"@type":"WebPage","@id":"https:\/\/datarecovery.ping.fm\/pl\/recover-deleted-files-windows-11\/","url":"https:\/\/datarecovery.ping.fm\/pl\/recover-deleted-files-windows-11\/","name":"Oto jak odzyska\u0107 usuni\u0119te pliki w Windows 11\u3010Najlepsza metoda\u3011","isPartOf":{"@id":"https:\/\/datarecovery.ping.fm\/pl\/#website"},"datePublished":"2024-03-07T05:04:08+00:00","dateModified":"2024-04-15T12:55:14+00:00","breadcrumb":{"@id":"https:\/\/datarecovery.ping.fm\/pl\/recover-deleted-files-windows-11\/#breadcrumb"},"inLanguage":"pl-PL","potentialAction":[{"@type":"ReadAction","target":["https:\/\/datarecovery.ping.fm\/pl\/recover-deleted-files-windows-11\/"]}]},{"@type":"BreadcrumbList","@id":"https:\/\/datarecovery.ping.fm\/pl\/recover-deleted-files-windows-11\/#breadcrumb","itemListElement":[{"@type":"ListItem","position":1,"name":"Home","item":"https:\/\/datarecovery.ping.fm\/pl\/"},{"@type":"ListItem","position":2,"name":"Tak przywr\u00f3cisz usuni\u0119te pliki w Windows 11"}]},{"@type":"WebSite","@id":"https:\/\/datarecovery.ping.fm\/pl\/#website","url":"https:\/\/datarecovery.ping.fm\/pl\/","name":"Data Recovery Software","description":"","potentialAction":[{"@type":"SearchAction","target":{"@type":"EntryPoint","urlTemplate":"https:\/\/datarecovery.ping.fm\/pl\/?s={search_term_string}"},"query-input":"required name=search_term_string"}],"inLanguage":"pl-PL"}]}},"_links":{"self":[{"href":"https:\/\/datarecovery.ping.fm\/pl\/wp-json\/wp\/v2\/pages\/40113"}],"collection":[{"href":"https:\/\/datarecovery.ping.fm\/pl\/wp-json\/wp\/v2\/pages"}],"about":[{"href":"https:\/\/datarecovery.ping.fm\/pl\/wp-json\/wp\/v2\/types\/page"}],"replies":[{"embeddable":true,"href":"https:\/\/datarecovery.ping.fm\/pl\/wp-json\/wp\/v2\/comments?post=40113"}],"version-history":[{"count":0,"href":"https:\/\/datarecovery.ping.fm\/pl\/wp-json\/wp\/v2\/pages\/40113\/revisions"}],"wp:featuredmedia":[{"embeddable":true,"href":"https:\/\/datarecovery.ping.fm\/pl\/wp-json\/wp\/v2\/media\/40114"}],"wp:attachment":[{"href":"https:\/\/datarecovery.ping.fm\/pl\/wp-json\/wp\/v2\/media?parent=40113"}],"curies":[{"name":"wp","href":"https:\/\/api.w.org\/{rel}","templated":true}]}}