{"id":39705,"date":"2024-01-22T21:14:41","date_gmt":"2024-01-22T21:14:41","guid":{"rendered":"https:\/\/www.ping.fm\/data-recovery-software\/best-android-cleaners\/"},"modified":"2024-04-09T17:48:02","modified_gmt":"2024-04-09T17:48:02","slug":"best-android-cleaners","status":"publish","type":"page","link":"https:\/\/datarecovery.ping.fm\/pl\/best-android-cleaners\/","title":{"rendered":"Najlepsza darmowa aplikacja do czyszczenia telefon\u00f3w z Androidem"},"content":{"rendered":"<section>\n<h1>Najlepsze DARMOWE Aplikacje do Czyszczenia Telefonu z Androidem<\/h1>\n<div class=\"inbrief\">\n<div>             <img src=\"https:\/\/www.ping.fm\/data-recovery-software\/wp-content\/uploads\/ai\/Best-FREE-Android-Phone-Cleaner-Apps-Polish.jpg\" alt=\"Najlepsze DARMOWE Aplikacje do Czyszczenia Telefonu z Androidem\" title=\"Najlepsze DARMOWE Aplikacje do Czyszczenia Telefonu z Androidem\" width=\"1280\" height=\"720\">             <\/p>\n<p>Z niezliczon\u0105 ilo\u015bci\u0105 aplikacji dost\u0119pnych na Androida, smartfony cz\u0119sto mog\u0105 by\u0107 obci\u0105\u017cone zb\u0119dnymi plikami i procesami w tle. Tutaj z pomoc\u0105 przychodz\u0105 aplikacje do czyszczenia, pomagaj\u0105ce zwolni\u0107 miejsce, poprawi\u0107 wydajno\u015b\u0107 i przed\u0142u\u017cy\u0107 czas pracy baterii. Poni\u017cej dziel\u0119 si\u0119 moimi do\u015bwiadczeniami z najlepszymi darmowymi <b>aplikacjami do czyszczenia telefonu z Androidem<\/b>, kt\u00f3re znacz\u0105co poprawi\u0142y funkcjonalno\u015b\u0107 mojego urz\u0105dzenia.<\/p>\n<\/div>\n<\/div>\n<\/section>\n<section>\n<div class=\"medal\">\n<div>&#129351;<\/div>\n<\/div>\n<h2><a href=\"https:\/\/www.ccleaner.com\/ccleaner-android\" rel=\"nofollow noopener\" target=\"_blank\">CCleaner<\/a><\/h2>\n<p><img src=\"https:\/\/www.ping.fm\/data-recovery-software\/wp-content\/uploads\/ai\/https---www-ccleaner-com-ccleaner-androidPolish.jpg\"><\/p>\n<p><b>CCleaner<\/b> na Androida to wszechstronne narz\u0119dzie do czyszczenia, kt\u00f3rego cz\u0119sto u\u017cywa\u0142em do opr\u00f3\u017cniania pami\u0119ci podr\u0119cznej, usuwania zb\u0119dnych plik\u00f3w i czyszczenia historii przegl\u0105darki. Interfejs u\u017cytkownika jest prosty, co sprawia, \u017ce regularne przegl\u0105dy konserwacyjne s\u0105 \u0142atwe. Zauwa\u017cy\u0142em, \u017ce aplikacja oferuje r\u00f3wnie\u017c monitorowanie systemu, dostarczaj\u0105c informacji o wydajno\u015bci mojego urz\u0105dzenia.<\/p>\n<p><a href=\"https:\/\/www.ccleaner.com\/ccleaner-android\" rel=\"nofollow noopener\" target=\"_blank\" class=\"ofWSite\">Oficjalna Strona<\/a><\/p>\n<h3 class=\"prosTitle\">Zalety<\/h3>\n<ul class=\"listpc pros\">\n<li>Przyjazny dla u\u017cytkownika interfejs<\/li>\n<li>Skuteczne czyszczenie \u015bmieci<\/li>\n<li>Funkcje monitorowania systemu<\/li>\n<\/ul>\n<h3 class=\"consTitle\">Wady<\/h3>\n<ul class=\"listpc cons\">\n<li>Okazjonalne reklamy w darmowej wersji<\/li>\n<li>Niekt\u00f3re zaawansowane funkcje s\u0105 p\u0142atne<\/li>\n<\/ul>\n<\/section>\n<section>\n<div class=\"medal\">\n<div>&#129352;<\/div>\n<\/div>\n<h2><a href=\"https:\/\/www.avast.com\/en-us\/cleanup\" rel=\"nofollow noopener\" target=\"_blank\">Avast Cleanup &#038; Boost<\/a><\/h2>\n<p><img src=\"https:\/\/www.ping.fm\/data-recovery-software\/wp-content\/uploads\/ai\/https---www-avast-com-en-us-cleanupPolish.jpg\"><\/p>\n<p>Moje do\u015bwiadczenia z <b>Avast Cleanup &#038; Boost<\/b> s\u0105 g\u0142\u00f3wnie pozytywne je\u015bli chodzi o optymalizacj\u0119 mojego urz\u0105dzenia. Dok\u0142adnie analizuje dane aplikacji, aby zasugerowa\u0107 zb\u0119dne pliki do usuni\u0119cia. Ponadto pomaga skutecznie zarz\u0105dza\u0107 aplikacjami i mo\u017ce nawet poprawi\u0107 ustawienia baterii.<\/p>\n<p><a href=\"https:\/\/www.avast.com\/en-us\/cleanup\" rel=\"nofollow noopener\" target=\"_blank\" class=\"ofWSite\">Oficjalna Strona<\/a><\/p>\n<h3 class=\"prosTitle\">Zalety<\/h3>\n<ul class=\"listpc pros\">\n<li>Funkcja automatycznego czyszczenia<\/li>\n<li>Dostosowanie profili baterii<\/li>\n<li>Bezpieczne czyszczenie zb\u0119dnych plik\u00f3w<\/li>\n<\/ul>\n<h3 class=\"consTitle\">Wady<\/h3>\n<ul class=\"listpc cons\">\n<li>Zawiera reklamy<\/li>\n<li>Niekt\u00f3re funkcje wymagaj\u0105 subskrypcji<\/li>\n<\/ul>\n<\/section>\n<section>\n<div class=\"medal\">\n<div>&#129353;<\/div>\n<\/div>\n<h2><a href=\"https:\/\/sdmaid.darken.eu\/\" rel=\"nofollow noopener\" target=\"_blank\">SD Maid<\/a><\/h2>\n<p><img src=\"https:\/\/www.ping.fm\/data-recovery-software\/wp-content\/uploads\/ai\/https---sdmaid-darken-eu-Polish.jpg\"><\/p>\n<p>Aplikacja <b>SD Maid<\/b> wyr\u00f3\u017cnia si\u0119 optymalizacj\u0105 bazy danych oraz funkcj\u0105 'Corpse Finder&#8217;, kt\u00f3ra wyszukuje osierocone pliki. Prostota tego narz\u0119dzia w po\u0142\u0105czeniu z jego zaawansowanymi mo\u017cliwo\u015bciami czyszczenia sprawiaj\u0105, \u017ce porz\u0105dkowanie systemu plik\u00f3w na moim urz\u0105dzeniu z Androidem jest mniej uci\u0105\u017cliwe i sta\u0142o si\u0119 szybkim, satysfakcjonuj\u0105cym zadaniem.<\/p>\n<p><a href=\"https:\/\/sdmaid.darken.eu\/\" rel=\"nofollow noopener\" target=\"_blank\" class=\"ofWSite\">Oficjalna strona<\/a><\/p>\n<h3 class=\"prosTitle\">Zalety<\/h3>\n<ul class=\"listpc pros\">\n<li>Dok\u0142adne czyszczenie systemu plik\u00f3w<\/li>\n<li>Przydatna funkcja 'Corpse Finder&#8217;<\/li>\n<li>Narz\u0119dzia do optymalizacji bazy danych<\/li>\n<\/ul>\n<h3 class=\"consTitle\">Wady<\/h3>\n<ul class=\"listpc cons\">\n<li>Interfejs mo\u017ce by\u0107 nieco skomplikowany dla nowych u\u017cytkownik\u00f3w<\/li>\n<li>Aby uzyska\u0107 funkcje Pro, nale\u017cy dokona\u0107 aktualizacji<\/li>\n<\/ul>\n<\/section>\n<section>\n<div class=\"no-medal\">\n<div>4<\/div>\n<\/div>\n<h2>AVG Cleaner<\/h2>\n<p>Kiedy potrzebowa\u0142em szybko zidentyfikowa\u0107 i posprz\u0105ta\u0107 z\u0142e zdj\u0119cia oraz nieu\u017cywane aplikacje, <b>AVG Cleaner<\/b> okaza\u0142 si\u0119 by\u0107 bardzo przydatny. Jego jednoprzyciskowy proces analizy i czyszczenia umo\u017cliwia efektywne zarz\u0105dzanie czasem. Ponadto jego 'App Uninstaller&#8217; sugeruje rzadko u\u017cywane aplikacje do odinstalowania, co pomaga utrzyma\u0107 schludno\u015b\u0107 urz\u0105dzenia.<\/p>\n<h3 class=\"prosTitle\">Zalety<\/h3>\n<ul class=\"listpc pros\">\n<li>Proste, jednoprzyciskowe czyszczenie<\/li>\n<li>Inteligentna analiza zdj\u0119\u0107<\/li>\n<li>Statystyki u\u017cycia aplikacji<\/li>\n<\/ul>\n<h3 class=\"consTitle\">Wady<\/h3>\n<ul class=\"listpc cons\">\n<li>Reklamy i zach\u0119ty do innych produkt\u00f3w AVG<\/li>\n<li>Niekt\u00f3re funkcje dost\u0119pne s\u0105 tylko w wersji Pro<\/li>\n<\/ul>\n<\/section>\n<section>\n<div class=\"no-medal\">\n<div>5<\/div>\n<\/div>\n<h2><a href=\"https:\/\/www.cleanmasterofficial.com\/\" rel=\"nofollow noopener\" target=\"_blank\">Clean Master<\/a><\/h2>\n<p><img src=\"https:\/\/www.ping.fm\/data-recovery-software\/wp-content\/uploads\/ai\/https---www-cleanmasterofficial-com-Polish.jpg\"><\/p>\n<p>Zawsze imponuje mi zdolno\u015b\u0107 <b>Clean Master<\/b> do czyszczenia niepotrzebnych plik\u00f3w, a tak\u017ce do oferowania skanowania antywirusowego, kt\u00f3re zapewnia, \u017ce moje urz\u0105dzenie jest bezpieczne przed z\u0142o\u015bliwym oprogramowaniem. Funkcja 'AppLock&#8217; r\u00f3wnie\u017c dodaje poczucie zwi\u0119kszonego bezpiecze\u0144stwa dla moich osobistych aplikacji.<\/p>\n<p><a href=\"https:\/\/www.cleanmasterofficial.com\/\" rel=\"nofollow noopener\" target=\"_blank\" class=\"ofWSite\">Oficjalna strona<\/a><\/p>\n<h3 class=\"prosTitle\">Zalety<\/h3>\n<ul class=\"listpc pros\">\n<li>Zintegrowane skanowanie antywirusowe<\/li>\n<li>&#8217;AppLock&#8217; do ochrony prywatno\u015bci<\/li>\n<li>Intuicyjny interfejs<\/li>\n<\/ul>\n<h3 class=\"consTitle\">Wady<\/h3>\n<ul class=\"listpc cons\">\n<li>Mn\u00f3stwo reklam<\/li>\n<li>Czasami oznaczany przez inne aplikacje zabezpieczaj\u0105ce<\/li>\n<\/ul>\n<\/section>\n<section>\n<h2>Film na YouTube do obejrzenia<\/h2>\n<div class=\"nonp iframe\"><iframe width=\"420\" height=\"315\" src=\"\/\/www.youtube.com\/embed\/Pwj4ONDi0hk\" frameborder=\"0\" allowfullscreen><\/iframe><\/div>\n<\/section>\n<section>\n<h2>Podsumowanie:<\/h2>\n<div class=\"nonp\">\n<p>Chocia\u017c aplikacje czyszcz\u0105ce mog\u0105 znacznie poprawi\u0107 funkcjonalno\u015b\u0107 twojego telefonu z Androidem, istniej\u0105 dodatkowe kroki, kt\u00f3re mo\u017cesz podj\u0105\u0107, aby <b>maksymalnie wykorzysta\u0107 potencja\u0142 swojego urz\u0105dzenia<\/b>. Aktualizacja systemu operacyjnego i aplikacji mo\u017ce dostarczy\u0107 nie tylko nowe funkcje, ale tak\u017ce wa\u017cne poprawki bezpiecze\u0144stwa. Korzystne jest r\u00f3wnie\u017c zarz\u0105dzanie aplikacjami poprzez usuwanie tych, kt\u00f3rych ju\u017c nie u\u017cywasz, jak i wy\u0142\u0105czanie bloatware, gdy jest to mo\u017cliwe.<\/p>\n<p>Je\u015bli tw\u00f3j telefon konsekwentnie dzia\u0142a s\u0142abo, rozwa\u017c przywr\u00f3cenie ustawie\u0144 fabrycznych jako ostatni\u0105 desk\u0119 ratunku. Pami\u0119taj, aby wykona\u0107 kopi\u0119 zapasow\u0105 danych przed podj\u0119ciem tego kroku. Aby uzyska\u0107 kompleksowy przewodnik po zabezpieczaniu i optymalizacji twojego urz\u0105dzenia z Androidem, pomocne mog\u0105 okaza\u0107 si\u0119 zasoby <a href=\"https:\/\/support.google.com\/android\" rel=\"nofollow noopener\" target=\"_blank\">Centrum Pomocy Androida Google<\/a>. Ponadto, fora dyskusyjne takie jak <a href=\"https:\/\/forum.xda-developers.com\/\" rel=\"nofollow noopener\" target=\"_blank\">XDA Developers<\/a> s\u0105 skarbnic\u0105 informacji o niestandardowych ROM-ach i zaawansowanych modyfikacjach dla entuzjast\u00f3w.<\/p>\n<\/div>\n<\/section>\n","protected":false},"excerpt":{"rendered":"<p>Najlepsze DARMOWE Aplikacje do Czyszczenia Telefonu z Androidem Z niezliczon\u0105 ilo\u015bci\u0105 aplikacji dost\u0119pnych na Androida, smartfony cz\u0119sto mog\u0105 by\u0107 obci\u0105\u017cone zb\u0119dnymi plikami i procesami w tle. Tutaj z pomoc\u0105 przychodz\u0105 aplikacje do czyszczenia, pomagaj\u0105ce zwolni\u0107 miejsce, poprawi\u0107 wydajno\u015b\u0107 i przed\u0142u\u017cy\u0107 czas pracy baterii. Poni\u017cej dziel\u0119 si\u0119 moimi do\u015bwiadczeniami z najlepszymi darmowymi aplikacjami do czyszczenia telefonu [&hellip;]<\/p>\n","protected":false},"author":0,"featured_media":39706,"parent":0,"menu_order":0,"comment_status":"closed","ping_status":"closed","template":"chromecast.php","meta":{"_stopmodifiedupdate":false,"_modified_date":"","_lmt_disableupdate":"","_lmt_disable":""},"acf":[],"yoast_head":"<!-- This site is optimized with the Yoast SEO plugin v20.9 - https:\/\/yoast.com\/wordpress\/plugins\/seo\/ -->\n<title>2024: Najlepsze darmowe aplikacje do czyszczenia telefon\u00f3w z Androidem. Zalety i wady!<\/title>\n<meta name=\"robots\" content=\"index, follow, max-snippet:-1, max-image-preview:large, max-video-preview:-1\" \/>\n<link rel=\"canonical\" href=\"https:\/\/datarecovery.ping.fm\/pl\/best-android-cleaners\/\" \/>\n<meta property=\"og:locale\" content=\"pl_PL\" \/>\n<meta property=\"og:type\" content=\"article\" \/>\n<meta property=\"og:title\" content=\"2024: Najlepsze darmowe aplikacje do czyszczenia telefon\u00f3w z Androidem. Zalety i wady!\" \/>\n<meta property=\"og:description\" content=\"Najlepsze DARMOWE Aplikacje do Czyszczenia Telefonu z Androidem Z niezliczon\u0105 ilo\u015bci\u0105 aplikacji dost\u0119pnych na Androida, smartfony cz\u0119sto mog\u0105 by\u0107 obci\u0105\u017cone zb\u0119dnymi plikami i procesami w tle. Tutaj z pomoc\u0105 przychodz\u0105 aplikacje do czyszczenia, pomagaj\u0105ce zwolni\u0107 miejsce, poprawi\u0107 wydajno\u015b\u0107 i przed\u0142u\u017cy\u0107 czas pracy baterii. Poni\u017cej dziel\u0119 si\u0119 moimi do\u015bwiadczeniami z najlepszymi darmowymi aplikacjami do czyszczenia telefonu [&hellip;]\" \/>\n<meta property=\"og:url\" content=\"https:\/\/datarecovery.ping.fm\/pl\/best-android-cleaners\/\" \/>\n<meta property=\"og:site_name\" content=\"Data Recovery Software\" \/>\n<meta property=\"article:modified_time\" content=\"2024-04-09T17:48:02+00:00\" \/>\n<meta property=\"og:image\" content=\"https:\/\/datarecovery.ping.fm\/wp-content\/uploads\/2024\/04\/Best-FREE-Android-Phone-Cleaner-Apps-Polish.jpg\" \/>\n\t<meta property=\"og:image:width\" content=\"1280\" \/>\n\t<meta property=\"og:image:height\" content=\"731\" \/>\n\t<meta property=\"og:image:type\" content=\"image\/jpeg\" \/>\n<meta name=\"twitter:card\" content=\"summary_large_image\" \/>\n<meta name=\"twitter:label1\" content=\"Est. reading time\" \/>\n\t<meta name=\"twitter:data1\" content=\"3 minuty\" \/>\n<script type=\"application\/ld+json\" class=\"yoast-schema-graph\">{\"@context\":\"https:\/\/schema.org\",\"@graph\":[{\"@type\":\"WebPage\",\"@id\":\"https:\/\/datarecovery.ping.fm\/pl\/best-android-cleaners\/\",\"url\":\"https:\/\/datarecovery.ping.fm\/pl\/best-android-cleaners\/\",\"name\":\"2024: Najlepsze darmowe aplikacje do czyszczenia telefon\u00f3w z Androidem. Zalety i wady!\",\"isPartOf\":{\"@id\":\"https:\/\/datarecovery.ping.fm\/pl\/#website\"},\"datePublished\":\"2024-01-22T21:14:41+00:00\",\"dateModified\":\"2024-04-09T17:48:02+00:00\",\"breadcrumb\":{\"@id\":\"https:\/\/datarecovery.ping.fm\/pl\/best-android-cleaners\/#breadcrumb\"},\"inLanguage\":\"pl-PL\",\"potentialAction\":[{\"@type\":\"ReadAction\",\"target\":[\"https:\/\/datarecovery.ping.fm\/pl\/best-android-cleaners\/\"]}]},{\"@type\":\"BreadcrumbList\",\"@id\":\"https:\/\/datarecovery.ping.fm\/pl\/best-android-cleaners\/#breadcrumb\",\"itemListElement\":[{\"@type\":\"ListItem\",\"position\":1,\"name\":\"Home\",\"item\":\"https:\/\/datarecovery.ping.fm\/pl\/\"},{\"@type\":\"ListItem\",\"position\":2,\"name\":\"Najlepsza darmowa aplikacja do czyszczenia telefon\u00f3w z Androidem\"}]},{\"@type\":\"WebSite\",\"@id\":\"https:\/\/datarecovery.ping.fm\/pl\/#website\",\"url\":\"https:\/\/datarecovery.ping.fm\/pl\/\",\"name\":\"Data Recovery Software\",\"description\":\"\",\"potentialAction\":[{\"@type\":\"SearchAction\",\"target\":{\"@type\":\"EntryPoint\",\"urlTemplate\":\"https:\/\/datarecovery.ping.fm\/pl\/?s={search_term_string}\"},\"query-input\":\"required name=search_term_string\"}],\"inLanguage\":\"pl-PL\"}]}<\/script>\n<!-- \/ Yoast SEO plugin. -->","yoast_head_json":{"title":"2024: Najlepsze darmowe aplikacje do czyszczenia telefon\u00f3w z Androidem. Zalety i wady!","robots":{"index":"index","follow":"follow","max-snippet":"max-snippet:-1","max-image-preview":"max-image-preview:large","max-video-preview":"max-video-preview:-1"},"canonical":"https:\/\/datarecovery.ping.fm\/pl\/best-android-cleaners\/","og_locale":"pl_PL","og_type":"article","og_title":"2024: Najlepsze darmowe aplikacje do czyszczenia telefon\u00f3w z Androidem. Zalety i wady!","og_description":"Najlepsze DARMOWE Aplikacje do Czyszczenia Telefonu z Androidem Z niezliczon\u0105 ilo\u015bci\u0105 aplikacji dost\u0119pnych na Androida, smartfony cz\u0119sto mog\u0105 by\u0107 obci\u0105\u017cone zb\u0119dnymi plikami i procesami w tle. Tutaj z pomoc\u0105 przychodz\u0105 aplikacje do czyszczenia, pomagaj\u0105ce zwolni\u0107 miejsce, poprawi\u0107 wydajno\u015b\u0107 i przed\u0142u\u017cy\u0107 czas pracy baterii. Poni\u017cej dziel\u0119 si\u0119 moimi do\u015bwiadczeniami z najlepszymi darmowymi aplikacjami do czyszczenia telefonu [&hellip;]","og_url":"https:\/\/datarecovery.ping.fm\/pl\/best-android-cleaners\/","og_site_name":"Data Recovery Software","article_modified_time":"2024-04-09T17:48:02+00:00","og_image":[{"width":1280,"height":731,"url":"https:\/\/datarecovery.ping.fm\/wp-content\/uploads\/2024\/04\/Best-FREE-Android-Phone-Cleaner-Apps-Polish.jpg","type":"image\/jpeg"}],"twitter_card":"summary_large_image","twitter_misc":{"Est. reading time":"3 minuty"},"schema":{"@context":"https:\/\/schema.org","@graph":[{"@type":"WebPage","@id":"https:\/\/datarecovery.ping.fm\/pl\/best-android-cleaners\/","url":"https:\/\/datarecovery.ping.fm\/pl\/best-android-cleaners\/","name":"2024: Najlepsze darmowe aplikacje do czyszczenia telefon\u00f3w z Androidem. Zalety i wady!","isPartOf":{"@id":"https:\/\/datarecovery.ping.fm\/pl\/#website"},"datePublished":"2024-01-22T21:14:41+00:00","dateModified":"2024-04-09T17:48:02+00:00","breadcrumb":{"@id":"https:\/\/datarecovery.ping.fm\/pl\/best-android-cleaners\/#breadcrumb"},"inLanguage":"pl-PL","potentialAction":[{"@type":"ReadAction","target":["https:\/\/datarecovery.ping.fm\/pl\/best-android-cleaners\/"]}]},{"@type":"BreadcrumbList","@id":"https:\/\/datarecovery.ping.fm\/pl\/best-android-cleaners\/#breadcrumb","itemListElement":[{"@type":"ListItem","position":1,"name":"Home","item":"https:\/\/datarecovery.ping.fm\/pl\/"},{"@type":"ListItem","position":2,"name":"Najlepsza darmowa aplikacja do czyszczenia telefon\u00f3w z Androidem"}]},{"@type":"WebSite","@id":"https:\/\/datarecovery.ping.fm\/pl\/#website","url":"https:\/\/datarecovery.ping.fm\/pl\/","name":"Data Recovery Software","description":"","potentialAction":[{"@type":"SearchAction","target":{"@type":"EntryPoint","urlTemplate":"https:\/\/datarecovery.ping.fm\/pl\/?s={search_term_string}"},"query-input":"required name=search_term_string"}],"inLanguage":"pl-PL"}]}},"_links":{"self":[{"href":"https:\/\/datarecovery.ping.fm\/pl\/wp-json\/wp\/v2\/pages\/39705"}],"collection":[{"href":"https:\/\/datarecovery.ping.fm\/pl\/wp-json\/wp\/v2\/pages"}],"about":[{"href":"https:\/\/datarecovery.ping.fm\/pl\/wp-json\/wp\/v2\/types\/page"}],"replies":[{"embeddable":true,"href":"https:\/\/datarecovery.ping.fm\/pl\/wp-json\/wp\/v2\/comments?post=39705"}],"version-history":[{"count":0,"href":"https:\/\/datarecovery.ping.fm\/pl\/wp-json\/wp\/v2\/pages\/39705\/revisions"}],"wp:featuredmedia":[{"embeddable":true,"href":"https:\/\/datarecovery.ping.fm\/pl\/wp-json\/wp\/v2\/media\/39706"}],"wp:attachment":[{"href":"https:\/\/datarecovery.ping.fm\/pl\/wp-json\/wp\/v2\/media?parent=39705"}],"curies":[{"name":"wp","href":"https:\/\/api.w.org\/{rel}","templated":true}]}}