{"id":39276,"date":"2024-01-23T07:50:14","date_gmt":"2024-01-23T07:50:14","guid":{"rendered":"https:\/\/www.ping.fm\/data-recovery-software\/retrieve-deleted-text-messages-iphone\/"},"modified":"2024-04-09T14:59:00","modified_gmt":"2024-04-09T14:59:00","slug":"retrieve-deleted-text-messages-iphone","status":"publish","type":"page","link":"https:\/\/datarecovery.ping.fm\/pl\/retrieve-deleted-text-messages-iphone\/","title":{"rendered":"Tak przywr\u00f3cisz usuni\u0119te wiadomo\u015bci tekstowe na iPhone&#8217;ie"},"content":{"rendered":"<section>\n<h1>Jak odzyska\u0107 usuni\u0119te wiadomo\u015bci tekstowe z iPhone&#8217;a<\/h1>\n<div class=\"inbrief\">\n<div>&#13;              <img decoding=\"async\" class=\"lazyload\"  srcset=\"data:image\/png;base64,iVBORw0KGgoAAAANSUhEUgAABLAAAAKkAQMAAAAqeFQ7AAAAA3NCSVQICAjb4U\/gAAAABlBMVEX\/\/\/\/\/\/\/9VfPVsAAAAAnRSTlMA\/1uRIrUAAAAJcEhZcwAACxIAAAsSAdLdfvwAAAAcdEVYdFNvZnR3YXJlAEFkb2JlIEZpcmV3b3JrcyBDUzbovLKMAAAAFnRFWHRDcmVhdGlvbiBUaW1lADAxLzI5LzE536V52wAAAHpJREFUeJztwQENAAAAwqD3T20ON6AAAAAAAAAAAAAAAAAAAAAAAAAAAAAAAAAAAAAAAAAAAAAAAAAAAAAAAAAAAAAAAAAAAAAAAAAAAAAAAAAAAAAAAAAAAAAAAAAAAAAAAAAAAAAAAAAAAAAAAAAAAAAAAAAAAIAHA47LAAHp9LjEAAAAAElFTkSuQmCC\" src=\"https:\/\/www.ping.fm\/data-recovery-software\/wp-content\/uploads\/ai\/How-to-Retrieve-Deleted-Text-Messages-from-an-iPhone-Polish.jpg\" data-srcset=\"https:\/\/www.ping.fm\/data-recovery-software\/wp-content\/uploads\/ai\/How-to-Retrieve-Deleted-Text-Messages-from-an-iPhone-Polish.jpg\" data-lazy-type=\"image\" data-original=\"https:\/\/www.ping.fm\/data-recovery-software\/wp-content\/uploads\/ai\/How-to-Retrieve-Deleted-Text-Messages-from-an-iPhone-Polish.jpg\" alt=\"Jak odzyska\u0107 usuni\u0119te wiadomo\u015bci tekstowe z iPhone'a\" title=\"Jak odzyska\u0107 usuni\u0119te wiadomo\u015bci tekstowe z iPhone'a\" width=\"1280\" height=\"720\">&#13;              <\/p>\n<p>Czy kiedykolwiek przypadkowo usun\u0105\u0142e\u015b wa\u017cn\u0105 wiadomo\u015b\u0107 tekstow\u0105 z iPhone&#8217;a i chcia\u0142e\u015b j\u0105 odzyska\u0107? To sytuacja, kt\u00f3ra mo\u017ce spowodowa\u0107 spory stres, szczeg\u00f3lnie je\u015bli wiadomo\u015b\u0107 zawiera\u0142a cenne informacje. Na szcz\u0119\u015bcie istnieje kilka metod na pr\u00f3b\u0119 <b>odzyskania<\/b> tych utraconych wiadomo\u015bci. Niezale\u017cnie od tego, czy u\u017cywasz iPhone&#8217;a 14, starszego modelu, czy najnowszej aktualizacji iOS, odzyskiwanie usuni\u0119tych wiadomo\u015bci tekstowych mo\u017ce by\u0107 prostym procesem&#8212;je\u015bli dzia\u0142asz szybko i post\u0119pujesz zgodnie z w\u0142a\u015bciwymi krokami. W tym artykule podziel\u0119 si\u0119 moim osobistym do\u015bwiadczeniem i przeprowadz\u0119 Ci\u0119 przez r\u00f3\u017cne metody odzyskiwania <b>usuni\u0119tych wiadomo\u015bci tekstowych<\/b> z iPhone&#8217;a oraz pomog\u0119 si\u0119 przygotowa\u0107 na takie zdarzenie.<\/p>\n<\/div>\n<\/div>\n<\/section>\n<p>&#13;              <\/p>\n<section>\n<div>\n<div>1<\/div>\n<h2>Typowe Sytuacje:<\/h2>\n<\/div>\n<h3>Przypadkowe Przesuni\u0119cie &#128561;<\/h3>\n<ul>\n<li><b>Przytrzymanie<\/b> zako\u0144czone niepowodzeniem: Czasem, podczas pr\u00f3by skopiowania lub przes\u0142ania wiadomo\u015bci, nieumy\u015blne dotkni\u0119cie mo\u017ce prowadzi\u0107 do jej przypadkowego usuni\u0119cia.<\/li>\n<li>Zbytnie <b>oczyszczanie<\/b>: W d\u0105\u017ceniu do uporz\u0105dkowania, mo\u017cesz usun\u0105\u0107 rozmowy, kt\u00f3re zawiera\u0142y wiadomo\u015bci, kt\u00f3re nie mia\u0142y zosta\u0107 stracone.<\/li>\n<li>Dzieci korzystaj\u0105ce z telefonu: Je\u015bli kiedykolwiek da\u0142e\u015b telefon dziecku do zabawy, prawdopodobnie do\u015bwiadczy\u0142e\u015b niespodziewanego braku aplikacji lub, w tym przypadku, <b>usuni\u0119tych wiadomo\u015bci tekstowych<\/b>.<\/li>\n<\/ul>\n<h3>Prze\u0142adowanie Aktualizacjami &#128260;<\/h3>\n<ul>\n<li>B\u0142\u0119dy oprogramowania: Po aktualizacji niekt\u00f3rzy u\u017cytkownicy zg\u0142aszaj\u0105 brakuj\u0105ce dane, w tym <b>wiadomo\u015bci tekstowe<\/b>, z powodu potencjalnych b\u0142\u0119d\u00f3w <b>systemowych<\/b>.<\/li>\n<li>Nieudane aktualizacje <b>iOS<\/b>: Czasami aktualizacja nie przebiega zgodnie z planem, co skutkuje utrat\u0105 danych w trakcie procesu.<\/li>\n<li>B\u0142\u0119dne <b>przywracanie<\/b>: Przywracanie iPhone&#8217;a z starej kopii zapasowej mo\u017ce skutkowa\u0107 nadpisaniem bie\u017c\u0105cych wiadomo\u015bci przez starsze.<\/li>\n<\/ul>\n<h3>Techniczne Problemy &#128736;<\/h3>\n<ul>\n<li>Awaria iPhone&#8217;a: Nag\u0142e awarie lub problemy sprz\u0119towe mog\u0105 prowadzi\u0107 do niespodziewanej utraty danych, w tym twoich <b>wiadomo\u015bci<\/b>.<\/li>\n<li>Nieudane pr\u00f3by jailbreaka: Chocia\u017c jailbreaking mo\u017ce zaoferowa\u0107 wi\u0119ksz\u0105 kontrol\u0119 nad urz\u0105dzeniem, wi\u0105\u017ce si\u0119 z ryzykiem utraty danych, je\u015bli nie zostanie przeprowadzony poprawnie.<\/li>\n<li>Uszkodzenie przez wod\u0119: iPhone&#8217;y s\u0105 znane ze swojej odporno\u015bci na wod\u0119, ale wypadki si\u0119 zdarzaj\u0105, a uszkodzenia spowodowane przez p\u0142yny mog\u0105 by\u0107 przyczyn\u0105 <b>utraconych wiadomo\u015bci tekstowych<\/b>.<\/li>\n<\/ul>\n<\/section>\n<p>&#13;              <\/p>\n<section class=\"stepByStep\">\n<div>\n<div>2<\/div>\n<h2>Przewodnik krok po kroku. Odzyskiwanie Usuni\u0119tych Wiadomo\u015bci z iPhone&#8217;a:<\/h2>\n<\/div>\n<h3>Metoda 1: Przywracanie z iCloud &#128242;<\/h3>\n<ul>\n<li>Na swoim iPhone&#8217;ie przejd\u017a do <strong><i>Ustawie\u0144<\/i><\/strong> > stuknij w baner <b>ID Apple<\/b> na g\u00f3rze > wybierz <i><b>iCloud<\/b><\/i> > Zarz\u0105dzaj pami\u0119ci\u0105 > <b>Kopie zapasowe<\/b>.<\/li>\n<li>Sprawd\u017a, czy jest dost\u0119pna kopia zapasowa, kt\u00f3ra zosta\u0142a utworzona przed usuni\u0119ciem wiadomo\u015bci.<\/li>\n<li>Je\u015bli odpowiednia kopia jest dost\u0119pna, wr\u00f3\u0107 do g\u0142\u00f3wnego menu ustawie\u0144, stuknij <i><b>Og\u00f3lne<\/b><\/i> > przewi\u0144 w d\u00f3\u0142 i wybierz <b>Zresetuj<\/b> > nast\u0119pnie wybierz <i><b>Usu\u0144 zawarto\u015b\u0107 i ustawienia<\/b><\/i>, aby przywr\u00f3ci\u0107 ustawienia fabryczne iPhone&#8217;a.<\/li>\n<li>Musisz skonfigurowa\u0107 iPhone&#8217;a od nowa, jakby by\u0142 nowy. Gdy pojawi si\u0119 ekran <b>Aplikacje i dane<\/b>, wybierz <i><b>Przywr\u00f3\u0107 z kopii zapasowej iCloud<\/b><\/i>, zaloguj si\u0119 do iCloud i wybierz kopi\u0119, kt\u00f3ra zawiera <b>usuni\u0119te wiadomo\u015bci<\/b>.<\/li>\n<\/ul>\n<p><b>Uwaga:<\/b> Proces ten spowoduje nadpisanie danych aktualnie znajduj\u0105cych si\u0119 na urz\u0105dzeniu danymi z kopii zapasowej. Upewnij si\u0119, \u017ce wykona\u0142e\u015b kopi\u0119 zapasow\u0105 najnowszych danych, kt\u00f3re chcesz zachowa\u0107 przed przyst\u0105pieniem do tego procesu.<\/p>\n<p><b>Podsumowanie:<\/b> Je\u015bli kopia zapasowa zawiera szukane wiadomo\u015bci tekstowe, powinny one by\u0107 teraz przywr\u00f3cone na Twoim iPhone&#8217;ie.<\/p>\n<h3>Metoda 2: Przywracanie za pomoc\u0105 iTunes\/Finder &#128187;<\/h3>\n<ul>\n<li>Pod\u0142\u0105cz swojego iPhone&#8217;a do komputera i otw\u00f3rz <i><b>iTunes<\/b><\/i> (na Windowsie lub starszych wersjach macOS) lub <i><b>Finder<\/b><\/i> (na macOS Catalina lub nowszym).<\/li>\n<li>Wybierz sw\u00f3j iPhone, kiedy pojawi si\u0119 w iTunes lub Finderze.<\/li>\n<li>Kliknij <i>Przywr\u00f3\u0107 kopi\u0119<\/i> i wybierz najbardziej odpowiedni\u0105 kopi\u0119 na podstawie daty i rozmiaru.<\/li>\n<li>Kliknij <b>Przywr\u00f3\u0107<\/b> i poczekaj, a\u017c proces si\u0119 zako\u0144czy, zanim od\u0142\u0105czysz telefon.<\/li>\n<\/ul>\n<p><b>Uwaga:<\/b> Przywracanie z iTunes lub Finder spowoduje nadpisanie istniej\u0105cych danych na iPhone&#8217;ie, wi\u0119c upewnij si\u0119, \u017ce zrobi\u0142e\u015b kopi\u0119 zapasow\u0105 wszelkich potrzebnych danych.<\/p>\n<p><b>Podsumowanie:<\/b> Ta metoda przywraca ca\u0142\u0105 zawarto\u015b\u0107 wybranej kopii zapasowej, w tym <b>usuni\u0119te wiadomo\u015bci tekstowe<\/b>, je\u015bli by\u0142y cz\u0119\u015bci\u0105 kopii.<\/p>\n<h3>Metoda 3: U\u017cycie Oprogramowania Stron Trzecich &#128190;<\/h3>\n<ul>\n<li>Pobierz i zainstaluj renomowane oprogramowanie strony trzeciej, takie jak <i><b>PhoneRescue<\/b><\/i> lub <i><b>Disk Drill<\/b><\/i>.<\/li>\n<li>Pod\u0142\u0105cz swojego iPhone&#8217;a do komputera i uruchom oprogramowanie.<\/li>\n<li>Wybierz opcj\u0119 <b>Odzyskaj z urz\u0105dzenia iOS<\/b> i pozw\u00f3l oprogramowaniu przeskanowa\u0107 Twojego iPhone&#8217;a.<\/li>\n<li>Po zako\u0144czeniu skanowania przejrzyj odzyskane dane pod k\u0105tem <b>usuni\u0119tych wiadomo\u015bci tekstowych<\/b> i wybierz je do odzyskania.<\/li>\n<li>Wybierz, czy chcesz odzyska\u0107 wiadomo\u015bci na sw\u00f3j iPhone czy na komputer, w zale\u017cno\u015bci od opcji oprogramowania.<\/li>\n<\/ul>\n<p><b>Uwaga:<\/b> Narz\u0119dzia do odzyskiwania danych strony trzeciej mog\u0105 nie zawsze przynosi\u0107 sukces, szczeg\u00f3lnie je\u015bli dane zosta\u0142y nadpisane. Mog\u0105 by\u0107 r\u00f3wnie\u017c kosztowne.<\/p>\n<p><b>Podsumowanie:<\/b> U\u017cycie oprogramowania do odzyskiwania danych strony trzeciej oferuje potencjalne rozwi\u0105zanie, kt\u00f3re nie wymaga wcze\u015bniejszej kopii zapasowej, ale nie ma gwarancji sukcesu.<\/p>\n<h3>Metoda 4: Skontaktuj si\u0119 z Operatorem sieci kom\u00f3rkowej &#128222;<\/h3>\n<ul>\n<li>Skontaktuj si\u0119 z operatorem sieci kom\u00f3rkowej, aby dowiedzie\u0107 si\u0119, czy przechowuj\u0105 kopi\u0119 twoich wiadomo\u015bci tekstowych.<\/li>\n<li>Je\u015bli s\u0105 dost\u0119pne, post\u0119puj zgodnie z ich procesem, aby uzyska\u0107 dost\u0119p. Mo\u017ce to wymaga\u0107 zalogowania si\u0119 na <i><b>portal twojego konta online<\/b><\/i> lub z\u0142o\u017cenia formalnego wniosku.<\/li>\n<\/ul>\n<p><b>Uwaga:<\/b> Wi\u0119kszo\u015b\u0107 operator\u00f3w nie przechowuje tre\u015bci wiadomo\u015bci tekstowych i zwykle gromadzi tylko metadane, takie jak data, czas i numery telefon\u00f3w odbiorc\u00f3w.<\/p>\n<p><b>Podsumowanie:<\/b> Chocia\u017c to d\u0142ugi strza\u0142, sprawdzenie u operatora mo\u017ce by\u0107 sposobem na odzyskanie <b>usuni\u0119tych wiadomo\u015bci<\/b>, zw\u0142aszcza je\u015bli dotycz\u0105 spraw prawnych lub biznesowych.<\/p>\n<h3>Metoda 5: Sprawd\u017a Inne Urz\u0105dzenia &#128421;<\/h3>\n<ul>\n<li>Je\u015bli masz inne urz\u0105dzenia Apple zalogowane na to samo <i><b>konto iCloud<\/b><\/i>, otw\u00f3rz aplikacj\u0119 Wiadomo\u015bci na tych urz\u0105dzeniach, aby zobaczy\u0107, czy <b>usuni\u0119te wiadomo\u015bci<\/b> s\u0105 tam nadal.<\/li>\n<li>Je\u015bli je znajdziesz, mo\u017cesz wys\u0142a\u0107 wiadomo\u015b\u0107 e-mail lub zrobi\u0107 zrzuty ekranu jako spos\u00f3b na <b>zachowanie<\/b> informacji.<\/li>\n<\/ul>\n<p><b>Uwaga:<\/b> Ta metoda zadzia\u0142a tylko wtedy, gdy wiadomo\u015bci nie zosta\u0142y usuni\u0119te z innych urz\u0105dze\u0144 i gdy twoje wiadomo\u015bci s\u0105 ustawione na synchronizacj\u0119 na wszystkich urz\u0105dzeniach.<\/p>\n<p><b>Podsumowanie:<\/b> Ta bezproblemowa metoda mo\u017ce uratowa\u0107 twoje usuni\u0119te wiadomo\u015bci, je\u015bli nadal s\u0105 obecne na innych urz\u0105dzeniach w ekosystemie Apple.<\/p>\n<\/section>\n<section>\n<div>\n<div>3<\/div>\n<h2>Film na Youtube do obejrzenia<\/h2>\n<\/div>\n<div class=\"iframe\"><span class=\"lazyload\" data-original_content=\"PGlmcmFtZSB3aWR0aD0iNDIwIiBoZWlnaHQ9IjMxNSIgc3JjPSIvL3d3dy55b3V0dWJlLmNvbS9lbWJlZC84WF80bHdPMUZjMCIgZnJhbWVib3JkZXI9IjAiIGFsbG93ZnVsbHNjcmVlbj48L2lmcmFtZT4=\"><\/span><\/div>\n<\/section>\n<p>&#13; <\/p>\n<section>\n<div>\n<div>4<\/div>\n<h2>\u015arodki ostro\u017cno\u015bci i wskaz\u00f3wki:<\/h2>\n<\/div>\n<h3>Ochrona Twoich Danych &#128737;<\/h3>\n<ul>\n<li>Regularnie tw\u00f3rz kopie zapasowe swojego iPhone&#8217;a w <b>iCloud<\/b> lub na komputerze, aby zachowa\u0107 swoje wiadomo\u015bci i inne dane.<\/li>\n<li>W\u0142\u0105cz funkcj\u0119 <b>synchronizacji iMessage<\/b> na wszystkich swoich urz\u0105dzeniach Apple, aby mie\u0107 aktualne wiadomo\u015bci i dost\u0119p do nich z wielu urz\u0105dze\u0144.<\/li>\n<li>Przejrzyj swoje nawyki dotycz\u0105ce wiadomo\u015bci i regularnie <b>zapisuj<\/b> lub archiwizuj wa\u017cne informacje poza swoimi tekstami.<\/li>\n<\/ul>\n<h3>\u015arodki bezpiecze\u0144stwa cybernetycznego &#128274;<\/h3>\n<ul>\n<li>B\u0105d\u017a ostro\u017cny przy korzystaniu z narz\u0119dzi firm trzecich do odzyskiwania danych. Zawsze wybieraj oprogramowanie z dobr\u0105 reputacj\u0105 i czytaj opinie innych u\u017cytkownik\u00f3w.<\/li>\n<li>Rozwa\u017c u\u017cywanie aplikacji do szyfrowanej komunikacji end-to-end dla poufnych rozm\u00f3w, aby zapewni\u0107 lepsze bezpiecze\u0144stwo i prywatno\u015b\u0107.<\/li>\n<li>Regularnie aktualizuj system operacyjny iPhone&#8217;a, aby chroni\u0107 si\u0119 przed lukami, kt\u00f3re mog\u0105 prowadzi\u0107 do utraty danych.<\/li>\n<\/ul>\n<\/section>\n<p>&#13; <\/p>\n<section>\n<div>\n<div>5<\/div>\n<h2>Odzyskiwanie wiadomo\u015bci<\/h2>\n<\/div>\n<p>W dobie cyfrowej nasze wiadomo\u015bci tekstowe cz\u0119sto zawieraj\u0105 mn\u00f3stwo istotnej komunikacji, osobistych wspomnie\u0144, a czasem kluczowych dowod\u00f3w do spraw prawnych. Strata tych wiadomo\u015bci mo\u017ce by\u0107 niepokoj\u0105ca, ale nie wszystko jest stracone. Opr\u00f3cz wcze\u015bniej wymienionych metod, warto pami\u0119ta\u0107 o innych \u015brodkach i narz\u0119dziach, kt\u00f3re mog\u0105 pom\u00f3c w odzyskiwaniu danych. Na przyk\u0142ad, sprawdzanie, czy istniej\u0105 jakiekolwiek <b>w\u0105tki wiadomo\u015bci<\/b> w kontach e-mail, dok\u0105d mog\u0142e\u015b przekierowa\u0107 wa\u017cne teksty, lub wykorzystywanie opcji przechowywania w chmurze takich jak <i><b>Dropbox<\/b><\/i> czy <i><b>Google Drive<\/b><\/i>, gdzie mog\u0142e\u015b zapisa\u0107 kopie zapasowe swoich danych.<\/p>\n<p>Mo\u017cesz si\u0119 zastanawia\u0107 nad szansami na odzyskanie usuni\u0119tych wiadomo\u015bci tekstowych. Szanse s\u0105 najlepsze, je\u015bli usuni\u0119cie nast\u0105pi\u0142o niedawno i od tego czasu nie u\u017cywa\u0142e\u015b intensywnie swojego iPhone&#8217;a. Dzieje si\u0119 tak, poniewa\u017c w miar\u0119 korzystania z telefonu ci\u0105gle zapisywane s\u0105 nowe dane na miejscu starych, potencjalnie uniemo\u017cliwiaj\u0105c odzyskanie usuni\u0119tych wiadomo\u015bci. Kluczem jest szybkie dzia\u0142anie, gdy zauwa\u017cysz brakuj\u0105c\u0105 wiadomo\u015b\u0107.<\/p>\n<p>Pami\u0119taj, aby by\u0107 aktywnym w kwestii swoich danych.<\/p>\n<\/section>\n<section>\n<h2>Wnioski:<\/h2>\n<div class=\"nonp\">\n<p>Podsumowuj\u0105c, przypadkowe usuni\u0119cie wiadomo\u015bci tekstowych z iPhone&#8217;a nie oznacza, \u017ce na zawsze znikn\u0119\u0142y. Post\u0119puj\u0105c zgodnie z w\u0142a\u015bciwymi procedurami i stosuj\u0105c opisane powy\u017cej metody, cz\u0119sto mo\u017cna <b>odzyska\u0107 wiadomo\u015bci tekstowe<\/b>, kt\u00f3re wydawa\u0142y si\u0119 stracone. Jednak\u017ce, najwa\u017cniejszym krokiem w kierunku odzyskania danych jest przygotowanie: regularne tworzenie kopii zapasowych iPhone&#8217;a oraz zrozumienie proces\u00f3w odzyskiwania danych zanim zajdzie taka potrzeba. Pami\u0119taj, gdy masz w\u0105tpliwo\u015bci, skonsultuj si\u0119 z profesjonalist\u0105 lub zbadaj, co mo\u017ce zaoferowa\u0107 Tw\u00f3j operator kom\u00f3rkowy. Utracone wiadomo\u015bci mog\u0105 by\u0107 tylko chwilowym problemem w Twoim cyfrowym \u017cyciu, a nie definitywnym ko\u0144cem.<\/p>\n<\/div>\n<\/section>\n","protected":false},"excerpt":{"rendered":"<p>Jak odzyska\u0107 usuni\u0119te wiadomo\u015bci tekstowe z iPhone&#8217;a &#13; &#13; Czy kiedykolwiek przypadkowo usun\u0105\u0142e\u015b wa\u017cn\u0105 wiadomo\u015b\u0107 tekstow\u0105 z iPhone&#8217;a i chcia\u0142e\u015b j\u0105 odzyska\u0107? To sytuacja, kt\u00f3ra mo\u017ce spowodowa\u0107 spory stres, szczeg\u00f3lnie je\u015bli wiadomo\u015b\u0107 zawiera\u0142a cenne informacje. Na szcz\u0119\u015bcie istnieje kilka metod na pr\u00f3b\u0119 odzyskania tych utraconych wiadomo\u015bci. Niezale\u017cnie od tego, czy u\u017cywasz iPhone&#8217;a 14, starszego modelu, [&hellip;]<\/p>\n","protected":false},"author":0,"featured_media":39277,"parent":0,"menu_order":0,"comment_status":"closed","ping_status":"closed","template":"chromecast.php","meta":{"_stopmodifiedupdate":false,"_modified_date":"","_lmt_disableupdate":"","_lmt_disable":""},"acf":[],"yoast_head":"<!-- This site is optimized with the Yoast SEO plugin v20.9 - https:\/\/yoast.com\/wordpress\/plugins\/seo\/ -->\n<title>Tak mo\u017cesz odzyska\u0107 usuni\u0119te wiadomo\u015bci na iPhone [Przewodnik]<\/title>\n<meta name=\"robots\" content=\"index, follow, max-snippet:-1, max-image-preview:large, max-video-preview:-1\" \/>\n<link rel=\"canonical\" href=\"https:\/\/datarecovery.ping.fm\/pl\/retrieve-deleted-text-messages-iphone\/\" \/>\n<meta property=\"og:locale\" content=\"pl_PL\" \/>\n<meta property=\"og:type\" content=\"article\" \/>\n<meta property=\"og:title\" content=\"Tak mo\u017cesz odzyska\u0107 usuni\u0119te wiadomo\u015bci na iPhone [Przewodnik]\" \/>\n<meta property=\"og:description\" content=\"Jak odzyska\u0107 usuni\u0119te wiadomo\u015bci tekstowe z iPhone&#8217;a &#013; &#013; Czy kiedykolwiek przypadkowo usun\u0105\u0142e\u015b wa\u017cn\u0105 wiadomo\u015b\u0107 tekstow\u0105 z iPhone&#8217;a i chcia\u0142e\u015b j\u0105 odzyska\u0107? To sytuacja, kt\u00f3ra mo\u017ce spowodowa\u0107 spory stres, szczeg\u00f3lnie je\u015bli wiadomo\u015b\u0107 zawiera\u0142a cenne informacje. Na szcz\u0119\u015bcie istnieje kilka metod na pr\u00f3b\u0119 odzyskania tych utraconych wiadomo\u015bci. Niezale\u017cnie od tego, czy u\u017cywasz iPhone&#8217;a 14, starszego modelu, [&hellip;]\" \/>\n<meta property=\"og:url\" content=\"https:\/\/datarecovery.ping.fm\/pl\/retrieve-deleted-text-messages-iphone\/\" \/>\n<meta property=\"og:site_name\" content=\"Data Recovery Software\" \/>\n<meta property=\"article:modified_time\" content=\"2024-04-09T14:59:00+00:00\" \/>\n<meta property=\"og:image\" content=\"https:\/\/datarecovery.ping.fm\/wp-content\/uploads\/2024\/04\/How-to-Retrieve-Deleted-Text-Messages-from-an-iPhone-Polish.jpg\" \/>\n\t<meta property=\"og:image:width\" content=\"1280\" \/>\n\t<meta property=\"og:image:height\" content=\"731\" \/>\n\t<meta property=\"og:image:type\" content=\"image\/jpeg\" \/>\n<meta name=\"twitter:card\" content=\"summary_large_image\" \/>\n<meta name=\"twitter:label1\" content=\"Est. reading time\" \/>\n\t<meta name=\"twitter:data1\" content=\"7 minut\" \/>\n<script type=\"application\/ld+json\" class=\"yoast-schema-graph\">{\"@context\":\"https:\/\/schema.org\",\"@graph\":[{\"@type\":\"WebPage\",\"@id\":\"https:\/\/datarecovery.ping.fm\/pl\/retrieve-deleted-text-messages-iphone\/\",\"url\":\"https:\/\/datarecovery.ping.fm\/pl\/retrieve-deleted-text-messages-iphone\/\",\"name\":\"Tak mo\u017cesz odzyska\u0107 usuni\u0119te wiadomo\u015bci na iPhone [Przewodnik]\",\"isPartOf\":{\"@id\":\"https:\/\/datarecovery.ping.fm\/pl\/#website\"},\"datePublished\":\"2024-01-23T07:50:14+00:00\",\"dateModified\":\"2024-04-09T14:59:00+00:00\",\"breadcrumb\":{\"@id\":\"https:\/\/datarecovery.ping.fm\/pl\/retrieve-deleted-text-messages-iphone\/#breadcrumb\"},\"inLanguage\":\"pl-PL\",\"potentialAction\":[{\"@type\":\"ReadAction\",\"target\":[\"https:\/\/datarecovery.ping.fm\/pl\/retrieve-deleted-text-messages-iphone\/\"]}]},{\"@type\":\"BreadcrumbList\",\"@id\":\"https:\/\/datarecovery.ping.fm\/pl\/retrieve-deleted-text-messages-iphone\/#breadcrumb\",\"itemListElement\":[{\"@type\":\"ListItem\",\"position\":1,\"name\":\"Home\",\"item\":\"https:\/\/datarecovery.ping.fm\/pl\/\"},{\"@type\":\"ListItem\",\"position\":2,\"name\":\"Tak przywr\u00f3cisz usuni\u0119te wiadomo\u015bci tekstowe na iPhone&#8217;ie\"}]},{\"@type\":\"WebSite\",\"@id\":\"https:\/\/datarecovery.ping.fm\/pl\/#website\",\"url\":\"https:\/\/datarecovery.ping.fm\/pl\/\",\"name\":\"Data Recovery Software\",\"description\":\"\",\"potentialAction\":[{\"@type\":\"SearchAction\",\"target\":{\"@type\":\"EntryPoint\",\"urlTemplate\":\"https:\/\/datarecovery.ping.fm\/pl\/?s={search_term_string}\"},\"query-input\":\"required name=search_term_string\"}],\"inLanguage\":\"pl-PL\"}]}<\/script>\n<!-- \/ Yoast SEO plugin. -->","yoast_head_json":{"title":"Tak mo\u017cesz odzyska\u0107 usuni\u0119te wiadomo\u015bci na iPhone [Przewodnik]","robots":{"index":"index","follow":"follow","max-snippet":"max-snippet:-1","max-image-preview":"max-image-preview:large","max-video-preview":"max-video-preview:-1"},"canonical":"https:\/\/datarecovery.ping.fm\/pl\/retrieve-deleted-text-messages-iphone\/","og_locale":"pl_PL","og_type":"article","og_title":"Tak mo\u017cesz odzyska\u0107 usuni\u0119te wiadomo\u015bci na iPhone [Przewodnik]","og_description":"Jak odzyska\u0107 usuni\u0119te wiadomo\u015bci tekstowe z iPhone&#8217;a &#13; &#13; Czy kiedykolwiek przypadkowo usun\u0105\u0142e\u015b wa\u017cn\u0105 wiadomo\u015b\u0107 tekstow\u0105 z iPhone&#8217;a i chcia\u0142e\u015b j\u0105 odzyska\u0107? To sytuacja, kt\u00f3ra mo\u017ce spowodowa\u0107 spory stres, szczeg\u00f3lnie je\u015bli wiadomo\u015b\u0107 zawiera\u0142a cenne informacje. Na szcz\u0119\u015bcie istnieje kilka metod na pr\u00f3b\u0119 odzyskania tych utraconych wiadomo\u015bci. Niezale\u017cnie od tego, czy u\u017cywasz iPhone&#8217;a 14, starszego modelu, [&hellip;]","og_url":"https:\/\/datarecovery.ping.fm\/pl\/retrieve-deleted-text-messages-iphone\/","og_site_name":"Data Recovery Software","article_modified_time":"2024-04-09T14:59:00+00:00","og_image":[{"width":1280,"height":731,"url":"https:\/\/datarecovery.ping.fm\/wp-content\/uploads\/2024\/04\/How-to-Retrieve-Deleted-Text-Messages-from-an-iPhone-Polish.jpg","type":"image\/jpeg"}],"twitter_card":"summary_large_image","twitter_misc":{"Est. reading time":"7 minut"},"schema":{"@context":"https:\/\/schema.org","@graph":[{"@type":"WebPage","@id":"https:\/\/datarecovery.ping.fm\/pl\/retrieve-deleted-text-messages-iphone\/","url":"https:\/\/datarecovery.ping.fm\/pl\/retrieve-deleted-text-messages-iphone\/","name":"Tak mo\u017cesz odzyska\u0107 usuni\u0119te wiadomo\u015bci na iPhone [Przewodnik]","isPartOf":{"@id":"https:\/\/datarecovery.ping.fm\/pl\/#website"},"datePublished":"2024-01-23T07:50:14+00:00","dateModified":"2024-04-09T14:59:00+00:00","breadcrumb":{"@id":"https:\/\/datarecovery.ping.fm\/pl\/retrieve-deleted-text-messages-iphone\/#breadcrumb"},"inLanguage":"pl-PL","potentialAction":[{"@type":"ReadAction","target":["https:\/\/datarecovery.ping.fm\/pl\/retrieve-deleted-text-messages-iphone\/"]}]},{"@type":"BreadcrumbList","@id":"https:\/\/datarecovery.ping.fm\/pl\/retrieve-deleted-text-messages-iphone\/#breadcrumb","itemListElement":[{"@type":"ListItem","position":1,"name":"Home","item":"https:\/\/datarecovery.ping.fm\/pl\/"},{"@type":"ListItem","position":2,"name":"Tak przywr\u00f3cisz usuni\u0119te wiadomo\u015bci tekstowe na iPhone&#8217;ie"}]},{"@type":"WebSite","@id":"https:\/\/datarecovery.ping.fm\/pl\/#website","url":"https:\/\/datarecovery.ping.fm\/pl\/","name":"Data Recovery Software","description":"","potentialAction":[{"@type":"SearchAction","target":{"@type":"EntryPoint","urlTemplate":"https:\/\/datarecovery.ping.fm\/pl\/?s={search_term_string}"},"query-input":"required name=search_term_string"}],"inLanguage":"pl-PL"}]}},"_links":{"self":[{"href":"https:\/\/datarecovery.ping.fm\/pl\/wp-json\/wp\/v2\/pages\/39276"}],"collection":[{"href":"https:\/\/datarecovery.ping.fm\/pl\/wp-json\/wp\/v2\/pages"}],"about":[{"href":"https:\/\/datarecovery.ping.fm\/pl\/wp-json\/wp\/v2\/types\/page"}],"replies":[{"embeddable":true,"href":"https:\/\/datarecovery.ping.fm\/pl\/wp-json\/wp\/v2\/comments?post=39276"}],"version-history":[{"count":0,"href":"https:\/\/datarecovery.ping.fm\/pl\/wp-json\/wp\/v2\/pages\/39276\/revisions"}],"wp:featuredmedia":[{"embeddable":true,"href":"https:\/\/datarecovery.ping.fm\/pl\/wp-json\/wp\/v2\/media\/39277"}],"wp:attachment":[{"href":"https:\/\/datarecovery.ping.fm\/pl\/wp-json\/wp\/v2\/media?parent=39276"}],"curies":[{"name":"wp","href":"https:\/\/api.w.org\/{rel}","templated":true}]}}