{"id":38890,"date":"2024-01-22T21:44:04","date_gmt":"2024-01-22T21:44:04","guid":{"rendered":"https:\/\/www.ping.fm\/data-recovery-software\/best-iphone-cleaners\/"},"modified":"2024-03-29T15:05:54","modified_gmt":"2024-03-29T15:05:54","slug":"best-iphone-cleaners","status":"publish","type":"page","link":"https:\/\/datarecovery.ping.fm\/pl\/best-iphone-cleaners\/","title":{"rendered":"Najlepsze aplikacje do czyszczenia iPhone&#8217;a"},"content":{"rendered":"<section>\n<h1>Najlepsze darmowe aplikacje do czyszczenia iPhone&#8217;a<\/h1>\n<div class=\"inbrief\">\n<div>                      <img src=\"https:\/\/www.ping.fm\/data-recovery-software\/wp-content\/uploads\/ai\/FREE-iPhone-Cleaner-Apps-Polish.jpg\" alt=\"Darmowe aplikacje do czyszczenia iPhone'a\" title=\"Darmowe aplikacje do czyszczenia iPhone'a\" width=\"1280\" height=\"720\">                      <\/p>\n<p>Jako oddany u\u017cytkownik iPhone&#8217;a zapewnienie, aby moje urz\u0105dzenie mia\u0142o wystarczaj\u0105co wolnego miejsca i dzia\u0142a\u0142o efektywnie, jest dla mnie bardzo wa\u017cne. Aby to osi\u0105gn\u0105\u0107, osobi\u015bcie zbada\u0142em r\u00f3\u017cne <b>darmowe aplikacje do czyszczenia iPhone&#8217;a<\/b>, kt\u00f3re twierdz\u0105, \u017ce potrafi\u0105 uporz\u0105dkowa\u0107 moje urz\u0105dzenie i poprawi\u0107 jego wydajno\u015b\u0107. W tej d\u0105\u017cno\u015bci przetestowa\u0142em szereg narz\u0119dzi, w tym <a href='https:\/\/apps.apple.com\/us\/app\/cleaner-kit-clean-up-storage\/id1194582243' rel=\"nofollow noopener\" target='_blank'>Cleaner Kit<\/a>, <a href='https:\/\/apps.apple.com\/us\/app\/cleaner-guru-cleaning-app\/id1476380919' rel=\"nofollow noopener\" target='_blank'>Cleaner Guru<\/a>, <a href='https:\/\/apps.apple.com\/us\/app\/cleanup-phone-storage-cleaner\/id1510944943' rel=\"nofollow noopener\" target='_blank'>Cleanup: Phone Storage Cleaner<\/a>, oraz <a href='https:\/\/apps.apple.com\/ie\/app\/cleanmy-phone-careful-cleaner\/id1277110040' rel=\"nofollow noopener\" target='_blank'>CleanMy<\/a>. Przy\u0142\u0105cz si\u0119 do mnie, gdy\u017c dziel\u0119 si\u0119 osobistymi spostrze\u017ceniami na temat wydajno\u015bci ka\u017cdej aplikacji, plus\u00f3w i minus\u00f3w, starannie unikaj\u0105c promocyjnego j\u0119zyka.<\/p>\n<\/div>\n<\/div>\n<\/section>\n<section>\n<div class=\"medal\">\n<div>&#129351;<\/div>\n<\/div>\n<h2><a href='https:\/\/apps.apple.com\/us\/app\/cleaner-kit-clean-up-storage\/id1194582243' rel=\"nofollow noopener\" target='_blank'>Cleaner Kit: Clean Up Storage<\/a><\/h2>\n<p><img src=\"https:\/\/www.ping.fm\/data-recovery-software\/wp-content\/uploads\/ai\/https---apps-apple-com-us-app-cleaner-kit-clean-up-storage-id1194582243Polish.jpg\"><\/p>\n<p>Aplikacja <b>Cleaner Kit<\/b> obiecuje kompleksowe czyszczenie pami\u0119ci twojego iPhone&#8217;a. Z \u0142atwym w obs\u0142udze interfejsem, ma za cel u\u0142atwi\u0107 proces usuwania zb\u0119dnych plik\u00f3w i czyszczenia pami\u0119ci podr\u0119cznej,<\/p>\n<p><a href='https:\/\/apps.apple.com\/us\/app\/cleaner-kit-clean-up-storage\/id1194582243' rel=\"nofollow noopener\" target='_blank' class='ofWSite'>Oficjalna Strona<\/a><\/p>\n<h3 class='prosTitle'>Zalety<\/h3>\n<ul class='listpc pros'>\n<li>Intuicyjny interfejs u\u017cytkownika<\/li>\n<li>Skuteczne usuwanie niepotrzebnych plik\u00f3w<\/li>\n<\/ul>\n<h3 class='consTitle'>Wady<\/h3>\n<ul class='listpc cons'>\n<li>Ograniczone funkcjonalno\u015bci w darmowej wersji<\/li>\n<li>Potencjalne ryzyko usuni\u0119cia wa\u017cnych danych, je\u015bli nie u\u017cywa si\u0119 ostro\u017cnie<\/li>\n<\/ul>\n<\/section>\n<section>\n<div class=\"medal\">\n<div>&#129352;<\/div>\n<\/div>\n<h2><a href='https:\/\/apps.apple.com\/us\/app\/cleaner-guru-cleaning-app\/id1476380919' rel=\"nofollow noopener\" target='_blank'>Cleaner Guru: Cleaning App<\/a><\/h2>\n<p><img src=\"https:\/\/www.ping.fm\/data-recovery-software\/wp-content\/uploads\/ai\/https---apps-apple-com-us-app-cleaner-guru-cleaning-app-id1476380919Polish.jpg\"><\/p>\n<p><b>Cleaner Guru<\/b> uwa\u017ca si\u0119 za inteligentne rozwi\u0105zanie do uporz\u0105dkowania twojego iPhone&#8217;a. Oferuje kombinacj\u0119 funkcji czyszczenia, takich jak identyfikacja duplikat\u00f3w zdj\u0119\u0107 i segregacja du\u017cych plik\u00f3w.<\/p>\n<p><a href='https:\/\/apps.apple.com\/us\/app\/cleaner-guru-cleaning-app\/id1476380919' rel=\"nofollow noopener\" target='_blank' class='ofWSite'>Oficjalna Strona<\/a><\/p>\n<h3 class='prosTitle'>Zalety<\/h3>\n<ul class='listpc pros'>\n<li>Wykrywanie duplikat\u00f3w i du\u017cych plik\u00f3w<\/li>\n<li>Prosta kategoryzacja plik\u00f3w<\/li>\n<\/ul>\n<h3 class='consTitle'>Wady<\/h3>\n<ul class='listpc cons'>\n<li>Mo\u017ce czasem b\u0142\u0119dnie wykry\u0107 nie-duplikaty jako duplikaty<\/li>\n<li>Reklamy w darmowej wersji mog\u0105 by\u0107 inwazyjne<\/li>\n<\/ul>\n<\/section>\n<section>\n<div class=\"medal\">\n<div>&#129353;<\/div>\n<\/div>\n<h2><a href='https:\/\/apps.apple.com\/us\/app\/cleanup-phone-storage-cleaner\/id1510944943' rel=\"nofollow noopener\" target='_blank'>Cleanup: Phone Storage Cleaner<\/a><\/h2>\n<p><img src=\"https:\/\/www.ping.fm\/data-recovery-software\/wp-content\/uploads\/ai\/https---apps-apple-com-us-app-cleanup-phone-storage-cleaner-id1510944943Polish.jpg\"><\/p>\n<p>Skupiaj\u0105c si\u0119 na prostocie i skuteczno\u015bci, <b>Cleanup: Phone Storage Cleaner<\/b> to narz\u0119dzie do szybkiego usuwania zb\u0119dnych danych, w tym plik\u00f3w tymczasowych, a tak\u017ce organizowania biblioteki zdj\u0119\u0107 poprzez eliminowanie powtarzaj\u0105cych si\u0119 obraz\u00f3w.<\/p>\n<p><a href='https:\/\/apps.apple.com\/us\/app\/cleanup-phone-storage-cleaner\/id1510944943' rel=\"nofollow noopener\" target='_blank' class='ofWSite'>Oficjalna strona internetowa<\/a><\/p>\n<h3 class='prosTitle'>Zalety<\/h3>\n<ul class='listpc pros'>\n<li>Uproszczone czyszczenie zdj\u0119\u0107<\/li>\n<li>Interfejs skoncentrowany na u\u017cytkowniku<\/li>\n<\/ul>\n<h3 class='consTitle'>Wady<\/h3>\n<ul class='listpc cons'>\n<li>Podstawowe funkcje w darmowej wersji<\/li>\n<li>Automatyczne czyszczenie mo\u017ce usun\u0105\u0107 potrzebne pliki<\/li>\n<\/ul>\n<\/section>\n<section>\n<div class=\"no-medal\">\n<div>4<\/div>\n<\/div>\n<h2><a href='https:\/\/apps.apple.com\/ie\/app\/cleanmy-phone-careful-cleaner\/id1277110040' rel=\"nofollow noopener\" target='_blank'>CleanMy: Careful Cleaner<\/a><\/h2>\n<p><img src=\"https:\/\/www.ping.fm\/data-recovery-software\/wp-content\/uploads\/ai\/https---apps-apple-com-ie-app-cleanmy-phone-careful-cleaner-id1277110040Polish.jpg\"><\/p>\n<p>Aplikacja <b>CleanMy<\/b> to dok\u0142adny czyszczenie, kt\u00f3re wykracza poza typowe zadania czyszcz\u0105ce. Oferuje szczeg\u00f3\u0142owe skanowanie urz\u0105dzenia, aby upewni\u0107 si\u0119, \u017ce nic niepotrzebnego nie zajmuje cennego miejsca w pami\u0119ci.<\/p>\n<p><a href='https:\/\/apps.apple.com\/ie\/app\/cleanmy-phone-careful-cleaner\/id1277110040' rel=\"nofollow noopener\" target='_blank' class='ofWSite'>Oficjalna strona internetowa<\/a><\/p>\n<h3 class='prosTitle'>Zalety<\/h3>\n<ul class='listpc pros'>\n<li>Szczeg\u00f3\u0142owe skanowanie i czyszczenie<\/li>\n<li>Pomocna obs\u0142uga klienta<\/li>\n<\/ul>\n<h3 class='consTitle'>Wady<\/h3>\n<ul class='listpc cons'>\n<li>Interfejs mo\u017ce by\u0107 przyt\u0142aczaj\u0105cy dla nowych u\u017cytkownik\u00f3w<\/li>\n<li>Ograniczenia wersji pr\u00f3bnej mog\u0105 utrudnia\u0107 pe\u0142n\u0105 ocen\u0119<\/li>\n<\/ul>\n<\/section>\n<section>\n<h2>Film na Youtube do obejrzenia<\/h2>\n<div class=\"nonp iframe\"><iframe width=\"420\" height=\"315\" src=\"\/\/www.youtube.com\/embed\/iLmIRZypAIs\" frameborder=\"0\" allowfullscreen><\/iframe><\/div>\n<\/section>\n<section>\n<h2>Podsumowanie:<\/h2>\n<div class=\"nonp\">Utrzymanie dobrego stanu iPhone&#8217;a to nie tylko czyszczenie miejsca; to przyj\u0119cie kompleksowego podej\u015bcia do zarz\u0105dzania urz\u0105dzeniem. Regularne aktualizacje, \u015bwiadome instalowanie aplikacji i ostro\u017cne korzystanie z danych mog\u0105 zapobiega\u0107 ba\u0142aganowi na samym pocz\u0105tku. Aby dowiedzie\u0107 si\u0119 wi\u0119cej o utrzymaniu iPhone&#8217;a, odwied\u017a <a href='https:\/\/support.apple.com\/en-us\/HT201232' rel=\"nofollow noopener\" target='_blank'>oficjaln\u0105 stron\u0119 wsparcia Apple<\/a> lub sprawd\u017a fora techniczne takie jak <a href='https:\/\/discussions.apple.com\/welcome' rel=\"nofollow noopener\" target='_blank'>Dyskusje Apple<\/a>, gdzie mo\u017cesz wymienia\u0107 si\u0119 wskaz\u00f3wkami z innymi u\u017cytkownikami.<\/div>\n<\/section>\n","protected":false},"excerpt":{"rendered":"<p>Najlepsze darmowe aplikacje do czyszczenia iPhone&#8217;a Jako oddany u\u017cytkownik iPhone&#8217;a zapewnienie, aby moje urz\u0105dzenie mia\u0142o wystarczaj\u0105co wolnego miejsca i dzia\u0142a\u0142o efektywnie, jest dla mnie bardzo wa\u017cne. Aby to osi\u0105gn\u0105\u0107, osobi\u015bcie zbada\u0142em r\u00f3\u017cne darmowe aplikacje do czyszczenia iPhone&#8217;a, kt\u00f3re twierdz\u0105, \u017ce potrafi\u0105 uporz\u0105dkowa\u0107 moje urz\u0105dzenie i poprawi\u0107 jego wydajno\u015b\u0107. W tej d\u0105\u017cno\u015bci przetestowa\u0142em szereg narz\u0119dzi, w [&hellip;]<\/p>\n","protected":false},"author":0,"featured_media":0,"parent":0,"menu_order":0,"comment_status":"closed","ping_status":"closed","template":"chromecast.php","meta":{"_stopmodifiedupdate":false,"_modified_date":"","_lmt_disableupdate":"","_lmt_disable":""},"acf":[],"yoast_head":"<!-- This site is optimized with the Yoast SEO plugin v20.9 - https:\/\/yoast.com\/wordpress\/plugins\/seo\/ -->\n<title>Bezp\u0142atne aplikacje do czyszczenia iPhone&#039;a w 2024 roku. Zalety i wady<\/title>\n<meta name=\"robots\" content=\"index, follow, max-snippet:-1, max-image-preview:large, max-video-preview:-1\" \/>\n<link rel=\"canonical\" href=\"https:\/\/datarecovery.ping.fm\/pl\/best-iphone-cleaners\/\" \/>\n<meta property=\"og:locale\" content=\"pl_PL\" \/>\n<meta property=\"og:type\" content=\"article\" \/>\n<meta property=\"og:title\" content=\"Bezp\u0142atne aplikacje do czyszczenia iPhone&#039;a w 2024 roku. Zalety i wady\" \/>\n<meta property=\"og:description\" content=\"Najlepsze darmowe aplikacje do czyszczenia iPhone&#8217;a Jako oddany u\u017cytkownik iPhone&#8217;a zapewnienie, aby moje urz\u0105dzenie mia\u0142o wystarczaj\u0105co wolnego miejsca i dzia\u0142a\u0142o efektywnie, jest dla mnie bardzo wa\u017cne. Aby to osi\u0105gn\u0105\u0107, osobi\u015bcie zbada\u0142em r\u00f3\u017cne darmowe aplikacje do czyszczenia iPhone&#8217;a, kt\u00f3re twierdz\u0105, \u017ce potrafi\u0105 uporz\u0105dkowa\u0107 moje urz\u0105dzenie i poprawi\u0107 jego wydajno\u015b\u0107. W tej d\u0105\u017cno\u015bci przetestowa\u0142em szereg narz\u0119dzi, w [&hellip;]\" \/>\n<meta property=\"og:url\" content=\"https:\/\/datarecovery.ping.fm\/pl\/best-iphone-cleaners\/\" \/>\n<meta property=\"og:site_name\" content=\"Data Recovery Software\" \/>\n<meta property=\"article:modified_time\" content=\"2024-03-29T15:05:54+00:00\" \/>\n<meta property=\"og:image\" content=\"https:\/\/www.ping.fm\/data-recovery-software\/wp-content\/uploads\/ai\/FREE-iPhone-Cleaner-Apps-Polish.jpg\" \/>\n<meta name=\"twitter:card\" content=\"summary_large_image\" \/>\n<meta name=\"twitter:label1\" content=\"Est. reading time\" \/>\n\t<meta name=\"twitter:data1\" content=\"2 minuty\" \/>\n<script type=\"application\/ld+json\" class=\"yoast-schema-graph\">{\"@context\":\"https:\/\/schema.org\",\"@graph\":[{\"@type\":\"WebPage\",\"@id\":\"https:\/\/datarecovery.ping.fm\/pl\/best-iphone-cleaners\/\",\"url\":\"https:\/\/datarecovery.ping.fm\/pl\/best-iphone-cleaners\/\",\"name\":\"Bezp\u0142atne aplikacje do czyszczenia iPhone'a w 2024 roku. Zalety i wady\",\"isPartOf\":{\"@id\":\"https:\/\/datarecovery.ping.fm\/pl\/#website\"},\"datePublished\":\"2024-01-22T21:44:04+00:00\",\"dateModified\":\"2024-03-29T15:05:54+00:00\",\"breadcrumb\":{\"@id\":\"https:\/\/datarecovery.ping.fm\/pl\/best-iphone-cleaners\/#breadcrumb\"},\"inLanguage\":\"pl-PL\",\"potentialAction\":[{\"@type\":\"ReadAction\",\"target\":[\"https:\/\/datarecovery.ping.fm\/pl\/best-iphone-cleaners\/\"]}]},{\"@type\":\"BreadcrumbList\",\"@id\":\"https:\/\/datarecovery.ping.fm\/pl\/best-iphone-cleaners\/#breadcrumb\",\"itemListElement\":[{\"@type\":\"ListItem\",\"position\":1,\"name\":\"Home\",\"item\":\"https:\/\/datarecovery.ping.fm\/pl\/\"},{\"@type\":\"ListItem\",\"position\":2,\"name\":\"Najlepsze aplikacje do czyszczenia iPhone&#8217;a\"}]},{\"@type\":\"WebSite\",\"@id\":\"https:\/\/datarecovery.ping.fm\/pl\/#website\",\"url\":\"https:\/\/datarecovery.ping.fm\/pl\/\",\"name\":\"Data Recovery Software\",\"description\":\"\",\"potentialAction\":[{\"@type\":\"SearchAction\",\"target\":{\"@type\":\"EntryPoint\",\"urlTemplate\":\"https:\/\/datarecovery.ping.fm\/pl\/?s={search_term_string}\"},\"query-input\":\"required name=search_term_string\"}],\"inLanguage\":\"pl-PL\"}]}<\/script>\n<!-- \/ Yoast SEO plugin. -->","yoast_head_json":{"title":"Bezp\u0142atne aplikacje do czyszczenia iPhone'a w 2024 roku. Zalety i wady","robots":{"index":"index","follow":"follow","max-snippet":"max-snippet:-1","max-image-preview":"max-image-preview:large","max-video-preview":"max-video-preview:-1"},"canonical":"https:\/\/datarecovery.ping.fm\/pl\/best-iphone-cleaners\/","og_locale":"pl_PL","og_type":"article","og_title":"Bezp\u0142atne aplikacje do czyszczenia iPhone'a w 2024 roku. Zalety i wady","og_description":"Najlepsze darmowe aplikacje do czyszczenia iPhone&#8217;a Jako oddany u\u017cytkownik iPhone&#8217;a zapewnienie, aby moje urz\u0105dzenie mia\u0142o wystarczaj\u0105co wolnego miejsca i dzia\u0142a\u0142o efektywnie, jest dla mnie bardzo wa\u017cne. Aby to osi\u0105gn\u0105\u0107, osobi\u015bcie zbada\u0142em r\u00f3\u017cne darmowe aplikacje do czyszczenia iPhone&#8217;a, kt\u00f3re twierdz\u0105, \u017ce potrafi\u0105 uporz\u0105dkowa\u0107 moje urz\u0105dzenie i poprawi\u0107 jego wydajno\u015b\u0107. W tej d\u0105\u017cno\u015bci przetestowa\u0142em szereg narz\u0119dzi, w [&hellip;]","og_url":"https:\/\/datarecovery.ping.fm\/pl\/best-iphone-cleaners\/","og_site_name":"Data Recovery Software","article_modified_time":"2024-03-29T15:05:54+00:00","og_image":[{"url":"https:\/\/www.ping.fm\/data-recovery-software\/wp-content\/uploads\/ai\/FREE-iPhone-Cleaner-Apps-Polish.jpg"}],"twitter_card":"summary_large_image","twitter_misc":{"Est. reading time":"2 minuty"},"schema":{"@context":"https:\/\/schema.org","@graph":[{"@type":"WebPage","@id":"https:\/\/datarecovery.ping.fm\/pl\/best-iphone-cleaners\/","url":"https:\/\/datarecovery.ping.fm\/pl\/best-iphone-cleaners\/","name":"Bezp\u0142atne aplikacje do czyszczenia iPhone'a w 2024 roku. Zalety i wady","isPartOf":{"@id":"https:\/\/datarecovery.ping.fm\/pl\/#website"},"datePublished":"2024-01-22T21:44:04+00:00","dateModified":"2024-03-29T15:05:54+00:00","breadcrumb":{"@id":"https:\/\/datarecovery.ping.fm\/pl\/best-iphone-cleaners\/#breadcrumb"},"inLanguage":"pl-PL","potentialAction":[{"@type":"ReadAction","target":["https:\/\/datarecovery.ping.fm\/pl\/best-iphone-cleaners\/"]}]},{"@type":"BreadcrumbList","@id":"https:\/\/datarecovery.ping.fm\/pl\/best-iphone-cleaners\/#breadcrumb","itemListElement":[{"@type":"ListItem","position":1,"name":"Home","item":"https:\/\/datarecovery.ping.fm\/pl\/"},{"@type":"ListItem","position":2,"name":"Najlepsze aplikacje do czyszczenia iPhone&#8217;a"}]},{"@type":"WebSite","@id":"https:\/\/datarecovery.ping.fm\/pl\/#website","url":"https:\/\/datarecovery.ping.fm\/pl\/","name":"Data Recovery Software","description":"","potentialAction":[{"@type":"SearchAction","target":{"@type":"EntryPoint","urlTemplate":"https:\/\/datarecovery.ping.fm\/pl\/?s={search_term_string}"},"query-input":"required name=search_term_string"}],"inLanguage":"pl-PL"}]}},"_links":{"self":[{"href":"https:\/\/datarecovery.ping.fm\/pl\/wp-json\/wp\/v2\/pages\/38890"}],"collection":[{"href":"https:\/\/datarecovery.ping.fm\/pl\/wp-json\/wp\/v2\/pages"}],"about":[{"href":"https:\/\/datarecovery.ping.fm\/pl\/wp-json\/wp\/v2\/types\/page"}],"replies":[{"embeddable":true,"href":"https:\/\/datarecovery.ping.fm\/pl\/wp-json\/wp\/v2\/comments?post=38890"}],"version-history":[{"count":0,"href":"https:\/\/datarecovery.ping.fm\/pl\/wp-json\/wp\/v2\/pages\/38890\/revisions"}],"wp:attachment":[{"href":"https:\/\/datarecovery.ping.fm\/pl\/wp-json\/wp\/v2\/media?parent=38890"}],"curies":[{"name":"wp","href":"https:\/\/api.w.org\/{rel}","templated":true}]}}