{"id":37257,"date":"2023-07-31T13:58:28","date_gmt":"2023-07-31T13:58:28","guid":{"rendered":"https:\/\/www.ping.fm\/data-recovery-software\/?page_id=37257"},"modified":"2024-03-27T17:03:03","modified_gmt":"2024-03-27T17:03:03","slug":"polish-homepage","status":"publish","type":"page","link":"https:\/\/datarecovery.ping.fm\/pl\/","title":{"rendered":"Polish Homepage"},"content":{"rendered":"<section class=\"banner\">\n<div class=\"banner--img\">\n<div class=\"banner--inner\">\n<h1>Witamy w Odzyskiwaniu Danych na <a href=\"https:\/\/www.ping.fm\/\" rel=\"dofollow\">Ping.fm<\/a><\/h1>\n<p>Tutaj testujemy najlepsze oprogramowania do odzyskiwania danych i dostarczamy optymalne scenariusze dla odzyskiwania usuni\u0119tych plik\u00f3w oraz ratowania zagubionych danych. Przegl\u0105damy r\u00f3\u017cne metody i us\u0142ugi odzyskiwania danych, a tak\u017ce oferujemy najlepsze filmy na YouTube do samodzielnej nauki.<\/p>\n<p>Ponadto zajmujemy si\u0119 bardziej skomplikowanymi przypadkami odzyskiwania danych, takimi jak odzyskiwanie danych z Androida oraz odzyskiwanie usuni\u0119tych zdj\u0119\u0107 na iPhone&#8217;ach.<\/p>\n<\/div>\n<\/div>\n<\/section>\n","protected":false},"excerpt":{"rendered":"<p>Witamy w Odzyskiwaniu Danych na Ping.fm Tutaj testujemy najlepsze oprogramowania do odzyskiwania danych i dostarczamy optymalne scenariusze dla odzyskiwania usuni\u0119tych plik\u00f3w oraz ratowania zagubionych danych. Przegl\u0105damy r\u00f3\u017cne metody i us\u0142ugi odzyskiwania danych, a tak\u017ce oferujemy najlepsze filmy na YouTube do samodzielnej nauki. Ponadto zajmujemy si\u0119 bardziej skomplikowanymi przypadkami odzyskiwania danych, takimi jak odzyskiwanie danych z [&hellip;]<\/p>\n","protected":false},"author":2,"featured_media":37258,"parent":0,"menu_order":0,"comment_status":"closed","ping_status":"closed","template":"homepage.php","meta":{"_stopmodifiedupdate":false,"_modified_date":"","_lmt_disableupdate":"yes","_lmt_disable":""},"acf":[],"yoast_head":"<!-- This site is optimized with the Yoast SEO plugin v20.9 - https:\/\/yoast.com\/wordpress\/plugins\/seo\/ -->\n<title>Najlepsze Oprogramowanie do Odzyskiwania Danych, Porady, Samouczki. kwiecie\u0144 2026<\/title>\n<meta name=\"description\" content=\"Odkryj ostateczne miejsce docelowe dla wszystkich Twoich potrzeb zwi\u0105zanych z odzyskiwaniem danych na Data Recovery Hub! Nasza strona internetowa dok\u0142adnie recenzuje najnowsze aplikacje zaprojektowane do odzyskiwania utraconych i usuni\u0119tych danych. \ud83d\udcf1\ud83d\udcbb Czy to usuni\u0119te pliki z r\u00f3\u017cnych urz\u0105dze\u0144, czy z\u0142o\u017cone scenariusze odzyskiwania danych, jeste\u015bmy gotowi Ci pom\u00f3c.\" \/>\n<meta name=\"robots\" content=\"index, follow, max-snippet:-1, max-image-preview:large, max-video-preview:-1\" \/>\n<link rel=\"canonical\" href=\"https:\/\/datarecovery.ping.fm\/pl\/\" \/>\n<meta property=\"og:locale\" content=\"pl_PL\" \/>\n<meta property=\"og:type\" content=\"article\" \/>\n<meta property=\"og:title\" content=\"Najlepsze Oprogramowanie do Odzyskiwania Danych, Porady, Samouczki. kwiecie\u0144 2026\" \/>\n<meta property=\"og:description\" content=\"Odkryj ostateczne miejsce docelowe dla wszystkich Twoich potrzeb zwi\u0105zanych z odzyskiwaniem danych na Data Recovery Hub! Nasza strona internetowa dok\u0142adnie recenzuje najnowsze aplikacje zaprojektowane do odzyskiwania utraconych i usuni\u0119tych danych. \ud83d\udcf1\ud83d\udcbb Czy to usuni\u0119te pliki z r\u00f3\u017cnych urz\u0105dze\u0144, czy z\u0142o\u017cone scenariusze odzyskiwania danych, jeste\u015bmy gotowi Ci pom\u00f3c.\" \/>\n<meta property=\"og:url\" content=\"https:\/\/datarecovery.ping.fm\/pl\/\" \/>\n<meta property=\"og:site_name\" content=\"Data Recovery Software\" \/>\n<meta property=\"article:modified_time\" content=\"2024-03-27T17:03:03+00:00\" \/>\n<meta property=\"og:image\" content=\"https:\/\/datarecovery.ping.fm\/wp-content\/uploads\/2023\/11\/data-recovery-image.png\" \/>\n\t<meta property=\"og:image:width\" content=\"1024\" \/>\n\t<meta property=\"og:image:height\" content=\"1024\" \/>\n\t<meta property=\"og:image:type\" content=\"image\/png\" \/>\n<meta name=\"twitter:card\" content=\"summary_large_image\" \/>\n<meta name=\"twitter:label1\" content=\"Est. reading time\" \/>\n\t<meta name=\"twitter:data1\" content=\"1 minuta\" \/>\n<script type=\"application\/ld+json\" class=\"yoast-schema-graph\">{\"@context\":\"https:\/\/schema.org\",\"@graph\":[{\"@type\":\"WebPage\",\"@id\":\"https:\/\/datarecovery.ping.fm\/pl\/\",\"url\":\"https:\/\/datarecovery.ping.fm\/pl\/\",\"name\":\"Najlepsze Oprogramowanie do Odzyskiwania Danych, Porady, Samouczki. kwiecie\u0144 2026\",\"isPartOf\":{\"@id\":\"https:\/\/datarecovery.ping.fm\/pl\/#website\"},\"datePublished\":\"2023-07-31T13:58:28+00:00\",\"dateModified\":\"2024-03-27T17:03:03+00:00\",\"description\":\"Odkryj ostateczne miejsce docelowe dla wszystkich Twoich potrzeb zwi\u0105zanych z odzyskiwaniem danych na Data Recovery Hub! Nasza strona internetowa dok\u0142adnie recenzuje najnowsze aplikacje zaprojektowane do odzyskiwania utraconych i usuni\u0119tych danych. \ud83d\udcf1\ud83d\udcbb Czy to usuni\u0119te pliki z r\u00f3\u017cnych urz\u0105dze\u0144, czy z\u0142o\u017cone scenariusze odzyskiwania danych, jeste\u015bmy gotowi Ci pom\u00f3c.\",\"breadcrumb\":{\"@id\":\"https:\/\/datarecovery.ping.fm\/pl\/#breadcrumb\"},\"inLanguage\":\"pl-PL\",\"potentialAction\":[{\"@type\":\"ReadAction\",\"target\":[\"https:\/\/datarecovery.ping.fm\/pl\/\"]}]},{\"@type\":\"BreadcrumbList\",\"@id\":\"https:\/\/datarecovery.ping.fm\/pl\/#breadcrumb\",\"itemListElement\":[{\"@type\":\"ListItem\",\"position\":1,\"name\":\"Home\",\"item\":\"https:\/\/datarecovery.ping.fm\/pl\/\"},{\"@type\":\"ListItem\",\"position\":2,\"name\":\"Polish Homepage\"}]},{\"@type\":\"WebSite\",\"@id\":\"https:\/\/datarecovery.ping.fm\/pl\/#website\",\"url\":\"https:\/\/datarecovery.ping.fm\/pl\/\",\"name\":\"Data Recovery Software\",\"description\":\"\",\"potentialAction\":[{\"@type\":\"SearchAction\",\"target\":{\"@type\":\"EntryPoint\",\"urlTemplate\":\"https:\/\/datarecovery.ping.fm\/pl\/?s={search_term_string}\"},\"query-input\":\"required name=search_term_string\"}],\"inLanguage\":\"pl-PL\"}]}<\/script>\n<!-- \/ Yoast SEO plugin. -->","yoast_head_json":{"title":"Najlepsze Oprogramowanie do Odzyskiwania Danych, Porady, Samouczki. kwiecie\u0144 2026","description":"Odkryj ostateczne miejsce docelowe dla wszystkich Twoich potrzeb zwi\u0105zanych z odzyskiwaniem danych na Data Recovery Hub! Nasza strona internetowa dok\u0142adnie recenzuje najnowsze aplikacje zaprojektowane do odzyskiwania utraconych i usuni\u0119tych danych. \ud83d\udcf1\ud83d\udcbb Czy to usuni\u0119te pliki z r\u00f3\u017cnych urz\u0105dze\u0144, czy z\u0142o\u017cone scenariusze odzyskiwania danych, jeste\u015bmy gotowi Ci pom\u00f3c.","robots":{"index":"index","follow":"follow","max-snippet":"max-snippet:-1","max-image-preview":"max-image-preview:large","max-video-preview":"max-video-preview:-1"},"canonical":"https:\/\/datarecovery.ping.fm\/pl\/","og_locale":"pl_PL","og_type":"article","og_title":"Najlepsze Oprogramowanie do Odzyskiwania Danych, Porady, Samouczki. kwiecie\u0144 2026","og_description":"Odkryj ostateczne miejsce docelowe dla wszystkich Twoich potrzeb zwi\u0105zanych z odzyskiwaniem danych na Data Recovery Hub! Nasza strona internetowa dok\u0142adnie recenzuje najnowsze aplikacje zaprojektowane do odzyskiwania utraconych i usuni\u0119tych danych. \ud83d\udcf1\ud83d\udcbb Czy to usuni\u0119te pliki z r\u00f3\u017cnych urz\u0105dze\u0144, czy z\u0142o\u017cone scenariusze odzyskiwania danych, jeste\u015bmy gotowi Ci pom\u00f3c.","og_url":"https:\/\/datarecovery.ping.fm\/pl\/","og_site_name":"Data Recovery Software","article_modified_time":"2024-03-27T17:03:03+00:00","og_image":[{"width":1024,"height":1024,"url":"https:\/\/datarecovery.ping.fm\/wp-content\/uploads\/2023\/11\/data-recovery-image.png","type":"image\/png"}],"twitter_card":"summary_large_image","twitter_misc":{"Est. reading time":"1 minuta"},"schema":{"@context":"https:\/\/schema.org","@graph":[{"@type":"WebPage","@id":"https:\/\/datarecovery.ping.fm\/pl\/","url":"https:\/\/datarecovery.ping.fm\/pl\/","name":"Najlepsze Oprogramowanie do Odzyskiwania Danych, Porady, Samouczki. kwiecie\u0144 2026","isPartOf":{"@id":"https:\/\/datarecovery.ping.fm\/pl\/#website"},"datePublished":"2023-07-31T13:58:28+00:00","dateModified":"2024-03-27T17:03:03+00:00","description":"Odkryj ostateczne miejsce docelowe dla wszystkich Twoich potrzeb zwi\u0105zanych z odzyskiwaniem danych na Data Recovery Hub! Nasza strona internetowa dok\u0142adnie recenzuje najnowsze aplikacje zaprojektowane do odzyskiwania utraconych i usuni\u0119tych danych. \ud83d\udcf1\ud83d\udcbb Czy to usuni\u0119te pliki z r\u00f3\u017cnych urz\u0105dze\u0144, czy z\u0142o\u017cone scenariusze odzyskiwania danych, jeste\u015bmy gotowi Ci pom\u00f3c.","breadcrumb":{"@id":"https:\/\/datarecovery.ping.fm\/pl\/#breadcrumb"},"inLanguage":"pl-PL","potentialAction":[{"@type":"ReadAction","target":["https:\/\/datarecovery.ping.fm\/pl\/"]}]},{"@type":"BreadcrumbList","@id":"https:\/\/datarecovery.ping.fm\/pl\/#breadcrumb","itemListElement":[{"@type":"ListItem","position":1,"name":"Home","item":"https:\/\/datarecovery.ping.fm\/pl\/"},{"@type":"ListItem","position":2,"name":"Polish Homepage"}]},{"@type":"WebSite","@id":"https:\/\/datarecovery.ping.fm\/pl\/#website","url":"https:\/\/datarecovery.ping.fm\/pl\/","name":"Data Recovery Software","description":"","potentialAction":[{"@type":"SearchAction","target":{"@type":"EntryPoint","urlTemplate":"https:\/\/datarecovery.ping.fm\/pl\/?s={search_term_string}"},"query-input":"required name=search_term_string"}],"inLanguage":"pl-PL"}]}},"_links":{"self":[{"href":"https:\/\/datarecovery.ping.fm\/pl\/wp-json\/wp\/v2\/pages\/37257"}],"collection":[{"href":"https:\/\/datarecovery.ping.fm\/pl\/wp-json\/wp\/v2\/pages"}],"about":[{"href":"https:\/\/datarecovery.ping.fm\/pl\/wp-json\/wp\/v2\/types\/page"}],"author":[{"embeddable":true,"href":"https:\/\/datarecovery.ping.fm\/pl\/wp-json\/wp\/v2\/users\/2"}],"replies":[{"embeddable":true,"href":"https:\/\/datarecovery.ping.fm\/pl\/wp-json\/wp\/v2\/comments?post=37257"}],"version-history":[{"count":1,"href":"https:\/\/datarecovery.ping.fm\/pl\/wp-json\/wp\/v2\/pages\/37257\/revisions"}],"predecessor-version":[{"id":37259,"href":"https:\/\/datarecovery.ping.fm\/pl\/wp-json\/wp\/v2\/pages\/37257\/revisions\/37259"}],"wp:featuredmedia":[{"embeddable":true,"href":"https:\/\/datarecovery.ping.fm\/pl\/wp-json\/wp\/v2\/media\/37258"}],"wp:attachment":[{"href":"https:\/\/datarecovery.ping.fm\/pl\/wp-json\/wp\/v2\/media?parent=37257"}],"curies":[{"name":"wp","href":"https:\/\/api.w.org\/{rel}","templated":true}]}}