{"id":45335,"date":"2023-12-25T15:46:11","date_gmt":"2023-12-25T15:46:11","guid":{"rendered":"https:\/\/www.ping.fm\/data-recovery-software\/wiped-hard-drive-recovery\/"},"modified":"2024-04-23T10:17:29","modified_gmt":"2024-04-23T10:17:29","slug":"wiped-hard-drive-recovery","status":"publish","type":"page","link":"https:\/\/datarecovery.ping.fm\/no\/wiped-hard-drive-recovery\/","title":{"rendered":"Metode for \u00e5 gjenopprette slettede filer fra en formatert harddisk"},"content":{"rendered":"<section>\n<h1>Hvordan gjenopprette slettede filer fra t\u00f8mt harddisk<\/h1>\n<div class=\"inbrief\">\n<div>                     <img src=\"https:\/\/www.ping.fm\/data-recovery-software\/wp-content\/uploads\/ai\/How-to-Recover-Deleted-Files-from-Wiped-Hard-Drive-Norwegian.jpg\" alt=\"How to Recover Deleted Files from Wiped Hard Drive\" title=\"How to Recover Deleted Files from Wiped Hard Drive\" width=\"1280\" height=\"720\">                     <\/p>\n<p>\u00c5 miste viktige filer kan v\u00e6re en enorm stressfaktor, men det er ikke alltid slutten p\u00e5 historien. Selv om du har t\u00f8mt harddisken din, er det fremdeles h\u00e5p om \u00e5 gjenopprette disse verdifulle filene. Jeg har personlig st\u00e5tt overfor dette skremmende problemet og funnet m\u00e5ter \u00e5 bringe tilbake data jeg trodde var tapt for alltid. I denne detaljerte veiledningen vil jeg dele min erfaring om hvordan man kan gjenopprette slettede filer fra en t\u00f8mt harddisk, og fremheve Disk Drill som en av de mest effektive l\u00f8sningene.<\/p>\n<\/div>\n<\/div>\n<\/section>\n<section>\n<div>\n<div>1<\/div>\n<h2>Vanlige scenarioer:<\/h2>\n<\/div>\n<h3>Det utilsiktede formatet &#x1F4A5;<\/h3>\n<ul>\n<li><b>Hele disken formatert<\/b> under OS-installasjon i stedet for \u00e5 velge en bestemt partisjon.<\/li>\n<li>Utilsiktet <b>hurtigformat<\/b> n\u00e5r du fors\u00f8ker \u00e5 rette opp diskfeil.<\/li>\n<\/ul>\n<h3>Den overivrige oppryddingen &#x1F9EA;<\/h3>\n<ul>\n<li>Bruker <b>diskopprydningsprogramvare<\/b> for \u00e5 frigj\u00f8re plass uten \u00e5 innse at viktige filer ikke var sikkerhetskopiert.<\/li>\n<li>Sletter partisjoner under en <b>systemopprydding<\/b> eller mens man forbereder seg p\u00e5 \u00e5 selge PC-en.<\/li>\n<\/ul>\n<h3>Malware-kaos &#x2620;<\/h3>\n<ul>\n<li>Virus- eller malware-infeksjon som f\u00f8rer til et <b>kompromittert system<\/b> som krever en full t\u00f8mming.<\/li>\n<li>Hackere som t\u00f8mmer disker for \u00e5 <b>dekke over sine spor<\/b> etter datatyveri.<\/li>\n<\/ul>\n<\/section>\n<section class=\"stepByStep\">\n<div>\n<div>2<\/div>\n<h2>Trinn-for-trinn veiledning. Gjenopprett t\u00f8mt harddisk:<\/h2>\n<\/div>\n<h3>Metode 1: Bruke Disk Drill &#x1F527;<\/h3>\n<ul>\n<li>Last ned og installer <b>Disk Drill<\/b> fra den offisielle nettsiden: <a href='https:\/\/www.cleverfiles.com\/' rel=\"nofollow noopener\" target='_blank'>https:\/\/www.cleverfiles.com\/<\/a>.<\/li>\n<li>Kj\u00f8r Disk Drill og velg den t\u00f8mte harddisken for <b>gjenoppretting<\/b>.<\/li>\n<li>Velg den passende skanningstypen. For t\u00f8mte disker er ofte <b>Deep Scan<\/b> mest effektiv.<\/li>\n<li>Se over de <b>funnede filene<\/b> og velg de du \u00f8nsker \u00e5 gjenopprette.<\/li>\n<li>Velg et nytt <b>lagringssted<\/b> som er forskjellig fra kildestasjonen og gjenopprett filene.<\/li>\n<\/ul>\n<p><b>Merk:<\/b> Disk Drill kan gjenopprette filer selv etter en format, men suksessraten avhenger av om nye data har overskrevet de gamle dataene.<\/p>\n<p><b>Konklusjon:<\/b> Disk Drill tilbyr en intuitiv og kraftig plattform for \u00e5 gjenopprette data fra en t\u00f8mt harddisk.<\/p>\n<h3>Metode 2: Recuva &#x1F50D;<\/h3>\n<ul>\n<li>Last ned og installer <b>Recuva<\/b> fra det offisielle nettstedet: <a href='https:\/\/www.ccleaner.com\/recuva' rel=\"nofollow noopener\" target='_blank'>https:\/\/www.ccleaner.com\/recuva<\/a>.<\/li>\n<li>\u00c5pne Recuva og kj\u00f8r <b>Guiden<\/b> for \u00e5 starte gjenopprettingsprosessen.<\/li>\n<li>Velg typen filer du \u00f8nsker \u00e5 gjenopprette og den opprinnelige plasseringen.<\/li>\n<li>Aktiver <b>Deep Scan<\/b> modus for et grundigere s\u00f8k.<\/li>\n<li>Etter skanningen, velg filene for gjenoppretting og velg et nytt sted for \u00e5 <b>lagre dem<\/b>.<\/li>\n<\/ul>\n<p><b>Merk:<\/b> Recuva er et nyttig verkt\u00f8y, spesielt for de som ser etter en gratis l\u00f8sning, men det er kanskje ikke like grundig som premium programvare som Disk Drill.<\/p>\n<p><b>Konklusjon:<\/b> Recuva er et kostnadseffektivt alternativ som kan h\u00e5ndtere enkle gjenopprettingsoppgaver effektivt.<\/p>\n<h3>Metode 3: PhotoRec &#x1F4F7;<\/h3>\n<ul>\n<li>Last ned PhotoRec fra det offisielle nettstedet: <a href='https:\/\/www.cgsecurity.org\/wiki\/PhotoRec' rel=\"nofollow noopener\" target='_blank'>https:\/\/www.cgsecurity.org\/wiki\/PhotoRec<\/a>.<\/li>\n<li>Pakk ut og kj\u00f8r PhotoRec; du blir m\u00f8tt med et <b>kommandolinjegrensesnitt<\/b>.<\/li>\n<li>Velg den t\u00f8mte disken og velg <b>partition table type<\/b>, deretter fortsett med skanning.<\/li>\n<li>Naviger i filsystemet og velg hvor du vil lagre gjenopprettede data.<\/li>\n<li>La PhotoRec gj\u00f8re magien sin, og gjenopprett s\u00e5 mange filer som mulig.<\/li>\n<\/ul>\n<p><b>Merk:<\/b> PhotoRec er kraftig, men kommer med en brattere l\u00e6ringskurve p\u00e5 grunn av sitt kommandolinjenatur.<\/p>\n<p><b>Konklusjon:<\/b> PhotoRec er en robust, \u00e5pen kildekode-l\u00f8sning for de som er komfortable med kommandolinjeoperasjoner.<\/p>\n<h3>Metode 4: Bruke Windows File Recovery &#x1F5A5;<\/h3>\n<ul>\n<li>S\u00f8rg for at du kj\u00f8rer <b>Windows 10<\/b>, versjon 2004 eller senere. Last ned <b>Windows File Recovery<\/b> fra Microsoft Store.<\/li>\n<li>\u00c5pne Kommandoprompt som administrator og skriv inn <i>&#8216;winfr&#8217;<\/i>.<\/li>\n<li>Velg kilde- og destinasjonsdisker og spesifiser <b>modus<\/b>: vanlig eller omfattende.<\/li>\n<li>F\u00f8lg instruksjonene p\u00e5 skjermen for \u00e5 fullf\u00f8re gjenopprettingsprosessen.<\/li>\n<li>Sjekk destinasjonsmappen for dine hentede filer.<\/li>\n<\/ul>\n<p><b>Merk:<\/b> Denne metoden er bare tilgjengelig p\u00e5 nyere versjoner av Windows, og suksessen varierer med hvor mye nye data har blitt skrevet til disken.<\/p>\n<p><b>Konklusjon:<\/b> Windows File Recovery er et nyttig, kostnadsfritt alternativ for brukere med riktig versjon av Windows.<\/p>\n<h3>Metode 5: Leie en profesjonell datagjenopprettingstjeneste &#x1F50E;<\/h3>\n<ul>\n<li>S\u00f8k etter <b>anerkjente datagjenopprettingstjenester<\/b> som DriveSavers eller Secure Data Recovery.<\/li>\n<li>Kontakt tjenesten og gi detaljer om harddisken din og datasituasjonen.<\/li>\n<li>F\u00f8lg deres instruksjoner for \u00e5 sende inn harddisken din.<\/li>\n<li>Vent p\u00e5 diagnostikkrapporten og bestem om du vil fortsette med gjenopprettingen basert p\u00e5 deres suksessanslag og kostnad.<\/li>\n<li>N\u00e5r gjenopprettet, vil tjenesten returnere dataene dine p\u00e5 en ny lagringsenhet.<\/li>\n<\/ul>\n<p><b>Merk:<\/b> Profesjonelle tjenester kan v\u00e6re dyre, men tilbyr den h\u00f8yeste sjansen for gjenoppretting for alvorlig skadede disker.<\/p>\n<p><b>Konklusjon:<\/b> For uvurderlige eller sv\u00e6rt sensitive data, kan det v\u00e6re verdt den ekstra kostnaden \u00e5 bruke en profesjonell datagjenopprettingstjeneste.<\/p>\n<\/section>\n<section>\n<div>\n<div>3<\/div>\n<h2>Youtube-video \u00e5 se p\u00e5<\/h2>\n<\/div>\n<div class=\"iframe\"><iframe width=\"420\" height=\"315\" src=\"\/\/www.youtube.com\/embed\/4ZlvHsjvQT4\" frameborder=\"0\" allowfullscreen><\/iframe><\/div>\n<\/section>\n<section>\n<div>\n<div>4<\/div>\n<h2>Forholdsregler og Tips:<\/h2>\n<\/div>\n<h3>Tap av data forebygging &#x1F6E1;<\/h3>\n<ul>\n<li><b>Regelmessige sikkerhetskopier<\/b> til en ekstern disk eller skylagring kan forhindre behovet for datagjenoppretting.<\/li>\n<li>Bruk <b>diskh\u00e5ndteringsverkt\u00f8y<\/b> med forsiktighet og alltid dobbeltsjekk f\u00f8r du formaterer eller renser en disk.<\/li>\n<li>Hold deg \u00e5rv\u00e5ken mot <b>skadelig programvare<\/b> ved \u00e5 oppdatere antivirusprogramvaren din og unng\u00e5 mistenkelige nedlastninger eller nettsider.<\/li>\n<\/ul>\n<h3>Gjenopprett Umiddelbart &#x23F3;<\/h3>\n<ul>\n<li>Jo f\u00f8r du fors\u00f8ker \u00e5 gjenopprette data etter sletting, desto st\u00f8rre er sjansene for suksess.<\/li>\n<li>Unng\u00e5 \u00e5 bruke den ber\u00f8rte harddisken for \u00e5 forhindre at nye data <b>overskriver<\/b> de tapte filene.<\/li>\n<li>Pr\u00f8v flere <b>datagjenopprettingsverkt\u00f8y<\/b> hvis ett ikke gir de \u00f8nskede resultater.<\/li>\n<\/ul>\n<\/section>\n<section>\n<div>\n<div>5<\/div>\n<h2>Dypere Innsikt<\/h2>\n<\/div>\n<p>Datagjenopprettingsteknologi er basert p\u00e5 det faktum at n\u00e5r filer slettes, blir de ikke umiddelbart fjernet fra lagringsmediet. I stedet blir plassen de okkuperer merket som &#8216;ledig&#8217; for nye data. Inntil nye data overskriver de gamle, er det et vindu av mulighet for gjenoppretting. Dette er hvorfor det er avgj\u00f8rende \u00e5 ikke bruke harddisken etter tapet har skjedd; hver handling p\u00e5 disken kan potensielt overskrive nettopp de dataene du pr\u00f8ver \u00e5 lagre.<\/p>\n<p>Filsystemtype spiller ogs\u00e5 en sentral rolle i datagjenoppretting. Filsystemer som FAT, exFAT eller NTFS h\u00e5ndterer data forskjellig, noe som kan p\u00e5virke resultatene av gjenopprettingen. \u00c5 forst\u00e5 dette kan veilede deg i \u00e5 velge det riktige verkt\u00f8yet og gjenopprettingsmetoden.<\/p>\n<p>N\u00e5r det kommer til disker som har blitt formatert, vil <b>Hurtigformatering<\/b> bare slette filtabellen, men en <b>Fullformatering<\/b> (tilgjengelig i Windows) kan overskrive alle data, noe som gj\u00f8r gjenoppretting mye vanskeligere. Det er avgj\u00f8rende \u00e5 kjenne forskjellen og handle deretter n\u00e5r man pr\u00f8ver \u00e5 gjenopprette filer.<\/p>\n<p>N\u00e5r du bruker verkt\u00f8y som Disk Drill eller Recuva, husk at de ofte tilbyr ulike skannemodus. En Hurtigskanning kan v\u00e6re tilstrekkelig for nylig slettede filer, men for en vasket disk, er det \u00e5 foretrekke \u00e5 bruke En Dypskanning eller lignende omfattende moduser.<\/p>\n<p>For brukere som er ukomfortable med \u00e5 bruke programvarebaserte gjenopprettingsverkt\u00f8y, kan det \u00e5 konsultere en profesjonell tjeneste v\u00e6re mer passende. Disse tjenestene bruker spesialisert utstyr og kontrollerte milj\u00f8er for \u00e5 maksimere sjansene for datagjenoppretting. Selskaper som <a href='https:\/\/www.drivesaversdatarecovery.com\/' rel=\"nofollow noopener\" target='_blank'>DriveSavers<\/a> og <a href='https:\/\/www.securedatarecovery.com\/' rel=\"nofollow noopener\" target='_blank'>Secure Data Recovery<\/a> er kjent for deres ekspertise og sikkerhetstiltak i h\u00e5ndtering av sensitiv data.<\/p>\n<\/section>\n<section>\n<h2>Konklusjon:<\/h2>\n<div class=\"nonp\">\u00c5 oppleve datatap fra en slettet harddisk er en stressende situasjon, men med de riktige verkt\u00f8yene og metodene er det mulig \u00e5 gjenopprette de tapte bytene. Fra kraftige programvarealternativer som <b>Disk Drill<\/b> og <b>Recuva<\/b> til mer avanserte l\u00f8sninger som \u00e5 ansette profesjonelle tjenester for datagjenoppretting, finnes det ofte en m\u00e5te \u00e5 f\u00e5 tilbake filene dine p\u00e5. Husk, jo raskere du handler og jo mindre du bruker disken etter sletting, desto bedre er sjansene dine for en vellykket gjenoppretting. Vedlikehold alltid regelmessige sikkerhetskopier, v\u00e6r forsiktig under styringen av disker, og hold deg oppdatert for \u00e5 redusere fremtidige datatap. Med disse praksisene og ressursene er du godt rustet til \u00e5 m\u00f8te enhver utfordring med datagjenoppretting.<\/div>\n<\/section>\n","protected":false},"excerpt":{"rendered":"<p>Hvordan gjenopprette slettede filer fra t\u00f8mt harddisk \u00c5 miste viktige filer kan v\u00e6re en enorm stressfaktor, men det er ikke alltid slutten p\u00e5 historien. Selv om du har t\u00f8mt harddisken din, er det fremdeles h\u00e5p om \u00e5 gjenopprette disse verdifulle filene. Jeg har personlig st\u00e5tt overfor dette skremmende problemet og funnet m\u00e5ter \u00e5 bringe tilbake [&hellip;]<\/p>\n","protected":false},"author":0,"featured_media":45336,"parent":0,"menu_order":0,"comment_status":"closed","ping_status":"closed","template":"chromecast.php","meta":{"_stopmodifiedupdate":false,"_modified_date":"","_lmt_disableupdate":"","_lmt_disable":""},"acf":[],"yoast_head":"<!-- This site is optimized with the Yoast SEO plugin v20.9 - https:\/\/yoast.com\/wordpress\/plugins\/seo\/ -->\n<title>Her er hvordan du kan gjenopprette slettede filer fra en allerede slettet harddisk: den beste gjenopprettingsmetoden<\/title>\n<meta name=\"robots\" content=\"index, follow, max-snippet:-1, max-image-preview:large, max-video-preview:-1\" \/>\n<link rel=\"canonical\" href=\"https:\/\/datarecovery.ping.fm\/no\/wiped-hard-drive-recovery\/\" \/>\n<meta property=\"og:locale\" content=\"nb_NO\" \/>\n<meta property=\"og:type\" content=\"article\" \/>\n<meta property=\"og:title\" content=\"Her er hvordan du kan gjenopprette slettede filer fra en allerede slettet harddisk: den beste gjenopprettingsmetoden\" \/>\n<meta property=\"og:description\" content=\"Hvordan gjenopprette slettede filer fra t\u00f8mt harddisk \u00c5 miste viktige filer kan v\u00e6re en enorm stressfaktor, men det er ikke alltid slutten p\u00e5 historien. Selv om du har t\u00f8mt harddisken din, er det fremdeles h\u00e5p om \u00e5 gjenopprette disse verdifulle filene. Jeg har personlig st\u00e5tt overfor dette skremmende problemet og funnet m\u00e5ter \u00e5 bringe tilbake [&hellip;]\" \/>\n<meta property=\"og:url\" content=\"https:\/\/datarecovery.ping.fm\/no\/wiped-hard-drive-recovery\/\" \/>\n<meta property=\"og:site_name\" content=\"Data Recovery Software\" \/>\n<meta property=\"article:modified_time\" content=\"2024-04-23T10:17:29+00:00\" \/>\n<meta property=\"og:image\" content=\"https:\/\/datarecovery.ping.fm\/wp-content\/uploads\/2024\/04\/How-to-Recover-Deleted-Files-from-Wiped-Hard-Drive-Norwegian.jpg\" \/>\n\t<meta property=\"og:image:width\" content=\"1280\" \/>\n\t<meta property=\"og:image:height\" content=\"731\" \/>\n\t<meta property=\"og:image:type\" content=\"image\/jpeg\" \/>\n<meta name=\"twitter:card\" content=\"summary_large_image\" \/>\n<meta name=\"twitter:label1\" content=\"Est. reading time\" \/>\n\t<meta name=\"twitter:data1\" content=\"6 minutter\" \/>\n<script type=\"application\/ld+json\" class=\"yoast-schema-graph\">{\"@context\":\"https:\/\/schema.org\",\"@graph\":[{\"@type\":\"WebPage\",\"@id\":\"https:\/\/datarecovery.ping.fm\/no\/wiped-hard-drive-recovery\/\",\"url\":\"https:\/\/datarecovery.ping.fm\/no\/wiped-hard-drive-recovery\/\",\"name\":\"Her er hvordan du kan gjenopprette slettede filer fra en allerede slettet harddisk: den beste gjenopprettingsmetoden\",\"isPartOf\":{\"@id\":\"https:\/\/datarecovery.ping.fm\/no\/#website\"},\"datePublished\":\"2023-12-25T15:46:11+00:00\",\"dateModified\":\"2024-04-23T10:17:29+00:00\",\"breadcrumb\":{\"@id\":\"https:\/\/datarecovery.ping.fm\/no\/wiped-hard-drive-recovery\/#breadcrumb\"},\"inLanguage\":\"nb-NO\",\"potentialAction\":[{\"@type\":\"ReadAction\",\"target\":[\"https:\/\/datarecovery.ping.fm\/no\/wiped-hard-drive-recovery\/\"]}]},{\"@type\":\"BreadcrumbList\",\"@id\":\"https:\/\/datarecovery.ping.fm\/no\/wiped-hard-drive-recovery\/#breadcrumb\",\"itemListElement\":[{\"@type\":\"ListItem\",\"position\":1,\"name\":\"Home\",\"item\":\"https:\/\/datarecovery.ping.fm\/no\/\"},{\"@type\":\"ListItem\",\"position\":2,\"name\":\"Metode for \u00e5 gjenopprette slettede filer fra en formatert harddisk\"}]},{\"@type\":\"WebSite\",\"@id\":\"https:\/\/datarecovery.ping.fm\/no\/#website\",\"url\":\"https:\/\/datarecovery.ping.fm\/no\/\",\"name\":\"Data Recovery Software\",\"description\":\"\",\"potentialAction\":[{\"@type\":\"SearchAction\",\"target\":{\"@type\":\"EntryPoint\",\"urlTemplate\":\"https:\/\/datarecovery.ping.fm\/no\/?s={search_term_string}\"},\"query-input\":\"required name=search_term_string\"}],\"inLanguage\":\"nb-NO\"}]}<\/script>\n<!-- \/ Yoast SEO plugin. -->","yoast_head_json":{"title":"Her er hvordan du kan gjenopprette slettede filer fra en allerede slettet harddisk: den beste gjenopprettingsmetoden","robots":{"index":"index","follow":"follow","max-snippet":"max-snippet:-1","max-image-preview":"max-image-preview:large","max-video-preview":"max-video-preview:-1"},"canonical":"https:\/\/datarecovery.ping.fm\/no\/wiped-hard-drive-recovery\/","og_locale":"nb_NO","og_type":"article","og_title":"Her er hvordan du kan gjenopprette slettede filer fra en allerede slettet harddisk: den beste gjenopprettingsmetoden","og_description":"Hvordan gjenopprette slettede filer fra t\u00f8mt harddisk \u00c5 miste viktige filer kan v\u00e6re en enorm stressfaktor, men det er ikke alltid slutten p\u00e5 historien. Selv om du har t\u00f8mt harddisken din, er det fremdeles h\u00e5p om \u00e5 gjenopprette disse verdifulle filene. Jeg har personlig st\u00e5tt overfor dette skremmende problemet og funnet m\u00e5ter \u00e5 bringe tilbake [&hellip;]","og_url":"https:\/\/datarecovery.ping.fm\/no\/wiped-hard-drive-recovery\/","og_site_name":"Data Recovery Software","article_modified_time":"2024-04-23T10:17:29+00:00","og_image":[{"width":1280,"height":731,"url":"https:\/\/datarecovery.ping.fm\/wp-content\/uploads\/2024\/04\/How-to-Recover-Deleted-Files-from-Wiped-Hard-Drive-Norwegian.jpg","type":"image\/jpeg"}],"twitter_card":"summary_large_image","twitter_misc":{"Est. reading time":"6 minutter"},"schema":{"@context":"https:\/\/schema.org","@graph":[{"@type":"WebPage","@id":"https:\/\/datarecovery.ping.fm\/no\/wiped-hard-drive-recovery\/","url":"https:\/\/datarecovery.ping.fm\/no\/wiped-hard-drive-recovery\/","name":"Her er hvordan du kan gjenopprette slettede filer fra en allerede slettet harddisk: den beste gjenopprettingsmetoden","isPartOf":{"@id":"https:\/\/datarecovery.ping.fm\/no\/#website"},"datePublished":"2023-12-25T15:46:11+00:00","dateModified":"2024-04-23T10:17:29+00:00","breadcrumb":{"@id":"https:\/\/datarecovery.ping.fm\/no\/wiped-hard-drive-recovery\/#breadcrumb"},"inLanguage":"nb-NO","potentialAction":[{"@type":"ReadAction","target":["https:\/\/datarecovery.ping.fm\/no\/wiped-hard-drive-recovery\/"]}]},{"@type":"BreadcrumbList","@id":"https:\/\/datarecovery.ping.fm\/no\/wiped-hard-drive-recovery\/#breadcrumb","itemListElement":[{"@type":"ListItem","position":1,"name":"Home","item":"https:\/\/datarecovery.ping.fm\/no\/"},{"@type":"ListItem","position":2,"name":"Metode for \u00e5 gjenopprette slettede filer fra en formatert harddisk"}]},{"@type":"WebSite","@id":"https:\/\/datarecovery.ping.fm\/no\/#website","url":"https:\/\/datarecovery.ping.fm\/no\/","name":"Data Recovery Software","description":"","potentialAction":[{"@type":"SearchAction","target":{"@type":"EntryPoint","urlTemplate":"https:\/\/datarecovery.ping.fm\/no\/?s={search_term_string}"},"query-input":"required name=search_term_string"}],"inLanguage":"nb-NO"}]}},"_links":{"self":[{"href":"https:\/\/datarecovery.ping.fm\/no\/wp-json\/wp\/v2\/pages\/45335"}],"collection":[{"href":"https:\/\/datarecovery.ping.fm\/no\/wp-json\/wp\/v2\/pages"}],"about":[{"href":"https:\/\/datarecovery.ping.fm\/no\/wp-json\/wp\/v2\/types\/page"}],"replies":[{"embeddable":true,"href":"https:\/\/datarecovery.ping.fm\/no\/wp-json\/wp\/v2\/comments?post=45335"}],"version-history":[{"count":0,"href":"https:\/\/datarecovery.ping.fm\/no\/wp-json\/wp\/v2\/pages\/45335\/revisions"}],"wp:featuredmedia":[{"embeddable":true,"href":"https:\/\/datarecovery.ping.fm\/no\/wp-json\/wp\/v2\/media\/45336"}],"wp:attachment":[{"href":"https:\/\/datarecovery.ping.fm\/no\/wp-json\/wp\/v2\/media?parent=45335"}],"curies":[{"name":"wp","href":"https:\/\/api.w.org\/{rel}","templated":true}]}}