{"id":44367,"date":"2024-01-26T10:53:03","date_gmt":"2024-01-26T10:53:03","guid":{"rendered":"https:\/\/www.ping.fm\/data-recovery-software\/windows-7-recovery-software\/"},"modified":"2024-04-19T06:34:28","modified_gmt":"2024-04-19T06:34:28","slug":"windows-7-recovery-software","status":"publish","type":"page","link":"https:\/\/datarecovery.ping.fm\/no\/windows-7-recovery-software\/","title":{"rendered":"Beste datarekonstruksjonsprogramvarene for Windows 7"},"content":{"rendered":"<section>\n<h1>Beste programvare for datagjenoppretting for Windows 7<\/h1>\n<div class=\"inbrief\">\n<div><img src=\"https:\/\/www.ping.fm\/data-recovery-software\/wp-content\/uploads\/ai\/Best-Data-Recovery-Software-for-Windows-7-Norwegian.jpg\" alt=\"Beste programvare for datagjenoppretting for Windows 7\" title=\"Beste programvare for datagjenoppretting for Windows 7\" width=\"1280\" height=\"720\"><\/p>\n<p>Har du noen gang opplevd den synkende f\u00f8lelsen n\u00e5r du innser at du ved en feiltakelse har slettet en viktig fil, eller verre, lidd datatap p\u00e5 grunn av et systemkrasj? Som en bruker av Windows 7, har jeg v\u00e6rt der, og tro meg, det er ikke g\u00f8y. Men frykt ikke, for det er et lys i tunnelen \u2013 programvare for datagjenoppretting. I denne omfattende guiden skal vi utforske den beste programvaren for datagjenoppretting for Windows 7, inkludert deres muligheter og begrensninger, som passer b\u00e5de for nybegynnere og teknisk kyndige brukere. La oss legge ut p\u00e5 en reise for \u00e5 hente tilbake det som en gang ble ansett som tapt.<\/p>\n<\/div>\n<\/div>\n<\/section>\n<section>\n<div class=\"medal\">\n<div>&#129351;<\/div>\n<\/div>\n<h2><a href='https:\/\/www.cleverfiles.com\/disk-drill-windows.html' rel=\"nofollow noopener\" target='_blank'>Disk Drill (versjon 4.5)<\/a><\/h2>\n<p><img src=\"https:\/\/www.ping.fm\/data-recovery-software\/wp-content\/uploads\/ai\/https---www-cleverfiles-com-disk-drill-windows-htmlNorwegian.jpg\"><\/p>\n<p>Min personlige favoritt og, etter min erfaring, det mest p\u00e5litelige alternativet, er <b>Disk Drill<\/b> (versjon 4.5). Det brukervennlige grensesnittet i kombinasjon med kraftige skannealgoritmer gj\u00f8r det til et utmerket valg for b\u00e5de nybegynnere og eksperter. Jeg har brukt Disk Drill til \u00e5 gjenopprette ulike filtyper med h\u00f8y suksessrate, noe som sier mye om dets effektivitet.<\/p>\n<p><a href='https:\/\/www.cleverfiles.com\/disk-drill-windows.html' rel=\"nofollow noopener\" target='_blank' class='ofWSite'>Offisiell nettside<\/a><\/p>\n<h3 class='prosTitle'>Fordeler<\/h3>\n<ul class='listpc pros'>\n<li>Intuitivt brukergrensesnitt<\/li>\n<li>Avanserte funksjoner for databeskyttelse<\/li>\n<\/ul>\n<h3 class='consTitle'>Ulemper<\/h3>\n<ul class='listpc cons'>\n<li>Gratisversjonen har begrensning p\u00e5 datagjenoppretting<\/li>\n<li>Noen filer kan ikke v\u00e6re gjenvinnbare p\u00e5 grunn av overskriving<\/li>\n<\/ul>\n<\/section>\n<section>\n<div class=\"medal\">\n<div>&#129352;<\/div>\n<\/div>\n<h2><a href='https:\/\/www.easeus.com\/datarecoverywizard\/free-data-recovery-software.htm' rel=\"nofollow noopener\" target='_blank'>EaseUS Data Recovery Wizard<\/a><\/h2>\n<p><img src=\"https:\/\/www.ping.fm\/data-recovery-software\/wp-content\/uploads\/ai\/https---www-easeus-com-datarecoverywizard-free-data-recovery-software-htmNorwegian.jpg\"><\/p>\n<p>Et annet fremtredende valg er <b>EaseUS Data Recovery Wizard<\/b>. Dette kraftverket er utstyrt med funksjoner som effektivt kan h\u00e5ndtere ulike datatapsscenarier. Dets ytelse i \u00e5 hente tilbake tapte partisjonsdata og gjenoppretting av formaterte stasjoner var bemerkelsesverdig da jeg trengte det mest.<\/p>\n<p><a href='https:\/\/www.easeus.com\/datarecoverywizard\/free-data-recovery-software.htm' rel=\"nofollow noopener\" target='_blank' class='ofWSite'>Offisiell nettside<\/a><\/p>\n<h3 class='prosTitle'>Fordeler<\/h3>\n<ul class='listpc pros'>\n<li>St\u00f8tter et bredt spekter av filtyper<\/li>\n<li>Forh\u00e5ndsvisningsfunksjon f\u00f8r gjenoppretting<\/li>\n<\/ul>\n<h3 class='consTitle'>Ulemper<\/h3>\n<ul class='listpc cons'>\n<li>Gratisversjonen har begrensede gjenopprettingsmuligheter<\/li>\n<li>Fullstendig gjenoppretting kan v\u00e6re tidkrevende<\/li>\n<\/ul>\n<\/section>\n<section>\n<div class=\"medal\">\n<div>&#129353;<\/div>\n<\/div>\n<h2><a href='https:\/\/www.stellarinfo.com\/free-data-recovery.php' rel=\"nofollow noopener\" target='_blank'>Stellar Data Recovery<\/a><\/h2>\n<p><img src=\"https:\/\/www.ping.fm\/data-recovery-software\/wp-content\/uploads\/ai\/https---www-stellarinfo-com-free-data-recovery-phpNorwegian.jpg\"><\/p>\n<p>Jeg ble imponert over <b>Stellar Data Recovery<\/b> da jeg hadde med tapt data p\u00e5 en alvorlig korrupt harddisk \u00e5 gj\u00f8re. Dens avanserte funksjoner og effektiv dypskanningsteknologi hjalp meg med \u00e5 redde nesten alle dokumentene mine som jeg trodde var tapt for godt.<\/p>\n<p><a href='https:\/\/www.stellarinfo.com\/free-data-recovery.php' rel=\"nofollow noopener\" target='_blank' class='ofWSite'>Offisiell nettside<\/a><\/p>\n<h3 class='prosTitle'>Fordeler<\/h3>\n<ul class='listpc pros'>\n<li>Brukervennlig grensesnitt<\/li>\n<li>H\u00f8y suksessrate for datagjenoppretting<\/li>\n<\/ul>\n<h3 class='consTitle'>Ulemper<\/h3>\n<ul class='listpc cons'>\n<li>Gjenopprettingshastigheten kan variere basert p\u00e5 st\u00f8rrelsen og tilstanden til dataene<\/li>\n<li>H\u00f8yere kostnad for premium-funksjoner<\/li>\n<\/ul>\n<\/section>\n<section>\n<div class=\"no-medal\">\n<div>4<\/div>\n<\/div>\n<h2><a href='https:\/\/www.wondershare.com\/data-recovery\/' rel=\"nofollow noopener\" target='_blank'>Wondershare Recoverit<\/a><\/h2>\n<p><img src=\"https:\/\/www.ping.fm\/data-recovery-software\/wp-content\/uploads\/ai\/https---www-wondershare-com-data-recovery-Norwegian.jpg\"><\/p>\n<p>I min tid med \u00e5 bruke <b>Wondershare Recoverit<\/b> fant jeg den spesielt effektiv for gjenoppretting av mediefiler. Dens verkt\u00f8y for videoreparasjon er en livredder for \u00e5 reparere korrupte videofiler sammen med hentingsprosessen.<\/p>\n<p><a href='https:\/\/www.wondershare.com\/data-recovery\/' rel=\"nofollow noopener\" target='_blank' class='ofWSite'>Offisiell nettside<\/a><\/p>\n<h3 class='prosTitle'>Fordeler<\/h3>\n<ul class='listpc pros'>\n<li>Spesialisert p\u00e5 gjenoppretting av mediefiler<\/li>\n<li>Verkt\u00f8y for videoreparasjon inkludert<\/li>\n<\/ul>\n<h3 class='consTitle'>Ulemper<\/h3>\n<ul class='listpc cons'>\n<li>Gratisversjonen er ganske begrenset<\/li>\n<li>Komplekst grensesnitt for nye brukere<\/li>\n<\/ul>\n<\/section>\n<section>\n<div class=\"no-medal\">\n<div>5<\/div>\n<\/div>\n<h2>Recuva<\/h2>\n<p><b>Recuva<\/b> fremst\u00e5r som et budsjettvennlig, men robust verkt\u00f8y for datagjenoppretting. Det tilbyr enkel filgjenoppretting og, basert p\u00e5 min erfaring, gj\u00f8r det en god jobb med raske skanninger og \u00e5 f\u00e5 tilbake filer fra digitalkameraers minnekort.<\/p>\n<h3 class='prosTitle'>Fordeler<\/h3>\n<ul class='listpc pros'>\n<li>Letth\u00e5ndterlig og enkel \u00e5 bruke<\/li>\n<li>Prisgunstig med en gratisversjon tilgjengelig<\/li>\n<\/ul>\n<h3 class='consTitle'>Ulemper<\/h3>\n<ul class='listpc cons'>\n<li>Begrenset funksjonalitet sammenlignet med mer avanserte verkt\u00f8y<\/li>\n<li>Gjenoppretter ikke alltid filene intakte<\/li>\n<\/ul>\n<\/section>\n<section>\n<h2>Konklusjon:<\/h2>\n<div class=\"nonp\">\n<p>N\u00e5r du velger <b>programvare for datagjenoppretting<\/b>, er det viktig \u00e5 forst\u00e5 de tekniske aspektene og funksjonaliteten til verkt\u00f8yet. Noen applikasjoner tilbyr dype skanninger og kan gjenopprette filer fra reformaterte stasjoner, mens andre er bedre egnet for enklere oppgaver som \u00e5 hente nylig slettede filer.<\/p>\n<p>Forskjellige programvarel\u00f8sninger kommer med varierte prislapper og funksjonsett. Det er viktig \u00e5 forst\u00e5 verdien hver bringer mot kostnaden n\u00e5r man tar en avgj\u00f8relse.<\/p>\n<p>Videre har <b>Windows 7-operativsystemet<\/b> spesifikke krav, og kompatibilitet er en avgj\u00f8rende faktor. S\u00f8rg alltid for at programvaren du velger st\u00f8tter Windows 7. Kommende Windows-oppdateringer kan p\u00e5virke funksjonaliteten til disse programvarel\u00f8sningene, s\u00e5 det er viktig \u00e5 holde seg informert.<\/p>\n<p>Til slutt er det en god praksis \u00e5 henvise til anmeldelser og brukeropplevelser f\u00f8r du velger et gjenopprettingsverkt\u00f8y. Et bes\u00f8k til <a href='https:\/\/www.handyrecovery.com\/best-data-recovery-software-for-windows-7\/' rel=\"dofollow noopener\" target='_blank'>flere alternativer for Windows 7<\/a> kan gi tilleggsinnsikt. Artikkelen anmelder de beste <b>programvarealternativene for datagjenoppretting<\/b> for <b>Windows 7<\/b>, og evaluerer deres funksjoner, effektivitet og brukervennlighet.<\/p>\n<\/div>\n<\/section>\n","protected":false},"excerpt":{"rendered":"<p>Beste programvare for datagjenoppretting for Windows 7 Har du noen gang opplevd den synkende f\u00f8lelsen n\u00e5r du innser at du ved en feiltakelse har slettet en viktig fil, eller verre, lidd datatap p\u00e5 grunn av et systemkrasj? Som en bruker av Windows 7, har jeg v\u00e6rt der, og tro meg, det er ikke g\u00f8y. Men [&hellip;]<\/p>\n","protected":false},"author":0,"featured_media":44368,"parent":0,"menu_order":0,"comment_status":"closed","ping_status":"closed","template":"chromecast.php","meta":{"_stopmodifiedupdate":false,"_modified_date":"","_lmt_disableupdate":"","_lmt_disable":""},"acf":[],"yoast_head":"<!-- This site is optimized with the Yoast SEO plugin v20.9 - https:\/\/yoast.com\/wordpress\/plugins\/seo\/ -->\n<title>Ledende datarekonstruksjonssystem for Windows 7-brukere<\/title>\n<meta name=\"robots\" content=\"index, follow, max-snippet:-1, max-image-preview:large, max-video-preview:-1\" \/>\n<link rel=\"canonical\" href=\"https:\/\/datarecovery.ping.fm\/no\/windows-7-recovery-software\/\" \/>\n<meta property=\"og:locale\" content=\"nb_NO\" \/>\n<meta property=\"og:type\" content=\"article\" \/>\n<meta property=\"og:title\" content=\"Ledende datarekonstruksjonssystem for Windows 7-brukere\" \/>\n<meta property=\"og:description\" content=\"Beste programvare for datagjenoppretting for Windows 7 Har du noen gang opplevd den synkende f\u00f8lelsen n\u00e5r du innser at du ved en feiltakelse har slettet en viktig fil, eller verre, lidd datatap p\u00e5 grunn av et systemkrasj? Som en bruker av Windows 7, har jeg v\u00e6rt der, og tro meg, det er ikke g\u00f8y. Men [&hellip;]\" \/>\n<meta property=\"og:url\" content=\"https:\/\/datarecovery.ping.fm\/no\/windows-7-recovery-software\/\" \/>\n<meta property=\"og:site_name\" content=\"Data Recovery Software\" \/>\n<meta property=\"article:modified_time\" content=\"2024-04-19T06:34:28+00:00\" \/>\n<meta property=\"og:image\" content=\"https:\/\/datarecovery.ping.fm\/wp-content\/uploads\/2024\/04\/Best-Data-Recovery-Software-for-Windows-7-Norwegian.jpg\" \/>\n\t<meta property=\"og:image:width\" content=\"1280\" \/>\n\t<meta property=\"og:image:height\" content=\"731\" \/>\n\t<meta property=\"og:image:type\" content=\"image\/jpeg\" \/>\n<meta name=\"twitter:card\" content=\"summary_large_image\" \/>\n<meta name=\"twitter:label1\" content=\"Est. reading time\" \/>\n\t<meta name=\"twitter:data1\" content=\"3 minutter\" \/>\n<script type=\"application\/ld+json\" class=\"yoast-schema-graph\">{\"@context\":\"https:\/\/schema.org\",\"@graph\":[{\"@type\":\"WebPage\",\"@id\":\"https:\/\/datarecovery.ping.fm\/no\/windows-7-recovery-software\/\",\"url\":\"https:\/\/datarecovery.ping.fm\/no\/windows-7-recovery-software\/\",\"name\":\"Ledende datarekonstruksjonssystem for Windows 7-brukere\",\"isPartOf\":{\"@id\":\"https:\/\/datarecovery.ping.fm\/no\/#website\"},\"datePublished\":\"2024-01-26T10:53:03+00:00\",\"dateModified\":\"2024-04-19T06:34:28+00:00\",\"breadcrumb\":{\"@id\":\"https:\/\/datarecovery.ping.fm\/no\/windows-7-recovery-software\/#breadcrumb\"},\"inLanguage\":\"nb-NO\",\"potentialAction\":[{\"@type\":\"ReadAction\",\"target\":[\"https:\/\/datarecovery.ping.fm\/no\/windows-7-recovery-software\/\"]}]},{\"@type\":\"BreadcrumbList\",\"@id\":\"https:\/\/datarecovery.ping.fm\/no\/windows-7-recovery-software\/#breadcrumb\",\"itemListElement\":[{\"@type\":\"ListItem\",\"position\":1,\"name\":\"Home\",\"item\":\"https:\/\/datarecovery.ping.fm\/no\/\"},{\"@type\":\"ListItem\",\"position\":2,\"name\":\"Beste datarekonstruksjonsprogramvarene for Windows 7\"}]},{\"@type\":\"WebSite\",\"@id\":\"https:\/\/datarecovery.ping.fm\/no\/#website\",\"url\":\"https:\/\/datarecovery.ping.fm\/no\/\",\"name\":\"Data Recovery Software\",\"description\":\"\",\"potentialAction\":[{\"@type\":\"SearchAction\",\"target\":{\"@type\":\"EntryPoint\",\"urlTemplate\":\"https:\/\/datarecovery.ping.fm\/no\/?s={search_term_string}\"},\"query-input\":\"required name=search_term_string\"}],\"inLanguage\":\"nb-NO\"}]}<\/script>\n<!-- \/ Yoast SEO plugin. -->","yoast_head_json":{"title":"Ledende datarekonstruksjonssystem for Windows 7-brukere","robots":{"index":"index","follow":"follow","max-snippet":"max-snippet:-1","max-image-preview":"max-image-preview:large","max-video-preview":"max-video-preview:-1"},"canonical":"https:\/\/datarecovery.ping.fm\/no\/windows-7-recovery-software\/","og_locale":"nb_NO","og_type":"article","og_title":"Ledende datarekonstruksjonssystem for Windows 7-brukere","og_description":"Beste programvare for datagjenoppretting for Windows 7 Har du noen gang opplevd den synkende f\u00f8lelsen n\u00e5r du innser at du ved en feiltakelse har slettet en viktig fil, eller verre, lidd datatap p\u00e5 grunn av et systemkrasj? Som en bruker av Windows 7, har jeg v\u00e6rt der, og tro meg, det er ikke g\u00f8y. Men [&hellip;]","og_url":"https:\/\/datarecovery.ping.fm\/no\/windows-7-recovery-software\/","og_site_name":"Data Recovery Software","article_modified_time":"2024-04-19T06:34:28+00:00","og_image":[{"width":1280,"height":731,"url":"https:\/\/datarecovery.ping.fm\/wp-content\/uploads\/2024\/04\/Best-Data-Recovery-Software-for-Windows-7-Norwegian.jpg","type":"image\/jpeg"}],"twitter_card":"summary_large_image","twitter_misc":{"Est. reading time":"3 minutter"},"schema":{"@context":"https:\/\/schema.org","@graph":[{"@type":"WebPage","@id":"https:\/\/datarecovery.ping.fm\/no\/windows-7-recovery-software\/","url":"https:\/\/datarecovery.ping.fm\/no\/windows-7-recovery-software\/","name":"Ledende datarekonstruksjonssystem for Windows 7-brukere","isPartOf":{"@id":"https:\/\/datarecovery.ping.fm\/no\/#website"},"datePublished":"2024-01-26T10:53:03+00:00","dateModified":"2024-04-19T06:34:28+00:00","breadcrumb":{"@id":"https:\/\/datarecovery.ping.fm\/no\/windows-7-recovery-software\/#breadcrumb"},"inLanguage":"nb-NO","potentialAction":[{"@type":"ReadAction","target":["https:\/\/datarecovery.ping.fm\/no\/windows-7-recovery-software\/"]}]},{"@type":"BreadcrumbList","@id":"https:\/\/datarecovery.ping.fm\/no\/windows-7-recovery-software\/#breadcrumb","itemListElement":[{"@type":"ListItem","position":1,"name":"Home","item":"https:\/\/datarecovery.ping.fm\/no\/"},{"@type":"ListItem","position":2,"name":"Beste datarekonstruksjonsprogramvarene for Windows 7"}]},{"@type":"WebSite","@id":"https:\/\/datarecovery.ping.fm\/no\/#website","url":"https:\/\/datarecovery.ping.fm\/no\/","name":"Data Recovery Software","description":"","potentialAction":[{"@type":"SearchAction","target":{"@type":"EntryPoint","urlTemplate":"https:\/\/datarecovery.ping.fm\/no\/?s={search_term_string}"},"query-input":"required name=search_term_string"}],"inLanguage":"nb-NO"}]}},"_links":{"self":[{"href":"https:\/\/datarecovery.ping.fm\/no\/wp-json\/wp\/v2\/pages\/44367"}],"collection":[{"href":"https:\/\/datarecovery.ping.fm\/no\/wp-json\/wp\/v2\/pages"}],"about":[{"href":"https:\/\/datarecovery.ping.fm\/no\/wp-json\/wp\/v2\/types\/page"}],"replies":[{"embeddable":true,"href":"https:\/\/datarecovery.ping.fm\/no\/wp-json\/wp\/v2\/comments?post=44367"}],"version-history":[{"count":0,"href":"https:\/\/datarecovery.ping.fm\/no\/wp-json\/wp\/v2\/pages\/44367\/revisions"}],"wp:featuredmedia":[{"embeddable":true,"href":"https:\/\/datarecovery.ping.fm\/no\/wp-json\/wp\/v2\/media\/44368"}],"wp:attachment":[{"href":"https:\/\/datarecovery.ping.fm\/no\/wp-json\/wp\/v2\/media?parent=44367"}],"curies":[{"name":"wp","href":"https:\/\/api.w.org\/{rel}","templated":true}]}}