{"id":43959,"date":"2024-02-22T06:28:29","date_gmt":"2024-02-22T06:28:29","guid":{"rendered":"https:\/\/www.ping.fm\/data-recovery-software\/hard-drive-repair-software\/"},"modified":"2024-04-23T07:57:34","modified_gmt":"2024-04-23T07:57:34","slug":"hard-drive-repair-software","status":"publish","type":"page","link":"https:\/\/datarecovery.ping.fm\/no\/hard-drive-repair-software\/","title":{"rendered":"2024s ledende programvare for harddiskgjenoppretting"},"content":{"rendered":"<section>\n<h1>Beste programvare for harddiskreparasjon \u00e5 bruke i 2024<\/h1>\n<div class=\"inbrief\">\n<div>                     <img src=\"https:\/\/www.ping.fm\/data-recovery-software\/wp-content\/uploads\/ai\/Best-Hard-Drive-Repair-Software-to-Use-in-2024-Norwegian.jpg\" alt=\"Beste programvare for harddiskreparasjon \u00e5 bruke i 2024\" title=\"Beste programvare for harddiskreparasjon \u00e5 bruke i 2024\" width=\"1280\" height=\"720\">                     <\/p>\n<p>Det er f\u00e5 ting som er s\u00e5 nedsl\u00e5ende for datamaskinbrukere som utsiktene til harddiskfeil. Enten det er den fryktede &laquo;klikkd\u00f8den&raquo; eller en kryptisk feilmelding, kan en defekt harddisk virke som et uoverstigelig problem. Imidlertid er det en mengde verkt\u00f8y for reparasjon av harddisker tilgjengelig som kan hjelpe med \u00e5 berge dataene dine og potensielt forlenge levetiden til disken din. I denne artikkelen vil vi lede deg gjennom noen av de beste verkt\u00f8yene for reparasjon av harddisker p\u00e5 markedet. La oss dykke inn i dette essensielle verkt\u00f8ysettet for enhver digital livline.<\/p>\n<\/div>\n<\/div>\n<\/section>\n<section>\n<div class=\"medal\">\n<div>&#129351;<\/div>\n<\/div>\n<h2><a href='https:\/\/www.cleverfiles.com\/' rel=\"nofollow noopener\" target='_blank'>Disk Drill<\/a><\/h2>\n<p><img src=\"https:\/\/www.ping.fm\/data-recovery-software\/wp-content\/uploads\/ai\/https---www-cleverfiles-com-Norwegian.jpg\" alt=\"Skjermbilde fra https:\/\/www.cleverfiles.com\/\" width=\"1280\" height=\"720\"><\/p>\n<p>Etter personlig \u00e5 ha navigert de turbulente farvann av datatap, fant jeg en livline i <b>Disk Drill<\/b>, et omfattende verkt\u00f8y designet for <b>datagjenoppretting<\/b> og analyse av harddisker. Dets brukervennlige grensesnitt forenkler gjenopprettingsprosessen og gj\u00f8r den tilgjengelig for b\u00e5de nybegynnere og eksperter. Disk Drill sitt spekter av funksjoner strekker seg ut over gjenoppretting med <b>datavern<\/b>-verkt\u00f8y som Recovery Vault og Drive backup.<\/p>\n<p><a href='https:\/\/www.cleverfiles.com\/' rel=\"nofollow noopener\" target='_blank' class='ofWSite'>Offisiell nettside<\/a><\/p>\n<h3 class='prosTitle'>Fordeler<\/h3>\n<ul class='listpc pros'>\n<li>Intuitivt brukergrensesnitt<\/li>\n<li>Kraftfulle skannealgoritmer<\/li>\n<\/ul>\n<h3 class='consTitle'>Ulemper<\/h3>\n<ul class='listpc cons'>\n<li>Gratisversjonen har begrensninger for datagjenoppretting<\/li>\n<li>Avanserte funksjoner krever premiumversjon<\/li>\n<\/ul>\n<\/section>\n<section>\n<div class=\"medal\">\n<div>&#129352;<\/div>\n<\/div>\n<h2><a href='https:\/\/www.cgsecurity.org\/wiki\/TestDisk' rel=\"nofollow noopener\" target='_blank'>TestDisk<\/a><\/h2>\n<p><img src=\"https:\/\/www.ping.fm\/data-recovery-software\/wp-content\/uploads\/ai\/https---www-cgsecurity-org-wiki-TestDiskNorwegian.jpg\" alt=\"Skjermbilde fra https:\/\/www.cgsecurity.org\/wiki\/TestDisk\" width=\"1280\" height=\"720\"><\/p>\n<p><b>TestDisk<\/b> er en kraftpakke n\u00e5r det kommer til \u00e5 gjenopprette tapte partisjoner og \u00e5 fikse oppstartsdisker som nekter \u00e5 starte. Det er et \u00e5pen kilde-verkt\u00f8y som blir respektert av teknologieksperter for dets dype funksjonalitet. Selv om det opererer via et kommandolinjegrensesnitt, som kan virke avskrekkende for noen, er dets effektivitet i \u00e5 gjenopprette partisjonstabeller og fikse filsystemer ubestridelig.<\/p>\n<p><a href='https:\/\/www.cgsecurity.org\/wiki\/TestDisk' rel=\"nofollow noopener\" target='_blank' class='ofWSite'>Offisiell nettside<\/a><\/p>\n<h3 class='prosTitle'>Fordeler<\/h3>\n<ul class='listpc pros'>\n<li>Kan gjenopprette tapte partisjoner<\/li>\n<li>\u00c5pen kildekode med hyppige oppdateringer<\/li>\n<\/ul>\n<h3 class='consTitle'>Ulemper<\/h3>\n<ul class='listpc cons'>\n<li>Kommandolinjegrensesnittet kan v\u00e6re utfordrende for noen brukere<\/li>\n<li>Ingen grafisk brukergrensesnitt<\/li>\n<\/ul>\n<\/section>\n<section>\n<div class=\"medal\">\n<div>&#129353;<\/div>\n<\/div>\n<h2>GParted<\/h2>\n<p>Applikasjonen <b>GParted<\/b> er en gratis, \u00e5pen kildekode partisjon editor som utmerker seg n\u00e5r det kommer til \u00e5 endre st\u00f8rrelse, kopiere og flytte partisjoner uten tap av data. Den st\u00f8tter forskjellige filsystemer og brukes ofte til \u00e5 h\u00e5ndtere diskplass p\u00e5 en harddisk. Med et greit grafisk grensesnitt, kan GParted kj\u00f8res fra en live USB, noe som gj\u00f8r det til et b\u00e6rbart og fleksibelt verkt\u00f8y for diskh\u00e5ndtering.<\/p>\n<h3 class='prosTitle'>Fordeler<\/h3>\n<ul class='listpc pros'>\n<li>St\u00f8tter et bredt spekter av filsystemer<\/li>\n<li>Grafisk brukergrensesnitt<\/li>\n<\/ul>\n<h3 class='consTitle'>Ulemper<\/h3>\n<ul class='listpc cons'>\n<li>Kan kanskje ikke h\u00e5ndtere komplekse gjenopprettingsscenarier<\/li>\n<li>Overveldende alternativer for nybegynnere<\/li>\n<\/ul>\n<\/section>\n<section>\n<div class=\"no-medal\">\n<div>4<\/div>\n<\/div>\n<h2><a href='https:\/\/hddscan.com\/' rel=\"nofollow noopener\" target='_blank'>HDDScan<\/a><\/h2>\n<p><img src=\"https:\/\/www.ping.fm\/data-recovery-software\/wp-content\/uploads\/ai\/https---hddscan-com-Norwegian.jpg\" alt=\"https:\/\/hddscan.com\/ skjermbilde\" width=\"1280\" height=\"720\"><\/p>\n<p><b>HDDScan<\/b> er en gratisprogramvare for harddiskdiagnostikk. Den tilbyr en rekke tester som kan brukes for \u00e5 sjekke for d\u00e5rlige sektorer, overv\u00e5ke SMART-attributter og utf\u00f8re lavniv\u00e5 benchmarking. Det jeg har funnet spesielt nyttig er dens evne til \u00e5 utf\u00f8re disse diagnostiske testene uten behov for \u00e5 fjerne data fra disken&#8212;avgj\u00f8rende n\u00e5r man pr\u00f8ver \u00e5 unng\u00e5 ytterligere datatap.<\/p>\n<p><a href='https:\/\/hddscan.com\/' rel=\"nofollow noopener\" target='_blank' class='ofWSite'>Offisiell nettside<\/a><\/p>\n<h3 class='prosTitle'>Fordeler<\/h3>\n<ul class='listpc pros'>\n<li>Ingen installasjon kreves (portabelt)<\/li>\n<li>Detaljert rapportering av diskens helse<\/li>\n<\/ul>\n<h3 class='consTitle'>Ulemper<\/h3>\n<ul class='listpc cons'>\n<li>Brukergrensesnittet kan v\u00e6re komplekst for nybegynnere<\/li>\n<li>Begrensede reparasjonsmuligheter<\/li>\n<\/ul>\n<\/section>\n<section>\n<div class=\"no-medal\">\n<div>5<\/div>\n<\/div>\n<h2><a href='https:\/\/www.crystalmark.info\/en\/software\/crystaldiskinfo\/' rel=\"nofollow noopener\" target='_blank'>CrystalDiskInfo<\/a><\/h2>\n<p><img src=\"https:\/\/www.ping.fm\/data-recovery-software\/wp-content\/uploads\/ai\/https---www-crystalmark-info-en-software-crystaldiskinfo-Norwegian.jpg\" alt=\"https:\/\/www.crystalmark.info\/en\/software\/crystaldiskinfo\/ skjermbilde\" width=\"1280\" height=\"720\"><\/p>\n<p>For overv\u00e5king av harddiskens helse er <b>CrystalDiskInfo<\/b> en konstant i verkt\u00f8ykassen min. Det er et gratis verkt\u00f8y som holder deg informert om harddisken din sitt SMART-informasjon, og fungerer som et tidlig varslingssystem for potensielle diskerfeil. Med sanntidsoverv\u00e5king og varsler, lar CrystalDiskInfo brukerne v\u00e6re proaktive i \u00e5 beskytte data.<\/p>\n<p><a href='https:\/\/www.crystalmark.info\/en\/software\/crystaldiskinfo\/' rel=\"nofollow noopener\" target='_blank' class='ofWSite'>Offisiell nettside<\/a><\/p>\n<h3 class='prosTitle'>Fordeler<\/h3>\n<ul class='listpc pros'>\n<li>Sanntid SMART-overv\u00e5king<\/li>\n<li>Brukervennlig grensesnitt<\/li>\n<\/ul>\n<h3 class='consTitle'>Ulemper<\/h3>\n<ul class='listpc cons'>\n<li>Begrenset til overv\u00e5king (ingen reparasjonsmuligheter)<\/li>\n<li>Reklame i gratisversjonen<\/li>\n<\/ul>\n<\/section>\n<section>\n<h2>Konklusjon:<\/h2>\n<div class=\"nonp\">\n<p>\u00c5 opprettholde helsen til harddisken din og sikre dataene dine er en kontinuerlig prosess. I tillegg til \u00e5 bruke reparasjonsverkt\u00f8y, dyrk en <b>rutinemessig vedlikehold<\/b> vane, som \u00e5 periodisk sjekke for diskfeil ved hjelp av innebygde verkt\u00f8y som <b>CHKDSK<\/b> p\u00e5 Windows eller <b>Diskverkt\u00f8y<\/b> p\u00e5 macOS. Selv om forebyggende tiltak er grunnleggende, er det noen ganger uunng\u00e5elig med gjenoppretting. I slike tilfeller er det avgj\u00f8rende \u00e5 forst\u00e5 reparasjonsverkt\u00f8yenes muligheter og begrensninger. Redningsoperasjoner som involverer programvareverkt\u00f8y b\u00f8r fors\u00f8kes f\u00f8r man tyer til profesjonelle tjenester, som kan v\u00e6re dyre og ikke alltid n\u00f8dvendige. Jeg har funnet artikler fra nettsteder som <a href='https:\/\/www.techradar.com\/' rel=\"nofollow noopener\" target='_blank'>TechRadar<\/a> og <a href='https:\/\/www.pcworld.com\/' rel=\"nofollow noopener\" target='_blank'>PCWorld<\/a> for \u00e5 v\u00e6re nyttige for \u00e5 holde seg oppdatert p\u00e5 de nyeste verkt\u00f8yene og teknikkene.<\/p>\n<\/div>\n<\/section>\n","protected":false},"excerpt":{"rendered":"<p>Beste programvare for harddiskreparasjon \u00e5 bruke i 2024 Det er f\u00e5 ting som er s\u00e5 nedsl\u00e5ende for datamaskinbrukere som utsiktene til harddiskfeil. Enten det er den fryktede &laquo;klikkd\u00f8den&raquo; eller en kryptisk feilmelding, kan en defekt harddisk virke som et uoverstigelig problem. Imidlertid er det en mengde verkt\u00f8y for reparasjon av harddisker tilgjengelig som kan hjelpe [&hellip;]<\/p>\n","protected":false},"author":0,"featured_media":44889,"parent":0,"menu_order":0,"comment_status":"closed","ping_status":"closed","template":"chromecast.php","meta":{"_stopmodifiedupdate":false,"_modified_date":"","_lmt_disableupdate":"","_lmt_disable":""},"acf":[],"yoast_head":"<!-- This site is optimized with the Yoast SEO plugin v20.9 - https:\/\/yoast.com\/wordpress\/plugins\/seo\/ -->\n<title>2024 Paras b\u00e6rbar harddisk reparasjonsprogramvare | Vurdering<\/title>\n<meta name=\"robots\" content=\"index, follow, max-snippet:-1, max-image-preview:large, max-video-preview:-1\" \/>\n<link rel=\"canonical\" href=\"https:\/\/datarecovery.ping.fm\/no\/hard-drive-repair-software\/\" \/>\n<meta property=\"og:locale\" content=\"nb_NO\" \/>\n<meta property=\"og:type\" content=\"article\" \/>\n<meta property=\"og:title\" content=\"2024 Paras b\u00e6rbar harddisk reparasjonsprogramvare | Vurdering\" \/>\n<meta property=\"og:description\" content=\"Beste programvare for harddiskreparasjon \u00e5 bruke i 2024 Det er f\u00e5 ting som er s\u00e5 nedsl\u00e5ende for datamaskinbrukere som utsiktene til harddiskfeil. Enten det er den fryktede &laquo;klikkd\u00f8den&raquo; eller en kryptisk feilmelding, kan en defekt harddisk virke som et uoverstigelig problem. Imidlertid er det en mengde verkt\u00f8y for reparasjon av harddisker tilgjengelig som kan hjelpe [&hellip;]\" \/>\n<meta property=\"og:url\" content=\"https:\/\/datarecovery.ping.fm\/no\/hard-drive-repair-software\/\" \/>\n<meta property=\"og:site_name\" content=\"Data Recovery Software\" \/>\n<meta property=\"article:modified_time\" content=\"2024-04-23T07:57:34+00:00\" \/>\n<meta property=\"og:image\" content=\"https:\/\/datarecovery.ping.fm\/wp-content\/uploads\/2024\/04\/Best-Hard-Drive-Repair-Software-to-Use-in-2024-Norwegian-1.jpg\" \/>\n\t<meta property=\"og:image:width\" content=\"1280\" \/>\n\t<meta property=\"og:image:height\" content=\"731\" \/>\n\t<meta property=\"og:image:type\" content=\"image\/jpeg\" \/>\n<meta name=\"twitter:card\" content=\"summary_large_image\" \/>\n<meta name=\"twitter:label1\" content=\"Est. reading time\" \/>\n\t<meta name=\"twitter:data1\" content=\"3 minutter\" \/>\n<script type=\"application\/ld+json\" class=\"yoast-schema-graph\">{\"@context\":\"https:\/\/schema.org\",\"@graph\":[{\"@type\":\"WebPage\",\"@id\":\"https:\/\/datarecovery.ping.fm\/no\/hard-drive-repair-software\/\",\"url\":\"https:\/\/datarecovery.ping.fm\/no\/hard-drive-repair-software\/\",\"name\":\"2024 Paras b\u00e6rbar harddisk reparasjonsprogramvare | Vurdering\",\"isPartOf\":{\"@id\":\"https:\/\/datarecovery.ping.fm\/no\/#website\"},\"datePublished\":\"2024-02-22T06:28:29+00:00\",\"dateModified\":\"2024-04-23T07:57:34+00:00\",\"breadcrumb\":{\"@id\":\"https:\/\/datarecovery.ping.fm\/no\/hard-drive-repair-software\/#breadcrumb\"},\"inLanguage\":\"nb-NO\",\"potentialAction\":[{\"@type\":\"ReadAction\",\"target\":[\"https:\/\/datarecovery.ping.fm\/no\/hard-drive-repair-software\/\"]}]},{\"@type\":\"BreadcrumbList\",\"@id\":\"https:\/\/datarecovery.ping.fm\/no\/hard-drive-repair-software\/#breadcrumb\",\"itemListElement\":[{\"@type\":\"ListItem\",\"position\":1,\"name\":\"Home\",\"item\":\"https:\/\/datarecovery.ping.fm\/no\/\"},{\"@type\":\"ListItem\",\"position\":2,\"name\":\"2024s ledende programvare for harddiskgjenoppretting\"}]},{\"@type\":\"WebSite\",\"@id\":\"https:\/\/datarecovery.ping.fm\/no\/#website\",\"url\":\"https:\/\/datarecovery.ping.fm\/no\/\",\"name\":\"Data Recovery Software\",\"description\":\"\",\"potentialAction\":[{\"@type\":\"SearchAction\",\"target\":{\"@type\":\"EntryPoint\",\"urlTemplate\":\"https:\/\/datarecovery.ping.fm\/no\/?s={search_term_string}\"},\"query-input\":\"required name=search_term_string\"}],\"inLanguage\":\"nb-NO\"}]}<\/script>\n<!-- \/ Yoast SEO plugin. -->","yoast_head_json":{"title":"2024 Paras b\u00e6rbar harddisk reparasjonsprogramvare | Vurdering","robots":{"index":"index","follow":"follow","max-snippet":"max-snippet:-1","max-image-preview":"max-image-preview:large","max-video-preview":"max-video-preview:-1"},"canonical":"https:\/\/datarecovery.ping.fm\/no\/hard-drive-repair-software\/","og_locale":"nb_NO","og_type":"article","og_title":"2024 Paras b\u00e6rbar harddisk reparasjonsprogramvare | Vurdering","og_description":"Beste programvare for harddiskreparasjon \u00e5 bruke i 2024 Det er f\u00e5 ting som er s\u00e5 nedsl\u00e5ende for datamaskinbrukere som utsiktene til harddiskfeil. Enten det er den fryktede &laquo;klikkd\u00f8den&raquo; eller en kryptisk feilmelding, kan en defekt harddisk virke som et uoverstigelig problem. Imidlertid er det en mengde verkt\u00f8y for reparasjon av harddisker tilgjengelig som kan hjelpe [&hellip;]","og_url":"https:\/\/datarecovery.ping.fm\/no\/hard-drive-repair-software\/","og_site_name":"Data Recovery Software","article_modified_time":"2024-04-23T07:57:34+00:00","og_image":[{"width":1280,"height":731,"url":"https:\/\/datarecovery.ping.fm\/wp-content\/uploads\/2024\/04\/Best-Hard-Drive-Repair-Software-to-Use-in-2024-Norwegian-1.jpg","type":"image\/jpeg"}],"twitter_card":"summary_large_image","twitter_misc":{"Est. reading time":"3 minutter"},"schema":{"@context":"https:\/\/schema.org","@graph":[{"@type":"WebPage","@id":"https:\/\/datarecovery.ping.fm\/no\/hard-drive-repair-software\/","url":"https:\/\/datarecovery.ping.fm\/no\/hard-drive-repair-software\/","name":"2024 Paras b\u00e6rbar harddisk reparasjonsprogramvare | Vurdering","isPartOf":{"@id":"https:\/\/datarecovery.ping.fm\/no\/#website"},"datePublished":"2024-02-22T06:28:29+00:00","dateModified":"2024-04-23T07:57:34+00:00","breadcrumb":{"@id":"https:\/\/datarecovery.ping.fm\/no\/hard-drive-repair-software\/#breadcrumb"},"inLanguage":"nb-NO","potentialAction":[{"@type":"ReadAction","target":["https:\/\/datarecovery.ping.fm\/no\/hard-drive-repair-software\/"]}]},{"@type":"BreadcrumbList","@id":"https:\/\/datarecovery.ping.fm\/no\/hard-drive-repair-software\/#breadcrumb","itemListElement":[{"@type":"ListItem","position":1,"name":"Home","item":"https:\/\/datarecovery.ping.fm\/no\/"},{"@type":"ListItem","position":2,"name":"2024s ledende programvare for harddiskgjenoppretting"}]},{"@type":"WebSite","@id":"https:\/\/datarecovery.ping.fm\/no\/#website","url":"https:\/\/datarecovery.ping.fm\/no\/","name":"Data Recovery Software","description":"","potentialAction":[{"@type":"SearchAction","target":{"@type":"EntryPoint","urlTemplate":"https:\/\/datarecovery.ping.fm\/no\/?s={search_term_string}"},"query-input":"required name=search_term_string"}],"inLanguage":"nb-NO"}]}},"_links":{"self":[{"href":"https:\/\/datarecovery.ping.fm\/no\/wp-json\/wp\/v2\/pages\/43959"}],"collection":[{"href":"https:\/\/datarecovery.ping.fm\/no\/wp-json\/wp\/v2\/pages"}],"about":[{"href":"https:\/\/datarecovery.ping.fm\/no\/wp-json\/wp\/v2\/types\/page"}],"replies":[{"embeddable":true,"href":"https:\/\/datarecovery.ping.fm\/no\/wp-json\/wp\/v2\/comments?post=43959"}],"version-history":[{"count":0,"href":"https:\/\/datarecovery.ping.fm\/no\/wp-json\/wp\/v2\/pages\/43959\/revisions"}],"wp:featuredmedia":[{"embeddable":true,"href":"https:\/\/datarecovery.ping.fm\/no\/wp-json\/wp\/v2\/media\/44889"}],"wp:attachment":[{"href":"https:\/\/datarecovery.ping.fm\/no\/wp-json\/wp\/v2\/media?parent=43959"}],"curies":[{"name":"wp","href":"https:\/\/api.w.org\/{rel}","templated":true}]}}