{"id":41531,"date":"2024-01-30T08:57:53","date_gmt":"2024-01-30T08:57:53","guid":{"rendered":"https:\/\/www.ping.fm\/data-recovery-software\/deleted-partition-recovery\/"},"modified":"2024-04-16T11:06:56","modified_gmt":"2024-04-16T11:06:56","slug":"deleted-partition-recovery","status":"publish","type":"page","link":"https:\/\/datarecovery.ping.fm\/no\/deleted-partition-recovery\/","title":{"rendered":"Slik kan du gjenopprette slettede eller tapte partisjoner i Windows."},"content":{"rendered":"<section>\n<h1>Hvordan gjenopprette slettet eller tapt partisjon p\u00e5 Windows<\/h1>\n<div class=\"inbrief\">\n<div>              <img decoding=\"async\" class=\"lazyload\"  srcset=\"data:image\/png;base64,iVBORw0KGgoAAAANSUhEUgAABLAAAAKkAQMAAAAqeFQ7AAAAA3NCSVQICAjb4U\/gAAAABlBMVEX\/\/\/\/\/\/\/9VfPVsAAAAAnRSTlMA\/1uRIrUAAAAJcEhZcwAACxIAAAsSAdLdfvwAAAAcdEVYdFNvZnR3YXJlAEFkb2JlIEZpcmV3b3JrcyBDUzbovLKMAAAAFnRFWHRDcmVhdGlvbiBUaW1lADAxLzI5LzE536V52wAAAHpJREFUeJztwQENAAAAwqD3T20ON6AAAAAAAAAAAAAAAAAAAAAAAAAAAAAAAAAAAAAAAAAAAAAAAAAAAAAAAAAAAAAAAAAAAAAAAAAAAAAAAAAAAAAAAAAAAAAAAAAAAAAAAAAAAAAAAAAAAAAAAAAAAAAAAAAAAIAHA47LAAHp9LjEAAAAAElFTkSuQmCC\" src=\"https:\/\/www.ping.fm\/data-recovery-software\/wp-content\/uploads\/ai\/How-to-Recover-Deleted-or-Lost-Partition-on-Windows-Norwegian.jpg\" data-srcset=\"https:\/\/www.ping.fm\/data-recovery-software\/wp-content\/uploads\/ai\/How-to-Recover-Deleted-or-Lost-Partition-on-Windows-Norwegian.jpg\" data-lazy-type=\"image\" data-original=\"https:\/\/www.ping.fm\/data-recovery-software\/wp-content\/uploads\/ai\/How-to-Recover-Deleted-or-Lost-Partition-on-Windows-Norwegian.jpg\" alt=\"Hvordan gjenopprette slettet eller tapt partisjon p\u00e5 Windows\" title=\"Hvordan gjenopprette slettet eller tapt partisjon p\u00e5 Windows\" width=\"1280\" height=\"720\">              <\/p>\n<p>\u00c5 miste en partisjon p\u00e5 ditt Windows-system kan f\u00f8les som et mareritt for enhver bruker. Enten p\u00e5 grunn av feil handling, skadelig programvare eller enkel menneskelig feil, inneholder ofte en tapt partisjon viktige data som virker uopprettelige. Det finnes imidlertid flere metoder for \u00e5 gjenopprette en slettet partisjon p\u00e5 Windows. I min personlige erfaring kan t\u00e5lmodighet og de riktige verkt\u00f8yene forvandle det som ser ut som en katastrofe til en gjenopprettelig situasjon. Denne artikkelen vil guide deg gjennom ulike metoder som jeg har brukt for \u00e5 lykkes med \u00e5 gjenopprette slettede partisjoner og sikre viktig data.<\/p>\n<\/div>\n<\/div>\n<\/section>\n<section>\n<div>\n<div>1<\/div>\n<h2>Vanlige Scenarioer:<\/h2>\n<\/div>\n<h3>Uhellsmessig Sletting &#128465;<\/h3>\n<ul>\n<li><b>Menneskelig feil:<\/b> Kanskje den mest vanlige \u00e5rsaken; ved et uhell \u00e5 formatere eller slette partisjonen mens man tukler med diskh\u00e5ndtering.<\/li>\n<li><b>Programvarekonflikt:<\/b> Noen ganger kan installering eller avinstallering av programvare utilsiktet p\u00e5virke partisjonstabellen.<\/li>\n<\/ul>\n<h3>Korrupt Partisjonstabell &#128165;<\/h3>\n<ul>\n<li><b>Skadelig programvare eller virus:<\/b> Skadelig programvare som infiserer systemet kan f\u00f8re til korrupt partisjonstabell.<\/li>\n<li><b>Str\u00f8mbrudd:<\/b> Plutselig str\u00f8mtap mens diskoperasjoner p\u00e5g\u00e5r, kan korruptere partisjonsinformasjonen.<\/li>\n<\/ul>\n<h3>Feil ved Diskh\u00e5ndtering &#128736;<\/h3>\n<ul>\n<li><b>Feil ved Diskh\u00e5ndtering:<\/b> Feil bruk av det innebygde Windows Diskh\u00e5ndteringsverkt\u00f8yet kan resultere i tapte partisjoner.<\/li>\n<li><b>Tredjepartsverkt\u00f8y:<\/b> Uforsiktig bruk av tredjeparts partisjonsh\u00e5ndteringsprogramvare kan noen ganger slette partisjoner.<\/li>\n<\/ul>\n<\/section>\n<section class=\"stepByStep\">\n<div>\n<div>2<\/div>\n<h2>Steg-for-steg-guide. Gjenopprette Slettet Partisjon:<\/h2>\n<\/div>\n<h3>Metode 1: Bruk Windows Diskh\u00e5ndtering &#129520;<\/h3>\n<ul>\n<li>\u00c5pne <b>Diskh\u00e5ndtering<\/b> ved \u00e5 trykke <b>Win + R<\/b>, skrive inn <b>diskmgmt.msc<\/b>, og trykke Enter.<\/li>\n<li>Se etter uallokert plass der partisjonen din pleide \u00e5 v\u00e6re.<\/li>\n<li>H\u00f8yreklikk p\u00e5 den uallokerte plassen og velg <b>Ny Enkel Volum&#8230;<\/b><\/li>\n<li>F\u00f8lg guiden for \u00e5 gjenopprette partisjonen. Pass p\u00e5 \u00e5 ikke formatere den hvis du h\u00e5per \u00e5 gjenopprette data senere.<\/li>\n<\/ul>\n<p><b>Merk:<\/b> Denne metoden vil ikke gjenopprette dataene dine, men kan forberede disken din for at datagjenopprettingsprogramvare skal gj\u00f8re jobben sin.<\/p>\n<p><b>Konklusjon:<\/b> Selv om den er enkel, er denne tiln\u00e6rmingen nyttig n\u00e5r du h\u00e5ndterer slettede partisjoner som ikke er formatert.<\/p>\n<h3>Metode 2: Kj\u00f8r CHKDSK-verkt\u00f8yet &#128736;<\/h3>\n<ul>\n<li>\u00c5pne <b>Kommandoprompt<\/b> som administrator.<\/li>\n<li>Skriv inn <b>chkdsk \/f X:<\/b> der X er bokstaven for den manglende partisjonen og trykk Enter.<\/li>\n<li>Vent p\u00e5 at prosessen fullf\u00f8res. Dette kan ta litt tid avhengig av diskens st\u00f8rrelse.<\/li>\n<\/ul>\n<p><b>Merk:<\/b> Denne metoden pr\u00f8ver \u00e5 reparere feil i filsystemet som kan f\u00e5 partisjonen synlig igjen.<\/p>\n<p><b>Konklusjon:<\/b> CHKDSK-verkt\u00f8yet er et kraftig verkt\u00f8y for \u00e5 reparere filsystemproblemer som kan hindre tilgang til partisjoner.<\/p>\n<h3>Metode 3: Gjenopprett fra systemgjenopprettingspunkt &#128260;<\/h3>\n<ul>\n<li>Naviger til <b>Kontrollpanel<\/b> > <b>System<\/b> > <b>Systembeskyttelse<\/b>.<\/li>\n<li>Klikk p\u00e5 <b>Systemgjenoppretting&#8230;<\/b> og f\u00f8lg ledetr\u00e5dene for \u00e5 velge et gjenopprettingspunkt f\u00f8r partisjonstapet.<\/li>\n<li>Fullf\u00f8r systemgjenopprettingsprosessen.<\/li>\n<\/ul>\n<p><b>Merk:<\/b> S\u00f8rg for at systembeskyttelse er aktivert og at du har opprettet gjenopprettingspunkter.<\/p>\n<p><b>Konklusjon:<\/b> Denne metoden kan potensielt bringe tilbake partisjonskonfigurasjonen din til en tidligere tilstand.<\/p>\n<h3>Metode 4: Bruk et partisjonsgjenopprettingsverkt\u00f8y &#129522;<\/h3>\n<ul>\n<li>Last ned og installer et p\u00e5litelig partisjonsgjenopprettingsverkt\u00f8y.<\/li>\n<li>\u00c5pne verkt\u00f8yet og velg disken der partisjonen ble slettet.<\/li>\n<li>F\u00f8lg programvareinstruksjonene for \u00e5 skanne etter og gjenopprette den slettede partisjonen.<\/li>\n<\/ul>\n<p><b>Merk:<\/b> Slike programmer kan ofte gjenopprette partisjoner med dataene intakte.<\/p>\n<p><b>Konklusjon:<\/b> \u00c5 bruke et partisjonsgjenopprettingsverkt\u00f8y er en av de mest effektive m\u00e5tene \u00e5 gjenopprette en tapt partisjon og dens data.<\/p>\n<h3>Metode 5: Gjenoppbygging av Master Boot Record (MBR) &#9881;<\/h3>\n<ul>\n<li>Boot fra et Windows-installasjonsmedium.<\/li>\n<li>P\u00e5 installasjonsskjermen, klikk <b>&#8216;Reparer datamaskinen din&#8217;<\/b>.<\/li>\n<li>Velg <b>Feils\u00f8k<\/b> > <b>Avanserte alternativer<\/b> > <b>Kommandoprompt<\/b>.<\/li>\n<li>I Kommandoprompt, skriv <b>bootrec \/fixmbr<\/b> og deretter <b>bootrec \/fixboot<\/b>.<\/li>\n<li>Start systemet p\u00e5 nytt for \u00e5 se om partisjonen vises.<\/li>\n<\/ul>\n<p><b>Merk:<\/b> Denne metoden er nyttig n\u00e5r en korrupt MBR er \u00e5rsaken til den manglende partisjonen.<\/p>\n<p><b>Konklusjon:<\/b> \u00c5 gjenoppbygge MBR kan gjenopprette tilgang til partisjoner hvis problemet ligger i oppstartsprosessen.<\/p>\n<\/section>\n<section>\n<div>\n<div>3<\/div>\n<h2>Youtube-video \u00e5 se p\u00e5<\/h2>\n<\/div>\n<div class=\"iframe\"><span class=\"lazyload\" data-original_content=\"PGlmcmFtZSB3aWR0aD0iNDIwIiBoZWlnaHQ9IjMxNSIgc3JjPSIvL3d3dy55b3V0dWJlLmNvbS9lbWJlZC9XWTNLWjd2Q2JuZyIgZnJhbWVib3JkZXI9IjAiIGFsbG93ZnVsbHNjcmVlbj48L2lmcmFtZT4=\"><\/span><\/div>\n<\/section>\n<p>&#13;                          <\/p>\n<section>\n<div>\n<div>4<\/div>\n<h2>Forholdsregler og tips:<\/h2>\n<\/div>\n<h3>Beskytt dataene dine &#128737;<\/h3>\n<ul>\n<li>\u00c5 regelmessig lage <b>sikkerhetskopier<\/b> av dataene dine er avgj\u00f8rende for \u00e5 unng\u00e5 \u00e5 miste viktige filer.<\/li>\n<li>Aktiver <b>Systemgjenoppretting<\/b> i Windows for \u00e5 opprette gjenopprettingspunkter f\u00f8r du gj\u00f8r vesentlige endringer p\u00e5 systemet ditt.<\/li>\n<li>Dobbelsjekk alltid f\u00f8r du utf\u00f8rer operasjoner p\u00e5 diskpartisjoner.<\/li>\n<\/ul>\n<h3>Forberedelse er n\u00f8kkelen &#128273;<\/h3>\n<ul>\n<li>Lag en <b>Windows gjenopprettingsstasjon<\/b> for n\u00f8dstilfeller.<\/li>\n<li>Hold et p\u00e5litelig tredjeparts partisjonsgjenopprettingsverkt\u00f8y installert p\u00e5 systemet ditt.<\/li>\n<li>V\u00e6r forsiktig n\u00e5r du installerer ny programvare som kan p\u00e5virke diskpartisjoner.<\/li>\n<\/ul>\n<\/section>\n<p>&#13;                          <\/p>\n<section>\n<div>\n<div>5<\/div>\n<h2>Videre innsikt<\/h2>\n<\/div>\n<p>N\u00e5r det kommer til datagjenoppretting, er <b>tid<\/b> avgj\u00f8rende. Jo lengre du venter etter at en partisjon er slettet, desto h\u00f8yere er sjansen for at nye data skriver over de tapte dataene, noe som gj\u00f8r gjenoppretting mye vanskeligere. Hvis du legger merke til at en partisjon er borte, slutt \u00e5 bruke disken umiddelbart for \u00e5 unng\u00e5 overskriving av slettede data.<\/p>\n<p><b>Datagjenopprettingstjenester<\/b> er ogs\u00e5 et alternativ hvis du ikke er komfortabel med \u00e5 utf\u00f8re disse trinnene selv, eller hvis dataene er spesielt verdifulle. Profesjonelle tjenester som <a href=\"https:\/\/www.drivesaversdatarecovery.com\/\" rel=\"nofollow external noopener noreferrer\" target=\"_blank\" data-wpel-link=\"external\">DriveSavers<\/a> kan ofte gjenopprette partisjoner og data som programvare ikke kan.<\/p>\n<p>Vurder ogs\u00e5 <a href=\"https:\/\/www.microsoft.com\/en-us\/download\/details.aspx?id=10042\" rel=\"nofollow external noopener noreferrer\" target=\"_blank\" data-wpel-link=\"external\">Windows File Recovery<\/a> verkt\u00f8yet, et kommandolinje-verkt\u00f8y fra Microsoft som kan bidra til \u00e5 gjenopprette filer. Selv om det ikke spesifikt gjenoppretter partisjoner, kan det v\u00e6re nyttig for \u00e5 hente tilbake filer etter at du har gjenopprettet partisjonen.<\/p>\n<p>Husk at selv om DIY-l\u00f8sninger fungerer i mange scenarioer, er de ikke idiotsikre. Verdifulle eller sensitive data kan det v\u00e6re best \u00e5 overlate til profesjonelle.<\/p>\n<\/section>\n<section>\n<h2>Konklusjon:<\/h2>\n<div class=\"nonp\">\n<p>I konklusjonen er det definitivt mulig \u00e5 gjenopprette en slettet partisjon p\u00e5 Windows, og det er noe jeg har klart ved flere anledninger. Det krever et visst teknisk kunnskapsniv\u00e5 og noen ganger litt flaks, men med de rette verkt\u00f8yene og teknikkene, som <b>Diskbehandling<\/b>, <b>CHKDSK<\/b>, <b>systemgjenoppretting<\/b>, <b>programvare for gjenoppretting av partisjoner<\/b>, og gjenoppbygging av MBR, er oddsen p\u00e5 din side. Husk bare \u00e5 ta forholdsregler, som regelmessige sikkerhetskopier og opprettelse av en gjenopprettingsstasjon, for \u00e5 beskytte mot datatap i fremtiden. Fremfor alt, ikke f\u00e5 panikk \u2013 hjelpen er vanligvis bare noen f\u00e5 klikk unna.<\/p>\n<\/div>\n<\/section>\n","protected":false},"excerpt":{"rendered":"<p>Hvordan gjenopprette slettet eller tapt partisjon p\u00e5 Windows \u00c5 miste en partisjon p\u00e5 ditt Windows-system kan f\u00f8les som et mareritt for enhver bruker. Enten p\u00e5 grunn av feil handling, skadelig programvare eller enkel menneskelig feil, inneholder ofte en tapt partisjon viktige data som virker uopprettelige. Det finnes imidlertid flere metoder for \u00e5 gjenopprette en slettet [&hellip;]<\/p>\n","protected":false},"author":0,"featured_media":41532,"parent":0,"menu_order":0,"comment_status":"closed","ping_status":"closed","template":"chromecast.php","meta":{"_stopmodifiedupdate":false,"_modified_date":"","_lmt_disableupdate":"","_lmt_disable":""},"acf":[],"yoast_head":"<!-- This site is optimized with the Yoast SEO plugin v20.9 - https:\/\/yoast.com\/wordpress\/plugins\/seo\/ -->\n<title>Slik kan du gjenopprette slettede eller tapte filer i Windows (Guide)<\/title>\n<meta name=\"robots\" content=\"index, follow, max-snippet:-1, max-image-preview:large, max-video-preview:-1\" \/>\n<link rel=\"canonical\" href=\"https:\/\/datarecovery.ping.fm\/no\/deleted-partition-recovery\/\" \/>\n<meta property=\"og:locale\" content=\"nb_NO\" \/>\n<meta property=\"og:type\" content=\"article\" \/>\n<meta property=\"og:title\" content=\"Slik kan du gjenopprette slettede eller tapte filer i Windows (Guide)\" \/>\n<meta property=\"og:description\" content=\"Hvordan gjenopprette slettet eller tapt partisjon p\u00e5 Windows \u00c5 miste en partisjon p\u00e5 ditt Windows-system kan f\u00f8les som et mareritt for enhver bruker. Enten p\u00e5 grunn av feil handling, skadelig programvare eller enkel menneskelig feil, inneholder ofte en tapt partisjon viktige data som virker uopprettelige. Det finnes imidlertid flere metoder for \u00e5 gjenopprette en slettet [&hellip;]\" \/>\n<meta property=\"og:url\" content=\"https:\/\/datarecovery.ping.fm\/no\/deleted-partition-recovery\/\" \/>\n<meta property=\"og:site_name\" content=\"Data Recovery Software\" \/>\n<meta property=\"article:modified_time\" content=\"2024-04-16T11:06:56+00:00\" \/>\n<meta property=\"og:image\" content=\"https:\/\/datarecovery.ping.fm\/wp-content\/uploads\/2024\/04\/How-to-Recover-Deleted-or-Lost-Partition-on-Windows-Norwegian.jpg\" \/>\n\t<meta property=\"og:image:width\" content=\"1280\" \/>\n\t<meta property=\"og:image:height\" content=\"731\" \/>\n\t<meta property=\"og:image:type\" content=\"image\/jpeg\" \/>\n<meta name=\"twitter:card\" content=\"summary_large_image\" \/>\n<meta name=\"twitter:label1\" content=\"Est. reading time\" \/>\n\t<meta name=\"twitter:data1\" content=\"5 minutter\" \/>\n<script type=\"application\/ld+json\" class=\"yoast-schema-graph\">{\"@context\":\"https:\/\/schema.org\",\"@graph\":[{\"@type\":\"WebPage\",\"@id\":\"https:\/\/datarecovery.ping.fm\/no\/deleted-partition-recovery\/\",\"url\":\"https:\/\/datarecovery.ping.fm\/no\/deleted-partition-recovery\/\",\"name\":\"Slik kan du gjenopprette slettede eller tapte filer i Windows (Guide)\",\"isPartOf\":{\"@id\":\"https:\/\/datarecovery.ping.fm\/no\/#website\"},\"datePublished\":\"2024-01-30T08:57:53+00:00\",\"dateModified\":\"2024-04-16T11:06:56+00:00\",\"breadcrumb\":{\"@id\":\"https:\/\/datarecovery.ping.fm\/no\/deleted-partition-recovery\/#breadcrumb\"},\"inLanguage\":\"nb-NO\",\"potentialAction\":[{\"@type\":\"ReadAction\",\"target\":[\"https:\/\/datarecovery.ping.fm\/no\/deleted-partition-recovery\/\"]}]},{\"@type\":\"BreadcrumbList\",\"@id\":\"https:\/\/datarecovery.ping.fm\/no\/deleted-partition-recovery\/#breadcrumb\",\"itemListElement\":[{\"@type\":\"ListItem\",\"position\":1,\"name\":\"Home\",\"item\":\"https:\/\/datarecovery.ping.fm\/no\/\"},{\"@type\":\"ListItem\",\"position\":2,\"name\":\"Slik kan du gjenopprette slettede eller tapte partisjoner i Windows.\"}]},{\"@type\":\"WebSite\",\"@id\":\"https:\/\/datarecovery.ping.fm\/no\/#website\",\"url\":\"https:\/\/datarecovery.ping.fm\/no\/\",\"name\":\"Data Recovery Software\",\"description\":\"\",\"potentialAction\":[{\"@type\":\"SearchAction\",\"target\":{\"@type\":\"EntryPoint\",\"urlTemplate\":\"https:\/\/datarecovery.ping.fm\/no\/?s={search_term_string}\"},\"query-input\":\"required name=search_term_string\"}],\"inLanguage\":\"nb-NO\"}]}<\/script>\n<!-- \/ Yoast SEO plugin. -->","yoast_head_json":{"title":"Slik kan du gjenopprette slettede eller tapte filer i Windows (Guide)","robots":{"index":"index","follow":"follow","max-snippet":"max-snippet:-1","max-image-preview":"max-image-preview:large","max-video-preview":"max-video-preview:-1"},"canonical":"https:\/\/datarecovery.ping.fm\/no\/deleted-partition-recovery\/","og_locale":"nb_NO","og_type":"article","og_title":"Slik kan du gjenopprette slettede eller tapte filer i Windows (Guide)","og_description":"Hvordan gjenopprette slettet eller tapt partisjon p\u00e5 Windows \u00c5 miste en partisjon p\u00e5 ditt Windows-system kan f\u00f8les som et mareritt for enhver bruker. Enten p\u00e5 grunn av feil handling, skadelig programvare eller enkel menneskelig feil, inneholder ofte en tapt partisjon viktige data som virker uopprettelige. Det finnes imidlertid flere metoder for \u00e5 gjenopprette en slettet [&hellip;]","og_url":"https:\/\/datarecovery.ping.fm\/no\/deleted-partition-recovery\/","og_site_name":"Data Recovery Software","article_modified_time":"2024-04-16T11:06:56+00:00","og_image":[{"width":1280,"height":731,"url":"https:\/\/datarecovery.ping.fm\/wp-content\/uploads\/2024\/04\/How-to-Recover-Deleted-or-Lost-Partition-on-Windows-Norwegian.jpg","type":"image\/jpeg"}],"twitter_card":"summary_large_image","twitter_misc":{"Est. reading time":"5 minutter"},"schema":{"@context":"https:\/\/schema.org","@graph":[{"@type":"WebPage","@id":"https:\/\/datarecovery.ping.fm\/no\/deleted-partition-recovery\/","url":"https:\/\/datarecovery.ping.fm\/no\/deleted-partition-recovery\/","name":"Slik kan du gjenopprette slettede eller tapte filer i Windows (Guide)","isPartOf":{"@id":"https:\/\/datarecovery.ping.fm\/no\/#website"},"datePublished":"2024-01-30T08:57:53+00:00","dateModified":"2024-04-16T11:06:56+00:00","breadcrumb":{"@id":"https:\/\/datarecovery.ping.fm\/no\/deleted-partition-recovery\/#breadcrumb"},"inLanguage":"nb-NO","potentialAction":[{"@type":"ReadAction","target":["https:\/\/datarecovery.ping.fm\/no\/deleted-partition-recovery\/"]}]},{"@type":"BreadcrumbList","@id":"https:\/\/datarecovery.ping.fm\/no\/deleted-partition-recovery\/#breadcrumb","itemListElement":[{"@type":"ListItem","position":1,"name":"Home","item":"https:\/\/datarecovery.ping.fm\/no\/"},{"@type":"ListItem","position":2,"name":"Slik kan du gjenopprette slettede eller tapte partisjoner i Windows."}]},{"@type":"WebSite","@id":"https:\/\/datarecovery.ping.fm\/no\/#website","url":"https:\/\/datarecovery.ping.fm\/no\/","name":"Data Recovery Software","description":"","potentialAction":[{"@type":"SearchAction","target":{"@type":"EntryPoint","urlTemplate":"https:\/\/datarecovery.ping.fm\/no\/?s={search_term_string}"},"query-input":"required name=search_term_string"}],"inLanguage":"nb-NO"}]}},"_links":{"self":[{"href":"https:\/\/datarecovery.ping.fm\/no\/wp-json\/wp\/v2\/pages\/41531"}],"collection":[{"href":"https:\/\/datarecovery.ping.fm\/no\/wp-json\/wp\/v2\/pages"}],"about":[{"href":"https:\/\/datarecovery.ping.fm\/no\/wp-json\/wp\/v2\/types\/page"}],"replies":[{"embeddable":true,"href":"https:\/\/datarecovery.ping.fm\/no\/wp-json\/wp\/v2\/comments?post=41531"}],"version-history":[{"count":0,"href":"https:\/\/datarecovery.ping.fm\/no\/wp-json\/wp\/v2\/pages\/41531\/revisions"}],"wp:featuredmedia":[{"embeddable":true,"href":"https:\/\/datarecovery.ping.fm\/no\/wp-json\/wp\/v2\/media\/41532"}],"wp:attachment":[{"href":"https:\/\/datarecovery.ping.fm\/no\/wp-json\/wp\/v2\/media?parent=41531"}],"curies":[{"name":"wp","href":"https:\/\/api.w.org\/{rel}","templated":true}]}}