{"id":41081,"date":"2024-01-22T08:55:46","date_gmt":"2024-01-22T08:55:46","guid":{"rendered":"https:\/\/www.ping.fm\/data-recovery-software\/recover-deleted-photos-iphone\/"},"modified":"2024-04-15T19:02:45","modified_gmt":"2024-04-15T19:02:45","slug":"recover-deleted-photos-iphone","status":"publish","type":"page","link":"https:\/\/datarecovery.ping.fm\/no\/recover-deleted-photos-iphone\/","title":{"rendered":"Slik kan du gjenopprette bilder som er permanent slettet fra iPhone."},"content":{"rendered":"<section>\n<h1>Hvordan gjenopprette permanent slettede bilder fra en iPhone<\/h1>\n<div class=\"inbrief\">\n<div>&#13;              <img decoding=\"async\" class=\"lazyload\"  srcset=\"data:image\/png;base64,iVBORw0KGgoAAAANSUhEUgAABLAAAAKkAQMAAAAqeFQ7AAAAA3NCSVQICAjb4U\/gAAAABlBMVEX\/\/\/\/\/\/\/9VfPVsAAAAAnRSTlMA\/1uRIrUAAAAJcEhZcwAACxIAAAsSAdLdfvwAAAAcdEVYdFNvZnR3YXJlAEFkb2JlIEZpcmV3b3JrcyBDUzbovLKMAAAAFnRFWHRDcmVhdGlvbi TUAAAIAHA47LAAHp9LjEAAAAAElFTkSuQmCC\" src=\"https:\/\/www.ping.fm\/data-recovery-software\/wp-content\/uploads\/ai\/How-to-Recover-Permanently-Deleted-Photos-from-an-iPhone-Norwegian.jpg\" data-srcset=\"https:\/\/www.ping.fm\/data-recovery-software\/wp-content\/uploads\/ai\/How-to-Recover-Permanently-Deleted-Photos-from-an-iPhone-Norwegian.jpg\" data-lazy-type=\"image\" data-original=\"https:\/\/www.ping.fm\/data-recovery-software\/wp-content\/uploads\/ai\/How-to-Recover-Permanently-Deleted-Photos-from-an-iPhone-Norwegian.jpg\" alt=\"How to Recover Permanently Deleted Photos from an iPhone\" title=\"How to Recover Permanently Deleted Photos from an iPhone\" width=\"1280\" height=\"720\">&#13;              <\/p>\n<p>I den digitale \u00e6raen fungerer v\u00e5re iPhones som hvelv for utallige minner i form av bilder. Men hva skjer n\u00e5r de dyrebare \u00f8yeblikkene tilsynelatende er tapt for alltid? Hvis du ved et uhell har slettet dine dyrebare bilder, fortvil ikke. Det finnes flere metoder for \u00e5 hente tilbake mistede bilder, selv etter at de er permanent slettet fra din iPhone. I denne guiden vil jeg ta deg gjennom min personlige reise for \u00e5 gjenopprette permanent slettede bilder, og dele strategiene som hjalp meg \u00e5 lykkes. For \u00e5 ytterligere assistere deg, anbefaler jeg \u00e5 lese om hvordan et lignende problem blir taklet n\u00e5r <a href=\"https:\/\/applesn.info\/2023\/11\/03\/how-to-fix-photos-disappeared-from-an-iphone-camera-roll\/\" rel=\"dofollow external noopener noreferrer\" target=\"_blank\" data-wpel-link=\"external\">bilder forsvinner fra iPhone-kamerarullen<\/a>, som beskriver noen fikser du kan pr\u00f8ve hvis bildene dine forsvinner fra kamerarullen.<\/p>\n<\/div>\n<\/div>\n<\/section>\n<p>&#13;              <\/p>\n<section>\n<div>\n<div>1<\/div>\n<h2>Vanlige situasjoner:<\/h2>\n<\/div>\n<h3>Uheldig sletting &#128465;<\/h3>\n<ul>\n<li>Mens jeg pr\u00f8vde \u00e5 frigj\u00f8re plass p\u00e5 min iPhone, valgte og slettet jeg ved et uhell noen viktige bilder fra &laquo;Nylig slettet&raquo;-albumet, noe som gjorde slettingen permanent.<\/li>\n<li>Under en rutinemessig opprydning, bekreftet jeg ved et uhell slettingen av et helt album som inneholdt bilder jeg hadde tenkt \u00e5 beholde.<\/li>\n<li>Mitt barn fikk tilgang til min iPhone og slettet utilsiktet noen familiebilder som ikke var sikkerhetskopiert noe annet sted.<\/li>\n<\/ul>\n<h3>Programvareoppdatering g\u00e5tt galt &#128295;<\/h3>\n<ul>\n<li>Jeg oppdaterte min iPhone til den nyeste iOS-versjonen, bare for \u00e5 finne ut at noen av bildene mine manglet etter at oppdateringen var ferdig.<\/li>\n<li>I fors\u00f8ket p\u00e5 \u00e5 jailbreake min iPhone gikk noe galt, noe som f\u00f8rte til tap av flere fotoalbum.<\/li>\n<\/ul>\n<h3>Tekniske uhell &#128736;<\/h3>\n<ul>\n<li>Min iPhone led en alvorlig kr\u00e6sj, og ved omstart la jeg merke til at noen av bildene mine ikke lenger var i fotobiblioteket.<\/li>\n<li>Jeg opplevde synkroniseringsproblemer mellom min iPhone og iCloud, noe som f\u00f8rte til inkonsistenser i mine fotoalbum, inkludert forsvinningen av enkelte bilder.<\/li>\n<li>Maskinvaresvikt, slik som en defekt lagringsbrikke, resulterte i \u00f8deleggelsen og p\u00e5f\u00f8lgende tap av mine dyrebare bilder.<\/li>\n<\/ul>\n<\/section>\n<p>&#13;              <\/p>\n<section class=\"stepByStep\">\n<div>\n<div>2<\/div>\n<h2>Trinn-for-trinn-guide. Gjenopprett permanent slettede bilder iPhone:<\/h2>\n<\/div>\n<h3>Metode 1: Gjenopprett fra Nylig slettet &#128338;<\/h3>\n<ul>\n<li>\u00c5pne <b>Photos<\/b>-appen p\u00e5 din iPhone.<\/li>\n<li>Scroll ned og trykk p\u00e5 <b>Album<\/b>-fanen.<\/li>\n<li>Se etter <b>Nylig slettet<\/b>-albumet og \u00e5pne det.<\/li>\n<li>Velg <b>bildene<\/b> du \u00f8nsker \u00e5 gjenopprette, og trykk <b>Gjenopprett<\/b>.<\/li>\n<li>Bekreft at du vil gjenopprette de valgte bildene.<\/li>\n<\/ul>\n<p><b>Merk:<\/b> Denne metoden er kun effektiv hvis bildene ble slettet innen de siste 30 dagene og ikke har blitt fjernet fra Nylig slettet-albumet.<\/p>\n<p><b>Konklusjon:<\/b> \u00c5 gjenopprette bilder fra Nylig slettet-albumet er den f\u00f8rste handlingslinjen og er forbausende enkel hvis bildene nylig ble slettet.<\/p>\n<h3>Metode 2: Gjenopprett fra en iCloud-sikkerhetskopi &#128190;<\/h3>\n<ul>\n<li>F\u00f8r du fortsetter, s\u00f8rg for at du har en <b>iCloud-sikkerhetskopi<\/b> som er eldre enn bildeslettingen.<\/li>\n<li>Bes\u00f8k <a href=\"https:\/\/www.icloud.com\/\" rel=\"nofollow external noopener noreferrer\" target=\"_blank\" data-wpel-link=\"external\">iCloud.com<\/a> p\u00e5 en datamaskin og logg inn med dine Apple ID-legitimasjoner.<\/li>\n<li>Naviger til <b>Photos<\/b> og sjekk om de slettede bildene dine er tilgjengelige p\u00e5 nettet.<\/li>\n<li>Hvis bildene dine ikke er p\u00e5 iCloud.com, m\u00e5 du kanskje utf\u00f8re en fullstendig gjenoppretting. P\u00e5 iPhone, g\u00e5 til <b>Innstillinger<\/b> > Generelt > Nullstill > <b>Slett alt innhold og innstillinger<\/b>.<\/li>\n<li>Etter at din iPhone restartes, f\u00f8lg instruksjonene p\u00e5 skjermen for \u00e5 <b>Gjenopprett fra iCloud-sikkerhetskopi<\/b> under oppsettsprosessen. Velg en sikkerhetskopi som inneholder de tapte bildene.<\/li>\n<\/ul>\n<p><b>Merk:<\/b> Gjenoppretting fra en iCloud-sikkerhetskopi vil erstatte all n\u00e5v\u00e6rende data p\u00e5 din iPhone med data fra sikkerhetskopien, s\u00e5 fortsett med forsiktighet.<\/p>\n<p><b>Konklusjon:<\/b> Hvis bildene du leter etter \u00e5 gjenopprette er inkludert i en tidligere laget iCloud-sikkerhetskopi, kan denne metoden v\u00e6re sv\u00e6rt effektiv, selv om det er en risiko for datatap.<\/p>\n<h3>Metode 3: Hent fra iTunes\/Finder-sikkerhetskopi &#128421;<\/h3>\n<ul>\n<li>Koble din iPhone til en datamaskin hvor du tidligere har utf\u00f8rt en sikkerhetskopi ved hjelp av <b>iTunes<\/b> (p\u00e5 macOS Mojave eller tidligere\/Windows) eller <b>Finder<\/b> (p\u00e5 macOS Catalina eller senere).<\/li>\n<li>\u00c5pne iTunes eller Finder, avhengig av operativsystemet ditt.<\/li>\n<li>Velg enheten din n\u00e5r den dukker opp i programvaren.<\/li>\n<li>Velg <b>Gjenopprett sikkerhetskopi<\/b> og plukk ut den mest relevante sikkerhetskopien som inneholder dine tapte bilder.<\/li>\n<li>Klikk <b>Gjenopprett<\/b> og vent til prosessen er fullf\u00f8rt.<\/li>\n<\/ul>\n<p><b>Merk:<\/b> Liknende til iCloud-gjenopprettingsmetoden vil dette erstatte dataene p\u00e5 din iPhone med innholdet fra den valgte sikkerhetskopien.<\/p>\n<p><b>Konklusjon:<\/b> Hvis du regelmessig sikkerhetskopierer med iTunes eller Finder, kan denne metoden v\u00e6re en livredder ved \u00e5 fullstendig gjenopprette din iPhone, inkludert dine ved et uhell slettede bilder.<\/p>\n<h3>Metode 4: Bruk tredjeparts gjenopprettingsprogramvare &#128736;<\/h3>\n<ul>\n<li>Last ned og installer anerkjent tredjeparts <b>datarekonstruksjonsprogramvare<\/b> p\u00e5 datamaskinen din.<\/li>\n<li>Koble iPhone til datamaskinen og start gjenopprettingsprogramvaren.<\/li>\n<li>F\u00f8lg instruksjonene p\u00e5 skjermen for \u00e5 skanne din iPhone for gjenopprettbare bilder.<\/li>\n<li>Forh\u00e5ndsvis de funnede bildene, velg de du \u00f8nsker \u00e5 gjenopprette, og fortsett med gjenopprettingsprosessen.<\/li>\n<li>Lagre de gjenopprettede bildene til datamaskinen din.<\/li>\n<\/ul>\n<p><b>Merk:<\/b> Ikke all tredjepartsprogramvare kan garantere gjenoppretting, og noen kan kreve et kj\u00f8p for full funksjonalitet.<\/p>\n<p><b>Konklusjon:<\/b> Tredjeparts gjenopprettingsprogramvare kan v\u00e6re et kraftfullt alternativ, som er i stand til \u00e5 hente bilder som andre metoder ikke kan, selv om det ofte er en kostnad involvert.<\/p>\n<h3>Metode 5: Sjekk andre enheter synkronisert med iCloud &#128260;<\/h3>\n<ul>\n<li>Hvis du har andre enheter (som en iPad eller Mac) synkronisert med den samme iCloud-kontoen, \u00e5pne <b>Photos<\/b>-appen p\u00e5 disse enhetene.<\/li>\n<li>S\u00f8k etter de slettede bildene i <b>Nylig slettet<\/b>-albumet eller hovedfotobiblioteket.<\/li>\n<li>Hvis funnet, kan du dele dem tilbake til din iPhone via <b>AirDrop<\/b>, e-post eller gjennom iCloud Photo Sharing.<\/li>\n<\/ul>\n<p><b>Merk:<\/b> Denne metoden fungerer bare hvis bildene ikke er slettet fra de synkroniserte enhetene eller iCloud selv.<\/p>\n<p><b>Konklusjon:<\/b> \u00c5 utnytte andre enheter synkronisert med din iCloud-konto kan uventet redde dagen, og tilby en enkel m\u00e5te \u00e5 gjenopprette dine tapte minner p\u00e5.<\/p>\n<\/section>\n<section>\n<div>\n<div>3<\/div>\n<h2>Youtube-video \u00e5 se p\u00e5<\/h2>\n<\/div>\n<div class=\"iframe\"><span class=\"lazyload\" data-original_content=\"PGlmcmFtZSB3aWR0aD0iNDIwIiBoZWlnaHQ9IjMxNSIgc3JjPSIvL3d3dy55b3V0dWJlLmNvbS9lbWJlZC84WF80bHdPMUZjMCIgZnJhbWVib3JkZXI9IjAiIGFsbG93ZnVsbHNjcmVlbj48L2lmcmFtZT4=\"><\/span><\/div>\n<\/section>\n<p>&#13;                          <\/p>\n<section>\n<div>\n<div>4<\/div>\n<h2>Forholdsregler og tips:<\/h2>\n<\/div>\n<h3>Backup-strategier for \u00e5 forhindre tap &#128737;<\/h3>\n<ul>\n<li>Regelmessig sikkerhetskopier din iPhone til iCloud eller en datamaskin for \u00e5 beskytte mot utilsiktet sletting.<\/li>\n<li>Vurder \u00e5 bruke ekstra skytjenester som Google Photos eller Dropbox for ekstra redundans.<\/li>\n<li>Sl\u00e5 p\u00e5 <b>iCloud Photos<\/b> for \u00e5 holde hele bildesamlingen din trygt lagret og oppdatert p\u00e5 alle enhetene dine.<\/li>\n<li>V\u00e6r p\u00e5 vakt n\u00e5r du gir din iPhone til barn eller andre som kan slette innhold utilsiktet.<\/li>\n<\/ul>\n<\/section>\n<p>&#13;                          <\/p>\n<section>\n<div>\n<div>5<\/div>\n<h2>Innsikt i datagjenoppretting<\/h2>\n<\/div>\n<p>Tap av bilder p\u00e5 en iPhone kan v\u00e6re en utrolig stressende hendelse, spesielt hvis de slettede bildene har affeksjonsverdi. Utover metodene jeg har skissert, er det viktig \u00e5 forst\u00e5 den tekniske siden av datagjenoppretting. N\u00e5r du sletter et bilde fra din iPhone, blir det ikke umiddelbart fjernet fra enhetens lagring. I stedet blir plassen det opptar merket som tilgjengelig for \u00e5 bli overskrevet av nye data. Dette betyr at rask handling er avgj\u00f8rende for gjenoppretting, ideelt sett f\u00f8r du tar nye bilder eller laster ned apper som kan overskrive de &#8216;slettede&#8217; bildene.<\/p>\n<p>Videre kan juridiske programmer som Digital Forensics Framework eller \u00e5pen kildekode-verkt\u00f8y som Photorec noen ganger brukes til fotogjenoppretting, selv om disse teknikkene generelt krever et h\u00f8yere niv\u00e5 av teknisk ferdighet og medf\u00f8rer sine egne sett med risikoer. Det er best \u00e5 bruke profesjonelle tjenester hvis denne veien vurderes.<\/p>\n<p>Til slutt, husk at det alltid er lettere \u00e5 forhindre tap av data enn \u00e5 gjenopprette. \u00c5 praktisere god digital hygiene, jevnlig sikkerhetskopiering av dataene dine og \u00e5 v\u00e6re oppmerksom p\u00e5 fysisk enhetssikkerhet er de beste strategiene for \u00e5 holde dataene dine trygge.<\/p>\n<\/section>\n<section>\n<h2>Konklusjon:<\/h2>\n<div class=\"nonp\">\n<p>For \u00e5 avslutte min detaljerte guide om \u00e5 gjenopprette permanent slettede bilder fra en iPhone, er det klart at det finnes flere metoder \u00e5 utforske. Enten du benytter deg av innebygde gjenopprettingsalternativer, stoler p\u00e5 sikkerhetskopier, eller tyr til programvare fra tredjeparter, er det en god sjanse for \u00e5 f\u00e5 tilbake dine dyrebare bilder. Likevel er forebygging alltid bedre enn behandling. Regelmessige sikkerhetskopier og forsiktig h\u00e5ndtering av din iPhone kan hjelpe deg med \u00e5 unng\u00e5 scenarier hvor bilder g\u00e5r tapt. Husk, n\u00e5r en uventet sletting inntreffer, kan rask og informert handling bety forskjellen mellom fortvilelse og lettelse.<\/p>\n<\/div>\n<\/section>\n","protected":false},"excerpt":{"rendered":"<p>Hvordan gjenopprette permanent slettede bilder fra en iPhone &#13; &#13; I den digitale \u00e6raen fungerer v\u00e5re iPhones som hvelv for utallige minner i form av bilder. Men hva skjer n\u00e5r de dyrebare \u00f8yeblikkene tilsynelatende er tapt for alltid? Hvis du ved et uhell har slettet dine dyrebare bilder, fortvil ikke. Det finnes flere metoder for [&hellip;]<\/p>\n","protected":false},"author":0,"featured_media":41082,"parent":0,"menu_order":0,"comment_status":"closed","ping_status":"closed","template":"chromecast.php","meta":{"_stopmodifiedupdate":false,"_modified_date":"","_lmt_disableupdate":"","_lmt_disable":""},"acf":[],"yoast_head":"<!-- This site is optimized with the Yoast SEO plugin v20.9 - https:\/\/yoast.com\/wordpress\/plugins\/seo\/ -->\n<title>Slik kan du alltid gjenopprette bilder som er permanent slettet fra iPhone | 2024<\/title>\n<meta name=\"robots\" content=\"index, follow, max-snippet:-1, max-image-preview:large, max-video-preview:-1\" \/>\n<link rel=\"canonical\" href=\"https:\/\/datarecovery.ping.fm\/no\/recover-deleted-photos-iphone\/\" \/>\n<meta property=\"og:locale\" content=\"nb_NO\" \/>\n<meta property=\"og:type\" content=\"article\" \/>\n<meta property=\"og:title\" content=\"Slik kan du alltid gjenopprette bilder som er permanent slettet fra iPhone | 2024\" \/>\n<meta property=\"og:description\" content=\"Hvordan gjenopprette permanent slettede bilder fra en iPhone &#013; &#013; I den digitale \u00e6raen fungerer v\u00e5re iPhones som hvelv for utallige minner i form av bilder. Men hva skjer n\u00e5r de dyrebare \u00f8yeblikkene tilsynelatende er tapt for alltid? Hvis du ved et uhell har slettet dine dyrebare bilder, fortvil ikke. Det finnes flere metoder for [&hellip;]\" \/>\n<meta property=\"og:url\" content=\"https:\/\/datarecovery.ping.fm\/no\/recover-deleted-photos-iphone\/\" \/>\n<meta property=\"og:site_name\" content=\"Data Recovery Software\" \/>\n<meta property=\"article:modified_time\" content=\"2024-04-15T19:02:45+00:00\" \/>\n<meta property=\"og:image\" content=\"https:\/\/datarecovery.ping.fm\/wp-content\/uploads\/2024\/04\/How-to-Recover-Permanently-Deleted-Photos-from-an-iPhone-Norwegian.jpg\" \/>\n\t<meta property=\"og:image:width\" content=\"1280\" \/>\n\t<meta property=\"og:image:height\" content=\"731\" \/>\n\t<meta property=\"og:image:type\" content=\"image\/jpeg\" \/>\n<meta name=\"twitter:card\" content=\"summary_large_image\" \/>\n<meta name=\"twitter:label1\" content=\"Est. reading time\" \/>\n\t<meta name=\"twitter:data1\" content=\"6 minutter\" \/>\n<script type=\"application\/ld+json\" class=\"yoast-schema-graph\">{\"@context\":\"https:\/\/schema.org\",\"@graph\":[{\"@type\":\"WebPage\",\"@id\":\"https:\/\/datarecovery.ping.fm\/no\/recover-deleted-photos-iphone\/\",\"url\":\"https:\/\/datarecovery.ping.fm\/no\/recover-deleted-photos-iphone\/\",\"name\":\"Slik kan du alltid gjenopprette bilder som er permanent slettet fra iPhone | 2024\",\"isPartOf\":{\"@id\":\"https:\/\/datarecovery.ping.fm\/no\/#website\"},\"datePublished\":\"2024-01-22T08:55:46+00:00\",\"dateModified\":\"2024-04-15T19:02:45+00:00\",\"breadcrumb\":{\"@id\":\"https:\/\/datarecovery.ping.fm\/no\/recover-deleted-photos-iphone\/#breadcrumb\"},\"inLanguage\":\"nb-NO\",\"potentialAction\":[{\"@type\":\"ReadAction\",\"target\":[\"https:\/\/datarecovery.ping.fm\/no\/recover-deleted-photos-iphone\/\"]}]},{\"@type\":\"BreadcrumbList\",\"@id\":\"https:\/\/datarecovery.ping.fm\/no\/recover-deleted-photos-iphone\/#breadcrumb\",\"itemListElement\":[{\"@type\":\"ListItem\",\"position\":1,\"name\":\"Home\",\"item\":\"https:\/\/datarecovery.ping.fm\/no\/\"},{\"@type\":\"ListItem\",\"position\":2,\"name\":\"Slik kan du gjenopprette bilder som er permanent slettet fra iPhone.\"}]},{\"@type\":\"WebSite\",\"@id\":\"https:\/\/datarecovery.ping.fm\/no\/#website\",\"url\":\"https:\/\/datarecovery.ping.fm\/no\/\",\"name\":\"Data Recovery Software\",\"description\":\"\",\"potentialAction\":[{\"@type\":\"SearchAction\",\"target\":{\"@type\":\"EntryPoint\",\"urlTemplate\":\"https:\/\/datarecovery.ping.fm\/no\/?s={search_term_string}\"},\"query-input\":\"required name=search_term_string\"}],\"inLanguage\":\"nb-NO\"}]}<\/script>\n<!-- \/ Yoast SEO plugin. -->","yoast_head_json":{"title":"Slik kan du alltid gjenopprette bilder som er permanent slettet fra iPhone | 2024","robots":{"index":"index","follow":"follow","max-snippet":"max-snippet:-1","max-image-preview":"max-image-preview:large","max-video-preview":"max-video-preview:-1"},"canonical":"https:\/\/datarecovery.ping.fm\/no\/recover-deleted-photos-iphone\/","og_locale":"nb_NO","og_type":"article","og_title":"Slik kan du alltid gjenopprette bilder som er permanent slettet fra iPhone | 2024","og_description":"Hvordan gjenopprette permanent slettede bilder fra en iPhone &#13; &#13; I den digitale \u00e6raen fungerer v\u00e5re iPhones som hvelv for utallige minner i form av bilder. Men hva skjer n\u00e5r de dyrebare \u00f8yeblikkene tilsynelatende er tapt for alltid? Hvis du ved et uhell har slettet dine dyrebare bilder, fortvil ikke. Det finnes flere metoder for [&hellip;]","og_url":"https:\/\/datarecovery.ping.fm\/no\/recover-deleted-photos-iphone\/","og_site_name":"Data Recovery Software","article_modified_time":"2024-04-15T19:02:45+00:00","og_image":[{"width":1280,"height":731,"url":"https:\/\/datarecovery.ping.fm\/wp-content\/uploads\/2024\/04\/How-to-Recover-Permanently-Deleted-Photos-from-an-iPhone-Norwegian.jpg","type":"image\/jpeg"}],"twitter_card":"summary_large_image","twitter_misc":{"Est. reading time":"6 minutter"},"schema":{"@context":"https:\/\/schema.org","@graph":[{"@type":"WebPage","@id":"https:\/\/datarecovery.ping.fm\/no\/recover-deleted-photos-iphone\/","url":"https:\/\/datarecovery.ping.fm\/no\/recover-deleted-photos-iphone\/","name":"Slik kan du alltid gjenopprette bilder som er permanent slettet fra iPhone | 2024","isPartOf":{"@id":"https:\/\/datarecovery.ping.fm\/no\/#website"},"datePublished":"2024-01-22T08:55:46+00:00","dateModified":"2024-04-15T19:02:45+00:00","breadcrumb":{"@id":"https:\/\/datarecovery.ping.fm\/no\/recover-deleted-photos-iphone\/#breadcrumb"},"inLanguage":"nb-NO","potentialAction":[{"@type":"ReadAction","target":["https:\/\/datarecovery.ping.fm\/no\/recover-deleted-photos-iphone\/"]}]},{"@type":"BreadcrumbList","@id":"https:\/\/datarecovery.ping.fm\/no\/recover-deleted-photos-iphone\/#breadcrumb","itemListElement":[{"@type":"ListItem","position":1,"name":"Home","item":"https:\/\/datarecovery.ping.fm\/no\/"},{"@type":"ListItem","position":2,"name":"Slik kan du gjenopprette bilder som er permanent slettet fra iPhone."}]},{"@type":"WebSite","@id":"https:\/\/datarecovery.ping.fm\/no\/#website","url":"https:\/\/datarecovery.ping.fm\/no\/","name":"Data Recovery Software","description":"","potentialAction":[{"@type":"SearchAction","target":{"@type":"EntryPoint","urlTemplate":"https:\/\/datarecovery.ping.fm\/no\/?s={search_term_string}"},"query-input":"required name=search_term_string"}],"inLanguage":"nb-NO"}]}},"_links":{"self":[{"href":"https:\/\/datarecovery.ping.fm\/no\/wp-json\/wp\/v2\/pages\/41081"}],"collection":[{"href":"https:\/\/datarecovery.ping.fm\/no\/wp-json\/wp\/v2\/pages"}],"about":[{"href":"https:\/\/datarecovery.ping.fm\/no\/wp-json\/wp\/v2\/types\/page"}],"replies":[{"embeddable":true,"href":"https:\/\/datarecovery.ping.fm\/no\/wp-json\/wp\/v2\/comments?post=41081"}],"version-history":[{"count":0,"href":"https:\/\/datarecovery.ping.fm\/no\/wp-json\/wp\/v2\/pages\/41081\/revisions"}],"wp:featuredmedia":[{"embeddable":true,"href":"https:\/\/datarecovery.ping.fm\/no\/wp-json\/wp\/v2\/media\/41082"}],"wp:attachment":[{"href":"https:\/\/datarecovery.ping.fm\/no\/wp-json\/wp\/v2\/media?parent=41081"}],"curies":[{"name":"wp","href":"https:\/\/api.w.org\/{rel}","templated":true}]}}