{"id":39662,"date":"2024-01-22T21:14:41","date_gmt":"2024-01-22T21:14:41","guid":{"rendered":"https:\/\/www.ping.fm\/data-recovery-software\/best-android-cleaners\/"},"modified":"2024-04-09T17:42:59","modified_gmt":"2024-04-09T17:42:59","slug":"best-android-cleaners","status":"publish","type":"page","link":"https:\/\/datarecovery.ping.fm\/no\/best-android-cleaners\/","title":{"rendered":"Beste gratis rengj\u00f8ringsapp for Android-telefoner"},"content":{"rendered":"<section>\n<h1>Beste GRATIS rensingsapper for Android-telefoner<\/h1>\n<div class=\"inbrief\">\n<div>             <img src=\"https:\/\/www.ping.fm\/data-recovery-software\/wp-content\/uploads\/ai\/Best-FREE-Android-Phone-Cleaner-Apps-Norwegian.jpg\" alt=\"Beste GRATIS rensingsapper for Android-telefoner\" title=\"Beste GRATIS rensingsapper for Android-telefoner\" width=\"1280\" height=\"720\">             <\/p>\n<p>Med utallige apper tilgjengelig for Android, kan smarttelefoner ofte bli overbelastet med overfl\u00f8dige filer og bakgrunnsprosesser. Dette er hvor rensingsapper kan v\u00e6re nyttige, ved \u00e5 hjelpe deg med \u00e5 frigj\u00f8re plass, forbedre ytelse, og forlenge batterilevetiden. Nedenfor deler jeg mine erfaringer med de beste gratis <b>renseappene for Android-telefoner<\/b> som har betydelig forbedret funksjonaliteten til enheten min.<\/p>\n<\/div>\n<\/div>\n<\/section>\n<section>\n<div class=\"medal\">\n<div>&#129351;<\/div>\n<\/div>\n<h2><a href=\"https:\/\/www.ccleaner.com\/ccleaner-android\" rel=\"nofollow noopener\" target=\"_blank\">CCleaner<\/a><\/h2>\n<p><img src=\"https:\/\/www.ping.fm\/data-recovery-software\/wp-content\/uploads\/ai\/https---www-ccleaner-com-ccleaner-androidNorwegian.jpg\"><\/p>\n<p><b>CCleaner<\/b> for Android er et allsidig rensingsverkt\u00f8y som jeg ofte har brukt til \u00e5 rydde opp i cache, slette junkfiler, og viske bort nettleserhistorikk. Brukergrensesnittet er enkelt, noe som gj\u00f8r rutinemessige vedlikeholdssjekker enkelt. Jeg har merket at denne appen ogs\u00e5 tilbyr systemoverv\u00e5king, som gir innsikt i enhetens ytelse.<\/p>\n<p><a href=\"https:\/\/www.ccleaner.com\/ccleaner-android\" rel=\"nofollow noopener\" target=\"_blank\" class=\"ofWSite\">Offisiell nettside<\/a><\/p>\n<h3 class=\"prosTitle\">Fordeler<\/h3>\n<ul class=\"listpc pros\">\n<li>Brukervennlig grensesnitt<\/li>\n<li>Effektiv fjerning av un\u00f8dige filer<\/li>\n<li>Systemoverv\u00e5kingsfunksjoner<\/li>\n<\/ul>\n<h3 class=\"consTitle\">Ulemper<\/h3>\n<ul class=\"listpc cons\">\n<li>Av og til reklame i gratisversjonen<\/li>\n<li>Noen avanserte funksjoner er betalte<\/li>\n<\/ul>\n<\/section>\n<section>\n<div class=\"medal\">\n<div>&#129352;<\/div>\n<\/div>\n<h2><a href=\"https:\/\/www.avast.com\/en-us\/cleanup\" rel=\"nofollow noopener\" target=\"_blank\">Avast Cleanup &#038; Boost<\/a><\/h2>\n<p><img src=\"https:\/\/www.ping.fm\/data-recovery-software\/wp-content\/uploads\/ai\/https---www-avast-com-en-us-cleanupNorwegian.jpg\"><\/p>\n<p>Min erfaring med <b>Avast Cleanup &#038; Boost<\/b> har v\u00e6rt overveiende positiv n\u00e5r det kommer til optimalisering av enheten min. Det analyserer appdata n\u00f8ye for \u00e5 foresl\u00e5 un\u00f8dvendige filer for sletting. I tillegg hjelper det med \u00e5 h\u00e5ndtere apper effektivt og kan til og med forbedre batteriinnstillinger.<\/p>\n<p><a href=\"https:\/\/www.avast.com\/en-us\/cleanup\" rel=\"nofollow noopener\" target=\"_blank\" class=\"ofWSite\">Offisiell nettside<\/a><\/p>\n<h3 class=\"prosTitle\">Fordeler<\/h3>\n<ul class=\"listpc pros\">\n<li>Automatisk rensingsfunksjon<\/li>\n<li>Tilpasning av batteriprofiler<\/li>\n<li>Sikker fjerning av un\u00f8dvendige filer<\/li>\n<\/ul>\n<h3 class=\"consTitle\">Ulemper<\/h3>\n<ul class=\"listpc cons\">\n<li>Inneholder reklame<\/li>\n<li>Noen funksjoner krever abonnement<\/li>\n<\/ul>\n<\/section>\n<section>\n<div class=\"medal\">\n<div>&#129353;<\/div>\n<\/div>\n<h2><a href=\"https:\/\/sdmaid.darken.eu\/\" rel=\"nofollow noopener\" target=\"_blank\">SD Maid<\/a><\/h2>\n<p><img src=\"https:\/\/www.ping.fm\/data-recovery-software\/wp-content\/uploads\/ai\/https---sdmaid-darken-eu-Norwegian.jpg\"><\/p>\n<p><b>SD Maid<\/b>-appen skiller seg ut med sin databaseoptimalisering og &#8216;Corpse Finder&#8217;-funksjon som leter etter foreldrel\u00f8se filer. Enkelheten ved dette verkt\u00f8yet i kombinasjon med dets grundige rengj\u00f8ringsmuligheter har gjort rengj\u00f8ringen av filsystemet p\u00e5 min Android-enhet mindre av et strev og mer til en rask, tilfredsstillende oppgave.<\/p>\n<p><a href=\"https:\/\/sdmaid.darken.eu\/\" rel=\"nofollow noopener\" target=\"_blank\" class=\"ofWSite\">Offisiell nettside<\/a><\/p>\n<h3 class=\"prosTitle\">Fordeler<\/h3>\n<ul class=\"listpc pros\">\n<li>Detaljert rensing av filsystemet<\/li>\n<li>Nyttig &#8216;Corpse Finder&#8217;-funksjon<\/li>\n<li>Verkt\u00f8y for databaseoptimalisering<\/li>\n<\/ul>\n<h3 class=\"consTitle\">Ulemper<\/h3>\n<ul class=\"listpc cons\">\n<li>Grensesnittet kan v\u00e6re litt komplekst for nye brukere<\/li>\n<li>Pro-funksjoner krever oppgradering<\/li>\n<\/ul>\n<\/section>\n<section>\n<div class=\"no-medal\">\n<div>4<\/div>\n<\/div>\n<h2>AVG Cleaner<\/h2>\n<p><b>AVG Cleaner<\/b> har v\u00e6rt hendig n\u00e5r jeg har trengt \u00e5 raskt identifisere og rydde opp i d\u00e5rlige bilder og ubrukte apper. Prosessen med \u00e9n-tab analyse og rengj\u00f8ring er tidsbesparende. I tillegg foresl\u00e5r &#8216;App Uninstaller&#8217; sjeldent brukte apper for avinstallering, noe som hjelper meg med \u00e5 holde enheten slank.<\/p>\n<h3 class=\"prosTitle\">Fordeler<\/h3>\n<ul class=\"listpc pros\">\n<li>Enkel rengj\u00f8ring med ett trykk<\/li>\n<li>Intelligent fotoanalyse<\/li>\n<li>Statistikk over appbruk<\/li>\n<\/ul>\n<h3 class=\"consTitle\">Ulemper<\/h3>\n<ul class=\"listpc cons\">\n<li>Annonser og oppfordringer til andre AVG-produkter<\/li>\n<li>Noen funksjoner er l\u00e5st bak Pro-versjonen<\/li>\n<\/ul>\n<\/section>\n<section>\n<div class=\"no-medal\">\n<div>5<\/div>\n<\/div>\n<h2><a href=\"https:\/\/www.cleanmasterofficial.com\/\" rel=\"nofollow noopener\" target=\"_blank\">Clean Master<\/a><\/h2>\n<p><img src=\"https:\/\/www.ping.fm\/data-recovery-software\/wp-content\/uploads\/ai\/https---www-cleanmasterofficial-com-Norwegian.jpg\"><\/p>\n<p>Jeg har konsekvent v\u00e6rt imponert over <b>Clean Master&#8217;s<\/b> evne til ikke bare \u00e5 rense bort s\u00f8ppelfiler, men ogs\u00e5 til \u00e5 tilby en antivirus-skanning som sikrer at enheten min forblir trygg fra skadelig programvare. &#8216;AppLock&#8217;-funksjonen gir ogs\u00e5 en f\u00f8lelse av \u00f8kt sikkerhet for mine personlige apper.<\/p>\n<p><a href=\"https:\/\/www.cleanmasterofficial.com\/\" rel=\"nofollow noopener\" target=\"_blank\" class=\"ofWSite\">Offisiell nettside<\/a><\/p>\n<h3 class=\"prosTitle\">Fordeler<\/h3>\n<ul class=\"listpc pros\">\n<li>Integrert antivirus-skanning<\/li>\n<li>&#8216;AppLock&#8217; for beskyttelse av privatliv<\/li>\n<li>Intuitivt grensesnitt<\/li>\n<\/ul>\n<h3 class=\"consTitle\">Ulemper<\/h3>\n<ul class=\"listpc cons\">\n<li>Mye reklame<\/li>\n<li>Av og til flagget av andre sikkerhetsapper<\/li>\n<\/ul>\n<\/section>\n<section>\n<h2>Youtube-video \u00e5 se p\u00e5<\/h2>\n<div class=\"nonp iframe\"><iframe width=\"420\" height=\"315\" src=\"\/\/www.youtube.com\/embed\/Pwj4ONDi0hk\" frameborder=\"0\" allowfullscreen><\/iframe><\/div>\n<\/section>\n<section>\n<h2>Avslutning:<\/h2>\n<div class=\"nonp\">\n<p>Selv om renseapper kan forbedre funksjonaliteten til din Android-telefon betydelig, finnes det ytterligere tiltak du kan ta for \u00e5 <b>maksimere potensialet til enheten<\/b>. Det \u00e5 holde operativsystemet og appene oppdatert kan gi deg ikke bare nye funksjoner, men ogs\u00e5 viktige sikkerhetsoppdateringer. Det er ogs\u00e5 nyttig \u00e5 administrere appene dine ved \u00e5 fjerne de du ikke lenger bruker, samt deaktivere bloatware n\u00e5r det er mulig.<\/p>\n<p>Hvis telefonen din konsekvent yter d\u00e5rlig, vurder en fabrikkinnstilling som siste utvei. Husk \u00e5 sikkerhetskopiere dataene dine f\u00f8r du tar dette steget. For en omfattende guide til \u00e5 sikre og optimalisere din Android-enhet, kan du finne ressursene p\u00e5 <a href=\"https:\/\/support.google.com\/android\" rel=\"nofollow noopener\" target=\"_blank\">Googles Android Hjelpesenter<\/a> spesielt nyttige. I tillegg er diskusjonsforum som <a href=\"https:\/\/forum.xda-developers.com\/\" rel=\"nofollow noopener\" target=\"_blank\">XDA Developers<\/a> en gullgruve av informasjon om tilpassede ROM-er og avanserte justeringer for entusiaster.<\/p>\n<\/div>\n<\/section>\n","protected":false},"excerpt":{"rendered":"<p>Beste GRATIS rensingsapper for Android-telefoner Med utallige apper tilgjengelig for Android, kan smarttelefoner ofte bli overbelastet med overfl\u00f8dige filer og bakgrunnsprosesser. Dette er hvor rensingsapper kan v\u00e6re nyttige, ved \u00e5 hjelpe deg med \u00e5 frigj\u00f8re plass, forbedre ytelse, og forlenge batterilevetiden. Nedenfor deler jeg mine erfaringer med de beste gratis renseappene for Android-telefoner som har [&hellip;]<\/p>\n","protected":false},"author":0,"featured_media":39663,"parent":0,"menu_order":0,"comment_status":"closed","ping_status":"closed","template":"chromecast.php","meta":{"_stopmodifiedupdate":false,"_modified_date":"","_lmt_disableupdate":"","_lmt_disable":""},"acf":[],"yoast_head":"<!-- This site is optimized with the Yoast SEO plugin v20.9 - https:\/\/yoast.com\/wordpress\/plugins\/seo\/ -->\n<title>2024: De beste gratis rengj\u00f8ringsappene for Android-telefoner. Fordeler og ulemper!<\/title>\n<meta name=\"robots\" content=\"index, follow, max-snippet:-1, max-image-preview:large, max-video-preview:-1\" \/>\n<link rel=\"canonical\" href=\"https:\/\/datarecovery.ping.fm\/no\/best-android-cleaners\/\" \/>\n<meta property=\"og:locale\" content=\"nb_NO\" \/>\n<meta property=\"og:type\" content=\"article\" \/>\n<meta property=\"og:title\" content=\"2024: De beste gratis rengj\u00f8ringsappene for Android-telefoner. Fordeler og ulemper!\" \/>\n<meta property=\"og:description\" content=\"Beste GRATIS rensingsapper for Android-telefoner Med utallige apper tilgjengelig for Android, kan smarttelefoner ofte bli overbelastet med overfl\u00f8dige filer og bakgrunnsprosesser. Dette er hvor rensingsapper kan v\u00e6re nyttige, ved \u00e5 hjelpe deg med \u00e5 frigj\u00f8re plass, forbedre ytelse, og forlenge batterilevetiden. Nedenfor deler jeg mine erfaringer med de beste gratis renseappene for Android-telefoner som har [&hellip;]\" \/>\n<meta property=\"og:url\" content=\"https:\/\/datarecovery.ping.fm\/no\/best-android-cleaners\/\" \/>\n<meta property=\"og:site_name\" content=\"Data Recovery Software\" \/>\n<meta property=\"article:modified_time\" content=\"2024-04-09T17:42:59+00:00\" \/>\n<meta property=\"og:image\" content=\"https:\/\/datarecovery.ping.fm\/wp-content\/uploads\/2024\/04\/Best-FREE-Android-Phone-Cleaner-Apps-Norwegian.jpg\" \/>\n\t<meta property=\"og:image:width\" content=\"1280\" \/>\n\t<meta property=\"og:image:height\" content=\"731\" \/>\n\t<meta property=\"og:image:type\" content=\"image\/jpeg\" \/>\n<meta name=\"twitter:card\" content=\"summary_large_image\" \/>\n<meta name=\"twitter:label1\" content=\"Est. reading time\" \/>\n\t<meta name=\"twitter:data1\" content=\"3 minutter\" \/>\n<script type=\"application\/ld+json\" class=\"yoast-schema-graph\">{\"@context\":\"https:\/\/schema.org\",\"@graph\":[{\"@type\":\"WebPage\",\"@id\":\"https:\/\/datarecovery.ping.fm\/no\/best-android-cleaners\/\",\"url\":\"https:\/\/datarecovery.ping.fm\/no\/best-android-cleaners\/\",\"name\":\"2024: De beste gratis rengj\u00f8ringsappene for Android-telefoner. Fordeler og ulemper!\",\"isPartOf\":{\"@id\":\"https:\/\/datarecovery.ping.fm\/no\/#website\"},\"datePublished\":\"2024-01-22T21:14:41+00:00\",\"dateModified\":\"2024-04-09T17:42:59+00:00\",\"breadcrumb\":{\"@id\":\"https:\/\/datarecovery.ping.fm\/no\/best-android-cleaners\/#breadcrumb\"},\"inLanguage\":\"nb-NO\",\"potentialAction\":[{\"@type\":\"ReadAction\",\"target\":[\"https:\/\/datarecovery.ping.fm\/no\/best-android-cleaners\/\"]}]},{\"@type\":\"BreadcrumbList\",\"@id\":\"https:\/\/datarecovery.ping.fm\/no\/best-android-cleaners\/#breadcrumb\",\"itemListElement\":[{\"@type\":\"ListItem\",\"position\":1,\"name\":\"Home\",\"item\":\"https:\/\/datarecovery.ping.fm\/no\/\"},{\"@type\":\"ListItem\",\"position\":2,\"name\":\"Beste gratis rengj\u00f8ringsapp for Android-telefoner\"}]},{\"@type\":\"WebSite\",\"@id\":\"https:\/\/datarecovery.ping.fm\/no\/#website\",\"url\":\"https:\/\/datarecovery.ping.fm\/no\/\",\"name\":\"Data Recovery Software\",\"description\":\"\",\"potentialAction\":[{\"@type\":\"SearchAction\",\"target\":{\"@type\":\"EntryPoint\",\"urlTemplate\":\"https:\/\/datarecovery.ping.fm\/no\/?s={search_term_string}\"},\"query-input\":\"required name=search_term_string\"}],\"inLanguage\":\"nb-NO\"}]}<\/script>\n<!-- \/ Yoast SEO plugin. -->","yoast_head_json":{"title":"2024: De beste gratis rengj\u00f8ringsappene for Android-telefoner. Fordeler og ulemper!","robots":{"index":"index","follow":"follow","max-snippet":"max-snippet:-1","max-image-preview":"max-image-preview:large","max-video-preview":"max-video-preview:-1"},"canonical":"https:\/\/datarecovery.ping.fm\/no\/best-android-cleaners\/","og_locale":"nb_NO","og_type":"article","og_title":"2024: De beste gratis rengj\u00f8ringsappene for Android-telefoner. Fordeler og ulemper!","og_description":"Beste GRATIS rensingsapper for Android-telefoner Med utallige apper tilgjengelig for Android, kan smarttelefoner ofte bli overbelastet med overfl\u00f8dige filer og bakgrunnsprosesser. Dette er hvor rensingsapper kan v\u00e6re nyttige, ved \u00e5 hjelpe deg med \u00e5 frigj\u00f8re plass, forbedre ytelse, og forlenge batterilevetiden. Nedenfor deler jeg mine erfaringer med de beste gratis renseappene for Android-telefoner som har [&hellip;]","og_url":"https:\/\/datarecovery.ping.fm\/no\/best-android-cleaners\/","og_site_name":"Data Recovery Software","article_modified_time":"2024-04-09T17:42:59+00:00","og_image":[{"width":1280,"height":731,"url":"https:\/\/datarecovery.ping.fm\/wp-content\/uploads\/2024\/04\/Best-FREE-Android-Phone-Cleaner-Apps-Norwegian.jpg","type":"image\/jpeg"}],"twitter_card":"summary_large_image","twitter_misc":{"Est. reading time":"3 minutter"},"schema":{"@context":"https:\/\/schema.org","@graph":[{"@type":"WebPage","@id":"https:\/\/datarecovery.ping.fm\/no\/best-android-cleaners\/","url":"https:\/\/datarecovery.ping.fm\/no\/best-android-cleaners\/","name":"2024: De beste gratis rengj\u00f8ringsappene for Android-telefoner. Fordeler og ulemper!","isPartOf":{"@id":"https:\/\/datarecovery.ping.fm\/no\/#website"},"datePublished":"2024-01-22T21:14:41+00:00","dateModified":"2024-04-09T17:42:59+00:00","breadcrumb":{"@id":"https:\/\/datarecovery.ping.fm\/no\/best-android-cleaners\/#breadcrumb"},"inLanguage":"nb-NO","potentialAction":[{"@type":"ReadAction","target":["https:\/\/datarecovery.ping.fm\/no\/best-android-cleaners\/"]}]},{"@type":"BreadcrumbList","@id":"https:\/\/datarecovery.ping.fm\/no\/best-android-cleaners\/#breadcrumb","itemListElement":[{"@type":"ListItem","position":1,"name":"Home","item":"https:\/\/datarecovery.ping.fm\/no\/"},{"@type":"ListItem","position":2,"name":"Beste gratis rengj\u00f8ringsapp for Android-telefoner"}]},{"@type":"WebSite","@id":"https:\/\/datarecovery.ping.fm\/no\/#website","url":"https:\/\/datarecovery.ping.fm\/no\/","name":"Data Recovery Software","description":"","potentialAction":[{"@type":"SearchAction","target":{"@type":"EntryPoint","urlTemplate":"https:\/\/datarecovery.ping.fm\/no\/?s={search_term_string}"},"query-input":"required name=search_term_string"}],"inLanguage":"nb-NO"}]}},"_links":{"self":[{"href":"https:\/\/datarecovery.ping.fm\/no\/wp-json\/wp\/v2\/pages\/39662"}],"collection":[{"href":"https:\/\/datarecovery.ping.fm\/no\/wp-json\/wp\/v2\/pages"}],"about":[{"href":"https:\/\/datarecovery.ping.fm\/no\/wp-json\/wp\/v2\/types\/page"}],"replies":[{"embeddable":true,"href":"https:\/\/datarecovery.ping.fm\/no\/wp-json\/wp\/v2\/comments?post=39662"}],"version-history":[{"count":0,"href":"https:\/\/datarecovery.ping.fm\/no\/wp-json\/wp\/v2\/pages\/39662\/revisions"}],"wp:featuredmedia":[{"embeddable":true,"href":"https:\/\/datarecovery.ping.fm\/no\/wp-json\/wp\/v2\/media\/39663"}],"wp:attachment":[{"href":"https:\/\/datarecovery.ping.fm\/no\/wp-json\/wp\/v2\/media?parent=39662"}],"curies":[{"name":"wp","href":"https:\/\/api.w.org\/{rel}","templated":true}]}}