{"id":38891,"date":"2024-01-22T21:44:04","date_gmt":"2024-01-22T21:44:04","guid":{"rendered":"https:\/\/www.ping.fm\/data-recovery-software\/best-iphone-cleaners\/"},"modified":"2024-03-29T15:11:37","modified_gmt":"2024-03-29T15:11:37","slug":"best-iphone-cleaners","status":"publish","type":"page","link":"https:\/\/datarecovery.ping.fm\/no\/best-iphone-cleaners\/","title":{"rendered":"Beste iPhone-rengj\u00f8ringsapper"},"content":{"rendered":"<section>\n<h1>Beste iPhone-renseapper<\/h1>\n<div class=\"inbrief\">\n<div>                     <img src=\"https:\/\/www.ping.fm\/data-recovery-software\/wp-content\/uploads\/ai\/FREE-iPhone-Cleaner-Apps-Norwegian.jpg\" alt=\"GRATIS iPhone-renseapper\" title=\"GRATIS iPhone-renseapper\" width=\"1280\" height=\"720\">                     <\/p>\n<p>Som en dedikert iPhone-bruker er det avgj\u00f8rende at enheten min har nok lagringsplass og fungerer effektivt. For \u00e5 gj\u00f8re dette til en realitet, har jeg personlig utforsket forskjellige <b>gratis iPhone-renseapper<\/b> som hevder \u00e5 rydde opp i enheten min og forbedre ytelsen. I denne s\u00f8ken har jeg testet en rekke verkt\u00f8y inkludert <a href='https:\/\/apps.apple.com\/us\/app\/cleaner-kit-clean-up-storage\/id1194582243' rel=\"nofollow noopener\" target='_blank'>Cleaner Kit<\/a>, <a href='https:\/\/apps.apple.com\/us\/app\/cleaner-guru-cleaning-app\/id1476380919' rel=\"nofollow noopener\" target='_blank'>Cleaner Guru<\/a>, <a href='https:\/\/apps.apple.com\/us\/app\/cleanup-phone-storage-cleaner\/id1510944943' rel=\"nofollow noopener\" target='_blank'>Cleanup: Phone Storage Cleaner<\/a>, og <a href='https:\/\/apps.apple.com\/ie\/app\/cleanmy-phone-careful-cleaner\/id1277110040' rel=\"nofollow noopener\" target='_blank'>CleanMy<\/a>. Bli med meg mens jeg deler personlige innsikter om hver apps ytelse, fordeler og ulemper, og holder meg unna reklamespr\u00e5k.<\/p>\n<\/div>\n<\/div>\n<\/section>\n<section>\n<div class=\"medal\">\n<div>&#129351;<\/div>\n<\/div>\n<h2><a href='https:\/\/apps.apple.com\/us\/app\/cleaner-kit-clean-up-storage\/id1194582243' rel=\"nofollow noopener\" target='_blank'>Cleaner Kit: Clean Up Storage<\/a><\/h2>\n<p><img src=\"https:\/\/www.ping.fm\/data-recovery-software\/wp-content\/uploads\/ai\/https---apps-apple-com-us-app-cleaner-kit-clean-up-storage-id1194582243Norwegian.jpg\"><\/p>\n<p>Appen <b>Cleaner Kit<\/b> lover en omfattende opprydding av iPhone-lagringsplassen din. Med sitt brukervennlige grensesnitt sikter den mot \u00e5 forenkle prosessen med \u00e5 slette overfl\u00f8dige filer og t\u00f8mme hurtiglagre,<\/p>\n<p><a href='https:\/\/apps.apple.com\/us\/app\/cleaner-kit-clean-up-storage\/id1194582243' rel=\"nofollow noopener\" target='_blank' class='ofWSite'>Offisiell Nettside<\/a><\/p>\n<h3 class='prosTitle'>Fordeler<\/h3>\n<ul class='listpc pros'>\n<li>Intuitivt brukergrensesnitt<\/li>\n<li>Effektiv fjerning av s\u00f8ppelfiler<\/li>\n<\/ul>\n<h3 class='consTitle'>Ulemper<\/h3>\n<ul class='listpc cons'>\n<li>Begrenset funksjonalitet i gratisversjonen<\/li>\n<li>Potensial til \u00e5 slette viktige data hvis man ikke er forsiktig<\/li>\n<\/ul>\n<\/section>\n<section>\n<div class=\"medal\">\n<div>&#129352;<\/div>\n<\/div>\n<h2><a href='https:\/\/apps.apple.com\/us\/app\/cleaner-guru-cleaning-app\/id1476380919' rel=\"nofollow noopener\" target='_blank'>Cleaner Guru: Cleaning App<\/a><\/h2>\n<p><img src=\"https:\/\/www.ping.fm\/data-recovery-software\/wp-content\/uploads\/ai\/https---apps-apple-com-us-app-cleaner-guru-cleaning-app-id1476380919Norwegian.jpg\"><\/p>\n<p><b>Cleaner Guru<\/b> posisjonerer seg som en smart l\u00f8sning for \u00e5 rydde opp i din iPhone. Den tilbyr en blanding av rengj\u00f8ringsfunksjoner, som \u00e5 identifisere doble bilder og sortere store filer.<\/p>\n<p><a href='https:\/\/apps.apple.com\/us\/app\/cleaner-guru-cleaning-app\/id1476380919' rel=\"nofollow noopener\" target='_blank' class='ofWSite'>Offisiell Nettside<\/a><\/p>\n<h3 class='prosTitle'>Fordeler<\/h3>\n<ul class='listpc pros'>\n<li>Deteksjon av duplikater og store filer<\/li>\n<li>Enkel kategorisering av filer<\/li>\n<\/ul>\n<h3 class='consTitle'>Ulemper<\/h3>\n<ul class='listpc cons'>\n<li>Kan av og til oppdage ikke-duplikater som duplikater<\/li>\n<li>Annonser i gratisversjonen kan v\u00e6re p\u00e5trengende<\/li>\n<\/ul>\n<\/section>\n<section>\n<div class=\"medal\">\n<div>&#129353;<\/div>\n<\/div>\n<h2><a href='https:\/\/apps.apple.com\/us\/app\/cleanup-phone-storage-cleaner\/id1510944943' rel=\"nofollow noopener\" target='_blank'>Cleanup: Phone Storage Cleaner<\/a><\/h2>\n<p><img src=\"https:\/\/www.ping.fm\/data-recovery-software\/wp-content\/uploads\/ai\/https---apps-apple-com-us-app-cleanup-phone-storage-cleaner-id1510944943Norwegian.jpg\"><\/p>\n<p>Med fokus p\u00e5 enkelhet og effektivitet fungerer <b>Cleanup: Phone Storage Cleaner<\/b> som et verkt\u00f8y for \u00e5 raskt fjerne un\u00f8dvendige data, inkludert midlertidige filer, og organiserer fotobiblioteket ditt ved \u00e5 fjerne overfl\u00f8dige bilder.<\/p>\n<p><a href='https:\/\/apps.apple.com\/us\/app\/cleanup-phone-storage-cleaner\/id1510944943' rel=\"nofollow noopener\" target='_blank' class='ofWSite'>Offisiell nettside<\/a><\/p>\n<h3 class='prosTitle'>Fordeler<\/h3>\n<ul class='listpc pros'>\n<li>Str\u00f8mlinjeformet fotorensing<\/li>\n<li>Brukervennlig grensesnitt<\/li>\n<\/ul>\n<h3 class='consTitle'>Ulemper<\/h3>\n<ul class='listpc cons'>\n<li>Grunnleggende funksjoner i gratisversjonen<\/li>\n<li>Automatisk rengj\u00f8ring kan fjerne filer du \u00f8nsker \u00e5 beholde<\/li>\n<\/ul>\n<\/section>\n<section>\n<div class=\"no-medal\">\n<div>4<\/div>\n<\/div>\n<h2><a href='https:\/\/apps.apple.com\/ie\/app\/cleanmy-phone-careful-cleaner\/id1277110040' rel=\"nofollow noopener\" target='_blank'>CleanMy: Careful Cleaner<\/a><\/h2>\n<p><img src=\"https:\/\/www.ping.fm\/data-recovery-software\/wp-content\/uploads\/ai\/https---apps-apple-com-ie-app-cleanmy-phone-careful-cleaner-id1277110040Norwegian.jpg\"><\/p>\n<p>Appen <b>CleanMy<\/b> er en detaljorientert rengj\u00f8ringsapp som g\u00e5r ut over generelle rengj\u00f8ringsoppgaver. Den tilbyr grundig skanning av enheten for \u00e5 sikre at ingenting un\u00f8dvendig opptar verdifull lagringsplass.<\/p>\n<p><a href='https:\/\/apps.apple.com\/ie\/app\/cleanmy-phone-careful-cleaner\/id1277110040' rel=\"nofollow noopener\" target='_blank' class='ofWSite'>Offisiell nettside<\/a><\/p>\n<h3 class='prosTitle'>Fordeler<\/h3>\n<ul class='listpc pros'>\n<li>Detaljert skanning og rengj\u00f8ring<\/li>\n<li>Nyttig kundesupport<\/li>\n<\/ul>\n<h3 class='consTitle'>Ulemper<\/h3>\n<ul class='listpc cons'>\n<li>Grensesnittet kan virke overveldende for nye brukere<\/li>\n<li>Pr\u00f8veversjonens begrensninger kan hindre fullstendig evaluering<\/li>\n<\/ul>\n<\/section>\n<section>\n<h2>Youtube-video \u00e5 se p\u00e5<\/h2>\n<div class=\"nonp iframe\"><iframe width=\"420\" height=\"315\" src=\"\/\/www.youtube.com\/embed\/iLmIRZypAIs\" frameborder=\"0\" allowfullscreen><\/iframe><\/div>\n<\/section>\n<section>\n<h2>Konklusjon:<\/h2>\n<div class=\"nonp\">\u00c5 opprettholde helsen til din iPhone handler ikke bare om \u00e5 rydde opp plass; det handler om \u00e5 ta en helhetlig tiln\u00e6rming til enhetsadministrasjon. Regelmessige oppdateringer, bevisst appinstallasjoner og forsiktig databruk kan forhindre rot i utgangspunktet. For videre lesning om vedlikehold av iPhone, bes\u00f8k <a href='https:\/\/support.apple.com\/en-us\/HT201232' rel=\"nofollow noopener\" target='_blank'>den offisielle Apple support-siden<\/a> eller sjekk ut teknologifora som <a href='https:\/\/discussions.apple.com\/welcome' rel=\"nofollow noopener\" target='_blank'>Apple Discussions<\/a> hvor du kan utveksle tips med andre brukere.<\/div>\n<\/section>\n","protected":false},"excerpt":{"rendered":"<p>Beste iPhone-renseapper Som en dedikert iPhone-bruker er det avgj\u00f8rende at enheten min har nok lagringsplass og fungerer effektivt. For \u00e5 gj\u00f8re dette til en realitet, har jeg personlig utforsket forskjellige gratis iPhone-renseapper som hevder \u00e5 rydde opp i enheten min og forbedre ytelsen. I denne s\u00f8ken har jeg testet en rekke verkt\u00f8y inkludert Cleaner Kit, [&hellip;]<\/p>\n","protected":false},"author":0,"featured_media":0,"parent":0,"menu_order":0,"comment_status":"closed","ping_status":"closed","template":"chromecast.php","meta":{"_stopmodifiedupdate":false,"_modified_date":"","_lmt_disableupdate":"yes","_lmt_disable":""},"acf":[],"yoast_head":"<!-- This site is optimized with the Yoast SEO plugin v20.9 - https:\/\/yoast.com\/wordpress\/plugins\/seo\/ -->\n<title>GRATIS iPhone renseapper i 2024. Fordeler og ulemper<\/title>\n<meta name=\"robots\" content=\"index, follow, max-snippet:-1, max-image-preview:large, max-video-preview:-1\" \/>\n<link rel=\"canonical\" href=\"https:\/\/datarecovery.ping.fm\/no\/best-iphone-cleaners\/\" \/>\n<meta property=\"og:locale\" content=\"nb_NO\" \/>\n<meta property=\"og:type\" content=\"article\" \/>\n<meta property=\"og:title\" content=\"GRATIS iPhone renseapper i 2024. Fordeler og ulemper\" \/>\n<meta property=\"og:description\" content=\"Beste iPhone-renseapper Som en dedikert iPhone-bruker er det avgj\u00f8rende at enheten min har nok lagringsplass og fungerer effektivt. For \u00e5 gj\u00f8re dette til en realitet, har jeg personlig utforsket forskjellige gratis iPhone-renseapper som hevder \u00e5 rydde opp i enheten min og forbedre ytelsen. I denne s\u00f8ken har jeg testet en rekke verkt\u00f8y inkludert Cleaner Kit, [&hellip;]\" \/>\n<meta property=\"og:url\" content=\"https:\/\/datarecovery.ping.fm\/no\/best-iphone-cleaners\/\" \/>\n<meta property=\"og:site_name\" content=\"Data Recovery Software\" \/>\n<meta property=\"article:modified_time\" content=\"2024-03-29T15:11:37+00:00\" \/>\n<meta property=\"og:image\" content=\"https:\/\/www.ping.fm\/data-recovery-software\/wp-content\/uploads\/ai\/FREE-iPhone-Cleaner-Apps-Norwegian.jpg\" \/>\n<meta name=\"twitter:card\" content=\"summary_large_image\" \/>\n<meta name=\"twitter:label1\" content=\"Est. reading time\" \/>\n\t<meta name=\"twitter:data1\" content=\"2 minutter\" \/>\n<script type=\"application\/ld+json\" class=\"yoast-schema-graph\">{\"@context\":\"https:\/\/schema.org\",\"@graph\":[{\"@type\":\"WebPage\",\"@id\":\"https:\/\/datarecovery.ping.fm\/no\/best-iphone-cleaners\/\",\"url\":\"https:\/\/datarecovery.ping.fm\/no\/best-iphone-cleaners\/\",\"name\":\"GRATIS iPhone renseapper i 2024. Fordeler og ulemper\",\"isPartOf\":{\"@id\":\"https:\/\/datarecovery.ping.fm\/no\/#website\"},\"datePublished\":\"2024-01-22T21:44:04+00:00\",\"dateModified\":\"2024-03-29T15:11:37+00:00\",\"breadcrumb\":{\"@id\":\"https:\/\/datarecovery.ping.fm\/no\/best-iphone-cleaners\/#breadcrumb\"},\"inLanguage\":\"nb-NO\",\"potentialAction\":[{\"@type\":\"ReadAction\",\"target\":[\"https:\/\/datarecovery.ping.fm\/no\/best-iphone-cleaners\/\"]}]},{\"@type\":\"BreadcrumbList\",\"@id\":\"https:\/\/datarecovery.ping.fm\/no\/best-iphone-cleaners\/#breadcrumb\",\"itemListElement\":[{\"@type\":\"ListItem\",\"position\":1,\"name\":\"Home\",\"item\":\"https:\/\/datarecovery.ping.fm\/no\/\"},{\"@type\":\"ListItem\",\"position\":2,\"name\":\"Beste iPhone-rengj\u00f8ringsapper\"}]},{\"@type\":\"WebSite\",\"@id\":\"https:\/\/datarecovery.ping.fm\/no\/#website\",\"url\":\"https:\/\/datarecovery.ping.fm\/no\/\",\"name\":\"Data Recovery Software\",\"description\":\"\",\"potentialAction\":[{\"@type\":\"SearchAction\",\"target\":{\"@type\":\"EntryPoint\",\"urlTemplate\":\"https:\/\/datarecovery.ping.fm\/no\/?s={search_term_string}\"},\"query-input\":\"required name=search_term_string\"}],\"inLanguage\":\"nb-NO\"}]}<\/script>\n<!-- \/ Yoast SEO plugin. -->","yoast_head_json":{"title":"GRATIS iPhone renseapper i 2024. Fordeler og ulemper","robots":{"index":"index","follow":"follow","max-snippet":"max-snippet:-1","max-image-preview":"max-image-preview:large","max-video-preview":"max-video-preview:-1"},"canonical":"https:\/\/datarecovery.ping.fm\/no\/best-iphone-cleaners\/","og_locale":"nb_NO","og_type":"article","og_title":"GRATIS iPhone renseapper i 2024. Fordeler og ulemper","og_description":"Beste iPhone-renseapper Som en dedikert iPhone-bruker er det avgj\u00f8rende at enheten min har nok lagringsplass og fungerer effektivt. For \u00e5 gj\u00f8re dette til en realitet, har jeg personlig utforsket forskjellige gratis iPhone-renseapper som hevder \u00e5 rydde opp i enheten min og forbedre ytelsen. I denne s\u00f8ken har jeg testet en rekke verkt\u00f8y inkludert Cleaner Kit, [&hellip;]","og_url":"https:\/\/datarecovery.ping.fm\/no\/best-iphone-cleaners\/","og_site_name":"Data Recovery Software","article_modified_time":"2024-03-29T15:11:37+00:00","og_image":[{"url":"https:\/\/www.ping.fm\/data-recovery-software\/wp-content\/uploads\/ai\/FREE-iPhone-Cleaner-Apps-Norwegian.jpg"}],"twitter_card":"summary_large_image","twitter_misc":{"Est. reading time":"2 minutter"},"schema":{"@context":"https:\/\/schema.org","@graph":[{"@type":"WebPage","@id":"https:\/\/datarecovery.ping.fm\/no\/best-iphone-cleaners\/","url":"https:\/\/datarecovery.ping.fm\/no\/best-iphone-cleaners\/","name":"GRATIS iPhone renseapper i 2024. Fordeler og ulemper","isPartOf":{"@id":"https:\/\/datarecovery.ping.fm\/no\/#website"},"datePublished":"2024-01-22T21:44:04+00:00","dateModified":"2024-03-29T15:11:37+00:00","breadcrumb":{"@id":"https:\/\/datarecovery.ping.fm\/no\/best-iphone-cleaners\/#breadcrumb"},"inLanguage":"nb-NO","potentialAction":[{"@type":"ReadAction","target":["https:\/\/datarecovery.ping.fm\/no\/best-iphone-cleaners\/"]}]},{"@type":"BreadcrumbList","@id":"https:\/\/datarecovery.ping.fm\/no\/best-iphone-cleaners\/#breadcrumb","itemListElement":[{"@type":"ListItem","position":1,"name":"Home","item":"https:\/\/datarecovery.ping.fm\/no\/"},{"@type":"ListItem","position":2,"name":"Beste iPhone-rengj\u00f8ringsapper"}]},{"@type":"WebSite","@id":"https:\/\/datarecovery.ping.fm\/no\/#website","url":"https:\/\/datarecovery.ping.fm\/no\/","name":"Data Recovery Software","description":"","potentialAction":[{"@type":"SearchAction","target":{"@type":"EntryPoint","urlTemplate":"https:\/\/datarecovery.ping.fm\/no\/?s={search_term_string}"},"query-input":"required name=search_term_string"}],"inLanguage":"nb-NO"}]}},"_links":{"self":[{"href":"https:\/\/datarecovery.ping.fm\/no\/wp-json\/wp\/v2\/pages\/38891"}],"collection":[{"href":"https:\/\/datarecovery.ping.fm\/no\/wp-json\/wp\/v2\/pages"}],"about":[{"href":"https:\/\/datarecovery.ping.fm\/no\/wp-json\/wp\/v2\/types\/page"}],"replies":[{"embeddable":true,"href":"https:\/\/datarecovery.ping.fm\/no\/wp-json\/wp\/v2\/comments?post=38891"}],"version-history":[{"count":0,"href":"https:\/\/datarecovery.ping.fm\/no\/wp-json\/wp\/v2\/pages\/38891\/revisions"}],"wp:attachment":[{"href":"https:\/\/datarecovery.ping.fm\/no\/wp-json\/wp\/v2\/media?parent=38891"}],"curies":[{"name":"wp","href":"https:\/\/api.w.org\/{rel}","templated":true}]}}