{"id":37260,"date":"2023-07-31T13:58:28","date_gmt":"2023-07-31T13:58:28","guid":{"rendered":"https:\/\/www.ping.fm\/data-recovery-software\/?page_id=37260"},"modified":"2024-03-27T17:08:49","modified_gmt":"2024-03-27T17:08:49","slug":"norwegian-homepage","status":"publish","type":"page","link":"https:\/\/datarecovery.ping.fm\/no\/","title":{"rendered":"Norwegian Homepage"},"content":{"rendered":"<section class=\"banner\">\n<div class=\"banner--img\">\n<div class=\"banner--inner\">\n<h1>Velkommen til Datarekonstruksjon hos <a href=\"https:\/\/www.ping.fm\/\" rel=\"dofollow\">Ping.fm<\/a><\/h1>\n<p>Her tester vi den beste programvaren for datagjenoppretting og gir deg optimale scenarioer for \u00e5 gjenopprette slettede filer og redde tapte data. Vi vurderer ulike metoder og tjenester for datagjenoppretting, i tillegg til \u00e5 tilby de beste YouTube-videoene for selvstudium.<\/p>\n<p>I tillegg dekker vi mer utfordrende tilfeller av datarekonstruksjon, som gjenoppretting av data p\u00e5 Android og gjenoppretting av slettede bilder p\u00e5 iPhone.<\/p>\n<\/div>\n<\/div>\n<\/section>\n","protected":false},"excerpt":{"rendered":"<p>Velkommen til Datarekonstruksjon hos Ping.fm Her tester vi den beste programvaren for datagjenoppretting og gir deg optimale scenarioer for \u00e5 gjenopprette slettede filer og redde tapte data. Vi vurderer ulike metoder og tjenester for datagjenoppretting, i tillegg til \u00e5 tilby de beste YouTube-videoene for selvstudium. I tillegg dekker vi mer utfordrende tilfeller av datarekonstruksjon, som [&hellip;]<\/p>\n","protected":false},"author":2,"featured_media":37261,"parent":0,"menu_order":0,"comment_status":"closed","ping_status":"closed","template":"homepage.php","meta":{"_stopmodifiedupdate":false,"_modified_date":"","_lmt_disableupdate":"yes","_lmt_disable":""},"acf":[],"yoast_head":"<!-- This site is optimized with the Yoast SEO plugin v20.9 - https:\/\/yoast.com\/wordpress\/plugins\/seo\/ -->\n<title>Beste programvare for datagjenoppretting, tips, veiledninger. mai 2026<\/title>\n<meta name=\"description\" content=\"Oppdag det ultimate reisem\u00e5let for alle dine datarekonstruksjonsbehov hos Data Recovery Hub! Nettstedet v\u00e5rt gjennomg\u00e5r n\u00f8ye de nyeste appene designet for \u00e5 gjenopprette tapt og slettet data. \ud83d\udcf1\ud83d\udcbb Enten det er slettede filer fra ulike enheter eller komplekse scenarioer for datagjenoppretting, har vi dekning for det.\" \/>\n<meta name=\"robots\" content=\"index, follow, max-snippet:-1, max-image-preview:large, max-video-preview:-1\" \/>\n<link rel=\"canonical\" href=\"https:\/\/datarecovery.ping.fm\/no\/\" \/>\n<meta property=\"og:locale\" content=\"nb_NO\" \/>\n<meta property=\"og:type\" content=\"article\" \/>\n<meta property=\"og:title\" content=\"Beste programvare for datagjenoppretting, tips, veiledninger. mai 2026\" \/>\n<meta property=\"og:description\" content=\"Oppdag det ultimate reisem\u00e5let for alle dine datarekonstruksjonsbehov hos Data Recovery Hub! Nettstedet v\u00e5rt gjennomg\u00e5r n\u00f8ye de nyeste appene designet for \u00e5 gjenopprette tapt og slettet data. \ud83d\udcf1\ud83d\udcbb Enten det er slettede filer fra ulike enheter eller komplekse scenarioer for datagjenoppretting, har vi dekning for det.\" \/>\n<meta property=\"og:url\" content=\"https:\/\/datarecovery.ping.fm\/no\/\" \/>\n<meta property=\"og:site_name\" content=\"Data Recovery Software\" \/>\n<meta property=\"article:modified_time\" content=\"2024-03-27T17:08:49+00:00\" \/>\n<meta property=\"og:image\" content=\"https:\/\/datarecovery.ping.fm\/wp-content\/uploads\/2023\/11\/data-recovery-image.png\" \/>\n\t<meta property=\"og:image:width\" content=\"1024\" \/>\n\t<meta property=\"og:image:height\" content=\"1024\" \/>\n\t<meta property=\"og:image:type\" content=\"image\/png\" \/>\n<meta name=\"twitter:card\" content=\"summary_large_image\" \/>\n<meta name=\"twitter:label1\" content=\"Est. reading time\" \/>\n\t<meta name=\"twitter:data1\" content=\"1 minutt\" \/>\n<script type=\"application\/ld+json\" class=\"yoast-schema-graph\">{\"@context\":\"https:\/\/schema.org\",\"@graph\":[{\"@type\":\"WebPage\",\"@id\":\"https:\/\/datarecovery.ping.fm\/no\/\",\"url\":\"https:\/\/datarecovery.ping.fm\/no\/\",\"name\":\"Beste programvare for datagjenoppretting, tips, veiledninger. mai 2026\",\"isPartOf\":{\"@id\":\"https:\/\/datarecovery.ping.fm\/no\/#website\"},\"datePublished\":\"2023-07-31T13:58:28+00:00\",\"dateModified\":\"2024-03-27T17:08:49+00:00\",\"description\":\"Oppdag det ultimate reisem\u00e5let for alle dine datarekonstruksjonsbehov hos Data Recovery Hub! Nettstedet v\u00e5rt gjennomg\u00e5r n\u00f8ye de nyeste appene designet for \u00e5 gjenopprette tapt og slettet data. \ud83d\udcf1\ud83d\udcbb Enten det er slettede filer fra ulike enheter eller komplekse scenarioer for datagjenoppretting, har vi dekning for det.\",\"breadcrumb\":{\"@id\":\"https:\/\/datarecovery.ping.fm\/no\/#breadcrumb\"},\"inLanguage\":\"nb-NO\",\"potentialAction\":[{\"@type\":\"ReadAction\",\"target\":[\"https:\/\/datarecovery.ping.fm\/no\/\"]}]},{\"@type\":\"BreadcrumbList\",\"@id\":\"https:\/\/datarecovery.ping.fm\/no\/#breadcrumb\",\"itemListElement\":[{\"@type\":\"ListItem\",\"position\":1,\"name\":\"Home\",\"item\":\"https:\/\/datarecovery.ping.fm\/no\/\"},{\"@type\":\"ListItem\",\"position\":2,\"name\":\"Norwegian Homepage\"}]},{\"@type\":\"WebSite\",\"@id\":\"https:\/\/datarecovery.ping.fm\/no\/#website\",\"url\":\"https:\/\/datarecovery.ping.fm\/no\/\",\"name\":\"Data Recovery Software\",\"description\":\"\",\"potentialAction\":[{\"@type\":\"SearchAction\",\"target\":{\"@type\":\"EntryPoint\",\"urlTemplate\":\"https:\/\/datarecovery.ping.fm\/no\/?s={search_term_string}\"},\"query-input\":\"required name=search_term_string\"}],\"inLanguage\":\"nb-NO\"}]}<\/script>\n<!-- \/ Yoast SEO plugin. -->","yoast_head_json":{"title":"Beste programvare for datagjenoppretting, tips, veiledninger. mai 2026","description":"Oppdag det ultimate reisem\u00e5let for alle dine datarekonstruksjonsbehov hos Data Recovery Hub! Nettstedet v\u00e5rt gjennomg\u00e5r n\u00f8ye de nyeste appene designet for \u00e5 gjenopprette tapt og slettet data. \ud83d\udcf1\ud83d\udcbb Enten det er slettede filer fra ulike enheter eller komplekse scenarioer for datagjenoppretting, har vi dekning for det.","robots":{"index":"index","follow":"follow","max-snippet":"max-snippet:-1","max-image-preview":"max-image-preview:large","max-video-preview":"max-video-preview:-1"},"canonical":"https:\/\/datarecovery.ping.fm\/no\/","og_locale":"nb_NO","og_type":"article","og_title":"Beste programvare for datagjenoppretting, tips, veiledninger. mai 2026","og_description":"Oppdag det ultimate reisem\u00e5let for alle dine datarekonstruksjonsbehov hos Data Recovery Hub! Nettstedet v\u00e5rt gjennomg\u00e5r n\u00f8ye de nyeste appene designet for \u00e5 gjenopprette tapt og slettet data. \ud83d\udcf1\ud83d\udcbb Enten det er slettede filer fra ulike enheter eller komplekse scenarioer for datagjenoppretting, har vi dekning for det.","og_url":"https:\/\/datarecovery.ping.fm\/no\/","og_site_name":"Data Recovery Software","article_modified_time":"2024-03-27T17:08:49+00:00","og_image":[{"width":1024,"height":1024,"url":"https:\/\/datarecovery.ping.fm\/wp-content\/uploads\/2023\/11\/data-recovery-image.png","type":"image\/png"}],"twitter_card":"summary_large_image","twitter_misc":{"Est. reading time":"1 minutt"},"schema":{"@context":"https:\/\/schema.org","@graph":[{"@type":"WebPage","@id":"https:\/\/datarecovery.ping.fm\/no\/","url":"https:\/\/datarecovery.ping.fm\/no\/","name":"Beste programvare for datagjenoppretting, tips, veiledninger. mai 2026","isPartOf":{"@id":"https:\/\/datarecovery.ping.fm\/no\/#website"},"datePublished":"2023-07-31T13:58:28+00:00","dateModified":"2024-03-27T17:08:49+00:00","description":"Oppdag det ultimate reisem\u00e5let for alle dine datarekonstruksjonsbehov hos Data Recovery Hub! Nettstedet v\u00e5rt gjennomg\u00e5r n\u00f8ye de nyeste appene designet for \u00e5 gjenopprette tapt og slettet data. \ud83d\udcf1\ud83d\udcbb Enten det er slettede filer fra ulike enheter eller komplekse scenarioer for datagjenoppretting, har vi dekning for det.","breadcrumb":{"@id":"https:\/\/datarecovery.ping.fm\/no\/#breadcrumb"},"inLanguage":"nb-NO","potentialAction":[{"@type":"ReadAction","target":["https:\/\/datarecovery.ping.fm\/no\/"]}]},{"@type":"BreadcrumbList","@id":"https:\/\/datarecovery.ping.fm\/no\/#breadcrumb","itemListElement":[{"@type":"ListItem","position":1,"name":"Home","item":"https:\/\/datarecovery.ping.fm\/no\/"},{"@type":"ListItem","position":2,"name":"Norwegian Homepage"}]},{"@type":"WebSite","@id":"https:\/\/datarecovery.ping.fm\/no\/#website","url":"https:\/\/datarecovery.ping.fm\/no\/","name":"Data Recovery Software","description":"","potentialAction":[{"@type":"SearchAction","target":{"@type":"EntryPoint","urlTemplate":"https:\/\/datarecovery.ping.fm\/no\/?s={search_term_string}"},"query-input":"required name=search_term_string"}],"inLanguage":"nb-NO"}]}},"_links":{"self":[{"href":"https:\/\/datarecovery.ping.fm\/no\/wp-json\/wp\/v2\/pages\/37260"}],"collection":[{"href":"https:\/\/datarecovery.ping.fm\/no\/wp-json\/wp\/v2\/pages"}],"about":[{"href":"https:\/\/datarecovery.ping.fm\/no\/wp-json\/wp\/v2\/types\/page"}],"author":[{"embeddable":true,"href":"https:\/\/datarecovery.ping.fm\/no\/wp-json\/wp\/v2\/users\/2"}],"replies":[{"embeddable":true,"href":"https:\/\/datarecovery.ping.fm\/no\/wp-json\/wp\/v2\/comments?post=37260"}],"version-history":[{"count":1,"href":"https:\/\/datarecovery.ping.fm\/no\/wp-json\/wp\/v2\/pages\/37260\/revisions"}],"predecessor-version":[{"id":37262,"href":"https:\/\/datarecovery.ping.fm\/no\/wp-json\/wp\/v2\/pages\/37260\/revisions\/37262"}],"wp:featuredmedia":[{"embeddable":true,"href":"https:\/\/datarecovery.ping.fm\/no\/wp-json\/wp\/v2\/media\/37261"}],"wp:attachment":[{"href":"https:\/\/datarecovery.ping.fm\/no\/wp-json\/wp\/v2\/media?parent=37260"}],"curies":[{"name":"wp","href":"https:\/\/api.w.org\/{rel}","templated":true}]}}