{"id":43831,"date":"2024-02-22T06:28:29","date_gmt":"2024-02-22T06:28:29","guid":{"rendered":"https:\/\/www.ping.fm\/data-recovery-software\/hard-drive-repair-software\/"},"modified":"2024-04-23T07:42:35","modified_gmt":"2024-04-23T07:42:35","slug":"hard-drive-repair-software","status":"publish","type":"page","link":"https:\/\/datarecovery.ping.fm\/it\/hard-drive-repair-software\/","title":{"rendered":"Migliori software per la riparazione di dischi fissi da utilizzare nel 2024"},"content":{"rendered":"<section>\n<h1>Miglior software di riparazione hard disk da utilizzare nel 2024<\/h1>\n<div class=\"inbrief\">\n<div>                     <img src=\"https:\/\/www.ping.fm\/data-recovery-software\/wp-content\/uploads\/ai\/Best-Hard-Drive-Repair-Software-to-Use-in-2024-Italian.jpg\" alt=\"Miglior software di riparazione hard disk da utilizzare nel 2024\" title=\"Miglior software di riparazione hard disk da utilizzare nel 2024\" width=\"1280\" height=\"720\">                     <\/p>\n<p>Non c&#8217;\u00e8 nulla di pi\u00f9 scoraggiante per gli utenti di computer che l&#8217;ipotesi di un guasto dell&#8217;hard disk. Che si tratti del temuto &#8220;click della morte&#8221; o di un messaggio di errore criptico, un hard disk difettoso pu\u00f2 sembrare un problema insormontabile. Tuttavia, sono disponibili numerosi strumenti di riparazione hard disk che possono aiutare a recuperare i tuoi dati e potenzialmente estendere la vita del tuo disco. In questo articolo, ti guideremo attraverso alcuni dei migliori strumenti di riparazione hard disk sul mercato. Esploriamo questo kit essenziale per qualsiasi salvavita digitale.<\/p>\n<\/div>\n<\/div>\n<\/section>\n<section>\n<div class=\"medal\">\n<div>&#129351;<\/div>\n<\/div>\n<h2><a href='https:\/\/www.cleverfiles.com\/' rel=\"nofollow noopener\" target='_blank'>Disk Drill<\/a><\/h2>\n<p><img src=\"https:\/\/www.ping.fm\/data-recovery-software\/wp-content\/uploads\/ai\/https---www-cleverfiles-com-Italian.jpg\" alt=\"Screenshot https:\/\/www.cleverfiles.com\/\" width=\"1280\" height=\"720\"><\/p>\n<p>Avevo personalmente navigato nei mari turbolenti della perdita di dati e ho trovato un salvavita in <b>Disk Drill<\/b>, un&#8217;utilit\u00e0 completa progettata per il <b>recupero dati<\/b> e l&#8217;analisi degli hard disk. La sua interfaccia intuitiva semplifica il processo di recupero, rendendolo accessibile sia ai principianti che agli esperti. La suite di funzionalit\u00e0 di Disk Drill si estende oltre il recupero con utilit\u00e0 di <b>protezione dei dati<\/b> come Recovery Vault e Drive backup.<\/p>\n<p><a href='https:\/\/www.cleverfiles.com\/' rel=\"nofollow noopener\" target='_blank' class='ofWSite'>Sito Ufficiale<\/a><\/p>\n<h3 class='prosTitle'>Vantaggi<\/h3>\n<ul class='listpc pros'>\n<li>Interfaccia utente intuitiva<\/li>\n<li>Algoritmi di scansione potenti<\/li>\n<\/ul>\n<h3 class='consTitle'>Svantaggi<\/h3>\n<ul class='listpc cons'>\n<li>La versione gratuita ha limiti nel recupero dati<\/li>\n<li>Le funzionalit\u00e0 avanzate richiedono la versione premium<\/li>\n<\/ul>\n<\/section>\n<section>\n<div class=\"medal\">\n<div>&#129352;<\/div>\n<\/div>\n<h2><a href='https:\/\/www.cgsecurity.org\/wiki\/TestDisk' rel=\"nofollow noopener\" target='_blank'>TestDisk<\/a><\/h2>\n<p><img src=\"https:\/\/www.ping.fm\/data-recovery-software\/wp-content\/uploads\/ai\/https---www-cgsecurity-org-wiki-TestDiskItalian.jpg\" alt=\"Screenshot https:\/\/www.cgsecurity.org\/wiki\/TestDisk\" width=\"1280\" height=\"720\"><\/p>\n<p><b>TestDisk<\/b> \u00e8 una potenza quando si tratta di recuperare partizioni perse e riparare unit\u00e0 avviabili che rifiutano di avviarsi. \u00c8 uno strumento open-source rispettato dagli appassionati di tecnologia hardcore per la sua profonda funzionalit\u00e0. Anche se opera tramite un&#8217;interfaccia a riga di comando, che pu\u00f2 essere scoraggiante per alcuni, la sua efficacia nel recuperare tabelle di partizione e riparare file system \u00e8 indiscutibile.<\/p>\n<p><a href='https:\/\/www.cgsecurity.org\/wiki\/TestDisk' rel=\"nofollow noopener\" target='_blank' class='ofWSite'>Sito Ufficiale<\/a><\/p>\n<h3 class='prosTitle'>Vantaggi<\/h3>\n<ul class='listpc pros'>\n<li>Pu\u00f2 recuperare partizioni perse<\/li>\n<li>Open-source con aggiornamenti frequenti<\/li>\n<\/ul>\n<h3 class='consTitle'>Svantaggi<\/h3>\n<ul class='listpc cons'>\n<li>L&#8217;interfaccia a riga di comando pu\u00f2 essere difficile per alcuni utenti<\/li>\n<li>Nessuna interfaccia grafica<\/li>\n<\/ul>\n<\/section>\n<section>\n<div class=\"medal\">\n<div>&#129353;<\/div>\n<\/div>\n<h2>GParted<\/h2>\n<p>L&#8217;applicazione <b>GParted<\/b> \u00e8 un editor gratuito e open-source di partizioni che eccelle nel ridimensionamento, copia e spostamento delle partizioni senza perdita di dati. Supporta vari file system ed \u00e8 spesso utilizzato per la gestione dello spazio su disco fisso. Con una semplice interfaccia grafica, GParted pu\u00f2 essere eseguito da un USB live, rendendolo uno strumento portatile e flessibile per la gestione del disco.<\/p>\n<h3 class='prosTitle'>Vantaggi<\/h3>\n<ul class='listpc pros'>\n<li>Supporta una vasta gamma di file system<\/li>\n<li>Interfaccia grafica utente<\/li>\n<\/ul>\n<h3 class='consTitle'>Svantaggi<\/h3>\n<ul class='listpc cons'>\n<li>Potrebbe non gestire scenari di recupero complessi<\/li>\n<li>Opzioni eccessive per i principianti<\/li>\n<\/ul>\n<\/section>\n<section>\n<div class=\"no-medal\">\n<div>4<\/div>\n<\/div>\n<h2><a href='https:\/\/hddscan.com\/' rel=\"nofollow noopener\" target='_blank'>HDDScan<\/a><\/h2>\n<p><img src=\"https:\/\/www.ping.fm\/data-recovery-software\/wp-content\/uploads\/ai\/https---hddscan-com-Italian.jpg\" alt=\"screenshot di https:\/\/hddscan.com\/\" width=\"1280\" height=\"720\"><\/p>\n<p><b>HDDScan<\/b> \u00e8 un software freeware per la diagnosi di hard drive. Fornisce una variet\u00e0 di test che possono essere utilizzati per verificare settori danneggiati, monitorare gli attributi SMART e eseguire benchmarking a basso livello. Quello che ho trovato particolarmente utile \u00e8 la sua capacit\u00e0 di eseguire queste diagnostica senza la necessit\u00e0 di rimuovere i dati dall&#8217;unit\u00e0\u2014cruciale quando si cerca di evitare ulteriori perdite di dati.<\/p>\n<p><a href='https:\/\/hddscan.com\/' rel=\"nofollow noopener\" target='_blank' class='ofWSite'>Sito Ufficiale<\/a><\/p>\n<h3 class='prosTitle'>Vantaggi<\/h3>\n<ul class='listpc pros'>\n<li>Nessuna installazione richiesta (portatile)<\/li>\n<li>Report dettagliato dello stato dell&#8217;unit\u00e0<\/li>\n<\/ul>\n<h3 class='consTitle'>Svantaggi<\/h3>\n<ul class='listpc cons'>\n<li>Interfaccia utente pu\u00f2 essere complessa per i principianti<\/li>\n<li>Capacit\u00e0 di riparazione limitate<\/li>\n<\/ul>\n<\/section>\n<section>\n<div class=\"no-medal\">\n<div>5<\/div>\n<\/div>\n<h2><a href='https:\/\/www.crystalmark.info\/en\/software\/crystaldiskinfo\/' rel=\"nofollow noopener\" target='_blank'>CrystalDiskInfo<\/a><\/h2>\n<p><img src=\"https:\/\/www.ping.fm\/data-recovery-software\/wp-content\/uploads\/ai\/https---www-crystalmark-info-en-software-crystaldiskinfo-Italian.jpg\" alt=\"screenshot di https:\/\/www.crystalmark.info\/en\/software\/crystaldiskinfo\/\" width=\"1280\" height=\"720\"><\/p>\n<p>Quando si monitora la salute dell&#8217;hard drive, <b>CrystalDiskInfo<\/b> \u00e8 una costante nel mio set di strumenti. \u00c8 uno strumento utility gratuito che ti tiene informato sulle informazioni SMART del tuo hard drive, fungendo quindi da sistema di allarme precoce per potenziali guasti dell&#8217;unit\u00e0. Con il monitoraggio in tempo reale e gli avvisi, CrystalDiskInfo permette agli utenti di essere proattivi nella protezione dei dati.<\/p>\n<p><a href='https:\/\/www.crystalmark.info\/en\/software\/crystaldiskinfo\/' rel=\"nofollow noopener\" target='_blank' class='ofWSite'>Sito Ufficiale<\/a><\/p>\n<h3 class='prosTitle'>Vantaggi<\/h3>\n<ul class='listpc pros'>\n<li>Monitoraggio SMART in tempo reale<\/li>\n<li>Interfaccia utente amichevole<\/li>\n<\/ul>\n<h3 class='consTitle'>Svantaggi<\/h3>\n<ul class='listpc cons'>\n<li>Limitato al monitoraggio (nessuna opzione di riparazione)<\/li>\n<li>Annunci nella versione gratuita<\/li>\n<\/ul>\n<\/section>\n<section>\n<h2>Conclusione:<\/h2>\n<div class=\"nonp\">\n<p>Mantenere in salute l&#8217;hard disk e garantire la sicurezza dei tuoi dati \u00e8 un processo continuo. Oltre all&#8217;utilizzo di strumenti di riparazione, \u00e8 importante sviluppare l&#8217;abitudine di una <b>manutenzione di routine<\/b>, come il controllo periodico degli errori sul disco tramite utility integrate come <b>CHKDSK<\/b> su Windows o <b>Disk Utility<\/b> su macOS. Anche se le misure preventive sono fondamentali, a volte il recupero \u00e8 inevitabile. In questi casi, \u00e8 vitale comprendere le capacit\u00e0 e i limiti degli strumenti di riparazione. Le operazioni di salvataggio che coinvolgono strumenti software dovrebbero essere tentate prima di ricorrere a servizi professionali, che possono essere costosi e non sempre necessari. Ho trovato utili gli articoli di siti come <a href='https:\/\/www.techradar.com\/' rel=\"nofollow noopener\" target='_blank'>TechRadar<\/a> e <a href='https:\/\/www.pcworld.com\/' rel=\"nofollow noopener\" target='_blank'>PCWorld<\/a> per rimanere aggiornato sugli ultimi strumenti e tecniche.<\/p>\n<\/div>\n<\/section>\n","protected":false},"excerpt":{"rendered":"<p>Miglior software di riparazione hard disk da utilizzare nel 2024 Non c&#8217;\u00e8 nulla di pi\u00f9 scoraggiante per gli utenti di computer che l&#8217;ipotesi di un guasto dell&#8217;hard disk. Che si tratti del temuto &#8220;click della morte&#8221; o di un messaggio di errore criptico, un hard disk difettoso pu\u00f2 sembrare un problema insormontabile. Tuttavia, sono disponibili [&hellip;]<\/p>\n","protected":false},"author":0,"featured_media":44749,"parent":0,"menu_order":0,"comment_status":"closed","ping_status":"closed","template":"chromecast.php","meta":{"_stopmodifiedupdate":false,"_modified_date":"","_lmt_disableupdate":"","_lmt_disable":""},"acf":[],"yoast_head":"<!-- This site is optimized with the Yoast SEO plugin v20.9 - https:\/\/yoast.com\/wordpress\/plugins\/seo\/ -->\n<title>Miglior software di riparazione dischi per il 2024 | Recensito<\/title>\n<meta name=\"robots\" content=\"index, follow, max-snippet:-1, max-image-preview:large, max-video-preview:-1\" \/>\n<link rel=\"canonical\" href=\"https:\/\/datarecovery.ping.fm\/it\/hard-drive-repair-software\/\" \/>\n<meta property=\"og:locale\" content=\"it_IT\" \/>\n<meta property=\"og:type\" content=\"article\" \/>\n<meta property=\"og:title\" content=\"Miglior software di riparazione dischi per il 2024 | Recensito\" \/>\n<meta property=\"og:description\" content=\"Miglior software di riparazione hard disk da utilizzare nel 2024 Non c&#8217;\u00e8 nulla di pi\u00f9 scoraggiante per gli utenti di computer che l&#8217;ipotesi di un guasto dell&#8217;hard disk. Che si tratti del temuto &#8220;click della morte&#8221; o di un messaggio di errore criptico, un hard disk difettoso pu\u00f2 sembrare un problema insormontabile. Tuttavia, sono disponibili [&hellip;]\" \/>\n<meta property=\"og:url\" content=\"https:\/\/datarecovery.ping.fm\/it\/hard-drive-repair-software\/\" \/>\n<meta property=\"og:site_name\" content=\"Software di Recupero Dati\" \/>\n<meta property=\"article:modified_time\" content=\"2024-04-23T07:42:35+00:00\" \/>\n<meta property=\"og:image\" content=\"https:\/\/datarecovery.ping.fm\/wp-content\/uploads\/2024\/04\/Best-Hard-Drive-Repair-Software-to-Use-in-2024-Italian-1.jpg\" \/>\n\t<meta property=\"og:image:width\" content=\"1280\" \/>\n\t<meta property=\"og:image:height\" content=\"731\" \/>\n\t<meta property=\"og:image:type\" content=\"image\/jpeg\" \/>\n<meta name=\"twitter:card\" content=\"summary_large_image\" \/>\n<meta name=\"twitter:label1\" content=\"Est. reading time\" \/>\n\t<meta name=\"twitter:data1\" content=\"3 minuti\" \/>\n<script type=\"application\/ld+json\" class=\"yoast-schema-graph\">{\"@context\":\"https:\/\/schema.org\",\"@graph\":[{\"@type\":\"WebPage\",\"@id\":\"https:\/\/datarecovery.ping.fm\/it\/hard-drive-repair-software\/\",\"url\":\"https:\/\/datarecovery.ping.fm\/it\/hard-drive-repair-software\/\",\"name\":\"Miglior software di riparazione dischi per il 2024 | Recensito\",\"isPartOf\":{\"@id\":\"https:\/\/datarecovery.ping.fm\/it\/#website\"},\"datePublished\":\"2024-02-22T06:28:29+00:00\",\"dateModified\":\"2024-04-23T07:42:35+00:00\",\"breadcrumb\":{\"@id\":\"https:\/\/datarecovery.ping.fm\/it\/hard-drive-repair-software\/#breadcrumb\"},\"inLanguage\":\"it-IT\",\"potentialAction\":[{\"@type\":\"ReadAction\",\"target\":[\"https:\/\/datarecovery.ping.fm\/it\/hard-drive-repair-software\/\"]}]},{\"@type\":\"BreadcrumbList\",\"@id\":\"https:\/\/datarecovery.ping.fm\/it\/hard-drive-repair-software\/#breadcrumb\",\"itemListElement\":[{\"@type\":\"ListItem\",\"position\":1,\"name\":\"Home\",\"item\":\"https:\/\/datarecovery.ping.fm\/it\/\"},{\"@type\":\"ListItem\",\"position\":2,\"name\":\"Migliori software per la riparazione di dischi fissi da utilizzare nel 2024\"}]},{\"@type\":\"WebSite\",\"@id\":\"https:\/\/datarecovery.ping.fm\/it\/#website\",\"url\":\"https:\/\/datarecovery.ping.fm\/it\/\",\"name\":\"Software di Recupero Dati\",\"description\":\"\",\"potentialAction\":[{\"@type\":\"SearchAction\",\"target\":{\"@type\":\"EntryPoint\",\"urlTemplate\":\"https:\/\/datarecovery.ping.fm\/it\/?s={search_term_string}\"},\"query-input\":\"required name=search_term_string\"}],\"inLanguage\":\"it-IT\"}]}<\/script>\n<!-- \/ Yoast SEO plugin. -->","yoast_head_json":{"title":"Miglior software di riparazione dischi per il 2024 | Recensito","robots":{"index":"index","follow":"follow","max-snippet":"max-snippet:-1","max-image-preview":"max-image-preview:large","max-video-preview":"max-video-preview:-1"},"canonical":"https:\/\/datarecovery.ping.fm\/it\/hard-drive-repair-software\/","og_locale":"it_IT","og_type":"article","og_title":"Miglior software di riparazione dischi per il 2024 | Recensito","og_description":"Miglior software di riparazione hard disk da utilizzare nel 2024 Non c&#8217;\u00e8 nulla di pi\u00f9 scoraggiante per gli utenti di computer che l&#8217;ipotesi di un guasto dell&#8217;hard disk. Che si tratti del temuto &#8220;click della morte&#8221; o di un messaggio di errore criptico, un hard disk difettoso pu\u00f2 sembrare un problema insormontabile. Tuttavia, sono disponibili [&hellip;]","og_url":"https:\/\/datarecovery.ping.fm\/it\/hard-drive-repair-software\/","og_site_name":"Software di Recupero Dati","article_modified_time":"2024-04-23T07:42:35+00:00","og_image":[{"width":1280,"height":731,"url":"https:\/\/datarecovery.ping.fm\/wp-content\/uploads\/2024\/04\/Best-Hard-Drive-Repair-Software-to-Use-in-2024-Italian-1.jpg","type":"image\/jpeg"}],"twitter_card":"summary_large_image","twitter_misc":{"Est. reading time":"3 minuti"},"schema":{"@context":"https:\/\/schema.org","@graph":[{"@type":"WebPage","@id":"https:\/\/datarecovery.ping.fm\/it\/hard-drive-repair-software\/","url":"https:\/\/datarecovery.ping.fm\/it\/hard-drive-repair-software\/","name":"Miglior software di riparazione dischi per il 2024 | Recensito","isPartOf":{"@id":"https:\/\/datarecovery.ping.fm\/it\/#website"},"datePublished":"2024-02-22T06:28:29+00:00","dateModified":"2024-04-23T07:42:35+00:00","breadcrumb":{"@id":"https:\/\/datarecovery.ping.fm\/it\/hard-drive-repair-software\/#breadcrumb"},"inLanguage":"it-IT","potentialAction":[{"@type":"ReadAction","target":["https:\/\/datarecovery.ping.fm\/it\/hard-drive-repair-software\/"]}]},{"@type":"BreadcrumbList","@id":"https:\/\/datarecovery.ping.fm\/it\/hard-drive-repair-software\/#breadcrumb","itemListElement":[{"@type":"ListItem","position":1,"name":"Home","item":"https:\/\/datarecovery.ping.fm\/it\/"},{"@type":"ListItem","position":2,"name":"Migliori software per la riparazione di dischi fissi da utilizzare nel 2024"}]},{"@type":"WebSite","@id":"https:\/\/datarecovery.ping.fm\/it\/#website","url":"https:\/\/datarecovery.ping.fm\/it\/","name":"Software di Recupero Dati","description":"","potentialAction":[{"@type":"SearchAction","target":{"@type":"EntryPoint","urlTemplate":"https:\/\/datarecovery.ping.fm\/it\/?s={search_term_string}"},"query-input":"required name=search_term_string"}],"inLanguage":"it-IT"}]}},"_links":{"self":[{"href":"https:\/\/datarecovery.ping.fm\/it\/wp-json\/wp\/v2\/pages\/43831"}],"collection":[{"href":"https:\/\/datarecovery.ping.fm\/it\/wp-json\/wp\/v2\/pages"}],"about":[{"href":"https:\/\/datarecovery.ping.fm\/it\/wp-json\/wp\/v2\/types\/page"}],"replies":[{"embeddable":true,"href":"https:\/\/datarecovery.ping.fm\/it\/wp-json\/wp\/v2\/comments?post=43831"}],"version-history":[{"count":0,"href":"https:\/\/datarecovery.ping.fm\/it\/wp-json\/wp\/v2\/pages\/43831\/revisions"}],"wp:featuredmedia":[{"embeddable":true,"href":"https:\/\/datarecovery.ping.fm\/it\/wp-json\/wp\/v2\/media\/44749"}],"wp:attachment":[{"href":"https:\/\/datarecovery.ping.fm\/it\/wp-json\/wp\/v2\/media?parent=43831"}],"curies":[{"name":"wp","href":"https:\/\/api.w.org\/{rel}","templated":true}]}}