{"id":41768,"date":"2024-02-21T05:25:08","date_gmt":"2024-02-21T05:25:08","guid":{"rendered":"https:\/\/www.ping.fm\/data-recovery-software\/partition-recovery-software\/"},"modified":"2024-04-16T11:43:46","modified_gmt":"2024-04-16T11:43:46","slug":"partition-recovery-software","status":"publish","type":"page","link":"https:\/\/datarecovery.ping.fm\/it\/partition-recovery-software\/","title":{"rendered":"Miglior programma di recupero partizioni per il 2024 per il sistema operativo Windows"},"content":{"rendered":"<section>\n<h1>Miglior Software di Recupero Partizioni nel 2024 per Windows<\/h1>\n<div class=\"inbrief\">\n<div>             <img src=\"https:\/\/www.ping.fm\/data-recovery-software\/wp-content\/uploads\/ai\/Best-Partition-Recovery-Software-in-2024-for-Windows-Italian.jpg\" alt=\"Miglior Software di Recupero Partizioni nel 2024 per Windows\" title=\"Miglior Software di Recupero Partizioni nel 2024 per Windows\" width=\"1280\" height=\"720\">             <\/p>\n<p>Quando si cancella accidentalmente una partizione o si subisce un crash del sistema, la sensazione \u00e8 a dir poco angosciante, soprattutto se la partizione conteneva dati preziosi. Fortunatamente, il software di recupero partizioni pu\u00f2 essere un salvavita in tempi cos\u00ec disperati. Basandomi sulla mia esperienza personale, ecco una panoramica dei migliori software di recupero partizioni per Windows che ho avuto la fortuna (o sfortuna) di usare. Ogni strumento ha il proprio insieme di caratteristiche e particolarit\u00e0, quindi vi dar\u00f2 il succo di ci\u00f2 che potete aspettarvi da ognuno. Attenzione, \u00e8 imperativo smettere di usare il disco interessato per evitare di sovrascrivere eventuali dati recuperabili e puntare sempre sullo strumento pi\u00f9 affidabile piuttosto che sul pi\u00f9 economico.<\/p>\n<\/div>\n<\/div>\n<\/section>\n<section>\n<div class=\"medal\">\n<div>&#129351;<\/div>\n<\/div>\n<h2><a href='https:\/\/www.stellarinfo.com\/partition-recovery-software.php' rel=\"nofollow noopener\" target='_blank'>Stellar Data Recovery<\/a><\/h2>\n<p><img src=\"https:\/\/www.ping.fm\/data-recovery-software\/wp-content\/uploads\/ai\/https---www-stellarinfo-com-partition-recovery-software-phpItalian.jpg\"><\/p>\n<p>Stellar Data Recovery \u00e8 uno strumento potente che offre un ammirevole equilibrio tra un&#8217;interfaccia intuitiva e capacit\u00e0 di recupero potenti. Questo software \u00e8 stato la mia prima scelta per gli occasionali incubi di perdita di dati, gestendo il recupero delle partizioni con competenza. \u00c8 adatto sia per principianti che per utenti avanzati e personalmente l&#8217;ho usato per recuperare partizioni che pensavo fossero irrecuperabili.<\/p>\n<p><a href='https:\/\/www.stellarinfo.com\/partition-recovery-software.php' rel=\"nofollow noopener\" target='_blank' class='ofWSite'>Sito Ufficiale<\/a><\/p>\n<h3 class='prosTitle'>Pro<\/h3>\n<ul class='listpc pros'>\n<li>Interfaccia altamente intuitiva<\/li>\n<li>Opzioni di scansione avanzate<\/li>\n<\/ul>\n<h3 class='consTitle'>Contro<\/h3>\n<ul class='listpc cons'>\n<li>La velocit\u00e0 di recupero pu\u00f2 essere lenta con dischi di grandi dimensioni<\/li>\n<li>I costi delle licenze sono relativamente alti<\/li>\n<\/ul>\n<\/section>\n<section>\n<div class=\"medal\">\n<div>&#129352;<\/div>\n<\/div>\n<h2><a href='https:\/\/www.easeus.com\/partition-recovery\/' rel=\"nofollow noopener\" target='_blank'>EaseUS Partition Recovery<\/a><\/h2>\n<p><img src=\"https:\/\/www.ping.fm\/data-recovery-software\/wp-content\/uploads\/ai\/https---www-easeus-com-partition-recovery-Italian.jpg\"><\/p>\n<p>Un altro gioiello nel regno del recupero partizioni \u00e8 EaseUS Partition Recovery. \u00c8 piacevole alla vista e alla mente, rendendo quello che potrebbe essere un processo altamente tecnico simile a una passeggiata nel parco. La procedura guidata di recupero \u00e8 particolarmente utile, guidandoti attraverso ogni passo. Nonostante la sua semplicit\u00e0, ha recuperato con successo dati per me in pi\u00f9 occasioni senza molto sforzo.<\/p>\n<p><a href='https:\/\/www.easeus.com\/partition-recovery\/' rel=\"nofollow noopener\" target='_blank' class='ofWSite'>Sito Ufficiale<\/a><\/p>\n<h3 class='prosTitle'>Pro<\/h3>\n<ul class='listpc pros'>\n<li>Interfaccia guidata facile da usare<\/li>\n<li>Buon supporto per vari file system<\/li>\n<\/ul>\n<h3 class='consTitle'>Contro<\/h3>\n<ul class='listpc cons'>\n<li>La versione gratuita ha funzionalit\u00e0 limitate<\/li>\n<li>Il recupero completo pu\u00f2 richiedere tempo<\/li>\n<\/ul>\n<\/section>\n<section>\n<div class=\"medal\">\n<div>&#129353;<\/div>\n<\/div>\n<h2>AOMEI Partition Assistant<\/h2>\n<p>AOMEI Partition Assistant non si limita al recupero delle partizioni; \u00e8 un completo pacchetto di gestione delle partizioni. Il software include una gamma di funzionalit\u00e0 sia per il recupero che per la gestione generale delle partizioni. Ho usato AOMEI principalmente per ridimensionare e suddividere le partizioni, ma dispone anche di una robusta funzione di recupero che mi ha salvato in pi\u00f9 di un&#8217;occasione.<\/p>\n<h3 class='prosTitle'>Pro<\/h3>\n<ul class='listpc pros'>\n<li>Ampia gamma di strumenti per la gestione delle partizioni<\/li>\n<li>Le funzioni di recupero sono abbastanza affidabili<\/li>\n<\/ul>\n<h3 class='consTitle'>Contro<\/h3>\n<ul class='listpc cons'>\n<li>L&#8217;interfaccia potrebbe risultare complessa per i principianti<\/li>\n<li>Certe funzioni avanzate richiedono la versione pro<\/li>\n<\/ul>\n<\/section>\n<section>\n<div class=\"no-medal\">\n<div>4<\/div>\n<\/div>\n<h2><a href='https:\/\/www.cleverfiles.com\/partition-recovery.html' rel=\"nofollow noopener\" target='_blank'>Disk Drill<\/a><\/h2>\n<p><img src=\"https:\/\/www.ping.fm\/data-recovery-software\/wp-content\/uploads\/ai\/https---www-cleverfiles-com-partition-recovery-htmlItalian.jpg\"><\/p>\n<p>Disk Drill si \u00e8 rivelato un eroe inaspettato nel panorama del recupero delle partizioni. Con una pletora di strumenti di recupero, spesso \u00e8 stato la mia ultima risorsa quando altri hanno fallito. La sua funzionalit\u00e0 di scansione profonda si \u00e8 rivelata particolarmente utile, permettendomi di recuperare file che si ritenevano perduti da tempo. \u00c8 facile da usare, ma non tralascia la sua robusta capacit\u00e0 di recupero.<\/p>\n<p><a href='https:\/\/www.cleverfiles.com\/partition-recovery.html' rel=\"nofollow noopener\" target='_blank' class='ofWSite'>Sito Ufficiale<\/a><\/p>\n<h3 class='prosTitle'>Pro<\/h3>\n<ul class='listpc pros'>\n<li>Eccezionali capacit\u00e0 di scansione profonda<\/li>\n<li>Design semplice e orientato all&#8217;utente<\/li>\n<\/ul>\n<h3 class='consTitle'>Contro<\/h3>\n<ul class='listpc cons'>\n<li>Il recupero pu\u00f2 essere lento<\/li>\n<li>La piena funzionalit\u00e0 richiede un aggiornamento a pagamento<\/li>\n<\/ul>\n<\/section>\n<section>\n<div class=\"no-medal\">\n<div>5<\/div>\n<\/div>\n<h2><a href='https:\/\/www.minitool.com\/data-recovery-software\/partition-recovery.html' rel=\"nofollow noopener\" target='_blank'>MiniTool Partition Recovery<\/a><\/h2>\n<p><img src=\"https:\/\/www.ping.fm\/data-recovery-software\/wp-content\/uploads\/ai\/https---www-minitool-com-data-recovery-software-partition-recovery-htmlItalian.jpg\"><\/p>\n<p>MiniTool Partition Recovery \u00e8 un&#8217;applicazione focalizzata sul recupero delle partizioni senza fronzoli e funzionalit\u00e0 aggiuntive dei programmi di recupero dati completi. \u00c8 uno strumento specializzato che ho usato quando sapevo esattamente ci\u00f2 di cui avevo bisogno per recuperare. \u00c8 veloce, efficiente e privo di qualsiasi cosa che possa distrarre dal suo unico scopo: recuperare le tue partizioni.<\/p>\n<p><a href='https:\/\/www.minitool.com\/data-recovery-software\/partition-recovery.html' rel=\"nofollow noopener\" target='_blank' class='ofWSite'>Sito Ufficiale<\/a><\/p>\n<h3 class='prosTitle'>Pro<\/h3>\n<ul class='listpc pros'>\n<li>Specializzato nel recupero delle partizioni<\/li>\n<li>Funzionamento veloce ed efficiente<\/li>\n<\/ul>\n<h3 class='consTitle'>Contro<\/h3>\n<ul class='listpc cons'>\n<li>Funzionalit\u00e0 limitate al di l\u00e0 del recupero delle partizioni<\/li>\n<li>L&#8217;interfaccia non \u00e8 la pi\u00f9 moderna<\/li>\n<\/ul>\n<\/section>\n<section>\n<h2>Conclusione:<\/h2>\n<div class=\"nonp\">\n<p>La perdita di dati pu\u00f2 essere un&#8217;esperienza traumatica, ma ci sono delle misure che puoi prendere per minimizzare i rischi. Utilizzare servizi di archiviazione cloud come OneDrive o <a href='https:\/\/www.dropbox.com\/' rel=\"nofollow noopener\" target='_blank'>Dropbox<\/a> per i tuoi file importanti pu\u00f2 aggiungere un ulteriore livello di sicurezza. Inoltre, controlli regolari del sistema con strumenti come <a href='https:\/\/www.ccleaner.com\/ccleaner' rel=\"nofollow noopener\" target='_blank'>CCleaner<\/a> per eliminare i file non necessari e <a href='https:\/\/www.malwarebytes.com\/' rel=\"nofollow noopener\" target='_blank'>Malwarebytes<\/a> per le scansioni di malware possono contribuire significativamente a prevenire i crash del sistema che portano alla perdita di partizioni. Infine, sii cauto quando partizioni i dischi da solo; \u00e8 consigliabile utilizzare guide esperte o aiuto professionale se non sei sicuro delle tue capacit\u00e0.<\/p>\n<\/div>\n<\/section>\n","protected":false},"excerpt":{"rendered":"<p>Miglior Software di Recupero Partizioni nel 2024 per Windows Quando si cancella accidentalmente una partizione o si subisce un crash del sistema, la sensazione \u00e8 a dir poco angosciante, soprattutto se la partizione conteneva dati preziosi. Fortunatamente, il software di recupero partizioni pu\u00f2 essere un salvavita in tempi cos\u00ec disperati. Basandomi sulla mia esperienza personale, [&hellip;]<\/p>\n","protected":false},"author":0,"featured_media":41769,"parent":0,"menu_order":0,"comment_status":"closed","ping_status":"closed","template":"chromecast.php","meta":{"_stopmodifiedupdate":false,"_modified_date":"","_lmt_disableupdate":"","_lmt_disable":""},"acf":[],"yoast_head":"<!-- This site is optimized with the Yoast SEO plugin v20.9 - https:\/\/yoast.com\/wordpress\/plugins\/seo\/ -->\n<title>Migliori programmi di recupero partizioni per il 2024 per il sistema operativo Windows<\/title>\n<meta name=\"robots\" content=\"index, follow, max-snippet:-1, max-image-preview:large, max-video-preview:-1\" \/>\n<link rel=\"canonical\" href=\"https:\/\/datarecovery.ping.fm\/it\/partition-recovery-software\/\" \/>\n<meta property=\"og:locale\" content=\"it_IT\" \/>\n<meta property=\"og:type\" content=\"article\" \/>\n<meta property=\"og:title\" content=\"Migliori programmi di recupero partizioni per il 2024 per il sistema operativo Windows\" \/>\n<meta property=\"og:description\" content=\"Miglior Software di Recupero Partizioni nel 2024 per Windows Quando si cancella accidentalmente una partizione o si subisce un crash del sistema, la sensazione \u00e8 a dir poco angosciante, soprattutto se la partizione conteneva dati preziosi. Fortunatamente, il software di recupero partizioni pu\u00f2 essere un salvavita in tempi cos\u00ec disperati. Basandomi sulla mia esperienza personale, [&hellip;]\" \/>\n<meta property=\"og:url\" content=\"https:\/\/datarecovery.ping.fm\/it\/partition-recovery-software\/\" \/>\n<meta property=\"og:site_name\" content=\"Software di Recupero Dati\" \/>\n<meta property=\"article:modified_time\" content=\"2024-04-16T11:43:46+00:00\" \/>\n<meta property=\"og:image\" content=\"https:\/\/datarecovery.ping.fm\/wp-content\/uploads\/2024\/04\/Best-Partition-Recovery-Software-in-2024-for-Windows-Italian.jpg\" \/>\n\t<meta property=\"og:image:width\" content=\"1280\" \/>\n\t<meta property=\"og:image:height\" content=\"731\" \/>\n\t<meta property=\"og:image:type\" content=\"image\/jpeg\" \/>\n<meta name=\"twitter:card\" content=\"summary_large_image\" \/>\n<meta name=\"twitter:label1\" content=\"Est. reading time\" \/>\n\t<meta name=\"twitter:data1\" content=\"3 minuti\" \/>\n<script type=\"application\/ld+json\" class=\"yoast-schema-graph\">{\"@context\":\"https:\/\/schema.org\",\"@graph\":[{\"@type\":\"WebPage\",\"@id\":\"https:\/\/datarecovery.ping.fm\/it\/partition-recovery-software\/\",\"url\":\"https:\/\/datarecovery.ping.fm\/it\/partition-recovery-software\/\",\"name\":\"Migliori programmi di recupero partizioni per il 2024 per il sistema operativo Windows\",\"isPartOf\":{\"@id\":\"https:\/\/datarecovery.ping.fm\/it\/#website\"},\"datePublished\":\"2024-02-21T05:25:08+00:00\",\"dateModified\":\"2024-04-16T11:43:46+00:00\",\"breadcrumb\":{\"@id\":\"https:\/\/datarecovery.ping.fm\/it\/partition-recovery-software\/#breadcrumb\"},\"inLanguage\":\"it-IT\",\"potentialAction\":[{\"@type\":\"ReadAction\",\"target\":[\"https:\/\/datarecovery.ping.fm\/it\/partition-recovery-software\/\"]}]},{\"@type\":\"BreadcrumbList\",\"@id\":\"https:\/\/datarecovery.ping.fm\/it\/partition-recovery-software\/#breadcrumb\",\"itemListElement\":[{\"@type\":\"ListItem\",\"position\":1,\"name\":\"Home\",\"item\":\"https:\/\/datarecovery.ping.fm\/it\/\"},{\"@type\":\"ListItem\",\"position\":2,\"name\":\"Miglior programma di recupero partizioni per il 2024 per il sistema operativo Windows\"}]},{\"@type\":\"WebSite\",\"@id\":\"https:\/\/datarecovery.ping.fm\/it\/#website\",\"url\":\"https:\/\/datarecovery.ping.fm\/it\/\",\"name\":\"Software di Recupero Dati\",\"description\":\"\",\"potentialAction\":[{\"@type\":\"SearchAction\",\"target\":{\"@type\":\"EntryPoint\",\"urlTemplate\":\"https:\/\/datarecovery.ping.fm\/it\/?s={search_term_string}\"},\"query-input\":\"required name=search_term_string\"}],\"inLanguage\":\"it-IT\"}]}<\/script>\n<!-- \/ Yoast SEO plugin. -->","yoast_head_json":{"title":"Migliori programmi di recupero partizioni per il 2024 per il sistema operativo Windows","robots":{"index":"index","follow":"follow","max-snippet":"max-snippet:-1","max-image-preview":"max-image-preview:large","max-video-preview":"max-video-preview:-1"},"canonical":"https:\/\/datarecovery.ping.fm\/it\/partition-recovery-software\/","og_locale":"it_IT","og_type":"article","og_title":"Migliori programmi di recupero partizioni per il 2024 per il sistema operativo Windows","og_description":"Miglior Software di Recupero Partizioni nel 2024 per Windows Quando si cancella accidentalmente una partizione o si subisce un crash del sistema, la sensazione \u00e8 a dir poco angosciante, soprattutto se la partizione conteneva dati preziosi. Fortunatamente, il software di recupero partizioni pu\u00f2 essere un salvavita in tempi cos\u00ec disperati. Basandomi sulla mia esperienza personale, [&hellip;]","og_url":"https:\/\/datarecovery.ping.fm\/it\/partition-recovery-software\/","og_site_name":"Software di Recupero Dati","article_modified_time":"2024-04-16T11:43:46+00:00","og_image":[{"width":1280,"height":731,"url":"https:\/\/datarecovery.ping.fm\/wp-content\/uploads\/2024\/04\/Best-Partition-Recovery-Software-in-2024-for-Windows-Italian.jpg","type":"image\/jpeg"}],"twitter_card":"summary_large_image","twitter_misc":{"Est. reading time":"3 minuti"},"schema":{"@context":"https:\/\/schema.org","@graph":[{"@type":"WebPage","@id":"https:\/\/datarecovery.ping.fm\/it\/partition-recovery-software\/","url":"https:\/\/datarecovery.ping.fm\/it\/partition-recovery-software\/","name":"Migliori programmi di recupero partizioni per il 2024 per il sistema operativo Windows","isPartOf":{"@id":"https:\/\/datarecovery.ping.fm\/it\/#website"},"datePublished":"2024-02-21T05:25:08+00:00","dateModified":"2024-04-16T11:43:46+00:00","breadcrumb":{"@id":"https:\/\/datarecovery.ping.fm\/it\/partition-recovery-software\/#breadcrumb"},"inLanguage":"it-IT","potentialAction":[{"@type":"ReadAction","target":["https:\/\/datarecovery.ping.fm\/it\/partition-recovery-software\/"]}]},{"@type":"BreadcrumbList","@id":"https:\/\/datarecovery.ping.fm\/it\/partition-recovery-software\/#breadcrumb","itemListElement":[{"@type":"ListItem","position":1,"name":"Home","item":"https:\/\/datarecovery.ping.fm\/it\/"},{"@type":"ListItem","position":2,"name":"Miglior programma di recupero partizioni per il 2024 per il sistema operativo Windows"}]},{"@type":"WebSite","@id":"https:\/\/datarecovery.ping.fm\/it\/#website","url":"https:\/\/datarecovery.ping.fm\/it\/","name":"Software di Recupero Dati","description":"","potentialAction":[{"@type":"SearchAction","target":{"@type":"EntryPoint","urlTemplate":"https:\/\/datarecovery.ping.fm\/it\/?s={search_term_string}"},"query-input":"required name=search_term_string"}],"inLanguage":"it-IT"}]}},"_links":{"self":[{"href":"https:\/\/datarecovery.ping.fm\/it\/wp-json\/wp\/v2\/pages\/41768"}],"collection":[{"href":"https:\/\/datarecovery.ping.fm\/it\/wp-json\/wp\/v2\/pages"}],"about":[{"href":"https:\/\/datarecovery.ping.fm\/it\/wp-json\/wp\/v2\/types\/page"}],"replies":[{"embeddable":true,"href":"https:\/\/datarecovery.ping.fm\/it\/wp-json\/wp\/v2\/comments?post=41768"}],"version-history":[{"count":0,"href":"https:\/\/datarecovery.ping.fm\/it\/wp-json\/wp\/v2\/pages\/41768\/revisions"}],"wp:featuredmedia":[{"embeddable":true,"href":"https:\/\/datarecovery.ping.fm\/it\/wp-json\/wp\/v2\/media\/41769"}],"wp:attachment":[{"href":"https:\/\/datarecovery.ping.fm\/it\/wp-json\/wp\/v2\/media?parent=41768"}],"curies":[{"name":"wp","href":"https:\/\/api.w.org\/{rel}","templated":true}]}}