{"id":39534,"date":"2024-01-22T21:14:41","date_gmt":"2024-01-22T21:14:41","guid":{"rendered":"https:\/\/www.ping.fm\/data-recovery-software\/best-android-cleaners\/"},"modified":"2024-04-09T17:25:06","modified_gmt":"2024-04-09T17:25:06","slug":"best-android-cleaners","status":"publish","type":"page","link":"https:\/\/datarecovery.ping.fm\/it\/best-android-cleaners\/","title":{"rendered":"Migliori app di pulizia gratuite per telefoni Android"},"content":{"rendered":"<section>\n<h1>Migliori App GRATUITE di Pulizia per Telefoni Android<\/h1>\n<div class=\"inbrief\">\n<div>             <img src=\"https:\/\/www.ping.fm\/data-recovery-software\/wp-content\/uploads\/ai\/Best-FREE-Android-Phone-Cleaner-Apps-Italian.jpg\" alt=\"Migliori App GRATUITE di Pulizia per Telefoni Android\" title=\"Migliori App GRATUITE di Pulizia per Telefoni Android\" width=\"1280\" height=\"720\">             <\/p>\n<p>Con innumerevoli app disponibili per Android, gli smartphone possono spesso appesantirsi con file superflui e processi in background. Qui entrano in gioco le app di pulizia, che aiutano a liberare spazio, migliorare le prestazioni e prolungare la durata della batteria. Di seguito, condivido la mia esperienza con le migliori app gratuite di <b>pulizia per telefoni Android<\/b> che hanno migliorato notevolmente la funzionalit\u00e0 del mio dispositivo.<\/p>\n<\/div>\n<\/div>\n<\/section>\n<section>\n<div class=\"medal\">\n<div>&#129351;<\/div>\n<\/div>\n<h2><a href=\"https:\/\/www.ccleaner.com\/ccleaner-android\" rel=\"nofollow noopener\" target=\"_blank\">CCleaner<\/a><\/h2>\n<p><img src=\"https:\/\/www.ping.fm\/data-recovery-software\/wp-content\/uploads\/ai\/https---www-ccleaner-com-ccleaner-androidItalian.jpg\"><\/p>\n<p><b>CCleaner<\/b> per Android \u00e8 uno strumento di pulizia versatile che ho utilizzato spesso per eliminare la cache, cancellare file inutili e cancellare la cronologia del browser. L&#8217;interfaccia utente \u00e8 semplice, il che rende le verifiche di manutenzione di routine un gioco da ragazzi. Ho notato che questa app offre anche il monitoraggio del sistema, fornendo informazioni sulle prestazioni del mio dispositivo.<\/p>\n<p><a href=\"https:\/\/www.ccleaner.com\/ccleaner-android\" rel=\"nofollow noopener\" target=\"_blank\" class=\"ofWSite\">Sito Ufficiale<\/a><\/p>\n<h3 class=\"prosTitle\">Vantaggi<\/h3>\n<ul class=\"listpc pros\">\n<li>Interfaccia intuitiva<\/li>\n<li>Pulizia efficace dei file superflui<\/li>\n<li>Funzionalit\u00e0 di monitoraggio del sistema<\/li>\n<\/ul>\n<h3 class=\"consTitle\">Svantaggi<\/h3>\n<ul class=\"listpc cons\">\n<li>Pubblicit\u00e0 occasionali nella versione gratuita<\/li>\n<li>Alcune funzionalit\u00e0 avanzate sono a pagamento<\/li>\n<\/ul>\n<\/section>\n<section>\n<div class=\"medal\">\n<div>&#129352;<\/div>\n<\/div>\n<h2><a href=\"https:\/\/www.avast.com\/en-us\/cleanup\" rel=\"nofollow noopener\" target=\"_blank\">Avast Cleanup &#038; Boost<\/a><\/h2>\n<p><img src=\"https:\/\/www.ping.fm\/data-recovery-software\/wp-content\/uploads\/ai\/https---www-avast-com-en-us-cleanupItalian.jpg\"><\/p>\n<p>La mia esperienza con <b>Avast Cleanup &#038; Boost<\/b> \u00e8 stata in gran parte positiva per quanto riguarda l&#8217;ottimizzazione del mio dispositivo. Analizza attentamente i dati delle app per suggerire l&#8217;eliminazione di file non necessari. Inoltre, aiuta a gestire efficacemente le app e pu\u00f2 persino migliorare le impostazioni della batteria.<\/p>\n<p><a href=\"https:\/\/www.avast.com\/en-us\/cleanup\" rel=\"nofollow noopener\" target=\"_blank\" class=\"ofWSite\">Sito Ufficiale<\/a><\/p>\n<h3 class=\"prosTitle\">Vantaggi<\/h3>\n<ul class=\"listpc pros\">\n<li>Funzione di pulizia automatica<\/li>\n<li>Personalizzazione dei profili della batteria<\/li>\n<li>Pulizia sicura di file non necessari<\/li>\n<\/ul>\n<h3 class=\"consTitle\">Svantaggi<\/h3>\n<ul class=\"listpc cons\">\n<li>Contiene annunci pubblicitari<\/li>\n<li>Alcune funzionalit\u00e0 richiedono un abbonamento<\/li>\n<\/ul>\n<\/section>\n<section>\n<div class=\"medal\">\n<div>&#129353;<\/div>\n<\/div>\n<h2><a href=\"https:\/\/sdmaid.darken.eu\/\" rel=\"nofollow noopener\" target=\"_blank\">SD Maid<\/a><\/h2>\n<p><img src=\"https:\/\/www.ping.fm\/data-recovery-software\/wp-content\/uploads\/ai\/https---sdmaid-darken-eu-Italian.jpg\"><\/p>\n<p>L&#8217;app <b>SD Maid<\/b> si distingue per l&#8217;ottimizzazione del database e la funzionalit\u00e0 &#8216;Trova Cadaveri&#8217; che ricerca file orfani. La semplicit\u00e0 di questo strumento unita alle sue capacit\u00e0 di pulizia approfondita hanno reso la pulizia del sistema di file sul mio dispositivo Android meno una seccatura e pi\u00f9 un compito rapido e soddisfacente.<\/p>\n<p><a href=\"https:\/\/sdmaid.darken.eu\/\" rel=\"nofollow noopener\" target=\"_blank\" class=\"ofWSite\">Sito Ufficiale<\/a><\/p>\n<h3 class=\"prosTitle\">Pro<\/h3>\n<ul class=\"listpc pros\">\n<li>Pulizia approfondita del sistema di file<\/li>\n<li>Utile funzionalit\u00e0 &#8216;Trova Cadaveri&#8217;<\/li>\n<li>Strumenti di ottimizzazione del database<\/li>\n<\/ul>\n<h3 class=\"consTitle\">Contro<\/h3>\n<ul class=\"listpc cons\">\n<li>L&#8217;interfaccia pu\u00f2 risultare leggermente complessa per i nuovi utenti<\/li>\n<li>Le funzioni Pro richiedono l&#8217;aggiornamento<\/li>\n<\/ul>\n<\/section>\n<section>\n<div class=\"no-medal\">\n<div>4<\/div>\n<\/div>\n<h2>AVG Cleaner<\/h2>\n<p><b>AVG Cleaner<\/b> si \u00e8 rivelato utile quando ho avuto la necessit\u00e0 di identificare e pulire rapidamente foto di scarsa qualit\u00e0 e app inutilizzate. Il suo processo di analisi e pulizia con un solo tocco \u00e8 efficiente in termini di tempo. Inoltre, il suo &#8216;Disinstallatore App&#8217; suggerisce le app usate raramente da disinstallare, aiutandomi a mantenere il dispositivo snello.<\/p>\n<h3 class=\"prosTitle\">Pro<\/h3>\n<ul class=\"listpc pros\">\n<li>Pulizia semplice con un solo tocco<\/li>\n<li>Analisi intelligente delle foto<\/li>\n<li>Statistiche sull&#8217;uso delle app<\/li>\n<\/ul>\n<h3 class=\"consTitle\">Contro<\/h3>\n<ul class=\"listpc cons\">\n<li>Annunci pubblicitari e sollecitazioni per altri prodotti AVG<\/li>\n<li>Alcune funzioni sono bloccate nella versione Pro<\/li>\n<\/ul>\n<\/section>\n<section>\n<div class=\"no-medal\">\n<div>5<\/div>\n<\/div>\n<h2><a href=\"https:\/\/www.cleanmasterofficial.com\/\" rel=\"nofollow noopener\" target=\"_blank\">Clean Master<\/a><\/h2>\n<p><img src=\"https:\/\/www.ping.fm\/data-recovery-software\/wp-content\/uploads\/ai\/https---www-cleanmasterofficial-com-Italian.jpg\"><\/p>\n<p>Sono rimasto costantemente colpito dalle capacit\u00e0 di <b>Clean Master<\/b> non solo di pulire i file spazzatura, ma anche di fornire una scansione antivirus che assicura la protezione del mio dispositivo da malware. La funzionalit\u00e0 &#8216;AppLock&#8217; offre anche un senso di sicurezza aggiunto per le mie app personali.<\/p>\n<p><a href=\"https:\/\/www.cleanmasterofficial.com\/\" rel=\"nofollow noopener\" target=\"_blank\" class=\"ofWSite\">Sito Ufficiale<\/a><\/p>\n<h3 class=\"prosTitle\">Pro<\/h3>\n<ul class=\"listpc pros\">\n<li>Scansione antivirus integrata<\/li>\n<li>&#8216;AppLock&#8217; per la protezione della privacy<\/li>\n<li>Interfaccia intuitiva<\/li>\n<\/ul>\n<h3 class=\"consTitle\">Contro<\/h3>\n<ul class=\"listpc cons\">\n<li>Pi\u00f9 pubblicit\u00e0<\/li>\n<li>A volte segnalato da altre app di sicurezza<\/li>\n<\/ul>\n<\/section>\n<section>\n<h2>Video di YouTube da guardare<\/h2>\n<div class=\"nonp iframe\"><iframe width=\"420\" height=\"315\" src=\"\/\/www.youtube.com\/embed\/Pwj4ONDi0hk\" frameborder=\"0\" allowfullscreen><\/iframe><\/div>\n<\/section>\n<section>\n<h2>Conclusione:<\/h2>\n<div class=\"nonp\">\n<p>Sebbene le app di pulizia possano migliorare notevolmente la funzionalit\u00e0 del tuo telefono Android, esistono ulteriori passaggi che puoi intraprendere per <b>massimizzare il potenziale del tuo dispositivo<\/b>. Mantenere il sistema operativo ed le app aggiornati pu\u00f2 fornire non solo nuove funzionalit\u00e0 ma anche importanti patch di sicurezza. \u00c8 inoltre vantaggioso gestire le tue app rimuovendo quelle che non utilizzi pi\u00f9, oltre a disabilitare il bloatware quando possibile.<\/p>\n<p>Se il tuo telefono ha prestazioni costantemente scarse, considera il ripristino di fabbrica come ultima soluzione. Ricorda di fare un backup dei tuoi dati prima di intraprendere questo passaggio. Per una guida completa alla sicurezza e all&#8217;ottimizzazione del tuo dispositivo Android, potresti trovare particolarmente utili le risorse su <a href=\"https:\/\/support.google.com\/android\" rel=\"nofollow noopener\" target=\"_blank\">Centro Assistenza Android di Google<\/a>. Inoltre, forum di discussione come <a href=\"https:\/\/forum.xda-developers.com\/\" rel=\"nofollow noopener\" target=\"_blank\">XDA Developers<\/a> sono una miniera di informazioni su ROM personalizzate e tweaks avanzati per gli appassionati.<\/p>\n<\/div>\n<\/section>\n","protected":false},"excerpt":{"rendered":"<p>Migliori App GRATUITE di Pulizia per Telefoni Android Con innumerevoli app disponibili per Android, gli smartphone possono spesso appesantirsi con file superflui e processi in background. Qui entrano in gioco le app di pulizia, che aiutano a liberare spazio, migliorare le prestazioni e prolungare la durata della batteria. Di seguito, condivido la mia esperienza con [&hellip;]<\/p>\n","protected":false},"author":0,"featured_media":39535,"parent":0,"menu_order":0,"comment_status":"closed","ping_status":"closed","template":"chromecast.php","meta":{"_stopmodifiedupdate":false,"_modified_date":"","_lmt_disableupdate":"","_lmt_disable":""},"acf":[],"yoast_head":"<!-- This site is optimized with the Yoast SEO plugin v20.9 - https:\/\/yoast.com\/wordpress\/plugins\/seo\/ -->\n<title>Migliori app di pulizia gratuite per telefoni Android nel 2024. Pro e contro!<\/title>\n<meta name=\"robots\" content=\"index, follow, max-snippet:-1, max-image-preview:large, max-video-preview:-1\" \/>\n<link rel=\"canonical\" href=\"https:\/\/datarecovery.ping.fm\/it\/best-android-cleaners\/\" \/>\n<meta property=\"og:locale\" content=\"it_IT\" \/>\n<meta property=\"og:type\" content=\"article\" \/>\n<meta property=\"og:title\" content=\"Migliori app di pulizia gratuite per telefoni Android nel 2024. Pro e contro!\" \/>\n<meta property=\"og:description\" content=\"Migliori App GRATUITE di Pulizia per Telefoni Android Con innumerevoli app disponibili per Android, gli smartphone possono spesso appesantirsi con file superflui e processi in background. Qui entrano in gioco le app di pulizia, che aiutano a liberare spazio, migliorare le prestazioni e prolungare la durata della batteria. Di seguito, condivido la mia esperienza con [&hellip;]\" \/>\n<meta property=\"og:url\" content=\"https:\/\/datarecovery.ping.fm\/it\/best-android-cleaners\/\" \/>\n<meta property=\"og:site_name\" content=\"Software di Recupero Dati\" \/>\n<meta property=\"article:modified_time\" content=\"2024-04-09T17:25:06+00:00\" \/>\n<meta property=\"og:image\" content=\"https:\/\/datarecovery.ping.fm\/wp-content\/uploads\/2024\/04\/Best-FREE-Android-Phone-Cleaner-Apps-Italian.jpg\" \/>\n\t<meta property=\"og:image:width\" content=\"1280\" \/>\n\t<meta property=\"og:image:height\" content=\"731\" \/>\n\t<meta property=\"og:image:type\" content=\"image\/jpeg\" \/>\n<meta name=\"twitter:card\" content=\"summary_large_image\" \/>\n<meta name=\"twitter:label1\" content=\"Est. reading time\" \/>\n\t<meta name=\"twitter:data1\" content=\"3 minuti\" \/>\n<script type=\"application\/ld+json\" class=\"yoast-schema-graph\">{\"@context\":\"https:\/\/schema.org\",\"@graph\":[{\"@type\":\"WebPage\",\"@id\":\"https:\/\/datarecovery.ping.fm\/it\/best-android-cleaners\/\",\"url\":\"https:\/\/datarecovery.ping.fm\/it\/best-android-cleaners\/\",\"name\":\"Migliori app di pulizia gratuite per telefoni Android nel 2024. Pro e contro!\",\"isPartOf\":{\"@id\":\"https:\/\/datarecovery.ping.fm\/it\/#website\"},\"datePublished\":\"2024-01-22T21:14:41+00:00\",\"dateModified\":\"2024-04-09T17:25:06+00:00\",\"breadcrumb\":{\"@id\":\"https:\/\/datarecovery.ping.fm\/it\/best-android-cleaners\/#breadcrumb\"},\"inLanguage\":\"it-IT\",\"potentialAction\":[{\"@type\":\"ReadAction\",\"target\":[\"https:\/\/datarecovery.ping.fm\/it\/best-android-cleaners\/\"]}]},{\"@type\":\"BreadcrumbList\",\"@id\":\"https:\/\/datarecovery.ping.fm\/it\/best-android-cleaners\/#breadcrumb\",\"itemListElement\":[{\"@type\":\"ListItem\",\"position\":1,\"name\":\"Home\",\"item\":\"https:\/\/datarecovery.ping.fm\/it\/\"},{\"@type\":\"ListItem\",\"position\":2,\"name\":\"Migliori app di pulizia gratuite per telefoni Android\"}]},{\"@type\":\"WebSite\",\"@id\":\"https:\/\/datarecovery.ping.fm\/it\/#website\",\"url\":\"https:\/\/datarecovery.ping.fm\/it\/\",\"name\":\"Software di Recupero Dati\",\"description\":\"\",\"potentialAction\":[{\"@type\":\"SearchAction\",\"target\":{\"@type\":\"EntryPoint\",\"urlTemplate\":\"https:\/\/datarecovery.ping.fm\/it\/?s={search_term_string}\"},\"query-input\":\"required name=search_term_string\"}],\"inLanguage\":\"it-IT\"}]}<\/script>\n<!-- \/ Yoast SEO plugin. -->","yoast_head_json":{"title":"Migliori app di pulizia gratuite per telefoni Android nel 2024. Pro e contro!","robots":{"index":"index","follow":"follow","max-snippet":"max-snippet:-1","max-image-preview":"max-image-preview:large","max-video-preview":"max-video-preview:-1"},"canonical":"https:\/\/datarecovery.ping.fm\/it\/best-android-cleaners\/","og_locale":"it_IT","og_type":"article","og_title":"Migliori app di pulizia gratuite per telefoni Android nel 2024. Pro e contro!","og_description":"Migliori App GRATUITE di Pulizia per Telefoni Android Con innumerevoli app disponibili per Android, gli smartphone possono spesso appesantirsi con file superflui e processi in background. Qui entrano in gioco le app di pulizia, che aiutano a liberare spazio, migliorare le prestazioni e prolungare la durata della batteria. Di seguito, condivido la mia esperienza con [&hellip;]","og_url":"https:\/\/datarecovery.ping.fm\/it\/best-android-cleaners\/","og_site_name":"Software di Recupero Dati","article_modified_time":"2024-04-09T17:25:06+00:00","og_image":[{"width":1280,"height":731,"url":"https:\/\/datarecovery.ping.fm\/wp-content\/uploads\/2024\/04\/Best-FREE-Android-Phone-Cleaner-Apps-Italian.jpg","type":"image\/jpeg"}],"twitter_card":"summary_large_image","twitter_misc":{"Est. reading time":"3 minuti"},"schema":{"@context":"https:\/\/schema.org","@graph":[{"@type":"WebPage","@id":"https:\/\/datarecovery.ping.fm\/it\/best-android-cleaners\/","url":"https:\/\/datarecovery.ping.fm\/it\/best-android-cleaners\/","name":"Migliori app di pulizia gratuite per telefoni Android nel 2024. Pro e contro!","isPartOf":{"@id":"https:\/\/datarecovery.ping.fm\/it\/#website"},"datePublished":"2024-01-22T21:14:41+00:00","dateModified":"2024-04-09T17:25:06+00:00","breadcrumb":{"@id":"https:\/\/datarecovery.ping.fm\/it\/best-android-cleaners\/#breadcrumb"},"inLanguage":"it-IT","potentialAction":[{"@type":"ReadAction","target":["https:\/\/datarecovery.ping.fm\/it\/best-android-cleaners\/"]}]},{"@type":"BreadcrumbList","@id":"https:\/\/datarecovery.ping.fm\/it\/best-android-cleaners\/#breadcrumb","itemListElement":[{"@type":"ListItem","position":1,"name":"Home","item":"https:\/\/datarecovery.ping.fm\/it\/"},{"@type":"ListItem","position":2,"name":"Migliori app di pulizia gratuite per telefoni Android"}]},{"@type":"WebSite","@id":"https:\/\/datarecovery.ping.fm\/it\/#website","url":"https:\/\/datarecovery.ping.fm\/it\/","name":"Software di Recupero Dati","description":"","potentialAction":[{"@type":"SearchAction","target":{"@type":"EntryPoint","urlTemplate":"https:\/\/datarecovery.ping.fm\/it\/?s={search_term_string}"},"query-input":"required name=search_term_string"}],"inLanguage":"it-IT"}]}},"_links":{"self":[{"href":"https:\/\/datarecovery.ping.fm\/it\/wp-json\/wp\/v2\/pages\/39534"}],"collection":[{"href":"https:\/\/datarecovery.ping.fm\/it\/wp-json\/wp\/v2\/pages"}],"about":[{"href":"https:\/\/datarecovery.ping.fm\/it\/wp-json\/wp\/v2\/types\/page"}],"replies":[{"embeddable":true,"href":"https:\/\/datarecovery.ping.fm\/it\/wp-json\/wp\/v2\/comments?post=39534"}],"version-history":[{"count":0,"href":"https:\/\/datarecovery.ping.fm\/it\/wp-json\/wp\/v2\/pages\/39534\/revisions"}],"wp:featuredmedia":[{"embeddable":true,"href":"https:\/\/datarecovery.ping.fm\/it\/wp-json\/wp\/v2\/media\/39535"}],"wp:attachment":[{"href":"https:\/\/datarecovery.ping.fm\/it\/wp-json\/wp\/v2\/media?parent=39534"}],"curies":[{"name":"wp","href":"https:\/\/api.w.org\/{rel}","templated":true}]}}