{"id":19688,"date":"2024-01-15T20:29:56","date_gmt":"2024-01-15T20:29:56","guid":{"rendered":"https:\/\/www.ping.fm\/data-recovery-software\/best-seagate-file-recovery-software\/"},"modified":"2024-02-29T18:23:50","modified_gmt":"2024-02-29T18:23:50","slug":"best-seagate-file-recovery-software","status":"publish","type":"page","link":"https:\/\/datarecovery.ping.fm\/it\/best-seagate-file-recovery-software\/","title":{"rendered":"Top 5 del miglior software di recupero file Seagate"},"content":{"rendered":"<section>\n<h1>Top 5 dei Migliori Software di Recupero File Seagate<\/h1>\n<div class=\"inbrief\">\n<div>             <img src=\"https:\/\/www.ping.fm\/data-recovery-software\/wp-content\/uploads\/ai\/Top-5-Best-Seagate-File-Recovery-Software-Italian.jpg\" alt=\"Top 5 dei Migliori Software di Recupero File Seagate\" title=\"Top 5 dei Migliori Software di Recupero File Seagate\" width=\"1280\" height=\"720\">             <\/p>\n<p>Quando si tratta di proteggere le nostre vite digitali, l&#8217;importanza di una soluzione affidabile di recupero dati non pu\u00f2 essere sopravvalutata. Come qualcuno che si \u00e8 ritrovato nello scenario temuto della perdita di dati, posso testimoniare personalmente il panico che insorge quando ci si rende conto che i propri file preziosi potrebbero essere andati perduti per sempre. Ma non temete, cari guardiani dei dati! Ho navigato nell&#8217;acque agitate del recupero file e sono qui per condividere le mie intuizioni sui <b>5 migliori strumenti software di recupero dati<\/b> specificamente progettati per i <b>dischi Seagate<\/b>, con un cenno speciale all&#8217;utilit\u00e0 interna <b>Seagate SeaTools<\/b>. Che tu sia uno specialista IT professionista o semplicemente qualcuno con una marea di selfie importanti, questi strumenti offrono un salvagente quando il tuo mondo digitale sembra affondare.<\/p>\n<\/div>\n<\/div>\n<\/section>\n<section>\n<div class=\"medal\">\n<div>&#129351;<\/div>\n<\/div>\n<h2><a href='https:\/\/www.cleverfiles.com\/' rel=\"nofollow noopener\" target='_blank'>Disk Drill<\/a><\/h2>\n<p><img src=\"https:\/\/www.ping.fm\/data-recovery-software\/wp-content\/uploads\/ai\/https---www-cleverfiles-com-Italian.jpg\"><\/p>\n<p>Come qualcuno che ha provato l&#8217;amarezza della perdita di file, posso mettere con fiducia <b>Disk Drill<\/b> in cima alla mia lista. Questo strumento entra in intimit\u00e0 con i tuoi dati, offrendo un&#8217;interfaccia intuitiva che rende il recupero accessibile a tutti. Non si tira indietro nemmeno davanti al lavoro duro, fungendo da cavaliere digitale per vari sistemi di file e tipi di file con i suoi robusti algoritmi di scansione.<\/p>\n<p><a href='https:\/\/www.cleverfiles.com\/' rel=\"nofollow noopener\" target='_blank' class='ofWSite'>Sito Ufficiale<\/a><\/p>\n<h3 class='prosTitle'>Pro<\/h3>\n<ul class='listpc pros'>\n<li>Algoritmi di recupero file superiori<\/li>\n<li>Interfaccia user-friendly<\/li>\n<\/ul>\n<h3 class='consTitle'>Contro<\/h3>\n<ul class='listpc cons'>\n<li>La versione gratuita ha capacit\u00e0 di recupero limitate<\/li>\n<li>Diventa intensivo sulle risorse durante le scansioni profonde<\/li>\n<\/ul>\n<\/section>\n<section>\n<div class=\"medal\">\n<div>&#129352;<\/div>\n<\/div>\n<h2><a href='https:\/\/www.easeus.com\/datarecoverywizard\/free-data-recovery-software.htm' rel=\"nofollow noopener\" target='_blank'>EaseUS Data Recovery Wizard<\/a><\/h2>\n<p><img src=\"https:\/\/www.ping.fm\/data-recovery-software\/wp-content\/uploads\/ai\/https---www-easeus-com-datarecoverywizard-free-data-recovery-software-htmItalian.jpg\"><\/p>\n<p>Il <b>EaseUS Data Recovery Wizard<\/b> si presenta come un fedele alleato nella lotta senza fine contro la perdita di dati. \u00c8 un punto di riferimento per coloro che hanno bisogno di un&#8217;operazione di recupero rapida, vantando un processo semplice che copre numerosi scenari di perdita.<\/p>\n<p><a href='https:\/\/www.easeus.com\/datarecoverywizard\/free-data-recovery-software.htm' rel=\"nofollow noopener\" target='_blank' class='ofWSite'>Sito Ufficiale<\/a><\/p>\n<h3 class='prosTitle'>Pro<\/h3>\n<ul class='listpc pros'>\n<li>Reputazione affidabile<\/li>\n<li>Semplice da navigare per i principianti<\/li>\n<\/ul>\n<h3 class='consTitle'>Contro<\/h3>\n<ul class='listpc cons'>\n<li>Capacit\u00e0 di recupero limitata nella versione gratuita<\/li>\n<li>Pu\u00f2 essere lento con unit\u00e0 di maggiore capacit\u00e0<\/li>\n<\/ul>\n<\/section>\n<section>\n<div class=\"medal\">\n<div>&#129353;<\/div>\n<\/div>\n<h2><a href='https:\/\/www.wondershare.com\/data-recovery.html' rel=\"nofollow noopener\" target='_blank'>Wondershare Recoverit<\/a><\/h2>\n<p><img src=\"https:\/\/www.ping.fm\/data-recovery-software\/wp-content\/uploads\/ai\/https---www-wondershare-com-data-recovery-htmlItalian.jpg\"><\/p>\n<p>Il <b>Recoverit<\/b> di Wondershare offre un barlume di speranza quando la disperazione dei dati sembra imminente. Questo gioiello fa colpo con le sue soluzioni di recupero complete e supporta oltre 1000 tipi di file &#8211; una libreria impressionante anche per i collezionisti di file pi\u00f9 diversi.<\/p>\n<p><a href='https:\/\/www.wondershare.com\/data-recovery.html' rel=\"nofollow noopener\" target='_blank' class='ofWSite'>Sito Ufficiale<\/a><\/p>\n<h3 class='prosTitle'>Pro<\/h3>\n<ul class='listpc pros'>\n<li>Elevato tasso di successo nel recupero<\/li>\n<li>Ampio supporto di tipi di file<\/li>\n<\/ul>\n<h3 class='consTitle'>Contro<\/h3>\n<ul class='listpc cons'>\n<li>Pu\u00f2 essere costoso per le funzionalit\u00e0 premium<\/li>\n<li>Alcuni utenti segnalano una curva di apprendimento ripida<\/li>\n<\/ul>\n<\/section>\n<section>\n<div class=\"no-medal\">\n<div>4<\/div>\n<\/div>\n<h2><a href='https:\/\/www.stellarinfo.com\/' rel=\"nofollow noopener\" target='_blank'>Stellar Data Recovery<\/a><\/h2>\n<p><img src=\"https:\/\/www.ping.fm\/data-recovery-software\/wp-content\/uploads\/ai\/https---www-stellarinfo-com-Italian.jpg\"><\/p>\n<p><b>Stellar Data Recovery<\/b> si distingue nella folla per il suo approccio professionale verso il recupero dei dati. Non si adagia sugli allori, questo software si aggiorna costantemente per affrontare nuove minacce ai tuoi dati, rendendolo una scelta solida per coloro che cercano una protezione continua.<\/p>\n<p><a href='https:\/\/www.stellarinfo.com\/' rel=\"nofollow noopener\" target='_blank' class='ofWSite'>Sito Ufficiale<\/a><\/p>\n<h3 class='prosTitle'>Pro<\/h3>\n<ul class='listpc pros'>\n<li>Gamma diversificata di opzioni di recupero<\/li>\n<li>Aggiornamenti software continui<\/li>\n<\/ul>\n<h3 class='consTitle'>Contro<\/h3>\n<ul class='listpc cons'>\n<li>Prezzo pi\u00f9 alto per le funzionalit\u00e0 avanzate<\/li>\n<li>Alcuni utenti riportano tempi di scansione lunghi<\/li>\n<\/ul>\n<\/section>\n<section>\n<div class=\"no-medal\">\n<div>5<\/div>\n<\/div>\n<h2><a href='https:\/\/www.piriform.com\/recuva' rel=\"nofollow noopener\" target='_blank'>Recuva<\/a><\/h2>\n<p><img src=\"https:\/\/www.ping.fm\/data-recovery-software\/wp-content\/uploads\/ai\/https---www-piriform-com-recuvaItalian.jpg\"><\/p>\n<p><b>Recuva<\/b>, noto per la sua semplicit\u00e0 ed efficacia, agisce come un paio di occhiali digitali per aiutarti a localizzare i tuoi file mancanti. \u00c8 una soluzione conveniente che salva la vita, specificamente per coloro che preferiscono un approccio senza fronzoli nel riportare indietro i dati dall&#8217;abisso digitale.<\/p>\n<p><a href='https:\/\/www.piriform.com\/recuva' rel=\"nofollow noopener\" target='_blank' class='ofWSite'>Sito Ufficiale<\/a><\/p>\n<h3 class='prosTitle'>Vantaggi<\/h3>\n<ul class='listpc pros'>\n<li>Semplice da usare per i principianti<\/li>\n<li>Economico e offre anche una versione gratuita<\/li>\n<\/ul>\n<h3 class='consTitle'>Svantaggi<\/h3>\n<ul class='listpc cons'>\n<li>Meno efficace nella gestione di scenari complessi<\/li>\n<li>L&#8217;interfaccia potrebbe sembrare antiquata per alcuni<\/li>\n<\/ul>\n<\/section>\n<section>\n<div class=\"no-medal\">\n<div>6<\/div>\n<\/div>\n<h2><a href='https:\/\/www.seagate.com\/services-software\/recover\/' rel=\"nofollow noopener\" target='_blank'>Seagate SeaTools<\/a><\/h2>\n<p><img src=\"https:\/\/www.ping.fm\/data-recovery-software\/wp-content\/uploads\/ai\/https---www-seagate-com-services-software-recover-Italian.jpg\"><\/p>\n<p>Non dimentichiamoci dei nativi <b>Seagate SeaTools<\/b>, un software specializzato sviluppato dalla stessa Seagate. Come strumento diagnostico, \u00e8 eccellente per rilevare problemi prima che si trasformino in file che scompaiono nell&#8217;etere digitale.<\/p>\n<p><a href='https:\/\/www.seagate.com\/services-software\/recover\/' rel=\"nofollow noopener\" target='_blank' class='ofWSite'>Sito Ufficiale<\/a><\/p>\n<h3 class='prosTitle'>Vantaggi<\/h3>\n<ul class='listpc pros'>\n<li>Sviluppato specificatamente per i dischi Seagate<\/li>\n<li>Strumento diagnostico gratuito<\/li>\n<\/ul>\n<h3 class='consTitle'>Svantaggi<\/h3>\n<ul class='listpc cons'>\n<li>Principalmente per la diagnostica, non per il recupero completo<\/li>\n<li>Pu\u00f2 essere complesso per gli utenti medi<\/li>\n<\/ul>\n<\/section>\n<section>\n<h2>Conclusioni:<\/h2>\n<div class=\"nonp\">\n<p>Affrontare il <b>processo di recupero dei dati<\/b> ci illumina sulla danza intricata del recuperare dati apparentemente perduti. Sapevi che quando cancelli un file, non viene cancellato istantaneamente ma semplicemente contrassegnato come sostituibile all&#8217;interno del tableau del disco? Questo significa che, a meno che non venga sovrascritto da nuovi dati, c&#8217;\u00e8 speranza di resurrezione. Per comprendere la complessit\u00e0 dietro di esso, considera di leggere sul <a href='https:\/\/thelocalne.ws\/2023\/01\/29\/how-does-data-recovery-software-work\/' rel=\"dofollow noopener\" target='_blank'>processo di recupero dei dati<\/a>, che discute come questi strumenti utili vanno a svolgere il loro lavoro di salvataggio dei dati.<\/p>\n<p>La magia \u00e8 nella capacit\u00e0 del software di scansionare questi resti, attraversare le strutture dei file e ricomporre ci\u00f2 che si pensava fosse irrecuperabile. Sfruttando algoritmi avanzati, gli strumenti di recupero compiono imprese che sembrano vicine alla negromanzia digitale. Per un&#8217;analisi pi\u00f9 approfondita, dai un&#8217;occhiata a siti come <a href='https:\/\/www.techradar.com\/' rel=\"nofollow noopener\" target='_blank'>TechRadar<\/a> o <a href='https:\/\/www.lifehacker.com\/' rel=\"nofollow noopener\" target='_blank'>Lifehacker<\/a> per intuizioni su tecnologia e guide pratiche.<\/p>\n<\/div>\n<\/section>\n","protected":false},"excerpt":{"rendered":"<p>Top 5 dei Migliori Software di Recupero File Seagate Quando si tratta di proteggere le nostre vite digitali, l&#8217;importanza di una soluzione affidabile di recupero dati non pu\u00f2 essere sopravvalutata. Come qualcuno che si \u00e8 ritrovato nello scenario temuto della perdita di dati, posso testimoniare personalmente il panico che insorge quando ci si rende conto [&hellip;]<\/p>\n","protected":false},"author":2,"featured_media":35224,"parent":0,"menu_order":0,"comment_status":"closed","ping_status":"closed","template":"chromecast.php","meta":{"_stopmodifiedupdate":false,"_modified_date":"","_lmt_disableupdate":"yes","_lmt_disable":""},"acf":[],"yoast_head":"<!-- This site is optimized with the Yoast SEO plugin v20.9 - https:\/\/yoast.com\/wordpress\/plugins\/seo\/ -->\n<title>Top 5 dei migliori software di recupero file Seagate che dovresti provare nel 2024<\/title>\n<meta name=\"robots\" content=\"index, follow, max-snippet:-1, max-image-preview:large, max-video-preview:-1\" \/>\n<link rel=\"canonical\" href=\"https:\/\/datarecovery.ping.fm\/it\/best-seagate-file-recovery-software\/\" \/>\n<meta property=\"og:locale\" content=\"it_IT\" \/>\n<meta property=\"og:type\" content=\"article\" \/>\n<meta property=\"og:title\" content=\"Top 5 dei migliori software di recupero file Seagate che dovresti provare nel 2024\" \/>\n<meta property=\"og:description\" content=\"Top 5 dei Migliori Software di Recupero File Seagate Quando si tratta di proteggere le nostre vite digitali, l&#8217;importanza di una soluzione affidabile di recupero dati non pu\u00f2 essere sopravvalutata. Come qualcuno che si \u00e8 ritrovato nello scenario temuto della perdita di dati, posso testimoniare personalmente il panico che insorge quando ci si rende conto [&hellip;]\" \/>\n<meta property=\"og:url\" content=\"https:\/\/datarecovery.ping.fm\/it\/best-seagate-file-recovery-software\/\" \/>\n<meta property=\"og:site_name\" content=\"Software di Recupero Dati\" \/>\n<meta property=\"article:modified_time\" content=\"2024-02-29T18:23:50+00:00\" \/>\n<meta property=\"og:image\" content=\"https:\/\/datarecovery.ping.fm\/wp-content\/uploads\/2024\/03\/Top-5-Best-Seagate-File-Recovery-Software-Italian.jpg\" \/>\n\t<meta property=\"og:image:width\" content=\"1280\" \/>\n\t<meta property=\"og:image:height\" content=\"731\" \/>\n\t<meta property=\"og:image:type\" content=\"image\/jpeg\" \/>\n<meta name=\"twitter:card\" content=\"summary_large_image\" \/>\n<meta name=\"twitter:label1\" content=\"Est. reading time\" \/>\n\t<meta name=\"twitter:data1\" content=\"4 minuti\" \/>\n<script type=\"application\/ld+json\" class=\"yoast-schema-graph\">{\"@context\":\"https:\/\/schema.org\",\"@graph\":[{\"@type\":\"WebPage\",\"@id\":\"https:\/\/datarecovery.ping.fm\/it\/best-seagate-file-recovery-software\/\",\"url\":\"https:\/\/datarecovery.ping.fm\/it\/best-seagate-file-recovery-software\/\",\"name\":\"Top 5 dei migliori software di recupero file Seagate che dovresti provare nel 2024\",\"isPartOf\":{\"@id\":\"https:\/\/datarecovery.ping.fm\/it\/#website\"},\"datePublished\":\"2024-01-15T20:29:56+00:00\",\"dateModified\":\"2024-02-29T18:23:50+00:00\",\"breadcrumb\":{\"@id\":\"https:\/\/datarecovery.ping.fm\/it\/best-seagate-file-recovery-software\/#breadcrumb\"},\"inLanguage\":\"it-IT\",\"potentialAction\":[{\"@type\":\"ReadAction\",\"target\":[\"https:\/\/datarecovery.ping.fm\/it\/best-seagate-file-recovery-software\/\"]}]},{\"@type\":\"BreadcrumbList\",\"@id\":\"https:\/\/datarecovery.ping.fm\/it\/best-seagate-file-recovery-software\/#breadcrumb\",\"itemListElement\":[{\"@type\":\"ListItem\",\"position\":1,\"name\":\"Home\",\"item\":\"https:\/\/datarecovery.ping.fm\/it\/\"},{\"@type\":\"ListItem\",\"position\":2,\"name\":\"Top 5 del miglior software di recupero file Seagate\"}]},{\"@type\":\"WebSite\",\"@id\":\"https:\/\/datarecovery.ping.fm\/it\/#website\",\"url\":\"https:\/\/datarecovery.ping.fm\/it\/\",\"name\":\"Software di Recupero Dati\",\"description\":\"\",\"potentialAction\":[{\"@type\":\"SearchAction\",\"target\":{\"@type\":\"EntryPoint\",\"urlTemplate\":\"https:\/\/datarecovery.ping.fm\/it\/?s={search_term_string}\"},\"query-input\":\"required name=search_term_string\"}],\"inLanguage\":\"it-IT\"}]}<\/script>\n<!-- \/ Yoast SEO plugin. -->","yoast_head_json":{"title":"Top 5 dei migliori software di recupero file Seagate che dovresti provare nel 2024","robots":{"index":"index","follow":"follow","max-snippet":"max-snippet:-1","max-image-preview":"max-image-preview:large","max-video-preview":"max-video-preview:-1"},"canonical":"https:\/\/datarecovery.ping.fm\/it\/best-seagate-file-recovery-software\/","og_locale":"it_IT","og_type":"article","og_title":"Top 5 dei migliori software di recupero file Seagate che dovresti provare nel 2024","og_description":"Top 5 dei Migliori Software di Recupero File Seagate Quando si tratta di proteggere le nostre vite digitali, l&#8217;importanza di una soluzione affidabile di recupero dati non pu\u00f2 essere sopravvalutata. Come qualcuno che si \u00e8 ritrovato nello scenario temuto della perdita di dati, posso testimoniare personalmente il panico che insorge quando ci si rende conto [&hellip;]","og_url":"https:\/\/datarecovery.ping.fm\/it\/best-seagate-file-recovery-software\/","og_site_name":"Software di Recupero Dati","article_modified_time":"2024-02-29T18:23:50+00:00","og_image":[{"width":1280,"height":731,"url":"https:\/\/datarecovery.ping.fm\/wp-content\/uploads\/2024\/03\/Top-5-Best-Seagate-File-Recovery-Software-Italian.jpg","type":"image\/jpeg"}],"twitter_card":"summary_large_image","twitter_misc":{"Est. reading time":"4 minuti"},"schema":{"@context":"https:\/\/schema.org","@graph":[{"@type":"WebPage","@id":"https:\/\/datarecovery.ping.fm\/it\/best-seagate-file-recovery-software\/","url":"https:\/\/datarecovery.ping.fm\/it\/best-seagate-file-recovery-software\/","name":"Top 5 dei migliori software di recupero file Seagate che dovresti provare nel 2024","isPartOf":{"@id":"https:\/\/datarecovery.ping.fm\/it\/#website"},"datePublished":"2024-01-15T20:29:56+00:00","dateModified":"2024-02-29T18:23:50+00:00","breadcrumb":{"@id":"https:\/\/datarecovery.ping.fm\/it\/best-seagate-file-recovery-software\/#breadcrumb"},"inLanguage":"it-IT","potentialAction":[{"@type":"ReadAction","target":["https:\/\/datarecovery.ping.fm\/it\/best-seagate-file-recovery-software\/"]}]},{"@type":"BreadcrumbList","@id":"https:\/\/datarecovery.ping.fm\/it\/best-seagate-file-recovery-software\/#breadcrumb","itemListElement":[{"@type":"ListItem","position":1,"name":"Home","item":"https:\/\/datarecovery.ping.fm\/it\/"},{"@type":"ListItem","position":2,"name":"Top 5 del miglior software di recupero file Seagate"}]},{"@type":"WebSite","@id":"https:\/\/datarecovery.ping.fm\/it\/#website","url":"https:\/\/datarecovery.ping.fm\/it\/","name":"Software di Recupero Dati","description":"","potentialAction":[{"@type":"SearchAction","target":{"@type":"EntryPoint","urlTemplate":"https:\/\/datarecovery.ping.fm\/it\/?s={search_term_string}"},"query-input":"required name=search_term_string"}],"inLanguage":"it-IT"}]}},"_links":{"self":[{"href":"https:\/\/datarecovery.ping.fm\/it\/wp-json\/wp\/v2\/pages\/19688"}],"collection":[{"href":"https:\/\/datarecovery.ping.fm\/it\/wp-json\/wp\/v2\/pages"}],"about":[{"href":"https:\/\/datarecovery.ping.fm\/it\/wp-json\/wp\/v2\/types\/page"}],"author":[{"embeddable":true,"href":"https:\/\/datarecovery.ping.fm\/it\/wp-json\/wp\/v2\/users\/2"}],"replies":[{"embeddable":true,"href":"https:\/\/datarecovery.ping.fm\/it\/wp-json\/wp\/v2\/comments?post=19688"}],"version-history":[{"count":1,"href":"https:\/\/datarecovery.ping.fm\/it\/wp-json\/wp\/v2\/pages\/19688\/revisions"}],"predecessor-version":[{"id":28900,"href":"https:\/\/datarecovery.ping.fm\/it\/wp-json\/wp\/v2\/pages\/19688\/revisions\/28900"}],"wp:featuredmedia":[{"embeddable":true,"href":"https:\/\/datarecovery.ping.fm\/it\/wp-json\/wp\/v2\/media\/35224"}],"wp:attachment":[{"href":"https:\/\/datarecovery.ping.fm\/it\/wp-json\/wp\/v2\/media?parent=19688"}],"curies":[{"name":"wp","href":"https:\/\/api.w.org\/{rel}","templated":true}]}}