{"id":19491,"date":"2024-01-15T20:25:31","date_gmt":"2024-01-15T20:25:31","guid":{"rendered":"https:\/\/www.ping.fm\/data-recovery-software\/easeus-data-recovery\/"},"modified":"2024-02-29T18:23:48","modified_gmt":"2024-02-29T18:23:48","slug":"easeus-data-recovery","status":"publish","type":"page","link":"https:\/\/datarecovery.ping.fm\/it\/easeus-data-recovery\/","title":{"rendered":"Recensione di Easeus Data Recovery (Pregi e Difetti)"},"content":{"rendered":"<section>\n<h1>Recensione di Easeus Data Recovery (Pro e Contro)<\/h1>\n<div class=\"inbrief\">\n<div>&#13;             <img decoding=\"async\" class=\"lazyload\"  srcset=\"data:image\/png;base64,iVBORw0KGgoAAAANSUhEUgAABLAAAAKkAQMAAAAqeFQ7AAAAA3NCSVQICAjb4U\/gAAAABlBMVEX\/\/\/\/\/\/\/9VfPVsAAAAAnRSTlMA\/1uRIrUAAAAJcEhZcwAACxIAAAsSAdLdfvwAAAAcdEVYdFNvZnR3YXJlAEFkb2JlIEZpcmV3b3JrcyBDUzbovLKMAAAAFnRFWHRDcmVhdGlvbiBUaW1lADAxLzI5LzE536V52wAAAHpJREFUeJztwQENAAAAwqD3T20ON6AAAAAAAAAAAAAAAAAAAAAAAAAAAAAAAAAAAAAAAAAAAAAAAAAAAAAAAAAAAAAAAAAAAAAAAAAAAAAAAAAAAAAAAAAAAAAAAAAAAAAAAAAAAAAAAAAAAAAAAAAAAAAAAAAAAIAHA47LAAHp9LjEAAAAAElFTkSuQmCC\" src=\"https:\/\/www.ping.fm\/data-recovery-software\/wp-content\/uploads\/ai\/Easeus-Data-Recovery-Review-(Pros-Cons)-Italian.jpg\" data-srcset=\"https:\/\/www.ping.fm\/data-recovery-software\/wp-content\/uploads\/ai\/Easeus-Data-Recovery-Review-(Pros-Cons)-Italian.jpg\" data-lazy-type=\"image\" data-original=\"https:\/\/www.ping.fm\/data-recovery-software\/wp-content\/uploads\/ai\/Easeus-Data-Recovery-Review-(Pros-Cons)-Italian.jpg\" alt=\"Recensione di Easeus Data Recovery (Pro e Contro)\" title=\"Recensione di Easeus Data Recovery (Pro e Contro)\" width=\"1280\" height=\"720\">&#13;             <\/p>\n<p>Nel mondo digitale odierno, la perdita di dati pu\u00f2 essere un&#8217;esperienza angosciante. Che si tratti di cancellazione accidentale, guasto dell&#8217;hard disk o attacco di un virus, il risultato \u00e8 lo stesso: file vitali sembrano svanire nel nulla. Ma non temere, entra in gioco il software di recupero dati che promette un barlume di speranza. Tra questi, EaseUS Data Recovery si \u00e8 affermato come una soluzione ricercata, ma come si confronta con altre opzioni come Disk Drill? In questa recensione, analizzeremo in modo approfondito EaseUS Data Recovery e lo confronteremo con Disk Drill e altre due applicazioni di recupero dati.<\/p>\n<\/div>\n<\/div>\n<\/section>\n<p>&#13;             <\/p>\n<section>\n<div class=\"medal\">\n<div>&#129351;<\/div>\n<\/div>\n<h2><a href=\"https:\/\/www.easeus.com\/datarecoverywizard\/free-data-recovery-software.htm\" rel=\"nofollow external noopener noreferrer\" target=\"_blank\" data-wpel-link=\"external\">EaseUS Data Recovery Wizard<\/a><\/h2>\n<p><img src=\"https:\/\/www.ping.fm\/data-recovery-software\/wp-content\/uploads\/ai\/https---www-easeus-com-datarecoverywizard-free-data-recovery-software-htmItalian.jpg\"><\/p>\n<p>Con un&#8217;interfaccia intuitiva e solide capacit\u00e0 di recupero, <b>EaseUS Data Recovery Wizard<\/b> offre un salvavita per i dati persi. Adatto sia per principianti che per professionisti, EaseUS fornisce opzioni di scansione rapida e profonda per diverse esigenze di recupero.<\/p>\n<p><a href=\"https:\/\/www.easeus.com\/datarecoverywizard\/free-data-recovery-software.htm\" rel=\"nofollow external noopener noreferrer\" target=\"_blank\" class=\"ofWSite\" data-wpel-link=\"external\">Sito Ufficiale<\/a><\/p>\n<h3 class='prosTitle'>Pro<\/h3>\n<ul class='listpc pros'>\n<li>Interfaccia utente intuitiva<\/li>\n<li>Offre una versione gratuita per il recupero preliminare dei dati<\/li>\n<\/ul>\n<h3 class='consTitle'>Contro<\/h3>\n<ul class='listpc cons'>\n<li>Capacit\u00e0 di recupero limitata nella versione gratuita<\/li>\n<li>Il recupero completo pu\u00f2 essere piuttosto costoso<\/li>\n<\/ul>\n<\/section>\n<p>&#13;             <\/p>\n<section>\n<div class=\"medal\">\n<div>&#129352;<\/div>\n<\/div>\n<h2><a href=\"https:\/\/www.cleverfiles.com\/\" rel=\"follow noopener\" target=\"_blank\" data-wpel-link=\"internal\">Disk Drill<\/a><\/h2>\n<p><img src=\"https:\/\/www.ping.fm\/data-recovery-software\/wp-content\/uploads\/ai\/https---www-cleverfiles-com-Italian.jpg\"><\/p>\n<p><b>Disk Drill<\/b> non \u00e8 solo un&#8217;alternativa a <b>EaseUS Data Recovery<\/b> \u00e8 un colosso che rende accessibili tecniche avanzate di recupero file. Con molteplici metodi di recupero e supporto per vari sistemi di file, Disk Drill si distingue per la sua alta percentuale di successo.<\/p>\n<p><a href=\"https:\/\/www.cleverfiles.com\/\" rel=\"follow noopener\" target=\"_blank\" class=\"ofWSite\" data-wpel-link=\"internal\">Sito Ufficiale<\/a><\/p>\n<h3 class='prosTitle'>Pro<\/h3>\n<ul class='listpc pros'>\n<li>Funzioni premium come il monitoraggio SMART<\/li>\n<li>Vault di recupero per una protezione dati extra<\/li>\n<\/ul>\n<h3 class='consTitle'>Contro<\/h3>\n<ul class='listpc cons'>\n<li>La versione gratuita consente il recupero fino a 500MB<\/li>\n<li>L&#8217;interfaccia potrebbe essere opprimente per i nuovi utenti<\/li>\n<\/ul>\n<\/section>\n<p>&#13;             <\/p>\n<section>\n<div class=\"medal\">\n<div>&#129353;<\/div>\n<\/div>\n<h2><a href=\"https:\/\/www.r-studio.com\/\" rel=\"nofollow external noopener noreferrer\" target=\"_blank\" data-wpel-link=\"external\">R-Studio Data Recovery<\/a><\/h2>\n<p><img src=\"https:\/\/www.ping.fm\/data-recovery-software\/wp-content\/uploads\/ai\/https---www-r-studio-com-Italian.jpg\"><\/p>\n<p>Progettato con i professionisti in mente, <b>R-Studio Data Recovery<\/b> \u00e8 noto per il suo set completo di strumenti. Questa potenza pu\u00f2 gestire con relativa facilit\u00e0 danni alle partizioni logiche e corruzione di file, vantando come bonus la compatibilit\u00e0 cross-platform.<\/p>\n<p><a href=\"https:\/\/www.r-studio.com\/\" rel=\"nofollow external noopener noreferrer\" target=\"_blank\" class=\"ofWSite\" data-wpel-link=\"external\">Sito Ufficiale<\/a><\/p>\n<h3 class='prosTitle'>Pro<\/h3>\n<ul class='listpc pros'>\n<li>Funzionalit\u00e0 avanzate per uso professionale<\/li>\n<li>Supporto al recupero su rete<\/li>\n<\/ul>\n<h3 class='consTitle'>Contro<\/h3>\n<ul class='listpc cons'>\n<li>Curve di apprendimento pi\u00f9 elevata per i principianti<\/li>\n<li>L&#8217;aspetto potrebbe sembrare datato<\/li>\n<\/ul>\n<\/section>\n<section>\n<div class=\"no-medal\">\n<div>4<\/div>\n<\/div>\n<h2>Wondershare Recoverit<\/h2>\n<p><b>Wondershare Recoverit<\/b> mira a offrire un&#8217;esperienza di recupero semplificata con un&#8217;enfasi sulla chiarezza visiva. La sua velocit\u00e0 di scansione rapida e l&#8217;interfaccia utente amichevole lo rendono facile da usare per i principianti, che possono iniziare a recuperare file senza una curva di apprendimento ripida.<\/p>\n<p>Sito Ufficiale<\/p>\n<h3 class='prosTitle'>Pro<\/h3>\n<ul class='listpc pros'>\n<li>Design user-friendly<\/li>\n<li>Velocit\u00e0 di scansione rapida<\/li>\n<\/ul>\n<h3 class='consTitle'>Contro<\/h3>\n<ul class='listpc cons'>\n<li>Costoso rispetto ad altri<\/li>\n<li>La versione di prova gratuita ha funzionalit\u00e0 limitate<\/li>\n<\/ul>\n<\/section>\n<section>\n<h2>Video da guardare su Youtube<\/h2>\n<div class=\"nonp iframe\"><span class=\"lazyload\" data-original_content=\"PGlmcmFtZSB3aWR0aD0iNDIwIiBoZWlnaHQ9IjMxNSIgc3JjPSIvL3d3dy55b3V0dWJlLmNvbS9lbWJlZC9JR0VpenIxV1ozRSIgZnJhbWVib3JkZXI9IjAiIGFsbG93ZnVsbHNjcmVlbj48L2lmcmFtZT4=\"><\/span><\/div>\n<\/section>\n<p>&#13;             <\/p>\n<section>\n<h2>Conclusione:<\/h2>\n<div class=\"nonp\">\n<p>Quando si parla di software di recupero dati, la considerazione pi\u00f9 importante dovrebbe essere il tasso di successo del recupero. Ed \u00e8 qui che <b>Disk Drill<\/b> risplende, superando spesso le aspettative degli utenti. La sua funzione Recovery Vault agisce come un ulteriore strato di protezione, aiutando a salvaguardare file importanti prima di una possibile perdita di dati.<\/p>\n<p>L&#8217;espressione &#8220;prevenire \u00e8 meglio che curare&#8221; \u00e8 particolarmente vera nel regno del recupero dati. Applicazioni come <a href=\"https:\/\/www.cleverfiles.com\/Disk-drill-windows.html\" rel=\"follow noopener\" target=\"_blank\" data-wpel-link=\"internal\">Disk Drill<\/a> e altre di cui abbiamo parlato qui servono principalmente come cura, ma offrono anche misure preventive, come la Recovery Vault di Disk Drill. Implementare tali funzionalit\u00e0 \u00e8 l&#8217;equivalente moderno di una polizza assicurativa per la tua vita digitale.<\/p>\n<p>\u00c8 anche critico cercare un software che supporti un&#8217;ampia gamma di sistemi di file e dispositivi di archiviazione. La compatibilit\u00e0 con le ultime versioni di Windows e macOS assicura che il software cresca insieme alle tue esigenze. Per chi possiede una conoscenza tecnica avanzata, le capacit\u00e0 di rete di R-Studio Data Recovery potrebbero offrire quel livello extra di flessibilit\u00e0 necessario per compiti di recupero complessi.<\/p>\n<p>Il prezzo pu\u00f2 essere un punto critico per molti, tuttavia \u00e8 essenziale bilanciare il costo rispetto al valore dei dati potenzialmente recuperabili. Seppur alcuni possano storcere il naso di fronte al prezzo di <b>Wondershare Recoverit<\/b>, la domanda rimane &#8211; \u00e8 possibile mettere un prezzo su ricordi insostituibili o file di lavoro cruciali?<\/p>\n<p>Tuttavia, \u00e8 importante esercitare cautela. Scegli sempre un software di recupero affidabile e sicuro come <b>Disk Drill<\/b> o <b>EaseUS Data Recovery Wizard<\/b>, che danno priorit\u00e0 alla sicurezza dei dati. Utilizza le versioni di prova gratuite per valutare le prestazioni; una scansione preliminare spesso dar\u00e0 una buona indicazione delle capacit\u00e0 del software. <\/p>\n<p>Infine, mentre <b>Disk Drill<\/b> \u00e8 senza dubbio un forte contendente nel regno del software di recupero dati, c&#8217;\u00e8 un altro software che spicca come alternativa a <a href=\"https:\/\/disk-drill.com\" rel=\"dofollow external noopener noreferrer\" target=\"_blank\" data-wpel-link=\"external\">EaseUs data recovery<\/a>, combinando robuste funzionalit\u00e0 con facilit\u00e0 d&#8217;uso. \u00c8 essenziale considerare la Homepage di <b>Disk Drill<\/b> e come enfatizzi un approccio centrato sull&#8217;utente, offrendo una navigazione intuitiva insieme ai suoi potenti strumenti di recupero.<\/p>\n<\/div>\n<\/section>\n","protected":false},"excerpt":{"rendered":"<p>Recensione di Easeus Data Recovery (Pro e Contro) &#13; &#13; Nel mondo digitale odierno, la perdita di dati pu\u00f2 essere un&#8217;esperienza angosciante. Che si tratti di cancellazione accidentale, guasto dell&#8217;hard disk o attacco di un virus, il risultato \u00e8 lo stesso: file vitali sembrano svanire nel nulla. Ma non temere, entra in gioco il software [&hellip;]<\/p>\n","protected":false},"author":2,"featured_media":35213,"parent":0,"menu_order":0,"comment_status":"closed","ping_status":"closed","template":"chromecast.php","meta":{"_stopmodifiedupdate":false,"_modified_date":"","_lmt_disableupdate":"yes","_lmt_disable":""},"acf":[],"yoast_head":"<!-- This site is optimized with the Yoast SEO plugin v20.9 - https:\/\/yoast.com\/wordpress\/plugins\/seo\/ -->\n<title>Recensione di Easeus Data Recovery &amp; Applicazioni Alternative nel 2024 (Pro e Contro)<\/title>\n<meta name=\"robots\" content=\"index, follow, max-snippet:-1, max-image-preview:large, max-video-preview:-1\" \/>\n<link rel=\"canonical\" href=\"https:\/\/datarecovery.ping.fm\/it\/easeus-data-recovery\/\" \/>\n<meta property=\"og:locale\" content=\"it_IT\" \/>\n<meta property=\"og:type\" content=\"article\" \/>\n<meta property=\"og:title\" content=\"Recensione di Easeus Data Recovery &amp; Applicazioni Alternative nel 2024 (Pro e Contro)\" \/>\n<meta property=\"og:description\" content=\"Recensione di Easeus Data Recovery (Pro e Contro) &#013; &#013; Nel mondo digitale odierno, la perdita di dati pu\u00f2 essere un&#8217;esperienza angosciante. Che si tratti di cancellazione accidentale, guasto dell&#8217;hard disk o attacco di un virus, il risultato \u00e8 lo stesso: file vitali sembrano svanire nel nulla. Ma non temere, entra in gioco il software [&hellip;]\" \/>\n<meta property=\"og:url\" content=\"https:\/\/datarecovery.ping.fm\/it\/easeus-data-recovery\/\" \/>\n<meta property=\"og:site_name\" content=\"Software di Recupero Dati\" \/>\n<meta property=\"article:modified_time\" content=\"2024-02-29T18:23:48+00:00\" \/>\n<meta property=\"og:image\" content=\"https:\/\/datarecovery.ping.fm\/wp-content\/uploads\/2024\/03\/Easeus-Data-Recovery-Review-Pros-Cons-Italian.jpg\" \/>\n\t<meta property=\"og:image:width\" content=\"1280\" \/>\n\t<meta property=\"og:image:height\" content=\"731\" \/>\n\t<meta property=\"og:image:type\" content=\"image\/jpeg\" \/>\n<meta name=\"twitter:card\" content=\"summary_large_image\" \/>\n<meta name=\"twitter:label1\" content=\"Est. reading time\" \/>\n\t<meta name=\"twitter:data1\" content=\"4 minuti\" \/>\n<script type=\"application\/ld+json\" class=\"yoast-schema-graph\">{\"@context\":\"https:\/\/schema.org\",\"@graph\":[{\"@type\":\"WebPage\",\"@id\":\"https:\/\/datarecovery.ping.fm\/it\/easeus-data-recovery\/\",\"url\":\"https:\/\/datarecovery.ping.fm\/it\/easeus-data-recovery\/\",\"name\":\"Recensione di Easeus Data Recovery & Applicazioni Alternative nel 2024 (Pro e Contro)\",\"isPartOf\":{\"@id\":\"https:\/\/datarecovery.ping.fm\/it\/#website\"},\"datePublished\":\"2024-01-15T20:25:31+00:00\",\"dateModified\":\"2024-02-29T18:23:48+00:00\",\"breadcrumb\":{\"@id\":\"https:\/\/datarecovery.ping.fm\/it\/easeus-data-recovery\/#breadcrumb\"},\"inLanguage\":\"it-IT\",\"potentialAction\":[{\"@type\":\"ReadAction\",\"target\":[\"https:\/\/datarecovery.ping.fm\/it\/easeus-data-recovery\/\"]}]},{\"@type\":\"BreadcrumbList\",\"@id\":\"https:\/\/datarecovery.ping.fm\/it\/easeus-data-recovery\/#breadcrumb\",\"itemListElement\":[{\"@type\":\"ListItem\",\"position\":1,\"name\":\"Home\",\"item\":\"https:\/\/datarecovery.ping.fm\/it\/\"},{\"@type\":\"ListItem\",\"position\":2,\"name\":\"Recensione di Easeus Data Recovery (Pregi e Difetti)\"}]},{\"@type\":\"WebSite\",\"@id\":\"https:\/\/datarecovery.ping.fm\/it\/#website\",\"url\":\"https:\/\/datarecovery.ping.fm\/it\/\",\"name\":\"Software di Recupero Dati\",\"description\":\"\",\"potentialAction\":[{\"@type\":\"SearchAction\",\"target\":{\"@type\":\"EntryPoint\",\"urlTemplate\":\"https:\/\/datarecovery.ping.fm\/it\/?s={search_term_string}\"},\"query-input\":\"required name=search_term_string\"}],\"inLanguage\":\"it-IT\"}]}<\/script>\n<!-- \/ Yoast SEO plugin. -->","yoast_head_json":{"title":"Recensione di Easeus Data Recovery & Applicazioni Alternative nel 2024 (Pro e Contro)","robots":{"index":"index","follow":"follow","max-snippet":"max-snippet:-1","max-image-preview":"max-image-preview:large","max-video-preview":"max-video-preview:-1"},"canonical":"https:\/\/datarecovery.ping.fm\/it\/easeus-data-recovery\/","og_locale":"it_IT","og_type":"article","og_title":"Recensione di Easeus Data Recovery & Applicazioni Alternative nel 2024 (Pro e Contro)","og_description":"Recensione di Easeus Data Recovery (Pro e Contro) &#13; &#13; Nel mondo digitale odierno, la perdita di dati pu\u00f2 essere un&#8217;esperienza angosciante. Che si tratti di cancellazione accidentale, guasto dell&#8217;hard disk o attacco di un virus, il risultato \u00e8 lo stesso: file vitali sembrano svanire nel nulla. Ma non temere, entra in gioco il software [&hellip;]","og_url":"https:\/\/datarecovery.ping.fm\/it\/easeus-data-recovery\/","og_site_name":"Software di Recupero Dati","article_modified_time":"2024-02-29T18:23:48+00:00","og_image":[{"width":1280,"height":731,"url":"https:\/\/datarecovery.ping.fm\/wp-content\/uploads\/2024\/03\/Easeus-Data-Recovery-Review-Pros-Cons-Italian.jpg","type":"image\/jpeg"}],"twitter_card":"summary_large_image","twitter_misc":{"Est. reading time":"4 minuti"},"schema":{"@context":"https:\/\/schema.org","@graph":[{"@type":"WebPage","@id":"https:\/\/datarecovery.ping.fm\/it\/easeus-data-recovery\/","url":"https:\/\/datarecovery.ping.fm\/it\/easeus-data-recovery\/","name":"Recensione di Easeus Data Recovery & Applicazioni Alternative nel 2024 (Pro e Contro)","isPartOf":{"@id":"https:\/\/datarecovery.ping.fm\/it\/#website"},"datePublished":"2024-01-15T20:25:31+00:00","dateModified":"2024-02-29T18:23:48+00:00","breadcrumb":{"@id":"https:\/\/datarecovery.ping.fm\/it\/easeus-data-recovery\/#breadcrumb"},"inLanguage":"it-IT","potentialAction":[{"@type":"ReadAction","target":["https:\/\/datarecovery.ping.fm\/it\/easeus-data-recovery\/"]}]},{"@type":"BreadcrumbList","@id":"https:\/\/datarecovery.ping.fm\/it\/easeus-data-recovery\/#breadcrumb","itemListElement":[{"@type":"ListItem","position":1,"name":"Home","item":"https:\/\/datarecovery.ping.fm\/it\/"},{"@type":"ListItem","position":2,"name":"Recensione di Easeus Data Recovery (Pregi e Difetti)"}]},{"@type":"WebSite","@id":"https:\/\/datarecovery.ping.fm\/it\/#website","url":"https:\/\/datarecovery.ping.fm\/it\/","name":"Software di Recupero Dati","description":"","potentialAction":[{"@type":"SearchAction","target":{"@type":"EntryPoint","urlTemplate":"https:\/\/datarecovery.ping.fm\/it\/?s={search_term_string}"},"query-input":"required name=search_term_string"}],"inLanguage":"it-IT"}]}},"_links":{"self":[{"href":"https:\/\/datarecovery.ping.fm\/it\/wp-json\/wp\/v2\/pages\/19491"}],"collection":[{"href":"https:\/\/datarecovery.ping.fm\/it\/wp-json\/wp\/v2\/pages"}],"about":[{"href":"https:\/\/datarecovery.ping.fm\/it\/wp-json\/wp\/v2\/types\/page"}],"author":[{"embeddable":true,"href":"https:\/\/datarecovery.ping.fm\/it\/wp-json\/wp\/v2\/users\/2"}],"replies":[{"embeddable":true,"href":"https:\/\/datarecovery.ping.fm\/it\/wp-json\/wp\/v2\/comments?post=19491"}],"version-history":[{"count":1,"href":"https:\/\/datarecovery.ping.fm\/it\/wp-json\/wp\/v2\/pages\/19491\/revisions"}],"predecessor-version":[{"id":28888,"href":"https:\/\/datarecovery.ping.fm\/it\/wp-json\/wp\/v2\/pages\/19491\/revisions\/28888"}],"wp:featuredmedia":[{"embeddable":true,"href":"https:\/\/datarecovery.ping.fm\/it\/wp-json\/wp\/v2\/media\/35213"}],"wp:attachment":[{"href":"https:\/\/datarecovery.ping.fm\/it\/wp-json\/wp\/v2\/media?parent=19491"}],"curies":[{"name":"wp","href":"https:\/\/api.w.org\/{rel}","templated":true}]}}