{"id":17721,"date":"2023-12-25T15:46:11","date_gmt":"2023-12-25T15:46:11","guid":{"rendered":"https:\/\/www.ping.fm\/data-recovery-software\/recover-deleted-photos-from-sony-camera\/"},"modified":"2024-02-16T08:57:39","modified_gmt":"2024-02-16T08:57:39","slug":"recover-deleted-photos-from-sony-camera","status":"publish","type":"page","link":"https:\/\/datarecovery.ping.fm\/it\/recover-deleted-photos-from-sony-camera\/","title":{"rendered":"Come recuperare foto perse dalla scheda SD della tua fotocamera Sony"},"content":{"rendered":"<section>\n<h1>Come Recuperare Foto Perse dalla Scheda SD della Tua Fotocamera Sony<\/h1>\n<div class=\"inbrief\">\n<div>             <img src=\"https:\/\/www.ping.fm\/data-recovery-software\/wp-content\/uploads\/ai\/How-to-Retrieve-Lost-Photos-from-Your-Sony-Camera's-SD-Card-Italian.jpg\" alt=\"Come Recuperare Foto Perse dalla Scheda SD della Tua Fotocamera Sony\" title=\"Come Recuperare Foto Perse dalla Scheda SD della Tua Fotocamera Sony\" width=\"1280\" height=\"720\">             <\/p>\n<p>Hai mai provato quel momento di sconforto quando hai cancellato accidentalmente dei preziosi ricordi catturati sulla scheda SD della tua fotocamera Sony? Che si tratti di un pulsante premuto per sbaglio o di un problema tecnico, il risultato \u00e8 lo stesso: le tue foto sembrano essere sparite per sempre. Ma non allarmarti ancora! Ci sono modi per recuperare quei momenti persi. In questo articolo, esploreremo come recuperare foto cancellate da una scheda SD di una fotocamera Sony utilizzando <b>Disk Drill<\/b>, un potente e intuitivo software di recupero dati. \u00c8 importante notare che, quando si tratta di <a href='https:\/\/www.pandorarecovery.com\/sd-recovery.html' rel=\"dofollow noopener\" target='_blank'>strumenti di recupero della scheda SD valutati dagli esperti<\/a>, Disk Drill si distingue per la sua efficienza e semplicit\u00e0 nel ripristinare i dati persi. Continua a leggere per imparare il processo passo passo che ho personalmente usato per recuperare con successo le immagini, dandoti la migliore possibilit\u00e0 di riavere i tuoi ricordi.<\/p>\n<\/div>\n<\/div>\n<\/section>\n<section>\n<div>\n<div>1<\/div>\n<h2>Scenari Comuni:<\/h2>\n<\/div>\n<h3>Cancellazione Accidentale &#128465;<\/h3>\n<ul>\n<li><b>L&#8217;errore umano<\/b> \u00e8 una causa comune di perdita di dati. Forse, mentre visualizzavi le foto sulla tua fotocamera Sony, hai selezionato per errore &#8216;Elimina Tutto&#8217; invece di &#8216;Elimina Uno&#8217;.<\/li>\n<li><b>Con l&#8217;intenzione<\/b> di cancellare solo uno scatto sbagliato, potresti aver premuto il pulsante errato, portando alla perdita di un intero set di immagini.<\/li>\n<\/ul>\n<h3>Errore di Formattazione &#128295;<\/h3>\n<ul>\n<li><b>Formattare<\/b> la scheda SD senza aver fatto un backup delle foto capita spesso quando si \u00e8 di fretta o non si presta piena attenzione ai messaggi della fotocamera.<\/li>\n<li><b>Scegliere<\/b> per errore l&#8217;opzione &#8216;Formatta&#8217; nelle impostazioni della tua fotocamera Sony pu\u00f2 risultare in una cancellazione totale dei contenuti della scheda SD.<\/li>\n<\/ul>\n<h3>Problemi Tecnici &#9881;<\/h3>\n<ul>\n<li><b>Corruzione<\/b> del file system della scheda SD potrebbe verificarsi, impedendoti di accedere a tutti i file, comprese le foto.<\/li>\n<li><b>Malfunzionamenti<\/b> del software o dell\u2019hardware possono anche portare a una cancellazione o perdita dei dati in modo inspiegabile.<\/li>\n<\/ul>\n<\/section>\n<section class=\"stepByStep\">\n<div>\n<div>2<\/div>\n<h2>Guida Passo Passo. Recupera Foto Cancellate Da Una Fotocamera Sony:<\/h2>\n<\/div>\n<h3>Metodo 1: Scarica e Installa Disk Drill &#128229;<\/h3>\n<ul>\n<li>Vai al sito ufficiale di <b>CleverFiles<\/b> <a href='https:\/\/www.cleverfiles.com\/' rel=\"nofollow noopener\" target='_blank'>https:\/\/www.cleverfiles.com\/<\/a> e scarica <b>Disk Drill<\/b> per Windows o macOS.<\/li>\n<li><b>Installa<\/b> Disk Drill seguendo le istruzioni a schermo, assicurandoti di non installarlo sulla scheda SD dove le foto perse erano salvate per prevenire la sovrascrittura dei dati.<\/li>\n<\/ul>\n<p><b>Nota:<\/b> Scegli la versione gratuita se stai recuperando meno di 500MB di dati o la versione Pro per recuperi pi\u00f9 grandi e funzionalit\u00e0 avanzate.<\/p>\n<p><b>Conclusione:<\/b> Una volta installato Disk Drill, sei pronto per iniziare il processo di recupero.<\/p>\n<h3>Metodo 2: Collega la Tua Scheda SD &#128391;<\/h3>\n<ul>\n<li>Inserisci la <b>scheda SD<\/b> della tua fotocamera Sony nello slot del lettore di schede del tuo computer. Se il tuo computer non dispone di uno slot per schede SD integrato, utilizza un lettore di schede esterno.<\/li>\n<li>Una volta collegata, assicurati che il tuo computer riconosca la scheda SD. Dovrebbe apparire come un&#8217;unit\u00e0 rimovibile sotto &#8216;Il mio computer&#8217; su Windows o sul Desktop per macOS.<\/li>\n<\/ul>\n<p><b>Nota:<\/b> Evita di aggiungere nuovi dati alla scheda SD per non sovrascrivere le foto cancellate che intendi recuperare.<\/p>\n<p><b>Conclusione:<\/b> Con la scheda SD collegata al tuo computer, ora \u00e8 pronta affinch\u00e9 Disk Drill faccia la sua magia.<\/p>\n<h3>Metodo 3: Avvia lo Strumento di Recupero di Disk Drill &#128269;<\/h3>\n<ul>\n<li>Apri <b>Disk Drill<\/b> e individua la scheda SD nella sezione &#8216;Dispositivi&#8217; dell&#8217;app.<\/li>\n<li>Clicca sul pulsante &#8216;Recupera&#8217; accanto al nome della tua scheda SD per iniziare la scansione dei dati persi. Disk Drill inizier\u00e0 ad analizzare la scheda per file recuperabili.<\/li>\n<\/ul>\n<p><b>Nota:<\/b> Una &#8216;Scansione Rapida&#8217; pu\u00f2 essere sufficiente per i file cancellati di recente, ma si raccomanda una &#8216;Scansione Profonda&#8217; per risultati pi\u00f9 completi.<\/p>\n<p><b>Conclusione:<\/b> La scansione pu\u00f2 richiedere diversi minuti o pi\u00f9 a seconda della dimensione della tua scheda SD e della quantit\u00e0 di dati da recuperare.<\/p>\n<h3>Metodo 4: Rivedi e Seleziona le Foto per il Recupero &#9989;<\/h3>\n<ul>\n<li>Una volta completata la scansione da parte di Disk Drill, rivedi i file trovati. Puoi utilizzare i filtri per visualizzare solo i file d&#8217;immagine, rendendo pi\u00f9 facile trovare le tue foto cancellate.<\/li>\n<li>Seleziona le foto che desideri recuperare spuntando le caselle accanto a ciascun nome di file.<\/li>\n<\/ul>\n<p><b>Nota:<\/b> Puoi fare un&#8217;anteprima delle foto prima di recuperarle per assicurarti che siano i file corretti e che siano intatti.<\/p>\n<p><b>Conclusione:<\/b> Dopo aver selezionato le foto desiderate, sei ad un passo dal riaverle indietro.<\/p>\n<h3>Metodo 5: Recupera e Salva le Tue Foto &#128248;<\/h3>\n<ul>\n<li>Avvia il recupero cliccando sul pulsante &#8216;Recupera&#8217; dopo aver selezionato le foto.<\/li>\n<li>Scegli una posizione sicura sul disco rigido del tuo computer per salvare le foto recuperate. Non salvarle immediatamente di nuovo sulla scheda SD.<\/li>\n<\/ul>\n<p><b>Nota:<\/b> \u00c8 buona prassi salvare i file recuperati in una posizione diversa da quella originale per prevenire la corruzione dei dati.<\/p>\n<p><b>Conclusione:<\/b> Complimenti, le tue foto ora dovrebbero essere ripristinate nella posizione scelta!<\/p>\n<h3>Metodo 6: Esegui il Backup delle Tue Foto Dopo il Recupero &#128737;<\/h3>\n<ul>\n<li>Ora che hai recuperato le tue foto, considera di fare un backup su un <b>disco rigido esterno<\/b>, <b>archiviazione cloud<\/b> o un&#8217;altra posizione sicura.<\/li>\n<li>Fare backup regolari pu\u00f2 prevenire lo stress e l&#8217;urgenza del recupero dei dati in futuro.<\/li>\n<\/ul>\n<p><b>Nota:<\/b> Esegui backup regolari dopo sessioni fotografiche importanti o eventi per ridurre i rischi di perdita di dati.<\/p>\n<p><b>Conclusione:<\/b> Con le tue foto saldamente salvate, avrai una maggiore tranquillit\u00e0 d&#8217;animo.<\/p>\n<\/section>\n<section>\n<div>\n<div>3<\/div>\n<h2>Video su Youtube da guardare<\/h2>\n<\/div>\n<div class=\"iframe\"><iframe width=\"420\" height=\"315\" src=\"\/\/www.youtube.com\/embed\/4dQREfLkiVc\" frameborder=\"0\" allowfullscreen><\/iframe><\/div>\n<\/section>\n<section>\n<div>\n<div>4<\/div>\n<h2>Precauzioni e Consigli:<\/h2>\n<\/div>\n<h3>Misure di Sicurezza &#128721;<\/h3>\n<ul>\n<li>Evita di usare la scheda SD per nuovi dati per prevenire la <b>sovrascrittura di file cancellati<\/b>.<\/li>\n<li>Attua una strategia di <b>backup regolare<\/b>, includendo il salvataggio delle foto in pi\u00f9 luoghi.<\/li>\n<li>Considera di investire in schede SD di alta qualit\u00e0 e di conservarle in <b>custodie protettive<\/b> per ridurre i danni fisici.<\/li>\n<\/ul>\n<h3>Opzioni Aggiuntive di Recupero &#128161;<\/h3>\n<ul>\n<li>Esplora altro <b>software di recupero dati<\/b> se Disk Drill non fornisce i risultati desiderati. \u00c8 sempre buona norma avere un piano B a disposizione.<\/li>\n<li>Richiedi assistenza da servizi professionali di <b>recupero dati<\/b> se i dati sono critici, specialmente in caso di danni fisici alla scheda SD.<\/li>\n<\/ul>\n<\/section>\n<section>\n<div>\n<div>5<\/div>\n<h2>Ulteriore Protezione<\/h2>\n<\/div>\n<p>Proteggere le tue foto va oltre il processo di recupero. \u00c8 fondamentale capire il <b>perch\u00e9<\/b> si verificano perdite di dati per proteggersi meglio da potenziali problemi in futuro. <b>Corruzione di file<\/b>, <b>danni fisici<\/b> e <b>malfunzionamenti della fotocamera<\/b> possono anche portare alla perdita di dati. Impara a riconoscere i segnali di una scheda SD che sta fallendo, come prestazioni lente o messaggi di errore, e sostituiscila prima che porti alla perdita di dati.<\/p>\n<p>Dai priorit\u00e0 agli aggiornamenti software per la tua fotocamera Sony e a qualsiasi dispositivo associato che interfaccia con la tua scheda SD. Aggiornare regolarmente pu\u00f2 correggere errori e migliorare le prestazioni complessive. Istruisciti con le risorse disponibili online su siti come <a href='https:\/\/www.digitaltrends.com\/photography\/how-to-recover-deleted-photos\/' rel=\"nofollow noopener\" target='_blank'>Digital Trends<\/a> o forum di fotografia per mantenere la <b>gestione delle risorse digitali<\/b> e le <b>buone prassi nella protezione dei dati<\/b>.<\/p>\n<p>Non dimenticarti di esplorare le funzionalit\u00e0 della tua fotocamera Sony che possono prevenire cancellazioni accidentali, come le opzioni di &#8216;protezione dalla scrittura&#8217; e la personalizzazione delle funzioni dei pulsanti per evitare errori. Il manuale della fotocamera o i forum di supporto sono ottimi punti di partenza. Per ulteriori informazioni sulla cura delle schede SD, visita il sito web della <a href='https:\/\/www.sdcard.org\/consumers\/choices\/using\/index.html' rel=\"nofollow noopener\" target='_blank'>SD Association<\/a>.<\/p>\n<\/section>\n<section>\n<h2>Conclusione:<\/h2>\n<div class=\"nonp\">\n<p>In conclusione, recuperare foto cancellate dalla scheda SD di una fotocamera Sony pu\u00f2 sembrare scoraggiante, ma con strumenti come <b>Disk Drill<\/b> e il giusto approccio, \u00e8 spesso un problema risolvibile. Ricorda di rimanere calmo e agire rapidamente&#8212;astieniti dall&#8217;usare ulteriormente la scheda SD per prevenire la sovrascrittura dei dati. Seguendo i passaggi descritti in questo articolo, massimizzi le tue possibilit\u00e0 di un recupero riuscito. Adotta questi metodi, proteggiti con i backup e godrai della tua fotografia con una nuova tranquillit\u00e0 mentale. Esplora sempre ulteriori informazioni su <a href='https:\/\/www.tomsguide.com\/us\/pictures-story\/611-best-data-recovery-apps.html' rel=\"nofollow noopener\" target='_blank'>Tom&#8217;s Guide<\/a> e simili risorse affidabili per pi\u00f9 consigli sul recupero dei dati e per evitare di dover ricorrere a servizi di recupero in futuro.<\/p>\n<\/div>\n<\/section>\n","protected":false},"excerpt":{"rendered":"<p>Come Recuperare Foto Perse dalla Scheda SD della Tua Fotocamera Sony Hai mai provato quel momento di sconforto quando hai cancellato accidentalmente dei preziosi ricordi catturati sulla scheda SD della tua fotocamera Sony? Che si tratti di un pulsante premuto per sbaglio o di un problema tecnico, il risultato \u00e8 lo stesso: le tue foto [&hellip;]<\/p>\n","protected":false},"author":2,"featured_media":35058,"parent":0,"menu_order":0,"comment_status":"closed","ping_status":"closed","template":"chromecast.php","meta":{"_stopmodifiedupdate":false,"_modified_date":"","_lmt_disableupdate":"yes","_lmt_disable":""},"acf":[],"yoast_head":"<!-- This site is optimized with the Yoast SEO plugin v20.9 - https:\/\/yoast.com\/wordpress\/plugins\/seo\/ -->\n<title>Come recuperare foto cancellate dalla scheda SD di una fotocamera Sony<\/title>\n<meta name=\"robots\" content=\"index, follow, max-snippet:-1, max-image-preview:large, max-video-preview:-1\" \/>\n<link rel=\"canonical\" href=\"https:\/\/datarecovery.ping.fm\/it\/recover-deleted-photos-from-sony-camera\/\" \/>\n<meta property=\"og:locale\" content=\"it_IT\" \/>\n<meta property=\"og:type\" content=\"article\" \/>\n<meta property=\"og:title\" content=\"Come recuperare foto cancellate dalla scheda SD di una fotocamera Sony\" \/>\n<meta property=\"og:description\" content=\"Come Recuperare Foto Perse dalla Scheda SD della Tua Fotocamera Sony Hai mai provato quel momento di sconforto quando hai cancellato accidentalmente dei preziosi ricordi catturati sulla scheda SD della tua fotocamera Sony? Che si tratti di un pulsante premuto per sbaglio o di un problema tecnico, il risultato \u00e8 lo stesso: le tue foto [&hellip;]\" \/>\n<meta property=\"og:url\" content=\"https:\/\/datarecovery.ping.fm\/it\/recover-deleted-photos-from-sony-camera\/\" \/>\n<meta property=\"og:site_name\" content=\"Software di Recupero Dati\" \/>\n<meta property=\"article:modified_time\" content=\"2024-02-16T08:57:39+00:00\" \/>\n<meta property=\"og:image\" content=\"https:\/\/datarecovery.ping.fm\/wp-content\/uploads\/2024\/03\/How-to-Retrieve-Lost-Photos-from-Your-Sony-Cameras-SD-Card-Italian.jpg\" \/>\n\t<meta property=\"og:image:width\" content=\"1280\" \/>\n\t<meta property=\"og:image:height\" content=\"731\" \/>\n\t<meta property=\"og:image:type\" content=\"image\/jpeg\" \/>\n<meta name=\"twitter:card\" content=\"summary_large_image\" \/>\n<meta name=\"twitter:label1\" content=\"Est. reading time\" \/>\n\t<meta name=\"twitter:data1\" content=\"6 minuti\" \/>\n<script type=\"application\/ld+json\" class=\"yoast-schema-graph\">{\"@context\":\"https:\/\/schema.org\",\"@graph\":[{\"@type\":\"WebPage\",\"@id\":\"https:\/\/datarecovery.ping.fm\/it\/recover-deleted-photos-from-sony-camera\/\",\"url\":\"https:\/\/datarecovery.ping.fm\/it\/recover-deleted-photos-from-sony-camera\/\",\"name\":\"Come recuperare foto cancellate dalla scheda SD di una fotocamera Sony\",\"isPartOf\":{\"@id\":\"https:\/\/datarecovery.ping.fm\/it\/#website\"},\"datePublished\":\"2023-12-25T15:46:11+00:00\",\"dateModified\":\"2024-02-16T08:57:39+00:00\",\"breadcrumb\":{\"@id\":\"https:\/\/datarecovery.ping.fm\/it\/recover-deleted-photos-from-sony-camera\/#breadcrumb\"},\"inLanguage\":\"it-IT\",\"potentialAction\":[{\"@type\":\"ReadAction\",\"target\":[\"https:\/\/datarecovery.ping.fm\/it\/recover-deleted-photos-from-sony-camera\/\"]}]},{\"@type\":\"BreadcrumbList\",\"@id\":\"https:\/\/datarecovery.ping.fm\/it\/recover-deleted-photos-from-sony-camera\/#breadcrumb\",\"itemListElement\":[{\"@type\":\"ListItem\",\"position\":1,\"name\":\"Home\",\"item\":\"https:\/\/datarecovery.ping.fm\/it\/\"},{\"@type\":\"ListItem\",\"position\":2,\"name\":\"Come recuperare foto perse dalla scheda SD della tua fotocamera Sony\"}]},{\"@type\":\"WebSite\",\"@id\":\"https:\/\/datarecovery.ping.fm\/it\/#website\",\"url\":\"https:\/\/datarecovery.ping.fm\/it\/\",\"name\":\"Software di Recupero Dati\",\"description\":\"\",\"potentialAction\":[{\"@type\":\"SearchAction\",\"target\":{\"@type\":\"EntryPoint\",\"urlTemplate\":\"https:\/\/datarecovery.ping.fm\/it\/?s={search_term_string}\"},\"query-input\":\"required name=search_term_string\"}],\"inLanguage\":\"it-IT\"}]}<\/script>\n<!-- \/ Yoast SEO plugin. -->","yoast_head_json":{"title":"Come recuperare foto cancellate dalla scheda SD di una fotocamera Sony","robots":{"index":"index","follow":"follow","max-snippet":"max-snippet:-1","max-image-preview":"max-image-preview:large","max-video-preview":"max-video-preview:-1"},"canonical":"https:\/\/datarecovery.ping.fm\/it\/recover-deleted-photos-from-sony-camera\/","og_locale":"it_IT","og_type":"article","og_title":"Come recuperare foto cancellate dalla scheda SD di una fotocamera Sony","og_description":"Come Recuperare Foto Perse dalla Scheda SD della Tua Fotocamera Sony Hai mai provato quel momento di sconforto quando hai cancellato accidentalmente dei preziosi ricordi catturati sulla scheda SD della tua fotocamera Sony? Che si tratti di un pulsante premuto per sbaglio o di un problema tecnico, il risultato \u00e8 lo stesso: le tue foto [&hellip;]","og_url":"https:\/\/datarecovery.ping.fm\/it\/recover-deleted-photos-from-sony-camera\/","og_site_name":"Software di Recupero Dati","article_modified_time":"2024-02-16T08:57:39+00:00","og_image":[{"width":1280,"height":731,"url":"https:\/\/datarecovery.ping.fm\/wp-content\/uploads\/2024\/03\/How-to-Retrieve-Lost-Photos-from-Your-Sony-Cameras-SD-Card-Italian.jpg","type":"image\/jpeg"}],"twitter_card":"summary_large_image","twitter_misc":{"Est. reading time":"6 minuti"},"schema":{"@context":"https:\/\/schema.org","@graph":[{"@type":"WebPage","@id":"https:\/\/datarecovery.ping.fm\/it\/recover-deleted-photos-from-sony-camera\/","url":"https:\/\/datarecovery.ping.fm\/it\/recover-deleted-photos-from-sony-camera\/","name":"Come recuperare foto cancellate dalla scheda SD di una fotocamera Sony","isPartOf":{"@id":"https:\/\/datarecovery.ping.fm\/it\/#website"},"datePublished":"2023-12-25T15:46:11+00:00","dateModified":"2024-02-16T08:57:39+00:00","breadcrumb":{"@id":"https:\/\/datarecovery.ping.fm\/it\/recover-deleted-photos-from-sony-camera\/#breadcrumb"},"inLanguage":"it-IT","potentialAction":[{"@type":"ReadAction","target":["https:\/\/datarecovery.ping.fm\/it\/recover-deleted-photos-from-sony-camera\/"]}]},{"@type":"BreadcrumbList","@id":"https:\/\/datarecovery.ping.fm\/it\/recover-deleted-photos-from-sony-camera\/#breadcrumb","itemListElement":[{"@type":"ListItem","position":1,"name":"Home","item":"https:\/\/datarecovery.ping.fm\/it\/"},{"@type":"ListItem","position":2,"name":"Come recuperare foto perse dalla scheda SD della tua fotocamera Sony"}]},{"@type":"WebSite","@id":"https:\/\/datarecovery.ping.fm\/it\/#website","url":"https:\/\/datarecovery.ping.fm\/it\/","name":"Software di Recupero Dati","description":"","potentialAction":[{"@type":"SearchAction","target":{"@type":"EntryPoint","urlTemplate":"https:\/\/datarecovery.ping.fm\/it\/?s={search_term_string}"},"query-input":"required name=search_term_string"}],"inLanguage":"it-IT"}]}},"_links":{"self":[{"href":"https:\/\/datarecovery.ping.fm\/it\/wp-json\/wp\/v2\/pages\/17721"}],"collection":[{"href":"https:\/\/datarecovery.ping.fm\/it\/wp-json\/wp\/v2\/pages"}],"about":[{"href":"https:\/\/datarecovery.ping.fm\/it\/wp-json\/wp\/v2\/types\/page"}],"author":[{"embeddable":true,"href":"https:\/\/datarecovery.ping.fm\/it\/wp-json\/wp\/v2\/users\/2"}],"replies":[{"embeddable":true,"href":"https:\/\/datarecovery.ping.fm\/it\/wp-json\/wp\/v2\/comments?post=17721"}],"version-history":[{"count":1,"href":"https:\/\/datarecovery.ping.fm\/it\/wp-json\/wp\/v2\/pages\/17721\/revisions"}],"predecessor-version":[{"id":35057,"href":"https:\/\/datarecovery.ping.fm\/it\/wp-json\/wp\/v2\/pages\/17721\/revisions\/35057"}],"wp:featuredmedia":[{"embeddable":true,"href":"https:\/\/datarecovery.ping.fm\/it\/wp-json\/wp\/v2\/media\/35058"}],"wp:attachment":[{"href":"https:\/\/datarecovery.ping.fm\/it\/wp-json\/wp\/v2\/media?parent=17721"}],"curies":[{"name":"wp","href":"https:\/\/api.w.org\/{rel}","templated":true}]}}