{"id":15938,"date":"2024-01-10T21:08:36","date_gmt":"2024-01-10T21:08:36","guid":{"rendered":"https:\/\/www.ping.fm\/data-recovery-software\/desktop-files-disappeared-mac\/"},"modified":"2024-02-16T08:57:20","modified_gmt":"2024-02-16T08:57:20","slug":"desktop-files-disappeared-mac","status":"publish","type":"page","link":"https:\/\/datarecovery.ping.fm\/it\/desktop-files-disappeared-mac\/","title":{"rendered":"I file sono scomparsi dal desktop del Mac &#8211; Come si possono ripristinare?"},"content":{"rendered":"<section>\n<h1>I file sono scomparsi dal desktop del Mac &#8211; Come recuperarli?<\/h1>\n<div class=\"inbrief\">\n<div>             <img src=\"https:\/\/www.ping.fm\/data-recovery-software\/wp-content\/uploads\/ai\/Files-Disappeared-From-Mac-Desktop-How-to-Get-Them-Back--Italian.jpg\" alt=\"I file sono scomparsi dal desktop del Mac - Come recuperarli?\" title=\"I file sono scomparsi dal desktop del Mac - Come recuperarli?\" width=\"1280\" height=\"720\">             <\/p>\n<p>Recentemente, mi sono imbattuto in un problema in cui alcuni file sul desktop del mio Mac sono scomparsi, o meglio, tutto sul mio desktop del Mac \u00e8 scomparso. \u00c8 una situazione che pu\u00f2 scatenare un lieve panico, poich\u00e9 sembra di perdere una parte della propria vita digitale. Tuttavia, ho imparato che questo problema pu\u00f2 accadere per varie ragioni e ci sono passaggi che \u00e8 possibile intraprendere per recuperare i dati persi. In particolare, ho scoperto che l&#8217;uso di <a href='https:\/\/www.cleverfiles.com\/' rel=\"nofollow noopener\" target='_blank'>Disk Drill<\/a> \u00e8 una soluzione efficace per il recupero dei dati. In questo articolo, vi guider\u00f2 attraverso le ragioni per cui si verifica questo problema e dettaglier\u00f2 i passaggi per recuperare i dati mancanti usando Disk Drill e altri metodi. Esploreremo anche le migliori pratiche per prevenire che ci\u00f2 accada di nuovo.<\/p>\n<\/div>\n<\/div>\n<\/section>\n<section>\n<div>\n<div>1<\/div>\n<h2>Scenari comuni:<\/h2>\n<\/div>\n<h3>Cancellazione accidentale &#128465;<\/h3>\n<ul>\n<li>I file sono stati trascinati involontariamente nel <b>Cestino<\/b> e cancellati.<\/li>\n<li>Cancellazione da linea di comando con il comando <b>rm<\/b> senza rendersi conto che interessava i file sul desktop.<\/li>\n<li>Utilizzo di uno strumento di pulizia che ha rimosso per errore file importanti.<\/li>\n<\/ul>\n<h3>Aggiornamenti di sistema o crash &#128187;<\/h3>\n<ul>\n<li>Un <b>aggiornamento dell&#8217;OS<\/b> che ha inavvertitamente riorganizzato o nascosto i file.<\/li>\n<li>Un improvviso <b>crash del sistema<\/b> che ha portato alla perdita di dati.<\/li>\n<li>Corruzione del file system che ha reso i file invisibili o inaccessibili.<\/li>\n<\/ul>\n<h3>Infezione da malware &#129440;<\/h3>\n<ul>\n<li>File sul desktop cifrati o nascosti a causa di un <b>attacco malware<\/b>.<\/li>\n<li>Furto di dati da parte di software malevoli, portando alla scomparsa dei file.<\/li>\n<li>File spostati a causa di modifiche effettuate da un&#8217;<b>infezione<\/b>.<\/li>\n<\/ul>\n<\/section>\n<section class=\"stepByStep\">\n<div>\n<div>2<\/div>\n<h2>Guida passo dopo passo. File scomparsi dal desktop del Mac:<\/h2>\n<\/div>\n<h3>Metodo 1: Controlla il Cestino &#128465;<\/h3>\n<ul>\n<li>Apri il <b>Cestino<\/b> cliccando sulla sua icona nel dock.<\/li>\n<li>Cerca eventuali file che dovrebbero essere sul desktop.<\/li>\n<li>Seleziona i file e <b>clicca con il tasto destro<\/b> > scegli &#8216;Rimetti a posto&#8217; per ripristinarli nella loro posizione originale.<\/li>\n<\/ul>\n<p><b>Nota:<\/b> I file saranno recuperabili dal Cestino solo se non sono stati eliminati in modo permanente.<\/p>\n<p><b>Conclusione:<\/b> Recuperare i file dal Cestino \u00e8 il metodo pi\u00f9 semplice se i file sono stati cancellati accidentalmente.<\/p>\n<h3>Metodo 2: Usa il backup di Time Machine &#9200;<\/h3>\n<ul>\n<li>Collega l&#8217;unit\u00e0 di backup dove sono memorizzati i tuoi backup di <b>Time Machine<\/b>.<\/li>\n<li>Apri &#8216;Time Machine&#8217; dalle Preferenze di Sistema o cliccando sull&#8217;icona di Time Machine nella barra dei menu e selezionando &#8216;Entra in Time Machine&#8217;.<\/li>\n<li>Naviga nella cartella desktop e trova il momento nel tempo in cui i tuoi file erano ancora presenti.<\/li>\n<li>Seleziona i file che desideri ripristinare e fai clic su &#8216;Ripristina&#8217;.<\/li>\n<\/ul>\n<p><b>Nota:<\/b> Questo metodo richiede di avere dei backup regolari abilitati con Time Machine.<\/p>\n<p><b>Conclusione:<\/b> Time Machine \u00e8 una funzionalit\u00e0 robusta di Mac per riportare il sistema a uno stato precedente.<\/p>\n<h3>Metodo 3: Controlla la cartella Desktop in Finder &#128194;<\/h3>\n<ul>\n<li>Apri <b>Finder<\/b> e vai alla tua cartella desktop (solitamente sotto &#8216;Preferiti&#8217;).<\/li>\n<li>Verifica se i file sono presenti ma non vengono mostrati effettivamente sul desktop.<\/li>\n<li>Se i file ci sono, trascinali di nuovo sul tuo desktop o clicca con il tasto destro > &#8216;Crea alias&#8217; per creare una scorciatoia sul desktop.<\/li>\n<\/ul>\n<p><b>Nota:<\/b> A volte i file non sono visibili sul desktop a causa di glitch del sistema ma rimangono nella directory del desktop.<\/p>\n<p><b>Conclusione:<\/b> Questo \u00e8 un controllo veloce che a volte pu\u00f2 risolvere il problema se \u00e8 un problema di visualizzazione.<\/p>\n<h3>Metodo 4: Usa Disk Drill per recuperare i file &#128736;<\/h3>\n<ul>\n<li>Scarica e installa <a href='https:\/\/www.cleverfiles.com\/' rel=\"nofollow noopener\" target='_blank'><b>Disk Drill<\/b><\/a> per Mac.<\/li>\n<li>Avvia Disk Drill e seleziona l&#8217;unit\u00e0 dove erano memorizzati i file del tuo desktop (comunemente il Macintosh HD).<\/li>\n<li>Fai clic sul pulsante &#8216;Recupera&#8217; accanto all&#8217;unit\u00e0 selezionata per avviare il processo di scansione.<\/li>\n<li>Una volta completata la scansione, esamina gli elementi trovati e seleziona i file del desktop scomparsi.<\/li>\n<li>Fai nuovamente clic sul pulsante &#8216;Recupera&#8217; per ripristinare i tuoi file selezionati in una posizione sicura.<\/li>\n<\/ul>\n<p><b>Nota:<\/b> Disk Drill offre un&#8217;opzione di scansione approfondita per un recupero completo se la scansione rapida non trova i file.<\/p>\n<p><b>Conclusione:<\/b> Disk Drill \u00e8 uno strumento potente che pu\u00f2 aiutare a recuperare i file anche quando altri metodi falliscono.<\/p>\n<h3>Metodo 5: Reimposta l&#8217;NVRAM &#9881;<\/h3>\n<ul>\n<li>Spegni il tuo Mac.<\/li>\n<li>Accendilo e subito tieni premuti i tasti <b>Option + Command + P + R<\/b>.<\/li>\n<li>Rilascia i tasti dopo circa 20 secondi o dopo aver sentito il secondo suono di avvio.<\/li>\n<li>Una volta che il Mac si avvia, controlla se i tuoi file sul desktop sono riapparsi.<\/li>\n<\/ul>\n<p><b>Nota:<\/b> Questo processo cancella alcune impostazioni memorizzate nell&#8217;NVRAM, che a volte pu\u00f2 risolvere i problemi di visualizzazione del desktop.<\/p>\n<p><b>Conclusione:<\/b> Reimpostare l&#8217;NVRAM \u00e8 un processo facile che pu\u00f2 risolvere vari problemi legati al Mac.<\/p>\n<\/section>\n<section>\n<div>\n<div>3<\/div>\n<h2>Precauzioni e consigli:<\/h2>\n<\/div>\n<h3>Rimani preparato con i backup &#128190;<\/h3>\n<ul>\n<li>Esegui regolarmente il <b>backup<\/b> del tuo Mac utilizzando Time Machine o un&#8217;altra soluzione di backup.<\/li>\n<li>Prendi in considerazione l&#8217;uso di servizi cloud come <b>iCloud Drive<\/b> o <b>Dropbox<\/b> per una sicurezza aggiuntiva dei file.<\/li>\n<li>Segui la regola del backup 3-2-1: mantieni tre copie dei tuoi dati, su due supporti differenti, con una off-site.<\/li>\n<\/ul>\n<\/section>\n<section>\n<div>\n<div>4<\/div>\n<h2>Comprendere la perdita di dati su Mac<\/h2>\n<\/div>\n<p>Comprendere le cause comuni di perdita di dati su un Mac pu\u00f2 aiutarti a prevenire proattivamente problemi futuri. Il sistema macOS \u00e8 abbastanza robusto, ma la <b>perdita di dati<\/b> pu\u00f2 ancora verificarsi a causa di fattori che vanno dal guasto hardware all&#8217;errore umano. I problemi hardware potrebbero includere un hard drive o un SSD che sta fallendo, mentre l&#8217;errore umano potrebbe essere semplice come l&#8217;eliminazione accidentale.<\/p>\n<p>Inoltre, una corretta organizzazione dei file e la manutenzione di routine, come mantenere il software aggiornato ed evitare download dubbi, possono ridurre le probabilit\u00e0 di perdita di dati. Se gestisci spesso informazioni sensibili o critiche, considera di criptare il tuo hard drive con <b>FileVault<\/b> o di utilizzare software specializzato per la protezione dei dati in tempo reale.<\/p>\n<p>\u00c8 anche saggio familiarizzare con gli strumenti e i servizi disponibili per il recupero dei dati. Oltre a <a href='https:\/\/www.cleverfiles.com\/' rel=\"nofollow noopener\" target='_blank'>Disk Drill<\/a>, altri programmi di recupero dati di buona reputazione, come <a href='https:\/\/www.easeus.com\/datarecoverywizardpro\/' rel=\"nofollow noopener\" target='_blank'>EaseUS Data Recovery Wizard<\/a> o <a href='https:\/\/www.stellarinfo.com\/' rel=\"nofollow noopener\" target='_blank'>Stellar Data Recovery<\/a>, valgono la pena di essere presi in considerazione. Inoltre, risorse come <a href='https:\/\/support.apple.com\/' rel=\"nofollow noopener\" target='_blank'>Supporto Apple<\/a> possono essere di grande aiuto nella risoluzione dei problemi.<\/p>\n<\/section>\n<section>\n<h2>Conclusione:<\/h2>\n<div class=\"nonp\">\n<p>In conclusione, sperimentare la scomparsa di file dal desktop su un Mac pu\u00f2 essere inquietante, ma non deve essere un disastro. Comprendendo le possibili cause e avendo una strategia per il recupero, inclusi strumenti come <a href='https:\/\/www.cleverfiles.com\/' rel=\"nofollow noopener\" target='_blank'><b>Disk Drill<\/b><\/a>, puoi ripristinare i tuoi dati importanti. La prevenzione \u00e8 la chiave, quindi assicurati di fare regolarmente il backup dei tuoi file e di mantenere una buona igiene digitale. Se dovessi incontrare problemi simili in futuro, ricorda che ora sei dotato della conoscenza per affrontarli efficacemente.<\/p>\n<\/div>\n<\/section>\n","protected":false},"excerpt":{"rendered":"<p>I file sono scomparsi dal desktop del Mac &#8211; Come recuperarli? Recentemente, mi sono imbattuto in un problema in cui alcuni file sul desktop del mio Mac sono scomparsi, o meglio, tutto sul mio desktop del Mac \u00e8 scomparso. \u00c8 una situazione che pu\u00f2 scatenare un lieve panico, poich\u00e9 sembra di perdere una parte della [&hellip;]<\/p>\n","protected":false},"author":2,"featured_media":34890,"parent":0,"menu_order":0,"comment_status":"closed","ping_status":"closed","template":"chromecast.php","meta":{"_stopmodifiedupdate":false,"_modified_date":"","_lmt_disableupdate":"yes","_lmt_disable":""},"acf":[],"yoast_head":"<!-- This site is optimized with the Yoast SEO plugin v20.9 - https:\/\/yoast.com\/wordpress\/plugins\/seo\/ -->\n<title>Come recuperare file desktop scomparsi su un Mac (Risolto)<\/title>\n<meta name=\"robots\" content=\"index, follow, max-snippet:-1, max-image-preview:large, max-video-preview:-1\" \/>\n<link rel=\"canonical\" href=\"https:\/\/datarecovery.ping.fm\/it\/desktop-files-disappeared-mac\/\" \/>\n<meta property=\"og:locale\" content=\"it_IT\" \/>\n<meta property=\"og:type\" content=\"article\" \/>\n<meta property=\"og:title\" content=\"Come recuperare file desktop scomparsi su un Mac (Risolto)\" \/>\n<meta property=\"og:description\" content=\"I file sono scomparsi dal desktop del Mac &#8211; Come recuperarli? Recentemente, mi sono imbattuto in un problema in cui alcuni file sul desktop del mio Mac sono scomparsi, o meglio, tutto sul mio desktop del Mac \u00e8 scomparso. \u00c8 una situazione che pu\u00f2 scatenare un lieve panico, poich\u00e9 sembra di perdere una parte della [&hellip;]\" \/>\n<meta property=\"og:url\" content=\"https:\/\/datarecovery.ping.fm\/it\/desktop-files-disappeared-mac\/\" \/>\n<meta property=\"og:site_name\" content=\"Software di Recupero Dati\" \/>\n<meta property=\"article:modified_time\" content=\"2024-02-16T08:57:20+00:00\" \/>\n<meta property=\"og:image\" content=\"https:\/\/datarecovery.ping.fm\/wp-content\/uploads\/2024\/03\/Files-Disappeared-From-Mac-Desktop-How-to-Get-Them-Back-Italian.jpg\" \/>\n\t<meta property=\"og:image:width\" content=\"1280\" \/>\n\t<meta property=\"og:image:height\" content=\"731\" \/>\n\t<meta property=\"og:image:type\" content=\"image\/jpeg\" \/>\n<meta name=\"twitter:card\" content=\"summary_large_image\" \/>\n<meta name=\"twitter:label1\" content=\"Est. reading time\" \/>\n\t<meta name=\"twitter:data1\" content=\"5 minuti\" \/>\n<script type=\"application\/ld+json\" class=\"yoast-schema-graph\">{\"@context\":\"https:\/\/schema.org\",\"@graph\":[{\"@type\":\"WebPage\",\"@id\":\"https:\/\/datarecovery.ping.fm\/it\/desktop-files-disappeared-mac\/\",\"url\":\"https:\/\/datarecovery.ping.fm\/it\/desktop-files-disappeared-mac\/\",\"name\":\"Come recuperare file desktop scomparsi su un Mac (Risolto)\",\"isPartOf\":{\"@id\":\"https:\/\/datarecovery.ping.fm\/it\/#website\"},\"datePublished\":\"2024-01-10T21:08:36+00:00\",\"dateModified\":\"2024-02-16T08:57:20+00:00\",\"breadcrumb\":{\"@id\":\"https:\/\/datarecovery.ping.fm\/it\/desktop-files-disappeared-mac\/#breadcrumb\"},\"inLanguage\":\"it-IT\",\"potentialAction\":[{\"@type\":\"ReadAction\",\"target\":[\"https:\/\/datarecovery.ping.fm\/it\/desktop-files-disappeared-mac\/\"]}]},{\"@type\":\"BreadcrumbList\",\"@id\":\"https:\/\/datarecovery.ping.fm\/it\/desktop-files-disappeared-mac\/#breadcrumb\",\"itemListElement\":[{\"@type\":\"ListItem\",\"position\":1,\"name\":\"Home\",\"item\":\"https:\/\/datarecovery.ping.fm\/it\/\"},{\"@type\":\"ListItem\",\"position\":2,\"name\":\"I file sono scomparsi dal desktop del Mac &#8211; Come si possono ripristinare?\"}]},{\"@type\":\"WebSite\",\"@id\":\"https:\/\/datarecovery.ping.fm\/it\/#website\",\"url\":\"https:\/\/datarecovery.ping.fm\/it\/\",\"name\":\"Software di Recupero Dati\",\"description\":\"\",\"potentialAction\":[{\"@type\":\"SearchAction\",\"target\":{\"@type\":\"EntryPoint\",\"urlTemplate\":\"https:\/\/datarecovery.ping.fm\/it\/?s={search_term_string}\"},\"query-input\":\"required name=search_term_string\"}],\"inLanguage\":\"it-IT\"}]}<\/script>\n<!-- \/ Yoast SEO plugin. -->","yoast_head_json":{"title":"Come recuperare file desktop scomparsi su un Mac (Risolto)","robots":{"index":"index","follow":"follow","max-snippet":"max-snippet:-1","max-image-preview":"max-image-preview:large","max-video-preview":"max-video-preview:-1"},"canonical":"https:\/\/datarecovery.ping.fm\/it\/desktop-files-disappeared-mac\/","og_locale":"it_IT","og_type":"article","og_title":"Come recuperare file desktop scomparsi su un Mac (Risolto)","og_description":"I file sono scomparsi dal desktop del Mac &#8211; Come recuperarli? Recentemente, mi sono imbattuto in un problema in cui alcuni file sul desktop del mio Mac sono scomparsi, o meglio, tutto sul mio desktop del Mac \u00e8 scomparso. \u00c8 una situazione che pu\u00f2 scatenare un lieve panico, poich\u00e9 sembra di perdere una parte della [&hellip;]","og_url":"https:\/\/datarecovery.ping.fm\/it\/desktop-files-disappeared-mac\/","og_site_name":"Software di Recupero Dati","article_modified_time":"2024-02-16T08:57:20+00:00","og_image":[{"width":1280,"height":731,"url":"https:\/\/datarecovery.ping.fm\/wp-content\/uploads\/2024\/03\/Files-Disappeared-From-Mac-Desktop-How-to-Get-Them-Back-Italian.jpg","type":"image\/jpeg"}],"twitter_card":"summary_large_image","twitter_misc":{"Est. reading time":"5 minuti"},"schema":{"@context":"https:\/\/schema.org","@graph":[{"@type":"WebPage","@id":"https:\/\/datarecovery.ping.fm\/it\/desktop-files-disappeared-mac\/","url":"https:\/\/datarecovery.ping.fm\/it\/desktop-files-disappeared-mac\/","name":"Come recuperare file desktop scomparsi su un Mac (Risolto)","isPartOf":{"@id":"https:\/\/datarecovery.ping.fm\/it\/#website"},"datePublished":"2024-01-10T21:08:36+00:00","dateModified":"2024-02-16T08:57:20+00:00","breadcrumb":{"@id":"https:\/\/datarecovery.ping.fm\/it\/desktop-files-disappeared-mac\/#breadcrumb"},"inLanguage":"it-IT","potentialAction":[{"@type":"ReadAction","target":["https:\/\/datarecovery.ping.fm\/it\/desktop-files-disappeared-mac\/"]}]},{"@type":"BreadcrumbList","@id":"https:\/\/datarecovery.ping.fm\/it\/desktop-files-disappeared-mac\/#breadcrumb","itemListElement":[{"@type":"ListItem","position":1,"name":"Home","item":"https:\/\/datarecovery.ping.fm\/it\/"},{"@type":"ListItem","position":2,"name":"I file sono scomparsi dal desktop del Mac &#8211; Come si possono ripristinare?"}]},{"@type":"WebSite","@id":"https:\/\/datarecovery.ping.fm\/it\/#website","url":"https:\/\/datarecovery.ping.fm\/it\/","name":"Software di Recupero Dati","description":"","potentialAction":[{"@type":"SearchAction","target":{"@type":"EntryPoint","urlTemplate":"https:\/\/datarecovery.ping.fm\/it\/?s={search_term_string}"},"query-input":"required name=search_term_string"}],"inLanguage":"it-IT"}]}},"_links":{"self":[{"href":"https:\/\/datarecovery.ping.fm\/it\/wp-json\/wp\/v2\/pages\/15938"}],"collection":[{"href":"https:\/\/datarecovery.ping.fm\/it\/wp-json\/wp\/v2\/pages"}],"about":[{"href":"https:\/\/datarecovery.ping.fm\/it\/wp-json\/wp\/v2\/types\/page"}],"author":[{"embeddable":true,"href":"https:\/\/datarecovery.ping.fm\/it\/wp-json\/wp\/v2\/users\/2"}],"replies":[{"embeddable":true,"href":"https:\/\/datarecovery.ping.fm\/it\/wp-json\/wp\/v2\/comments?post=15938"}],"version-history":[{"count":1,"href":"https:\/\/datarecovery.ping.fm\/it\/wp-json\/wp\/v2\/pages\/15938\/revisions"}],"predecessor-version":[{"id":34889,"href":"https:\/\/datarecovery.ping.fm\/it\/wp-json\/wp\/v2\/pages\/15938\/revisions\/34889"}],"wp:featuredmedia":[{"embeddable":true,"href":"https:\/\/datarecovery.ping.fm\/it\/wp-json\/wp\/v2\/media\/34890"}],"wp:attachment":[{"href":"https:\/\/datarecovery.ping.fm\/it\/wp-json\/wp\/v2\/media?parent=15938"}],"curies":[{"name":"wp","href":"https:\/\/api.w.org\/{rel}","templated":true}]}}