{"id":15555,"date":"2024-01-04T14:44:05","date_gmt":"2024-01-04T14:44:05","guid":{"rendered":"https:\/\/www.ping.fm\/data-recovery-software\/recovery-services\/"},"modified":"2024-02-29T12:40:03","modified_gmt":"2024-02-29T12:40:03","slug":"recovery-services","status":"publish","type":"page","link":"https:\/\/datarecovery.ping.fm\/it\/recovery-services\/","title":{"rendered":"Migliori fornitori di servizi di recupero dati negli Stati Uniti"},"content":{"rendered":"<section>\n<h1>Le migliori aziende di servizi di recupero dati negli USA<\/h1>\n<div class=\"inbrief\">\n<div>             <img src=\"https:\/\/www.ping.fm\/data-recovery-software\/wp-content\/uploads\/ai\/Best-Data-Recovery-Service-Companies-in-USA-Italian.jpg\" alt=\"Le migliori aziende di servizi di recupero dati negli USA\" title=\"Le migliori aziende di servizi di recupero dati negli USA\" width=\"1280\" height=\"720\">             <\/p>\n<p>Navigare nelle acque torbide della perdita di dati pu\u00f2 essere un&#8217;esperienza angosciante. Che si tratti di un ricordo personale o di dati aziendali critici, l&#8217;importanza di ci\u00f2 che \u00e8 stato perso pu\u00f2 essere inestimabile. Fortunatamente, gli USA ospitano alcune delle migliori aziende di servizi di recupero dati del settore, e ho avuto la possibilit\u00e0 di esplorare i loro servizi di prima mano. Questo articolo esamina le opzioni pi\u00f9 affidabili disponibili, basate su efficacia, servizio clienti e competenza tecnica.<\/p>\n<\/div>\n<\/div>\n<\/section>\n<section>\n<div class=\"medal\">\n<div>&#129351;<\/div>\n<\/div>\n<h2><a href='https:\/\/www.drivesaversdatarecovery.com' rel=\"nofollow noopener\" target='_blank'>DriveSavers Data Recovery<\/a><\/h2>\n<p><img src=\"https:\/\/www.ping.fm\/data-recovery-software\/wp-content\/uploads\/ai\/https---www-drivesaversdatarecovery-comItalian.jpg\"><\/p>\n<p>DriveSavers \u00e8 un veterano nell&#8217;industria del recupero dati, vanta un elevato tasso di successo. I loro laboratori puliti e ingegneri certificati garantiscono il recupero ottimale dei dati da tutti i tipi di dispositivi di memorizzazione. La loro enfasi sulla sicurezza dei dati \u00e8 fondamentale, rendendoli una scelta affidabile per il recupero di dati sensibili.<\/p>\n<p><a href='https:\/\/www.drivesaversdatarecovery.com' rel=\"nofollow noopener\" target='_blank' class='ofWSite'>Sito Ufficiale<\/a><\/p>\n<h3 class='prosTitle'>Vantaggi<\/h3>\n<ul class='listpc pros'>\n<li>Strutture avanzate con camere bianche<\/li>\n<li>Varie competenze su dispositivi di memorizzazione<\/li>\n<\/ul>\n<h3 class='consTitle'>Svantaggi<\/h3>\n<ul class='listpc cons'>\n<li>Prezzi elevati<\/li>\n<li>Tempi pi\u00f9 lunghi per il servizio standard<\/li>\n<\/ul>\n<\/section>\n<section>\n<div class=\"medal\">\n<div>&#129352;<\/div>\n<\/div>\n<h2><a href='https:\/\/www.securedatarecovery.com' rel=\"nofollow noopener\" target='_blank'>Secure Data Recovery<\/a><\/h2>\n<p><img src=\"https:\/\/www.ping.fm\/data-recovery-software\/wp-content\/uploads\/ai\/https---www-securedatarecovery-comItalian.jpg\"><\/p>\n<p>Secure Data Recovery si specializza nell&#8217;offrire servizi di recupero dati trasparenti e sicuri. Il loro portale clienti consente di tracciare i progressi del recupero dati in tempo reale, utile per clienti ansiosi che attendono la restituzione dei loro dati preziosi. Sono anche noti per la loro tecnologia proprietaria che consente il recupero dei dati in situazioni complesse.<\/p>\n<p><a href='https:\/\/www.securedatarecovery.com' rel=\"nofollow noopener\" target='_blank' class='ofWSite'>Sito Ufficiale<\/a><\/p>\n<h3 class='prosTitle'>Vantaggi<\/h3>\n<ul class='listpc pros'>\n<li>Tracciamento del caso in tempo reale<\/li>\n<li>Servizi di emergenza disponibili<\/li>\n<\/ul>\n<h3 class='consTitle'>Svantaggi<\/h3>\n<ul class='listpc cons'>\n<li>Servizi possono essere costosi<\/li>\n<li>Alcune recensioni contrastanti sui siti consumer<\/li>\n<\/ul>\n<\/section>\n<section>\n<div class=\"medal\">\n<div>&#129353;<\/div>\n<\/div>\n<h2><a href='https:\/\/www.ontrack.com' rel=\"nofollow noopener\" target='_blank'>Ontrack Data Recovery<\/a><\/h2>\n<p><img src=\"https:\/\/www.ping.fm\/data-recovery-software\/wp-content\/uploads\/ai\/https---www-ontrack-comItalian.jpg\"><\/p>\n<p>Ontrack \u00e8 riconosciuto a livello globale per la sua vasta gamma di servizi di recupero dati che include tutto, dalle semplici ripristinazioni di dati alle complesse analisi forensi. Gestiscono tutti i tipi di supporti e hanno la reputazione di destreggiarsi bene con i recuperi su larga scala per le imprese, oltre a servizi personalizzati per individui.<\/p>\n<p><a href='https:\/\/www.ontrack.com' rel=\"nofollow noopener\" target='_blank' class='ofWSite'>Sito Ufficiale<\/a><\/p>\n<h3 class='prosTitle'>Vantaggi<\/h3>\n<ul class='listpc pros'>\n<li>Recupero dati per tutti i tipi di supporti<\/li>\n<li>Competenza nei recuperi a livello aziendale<\/li>\n<\/ul>\n<h3 class='consTitle'>Svantaggi<\/h3>\n<ul class='listpc cons'>\n<li>A volte pi\u00f9 lenti per servizi individuali<\/li>\n<li>Opzioni che possono essere complesse per utenti non tecnici<\/li>\n<\/ul>\n<\/section>\n<section>\n<div class=\"no-medal\">\n<div>4<\/div>\n<\/div>\n<h2><a href='https:\/\/www.gillware.com' rel=\"nofollow noopener\" target='_blank'>Gillware Data Recovery<\/a><\/h2>\n<p><img src=\"https:\/\/www.ping.fm\/data-recovery-software\/wp-content\/uploads\/ai\/https---www-gillware-comItalian.jpg\"><\/p>\n<p>Gillware Data Recovery si vanta del suo servizio clienti e della sua politica del no-dati, no-tariffa. Il loro approccio scientifico al recupero dati si combina con un focus centrato sul cliente, rendendoli un forte concorrente nel mercato. Offrono anche servizi di analisi forense digitale, attraenti per clienti con esigenze di recupero dati complesse.<\/p>\n<p><a href='https:\/\/www.gillware.com' rel=\"nofollow noopener\" target='_blank' class='ofWSite'>Sito Ufficiale<\/a><\/p>\n<h3 class='prosTitle'>Vantaggi<\/h3>\n<ul class='listpc pros'>\n<li>Garanzia no-dati, no-tariffa<\/li>\n<li>Servizi di analisi forense digitale completi<\/li>\n<\/ul>\n<h3 class='consTitle'>Svantaggi<\/h3>\n<ul class='listpc cons'>\n<li>Tassa per la valutazione iniziale<\/li>\n<li>Numero limitato di sedi fisiche<\/li>\n<\/ul>\n<\/section>\n<section>\n<div class=\"no-medal\">\n<div>5<\/div>\n<\/div>\n<h2><a href='https:\/\/www.salvagedata.com' rel=\"nofollow noopener\" target='_blank'>SALVAGEDATA Recovery<\/a><\/h2>\n<p><img src=\"https:\/\/www.ping.fm\/data-recovery-software\/wp-content\/uploads\/ai\/https---www-salvagedata-comItalian.jpg\"><\/p>\n<p>SALVAGEDATA Recovery ha una reputazione rinomata per affrontare scenari complessi di perdita di dati, inclusi il recupero di array RAID e server. Offrono valutazioni gratuite e i loro tecnici esperti sono dedicati al ripristino dei dati in modo rapido e sicuro, il che \u00e8 fondamentale in situazioni sensibili al tempo o critiche per gli affari.<\/p>\n<p><a href='https:\/\/www.salvagedata.com' rel=\"nofollow noopener\" target='_blank' class='ofWSite'>Sito Ufficiale<\/a><\/p>\n<h3 class='prosTitle'>Pro<\/h3>\n<ul class='listpc pros'>\n<li>Competenza nel recupero di RAID e server<\/li>\n<li>Valutazione gratuita e servizio veloce<\/li>\n<\/ul>\n<h3 class='consTitle'>Contro<\/h3>\n<ul class='listpc cons'>\n<li>Struttura di prezzi complessa<\/li>\n<li>Alcuni servizi possono essere costosi<\/li>\n<\/ul>\n<\/section>\n<section>\n<h2>Video di Youtube da guardare<\/h2>\n<div class=\"nonp iframe\"><iframe width=\"420\" height=\"315\" src=\"\/\/www.youtube.com\/embed\/v0QkafslnrM\" frameborder=\"0\" allowfullscreen><\/iframe><\/div>\n<\/section>\n<section>\n<h2>Conclusione:<\/h2>\n<div class=\"nonp\">\n<p>Quando si sceglie un <b>servizio di recupero dati<\/b>, \u00e8 fondamentale considerare fattori come i tassi di successo, la trasparenza dei prezzi, il feedback dei clienti e le certificazioni del settore. \u00c8 anche consigliabile ricercare se l&#8217;azienda opera in un ambiente di sala bianca certificato, essenziale per il recupero sicuro dei dati da dispositivi di archiviazione danneggiati.<\/p>\n<p>Considera di informarti di pi\u00f9 sui processi di recupero dati e sugli standard del settore visitando il sito dell&#8217;<a href='https:\/\/www.iso.org' rel=\"nofollow noopener\" target='_blank'>Organizzazione Internazionale per la Standardizzazione (ISO)<\/a> o dell&#8217;<a href='https:\/\/www.nist.gov' rel=\"nofollow noopener\" target='_blank'>Istituto Nazionale di Standard e Tecnologia (NIST)<\/a>.<\/p>\n<p>La prevenzione \u00e8 la chiave nella gestione dei dati. Consulta il <a href='https:\/\/www.us-cert.gov' rel=\"nofollow noopener\" target='_blank'>Team di Prontezza per Emergenze Informatiche degli Stati Uniti (US-CERT)<\/a> per consigli su come prevenire la perdita di dati e gestire le minacce alla sicurezza informatica.<\/p>\n<\/div>\n<\/section>\n","protected":false},"excerpt":{"rendered":"<p>Le migliori aziende di servizi di recupero dati negli USA Navigare nelle acque torbide della perdita di dati pu\u00f2 essere un&#8217;esperienza angosciante. Che si tratti di un ricordo personale o di dati aziendali critici, l&#8217;importanza di ci\u00f2 che \u00e8 stato perso pu\u00f2 essere inestimabile. Fortunatamente, gli USA ospitano alcune delle migliori aziende di servizi di [&hellip;]<\/p>\n","protected":false},"author":2,"featured_media":34856,"parent":0,"menu_order":0,"comment_status":"closed","ping_status":"closed","template":"chromecast.php","meta":{"_stopmodifiedupdate":false,"_modified_date":"","_lmt_disableupdate":"yes","_lmt_disable":""},"acf":[],"yoast_head":"<!-- This site is optimized with the Yoast SEO plugin v20.9 - https:\/\/yoast.com\/wordpress\/plugins\/seo\/ -->\n<title>Migliori fornitori di servizi di recupero dati negli Stati Uniti (2024)<\/title>\n<meta name=\"robots\" content=\"index, follow, max-snippet:-1, max-image-preview:large, max-video-preview:-1\" \/>\n<link rel=\"canonical\" href=\"https:\/\/datarecovery.ping.fm\/it\/recovery-services\/\" \/>\n<meta property=\"og:locale\" content=\"it_IT\" \/>\n<meta property=\"og:type\" content=\"article\" \/>\n<meta property=\"og:title\" content=\"Migliori fornitori di servizi di recupero dati negli Stati Uniti (2024)\" \/>\n<meta property=\"og:description\" content=\"Le migliori aziende di servizi di recupero dati negli USA Navigare nelle acque torbide della perdita di dati pu\u00f2 essere un&#8217;esperienza angosciante. Che si tratti di un ricordo personale o di dati aziendali critici, l&#8217;importanza di ci\u00f2 che \u00e8 stato perso pu\u00f2 essere inestimabile. Fortunatamente, gli USA ospitano alcune delle migliori aziende di servizi di [&hellip;]\" \/>\n<meta property=\"og:url\" content=\"https:\/\/datarecovery.ping.fm\/it\/recovery-services\/\" \/>\n<meta property=\"og:site_name\" content=\"Software di Recupero Dati\" \/>\n<meta property=\"article:modified_time\" content=\"2024-02-29T12:40:03+00:00\" \/>\n<meta property=\"og:image\" content=\"https:\/\/datarecovery.ping.fm\/wp-content\/uploads\/2024\/03\/Best-Data-Recovery-Service-Companies-in-USA-Italian.jpg\" \/>\n\t<meta property=\"og:image:width\" content=\"1280\" \/>\n\t<meta property=\"og:image:height\" content=\"731\" \/>\n\t<meta property=\"og:image:type\" content=\"image\/jpeg\" \/>\n<meta name=\"twitter:card\" content=\"summary_large_image\" \/>\n<meta name=\"twitter:label1\" content=\"Est. reading time\" \/>\n\t<meta name=\"twitter:data1\" content=\"3 minuti\" \/>\n<script type=\"application\/ld+json\" class=\"yoast-schema-graph\">{\"@context\":\"https:\/\/schema.org\",\"@graph\":[{\"@type\":\"WebPage\",\"@id\":\"https:\/\/datarecovery.ping.fm\/it\/recovery-services\/\",\"url\":\"https:\/\/datarecovery.ping.fm\/it\/recovery-services\/\",\"name\":\"Migliori fornitori di servizi di recupero dati negli Stati Uniti (2024)\",\"isPartOf\":{\"@id\":\"https:\/\/datarecovery.ping.fm\/it\/#website\"},\"datePublished\":\"2024-01-04T14:44:05+00:00\",\"dateModified\":\"2024-02-29T12:40:03+00:00\",\"breadcrumb\":{\"@id\":\"https:\/\/datarecovery.ping.fm\/it\/recovery-services\/#breadcrumb\"},\"inLanguage\":\"it-IT\",\"potentialAction\":[{\"@type\":\"ReadAction\",\"target\":[\"https:\/\/datarecovery.ping.fm\/it\/recovery-services\/\"]}]},{\"@type\":\"BreadcrumbList\",\"@id\":\"https:\/\/datarecovery.ping.fm\/it\/recovery-services\/#breadcrumb\",\"itemListElement\":[{\"@type\":\"ListItem\",\"position\":1,\"name\":\"Home\",\"item\":\"https:\/\/datarecovery.ping.fm\/it\/\"},{\"@type\":\"ListItem\",\"position\":2,\"name\":\"Migliori fornitori di servizi di recupero dati negli Stati Uniti\"}]},{\"@type\":\"WebSite\",\"@id\":\"https:\/\/datarecovery.ping.fm\/it\/#website\",\"url\":\"https:\/\/datarecovery.ping.fm\/it\/\",\"name\":\"Software di Recupero Dati\",\"description\":\"\",\"potentialAction\":[{\"@type\":\"SearchAction\",\"target\":{\"@type\":\"EntryPoint\",\"urlTemplate\":\"https:\/\/datarecovery.ping.fm\/it\/?s={search_term_string}\"},\"query-input\":\"required name=search_term_string\"}],\"inLanguage\":\"it-IT\"}]}<\/script>\n<!-- \/ Yoast SEO plugin. -->","yoast_head_json":{"title":"Migliori fornitori di servizi di recupero dati negli Stati Uniti (2024)","robots":{"index":"index","follow":"follow","max-snippet":"max-snippet:-1","max-image-preview":"max-image-preview:large","max-video-preview":"max-video-preview:-1"},"canonical":"https:\/\/datarecovery.ping.fm\/it\/recovery-services\/","og_locale":"it_IT","og_type":"article","og_title":"Migliori fornitori di servizi di recupero dati negli Stati Uniti (2024)","og_description":"Le migliori aziende di servizi di recupero dati negli USA Navigare nelle acque torbide della perdita di dati pu\u00f2 essere un&#8217;esperienza angosciante. Che si tratti di un ricordo personale o di dati aziendali critici, l&#8217;importanza di ci\u00f2 che \u00e8 stato perso pu\u00f2 essere inestimabile. Fortunatamente, gli USA ospitano alcune delle migliori aziende di servizi di [&hellip;]","og_url":"https:\/\/datarecovery.ping.fm\/it\/recovery-services\/","og_site_name":"Software di Recupero Dati","article_modified_time":"2024-02-29T12:40:03+00:00","og_image":[{"width":1280,"height":731,"url":"https:\/\/datarecovery.ping.fm\/wp-content\/uploads\/2024\/03\/Best-Data-Recovery-Service-Companies-in-USA-Italian.jpg","type":"image\/jpeg"}],"twitter_card":"summary_large_image","twitter_misc":{"Est. reading time":"3 minuti"},"schema":{"@context":"https:\/\/schema.org","@graph":[{"@type":"WebPage","@id":"https:\/\/datarecovery.ping.fm\/it\/recovery-services\/","url":"https:\/\/datarecovery.ping.fm\/it\/recovery-services\/","name":"Migliori fornitori di servizi di recupero dati negli Stati Uniti (2024)","isPartOf":{"@id":"https:\/\/datarecovery.ping.fm\/it\/#website"},"datePublished":"2024-01-04T14:44:05+00:00","dateModified":"2024-02-29T12:40:03+00:00","breadcrumb":{"@id":"https:\/\/datarecovery.ping.fm\/it\/recovery-services\/#breadcrumb"},"inLanguage":"it-IT","potentialAction":[{"@type":"ReadAction","target":["https:\/\/datarecovery.ping.fm\/it\/recovery-services\/"]}]},{"@type":"BreadcrumbList","@id":"https:\/\/datarecovery.ping.fm\/it\/recovery-services\/#breadcrumb","itemListElement":[{"@type":"ListItem","position":1,"name":"Home","item":"https:\/\/datarecovery.ping.fm\/it\/"},{"@type":"ListItem","position":2,"name":"Migliori fornitori di servizi di recupero dati negli Stati Uniti"}]},{"@type":"WebSite","@id":"https:\/\/datarecovery.ping.fm\/it\/#website","url":"https:\/\/datarecovery.ping.fm\/it\/","name":"Software di Recupero Dati","description":"","potentialAction":[{"@type":"SearchAction","target":{"@type":"EntryPoint","urlTemplate":"https:\/\/datarecovery.ping.fm\/it\/?s={search_term_string}"},"query-input":"required name=search_term_string"}],"inLanguage":"it-IT"}]}},"_links":{"self":[{"href":"https:\/\/datarecovery.ping.fm\/it\/wp-json\/wp\/v2\/pages\/15555"}],"collection":[{"href":"https:\/\/datarecovery.ping.fm\/it\/wp-json\/wp\/v2\/pages"}],"about":[{"href":"https:\/\/datarecovery.ping.fm\/it\/wp-json\/wp\/v2\/types\/page"}],"author":[{"embeddable":true,"href":"https:\/\/datarecovery.ping.fm\/it\/wp-json\/wp\/v2\/users\/2"}],"replies":[{"embeddable":true,"href":"https:\/\/datarecovery.ping.fm\/it\/wp-json\/wp\/v2\/comments?post=15555"}],"version-history":[{"count":1,"href":"https:\/\/datarecovery.ping.fm\/it\/wp-json\/wp\/v2\/pages\/15555\/revisions"}],"predecessor-version":[{"id":28252,"href":"https:\/\/datarecovery.ping.fm\/it\/wp-json\/wp\/v2\/pages\/15555\/revisions\/28252"}],"wp:featuredmedia":[{"embeddable":true,"href":"https:\/\/datarecovery.ping.fm\/it\/wp-json\/wp\/v2\/media\/34856"}],"wp:attachment":[{"href":"https:\/\/datarecovery.ping.fm\/it\/wp-json\/wp\/v2\/media?parent=15555"}],"curies":[{"name":"wp","href":"https:\/\/api.w.org\/{rel}","templated":true}]}}