{"id":14997,"date":"2024-01-14T12:47:06","date_gmt":"2024-01-14T12:47:06","guid":{"rendered":"https:\/\/www.ping.fm\/data-recovery-software\/recoverit-stellar-easeus\/"},"modified":"2024-02-29T18:23:36","modified_gmt":"2024-02-29T18:23:36","slug":"recoverit-stellar-easeus","status":"publish","type":"page","link":"https:\/\/datarecovery.ping.fm\/it\/recoverit-stellar-easeus\/","title":{"rendered":"Easeus Data Recovery Vs Recoverit Vs Stellar"},"content":{"rendered":"<section>\n<h1>Confronto tra Easeus Data Recovery, Recoverit e Stellar<\/h1>\n<div class=\"inbrief\">\n<div>             <img src=\"https:\/\/www.ping.fm\/data-recovery-software\/wp-content\/uploads\/ai\/Easeus-Data-Recovery-Vs-Recoverit-VS-Stellar--Italian.jpg\" alt=\"Confronto tra Easeus Data Recovery, Recoverit e Stellar\" title=\"Confronto tra Easeus Data Recovery, Recoverit e Stellar\" width=\"1280\" height=\"720\">             <\/p>\n<p>Quando si tratta di recupero dati, scegliere il giusto software pu\u00f2 fare la differenza tra successo e frustrazione. In questo articolo, confronteremo tre soluzioni popolari di recupero dati &#8211; <a href='https:\/\/recoverit.wondershare.com' rel=\"nofollow noopener\" target='_blank'>Recoverit Data Recovery<\/a>, <a href='https:\/\/www.stellarinfo.com' rel=\"nofollow noopener\" target='_blank'>Stellar Data Recovery<\/a> e <a href='https:\/\/www.easeus.com\/datarecoverywizard\/free-data-recovery-software.htm' rel=\"nofollow noopener\" target='_blank'>EaseUS Data Recovery<\/a> &#8211; e discuteremo di un&#8217;altra opzione eccellente, <a href='https:\/\/www.cleverfiles.com' rel=\"nofollow noopener\" target='_blank'>Disk Drill<\/a>, che ho trovato essere la migliore soluzione basata sulle mie esperienze personali.<\/p>\n<\/div>\n<\/div>\n<\/section>\n<section>\n<div class=\"medal\">\n<div>&#129351;<\/div>\n<\/div>\n<h2><a href='https:\/\/recoverit.wondershare.com' rel=\"nofollow noopener\" target='_blank'>Recoverit Data Recovery<\/a><\/h2>\n<p><img src=\"https:\/\/www.ping.fm\/data-recovery-software\/wp-content\/uploads\/ai\/https---recoverit-wondershare-comItalian.jpg\"><\/p>\n<p>Recoverit Data Recovery \u00e8 uno strumento completo che promette di ripristinare i tuoi dati preziosi con un alto tasso di successo. Offre algoritmi avanzati, \u00e8 in grado di affrontare scenari diversi, dalla cancellazione di file al recupero di intere partizioni.<\/p>\n<p><a href='https:\/\/recoverit.wondershare.com' rel=\"nofollow noopener\" target='_blank' class='ofWSite'>Sito Ufficiale<\/a><\/p>\n<h3 class='prosTitle'>Pro<\/h3>\n<ul class='listpc pros'>\n<li>Interfaccia intuitiva<\/li>\n<li>Tecnologia di scansione approfondita<\/li>\n<\/ul>\n<h3 class='consTitle'>Contro<\/h3>\n<ul class='listpc cons'>\n<li>Prezzo pi\u00f9 elevato rispetto ai concorrenti<\/li>\n<li>Dimensione del recupero della versione gratuita limitata<\/li>\n<\/ul>\n<\/section>\n<section>\n<div class=\"medal\">\n<div>&#129352;<\/div>\n<\/div>\n<h2><a href='https:\/\/www.stellarinfo.com' rel=\"nofollow noopener\" target='_blank'>Stellar Data Recovery<\/a><\/h2>\n<p><img src=\"https:\/\/www.ping.fm\/data-recovery-software\/wp-content\/uploads\/ai\/https---www-stellarinfo-comItalian.jpg\"><\/p>\n<p>Stellar Data Recovery si distingue per il suo robusto processo di recupero e il supporto per numerosi tipi di file. Progettato sia per individui che aziende, offre soluzioni per praticamente qualsiasi situazione di perdita dati.<\/p>\n<p><a href='https:\/\/www.stellarinfo.com' rel=\"nofollow noopener\" target='_blank' class='ofWSite'>Sito Ufficiale<\/a><\/p>\n<h3 class='prosTitle'>Pro<\/h3>\n<ul class='listpc pros'>\n<li>Supporta un&#8217;ampia gamma di formati di file<\/li>\n<li>Recupero da unit\u00e0 crittografate<\/li>\n<\/ul>\n<h3 class='consTitle'>Contro<\/h3>\n<ul class='listpc cons'>\n<li>Pu\u00f2 essere lento con dischi di grandi dimensioni<\/li>\n<li>Alcuni file potrebbero non essere recuperabili dopo la scansione<\/li>\n<\/ul>\n<\/section>\n<section>\n<div class=\"medal\">\n<div>&#129353;<\/div>\n<\/div>\n<h2><a href='https:\/\/www.easeus.com\/datarecoverywizard\/free-data-recovery-software.htm' rel=\"nofollow noopener\" target='_blank'>EaseUS Data Recovery<\/a><\/h2>\n<p><img src=\"https:\/\/www.ping.fm\/data-recovery-software\/wp-content\/uploads\/ai\/https---www-easeus-com-datarecoverywizard-free-data-recovery-software-htmItalian.jpg\"><\/p>\n<p>EaseUS Data Recovery Wizard \u00e8 una soluzione diretta che mira a semplificare il processo di recupero dati. Il suo design intuitivo e istruzioni chiare lo rendono accessibile per utenti di tutti i livelli tecnici.<\/p>\n<p><a href='https:\/\/www.easeus.com\/datarecoverywizard\/free-data-recovery-software.htm' rel=\"nofollow noopener\" target='_blank' class='ofWSite'>Sito Ufficiale<\/a><\/p>\n<h3 class='prosTitle'>Pro<\/h3>\n<ul class='listpc pros'>\n<li>Facile da usare per principianti<\/li>\n<li>Versione gratuita disponibile con recupero limitato<\/li>\n<\/ul>\n<h3 class='consTitle'>Contro<\/h3>\n<ul class='listpc cons'>\n<li>La versione gratuita ha un limite di recupero di 2GB<\/li>\n<li>Le funzionalit\u00e0 complete richiedono l&#8217;aggiornamento premium<\/li>\n<\/ul>\n<\/section>\n<section>\n<div class=\"no-medal\">\n<div>4<\/div>\n<\/div>\n<h2><a href='https:\/\/www.cleverfiles.com' rel=\"nofollow noopener\" target='_blank'>Disk Drill<\/a><\/h2>\n<p><img src=\"https:\/\/www.ping.fm\/data-recovery-software\/wp-content\/uploads\/ai\/https---www-cleverfiles-comItalian.jpg\"><\/p>\n<p>Dalla mia esperienza personale, <b>Disk Drill<\/b> si distingue dai suoi concorrenti per un mix di potenza, semplicit\u00e0, e un insieme di strumenti aggiuntivi. Non si limita a recuperare i file persi; offre anche una protezione dei dati proattiva con Recovery Vault e il monitoraggio S.M.A.R.T.<\/p>\n<p><a href='https:\/\/www.cleverfiles.com' rel=\"nofollow noopener\" target='_blank' class='ofWSite'>Sito Ufficiale<\/a><\/p>\n<h3 class='prosTitle'>Pro<\/h3>\n<ul class='listpc pros'>\n<li>Interfaccia utente intuitiva<\/li>\n<li>Recovery Vault per la protezione dei dati<\/li>\n<\/ul>\n<h3 class='consTitle'>Contro<\/h3>\n<ul class='listpc cons'>\n<li>Opzioni di recupero limitate nella versione gratuita<\/li>\n<li>Versione Pro necessaria per le funzionalit\u00e0 avanzate<\/li>\n<\/ul>\n<\/section>\n<section>\n<h2>Video Youtube da guardare<\/h2>\n<div class=\"nonp iframe\"><iframe width=\"420\" height=\"315\" src=\"\/\/www.youtube.com\/embed\/IGEizr1WZ3E\" frameborder=\"0\" allowfullscreen><\/iframe><\/div>\n<\/section>\n<section>\n<h2>Conclusione:<\/h2>\n<div class=\"nonp\">Quando si seleziona un&#8217;applicazione per il recupero dei dati, \u00e8 essenziale considerare non solo l&#8217;efficacia del software, ma anche la sua facilit\u00e0 d&#8217;uso, supporto e rapporto qualit\u00e0-prezzo. Alla fine, non si tratta solo di recuperare i dati; si tratta dell&#8217;intera esperienza di recupero e di ci\u00f2 che il software pu\u00f2 offrire oltre al semplice ripristino dei file. Con opzioni come <a href='https:\/\/recoverit.wondershare.com' rel=\"nofollow noopener\" target='_blank'>Recoverit Data Recovery<\/a>, <a href='https:\/\/www.stellarinfo.com' rel=\"nofollow noopener\" target='_blank'>Stellar Data Recovery<\/a> e <a href='https:\/\/www.easeus.com\/datarecoverywizard\/free-data-recovery-software.htm' rel=\"nofollow noopener\" target='_blank'>EaseUS Data Recovery<\/a>, gli utenti hanno una variet\u00e0 di scelte, ognuna con i propri punti di forza. Tuttavia, dalla mia esperienza personale, <b>Disk Drill<\/b> ha fornito l&#8217;esperienza di recupero pi\u00f9 soddisfacente e completa. Non solo offre solide capacit\u00e0 di recupero dei dati, ma funzionalit\u00e0 come Recovery Vault e il monitoraggio del disco S.M.A.R.T. aggiungono un valore significativo, agendo come misura preventiva contro future perdite di dati. Queste caratteristiche, combinate con un&#8217;interfaccia intuitiva e un supporto clienti dedicato, distinguono <b>Disk Drill<\/b> in un mercato sovraffollato. Per coloro che sono interessati a dare un&#8217;occhiata pi\u00f9 da vicino, consiglio di visitare <a href='https:\/\/www.cleverfiles.com' rel=\"dofollow noopener\" target='_blank'>https:\/\/www.cleverfiles.com<\/a>, la homepage di Disk Drill, per maggiori informazioni dettagliate e per sperimentare in prima persona i vantaggi che offre. <\/p>\n<p>Nel campo in rapida evoluzione del recupero dei dati, avere a disposizione uno strumento affidabile non \u00e8 un lusso ma una necessit\u00e0. Che si tratti di cancellazioni accidentali, guasti dell&#8217;unit\u00e0 o attacchi di virus, un recupero efficace spesso dipende da un&#8217;azione rapida e dalle capacit\u00e0 del software che si sceglie. Inoltre, chiedere consiglio nei forum tecnologici e tenersi aggiornati con le ultime recensioni di software pu\u00f2 anche guidare il processo decisionale. Ad esempio, la recensione di <a href='https:\/\/www.techradar.com\/news\/the-best-free-data-recovery-software' rel=\"nofollow noopener\" target='_blank'>TechRadar sul miglior software gratuito di recupero dati<\/a> pu\u00f2 fornire alcuni spunti sui top pick attuali nel settore.<\/p>\n<\/div>\n<\/section>\n","protected":false},"excerpt":{"rendered":"<p>Confronto tra Easeus Data Recovery, Recoverit e Stellar Quando si tratta di recupero dati, scegliere il giusto software pu\u00f2 fare la differenza tra successo e frustrazione. In questo articolo, confronteremo tre soluzioni popolari di recupero dati &#8211; Recoverit Data Recovery, Stellar Data Recovery e EaseUS Data Recovery &#8211; e discuteremo di un&#8217;altra opzione eccellente, Disk [&hellip;]<\/p>\n","protected":false},"author":2,"featured_media":34821,"parent":0,"menu_order":0,"comment_status":"closed","ping_status":"closed","template":"chromecast.php","meta":{"_stopmodifiedupdate":false,"_modified_date":"","_lmt_disableupdate":"yes","_lmt_disable":""},"acf":[],"yoast_head":"<!-- This site is optimized with the Yoast SEO plugin v20.9 - https:\/\/yoast.com\/wordpress\/plugins\/seo\/ -->\n<title>Le migliori app per il recupero dati: Easeus Data Recovery VS Recoverit VS Stellar. Pro e contro nel 2024<\/title>\n<meta name=\"robots\" content=\"index, follow, max-snippet:-1, max-image-preview:large, max-video-preview:-1\" \/>\n<link rel=\"canonical\" href=\"https:\/\/datarecovery.ping.fm\/it\/recoverit-stellar-easeus\/\" \/>\n<meta property=\"og:locale\" content=\"it_IT\" \/>\n<meta property=\"og:type\" content=\"article\" \/>\n<meta property=\"og:title\" content=\"Le migliori app per il recupero dati: Easeus Data Recovery VS Recoverit VS Stellar. Pro e contro nel 2024\" \/>\n<meta property=\"og:description\" content=\"Confronto tra Easeus Data Recovery, Recoverit e Stellar Quando si tratta di recupero dati, scegliere il giusto software pu\u00f2 fare la differenza tra successo e frustrazione. In questo articolo, confronteremo tre soluzioni popolari di recupero dati &#8211; Recoverit Data Recovery, Stellar Data Recovery e EaseUS Data Recovery &#8211; e discuteremo di un&#8217;altra opzione eccellente, Disk [&hellip;]\" \/>\n<meta property=\"og:url\" content=\"https:\/\/datarecovery.ping.fm\/it\/recoverit-stellar-easeus\/\" \/>\n<meta property=\"og:site_name\" content=\"Software di Recupero Dati\" \/>\n<meta property=\"article:modified_time\" content=\"2024-02-29T18:23:36+00:00\" \/>\n<meta property=\"og:image\" content=\"https:\/\/datarecovery.ping.fm\/wp-content\/uploads\/2024\/03\/Easeus-Data-Recovery-Vs-Recoverit-VS-Stellar-Italian.jpg\" \/>\n\t<meta property=\"og:image:width\" content=\"1280\" \/>\n\t<meta property=\"og:image:height\" content=\"731\" \/>\n\t<meta property=\"og:image:type\" content=\"image\/jpeg\" \/>\n<meta name=\"twitter:card\" content=\"summary_large_image\" \/>\n<meta name=\"twitter:label1\" content=\"Est. reading time\" \/>\n\t<meta name=\"twitter:data1\" content=\"3 minuti\" \/>\n<script type=\"application\/ld+json\" class=\"yoast-schema-graph\">{\"@context\":\"https:\/\/schema.org\",\"@graph\":[{\"@type\":\"WebPage\",\"@id\":\"https:\/\/datarecovery.ping.fm\/it\/recoverit-stellar-easeus\/\",\"url\":\"https:\/\/datarecovery.ping.fm\/it\/recoverit-stellar-easeus\/\",\"name\":\"Le migliori app per il recupero dati: Easeus Data Recovery VS Recoverit VS Stellar. Pro e contro nel 2024\",\"isPartOf\":{\"@id\":\"https:\/\/datarecovery.ping.fm\/it\/#website\"},\"datePublished\":\"2024-01-14T12:47:06+00:00\",\"dateModified\":\"2024-02-29T18:23:36+00:00\",\"breadcrumb\":{\"@id\":\"https:\/\/datarecovery.ping.fm\/it\/recoverit-stellar-easeus\/#breadcrumb\"},\"inLanguage\":\"it-IT\",\"potentialAction\":[{\"@type\":\"ReadAction\",\"target\":[\"https:\/\/datarecovery.ping.fm\/it\/recoverit-stellar-easeus\/\"]}]},{\"@type\":\"BreadcrumbList\",\"@id\":\"https:\/\/datarecovery.ping.fm\/it\/recoverit-stellar-easeus\/#breadcrumb\",\"itemListElement\":[{\"@type\":\"ListItem\",\"position\":1,\"name\":\"Home\",\"item\":\"https:\/\/datarecovery.ping.fm\/it\/\"},{\"@type\":\"ListItem\",\"position\":2,\"name\":\"Easeus Data Recovery Vs Recoverit Vs Stellar\"}]},{\"@type\":\"WebSite\",\"@id\":\"https:\/\/datarecovery.ping.fm\/it\/#website\",\"url\":\"https:\/\/datarecovery.ping.fm\/it\/\",\"name\":\"Software di Recupero Dati\",\"description\":\"\",\"potentialAction\":[{\"@type\":\"SearchAction\",\"target\":{\"@type\":\"EntryPoint\",\"urlTemplate\":\"https:\/\/datarecovery.ping.fm\/it\/?s={search_term_string}\"},\"query-input\":\"required name=search_term_string\"}],\"inLanguage\":\"it-IT\"}]}<\/script>\n<!-- \/ Yoast SEO plugin. -->","yoast_head_json":{"title":"Le migliori app per il recupero dati: Easeus Data Recovery VS Recoverit VS Stellar. Pro e contro nel 2024","robots":{"index":"index","follow":"follow","max-snippet":"max-snippet:-1","max-image-preview":"max-image-preview:large","max-video-preview":"max-video-preview:-1"},"canonical":"https:\/\/datarecovery.ping.fm\/it\/recoverit-stellar-easeus\/","og_locale":"it_IT","og_type":"article","og_title":"Le migliori app per il recupero dati: Easeus Data Recovery VS Recoverit VS Stellar. Pro e contro nel 2024","og_description":"Confronto tra Easeus Data Recovery, Recoverit e Stellar Quando si tratta di recupero dati, scegliere il giusto software pu\u00f2 fare la differenza tra successo e frustrazione. In questo articolo, confronteremo tre soluzioni popolari di recupero dati &#8211; Recoverit Data Recovery, Stellar Data Recovery e EaseUS Data Recovery &#8211; e discuteremo di un&#8217;altra opzione eccellente, Disk [&hellip;]","og_url":"https:\/\/datarecovery.ping.fm\/it\/recoverit-stellar-easeus\/","og_site_name":"Software di Recupero Dati","article_modified_time":"2024-02-29T18:23:36+00:00","og_image":[{"width":1280,"height":731,"url":"https:\/\/datarecovery.ping.fm\/wp-content\/uploads\/2024\/03\/Easeus-Data-Recovery-Vs-Recoverit-VS-Stellar-Italian.jpg","type":"image\/jpeg"}],"twitter_card":"summary_large_image","twitter_misc":{"Est. reading time":"3 minuti"},"schema":{"@context":"https:\/\/schema.org","@graph":[{"@type":"WebPage","@id":"https:\/\/datarecovery.ping.fm\/it\/recoverit-stellar-easeus\/","url":"https:\/\/datarecovery.ping.fm\/it\/recoverit-stellar-easeus\/","name":"Le migliori app per il recupero dati: Easeus Data Recovery VS Recoverit VS Stellar. Pro e contro nel 2024","isPartOf":{"@id":"https:\/\/datarecovery.ping.fm\/it\/#website"},"datePublished":"2024-01-14T12:47:06+00:00","dateModified":"2024-02-29T18:23:36+00:00","breadcrumb":{"@id":"https:\/\/datarecovery.ping.fm\/it\/recoverit-stellar-easeus\/#breadcrumb"},"inLanguage":"it-IT","potentialAction":[{"@type":"ReadAction","target":["https:\/\/datarecovery.ping.fm\/it\/recoverit-stellar-easeus\/"]}]},{"@type":"BreadcrumbList","@id":"https:\/\/datarecovery.ping.fm\/it\/recoverit-stellar-easeus\/#breadcrumb","itemListElement":[{"@type":"ListItem","position":1,"name":"Home","item":"https:\/\/datarecovery.ping.fm\/it\/"},{"@type":"ListItem","position":2,"name":"Easeus Data Recovery Vs Recoverit Vs Stellar"}]},{"@type":"WebSite","@id":"https:\/\/datarecovery.ping.fm\/it\/#website","url":"https:\/\/datarecovery.ping.fm\/it\/","name":"Software di Recupero Dati","description":"","potentialAction":[{"@type":"SearchAction","target":{"@type":"EntryPoint","urlTemplate":"https:\/\/datarecovery.ping.fm\/it\/?s={search_term_string}"},"query-input":"required name=search_term_string"}],"inLanguage":"it-IT"}]}},"_links":{"self":[{"href":"https:\/\/datarecovery.ping.fm\/it\/wp-json\/wp\/v2\/pages\/14997"}],"collection":[{"href":"https:\/\/datarecovery.ping.fm\/it\/wp-json\/wp\/v2\/pages"}],"about":[{"href":"https:\/\/datarecovery.ping.fm\/it\/wp-json\/wp\/v2\/types\/page"}],"author":[{"embeddable":true,"href":"https:\/\/datarecovery.ping.fm\/it\/wp-json\/wp\/v2\/users\/2"}],"replies":[{"embeddable":true,"href":"https:\/\/datarecovery.ping.fm\/it\/wp-json\/wp\/v2\/comments?post=14997"}],"version-history":[{"count":1,"href":"https:\/\/datarecovery.ping.fm\/it\/wp-json\/wp\/v2\/pages\/14997\/revisions"}],"predecessor-version":[{"id":28840,"href":"https:\/\/datarecovery.ping.fm\/it\/wp-json\/wp\/v2\/pages\/14997\/revisions\/28840"}],"wp:featuredmedia":[{"embeddable":true,"href":"https:\/\/datarecovery.ping.fm\/it\/wp-json\/wp\/v2\/media\/34821"}],"wp:attachment":[{"href":"https:\/\/datarecovery.ping.fm\/it\/wp-json\/wp\/v2\/media?parent=14997"}],"curies":[{"name":"wp","href":"https:\/\/api.w.org\/{rel}","templated":true}]}}