{"id":13573,"date":"2024-01-04T07:08:28","date_gmt":"2024-01-04T07:08:28","guid":{"rendered":"https:\/\/www.ping.fm\/data-recovery-software\/recover-micro-sd-card\/"},"modified":"2024-02-16T08:57:00","modified_gmt":"2024-02-16T08:57:00","slug":"recover-micro-sd-card","status":"publish","type":"page","link":"https:\/\/datarecovery.ping.fm\/it\/recover-micro-sd-card\/","title":{"rendered":"Recupero dati da una MicroSD cancellata"},"content":{"rendered":"<section>\n<h1>Come recuperare dati cancellati da una scheda microSD<\/h1>\n<div class=\"inbrief\">\n<div>             <img decoding=\"async\" decoding=\"async\" class=\"lazyload\"  srcset=\"data:image\/png;base64,iVBORw0KGgoAAAANSUhEUgAABLAAAAKkAQMAAAAqeFQ7AAAAA3NCSVQICAjb4U\/gAAAABlBMVEX\/\/\/\/\/\/\/9VfPVsAAAAAnRSTlMA\/1uRIrUAAAAJcEhZcwAACxIAAAsSAdLdfvwAAAAcdEVYdFNvZnR3YXJlAEFkb2JlIEZpcmV3b3JrcyBDUzbovLKMAAAAFnRFWHRDcmVhdGlvbi TU1bWUADAxLzI5LzE536V52wAAAHpJREFUeJztwQENAAAAwqD3T20ON6AAAAAAAAAAAAAAAAAAAAAAAAAAAAAAAAAAAAAAAAAAAAAAAAAAAAAAAAAAAAAAAAAAAAAAAAAAAAAAAAAAAAAAAAAAAAAAAAAAAAAAAAAAAAAAAAAAAAAAAAAAAAAAAAAAAIAHA47LAAHp9LjEAAAAAElFTkSuQmCC\" src=\"https:\/\/www.ping.fm\/data-recovery-software\/wp-content\/uploads\/ai\/How-to-Recover-Deleted-Data-from-a-MicroSD-Card-Italian.jpg\" data-srcset=\"https:\/\/www.ping.fm\/data-recovery-software\/wp-content\/uploads\/ai\/How-to-Recover-Deleted-Data-from-a-MicroSD-Card-Italian.jpg\" data-lazy-type=\"image\" data-original=\"https:\/\/www.ping.fm\/data-recovery-software\/wp-content\/uploads\/ai\/How-to-Recover-Deleted-Data-from-a-MicroSD-Card-Italian.jpg\" alt=\"Come recuperare dati cancellati da una scheda microSD\" title=\"Come recuperare dati cancellati da una scheda microSD\" width=\"1280\" height=\"720\">             <\/p>\n<p>Perdere dati da una scheda micro SD pu\u00f2 essere un&#8217;esperienza frustrante, spesso creando panico per la potenziale perdita di preziose foto, video o altri file importanti. Fortunatamente, ci sono diversi passaggi che puoi intraprendere per tentare il recupero dei dati da una scheda micro SD. Come qualcuno che ha attraversato il turbamento della perdita di dati e li ha recuperati con successo, ho compilato una guida personale per aiutarti a navigare questo processo. Ricorda, \u00e8 essenziale prima <a href=\"https:\/\/gamespec.tech\/how-to-check-health-of-an-sd-card-on-windows-and-mac\/\" rel=\"dofollow external noopener noreferrer\" target=\"_blank\" data-wpel-link=\"external\">verificare lo stato di salute<\/a> della tua scheda SD utilizzando fonti affidabili per comprendere lo stato della tua scheda prima di procedere con gli sforzi di recupero.<\/p>\n<\/div>\n<\/div>\n<\/section>\n<section>\n<div>\n<div>1<\/div>\n<h2>Scenari Comuni:<\/h2>\n<\/div>\n<h3>Cancellazione accidentale &#128465;<\/h3>\n<ul>\n<li>Uno <b>scenario<\/b> comune \u00e8 quando si cancellano inadvertitamente file o si formatta la scheda micro SD senza un backup.<\/li>\n<li>Questo pu\u00f2 spesso verificarsi quando si gestiscono file su uno smartphone o tramite l&#8217;interfaccia di lettura della scheda di un computer.<\/li>\n<\/ul>\n<h3>Corruzione o Danno &#128736;<\/h3>\n<ul>\n<li>La <b>corruzione<\/b> o il danno al file system della scheda SD possono verificarsi a causa di un&#8217;eiezione impropria o di un&#8217;interruzione improvvisa dell&#8217;alimentazione durante il trasferimento dei file.<\/li>\n<li>Questo pu\u00f2 rendere i dati inaccessibili e pu\u00f2 richiedere strumenti di recupero specializzati per la risoluzione.<\/li>\n<\/ul>\n<h3>Attacco di virus &#129440;<\/h3>\n<ul>\n<li>Gli attacchi di virus o malware possono anche portare alla perdita di dati corrompendo i file o rendendoli invisibili.<\/li>\n<li>Questi attacchi spesso accadono quando la scheda micro SD viene utilizzata su dispositivi multipli, potenzialmente non sicuri.<\/li>\n<\/ul>\n<\/section>\n<section class=\"stepByStep\">\n<div>\n<div>2<\/div>\n<h2>Guida Passo Dopo Passo. Recupero della Scheda Micro SD:<\/h2>\n<\/div>\n<h3>Metodo 1: Utilizzando gli strumenti integrati di Windows &#128736;<\/h3>\n<ul>\n<li>Collega la tua scheda micro SD a un computer Windows tramite un lettore di schede.<\/li>\n<li>Apri &#8216;Questo PC&#8217; e clicca con il tasto destro sulla scheda micro SD. Seleziona &#8216;Propriet\u00e0&#8217; e poi la scheda &#8216;Strumenti&#8217;.<\/li>\n<li>Clicca sul pulsante &#8216;Controlla&#8217; nella sezione Controllo degli errori per scansionare la scheda micro SD per errori del file system.<\/li>\n<\/ul>\n<p><b>Nota:<\/b> Questo metodo potrebbe non recuperare tutti i file persi ma pu\u00f2 risolvere alcuni problemi che causano l&#8217;invisibilit\u00e0 dei file.<\/p>\n<p><b>Conclusione:<\/b> Un metodo veloce e semplice se i dati non sono visibilmente cancellati o corrotti.<\/p>\n<h3>Metodo 2: Utilizzando Cronologia File &#128218;<\/h3>\n<ul>\n<li>Assicurati che la scheda micro SD sia stata utilizzata con un computer Windows che aveva attivato il backup della <b>Cronologia File<\/b>.<\/li>\n<li>Vai su &#8216;Impostazioni&#8217; > &#8216;Aggiornamento e sicurezza&#8217; > &#8216;Backup&#8217; e seleziona &#8216;Altre opzioni&#8217; sotto &#8216;Esegui backup con Cronologia File&#8217;.<\/li>\n<li>Clicca su &#8216;Ripristina file da un backup attuale&#8217; e segui le istruzioni per ripristinare i dati.<\/li>\n<\/ul>\n<p><a href=\"https:\/\/support.microsoft.com\/en-us\/windows\/back-up-and-restore-your-pc-ac359b3b-274a-a0f4-10f6e2b407b6\" rel=\"nofollow external noopener noreferrer\" target=\"_blank\" data-wpel-link=\"external\">Scopri di pi\u00f9 sulla Cronologia File<\/a><\/p>\n<p><b>Nota:<\/b> La Cronologia File deve essere stata attivata prima della perdita di dati.<\/p>\n<p><b>Conclusione:<\/b> Ideale per coloro che hanno un backup precedente dei loro dati su Windows.<\/p>\n<h3>Metodo 3: Utilizzando PhotoRec &#128444;<\/h3>\n<ul>\n<li><a href=\"https:\/\/www.ccleaner.com\/recuva\" rel=\"nofollow external noopener noreferrer\" target=\"_blank\" data-wpel-link=\"external\">Scarica<\/a> e installa il software open-source PhotoRec.<\/li>\n<li>Esegui PhotoRec e seleziona la tua scheda micro SD dall&#8217;elenco delle unit\u00e0.<\/li>\n<li>Segui le istruzioni del software per scegliere tipi di file e opzioni di recupero, poi inizia la scansione.<\/li>\n<\/ul>\n<p><b>Nota:<\/b> PhotoRec pu\u00f2 recuperare una variet\u00e0 di formati di file senza la necessit\u00e0 che il file system sia integro.<\/p>\n<p><b>Conclusione:<\/b> Uno strumento potente per il recupero dei file, specialmente se il file system della scheda \u00e8 danneggiato.<\/p>\n<h3>Metodo 4: Utilizzando Recuva &#128640;<\/h3>\n<ul>\n<li>Scarica e installa Recuva, uno strumento di recupero dati freemium.<\/li>\n<li>Seleziona la scheda micro SD come ubicazione per la scansione dall&#8217;interfaccia principale di Recuva.<\/li>\n<li>Permetti al software di eseguire la scansione e poi seleziona i file che desideri recuperare.<\/li>\n<\/ul>\n<p><b>Nota:<\/b> La versione gratuita offre un recupero di file di base, mentre la versione a pagamento include opzioni di recupero avanzate.<\/p>\n<p><b>Conclusione:<\/b> Un&#8217;interfaccia utente intuitiva e buone percentuali di recupero rendono Recuva una scelta popolare.<\/p>\n<h3>Metodo 5: Utilizzando Disk Drill &#128738;<\/h3>\n<ul>\n<li>Installa il software di recupero dati Disk Drill.<\/li>\n<li>Apri Disk Drill e seleziona la scheda micro SD dall&#8217;elenco dei dischi.<\/li>\n<li>Clicca sul pulsante &#8216;Recupera&#8217; accanto alla scheda micro SD e attendi che la scansione sia completata.<\/li>\n<li>Anteprima dei file che possono essere recuperati e seleziona quelli che desideri recuperare.<\/li>\n<\/ul>\n<p><b>Nota:<\/b> Disk Drill offre anche altri strumenti per il disco gratuiti, come il monitoraggio della salute del disco.<\/p>\n<p><b>Conclusione:<\/b> Con una semplice interfaccia e potenti algoritmi di scansione, Disk Drill \u00e8 un forte concorrente nel recupero dati.<\/p>\n<\/section>\n<section>\n<div>\n<div>3<\/div>\n<h2>Video su Youtube da guardare<\/h2>\n<\/div>\n<div class=\"iframe\"><span class=\"lazyload\" data-original_content=\"PGlmcmFtZSB3aWR0aD0iNDIwIiBoZWlnaHQ9IjMxNSIgc3JjPSIvL3d3dy55b3V0dWJlLmNvbS9lbWJlZC9seHdxUHNLYUdtbyIgZnJhbWVib3JkZXI9IjAiIGFsbG93ZnVsbHNjcmVlbj48L2lmcmFtZT4=\"><\/span><\/div>\n<\/section>\n<section>\n<div>\n<div>4<\/div>\n<h2>Misure precauzionali e consigli:<\/h2>\n<\/div>\n<h3>Proteggi i tuoi dati &#128737;<\/h3>\n<ul>\n<li>Effettua sempre il <b>backup<\/b> dei file importanti su pi\u00f9 posizioni, inclusi lo storage cloud e i dispositivi esterni.<\/li>\n<li>Espelli le schede SD utilizzando la funzione &#8220;Rimozione sicura dell&#8217;hardware&#8221; per prevenire la corruzione.<\/li>\n<li>Mantieni i tuoi dispositivi aggiornati con le ultime patch di sicurezza per proteggerti da malware e virus.<\/li>\n<\/ul>\n<\/section>\n<section>\n<div>\n<div>5<\/div>\n<h2>Considerazioni legali ed etiche<\/h2>\n<\/div>\n<p>\u00c8 fondamentale tenere presente le <b>considerazioni legali ed etiche<\/b>. Ad esempio, se stai cercando di recuperare dati per qualcun altro, assicurati di avere il loro esplicito consenso. Inoltre, il processo di recupero dati non deve violare le leggi sul copyright&#8212;\u00e8 illegale recuperare e utilizzare file per i quali non si detengono i diritti.<\/p>\n<p>Alcune cause della perdita di dati sono prevenibili con la giusta attenzione. Ad esempio, evitare di esporre la micro SD a temperature estreme, campi magnetici o shock fisici pu\u00f2 prolungarne la vita. Utilizza strumenti come il software antivirus e stabilisci l&#8217;abitudine di scollegare i dispositivi in modo sicuro, il che pu\u00f2 ridurre il rischio di corruzione e danneggiamento.<\/p>\n<\/section>\n<section>\n<h2>Conclusione:<\/h2>\n<div class=\"nonp\">\n<p>In conclusione, recuperare dati da una micro SD pu\u00f2 essere un compito difficile, ma non impossibile. Con gli strumenti e i metodi appropriati, spesso \u00e8 possibile recuperare i file persi. La chiave \u00e8 agire rapidamente e utilizzare strategie affidabili per ripristinare i tuoi dati in modo sicuro. E ricorda, la migliore difesa contro la perdita di dati \u00e8 una buona strategia di backup. Mettendo in atto misure preventive, come backup regolari e una gestione sicura, puoi mitigare il rischio di future perdite di dati. Nel caso sfortunato in cui tu debba affrontare una perdita di dati, i metodi sopracitati forniscono un punto di partenza completo per il recupero dei dati. Sii diligente e buona fortuna con i tuoi sforzi di recupero dati!<\/p>\n<\/div>\n<\/section>\n","protected":false},"excerpt":{"rendered":"<p>Come recuperare dati cancellati da una scheda microSD Perdere dati da una scheda micro SD pu\u00f2 essere un&#8217;esperienza frustrante, spesso creando panico per la potenziale perdita di preziose foto, video o altri file importanti. Fortunatamente, ci sono diversi passaggi che puoi intraprendere per tentare il recupero dei dati da una scheda micro SD. Come qualcuno [&hellip;]<\/p>\n","protected":false},"author":2,"featured_media":34714,"parent":0,"menu_order":0,"comment_status":"closed","ping_status":"closed","template":"chromecast.php","meta":{"_stopmodifiedupdate":false,"_modified_date":"","_lmt_disableupdate":"yes","_lmt_disable":""},"acf":[],"yoast_head":"<!-- This site is optimized with the Yoast SEO plugin v20.9 - https:\/\/yoast.com\/wordpress\/plugins\/seo\/ -->\n<title>Come recuperare dati cancellati da una MicroSD [Guida] - Italiano<\/title>\n<meta name=\"robots\" content=\"index, follow, max-snippet:-1, max-image-preview:large, max-video-preview:-1\" \/>\n<link rel=\"canonical\" href=\"https:\/\/datarecovery.ping.fm\/it\/recover-micro-sd-card\/\" \/>\n<meta property=\"og:locale\" content=\"it_IT\" \/>\n<meta property=\"og:type\" content=\"article\" \/>\n<meta property=\"og:title\" content=\"Come recuperare dati cancellati da una MicroSD [Guida] - Italiano\" \/>\n<meta property=\"og:description\" content=\"Come recuperare dati cancellati da una scheda microSD Perdere dati da una scheda micro SD pu\u00f2 essere un&#8217;esperienza frustrante, spesso creando panico per la potenziale perdita di preziose foto, video o altri file importanti. Fortunatamente, ci sono diversi passaggi che puoi intraprendere per tentare il recupero dei dati da una scheda micro SD. Come qualcuno [&hellip;]\" \/>\n<meta property=\"og:url\" content=\"https:\/\/datarecovery.ping.fm\/it\/recover-micro-sd-card\/\" \/>\n<meta property=\"og:site_name\" content=\"Software di Recupero Dati\" \/>\n<meta property=\"article:modified_time\" content=\"2024-02-16T08:57:00+00:00\" \/>\n<meta property=\"og:image\" content=\"https:\/\/datarecovery.ping.fm\/wp-content\/uploads\/2024\/03\/How-to-Recover-Deleted-Data-from-a-MicroSD-Card-Italian.jpg\" \/>\n\t<meta property=\"og:image:width\" content=\"1280\" \/>\n\t<meta property=\"og:image:height\" content=\"731\" \/>\n\t<meta property=\"og:image:type\" content=\"image\/jpeg\" \/>\n<meta name=\"twitter:card\" content=\"summary_large_image\" \/>\n<meta name=\"twitter:label1\" content=\"Est. reading time\" \/>\n\t<meta name=\"twitter:data1\" content=\"5 minuti\" \/>\n<script type=\"application\/ld+json\" class=\"yoast-schema-graph\">{\"@context\":\"https:\/\/schema.org\",\"@graph\":[{\"@type\":\"WebPage\",\"@id\":\"https:\/\/datarecovery.ping.fm\/it\/recover-micro-sd-card\/\",\"url\":\"https:\/\/datarecovery.ping.fm\/it\/recover-micro-sd-card\/\",\"name\":\"Come recuperare dati cancellati da una MicroSD [Guida] - Italiano\",\"isPartOf\":{\"@id\":\"https:\/\/datarecovery.ping.fm\/it\/#website\"},\"datePublished\":\"2024-01-04T07:08:28+00:00\",\"dateModified\":\"2024-02-16T08:57:00+00:00\",\"breadcrumb\":{\"@id\":\"https:\/\/datarecovery.ping.fm\/it\/recover-micro-sd-card\/#breadcrumb\"},\"inLanguage\":\"it-IT\",\"potentialAction\":[{\"@type\":\"ReadAction\",\"target\":[\"https:\/\/datarecovery.ping.fm\/it\/recover-micro-sd-card\/\"]}]},{\"@type\":\"BreadcrumbList\",\"@id\":\"https:\/\/datarecovery.ping.fm\/it\/recover-micro-sd-card\/#breadcrumb\",\"itemListElement\":[{\"@type\":\"ListItem\",\"position\":1,\"name\":\"Home\",\"item\":\"https:\/\/datarecovery.ping.fm\/it\/\"},{\"@type\":\"ListItem\",\"position\":2,\"name\":\"Recupero dati da una MicroSD cancellata\"}]},{\"@type\":\"WebSite\",\"@id\":\"https:\/\/datarecovery.ping.fm\/it\/#website\",\"url\":\"https:\/\/datarecovery.ping.fm\/it\/\",\"name\":\"Software di Recupero Dati\",\"description\":\"\",\"potentialAction\":[{\"@type\":\"SearchAction\",\"target\":{\"@type\":\"EntryPoint\",\"urlTemplate\":\"https:\/\/datarecovery.ping.fm\/it\/?s={search_term_string}\"},\"query-input\":\"required name=search_term_string\"}],\"inLanguage\":\"it-IT\"}]}<\/script>\n<!-- \/ Yoast SEO plugin. -->","yoast_head_json":{"title":"Come recuperare dati cancellati da una MicroSD [Guida] - Italiano","robots":{"index":"index","follow":"follow","max-snippet":"max-snippet:-1","max-image-preview":"max-image-preview:large","max-video-preview":"max-video-preview:-1"},"canonical":"https:\/\/datarecovery.ping.fm\/it\/recover-micro-sd-card\/","og_locale":"it_IT","og_type":"article","og_title":"Come recuperare dati cancellati da una MicroSD [Guida] - Italiano","og_description":"Come recuperare dati cancellati da una scheda microSD Perdere dati da una scheda micro SD pu\u00f2 essere un&#8217;esperienza frustrante, spesso creando panico per la potenziale perdita di preziose foto, video o altri file importanti. Fortunatamente, ci sono diversi passaggi che puoi intraprendere per tentare il recupero dei dati da una scheda micro SD. Come qualcuno [&hellip;]","og_url":"https:\/\/datarecovery.ping.fm\/it\/recover-micro-sd-card\/","og_site_name":"Software di Recupero Dati","article_modified_time":"2024-02-16T08:57:00+00:00","og_image":[{"width":1280,"height":731,"url":"https:\/\/datarecovery.ping.fm\/wp-content\/uploads\/2024\/03\/How-to-Recover-Deleted-Data-from-a-MicroSD-Card-Italian.jpg","type":"image\/jpeg"}],"twitter_card":"summary_large_image","twitter_misc":{"Est. reading time":"5 minuti"},"schema":{"@context":"https:\/\/schema.org","@graph":[{"@type":"WebPage","@id":"https:\/\/datarecovery.ping.fm\/it\/recover-micro-sd-card\/","url":"https:\/\/datarecovery.ping.fm\/it\/recover-micro-sd-card\/","name":"Come recuperare dati cancellati da una MicroSD [Guida] - Italiano","isPartOf":{"@id":"https:\/\/datarecovery.ping.fm\/it\/#website"},"datePublished":"2024-01-04T07:08:28+00:00","dateModified":"2024-02-16T08:57:00+00:00","breadcrumb":{"@id":"https:\/\/datarecovery.ping.fm\/it\/recover-micro-sd-card\/#breadcrumb"},"inLanguage":"it-IT","potentialAction":[{"@type":"ReadAction","target":["https:\/\/datarecovery.ping.fm\/it\/recover-micro-sd-card\/"]}]},{"@type":"BreadcrumbList","@id":"https:\/\/datarecovery.ping.fm\/it\/recover-micro-sd-card\/#breadcrumb","itemListElement":[{"@type":"ListItem","position":1,"name":"Home","item":"https:\/\/datarecovery.ping.fm\/it\/"},{"@type":"ListItem","position":2,"name":"Recupero dati da una MicroSD cancellata"}]},{"@type":"WebSite","@id":"https:\/\/datarecovery.ping.fm\/it\/#website","url":"https:\/\/datarecovery.ping.fm\/it\/","name":"Software di Recupero Dati","description":"","potentialAction":[{"@type":"SearchAction","target":{"@type":"EntryPoint","urlTemplate":"https:\/\/datarecovery.ping.fm\/it\/?s={search_term_string}"},"query-input":"required name=search_term_string"}],"inLanguage":"it-IT"}]}},"_links":{"self":[{"href":"https:\/\/datarecovery.ping.fm\/it\/wp-json\/wp\/v2\/pages\/13573"}],"collection":[{"href":"https:\/\/datarecovery.ping.fm\/it\/wp-json\/wp\/v2\/pages"}],"about":[{"href":"https:\/\/datarecovery.ping.fm\/it\/wp-json\/wp\/v2\/types\/page"}],"author":[{"embeddable":true,"href":"https:\/\/datarecovery.ping.fm\/it\/wp-json\/wp\/v2\/users\/2"}],"replies":[{"embeddable":true,"href":"https:\/\/datarecovery.ping.fm\/it\/wp-json\/wp\/v2\/comments?post=13573"}],"version-history":[{"count":1,"href":"https:\/\/datarecovery.ping.fm\/it\/wp-json\/wp\/v2\/pages\/13573\/revisions"}],"predecessor-version":[{"id":34713,"href":"https:\/\/datarecovery.ping.fm\/it\/wp-json\/wp\/v2\/pages\/13573\/revisions\/34713"}],"wp:featuredmedia":[{"embeddable":true,"href":"https:\/\/datarecovery.ping.fm\/it\/wp-json\/wp\/v2\/media\/34714"}],"wp:attachment":[{"href":"https:\/\/datarecovery.ping.fm\/it\/wp-json\/wp\/v2\/media?parent=13573"}],"curies":[{"name":"wp","href":"https:\/\/api.w.org\/{rel}","templated":true}]}}